{"id":1882901,"date":"2026-04-12T14:55:15","date_gmt":"2026-04-12T12:55:15","guid":{"rendered":"https:\/\/dev6.erresse-shop.it\/shop\/sin%20categor\u00eda\/seletti-espejo-pixel-mirror-bomb\/"},"modified":"2025-09-14T11:01:46","modified_gmt":"2025-09-14T09:01:46","slug":"seletti-espejo-pixel-mirror-bomb","status":"publish","type":"product","link":"https:\/\/dev6.erresse-shop.it\/es\/shop\/mobiliario\/articulos-de-decoracion\/seletti-espejo-pixel-mirror-bomb\/","title":{"rendered":"SELETTI Espejo Pixel Mirror Bomb"},"content":{"rendered":"<p>Un espejo Pixel Art para todos los aficionados a las artes gr\u00e1ficas y a la cultura pop, para los amantes de los videojuegos y, m\u00e1s en general, \u00a1para todos aquellos que Magnete objetos ins\u00f3litos! El artista milan\u00e9s Roberto Bruno explora la est\u00e9tica virtual, transformando el marco de este Espejo en una imagen digital. Los numerosos cuadrados yuxtapuestos a diferentes alturas crean una forma original y desestructurada.<\/p>\n<p>Roberto Bruno comenz\u00f3 su carrera investigadora en las artes visuales fascinado por la est\u00e9tica digital, creando un lenguaje surrealista con implicaciones existenciales. Ha creado aplicaciones web extravagantes y ultrainnovadoras para grandes marcas como Nike, Prada, miu miu y Toiletpaper.<\/p>\n<p>Espejito, espejito, \u00bfqui\u00e9n es la m\u00e1s bella de todas? Para Roberto Bruno, el Espejo es un manifiesto de la \u00e9poca hedonista y solipsista en la que vivimos. El Pixel Mirror crea un mundo surrealista que choca de lleno con nuestra sociedad de la imagen contempor\u00e1nea. El Pixel Mirror se convierte en testigo de un mundo m\u00e1gico en el que toda ilusi\u00f3n es posible.<\/p>\n<p>El Pixel Mirror ilustra el di\u00e1logo constante entre autor y espectador que forma parte integrante de la obra art\u00edstica de Roberto Bruno. Todo cambia, nada permanece igual, como este marco de p\u00edxeles en constante cambio que se transforma seg\u00fan el \u00e1ngulo desde el que se observe. El espectador ve p\u00edxeles diferentes seg\u00fan su posici\u00f3n. La imagen del marco se reconstituye a medida que uno se aleja, dando al Espejo una impresi\u00f3n de relieve y, por tanto, de realidad espacial.<\/p>\n<p>El marco del Pixel Mirror es de MDF lacado. El espejo Pixel de Seletti confiere una presencia original al vest\u00edbulo, al sal\u00f3n, al cuarto de ba\u00f1o o al dormitorio\u2026<\/p>\n<p>Dise\u00f1ador : Roberto Bruno<br \/>\nProducto : Espejo de pared<br \/>\nColor : Gris<br \/>\nMaterial : Marco: MDF \u2013 Cristal<br \/>\nDimensiones : 55,5 x 60 cm<br \/>\nPeso : 2.15 kg<br \/>\nFecha del proyecto : 2024<\/p>\n","protected":false},"excerpt":{"rendered":"<p>Un espejo Pixel Art para todos los aficionados a las artes gr\u00e1ficas y a la cultura pop, para los amantes de los videojuegos y, m\u00e1s en general, \u00a1para todos aquellos que Magnete objetos ins\u00f3litos! El artista milan\u00e9s Roberto Bruno explora la est\u00e9tica virtual, transformando el marco de este Espejo en una imagen digital. Los numerosos [&hellip;]<\/p>\n","protected":false},"featured_media":6381558,"template":"","meta":{"_acf_changed":false},"product_cat":[11666,11913,11882],"product_tag":[],"class_list":{"0":"post-1882901","1":"product","2":"type-product","3":"status-publish","4":"has-post-thumbnail","6":"product_cat-arredamento-casa","7":"product_cat-articulos-de-decoracion","8":"product_cat-mobiliario","10":"first","11":"instock","12":"sale","13":"taxable","14":"shipping-taxable","15":"purchasable","16":"product-type-simple","swatches":"rey-swatches","show_selected":"","stretch_labels":"rey-swatches--stretch-labels"},"acf":[],"yoast_head":"<!-- This site is optimized with the Yoast SEO plugin v25.4 - https:\/\/yoast.com\/wordpress\/plugins\/seo\/ -->\n<title>SELETTI Espejo Pixel Mirror Bomb - dev6 Erresse<\/title>\n<meta name=\"description\" content=\"Un espejo Pixel Art para todos los aficionados a las artes gr\u00e1ficas y a la cultura pop, para los amantes de los videojuegos y, m\u00e1s en general, \u00a1para todos\" \/>\n<meta name=\"robots\" content=\"noindex, follow, max-snippet:-1, max-image-preview:large, max-video-preview:-1\" \/>\n<meta property=\"og:locale\" content=\"es_ES\" \/>\n<meta property=\"og:type\" content=\"article\" \/>\n<meta property=\"og:title\" content=\"SELETTI Espejo Pixel Mirror Bomb - dev6 Erresse\" \/>\n<meta property=\"og:description\" content=\"Un espejo Pixel Art para todos los aficionados a las artes gr\u00e1ficas y a la cultura pop, para los amantes de los videojuegos y, m\u00e1s en general, \u00a1para todos\" \/>\n<meta property=\"og:url\" content=\"https:\/\/dev6.erresse-shop.it\/es\/shop\/mobiliario\/articulos-de-decoracion\/seletti-espejo-pixel-mirror-bomb\/\" \/>\n<meta property=\"og:site_name\" content=\"dev6 Erresse\" \/>\n<meta property=\"og:image\" content=\"https:\/\/interpim.erresse-shop.it\/img-catalogo\/seletti\/seletti-pixel-mirror-bomb.jpg\" \/><meta property=\"og:image\" content=\"https:\/\/interpim.erresse-shop.it\/img-catalogo\/seletti\/seletti-pixel-mirror-bomb.jpg\" \/>\n\t<meta property=\"og:image:width\" content=\"1024\" \/>\n\t<meta property=\"og:image:height\" content=\"1024\" \/>\n\t<meta property=\"og:image:type\" content=\"image\/jpeg\" \/>\n<meta name=\"twitter:card\" content=\"summary_large_image\" \/>\n<meta name=\"twitter:image\" content=\"https:\/\/interpim.erresse-shop.it\/img-catalogo\/seletti\/seletti-pixel-mirror-bomb.jpg\" \/>\n<script type=\"application\/ld+json\" class=\"yoast-schema-graph\">{\"@context\":\"https:\/\/schema.org\",\"@graph\":[{\"@type\":\"WebPage\",\"@id\":\"https:\/\/dev6.erresse-shop.it\/es\/shop\/mobiliario\/articulos-de-decoracion\/seletti-espejo-pixel-mirror-bomb\/\",\"url\":\"https:\/\/dev6.erresse-shop.it\/es\/shop\/mobiliario\/articulos-de-decoracion\/seletti-espejo-pixel-mirror-bomb\/\",\"name\":\"SELETTI Espejo Pixel Mirror Bomb - dev6 Erresse\",\"isPartOf\":{\"@id\":\"https:\/\/dev6.erresse-shop.it\/#website\"},\"primaryImageOfPage\":{\"@id\":\"https:\/\/dev6.erresse-shop.it\/es\/shop\/mobiliario\/articulos-de-decoracion\/seletti-espejo-pixel-mirror-bomb\/#primaryimage\"},\"image\":{\"@id\":\"https:\/\/dev6.erresse-shop.it\/es\/shop\/mobiliario\/articulos-de-decoracion\/seletti-espejo-pixel-mirror-bomb\/#primaryimage\"},\"thumbnailUrl\":\"https:\/\/i2.wp.com\/interpim.erresse-shop.it\/img-catalogo\/seletti\/seletti-pixel-mirror-bomb.jpg?ssl=1\",\"datePublished\":\"2026-04-12T12:55:15+00:00\",\"description\":\"Un espejo Pixel Art para todos los aficionados a las artes gr\u00e1ficas y a la cultura pop, para los amantes de los videojuegos y, m\u00e1s en general, \u00a1para todos\",\"breadcrumb\":{\"@id\":\"https:\/\/dev6.erresse-shop.it\/es\/shop\/mobiliario\/articulos-de-decoracion\/seletti-espejo-pixel-mirror-bomb\/#breadcrumb\"},\"inLanguage\":\"es\",\"potentialAction\":[{\"@type\":\"ReadAction\",\"target\":[\"https:\/\/dev6.erresse-shop.it\/es\/shop\/mobiliario\/articulos-de-decoracion\/seletti-espejo-pixel-mirror-bomb\/\"]}]},{\"@type\":\"ImageObject\",\"inLanguage\":\"es\",\"@id\":\"https:\/\/dev6.erresse-shop.it\/es\/shop\/mobiliario\/articulos-de-decoracion\/seletti-espejo-pixel-mirror-bomb\/#primaryimage\",\"url\":\"https:\/\/i2.wp.com\/interpim.erresse-shop.it\/img-catalogo\/seletti\/seletti-pixel-mirror-bomb.jpg?ssl=1\",\"contentUrl\":\"https:\/\/i2.wp.com\/interpim.erresse-shop.it\/img-catalogo\/seletti\/seletti-pixel-mirror-bomb.jpg?ssl=1\"},{\"@type\":\"BreadcrumbList\",\"@id\":\"https:\/\/dev6.erresse-shop.it\/es\/shop\/mobiliario\/articulos-de-decoracion\/seletti-espejo-pixel-mirror-bomb\/#breadcrumb\",\"itemListElement\":[{\"@type\":\"ListItem\",\"position\":1,\"name\":\"Home\",\"item\":\"https:\/\/dev6.erresse-shop.it\/\"},{\"@type\":\"ListItem\",\"position\":2,\"name\":\"Tienda\",\"item\":\"https:\/\/dev6.erresse-shop.it\/shop\/\"},{\"@type\":\"ListItem\",\"position\":3,\"name\":\"SELETTI Espejo Pixel Mirror Bomb\"}]},{\"@type\":\"WebSite\",\"@id\":\"https:\/\/dev6.erresse-shop.it\/#website\",\"url\":\"https:\/\/dev6.erresse-shop.it\/\",\"name\":\"Erresse Shop\",\"description\":\"\",\"publisher\":{\"@id\":\"https:\/\/dev6.erresse-shop.it\/#organization\"},\"potentialAction\":[{\"@type\":\"SearchAction\",\"target\":{\"@type\":\"EntryPoint\",\"urlTemplate\":\"https:\/\/dev6.erresse-shop.it\/?s={search_term_string}\"},\"query-input\":{\"@type\":\"PropertyValueSpecification\",\"valueRequired\":true,\"valueName\":\"search_term_string\"}}],\"inLanguage\":\"es\"},{\"@type\":\"Organization\",\"@id\":\"https:\/\/dev6.erresse-shop.it\/#organization\",\"name\":\"Erresse Shop\",\"url\":\"https:\/\/dev6.erresse-shop.it\/\",\"logo\":{\"@type\":\"ImageObject\",\"inLanguage\":\"es\",\"@id\":\"https:\/\/dev6.erresse-shop.it\/#\/schema\/logo\/image\/\",\"url\":\"https:\/\/dev6.erresse-shop.it\/wp-content\/uploads\/2025\/01\/LOGO-ERRESSE-CLASSICO.svg\",\"contentUrl\":\"https:\/\/dev6.erresse-shop.it\/wp-content\/uploads\/2025\/01\/LOGO-ERRESSE-CLASSICO.svg\",\"caption\":\"Erresse Shop\"},\"image\":{\"@id\":\"https:\/\/dev6.erresse-shop.it\/#\/schema\/logo\/image\/\"}}]}<\/script>\n<!-- \/ Yoast SEO plugin. -->","yoast_head_json":{"title":"SELETTI Espejo Pixel Mirror Bomb - dev6 Erresse","description":"Un espejo Pixel Art para todos los aficionados a las artes gr\u00e1ficas y a la cultura pop, para los amantes de los videojuegos y, m\u00e1s en general, \u00a1para todos","robots":{"index":"noindex","follow":"follow","max-snippet":"max-snippet:-1","max-image-preview":"max-image-preview:large","max-video-preview":"max-video-preview:-1"},"og_locale":"es_ES","og_type":"article","og_title":"SELETTI Espejo Pixel Mirror Bomb - dev6 Erresse","og_description":"Un espejo Pixel Art para todos los aficionados a las artes gr\u00e1ficas y a la cultura pop, para los amantes de los videojuegos y, m\u00e1s en general, \u00a1para todos","og_url":"https:\/\/dev6.erresse-shop.it\/es\/shop\/mobiliario\/articulos-de-decoracion\/seletti-espejo-pixel-mirror-bomb\/","og_site_name":"dev6 Erresse","og_image":[{"url":"https:\/\/interpim.erresse-shop.it\/img-catalogo\/seletti\/seletti-pixel-mirror-bomb.jpg","type":"","width":"","height":""},{"url":"https:\/\/interpim.erresse-shop.it\/img-catalogo\/seletti\/seletti-pixel-mirror-bomb.jpg","width":1024,"height":1024,"type":"image\/jpeg"}],"twitter_card":"summary_large_image","twitter_image":"https:\/\/interpim.erresse-shop.it\/img-catalogo\/seletti\/seletti-pixel-mirror-bomb.jpg","schema":{"@context":"https:\/\/schema.org","@graph":[{"@type":"WebPage","@id":"https:\/\/dev6.erresse-shop.it\/es\/shop\/mobiliario\/articulos-de-decoracion\/seletti-espejo-pixel-mirror-bomb\/","url":"https:\/\/dev6.erresse-shop.it\/es\/shop\/mobiliario\/articulos-de-decoracion\/seletti-espejo-pixel-mirror-bomb\/","name":"SELETTI Espejo Pixel Mirror Bomb - dev6 Erresse","isPartOf":{"@id":"https:\/\/dev6.erresse-shop.it\/#website"},"primaryImageOfPage":{"@id":"https:\/\/dev6.erresse-shop.it\/es\/shop\/mobiliario\/articulos-de-decoracion\/seletti-espejo-pixel-mirror-bomb\/#primaryimage"},"image":{"@id":"https:\/\/dev6.erresse-shop.it\/es\/shop\/mobiliario\/articulos-de-decoracion\/seletti-espejo-pixel-mirror-bomb\/#primaryimage"},"thumbnailUrl":"https:\/\/i2.wp.com\/interpim.erresse-shop.it\/img-catalogo\/seletti\/seletti-pixel-mirror-bomb.jpg?ssl=1","datePublished":"2026-04-12T12:55:15+00:00","description":"Un espejo Pixel Art para todos los aficionados a las artes gr\u00e1ficas y a la cultura pop, para los amantes de los videojuegos y, m\u00e1s en general, \u00a1para todos","breadcrumb":{"@id":"https:\/\/dev6.erresse-shop.it\/es\/shop\/mobiliario\/articulos-de-decoracion\/seletti-espejo-pixel-mirror-bomb\/#breadcrumb"},"inLanguage":"es","potentialAction":[{"@type":"ReadAction","target":["https:\/\/dev6.erresse-shop.it\/es\/shop\/mobiliario\/articulos-de-decoracion\/seletti-espejo-pixel-mirror-bomb\/"]}]},{"@type":"ImageObject","inLanguage":"es","@id":"https:\/\/dev6.erresse-shop.it\/es\/shop\/mobiliario\/articulos-de-decoracion\/seletti-espejo-pixel-mirror-bomb\/#primaryimage","url":"https:\/\/i2.wp.com\/interpim.erresse-shop.it\/img-catalogo\/seletti\/seletti-pixel-mirror-bomb.jpg?ssl=1","contentUrl":"https:\/\/i2.wp.com\/interpim.erresse-shop.it\/img-catalogo\/seletti\/seletti-pixel-mirror-bomb.jpg?ssl=1"},{"@type":"BreadcrumbList","@id":"https:\/\/dev6.erresse-shop.it\/es\/shop\/mobiliario\/articulos-de-decoracion\/seletti-espejo-pixel-mirror-bomb\/#breadcrumb","itemListElement":[{"@type":"ListItem","position":1,"name":"Home","item":"https:\/\/dev6.erresse-shop.it\/"},{"@type":"ListItem","position":2,"name":"Tienda","item":"https:\/\/dev6.erresse-shop.it\/shop\/"},{"@type":"ListItem","position":3,"name":"SELETTI Espejo Pixel Mirror Bomb"}]},{"@type":"WebSite","@id":"https:\/\/dev6.erresse-shop.it\/#website","url":"https:\/\/dev6.erresse-shop.it\/","name":"Erresse Shop","description":"","publisher":{"@id":"https:\/\/dev6.erresse-shop.it\/#organization"},"potentialAction":[{"@type":"SearchAction","target":{"@type":"EntryPoint","urlTemplate":"https:\/\/dev6.erresse-shop.it\/?s={search_term_string}"},"query-input":{"@type":"PropertyValueSpecification","valueRequired":true,"valueName":"search_term_string"}}],"inLanguage":"es"},{"@type":"Organization","@id":"https:\/\/dev6.erresse-shop.it\/#organization","name":"Erresse Shop","url":"https:\/\/dev6.erresse-shop.it\/","logo":{"@type":"ImageObject","inLanguage":"es","@id":"https:\/\/dev6.erresse-shop.it\/#\/schema\/logo\/image\/","url":"https:\/\/dev6.erresse-shop.it\/wp-content\/uploads\/2025\/01\/LOGO-ERRESSE-CLASSICO.svg","contentUrl":"https:\/\/dev6.erresse-shop.it\/wp-content\/uploads\/2025\/01\/LOGO-ERRESSE-CLASSICO.svg","caption":"Erresse Shop"},"image":{"@id":"https:\/\/dev6.erresse-shop.it\/#\/schema\/logo\/image\/"}}]}},"df_price":119,"df_sale_price":119,"df_regular_price":149,"df_image_link":"https:\/\/i2.wp.com\/interpim.erresse-shop.it\/img-catalogo\/seletti\/seletti-pixel-mirror-bomb.jpg?resize=300,300&ssl=1","fifu_image_url":"https:\/\/interpim.erresse-shop.it\/img-catalogo\/seletti\/seletti-pixel-mirror-bomb.jpg","_links":{"self":[{"href":"https:\/\/dev6.erresse-shop.it\/es\/wp-json\/wp\/v2\/product\/1882901","targetHints":{"allow":["GET"]}}],"collection":[{"href":"https:\/\/dev6.erresse-shop.it\/es\/wp-json\/wp\/v2\/product"}],"about":[{"href":"https:\/\/dev6.erresse-shop.it\/es\/wp-json\/wp\/v2\/types\/product"}],"wp:featuredmedia":[{"embeddable":true,"href":"https:\/\/dev6.erresse-shop.it\/es\/wp-json\/wp\/v2\/media\/6381558"}],"wp:attachment":[{"href":"https:\/\/dev6.erresse-shop.it\/es\/wp-json\/wp\/v2\/media?parent=1882901"}],"wp:term":[{"taxonomy":"product_cat","embeddable":true,"href":"https:\/\/dev6.erresse-shop.it\/es\/wp-json\/wp\/v2\/product_cat?post=1882901"},{"taxonomy":"product_tag","embeddable":true,"href":"https:\/\/dev6.erresse-shop.it\/es\/wp-json\/wp\/v2\/product_tag?post=1882901"}],"curies":[{"name":"wp","href":"https:\/\/api.w.org\/{rel}","templated":true}]}}