{"id":1882893,"date":"2026-04-12T14:52:25","date_gmt":"2026-04-12T12:52:25","guid":{"rendered":"https:\/\/dev6.erresse-shop.it\/shop\/sin%20categor\u00eda\/g3-ferrari-rosto-37-l-titanium\/"},"modified":"2025-07-05T02:55:18","modified_gmt":"2025-07-05T00:55:18","slug":"g3-ferrari-rosto-37-l-titanium","status":"publish","type":"product","link":"https:\/\/dev6.erresse-shop.it\/es\/shop\/pequenos-electrodomesticos\/hornos\/g3-ferrari-rosto-37-l-titanium\/","title":{"rendered":"G3 FERRARI Rost\u00f2 37 L Titanium"},"content":{"rendered":"<p>Rost\u00f2 37 es f\u00e1cil de usar y muy espacioso con su cavidad de 37 litros. Es posible cocinar 2 platos al mismo tiempo, y gracias a su bajo consumo de energ\u00eda es un valioso electrodom\u00e9stico auxiliar de cocina. La funci\u00f3n de convecci\u00f3n ofrece la posibilidad de cocinar los alimentos en menos tiempo. Es f\u00e1cil de transportar y \u00fatil en muchas situaciones diferentes, tanto en interiores como en exteriores. La alta temperatura interior, puede alcanzar m\u00e1s de 300 grados, y la bandeja redonda especial, hacen que este horno sea muy bueno tambi\u00e9n para cocinar pizza y platos similares.<\/p>\n<p>Especificaciones tecnicas<br \/>\n\u2013 Potencia: 1500W<br \/>\n\u2013 Capacidad: 37 Lt<br \/>\n\u2013 Convecci\u00f3n y luz interior<br \/>\n\u2013 Apto para platos de 38cm de di\u00e1metro<br \/>\n\u2013 Doble cristal para aislamiento t\u00e9rmico<br \/>\n\u2013 Temporizador: 90 minutos con se\u00f1al ac\u00fastica<br \/>\n\u2013 Termostato regulable: de 40\u00b0C a 300\u00b0C<br \/>\n\u2013 Elementos calefactores de acero<br \/>\n\u2013 Funciones de cocci\u00f3n: doble calor, fondo y grill<br \/>\n\u2013 Luz roja de funcionamiento<br \/>\n\u2013 F\u00e1cil de limpiar: Paredes internas esmaltadas.<br \/>\n\u2013 Accesorios: 1 rejilla, 1 bandeja rectangular, 1 bandeja redonda \u00d837cm<br \/>\n\u2013 Alimentaci\u00f3n el\u00e9ctrica: CA 230V ~ 50-60Hz<\/p>\n","protected":false},"excerpt":{"rendered":"<p>Rost\u00f2 37 es f\u00e1cil de usar y muy espacioso con su cavidad de 37 litros. Es posible cocinar 2 platos al mismo tiempo, y gracias a su bajo consumo de energ\u00eda es un valioso electrodom\u00e9stico auxiliar de cocina. La funci\u00f3n de convecci\u00f3n ofrece la posibilidad de cocinar los alimentos en menos tiempo. Es f\u00e1cil de [&hellip;]<\/p>\n","protected":false},"featured_media":6381530,"template":"","meta":{"_acf_changed":false},"product_cat":[11977,11947],"product_tag":[],"class_list":{"0":"post-1882893","1":"product","2":"type-product","3":"status-publish","4":"has-post-thumbnail","6":"product_cat-hornos","7":"product_cat-pequenos-electrodomesticos","9":"first","10":"instock","11":"taxable","12":"shipping-taxable","13":"product-type-simple","swatches":"rey-swatches","show_selected":"","stretch_labels":"rey-swatches--stretch-labels"},"acf":[],"yoast_head":"<!-- This site is optimized with the Yoast SEO plugin v25.4 - https:\/\/yoast.com\/wordpress\/plugins\/seo\/ -->\n<title>G3 FERRARI Rost\u00f2 37 L Titanium - dev6 Erresse<\/title>\n<meta name=\"description\" content=\"Rost\u00f2 37 es f\u00e1cil de usar y muy espacioso con su cavidad de 37 litros. Es posible cocinar 2 platos al mismo tiempo, y gracias a su bajo consumo de energ\u00eda\" \/>\n<meta name=\"robots\" content=\"noindex, follow, max-snippet:-1, max-image-preview:large, max-video-preview:-1\" \/>\n<meta property=\"og:locale\" content=\"es_ES\" \/>\n<meta property=\"og:type\" content=\"article\" \/>\n<meta property=\"og:title\" content=\"G3 FERRARI Rost\u00f2 37 L Titanium - dev6 Erresse\" \/>\n<meta property=\"og:description\" content=\"Rost\u00f2 37 es f\u00e1cil de usar y muy espacioso con su cavidad de 37 litros. Es posible cocinar 2 platos al mismo tiempo, y gracias a su bajo consumo de energ\u00eda\" \/>\n<meta property=\"og:url\" content=\"https:\/\/dev6.erresse-shop.it\/es\/shop\/pequenos-electrodomesticos\/hornos\/g3-ferrari-rosto-37-l-titanium\/\" \/>\n<meta property=\"og:site_name\" content=\"dev6 Erresse\" \/>\n<meta property=\"og:image\" content=\"https:\/\/interpim.erresse-shop.it\/wp-content\/uploads\/2024\/12\/G3-FERRARI-Rosto-37-L-Titanium.jpg\/g3-ferrari-rosto-37-l-titanium.jpg\" \/><meta property=\"og:image\" content=\"https:\/\/interpim.erresse-shop.it\/wp-content\/uploads\/2024\/12\/G3-FERRARI-Rosto-37-L-Titanium.jpg\/g3-ferrari-rosto-37-l-titanium.jpg\" \/>\n\t<meta property=\"og:image:width\" content=\"1024\" \/>\n\t<meta property=\"og:image:height\" content=\"1024\" \/>\n\t<meta property=\"og:image:type\" content=\"image\/jpeg\" \/>\n<meta name=\"twitter:card\" content=\"summary_large_image\" \/>\n<meta name=\"twitter:image\" content=\"https:\/\/interpim.erresse-shop.it\/wp-content\/uploads\/2024\/12\/G3-FERRARI-Rosto-37-L-Titanium.jpg\/g3-ferrari-rosto-37-l-titanium.jpg\" \/>\n<script type=\"application\/ld+json\" class=\"yoast-schema-graph\">{\"@context\":\"https:\/\/schema.org\",\"@graph\":[{\"@type\":\"WebPage\",\"@id\":\"https:\/\/dev6.erresse-shop.it\/es\/shop\/pequenos-electrodomesticos\/hornos\/g3-ferrari-rosto-37-l-titanium\/\",\"url\":\"https:\/\/dev6.erresse-shop.it\/es\/shop\/pequenos-electrodomesticos\/hornos\/g3-ferrari-rosto-37-l-titanium\/\",\"name\":\"G3 FERRARI Rost\u00f2 37 L Titanium - dev6 Erresse\",\"isPartOf\":{\"@id\":\"https:\/\/dev6.erresse-shop.it\/#website\"},\"primaryImageOfPage\":{\"@id\":\"https:\/\/dev6.erresse-shop.it\/es\/shop\/pequenos-electrodomesticos\/hornos\/g3-ferrari-rosto-37-l-titanium\/#primaryimage\"},\"image\":{\"@id\":\"https:\/\/dev6.erresse-shop.it\/es\/shop\/pequenos-electrodomesticos\/hornos\/g3-ferrari-rosto-37-l-titanium\/#primaryimage\"},\"thumbnailUrl\":\"https:\/\/i1.wp.com\/interpim.erresse-shop.it\/wp-content\/uploads\/2024\/12\/G3-FERRARI-Rosto-37-L-Titanium.jpg\/g3-ferrari-rosto-37-l-titanium.jpg?ssl=1\",\"datePublished\":\"2026-04-12T12:52:25+00:00\",\"description\":\"Rost\u00f2 37 es f\u00e1cil de usar y muy espacioso con su cavidad de 37 litros. Es posible cocinar 2 platos al mismo tiempo, y gracias a su bajo consumo de energ\u00eda\",\"breadcrumb\":{\"@id\":\"https:\/\/dev6.erresse-shop.it\/es\/shop\/pequenos-electrodomesticos\/hornos\/g3-ferrari-rosto-37-l-titanium\/#breadcrumb\"},\"inLanguage\":\"es\",\"potentialAction\":[{\"@type\":\"ReadAction\",\"target\":[\"https:\/\/dev6.erresse-shop.it\/es\/shop\/pequenos-electrodomesticos\/hornos\/g3-ferrari-rosto-37-l-titanium\/\"]}]},{\"@type\":\"ImageObject\",\"inLanguage\":\"es\",\"@id\":\"https:\/\/dev6.erresse-shop.it\/es\/shop\/pequenos-electrodomesticos\/hornos\/g3-ferrari-rosto-37-l-titanium\/#primaryimage\",\"url\":\"https:\/\/i1.wp.com\/interpim.erresse-shop.it\/wp-content\/uploads\/2024\/12\/G3-FERRARI-Rosto-37-L-Titanium.jpg\/g3-ferrari-rosto-37-l-titanium.jpg?ssl=1\",\"contentUrl\":\"https:\/\/i1.wp.com\/interpim.erresse-shop.it\/wp-content\/uploads\/2024\/12\/G3-FERRARI-Rosto-37-L-Titanium.jpg\/g3-ferrari-rosto-37-l-titanium.jpg?ssl=1\"},{\"@type\":\"BreadcrumbList\",\"@id\":\"https:\/\/dev6.erresse-shop.it\/es\/shop\/pequenos-electrodomesticos\/hornos\/g3-ferrari-rosto-37-l-titanium\/#breadcrumb\",\"itemListElement\":[{\"@type\":\"ListItem\",\"position\":1,\"name\":\"Home\",\"item\":\"https:\/\/dev6.erresse-shop.it\/\"},{\"@type\":\"ListItem\",\"position\":2,\"name\":\"Tienda\",\"item\":\"https:\/\/dev6.erresse-shop.it\/shop\/\"},{\"@type\":\"ListItem\",\"position\":3,\"name\":\"G3 FERRARI Rost\u00f2 37 L Titanium\"}]},{\"@type\":\"WebSite\",\"@id\":\"https:\/\/dev6.erresse-shop.it\/#website\",\"url\":\"https:\/\/dev6.erresse-shop.it\/\",\"name\":\"Erresse Shop\",\"description\":\"\",\"publisher\":{\"@id\":\"https:\/\/dev6.erresse-shop.it\/#organization\"},\"potentialAction\":[{\"@type\":\"SearchAction\",\"target\":{\"@type\":\"EntryPoint\",\"urlTemplate\":\"https:\/\/dev6.erresse-shop.it\/?s={search_term_string}\"},\"query-input\":{\"@type\":\"PropertyValueSpecification\",\"valueRequired\":true,\"valueName\":\"search_term_string\"}}],\"inLanguage\":\"es\"},{\"@type\":\"Organization\",\"@id\":\"https:\/\/dev6.erresse-shop.it\/#organization\",\"name\":\"Erresse Shop\",\"url\":\"https:\/\/dev6.erresse-shop.it\/\",\"logo\":{\"@type\":\"ImageObject\",\"inLanguage\":\"es\",\"@id\":\"https:\/\/dev6.erresse-shop.it\/#\/schema\/logo\/image\/\",\"url\":\"https:\/\/dev6.erresse-shop.it\/wp-content\/uploads\/2025\/01\/LOGO-ERRESSE-CLASSICO.svg\",\"contentUrl\":\"https:\/\/dev6.erresse-shop.it\/wp-content\/uploads\/2025\/01\/LOGO-ERRESSE-CLASSICO.svg\",\"caption\":\"Erresse Shop\"},\"image\":{\"@id\":\"https:\/\/dev6.erresse-shop.it\/#\/schema\/logo\/image\/\"}}]}<\/script>\n<!-- \/ Yoast SEO plugin. -->","yoast_head_json":{"title":"G3 FERRARI Rost\u00f2 37 L Titanium - dev6 Erresse","description":"Rost\u00f2 37 es f\u00e1cil de usar y muy espacioso con su cavidad de 37 litros. Es posible cocinar 2 platos al mismo tiempo, y gracias a su bajo consumo de energ\u00eda","robots":{"index":"noindex","follow":"follow","max-snippet":"max-snippet:-1","max-image-preview":"max-image-preview:large","max-video-preview":"max-video-preview:-1"},"og_locale":"es_ES","og_type":"article","og_title":"G3 FERRARI Rost\u00f2 37 L Titanium - dev6 Erresse","og_description":"Rost\u00f2 37 es f\u00e1cil de usar y muy espacioso con su cavidad de 37 litros. Es posible cocinar 2 platos al mismo tiempo, y gracias a su bajo consumo de energ\u00eda","og_url":"https:\/\/dev6.erresse-shop.it\/es\/shop\/pequenos-electrodomesticos\/hornos\/g3-ferrari-rosto-37-l-titanium\/","og_site_name":"dev6 Erresse","og_image":[{"url":"https:\/\/interpim.erresse-shop.it\/wp-content\/uploads\/2024\/12\/G3-FERRARI-Rosto-37-L-Titanium.jpg\/g3-ferrari-rosto-37-l-titanium.jpg","type":"","width":"","height":""},{"url":"https:\/\/interpim.erresse-shop.it\/wp-content\/uploads\/2024\/12\/G3-FERRARI-Rosto-37-L-Titanium.jpg\/g3-ferrari-rosto-37-l-titanium.jpg","width":1024,"height":1024,"type":"image\/jpeg"}],"twitter_card":"summary_large_image","twitter_image":"https:\/\/interpim.erresse-shop.it\/wp-content\/uploads\/2024\/12\/G3-FERRARI-Rosto-37-L-Titanium.jpg\/g3-ferrari-rosto-37-l-titanium.jpg","schema":{"@context":"https:\/\/schema.org","@graph":[{"@type":"WebPage","@id":"https:\/\/dev6.erresse-shop.it\/es\/shop\/pequenos-electrodomesticos\/hornos\/g3-ferrari-rosto-37-l-titanium\/","url":"https:\/\/dev6.erresse-shop.it\/es\/shop\/pequenos-electrodomesticos\/hornos\/g3-ferrari-rosto-37-l-titanium\/","name":"G3 FERRARI Rost\u00f2 37 L Titanium - dev6 Erresse","isPartOf":{"@id":"https:\/\/dev6.erresse-shop.it\/#website"},"primaryImageOfPage":{"@id":"https:\/\/dev6.erresse-shop.it\/es\/shop\/pequenos-electrodomesticos\/hornos\/g3-ferrari-rosto-37-l-titanium\/#primaryimage"},"image":{"@id":"https:\/\/dev6.erresse-shop.it\/es\/shop\/pequenos-electrodomesticos\/hornos\/g3-ferrari-rosto-37-l-titanium\/#primaryimage"},"thumbnailUrl":"https:\/\/i1.wp.com\/interpim.erresse-shop.it\/wp-content\/uploads\/2024\/12\/G3-FERRARI-Rosto-37-L-Titanium.jpg\/g3-ferrari-rosto-37-l-titanium.jpg?ssl=1","datePublished":"2026-04-12T12:52:25+00:00","description":"Rost\u00f2 37 es f\u00e1cil de usar y muy espacioso con su cavidad de 37 litros. Es posible cocinar 2 platos al mismo tiempo, y gracias a su bajo consumo de energ\u00eda","breadcrumb":{"@id":"https:\/\/dev6.erresse-shop.it\/es\/shop\/pequenos-electrodomesticos\/hornos\/g3-ferrari-rosto-37-l-titanium\/#breadcrumb"},"inLanguage":"es","potentialAction":[{"@type":"ReadAction","target":["https:\/\/dev6.erresse-shop.it\/es\/shop\/pequenos-electrodomesticos\/hornos\/g3-ferrari-rosto-37-l-titanium\/"]}]},{"@type":"ImageObject","inLanguage":"es","@id":"https:\/\/dev6.erresse-shop.it\/es\/shop\/pequenos-electrodomesticos\/hornos\/g3-ferrari-rosto-37-l-titanium\/#primaryimage","url":"https:\/\/i1.wp.com\/interpim.erresse-shop.it\/wp-content\/uploads\/2024\/12\/G3-FERRARI-Rosto-37-L-Titanium.jpg\/g3-ferrari-rosto-37-l-titanium.jpg?ssl=1","contentUrl":"https:\/\/i1.wp.com\/interpim.erresse-shop.it\/wp-content\/uploads\/2024\/12\/G3-FERRARI-Rosto-37-L-Titanium.jpg\/g3-ferrari-rosto-37-l-titanium.jpg?ssl=1"},{"@type":"BreadcrumbList","@id":"https:\/\/dev6.erresse-shop.it\/es\/shop\/pequenos-electrodomesticos\/hornos\/g3-ferrari-rosto-37-l-titanium\/#breadcrumb","itemListElement":[{"@type":"ListItem","position":1,"name":"Home","item":"https:\/\/dev6.erresse-shop.it\/"},{"@type":"ListItem","position":2,"name":"Tienda","item":"https:\/\/dev6.erresse-shop.it\/shop\/"},{"@type":"ListItem","position":3,"name":"G3 FERRARI Rost\u00f2 37 L Titanium"}]},{"@type":"WebSite","@id":"https:\/\/dev6.erresse-shop.it\/#website","url":"https:\/\/dev6.erresse-shop.it\/","name":"Erresse Shop","description":"","publisher":{"@id":"https:\/\/dev6.erresse-shop.it\/#organization"},"potentialAction":[{"@type":"SearchAction","target":{"@type":"EntryPoint","urlTemplate":"https:\/\/dev6.erresse-shop.it\/?s={search_term_string}"},"query-input":{"@type":"PropertyValueSpecification","valueRequired":true,"valueName":"search_term_string"}}],"inLanguage":"es"},{"@type":"Organization","@id":"https:\/\/dev6.erresse-shop.it\/#organization","name":"Erresse Shop","url":"https:\/\/dev6.erresse-shop.it\/","logo":{"@type":"ImageObject","inLanguage":"es","@id":"https:\/\/dev6.erresse-shop.it\/#\/schema\/logo\/image\/","url":"https:\/\/dev6.erresse-shop.it\/wp-content\/uploads\/2025\/01\/LOGO-ERRESSE-CLASSICO.svg","contentUrl":"https:\/\/dev6.erresse-shop.it\/wp-content\/uploads\/2025\/01\/LOGO-ERRESSE-CLASSICO.svg","caption":"Erresse Shop"},"image":{"@id":"https:\/\/dev6.erresse-shop.it\/#\/schema\/logo\/image\/"}}]}},"df_price":"","df_sale_price":"","df_regular_price":"","df_image_link":"https:\/\/i1.wp.com\/interpim.erresse-shop.it\/wp-content\/uploads\/2024\/12\/G3-FERRARI-Rosto-37-L-Titanium.jpg\/g3-ferrari-rosto-37-l-titanium.jpg?resize=300,300&ssl=1","fifu_image_url":"https:\/\/interpim.erresse-shop.it\/wp-content\/uploads\/2024\/12\/G3-FERRARI-Rosto-37-L-Titanium.jpg\/g3-ferrari-rosto-37-l-titanium.jpg","_links":{"self":[{"href":"https:\/\/dev6.erresse-shop.it\/es\/wp-json\/wp\/v2\/product\/1882893","targetHints":{"allow":["GET"]}}],"collection":[{"href":"https:\/\/dev6.erresse-shop.it\/es\/wp-json\/wp\/v2\/product"}],"about":[{"href":"https:\/\/dev6.erresse-shop.it\/es\/wp-json\/wp\/v2\/types\/product"}],"wp:featuredmedia":[{"embeddable":true,"href":"https:\/\/dev6.erresse-shop.it\/es\/wp-json\/wp\/v2\/media\/6381530"}],"wp:attachment":[{"href":"https:\/\/dev6.erresse-shop.it\/es\/wp-json\/wp\/v2\/media?parent=1882893"}],"wp:term":[{"taxonomy":"product_cat","embeddable":true,"href":"https:\/\/dev6.erresse-shop.it\/es\/wp-json\/wp\/v2\/product_cat?post=1882893"},{"taxonomy":"product_tag","embeddable":true,"href":"https:\/\/dev6.erresse-shop.it\/es\/wp-json\/wp\/v2\/product_tag?post=1882893"}],"curies":[{"name":"wp","href":"https:\/\/api.w.org\/{rel}","templated":true}]}}