{"id":1882851,"date":"2026-04-12T12:18:55","date_gmt":"2026-04-12T10:18:55","guid":{"rendered":"https:\/\/dev6.erresse-shop.it\/shop\/sin%20categor\u00eda\/fratelli-desideri-capsule-collection-tube-chef-andrea-larossa-il-tesoro-di-barolo\/"},"modified":"2025-09-14T09:53:57","modified_gmt":"2025-09-14T07:53:57","slug":"fratelli-desideri-capsule-collection-tube-chef-andrea-larossa-il-tesoro-di-barolo","status":"publish","type":"product","link":"https:\/\/dev6.erresse-shop.it\/es\/shop\/food-es\/fratelli-desideri-capsule-collection-tube-chef-andrea-larossa-il-tesoro-di-barolo\/","title":{"rendered":"FRATELLI DESIDERI Capsule Collection Tube Chef Andrea Larossa Il Tesoro di Barolo"},"content":{"rendered":"<p>LA CAPSULE COLLECTION de ANDREA LAROSSA<\/p>\n<p>The Capsule Collection es la\u00a0nueva l\u00ednea de kits de comidas \u201cPr\u00eat \u00e0 manger\u201d!Dedicada a aquellos que no quieren renunciar a un gran plato gourmet,\u00a0a pesar de no tener\u00a0mucho tiempo (o ganas)\u00a0de cocinar.Son recetas que tienen como denominador com\u00fan un \u201ctesoro\u201d, es decir, el ingrediente por excelencia del territorio al que pertenecen, reinterpretado de forma sublime por los grandes Chefs Estrella italianos.<\/p>\n<p>El \u201ctesoro\u201d de esta receta es el vino Barolo.<\/p>\n<p>En esta c\u00e1psula encontrar\u00e1s tallarines al huevo y salsa preparada con salchicha y vino Barolo de Andrea Larossa.<\/p>\n<p>Se trata de un plato de la tradici\u00f3n culinaria de Langhe que a Andrea siempre le ha gustado retomar en su cocina innovadora. Con esta receta logr\u00f3 elaborar una salsa con ingredientes potentes, como chorizo \u200b\u200bde cerdo, Barolo, ajo y cebolla, elegante y sumamente refinada. Las notas y aromas de este plato te transportan directamente a las mas\u00edas de los agricultores de Langhe del siglo XIX, entre vi\u00f1edos y animales de corral, donde habitualmente se tomaba esta magn\u00edfica receta los domingos a la hora del almuerzo.<\/p>\n<p>\u00bfC\u00f3mo lo cocinas? Cuece la pasta y vierte la salsa. \u00a1Y eso es todo!<\/p>\n<p>LA PREPARACI\u00d3N<\/p>\n<p>1.\u00a0Verter 2,5 litros de agua en una cacerola, a\u00f1adir 25 g de sal gruesa y llevar a ebullici\u00f3n.<\/p>\n<p>2.\u00a0Cuando el agua hierva, a\u00f1ade los tallarines al huevo y cocina durante 5 minutos.<\/p>\n<p>3.\u00a0Mientras tanto, vierte el tarro de salchicha y salsa Barolo en una sart\u00e9n y calienta suavemente a fuego lento durante 2 minutos, luego apaga el fuego.<\/p>\n<p>4.\u00a0Pasados \u200b\u200blos 5 minutos, escurrir los tallarines al huevo, reservando un poco del agua de cocci\u00f3n.<\/p>\n<p>5.\u00a0Vierte los tallarines en la sart\u00e9n con la salsa y mezcla todo bien (si es necesario, a\u00f1ade un poco de agua de cocci\u00f3n para alcanzar el nivel adecuado de cremosidad).<\/p>\n<p>\u00a0<\/p>\n<p>PLACHADO<\/p>\n<p>1.\u00a0Usa platos hondos.<\/p>\n<p>2.\u00a0Coge un cuchar\u00f3n y un tenedor.<\/p>\n<p>3.\u00a0Recoge una porci\u00f3n de tallarines de la sart\u00e9n con un tenedor y envu\u00e9lvela en el cuchar\u00f3n para crear la forma de un nido.<\/p>\n<p>4.\u00a0Coloque con cuidado el nido en el centro del plato.<\/p>\n<p>5.\u00a0Termina el plato con un chorrito de aceite de oliva virgen extra.<\/p>\n<p>6.\u00a0Limpia el borde del plato con un pa\u00f1o para eliminar cualquier mancha.<\/p>\n<p>\u00a0<\/p>\n<p>Detalles del producto:<\/p>\n<p>Porciones: 2 personas<br \/>\nTiempo de preparaci\u00f3n: 10 min.<br \/>\nDificultad: Baja<\/p>\n","protected":false},"excerpt":{"rendered":"<p>LA CAPSULE COLLECTION de ANDREA LAROSSA The Capsule Collection es la\u00a0nueva l\u00ednea de kits de comidas \u201cPr\u00eat \u00e0 manger\u201d!Dedicada a aquellos que no quieren renunciar a un gran plato gourmet,\u00a0a pesar de no tener\u00a0mucho tiempo (o ganas)\u00a0de cocinar.Son recetas que tienen como denominador com\u00fan un \u201ctesoro\u201d, es decir, el ingrediente por excelencia del territorio al [&hellip;]<\/p>\n","protected":false},"featured_media":6372014,"template":"","meta":{"_acf_changed":false},"product_cat":[11941],"product_tag":[],"class_list":{"0":"post-1882851","1":"product","2":"type-product","3":"status-publish","4":"has-post-thumbnail","6":"product_cat-food-es","8":"first","9":"instock","10":"taxable","11":"shipping-taxable","12":"purchasable","13":"product-type-simple","swatches":"rey-swatches","show_selected":"","stretch_labels":"rey-swatches--stretch-labels"},"acf":[],"yoast_head":"<!-- This site is optimized with the Yoast SEO plugin v25.4 - https:\/\/yoast.com\/wordpress\/plugins\/seo\/ -->\n<title>FRATELLI DESIDERI Capsule Collection Tube Chef Andrea Larossa Il Tesoro di Barolo - dev6 Erresse<\/title>\n<meta name=\"description\" content=\"LA CAPSULE COLLECTION de ANDREA LAROSSA The Capsule Collection es la\u00a0nueva l\u00ednea de kits de comidas \u201cPr\u00eat \u00e0 manger\u201d!Dedicada a aquellos que no quieren\" \/>\n<meta name=\"robots\" content=\"noindex, follow, max-snippet:-1, max-image-preview:large, max-video-preview:-1\" \/>\n<meta property=\"og:locale\" content=\"es_ES\" \/>\n<meta property=\"og:type\" content=\"article\" \/>\n<meta property=\"og:title\" content=\"FRATELLI DESIDERI Capsule Collection Tube Chef Andrea Larossa Il Tesoro di Barolo - dev6 Erresse\" \/>\n<meta property=\"og:description\" content=\"LA CAPSULE COLLECTION de ANDREA LAROSSA The Capsule Collection es la\u00a0nueva l\u00ednea de kits de comidas \u201cPr\u00eat \u00e0 manger\u201d!Dedicada a aquellos que no quieren\" \/>\n<meta property=\"og:url\" content=\"https:\/\/dev6.erresse-shop.it\/es\/shop\/food-es\/fratelli-desideri-capsule-collection-tube-chef-andrea-larossa-il-tesoro-di-barolo\/\" \/>\n<meta property=\"og:site_name\" content=\"dev6 Erresse\" \/>\n<meta property=\"og:image\" content=\"https:\/\/interpim.erresse-shop.it\/Import\/Prodotti\/fratelli-desideri-capsule-collection-tube-il-tesoro-di-barolo.jpg\" \/><meta property=\"og:image\" content=\"https:\/\/interpim.erresse-shop.it\/Import\/Prodotti\/fratelli-desideri-capsule-collection-tube-il-tesoro-di-barolo.jpg\" \/>\n\t<meta property=\"og:image:width\" content=\"1024\" \/>\n\t<meta property=\"og:image:height\" content=\"1024\" \/>\n\t<meta property=\"og:image:type\" content=\"image\/jpeg\" \/>\n<meta name=\"twitter:card\" content=\"summary_large_image\" \/>\n<meta name=\"twitter:image\" content=\"https:\/\/interpim.erresse-shop.it\/Import\/Prodotti\/fratelli-desideri-capsule-collection-tube-il-tesoro-di-barolo.jpg\" \/>\n<script type=\"application\/ld+json\" class=\"yoast-schema-graph\">{\"@context\":\"https:\/\/schema.org\",\"@graph\":[{\"@type\":\"WebPage\",\"@id\":\"https:\/\/dev6.erresse-shop.it\/es\/shop\/food-es\/fratelli-desideri-capsule-collection-tube-chef-andrea-larossa-il-tesoro-di-barolo\/\",\"url\":\"https:\/\/dev6.erresse-shop.it\/es\/shop\/food-es\/fratelli-desideri-capsule-collection-tube-chef-andrea-larossa-il-tesoro-di-barolo\/\",\"name\":\"FRATELLI DESIDERI Capsule Collection Tube Chef Andrea Larossa Il Tesoro di Barolo - dev6 Erresse\",\"isPartOf\":{\"@id\":\"https:\/\/dev6.erresse-shop.it\/#website\"},\"primaryImageOfPage\":{\"@id\":\"https:\/\/dev6.erresse-shop.it\/es\/shop\/food-es\/fratelli-desideri-capsule-collection-tube-chef-andrea-larossa-il-tesoro-di-barolo\/#primaryimage\"},\"image\":{\"@id\":\"https:\/\/dev6.erresse-shop.it\/es\/shop\/food-es\/fratelli-desideri-capsule-collection-tube-chef-andrea-larossa-il-tesoro-di-barolo\/#primaryimage\"},\"thumbnailUrl\":\"https:\/\/i0.wp.com\/interpim.erresse-shop.it\/Import\/Prodotti\/fratelli-desideri-capsule-collection-tube-il-tesoro-di-barolo.jpg?ssl=1\",\"datePublished\":\"2026-04-12T10:18:55+00:00\",\"description\":\"LA CAPSULE COLLECTION de ANDREA LAROSSA The Capsule Collection es la\u00a0nueva l\u00ednea de kits de comidas \u201cPr\u00eat \u00e0 manger\u201d!Dedicada a aquellos que no quieren\",\"breadcrumb\":{\"@id\":\"https:\/\/dev6.erresse-shop.it\/es\/shop\/food-es\/fratelli-desideri-capsule-collection-tube-chef-andrea-larossa-il-tesoro-di-barolo\/#breadcrumb\"},\"inLanguage\":\"es\",\"potentialAction\":[{\"@type\":\"ReadAction\",\"target\":[\"https:\/\/dev6.erresse-shop.it\/es\/shop\/food-es\/fratelli-desideri-capsule-collection-tube-chef-andrea-larossa-il-tesoro-di-barolo\/\"]}]},{\"@type\":\"ImageObject\",\"inLanguage\":\"es\",\"@id\":\"https:\/\/dev6.erresse-shop.it\/es\/shop\/food-es\/fratelli-desideri-capsule-collection-tube-chef-andrea-larossa-il-tesoro-di-barolo\/#primaryimage\",\"url\":\"https:\/\/i0.wp.com\/interpim.erresse-shop.it\/Import\/Prodotti\/fratelli-desideri-capsule-collection-tube-il-tesoro-di-barolo.jpg?ssl=1\",\"contentUrl\":\"https:\/\/i0.wp.com\/interpim.erresse-shop.it\/Import\/Prodotti\/fratelli-desideri-capsule-collection-tube-il-tesoro-di-barolo.jpg?ssl=1\"},{\"@type\":\"BreadcrumbList\",\"@id\":\"https:\/\/dev6.erresse-shop.it\/es\/shop\/food-es\/fratelli-desideri-capsule-collection-tube-chef-andrea-larossa-il-tesoro-di-barolo\/#breadcrumb\",\"itemListElement\":[{\"@type\":\"ListItem\",\"position\":1,\"name\":\"Home\",\"item\":\"https:\/\/dev6.erresse-shop.it\/\"},{\"@type\":\"ListItem\",\"position\":2,\"name\":\"Tienda\",\"item\":\"https:\/\/dev6.erresse-shop.it\/shop\/\"},{\"@type\":\"ListItem\",\"position\":3,\"name\":\"FRATELLI DESIDERI Capsule Collection Tube Chef Andrea Larossa Il Tesoro di Barolo\"}]},{\"@type\":\"WebSite\",\"@id\":\"https:\/\/dev6.erresse-shop.it\/#website\",\"url\":\"https:\/\/dev6.erresse-shop.it\/\",\"name\":\"Erresse Shop\",\"description\":\"\",\"publisher\":{\"@id\":\"https:\/\/dev6.erresse-shop.it\/#organization\"},\"potentialAction\":[{\"@type\":\"SearchAction\",\"target\":{\"@type\":\"EntryPoint\",\"urlTemplate\":\"https:\/\/dev6.erresse-shop.it\/?s={search_term_string}\"},\"query-input\":{\"@type\":\"PropertyValueSpecification\",\"valueRequired\":true,\"valueName\":\"search_term_string\"}}],\"inLanguage\":\"es\"},{\"@type\":\"Organization\",\"@id\":\"https:\/\/dev6.erresse-shop.it\/#organization\",\"name\":\"Erresse Shop\",\"url\":\"https:\/\/dev6.erresse-shop.it\/\",\"logo\":{\"@type\":\"ImageObject\",\"inLanguage\":\"es\",\"@id\":\"https:\/\/dev6.erresse-shop.it\/#\/schema\/logo\/image\/\",\"url\":\"https:\/\/dev6.erresse-shop.it\/wp-content\/uploads\/2025\/01\/LOGO-ERRESSE-CLASSICO.svg\",\"contentUrl\":\"https:\/\/dev6.erresse-shop.it\/wp-content\/uploads\/2025\/01\/LOGO-ERRESSE-CLASSICO.svg\",\"caption\":\"Erresse Shop\"},\"image\":{\"@id\":\"https:\/\/dev6.erresse-shop.it\/#\/schema\/logo\/image\/\"}}]}<\/script>\n<!-- \/ Yoast SEO plugin. -->","yoast_head_json":{"title":"FRATELLI DESIDERI Capsule Collection Tube Chef Andrea Larossa Il Tesoro di Barolo - dev6 Erresse","description":"LA CAPSULE COLLECTION de ANDREA LAROSSA The Capsule Collection es la\u00a0nueva l\u00ednea de kits de comidas \u201cPr\u00eat \u00e0 manger\u201d!Dedicada a aquellos que no quieren","robots":{"index":"noindex","follow":"follow","max-snippet":"max-snippet:-1","max-image-preview":"max-image-preview:large","max-video-preview":"max-video-preview:-1"},"og_locale":"es_ES","og_type":"article","og_title":"FRATELLI DESIDERI Capsule Collection Tube Chef Andrea Larossa Il Tesoro di Barolo - dev6 Erresse","og_description":"LA CAPSULE COLLECTION de ANDREA LAROSSA The Capsule Collection es la\u00a0nueva l\u00ednea de kits de comidas \u201cPr\u00eat \u00e0 manger\u201d!Dedicada a aquellos que no quieren","og_url":"https:\/\/dev6.erresse-shop.it\/es\/shop\/food-es\/fratelli-desideri-capsule-collection-tube-chef-andrea-larossa-il-tesoro-di-barolo\/","og_site_name":"dev6 Erresse","og_image":[{"url":"https:\/\/interpim.erresse-shop.it\/Import\/Prodotti\/fratelli-desideri-capsule-collection-tube-il-tesoro-di-barolo.jpg","type":"","width":"","height":""},{"url":"https:\/\/interpim.erresse-shop.it\/Import\/Prodotti\/fratelli-desideri-capsule-collection-tube-il-tesoro-di-barolo.jpg","width":1024,"height":1024,"type":"image\/jpeg"}],"twitter_card":"summary_large_image","twitter_image":"https:\/\/interpim.erresse-shop.it\/Import\/Prodotti\/fratelli-desideri-capsule-collection-tube-il-tesoro-di-barolo.jpg","schema":{"@context":"https:\/\/schema.org","@graph":[{"@type":"WebPage","@id":"https:\/\/dev6.erresse-shop.it\/es\/shop\/food-es\/fratelli-desideri-capsule-collection-tube-chef-andrea-larossa-il-tesoro-di-barolo\/","url":"https:\/\/dev6.erresse-shop.it\/es\/shop\/food-es\/fratelli-desideri-capsule-collection-tube-chef-andrea-larossa-il-tesoro-di-barolo\/","name":"FRATELLI DESIDERI Capsule Collection Tube Chef Andrea Larossa Il Tesoro di Barolo - dev6 Erresse","isPartOf":{"@id":"https:\/\/dev6.erresse-shop.it\/#website"},"primaryImageOfPage":{"@id":"https:\/\/dev6.erresse-shop.it\/es\/shop\/food-es\/fratelli-desideri-capsule-collection-tube-chef-andrea-larossa-il-tesoro-di-barolo\/#primaryimage"},"image":{"@id":"https:\/\/dev6.erresse-shop.it\/es\/shop\/food-es\/fratelli-desideri-capsule-collection-tube-chef-andrea-larossa-il-tesoro-di-barolo\/#primaryimage"},"thumbnailUrl":"https:\/\/i0.wp.com\/interpim.erresse-shop.it\/Import\/Prodotti\/fratelli-desideri-capsule-collection-tube-il-tesoro-di-barolo.jpg?ssl=1","datePublished":"2026-04-12T10:18:55+00:00","description":"LA CAPSULE COLLECTION de ANDREA LAROSSA The Capsule Collection es la\u00a0nueva l\u00ednea de kits de comidas \u201cPr\u00eat \u00e0 manger\u201d!Dedicada a aquellos que no quieren","breadcrumb":{"@id":"https:\/\/dev6.erresse-shop.it\/es\/shop\/food-es\/fratelli-desideri-capsule-collection-tube-chef-andrea-larossa-il-tesoro-di-barolo\/#breadcrumb"},"inLanguage":"es","potentialAction":[{"@type":"ReadAction","target":["https:\/\/dev6.erresse-shop.it\/es\/shop\/food-es\/fratelli-desideri-capsule-collection-tube-chef-andrea-larossa-il-tesoro-di-barolo\/"]}]},{"@type":"ImageObject","inLanguage":"es","@id":"https:\/\/dev6.erresse-shop.it\/es\/shop\/food-es\/fratelli-desideri-capsule-collection-tube-chef-andrea-larossa-il-tesoro-di-barolo\/#primaryimage","url":"https:\/\/i0.wp.com\/interpim.erresse-shop.it\/Import\/Prodotti\/fratelli-desideri-capsule-collection-tube-il-tesoro-di-barolo.jpg?ssl=1","contentUrl":"https:\/\/i0.wp.com\/interpim.erresse-shop.it\/Import\/Prodotti\/fratelli-desideri-capsule-collection-tube-il-tesoro-di-barolo.jpg?ssl=1"},{"@type":"BreadcrumbList","@id":"https:\/\/dev6.erresse-shop.it\/es\/shop\/food-es\/fratelli-desideri-capsule-collection-tube-chef-andrea-larossa-il-tesoro-di-barolo\/#breadcrumb","itemListElement":[{"@type":"ListItem","position":1,"name":"Home","item":"https:\/\/dev6.erresse-shop.it\/"},{"@type":"ListItem","position":2,"name":"Tienda","item":"https:\/\/dev6.erresse-shop.it\/shop\/"},{"@type":"ListItem","position":3,"name":"FRATELLI DESIDERI Capsule Collection Tube Chef Andrea Larossa Il Tesoro di Barolo"}]},{"@type":"WebSite","@id":"https:\/\/dev6.erresse-shop.it\/#website","url":"https:\/\/dev6.erresse-shop.it\/","name":"Erresse Shop","description":"","publisher":{"@id":"https:\/\/dev6.erresse-shop.it\/#organization"},"potentialAction":[{"@type":"SearchAction","target":{"@type":"EntryPoint","urlTemplate":"https:\/\/dev6.erresse-shop.it\/?s={search_term_string}"},"query-input":{"@type":"PropertyValueSpecification","valueRequired":true,"valueName":"search_term_string"}}],"inLanguage":"es"},{"@type":"Organization","@id":"https:\/\/dev6.erresse-shop.it\/#organization","name":"Erresse Shop","url":"https:\/\/dev6.erresse-shop.it\/","logo":{"@type":"ImageObject","inLanguage":"es","@id":"https:\/\/dev6.erresse-shop.it\/#\/schema\/logo\/image\/","url":"https:\/\/dev6.erresse-shop.it\/wp-content\/uploads\/2025\/01\/LOGO-ERRESSE-CLASSICO.svg","contentUrl":"https:\/\/dev6.erresse-shop.it\/wp-content\/uploads\/2025\/01\/LOGO-ERRESSE-CLASSICO.svg","caption":"Erresse Shop"},"image":{"@id":"https:\/\/dev6.erresse-shop.it\/#\/schema\/logo\/image\/"}}]}},"df_price":26.5,"df_sale_price":"","df_regular_price":26.5,"df_image_link":"https:\/\/i0.wp.com\/interpim.erresse-shop.it\/Import\/Prodotti\/fratelli-desideri-capsule-collection-tube-il-tesoro-di-barolo.jpg?resize=300,300&ssl=1","fifu_image_url":"https:\/\/interpim.erresse-shop.it\/Import\/Prodotti\/fratelli-desideri-capsule-collection-tube-il-tesoro-di-barolo.jpg","_links":{"self":[{"href":"https:\/\/dev6.erresse-shop.it\/es\/wp-json\/wp\/v2\/product\/1882851","targetHints":{"allow":["GET"]}}],"collection":[{"href":"https:\/\/dev6.erresse-shop.it\/es\/wp-json\/wp\/v2\/product"}],"about":[{"href":"https:\/\/dev6.erresse-shop.it\/es\/wp-json\/wp\/v2\/types\/product"}],"wp:featuredmedia":[{"embeddable":true,"href":"https:\/\/dev6.erresse-shop.it\/es\/wp-json\/wp\/v2\/media\/6372014"}],"wp:attachment":[{"href":"https:\/\/dev6.erresse-shop.it\/es\/wp-json\/wp\/v2\/media?parent=1882851"}],"wp:term":[{"taxonomy":"product_cat","embeddable":true,"href":"https:\/\/dev6.erresse-shop.it\/es\/wp-json\/wp\/v2\/product_cat?post=1882851"},{"taxonomy":"product_tag","embeddable":true,"href":"https:\/\/dev6.erresse-shop.it\/es\/wp-json\/wp\/v2\/product_tag?post=1882851"}],"curies":[{"name":"wp","href":"https:\/\/api.w.org\/{rel}","templated":true}]}}