{"id":1882847,"date":"2026-04-10T12:57:21","date_gmt":"2026-04-10T10:57:21","guid":{"rendered":"https:\/\/dev6.erresse-shop.it\/shop\/sin%20categor\u00eda\/fratelli-desideri-le-cene-stellate-chef-christian-milone-sua-maesta-bianco-tartufo\/"},"modified":"2025-09-14T09:53:49","modified_gmt":"2025-09-14T07:53:49","slug":"fratelli-desideri-le-cene-stellate-chef-christian-milone-sua-maesta-bianco-tartufo","status":"publish","type":"product","link":"https:\/\/dev6.erresse-shop.it\/es\/shop\/food-es\/fratelli-desideri-le-cene-stellate-chef-christian-milone-sua-maesta-bianco-tartufo\/","title":{"rendered":"FRATELLI DESIDERI Le Cene Stellate Chef Christian Milone Sua Maest\u00e0 Bianco Tartufo"},"content":{"rendered":"<p>Con esta receta, Christian Milone (Chef 1 Estrella Michelin) nos gu\u00eda en un viaje exclusivo a la aristocracia de la cocina piamontesa, una experiencia gastron\u00f3mica que celebra dos de las excelencias m\u00e1s buscadas y deliciosas de Italia. : la Trufa Blanca de Alba (Tuber Magnatum Pico) y la Trufa Negra Preciosa (Tuber Melanosporum). Un encuentro sublime de sabores intensos y aromas envolventes, que reflejan el refinamiento y la tradici\u00f3n de esta tierra rica en historia gastron\u00f3mica.<\/p>\n<p>En esta receta, la Trufa Blanca natural se sumerge delicadamente en una mantequilla de leche italiana de alt\u00edsima calidad, que no s\u00f3lo realza el sabor de la trufa, sino que tambi\u00e9n contribuye a que la Crema de arroz incre\u00edblemente cremosa y envolvente. El resultado es un plato de sabor fuerte y armonioso, donde la trufa combina a la perfecci\u00f3n con la cremosidad de la mantequilla.<\/p>\n<p>Para completar esta obra maestra culinaria, la Preciosa Trufa Negra, protagonista de una presentaci\u00f3n sofisticada e inesperada, se transforma en perlas de caviar. Estas peque\u00f1as esferas negras, que explotan delicadamente en el paladar, dan un acabado refinado al plato, creando un contraste de texturas que enriquece a\u00fan m\u00e1s la experiencia sensorial. Un toque final de un aut\u00e9ntico Star Chef, que eleva cada sabor a una experiencia \u00fanica e inolvidable.<\/p>\n<p>En este plato, cada ingrediente est\u00e1 dise\u00f1ado para potenciarse mutuamente, creando una perfecta armon\u00eda entre tradici\u00f3n e innovaci\u00f3n, donde la pasi\u00f3n por la cocina y el arte de batir alcanzan niveles de elegancia inigualables.<\/p>\n<p>Detalles del producto:<\/p>\n<p>Porciones: 4 personas<br \/>\nTiempo de preparaci\u00f3n: 20 min.<br \/>\nDificultad: Baja<\/p>\n","protected":false},"excerpt":{"rendered":"<p>Con esta receta, Christian Milone (Chef 1 Estrella Michelin) nos gu\u00eda en un viaje exclusivo a la aristocracia de la cocina piamontesa, una experiencia gastron\u00f3mica que celebra dos de las excelencias m\u00e1s buscadas y deliciosas de Italia. : la Trufa Blanca de Alba (Tuber Magnatum Pico) y la Trufa Negra Preciosa (Tuber Melanosporum). Un encuentro [&hellip;]<\/p>\n","protected":false},"featured_media":6330360,"template":"","meta":{"_acf_changed":false},"product_cat":[11941],"product_tag":[],"class_list":{"0":"post-1882847","1":"product","2":"type-product","3":"status-publish","4":"has-post-thumbnail","6":"product_cat-food-es","8":"first","9":"instock","10":"sale","11":"taxable","12":"shipping-taxable","13":"purchasable","14":"product-type-simple","swatches":"rey-swatches","show_selected":"","stretch_labels":"rey-swatches--stretch-labels"},"acf":[],"yoast_head":"<!-- This site is optimized with the Yoast SEO plugin v25.4 - https:\/\/yoast.com\/wordpress\/plugins\/seo\/ -->\n<title>FRATELLI DESIDERI Le Cene Stellate Chef Christian Milone Sua Maest\u00e0 Bianco Tartufo - dev6 Erresse<\/title>\n<meta name=\"description\" content=\"Con esta receta, Christian Milone (Chef 1 Estrella Michelin) nos gu\u00eda en un viaje exclusivo a la aristocracia de la cocina piamontesa, una experiencia\" \/>\n<meta name=\"robots\" content=\"noindex, follow, max-snippet:-1, max-image-preview:large, max-video-preview:-1\" \/>\n<meta property=\"og:locale\" content=\"es_ES\" \/>\n<meta property=\"og:type\" content=\"article\" \/>\n<meta property=\"og:title\" content=\"FRATELLI DESIDERI Le Cene Stellate Chef Christian Milone Sua Maest\u00e0 Bianco Tartufo - dev6 Erresse\" \/>\n<meta property=\"og:description\" content=\"Con esta receta, Christian Milone (Chef 1 Estrella Michelin) nos gu\u00eda en un viaje exclusivo a la aristocracia de la cocina piamontesa, una experiencia\" \/>\n<meta property=\"og:url\" content=\"https:\/\/dev6.erresse-shop.it\/es\/shop\/food-es\/fratelli-desideri-le-cene-stellate-chef-christian-milone-sua-maesta-bianco-tartufo\/\" \/>\n<meta property=\"og:site_name\" content=\"dev6 Erresse\" \/>\n<meta property=\"og:image\" content=\"https:\/\/interpim.erresse-shop.it\/Import\/Prodotti\/fratelli-desideri-le-cene-stellate-sua-maesta-bianco-tartufo.jpg\" \/><meta property=\"og:image\" content=\"https:\/\/interpim.erresse-shop.it\/Import\/Prodotti\/fratelli-desideri-le-cene-stellate-sua-maesta-bianco-tartufo.jpg\" \/>\n\t<meta property=\"og:image:width\" content=\"1024\" \/>\n\t<meta property=\"og:image:height\" content=\"1024\" \/>\n\t<meta property=\"og:image:type\" content=\"image\/jpeg\" \/>\n<meta name=\"twitter:card\" content=\"summary_large_image\" \/>\n<meta name=\"twitter:image\" content=\"https:\/\/interpim.erresse-shop.it\/Import\/Prodotti\/fratelli-desideri-le-cene-stellate-sua-maesta-bianco-tartufo.jpg\" \/>\n<script type=\"application\/ld+json\" class=\"yoast-schema-graph\">{\"@context\":\"https:\/\/schema.org\",\"@graph\":[{\"@type\":\"WebPage\",\"@id\":\"https:\/\/dev6.erresse-shop.it\/es\/shop\/food-es\/fratelli-desideri-le-cene-stellate-chef-christian-milone-sua-maesta-bianco-tartufo\/\",\"url\":\"https:\/\/dev6.erresse-shop.it\/es\/shop\/food-es\/fratelli-desideri-le-cene-stellate-chef-christian-milone-sua-maesta-bianco-tartufo\/\",\"name\":\"FRATELLI DESIDERI Le Cene Stellate Chef Christian Milone Sua Maest\u00e0 Bianco Tartufo - dev6 Erresse\",\"isPartOf\":{\"@id\":\"https:\/\/dev6.erresse-shop.it\/#website\"},\"primaryImageOfPage\":{\"@id\":\"https:\/\/dev6.erresse-shop.it\/es\/shop\/food-es\/fratelli-desideri-le-cene-stellate-chef-christian-milone-sua-maesta-bianco-tartufo\/#primaryimage\"},\"image\":{\"@id\":\"https:\/\/dev6.erresse-shop.it\/es\/shop\/food-es\/fratelli-desideri-le-cene-stellate-chef-christian-milone-sua-maesta-bianco-tartufo\/#primaryimage\"},\"thumbnailUrl\":\"https:\/\/i3.wp.com\/interpim.erresse-shop.it\/Import\/Prodotti\/fratelli-desideri-le-cene-stellate-sua-maesta-bianco-tartufo.jpg?ssl=1\",\"datePublished\":\"2026-04-10T10:57:21+00:00\",\"description\":\"Con esta receta, Christian Milone (Chef 1 Estrella Michelin) nos gu\u00eda en un viaje exclusivo a la aristocracia de la cocina piamontesa, una experiencia\",\"breadcrumb\":{\"@id\":\"https:\/\/dev6.erresse-shop.it\/es\/shop\/food-es\/fratelli-desideri-le-cene-stellate-chef-christian-milone-sua-maesta-bianco-tartufo\/#breadcrumb\"},\"inLanguage\":\"es\",\"potentialAction\":[{\"@type\":\"ReadAction\",\"target\":[\"https:\/\/dev6.erresse-shop.it\/es\/shop\/food-es\/fratelli-desideri-le-cene-stellate-chef-christian-milone-sua-maesta-bianco-tartufo\/\"]}]},{\"@type\":\"ImageObject\",\"inLanguage\":\"es\",\"@id\":\"https:\/\/dev6.erresse-shop.it\/es\/shop\/food-es\/fratelli-desideri-le-cene-stellate-chef-christian-milone-sua-maesta-bianco-tartufo\/#primaryimage\",\"url\":\"https:\/\/i3.wp.com\/interpim.erresse-shop.it\/Import\/Prodotti\/fratelli-desideri-le-cene-stellate-sua-maesta-bianco-tartufo.jpg?ssl=1\",\"contentUrl\":\"https:\/\/i3.wp.com\/interpim.erresse-shop.it\/Import\/Prodotti\/fratelli-desideri-le-cene-stellate-sua-maesta-bianco-tartufo.jpg?ssl=1\"},{\"@type\":\"BreadcrumbList\",\"@id\":\"https:\/\/dev6.erresse-shop.it\/es\/shop\/food-es\/fratelli-desideri-le-cene-stellate-chef-christian-milone-sua-maesta-bianco-tartufo\/#breadcrumb\",\"itemListElement\":[{\"@type\":\"ListItem\",\"position\":1,\"name\":\"Home\",\"item\":\"https:\/\/dev6.erresse-shop.it\/\"},{\"@type\":\"ListItem\",\"position\":2,\"name\":\"Tienda\",\"item\":\"https:\/\/dev6.erresse-shop.it\/shop\/\"},{\"@type\":\"ListItem\",\"position\":3,\"name\":\"FRATELLI DESIDERI Le Cene Stellate Chef Christian Milone Sua Maest\u00e0 Bianco Tartufo\"}]},{\"@type\":\"WebSite\",\"@id\":\"https:\/\/dev6.erresse-shop.it\/#website\",\"url\":\"https:\/\/dev6.erresse-shop.it\/\",\"name\":\"Erresse Shop\",\"description\":\"\",\"publisher\":{\"@id\":\"https:\/\/dev6.erresse-shop.it\/#organization\"},\"potentialAction\":[{\"@type\":\"SearchAction\",\"target\":{\"@type\":\"EntryPoint\",\"urlTemplate\":\"https:\/\/dev6.erresse-shop.it\/?s={search_term_string}\"},\"query-input\":{\"@type\":\"PropertyValueSpecification\",\"valueRequired\":true,\"valueName\":\"search_term_string\"}}],\"inLanguage\":\"es\"},{\"@type\":\"Organization\",\"@id\":\"https:\/\/dev6.erresse-shop.it\/#organization\",\"name\":\"Erresse Shop\",\"url\":\"https:\/\/dev6.erresse-shop.it\/\",\"logo\":{\"@type\":\"ImageObject\",\"inLanguage\":\"es\",\"@id\":\"https:\/\/dev6.erresse-shop.it\/#\/schema\/logo\/image\/\",\"url\":\"https:\/\/dev6.erresse-shop.it\/wp-content\/uploads\/2025\/01\/LOGO-ERRESSE-CLASSICO.svg\",\"contentUrl\":\"https:\/\/dev6.erresse-shop.it\/wp-content\/uploads\/2025\/01\/LOGO-ERRESSE-CLASSICO.svg\",\"caption\":\"Erresse Shop\"},\"image\":{\"@id\":\"https:\/\/dev6.erresse-shop.it\/#\/schema\/logo\/image\/\"}}]}<\/script>\n<!-- \/ Yoast SEO plugin. -->","yoast_head_json":{"title":"FRATELLI DESIDERI Le Cene Stellate Chef Christian Milone Sua Maest\u00e0 Bianco Tartufo - dev6 Erresse","description":"Con esta receta, Christian Milone (Chef 1 Estrella Michelin) nos gu\u00eda en un viaje exclusivo a la aristocracia de la cocina piamontesa, una experiencia","robots":{"index":"noindex","follow":"follow","max-snippet":"max-snippet:-1","max-image-preview":"max-image-preview:large","max-video-preview":"max-video-preview:-1"},"og_locale":"es_ES","og_type":"article","og_title":"FRATELLI DESIDERI Le Cene Stellate Chef Christian Milone Sua Maest\u00e0 Bianco Tartufo - dev6 Erresse","og_description":"Con esta receta, Christian Milone (Chef 1 Estrella Michelin) nos gu\u00eda en un viaje exclusivo a la aristocracia de la cocina piamontesa, una experiencia","og_url":"https:\/\/dev6.erresse-shop.it\/es\/shop\/food-es\/fratelli-desideri-le-cene-stellate-chef-christian-milone-sua-maesta-bianco-tartufo\/","og_site_name":"dev6 Erresse","og_image":[{"url":"https:\/\/interpim.erresse-shop.it\/Import\/Prodotti\/fratelli-desideri-le-cene-stellate-sua-maesta-bianco-tartufo.jpg","type":"","width":"","height":""},{"url":"https:\/\/interpim.erresse-shop.it\/Import\/Prodotti\/fratelli-desideri-le-cene-stellate-sua-maesta-bianco-tartufo.jpg","width":1024,"height":1024,"type":"image\/jpeg"}],"twitter_card":"summary_large_image","twitter_image":"https:\/\/interpim.erresse-shop.it\/Import\/Prodotti\/fratelli-desideri-le-cene-stellate-sua-maesta-bianco-tartufo.jpg","schema":{"@context":"https:\/\/schema.org","@graph":[{"@type":"WebPage","@id":"https:\/\/dev6.erresse-shop.it\/es\/shop\/food-es\/fratelli-desideri-le-cene-stellate-chef-christian-milone-sua-maesta-bianco-tartufo\/","url":"https:\/\/dev6.erresse-shop.it\/es\/shop\/food-es\/fratelli-desideri-le-cene-stellate-chef-christian-milone-sua-maesta-bianco-tartufo\/","name":"FRATELLI DESIDERI Le Cene Stellate Chef Christian Milone Sua Maest\u00e0 Bianco Tartufo - dev6 Erresse","isPartOf":{"@id":"https:\/\/dev6.erresse-shop.it\/#website"},"primaryImageOfPage":{"@id":"https:\/\/dev6.erresse-shop.it\/es\/shop\/food-es\/fratelli-desideri-le-cene-stellate-chef-christian-milone-sua-maesta-bianco-tartufo\/#primaryimage"},"image":{"@id":"https:\/\/dev6.erresse-shop.it\/es\/shop\/food-es\/fratelli-desideri-le-cene-stellate-chef-christian-milone-sua-maesta-bianco-tartufo\/#primaryimage"},"thumbnailUrl":"https:\/\/i3.wp.com\/interpim.erresse-shop.it\/Import\/Prodotti\/fratelli-desideri-le-cene-stellate-sua-maesta-bianco-tartufo.jpg?ssl=1","datePublished":"2026-04-10T10:57:21+00:00","description":"Con esta receta, Christian Milone (Chef 1 Estrella Michelin) nos gu\u00eda en un viaje exclusivo a la aristocracia de la cocina piamontesa, una experiencia","breadcrumb":{"@id":"https:\/\/dev6.erresse-shop.it\/es\/shop\/food-es\/fratelli-desideri-le-cene-stellate-chef-christian-milone-sua-maesta-bianco-tartufo\/#breadcrumb"},"inLanguage":"es","potentialAction":[{"@type":"ReadAction","target":["https:\/\/dev6.erresse-shop.it\/es\/shop\/food-es\/fratelli-desideri-le-cene-stellate-chef-christian-milone-sua-maesta-bianco-tartufo\/"]}]},{"@type":"ImageObject","inLanguage":"es","@id":"https:\/\/dev6.erresse-shop.it\/es\/shop\/food-es\/fratelli-desideri-le-cene-stellate-chef-christian-milone-sua-maesta-bianco-tartufo\/#primaryimage","url":"https:\/\/i3.wp.com\/interpim.erresse-shop.it\/Import\/Prodotti\/fratelli-desideri-le-cene-stellate-sua-maesta-bianco-tartufo.jpg?ssl=1","contentUrl":"https:\/\/i3.wp.com\/interpim.erresse-shop.it\/Import\/Prodotti\/fratelli-desideri-le-cene-stellate-sua-maesta-bianco-tartufo.jpg?ssl=1"},{"@type":"BreadcrumbList","@id":"https:\/\/dev6.erresse-shop.it\/es\/shop\/food-es\/fratelli-desideri-le-cene-stellate-chef-christian-milone-sua-maesta-bianco-tartufo\/#breadcrumb","itemListElement":[{"@type":"ListItem","position":1,"name":"Home","item":"https:\/\/dev6.erresse-shop.it\/"},{"@type":"ListItem","position":2,"name":"Tienda","item":"https:\/\/dev6.erresse-shop.it\/shop\/"},{"@type":"ListItem","position":3,"name":"FRATELLI DESIDERI Le Cene Stellate Chef Christian Milone Sua Maest\u00e0 Bianco Tartufo"}]},{"@type":"WebSite","@id":"https:\/\/dev6.erresse-shop.it\/#website","url":"https:\/\/dev6.erresse-shop.it\/","name":"Erresse Shop","description":"","publisher":{"@id":"https:\/\/dev6.erresse-shop.it\/#organization"},"potentialAction":[{"@type":"SearchAction","target":{"@type":"EntryPoint","urlTemplate":"https:\/\/dev6.erresse-shop.it\/?s={search_term_string}"},"query-input":{"@type":"PropertyValueSpecification","valueRequired":true,"valueName":"search_term_string"}}],"inLanguage":"es"},{"@type":"Organization","@id":"https:\/\/dev6.erresse-shop.it\/#organization","name":"Erresse Shop","url":"https:\/\/dev6.erresse-shop.it\/","logo":{"@type":"ImageObject","inLanguage":"es","@id":"https:\/\/dev6.erresse-shop.it\/#\/schema\/logo\/image\/","url":"https:\/\/dev6.erresse-shop.it\/wp-content\/uploads\/2025\/01\/LOGO-ERRESSE-CLASSICO.svg","contentUrl":"https:\/\/dev6.erresse-shop.it\/wp-content\/uploads\/2025\/01\/LOGO-ERRESSE-CLASSICO.svg","caption":"Erresse Shop"},"image":{"@id":"https:\/\/dev6.erresse-shop.it\/#\/schema\/logo\/image\/"}}]}},"df_price":56.95,"df_sale_price":56.95,"df_regular_price":63,"df_image_link":"https:\/\/i3.wp.com\/interpim.erresse-shop.it\/Import\/Prodotti\/fratelli-desideri-le-cene-stellate-sua-maesta-bianco-tartufo.jpg?resize=300,300&ssl=1","fifu_image_url":"https:\/\/interpim.erresse-shop.it\/Import\/Prodotti\/fratelli-desideri-le-cene-stellate-sua-maesta-bianco-tartufo.jpg","_links":{"self":[{"href":"https:\/\/dev6.erresse-shop.it\/es\/wp-json\/wp\/v2\/product\/1882847","targetHints":{"allow":["GET"]}}],"collection":[{"href":"https:\/\/dev6.erresse-shop.it\/es\/wp-json\/wp\/v2\/product"}],"about":[{"href":"https:\/\/dev6.erresse-shop.it\/es\/wp-json\/wp\/v2\/types\/product"}],"wp:featuredmedia":[{"embeddable":true,"href":"https:\/\/dev6.erresse-shop.it\/es\/wp-json\/wp\/v2\/media\/6330360"}],"wp:attachment":[{"href":"https:\/\/dev6.erresse-shop.it\/es\/wp-json\/wp\/v2\/media?parent=1882847"}],"wp:term":[{"taxonomy":"product_cat","embeddable":true,"href":"https:\/\/dev6.erresse-shop.it\/es\/wp-json\/wp\/v2\/product_cat?post=1882847"},{"taxonomy":"product_tag","embeddable":true,"href":"https:\/\/dev6.erresse-shop.it\/es\/wp-json\/wp\/v2\/product_tag?post=1882847"}],"curies":[{"name":"wp","href":"https:\/\/api.w.org\/{rel}","templated":true}]}}