{"id":1882845,"date":"2026-04-12T12:18:55","date_gmt":"2026-04-12T10:18:55","guid":{"rendered":"https:\/\/dev6.erresse-shop.it\/shop\/sin%20categor\u00eda\/fratelli-desideri-le-cene-stellate-chef-andrea-larossa-vecchia-latteria\/"},"modified":"2025-09-14T09:53:46","modified_gmt":"2025-09-14T07:53:46","slug":"fratelli-desideri-le-cene-stellate-chef-andrea-larossa-vecchia-latteria","status":"publish","type":"product","link":"https:\/\/dev6.erresse-shop.it\/es\/shop\/food-es\/fratelli-desideri-le-cene-stellate-chef-andrea-larossa-vecchia-latteria\/","title":{"rendered":"FRATELLI DESIDERI Le Cene Stellate Chef Andrea Larossa Vecchia Latteria"},"content":{"rendered":"<p>La Vecchia Latteria es sin duda uno de los platos m\u00e1s ic\u00f3nicos y representativos de Andrea Larossa, lo que contribuy\u00f3 decisivamente a conseguirle la Estrella Michelin y a consolidar su fama en la escena de los restaurantes gourmet internacionales. Este extraordinario plato, que combina la maestr\u00eda t\u00e9cnica del chef con su capacidad de innovaci\u00f3n, es un aut\u00e9ntico homenaje a la tradici\u00f3n gastron\u00f3mica, enriquecido con un toque de modernidad que lo hace \u00fanico e inolvidable.<\/p>\n<p>En el centro de la receta encontramos el arroz Acquerello, una fina variedad que destaca por su calidad superior y su capacidad para absorber los sabores de forma impecable. El arroz se crema con queso Monte Vecchio, un queso curado que, con su cremosidad y su fuerte sabor, aporta una estructura rica y envolvente al plato. La combinaci\u00f3n de estos dos ingredientes, que por s\u00ed solos ya ser\u00edan extraordinarios, crea una base perfecta, un equilibrio perfecto de sabores que se funden delicadamente en el paladar.<\/p>\n<p>Pero es el elemento sorprendente, el regaliz, el que aporta al plato una nota explosiva e inesperada. Con su sabor caracter\u00edstico y ligeramente amargo, el regaliz consigue contrastar y equilibrar la riqueza del queso y la suavidad del arroz, creando una sinergia de sabores que sorprende en cada bocado. Una combinaci\u00f3n de intensidad y refinamiento que transforma cada gusto en una experiencia sensorial completa, capaz de despertar emociones contrastantes y fascinantes.<\/p>\n<p>Esta combinaci\u00f3n de sabores e intensidad es decididamente inesperada, pero al mismo tiempo perfectamente equilibrada, un juego de contrastes que sorprende y conquista, dejando una sensaci\u00f3n de satisfacci\u00f3n y placer que perdura. mucho tiempo. La Vecchia Latteria no es s\u00f3lo un plato, sino un aut\u00e9ntico espect\u00e1culo culinario que captar\u00e1 la atenci\u00f3n de todo aquel que la pruebe, convirti\u00e9ndose en el protagonista indiscutible de toda cena elegante.<\/p>\n<p>Preparar este platillo en tu mesa no solo ser\u00e1 una forma de ofrecer una cena especial, sino tambi\u00e9n una declaraci\u00f3n de orgullo para quien lo cocine. El cuidado y la precisi\u00f3n necesarios para replicar esta receta, as\u00ed como el placer de servir un plato que lleva la firma de un chef estrella, ser\u00e1n una fuente de satisfacci\u00f3n invaluable. Este plato representa la c\u00faspide de la cocina gourmet, donde tradici\u00f3n, innovaci\u00f3n y pasi\u00f3n se unen para dar vida a una verdadera obra de arte gastron\u00f3mica.<\/p>\n<p>Esta receta est\u00e1 elaborada con ingredientes sin gluten, sin embargo no podemos garantizar el producto contra cualquier contaminaci\u00f3n externa.<\/p>\n<p>Detalles del producto:<\/p>\n<p>Porciones: 4 personas<br \/>\nTiempo de preparaci\u00f3n: 25 min.<br \/>\nDificultad: Baja<\/p>\n","protected":false},"excerpt":{"rendered":"<p>La Vecchia Latteria es sin duda uno de los platos m\u00e1s ic\u00f3nicos y representativos de Andrea Larossa, lo que contribuy\u00f3 decisivamente a conseguirle la Estrella Michelin y a consolidar su fama en la escena de los restaurantes gourmet internacionales. Este extraordinario plato, que combina la maestr\u00eda t\u00e9cnica del chef con su capacidad de innovaci\u00f3n, es [&hellip;]<\/p>\n","protected":false},"featured_media":6371983,"template":"","meta":{"_acf_changed":false},"product_cat":[11941],"product_tag":[],"class_list":{"0":"post-1882845","1":"product","2":"type-product","3":"status-publish","4":"has-post-thumbnail","6":"product_cat-food-es","8":"first","9":"instock","10":"taxable","11":"shipping-taxable","12":"purchasable","13":"product-type-simple","swatches":"rey-swatches","show_selected":"","stretch_labels":"rey-swatches--stretch-labels"},"acf":[],"yoast_head":"<!-- This site is optimized with the Yoast SEO plugin v25.4 - https:\/\/yoast.com\/wordpress\/plugins\/seo\/ -->\n<title>FRATELLI DESIDERI Le Cene Stellate Chef Andrea Larossa Vecchia Latteria - dev6 Erresse<\/title>\n<meta name=\"description\" content=\"La Vecchia Latteria es sin duda uno de los platos m\u00e1s ic\u00f3nicos y representativos de Andrea Larossa, lo que contribuy\u00f3 decisivamente a conseguirle la\" \/>\n<meta name=\"robots\" content=\"noindex, follow, max-snippet:-1, max-image-preview:large, max-video-preview:-1\" \/>\n<meta property=\"og:locale\" content=\"es_ES\" \/>\n<meta property=\"og:type\" content=\"article\" \/>\n<meta property=\"og:title\" content=\"FRATELLI DESIDERI Le Cene Stellate Chef Andrea Larossa Vecchia Latteria - dev6 Erresse\" \/>\n<meta property=\"og:description\" content=\"La Vecchia Latteria es sin duda uno de los platos m\u00e1s ic\u00f3nicos y representativos de Andrea Larossa, lo que contribuy\u00f3 decisivamente a conseguirle la\" \/>\n<meta property=\"og:url\" content=\"https:\/\/dev6.erresse-shop.it\/es\/shop\/food-es\/fratelli-desideri-le-cene-stellate-chef-andrea-larossa-vecchia-latteria\/\" \/>\n<meta property=\"og:site_name\" content=\"dev6 Erresse\" \/>\n<meta property=\"og:image\" content=\"https:\/\/interpim.erresse-shop.it\/Import\/Prodotti\/fratelli-desideri-le-cene-stellate-vecchia-latteria.jpg\" \/><meta property=\"og:image\" content=\"https:\/\/interpim.erresse-shop.it\/Import\/Prodotti\/fratelli-desideri-le-cene-stellate-vecchia-latteria.jpg\" \/>\n\t<meta property=\"og:image:width\" content=\"1024\" \/>\n\t<meta property=\"og:image:height\" content=\"1024\" \/>\n\t<meta property=\"og:image:type\" content=\"image\/jpeg\" \/>\n<meta name=\"twitter:card\" content=\"summary_large_image\" \/>\n<meta name=\"twitter:image\" content=\"https:\/\/interpim.erresse-shop.it\/Import\/Prodotti\/fratelli-desideri-le-cene-stellate-vecchia-latteria.jpg\" \/>\n<script type=\"application\/ld+json\" class=\"yoast-schema-graph\">{\"@context\":\"https:\/\/schema.org\",\"@graph\":[{\"@type\":\"WebPage\",\"@id\":\"https:\/\/dev6.erresse-shop.it\/es\/shop\/food-es\/fratelli-desideri-le-cene-stellate-chef-andrea-larossa-vecchia-latteria\/\",\"url\":\"https:\/\/dev6.erresse-shop.it\/es\/shop\/food-es\/fratelli-desideri-le-cene-stellate-chef-andrea-larossa-vecchia-latteria\/\",\"name\":\"FRATELLI DESIDERI Le Cene Stellate Chef Andrea Larossa Vecchia Latteria - dev6 Erresse\",\"isPartOf\":{\"@id\":\"https:\/\/dev6.erresse-shop.it\/#website\"},\"primaryImageOfPage\":{\"@id\":\"https:\/\/dev6.erresse-shop.it\/es\/shop\/food-es\/fratelli-desideri-le-cene-stellate-chef-andrea-larossa-vecchia-latteria\/#primaryimage\"},\"image\":{\"@id\":\"https:\/\/dev6.erresse-shop.it\/es\/shop\/food-es\/fratelli-desideri-le-cene-stellate-chef-andrea-larossa-vecchia-latteria\/#primaryimage\"},\"thumbnailUrl\":\"https:\/\/i1.wp.com\/interpim.erresse-shop.it\/Import\/Prodotti\/fratelli-desideri-le-cene-stellate-vecchia-latteria.jpg?ssl=1\",\"datePublished\":\"2026-04-12T10:18:55+00:00\",\"description\":\"La Vecchia Latteria es sin duda uno de los platos m\u00e1s ic\u00f3nicos y representativos de Andrea Larossa, lo que contribuy\u00f3 decisivamente a conseguirle la\",\"breadcrumb\":{\"@id\":\"https:\/\/dev6.erresse-shop.it\/es\/shop\/food-es\/fratelli-desideri-le-cene-stellate-chef-andrea-larossa-vecchia-latteria\/#breadcrumb\"},\"inLanguage\":\"es\",\"potentialAction\":[{\"@type\":\"ReadAction\",\"target\":[\"https:\/\/dev6.erresse-shop.it\/es\/shop\/food-es\/fratelli-desideri-le-cene-stellate-chef-andrea-larossa-vecchia-latteria\/\"]}]},{\"@type\":\"ImageObject\",\"inLanguage\":\"es\",\"@id\":\"https:\/\/dev6.erresse-shop.it\/es\/shop\/food-es\/fratelli-desideri-le-cene-stellate-chef-andrea-larossa-vecchia-latteria\/#primaryimage\",\"url\":\"https:\/\/i1.wp.com\/interpim.erresse-shop.it\/Import\/Prodotti\/fratelli-desideri-le-cene-stellate-vecchia-latteria.jpg?ssl=1\",\"contentUrl\":\"https:\/\/i1.wp.com\/interpim.erresse-shop.it\/Import\/Prodotti\/fratelli-desideri-le-cene-stellate-vecchia-latteria.jpg?ssl=1\"},{\"@type\":\"BreadcrumbList\",\"@id\":\"https:\/\/dev6.erresse-shop.it\/es\/shop\/food-es\/fratelli-desideri-le-cene-stellate-chef-andrea-larossa-vecchia-latteria\/#breadcrumb\",\"itemListElement\":[{\"@type\":\"ListItem\",\"position\":1,\"name\":\"Home\",\"item\":\"https:\/\/dev6.erresse-shop.it\/\"},{\"@type\":\"ListItem\",\"position\":2,\"name\":\"Tienda\",\"item\":\"https:\/\/dev6.erresse-shop.it\/shop\/\"},{\"@type\":\"ListItem\",\"position\":3,\"name\":\"FRATELLI DESIDERI Le Cene Stellate Chef Andrea Larossa Vecchia Latteria\"}]},{\"@type\":\"WebSite\",\"@id\":\"https:\/\/dev6.erresse-shop.it\/#website\",\"url\":\"https:\/\/dev6.erresse-shop.it\/\",\"name\":\"Erresse Shop\",\"description\":\"\",\"publisher\":{\"@id\":\"https:\/\/dev6.erresse-shop.it\/#organization\"},\"potentialAction\":[{\"@type\":\"SearchAction\",\"target\":{\"@type\":\"EntryPoint\",\"urlTemplate\":\"https:\/\/dev6.erresse-shop.it\/?s={search_term_string}\"},\"query-input\":{\"@type\":\"PropertyValueSpecification\",\"valueRequired\":true,\"valueName\":\"search_term_string\"}}],\"inLanguage\":\"es\"},{\"@type\":\"Organization\",\"@id\":\"https:\/\/dev6.erresse-shop.it\/#organization\",\"name\":\"Erresse Shop\",\"url\":\"https:\/\/dev6.erresse-shop.it\/\",\"logo\":{\"@type\":\"ImageObject\",\"inLanguage\":\"es\",\"@id\":\"https:\/\/dev6.erresse-shop.it\/#\/schema\/logo\/image\/\",\"url\":\"https:\/\/dev6.erresse-shop.it\/wp-content\/uploads\/2025\/01\/LOGO-ERRESSE-CLASSICO.svg\",\"contentUrl\":\"https:\/\/dev6.erresse-shop.it\/wp-content\/uploads\/2025\/01\/LOGO-ERRESSE-CLASSICO.svg\",\"caption\":\"Erresse Shop\"},\"image\":{\"@id\":\"https:\/\/dev6.erresse-shop.it\/#\/schema\/logo\/image\/\"}}]}<\/script>\n<!-- \/ Yoast SEO plugin. -->","yoast_head_json":{"title":"FRATELLI DESIDERI Le Cene Stellate Chef Andrea Larossa Vecchia Latteria - dev6 Erresse","description":"La Vecchia Latteria es sin duda uno de los platos m\u00e1s ic\u00f3nicos y representativos de Andrea Larossa, lo que contribuy\u00f3 decisivamente a conseguirle la","robots":{"index":"noindex","follow":"follow","max-snippet":"max-snippet:-1","max-image-preview":"max-image-preview:large","max-video-preview":"max-video-preview:-1"},"og_locale":"es_ES","og_type":"article","og_title":"FRATELLI DESIDERI Le Cene Stellate Chef Andrea Larossa Vecchia Latteria - dev6 Erresse","og_description":"La Vecchia Latteria es sin duda uno de los platos m\u00e1s ic\u00f3nicos y representativos de Andrea Larossa, lo que contribuy\u00f3 decisivamente a conseguirle la","og_url":"https:\/\/dev6.erresse-shop.it\/es\/shop\/food-es\/fratelli-desideri-le-cene-stellate-chef-andrea-larossa-vecchia-latteria\/","og_site_name":"dev6 Erresse","og_image":[{"url":"https:\/\/interpim.erresse-shop.it\/Import\/Prodotti\/fratelli-desideri-le-cene-stellate-vecchia-latteria.jpg","type":"","width":"","height":""},{"url":"https:\/\/interpim.erresse-shop.it\/Import\/Prodotti\/fratelli-desideri-le-cene-stellate-vecchia-latteria.jpg","width":1024,"height":1024,"type":"image\/jpeg"}],"twitter_card":"summary_large_image","twitter_image":"https:\/\/interpim.erresse-shop.it\/Import\/Prodotti\/fratelli-desideri-le-cene-stellate-vecchia-latteria.jpg","schema":{"@context":"https:\/\/schema.org","@graph":[{"@type":"WebPage","@id":"https:\/\/dev6.erresse-shop.it\/es\/shop\/food-es\/fratelli-desideri-le-cene-stellate-chef-andrea-larossa-vecchia-latteria\/","url":"https:\/\/dev6.erresse-shop.it\/es\/shop\/food-es\/fratelli-desideri-le-cene-stellate-chef-andrea-larossa-vecchia-latteria\/","name":"FRATELLI DESIDERI Le Cene Stellate Chef Andrea Larossa Vecchia Latteria - dev6 Erresse","isPartOf":{"@id":"https:\/\/dev6.erresse-shop.it\/#website"},"primaryImageOfPage":{"@id":"https:\/\/dev6.erresse-shop.it\/es\/shop\/food-es\/fratelli-desideri-le-cene-stellate-chef-andrea-larossa-vecchia-latteria\/#primaryimage"},"image":{"@id":"https:\/\/dev6.erresse-shop.it\/es\/shop\/food-es\/fratelli-desideri-le-cene-stellate-chef-andrea-larossa-vecchia-latteria\/#primaryimage"},"thumbnailUrl":"https:\/\/i1.wp.com\/interpim.erresse-shop.it\/Import\/Prodotti\/fratelli-desideri-le-cene-stellate-vecchia-latteria.jpg?ssl=1","datePublished":"2026-04-12T10:18:55+00:00","description":"La Vecchia Latteria es sin duda uno de los platos m\u00e1s ic\u00f3nicos y representativos de Andrea Larossa, lo que contribuy\u00f3 decisivamente a conseguirle la","breadcrumb":{"@id":"https:\/\/dev6.erresse-shop.it\/es\/shop\/food-es\/fratelli-desideri-le-cene-stellate-chef-andrea-larossa-vecchia-latteria\/#breadcrumb"},"inLanguage":"es","potentialAction":[{"@type":"ReadAction","target":["https:\/\/dev6.erresse-shop.it\/es\/shop\/food-es\/fratelli-desideri-le-cene-stellate-chef-andrea-larossa-vecchia-latteria\/"]}]},{"@type":"ImageObject","inLanguage":"es","@id":"https:\/\/dev6.erresse-shop.it\/es\/shop\/food-es\/fratelli-desideri-le-cene-stellate-chef-andrea-larossa-vecchia-latteria\/#primaryimage","url":"https:\/\/i1.wp.com\/interpim.erresse-shop.it\/Import\/Prodotti\/fratelli-desideri-le-cene-stellate-vecchia-latteria.jpg?ssl=1","contentUrl":"https:\/\/i1.wp.com\/interpim.erresse-shop.it\/Import\/Prodotti\/fratelli-desideri-le-cene-stellate-vecchia-latteria.jpg?ssl=1"},{"@type":"BreadcrumbList","@id":"https:\/\/dev6.erresse-shop.it\/es\/shop\/food-es\/fratelli-desideri-le-cene-stellate-chef-andrea-larossa-vecchia-latteria\/#breadcrumb","itemListElement":[{"@type":"ListItem","position":1,"name":"Home","item":"https:\/\/dev6.erresse-shop.it\/"},{"@type":"ListItem","position":2,"name":"Tienda","item":"https:\/\/dev6.erresse-shop.it\/shop\/"},{"@type":"ListItem","position":3,"name":"FRATELLI DESIDERI Le Cene Stellate Chef Andrea Larossa Vecchia Latteria"}]},{"@type":"WebSite","@id":"https:\/\/dev6.erresse-shop.it\/#website","url":"https:\/\/dev6.erresse-shop.it\/","name":"Erresse Shop","description":"","publisher":{"@id":"https:\/\/dev6.erresse-shop.it\/#organization"},"potentialAction":[{"@type":"SearchAction","target":{"@type":"EntryPoint","urlTemplate":"https:\/\/dev6.erresse-shop.it\/?s={search_term_string}"},"query-input":{"@type":"PropertyValueSpecification","valueRequired":true,"valueName":"search_term_string"}}],"inLanguage":"es"},{"@type":"Organization","@id":"https:\/\/dev6.erresse-shop.it\/#organization","name":"Erresse Shop","url":"https:\/\/dev6.erresse-shop.it\/","logo":{"@type":"ImageObject","inLanguage":"es","@id":"https:\/\/dev6.erresse-shop.it\/#\/schema\/logo\/image\/","url":"https:\/\/dev6.erresse-shop.it\/wp-content\/uploads\/2025\/01\/LOGO-ERRESSE-CLASSICO.svg","contentUrl":"https:\/\/dev6.erresse-shop.it\/wp-content\/uploads\/2025\/01\/LOGO-ERRESSE-CLASSICO.svg","caption":"Erresse Shop"},"image":{"@id":"https:\/\/dev6.erresse-shop.it\/#\/schema\/logo\/image\/"}}]}},"df_price":42,"df_sale_price":"","df_regular_price":42,"df_image_link":"https:\/\/i1.wp.com\/interpim.erresse-shop.it\/Import\/Prodotti\/fratelli-desideri-le-cene-stellate-vecchia-latteria.jpg?resize=300,300&ssl=1","fifu_image_url":"https:\/\/interpim.erresse-shop.it\/Import\/Prodotti\/fratelli-desideri-le-cene-stellate-vecchia-latteria.jpg","_links":{"self":[{"href":"https:\/\/dev6.erresse-shop.it\/es\/wp-json\/wp\/v2\/product\/1882845","targetHints":{"allow":["GET"]}}],"collection":[{"href":"https:\/\/dev6.erresse-shop.it\/es\/wp-json\/wp\/v2\/product"}],"about":[{"href":"https:\/\/dev6.erresse-shop.it\/es\/wp-json\/wp\/v2\/types\/product"}],"wp:featuredmedia":[{"embeddable":true,"href":"https:\/\/dev6.erresse-shop.it\/es\/wp-json\/wp\/v2\/media\/6371983"}],"wp:attachment":[{"href":"https:\/\/dev6.erresse-shop.it\/es\/wp-json\/wp\/v2\/media?parent=1882845"}],"wp:term":[{"taxonomy":"product_cat","embeddable":true,"href":"https:\/\/dev6.erresse-shop.it\/es\/wp-json\/wp\/v2\/product_cat?post=1882845"},{"taxonomy":"product_tag","embeddable":true,"href":"https:\/\/dev6.erresse-shop.it\/es\/wp-json\/wp\/v2\/product_tag?post=1882845"}],"curies":[{"name":"wp","href":"https:\/\/api.w.org\/{rel}","templated":true}]}}