{"id":1882841,"date":"2026-04-12T12:18:55","date_gmt":"2026-04-12T10:18:55","guid":{"rendered":"https:\/\/dev6.erresse-shop.it\/shop\/sin%20categor\u00eda\/les-jardins-de-la-comtesse-cesta-de-pcnic-6-personas-trianon\/"},"modified":"2025-09-14T09:53:39","modified_gmt":"2025-09-14T07:53:39","slug":"les-jardins-de-la-comtesse-cesta-de-pcnic-6-personas-trianon","status":"publish","type":"product","link":"https:\/\/dev6.erresse-shop.it\/es\/shop\/tabla\/cestas-de-picnic\/les-jardins-de-la-comtesse-cesta-de-pcnic-6-personas-trianon\/","title":{"rendered":"LES JARDINS DE LA COMTESSE Cesta de Pcnic 6 Personas Trianon"},"content":{"rendered":"<p>Una cesta refinada con correas, asa y correa ajustable para el hombro en cuero genuino liso y cosido.<br \/>\nEl asa en la parte superior le permite transportarlo horizontalmente sin volcar los platos preparados.<br \/>\n\u00bfInnovaci\u00f3n? Su tejido de lona revestido, f\u00e1cil de limpiar. \u00a1Ya no tengas miedo de ensuciar tu\u00a0cesta, solo dale una esponja y estar\u00e1 limpia nuevamente! Siempre permanecer\u00e1 perfecto durante todos tus\u00a0picnics.<br \/>\nLa base forma un gran compartimento isot\u00e9rmico para mantener los productos frescos. En su interior encontrar\u00e1 vasos sujetos con cordones de cuero, correas de cuero para sujetar una botella y un bolso con cubiertos de dise\u00f1o en acero inoxidable pulido en su interior.<br \/>\nLa\u00a0cesta\u00a0ideal para un picnic.<\/p>\n<p>CONTENIDO<\/p>\n<p>6 platos (di\u00e1metro 20,5 cm) en cer\u00e1mica blanca. Las placas se sujetan mediante correas de cuero cosidas lisas en ambos lados.<br \/>\n6 copas de vino (12 cl)<br \/>\nUna peque\u00f1a bolsa que contiene 6 cuchillos, 6 tenedores y 6 cucharas de caf\u00e9 de dise\u00f1o en acero inoxidable pulido.<br \/>\nSalero y pimentero de metal en su cierre de piel.<br \/>\nUn sacacorchos en su cierre de cuero.<br \/>\n2 correas de cuero para sujetar una botella.<br \/>\n2 correas de cuero para sujetar el bolso con los cubiertos<\/p>\n<p>Dimensiones: 52x36x27cm<\/p>\n<p>Peso: 6.200 kilogramos<\/p>\n","protected":false},"excerpt":{"rendered":"<p>Una cesta refinada con correas, asa y correa ajustable para el hombro en cuero genuino liso y cosido. El asa en la parte superior le permite transportarlo horizontalmente sin volcar los platos preparados. \u00bfInnovaci\u00f3n? Su tejido de lona revestido, f\u00e1cil de limpiar. \u00a1Ya no tengas miedo de ensuciar tu\u00a0cesta, solo dale una esponja y estar\u00e1 [&hellip;]<\/p>\n","protected":false},"featured_media":6371970,"template":"","meta":{"_acf_changed":false},"product_cat":[11924,11887,11671],"product_tag":[],"class_list":{"0":"post-1882841","1":"product","2":"type-product","3":"status-publish","4":"has-post-thumbnail","6":"product_cat-cestas-de-picnic","7":"product_cat-tabla","8":"product_cat-tavola","10":"first","11":"instock","12":"sale","13":"taxable","14":"shipping-taxable","15":"purchasable","16":"product-type-simple","swatches":"rey-swatches","show_selected":"","stretch_labels":"rey-swatches--stretch-labels"},"acf":[],"yoast_head":"<!-- This site is optimized with the Yoast SEO plugin v25.4 - https:\/\/yoast.com\/wordpress\/plugins\/seo\/ -->\n<title>LES JARDINS DE LA COMTESSE Cesta de Pcnic 6 Personas Trianon - dev6 Erresse<\/title>\n<meta name=\"description\" content=\"Una cesta refinada con correas, asa y correa ajustable para el hombro en cuero genuino liso y cosido. El asa en la parte superior le permite transportarlo\" \/>\n<meta name=\"robots\" content=\"noindex, follow, max-snippet:-1, max-image-preview:large, max-video-preview:-1\" \/>\n<meta property=\"og:locale\" content=\"es_ES\" \/>\n<meta property=\"og:type\" content=\"article\" \/>\n<meta property=\"og:title\" content=\"LES JARDINS DE LA COMTESSE Cesta de Pcnic 6 Personas Trianon - dev6 Erresse\" \/>\n<meta property=\"og:description\" content=\"Una cesta refinada con correas, asa y correa ajustable para el hombro en cuero genuino liso y cosido. El asa en la parte superior le permite transportarlo\" \/>\n<meta property=\"og:url\" content=\"https:\/\/dev6.erresse-shop.it\/es\/shop\/tabla\/cestas-de-picnic\/les-jardins-de-la-comtesse-cesta-de-pcnic-6-personas-trianon\/\" \/>\n<meta property=\"og:site_name\" content=\"dev6 Erresse\" \/>\n<meta property=\"og:image\" content=\"https:\/\/interpim.erresse-shop.it\/Import\/Prodotti\/les-jardins-de-la-comtesse-cestino-picnic-6-persone-trianon.jpg\" \/><meta property=\"og:image\" content=\"https:\/\/interpim.erresse-shop.it\/Import\/Prodotti\/les-jardins-de-la-comtesse-cestino-picnic-6-persone-trianon.jpg\" \/>\n\t<meta property=\"og:image:width\" content=\"1024\" \/>\n\t<meta property=\"og:image:height\" content=\"1024\" \/>\n\t<meta property=\"og:image:type\" content=\"image\/jpeg\" \/>\n<meta name=\"twitter:card\" content=\"summary_large_image\" \/>\n<meta name=\"twitter:image\" content=\"https:\/\/interpim.erresse-shop.it\/Import\/Prodotti\/les-jardins-de-la-comtesse-cestino-picnic-6-persone-trianon.jpg\" \/>\n<script type=\"application\/ld+json\" class=\"yoast-schema-graph\">{\"@context\":\"https:\/\/schema.org\",\"@graph\":[{\"@type\":\"WebPage\",\"@id\":\"https:\/\/dev6.erresse-shop.it\/es\/shop\/tabla\/cestas-de-picnic\/les-jardins-de-la-comtesse-cesta-de-pcnic-6-personas-trianon\/\",\"url\":\"https:\/\/dev6.erresse-shop.it\/es\/shop\/tabla\/cestas-de-picnic\/les-jardins-de-la-comtesse-cesta-de-pcnic-6-personas-trianon\/\",\"name\":\"LES JARDINS DE LA COMTESSE Cesta de Pcnic 6 Personas Trianon - dev6 Erresse\",\"isPartOf\":{\"@id\":\"https:\/\/dev6.erresse-shop.it\/#website\"},\"primaryImageOfPage\":{\"@id\":\"https:\/\/dev6.erresse-shop.it\/es\/shop\/tabla\/cestas-de-picnic\/les-jardins-de-la-comtesse-cesta-de-pcnic-6-personas-trianon\/#primaryimage\"},\"image\":{\"@id\":\"https:\/\/dev6.erresse-shop.it\/es\/shop\/tabla\/cestas-de-picnic\/les-jardins-de-la-comtesse-cesta-de-pcnic-6-personas-trianon\/#primaryimage\"},\"thumbnailUrl\":\"https:\/\/i2.wp.com\/interpim.erresse-shop.it\/Import\/Prodotti\/les-jardins-de-la-comtesse-cestino-picnic-6-persone-trianon.jpg?ssl=1\",\"datePublished\":\"2026-04-12T10:18:55+00:00\",\"description\":\"Una cesta refinada con correas, asa y correa ajustable para el hombro en cuero genuino liso y cosido. El asa en la parte superior le permite transportarlo\",\"breadcrumb\":{\"@id\":\"https:\/\/dev6.erresse-shop.it\/es\/shop\/tabla\/cestas-de-picnic\/les-jardins-de-la-comtesse-cesta-de-pcnic-6-personas-trianon\/#breadcrumb\"},\"inLanguage\":\"es\",\"potentialAction\":[{\"@type\":\"ReadAction\",\"target\":[\"https:\/\/dev6.erresse-shop.it\/es\/shop\/tabla\/cestas-de-picnic\/les-jardins-de-la-comtesse-cesta-de-pcnic-6-personas-trianon\/\"]}]},{\"@type\":\"ImageObject\",\"inLanguage\":\"es\",\"@id\":\"https:\/\/dev6.erresse-shop.it\/es\/shop\/tabla\/cestas-de-picnic\/les-jardins-de-la-comtesse-cesta-de-pcnic-6-personas-trianon\/#primaryimage\",\"url\":\"https:\/\/i2.wp.com\/interpim.erresse-shop.it\/Import\/Prodotti\/les-jardins-de-la-comtesse-cestino-picnic-6-persone-trianon.jpg?ssl=1\",\"contentUrl\":\"https:\/\/i2.wp.com\/interpim.erresse-shop.it\/Import\/Prodotti\/les-jardins-de-la-comtesse-cestino-picnic-6-persone-trianon.jpg?ssl=1\"},{\"@type\":\"BreadcrumbList\",\"@id\":\"https:\/\/dev6.erresse-shop.it\/es\/shop\/tabla\/cestas-de-picnic\/les-jardins-de-la-comtesse-cesta-de-pcnic-6-personas-trianon\/#breadcrumb\",\"itemListElement\":[{\"@type\":\"ListItem\",\"position\":1,\"name\":\"Home\",\"item\":\"https:\/\/dev6.erresse-shop.it\/\"},{\"@type\":\"ListItem\",\"position\":2,\"name\":\"Tienda\",\"item\":\"https:\/\/dev6.erresse-shop.it\/shop\/\"},{\"@type\":\"ListItem\",\"position\":3,\"name\":\"LES JARDINS DE LA COMTESSE Cesta de Pcnic 6 Personas Trianon\"}]},{\"@type\":\"WebSite\",\"@id\":\"https:\/\/dev6.erresse-shop.it\/#website\",\"url\":\"https:\/\/dev6.erresse-shop.it\/\",\"name\":\"Erresse Shop\",\"description\":\"\",\"publisher\":{\"@id\":\"https:\/\/dev6.erresse-shop.it\/#organization\"},\"potentialAction\":[{\"@type\":\"SearchAction\",\"target\":{\"@type\":\"EntryPoint\",\"urlTemplate\":\"https:\/\/dev6.erresse-shop.it\/?s={search_term_string}\"},\"query-input\":{\"@type\":\"PropertyValueSpecification\",\"valueRequired\":true,\"valueName\":\"search_term_string\"}}],\"inLanguage\":\"es\"},{\"@type\":\"Organization\",\"@id\":\"https:\/\/dev6.erresse-shop.it\/#organization\",\"name\":\"Erresse Shop\",\"url\":\"https:\/\/dev6.erresse-shop.it\/\",\"logo\":{\"@type\":\"ImageObject\",\"inLanguage\":\"es\",\"@id\":\"https:\/\/dev6.erresse-shop.it\/#\/schema\/logo\/image\/\",\"url\":\"https:\/\/dev6.erresse-shop.it\/wp-content\/uploads\/2025\/01\/LOGO-ERRESSE-CLASSICO.svg\",\"contentUrl\":\"https:\/\/dev6.erresse-shop.it\/wp-content\/uploads\/2025\/01\/LOGO-ERRESSE-CLASSICO.svg\",\"caption\":\"Erresse Shop\"},\"image\":{\"@id\":\"https:\/\/dev6.erresse-shop.it\/#\/schema\/logo\/image\/\"}}]}<\/script>\n<!-- \/ Yoast SEO plugin. -->","yoast_head_json":{"title":"LES JARDINS DE LA COMTESSE Cesta de Pcnic 6 Personas Trianon - dev6 Erresse","description":"Una cesta refinada con correas, asa y correa ajustable para el hombro en cuero genuino liso y cosido. El asa en la parte superior le permite transportarlo","robots":{"index":"noindex","follow":"follow","max-snippet":"max-snippet:-1","max-image-preview":"max-image-preview:large","max-video-preview":"max-video-preview:-1"},"og_locale":"es_ES","og_type":"article","og_title":"LES JARDINS DE LA COMTESSE Cesta de Pcnic 6 Personas Trianon - dev6 Erresse","og_description":"Una cesta refinada con correas, asa y correa ajustable para el hombro en cuero genuino liso y cosido. El asa en la parte superior le permite transportarlo","og_url":"https:\/\/dev6.erresse-shop.it\/es\/shop\/tabla\/cestas-de-picnic\/les-jardins-de-la-comtesse-cesta-de-pcnic-6-personas-trianon\/","og_site_name":"dev6 Erresse","og_image":[{"url":"https:\/\/interpim.erresse-shop.it\/Import\/Prodotti\/les-jardins-de-la-comtesse-cestino-picnic-6-persone-trianon.jpg","type":"","width":"","height":""},{"url":"https:\/\/interpim.erresse-shop.it\/Import\/Prodotti\/les-jardins-de-la-comtesse-cestino-picnic-6-persone-trianon.jpg","width":1024,"height":1024,"type":"image\/jpeg"}],"twitter_card":"summary_large_image","twitter_image":"https:\/\/interpim.erresse-shop.it\/Import\/Prodotti\/les-jardins-de-la-comtesse-cestino-picnic-6-persone-trianon.jpg","schema":{"@context":"https:\/\/schema.org","@graph":[{"@type":"WebPage","@id":"https:\/\/dev6.erresse-shop.it\/es\/shop\/tabla\/cestas-de-picnic\/les-jardins-de-la-comtesse-cesta-de-pcnic-6-personas-trianon\/","url":"https:\/\/dev6.erresse-shop.it\/es\/shop\/tabla\/cestas-de-picnic\/les-jardins-de-la-comtesse-cesta-de-pcnic-6-personas-trianon\/","name":"LES JARDINS DE LA COMTESSE Cesta de Pcnic 6 Personas Trianon - dev6 Erresse","isPartOf":{"@id":"https:\/\/dev6.erresse-shop.it\/#website"},"primaryImageOfPage":{"@id":"https:\/\/dev6.erresse-shop.it\/es\/shop\/tabla\/cestas-de-picnic\/les-jardins-de-la-comtesse-cesta-de-pcnic-6-personas-trianon\/#primaryimage"},"image":{"@id":"https:\/\/dev6.erresse-shop.it\/es\/shop\/tabla\/cestas-de-picnic\/les-jardins-de-la-comtesse-cesta-de-pcnic-6-personas-trianon\/#primaryimage"},"thumbnailUrl":"https:\/\/i2.wp.com\/interpim.erresse-shop.it\/Import\/Prodotti\/les-jardins-de-la-comtesse-cestino-picnic-6-persone-trianon.jpg?ssl=1","datePublished":"2026-04-12T10:18:55+00:00","description":"Una cesta refinada con correas, asa y correa ajustable para el hombro en cuero genuino liso y cosido. El asa en la parte superior le permite transportarlo","breadcrumb":{"@id":"https:\/\/dev6.erresse-shop.it\/es\/shop\/tabla\/cestas-de-picnic\/les-jardins-de-la-comtesse-cesta-de-pcnic-6-personas-trianon\/#breadcrumb"},"inLanguage":"es","potentialAction":[{"@type":"ReadAction","target":["https:\/\/dev6.erresse-shop.it\/es\/shop\/tabla\/cestas-de-picnic\/les-jardins-de-la-comtesse-cesta-de-pcnic-6-personas-trianon\/"]}]},{"@type":"ImageObject","inLanguage":"es","@id":"https:\/\/dev6.erresse-shop.it\/es\/shop\/tabla\/cestas-de-picnic\/les-jardins-de-la-comtesse-cesta-de-pcnic-6-personas-trianon\/#primaryimage","url":"https:\/\/i2.wp.com\/interpim.erresse-shop.it\/Import\/Prodotti\/les-jardins-de-la-comtesse-cestino-picnic-6-persone-trianon.jpg?ssl=1","contentUrl":"https:\/\/i2.wp.com\/interpim.erresse-shop.it\/Import\/Prodotti\/les-jardins-de-la-comtesse-cestino-picnic-6-persone-trianon.jpg?ssl=1"},{"@type":"BreadcrumbList","@id":"https:\/\/dev6.erresse-shop.it\/es\/shop\/tabla\/cestas-de-picnic\/les-jardins-de-la-comtesse-cesta-de-pcnic-6-personas-trianon\/#breadcrumb","itemListElement":[{"@type":"ListItem","position":1,"name":"Home","item":"https:\/\/dev6.erresse-shop.it\/"},{"@type":"ListItem","position":2,"name":"Tienda","item":"https:\/\/dev6.erresse-shop.it\/shop\/"},{"@type":"ListItem","position":3,"name":"LES JARDINS DE LA COMTESSE Cesta de Pcnic 6 Personas Trianon"}]},{"@type":"WebSite","@id":"https:\/\/dev6.erresse-shop.it\/#website","url":"https:\/\/dev6.erresse-shop.it\/","name":"Erresse Shop","description":"","publisher":{"@id":"https:\/\/dev6.erresse-shop.it\/#organization"},"potentialAction":[{"@type":"SearchAction","target":{"@type":"EntryPoint","urlTemplate":"https:\/\/dev6.erresse-shop.it\/?s={search_term_string}"},"query-input":{"@type":"PropertyValueSpecification","valueRequired":true,"valueName":"search_term_string"}}],"inLanguage":"es"},{"@type":"Organization","@id":"https:\/\/dev6.erresse-shop.it\/#organization","name":"Erresse Shop","url":"https:\/\/dev6.erresse-shop.it\/","logo":{"@type":"ImageObject","inLanguage":"es","@id":"https:\/\/dev6.erresse-shop.it\/#\/schema\/logo\/image\/","url":"https:\/\/dev6.erresse-shop.it\/wp-content\/uploads\/2025\/01\/LOGO-ERRESSE-CLASSICO.svg","contentUrl":"https:\/\/dev6.erresse-shop.it\/wp-content\/uploads\/2025\/01\/LOGO-ERRESSE-CLASSICO.svg","caption":"Erresse Shop"},"image":{"@id":"https:\/\/dev6.erresse-shop.it\/#\/schema\/logo\/image\/"}}]}},"df_price":179.95,"df_sale_price":179.95,"df_regular_price":213.5,"df_image_link":"https:\/\/i2.wp.com\/interpim.erresse-shop.it\/Import\/Prodotti\/les-jardins-de-la-comtesse-cestino-picnic-6-persone-trianon.jpg?resize=300,300&ssl=1","fifu_image_url":"https:\/\/interpim.erresse-shop.it\/Import\/Prodotti\/les-jardins-de-la-comtesse-cestino-picnic-6-persone-trianon.jpg","_links":{"self":[{"href":"https:\/\/dev6.erresse-shop.it\/es\/wp-json\/wp\/v2\/product\/1882841","targetHints":{"allow":["GET"]}}],"collection":[{"href":"https:\/\/dev6.erresse-shop.it\/es\/wp-json\/wp\/v2\/product"}],"about":[{"href":"https:\/\/dev6.erresse-shop.it\/es\/wp-json\/wp\/v2\/types\/product"}],"wp:featuredmedia":[{"embeddable":true,"href":"https:\/\/dev6.erresse-shop.it\/es\/wp-json\/wp\/v2\/media\/6371970"}],"wp:attachment":[{"href":"https:\/\/dev6.erresse-shop.it\/es\/wp-json\/wp\/v2\/media?parent=1882841"}],"wp:term":[{"taxonomy":"product_cat","embeddable":true,"href":"https:\/\/dev6.erresse-shop.it\/es\/wp-json\/wp\/v2\/product_cat?post=1882841"},{"taxonomy":"product_tag","embeddable":true,"href":"https:\/\/dev6.erresse-shop.it\/es\/wp-json\/wp\/v2\/product_tag?post=1882841"}],"curies":[{"name":"wp","href":"https:\/\/api.w.org\/{rel}","templated":true}]}}