{"id":1882833,"date":"2026-04-10T12:54:59","date_gmt":"2026-04-10T10:54:59","guid":{"rendered":"https:\/\/dev6.erresse-shop.it\/shop\/sin%20categor\u00eda\/taitu-garden-of-beauty-green-cuencos-4-piezas\/"},"modified":"2025-07-05T00:42:26","modified_gmt":"2025-07-04T22:42:26","slug":"taitu-garden-of-beauty-green-cuencos-4-piezas","status":"publish","type":"product","link":"https:\/\/dev6.erresse-shop.it\/es\/shop\/tabla\/cestas-y-cuencos\/taitu-garden-of-beauty-green-cuencos-4-piezas\/","title":{"rendered":"TAIT\u00d9 Garden of Beauty Green Cuencos 4 piezas"},"content":{"rendered":"<p>Material: porcelana fina<\/p>\n<p>Sum\u00e9rgete en la belleza atemporal de la colecci\u00f3n Garden of Beauty Green, donde la pureza del blanco se mezcla con el encanto de la naturaleza. Nuestras vajillas, elaboradas con la m\u00e1s fina Fine Bone China, est\u00e1n decoradas con delicadas hojas verdes que recuerdan la armon\u00eda de los jardines m\u00e1s refinados. Cada pieza es una fusi\u00f3n perfecta de elegancia y calidad, dise\u00f1ada para aportar un toque de frescura y clase a cada momento de tu d\u00eda. La colecci\u00f3n Garden of Beauty Green es ideal para quienes buscan un dise\u00f1o sofisticado y natural, capaz de embellecer cada mesa con un estilo \u00fanico y atemporal.<\/p>\n<p>ADVERTENCIAS<br \/>\nApto para lavavajillas y microondas.<\/p>\n<p>Dise\u00f1adora: Silvia Cabassa<\/p>\n","protected":false},"excerpt":{"rendered":"<p>Material: porcelana fina Sum\u00e9rgete en la belleza atemporal de la colecci\u00f3n Garden of Beauty Green, donde la pureza del blanco se mezcla con el encanto de la naturaleza. Nuestras vajillas, elaboradas con la m\u00e1s fina Fine Bone China, est\u00e1n decoradas con delicadas hojas verdes que recuerdan la armon\u00eda de los jardines m\u00e1s refinados. Cada pieza [&hellip;]<\/p>\n","protected":false},"featured_media":6330307,"template":"","meta":{"_acf_changed":false},"product_cat":[11907,11887,11671],"product_tag":[],"class_list":{"0":"post-1882833","1":"product","2":"type-product","3":"status-publish","4":"has-post-thumbnail","6":"product_cat-cestas-y-cuencos","7":"product_cat-tabla","8":"product_cat-tavola","10":"first","11":"instock","12":"sale","13":"taxable","14":"shipping-taxable","15":"purchasable","16":"product-type-simple","swatches":"rey-swatches","show_selected":"","stretch_labels":"rey-swatches--stretch-labels"},"acf":[],"yoast_head":"<!-- This site is optimized with the Yoast SEO plugin v25.4 - https:\/\/yoast.com\/wordpress\/plugins\/seo\/ -->\n<title>TAIT\u00d9 Garden of Beauty Green Cuencos 4 piezas - dev6 Erresse<\/title>\n<meta name=\"description\" content=\"Material: porcelana fina Sum\u00e9rgete en la belleza atemporal de la colecci\u00f3n Garden of Beauty Green, donde la pureza del blanco se mezcla con el encanto de\" \/>\n<meta name=\"robots\" content=\"noindex, follow, max-snippet:-1, max-image-preview:large, max-video-preview:-1\" \/>\n<meta property=\"og:locale\" content=\"es_ES\" \/>\n<meta property=\"og:type\" content=\"article\" \/>\n<meta property=\"og:title\" content=\"TAIT\u00d9 Garden of Beauty Green Cuencos 4 piezas - dev6 Erresse\" \/>\n<meta property=\"og:description\" content=\"Material: porcelana fina Sum\u00e9rgete en la belleza atemporal de la colecci\u00f3n Garden of Beauty Green, donde la pureza del blanco se mezcla con el encanto de\" \/>\n<meta property=\"og:url\" content=\"https:\/\/dev6.erresse-shop.it\/es\/shop\/tabla\/cestas-y-cuencos\/taitu-garden-of-beauty-green-cuencos-4-piezas\/\" \/>\n<meta property=\"og:site_name\" content=\"dev6 Erresse\" \/>\n<meta property=\"og:image\" content=\"https:\/\/interpim.erresse-shop.it\/img-catalogo\/taitu\/taitu-garden-of-beauty-green-ciotoline-4-pezzi.jpg\" \/><meta property=\"og:image\" content=\"https:\/\/interpim.erresse-shop.it\/img-catalogo\/taitu\/taitu-garden-of-beauty-green-ciotoline-4-pezzi.jpg\" \/>\n\t<meta property=\"og:image:width\" content=\"1024\" \/>\n\t<meta property=\"og:image:height\" content=\"1024\" \/>\n\t<meta property=\"og:image:type\" content=\"image\/jpeg\" \/>\n<meta name=\"twitter:card\" content=\"summary_large_image\" \/>\n<meta name=\"twitter:image\" content=\"https:\/\/interpim.erresse-shop.it\/img-catalogo\/taitu\/taitu-garden-of-beauty-green-ciotoline-4-pezzi.jpg\" \/>\n<script type=\"application\/ld+json\" class=\"yoast-schema-graph\">{\"@context\":\"https:\/\/schema.org\",\"@graph\":[{\"@type\":\"WebPage\",\"@id\":\"https:\/\/dev6.erresse-shop.it\/es\/shop\/tabla\/cestas-y-cuencos\/taitu-garden-of-beauty-green-cuencos-4-piezas\/\",\"url\":\"https:\/\/dev6.erresse-shop.it\/es\/shop\/tabla\/cestas-y-cuencos\/taitu-garden-of-beauty-green-cuencos-4-piezas\/\",\"name\":\"TAIT\u00d9 Garden of Beauty Green Cuencos 4 piezas - dev6 Erresse\",\"isPartOf\":{\"@id\":\"https:\/\/dev6.erresse-shop.it\/#website\"},\"primaryImageOfPage\":{\"@id\":\"https:\/\/dev6.erresse-shop.it\/es\/shop\/tabla\/cestas-y-cuencos\/taitu-garden-of-beauty-green-cuencos-4-piezas\/#primaryimage\"},\"image\":{\"@id\":\"https:\/\/dev6.erresse-shop.it\/es\/shop\/tabla\/cestas-y-cuencos\/taitu-garden-of-beauty-green-cuencos-4-piezas\/#primaryimage\"},\"thumbnailUrl\":\"https:\/\/i1.wp.com\/interpim.erresse-shop.it\/img-catalogo\/taitu\/taitu-garden-of-beauty-green-ciotoline-4-pezzi.jpg?ssl=1\",\"datePublished\":\"2026-04-10T10:54:59+00:00\",\"description\":\"Material: porcelana fina Sum\u00e9rgete en la belleza atemporal de la colecci\u00f3n Garden of Beauty Green, donde la pureza del blanco se mezcla con el encanto de\",\"breadcrumb\":{\"@id\":\"https:\/\/dev6.erresse-shop.it\/es\/shop\/tabla\/cestas-y-cuencos\/taitu-garden-of-beauty-green-cuencos-4-piezas\/#breadcrumb\"},\"inLanguage\":\"es\",\"potentialAction\":[{\"@type\":\"ReadAction\",\"target\":[\"https:\/\/dev6.erresse-shop.it\/es\/shop\/tabla\/cestas-y-cuencos\/taitu-garden-of-beauty-green-cuencos-4-piezas\/\"]}]},{\"@type\":\"ImageObject\",\"inLanguage\":\"es\",\"@id\":\"https:\/\/dev6.erresse-shop.it\/es\/shop\/tabla\/cestas-y-cuencos\/taitu-garden-of-beauty-green-cuencos-4-piezas\/#primaryimage\",\"url\":\"https:\/\/i1.wp.com\/interpim.erresse-shop.it\/img-catalogo\/taitu\/taitu-garden-of-beauty-green-ciotoline-4-pezzi.jpg?ssl=1\",\"contentUrl\":\"https:\/\/i1.wp.com\/interpim.erresse-shop.it\/img-catalogo\/taitu\/taitu-garden-of-beauty-green-ciotoline-4-pezzi.jpg?ssl=1\"},{\"@type\":\"BreadcrumbList\",\"@id\":\"https:\/\/dev6.erresse-shop.it\/es\/shop\/tabla\/cestas-y-cuencos\/taitu-garden-of-beauty-green-cuencos-4-piezas\/#breadcrumb\",\"itemListElement\":[{\"@type\":\"ListItem\",\"position\":1,\"name\":\"Home\",\"item\":\"https:\/\/dev6.erresse-shop.it\/\"},{\"@type\":\"ListItem\",\"position\":2,\"name\":\"Tienda\",\"item\":\"https:\/\/dev6.erresse-shop.it\/shop\/\"},{\"@type\":\"ListItem\",\"position\":3,\"name\":\"TAIT\u00d9 Garden of Beauty Green Cuencos 4 piezas\"}]},{\"@type\":\"WebSite\",\"@id\":\"https:\/\/dev6.erresse-shop.it\/#website\",\"url\":\"https:\/\/dev6.erresse-shop.it\/\",\"name\":\"Erresse Shop\",\"description\":\"\",\"publisher\":{\"@id\":\"https:\/\/dev6.erresse-shop.it\/#organization\"},\"potentialAction\":[{\"@type\":\"SearchAction\",\"target\":{\"@type\":\"EntryPoint\",\"urlTemplate\":\"https:\/\/dev6.erresse-shop.it\/?s={search_term_string}\"},\"query-input\":{\"@type\":\"PropertyValueSpecification\",\"valueRequired\":true,\"valueName\":\"search_term_string\"}}],\"inLanguage\":\"es\"},{\"@type\":\"Organization\",\"@id\":\"https:\/\/dev6.erresse-shop.it\/#organization\",\"name\":\"Erresse Shop\",\"url\":\"https:\/\/dev6.erresse-shop.it\/\",\"logo\":{\"@type\":\"ImageObject\",\"inLanguage\":\"es\",\"@id\":\"https:\/\/dev6.erresse-shop.it\/#\/schema\/logo\/image\/\",\"url\":\"https:\/\/dev6.erresse-shop.it\/wp-content\/uploads\/2025\/01\/LOGO-ERRESSE-CLASSICO.svg\",\"contentUrl\":\"https:\/\/dev6.erresse-shop.it\/wp-content\/uploads\/2025\/01\/LOGO-ERRESSE-CLASSICO.svg\",\"caption\":\"Erresse Shop\"},\"image\":{\"@id\":\"https:\/\/dev6.erresse-shop.it\/#\/schema\/logo\/image\/\"}}]}<\/script>\n<!-- \/ Yoast SEO plugin. -->","yoast_head_json":{"title":"TAIT\u00d9 Garden of Beauty Green Cuencos 4 piezas - dev6 Erresse","description":"Material: porcelana fina Sum\u00e9rgete en la belleza atemporal de la colecci\u00f3n Garden of Beauty Green, donde la pureza del blanco se mezcla con el encanto de","robots":{"index":"noindex","follow":"follow","max-snippet":"max-snippet:-1","max-image-preview":"max-image-preview:large","max-video-preview":"max-video-preview:-1"},"og_locale":"es_ES","og_type":"article","og_title":"TAIT\u00d9 Garden of Beauty Green Cuencos 4 piezas - dev6 Erresse","og_description":"Material: porcelana fina Sum\u00e9rgete en la belleza atemporal de la colecci\u00f3n Garden of Beauty Green, donde la pureza del blanco se mezcla con el encanto de","og_url":"https:\/\/dev6.erresse-shop.it\/es\/shop\/tabla\/cestas-y-cuencos\/taitu-garden-of-beauty-green-cuencos-4-piezas\/","og_site_name":"dev6 Erresse","og_image":[{"url":"https:\/\/interpim.erresse-shop.it\/img-catalogo\/taitu\/taitu-garden-of-beauty-green-ciotoline-4-pezzi.jpg","type":"","width":"","height":""},{"url":"https:\/\/interpim.erresse-shop.it\/img-catalogo\/taitu\/taitu-garden-of-beauty-green-ciotoline-4-pezzi.jpg","width":1024,"height":1024,"type":"image\/jpeg"}],"twitter_card":"summary_large_image","twitter_image":"https:\/\/interpim.erresse-shop.it\/img-catalogo\/taitu\/taitu-garden-of-beauty-green-ciotoline-4-pezzi.jpg","schema":{"@context":"https:\/\/schema.org","@graph":[{"@type":"WebPage","@id":"https:\/\/dev6.erresse-shop.it\/es\/shop\/tabla\/cestas-y-cuencos\/taitu-garden-of-beauty-green-cuencos-4-piezas\/","url":"https:\/\/dev6.erresse-shop.it\/es\/shop\/tabla\/cestas-y-cuencos\/taitu-garden-of-beauty-green-cuencos-4-piezas\/","name":"TAIT\u00d9 Garden of Beauty Green Cuencos 4 piezas - dev6 Erresse","isPartOf":{"@id":"https:\/\/dev6.erresse-shop.it\/#website"},"primaryImageOfPage":{"@id":"https:\/\/dev6.erresse-shop.it\/es\/shop\/tabla\/cestas-y-cuencos\/taitu-garden-of-beauty-green-cuencos-4-piezas\/#primaryimage"},"image":{"@id":"https:\/\/dev6.erresse-shop.it\/es\/shop\/tabla\/cestas-y-cuencos\/taitu-garden-of-beauty-green-cuencos-4-piezas\/#primaryimage"},"thumbnailUrl":"https:\/\/i1.wp.com\/interpim.erresse-shop.it\/img-catalogo\/taitu\/taitu-garden-of-beauty-green-ciotoline-4-pezzi.jpg?ssl=1","datePublished":"2026-04-10T10:54:59+00:00","description":"Material: porcelana fina Sum\u00e9rgete en la belleza atemporal de la colecci\u00f3n Garden of Beauty Green, donde la pureza del blanco se mezcla con el encanto de","breadcrumb":{"@id":"https:\/\/dev6.erresse-shop.it\/es\/shop\/tabla\/cestas-y-cuencos\/taitu-garden-of-beauty-green-cuencos-4-piezas\/#breadcrumb"},"inLanguage":"es","potentialAction":[{"@type":"ReadAction","target":["https:\/\/dev6.erresse-shop.it\/es\/shop\/tabla\/cestas-y-cuencos\/taitu-garden-of-beauty-green-cuencos-4-piezas\/"]}]},{"@type":"ImageObject","inLanguage":"es","@id":"https:\/\/dev6.erresse-shop.it\/es\/shop\/tabla\/cestas-y-cuencos\/taitu-garden-of-beauty-green-cuencos-4-piezas\/#primaryimage","url":"https:\/\/i1.wp.com\/interpim.erresse-shop.it\/img-catalogo\/taitu\/taitu-garden-of-beauty-green-ciotoline-4-pezzi.jpg?ssl=1","contentUrl":"https:\/\/i1.wp.com\/interpim.erresse-shop.it\/img-catalogo\/taitu\/taitu-garden-of-beauty-green-ciotoline-4-pezzi.jpg?ssl=1"},{"@type":"BreadcrumbList","@id":"https:\/\/dev6.erresse-shop.it\/es\/shop\/tabla\/cestas-y-cuencos\/taitu-garden-of-beauty-green-cuencos-4-piezas\/#breadcrumb","itemListElement":[{"@type":"ListItem","position":1,"name":"Home","item":"https:\/\/dev6.erresse-shop.it\/"},{"@type":"ListItem","position":2,"name":"Tienda","item":"https:\/\/dev6.erresse-shop.it\/shop\/"},{"@type":"ListItem","position":3,"name":"TAIT\u00d9 Garden of Beauty Green Cuencos 4 piezas"}]},{"@type":"WebSite","@id":"https:\/\/dev6.erresse-shop.it\/#website","url":"https:\/\/dev6.erresse-shop.it\/","name":"Erresse Shop","description":"","publisher":{"@id":"https:\/\/dev6.erresse-shop.it\/#organization"},"potentialAction":[{"@type":"SearchAction","target":{"@type":"EntryPoint","urlTemplate":"https:\/\/dev6.erresse-shop.it\/?s={search_term_string}"},"query-input":{"@type":"PropertyValueSpecification","valueRequired":true,"valueName":"search_term_string"}}],"inLanguage":"es"},{"@type":"Organization","@id":"https:\/\/dev6.erresse-shop.it\/#organization","name":"Erresse Shop","url":"https:\/\/dev6.erresse-shop.it\/","logo":{"@type":"ImageObject","inLanguage":"es","@id":"https:\/\/dev6.erresse-shop.it\/#\/schema\/logo\/image\/","url":"https:\/\/dev6.erresse-shop.it\/wp-content\/uploads\/2025\/01\/LOGO-ERRESSE-CLASSICO.svg","contentUrl":"https:\/\/dev6.erresse-shop.it\/wp-content\/uploads\/2025\/01\/LOGO-ERRESSE-CLASSICO.svg","caption":"Erresse Shop"},"image":{"@id":"https:\/\/dev6.erresse-shop.it\/#\/schema\/logo\/image\/"}}]}},"df_price":56,"df_sale_price":56,"df_regular_price":60,"df_image_link":"https:\/\/i1.wp.com\/interpim.erresse-shop.it\/img-catalogo\/taitu\/taitu-garden-of-beauty-green-ciotoline-4-pezzi.jpg?resize=300,300&ssl=1","fifu_image_url":"https:\/\/interpim.erresse-shop.it\/img-catalogo\/taitu\/taitu-garden-of-beauty-green-ciotoline-4-pezzi.jpg","_links":{"self":[{"href":"https:\/\/dev6.erresse-shop.it\/es\/wp-json\/wp\/v2\/product\/1882833","targetHints":{"allow":["GET"]}}],"collection":[{"href":"https:\/\/dev6.erresse-shop.it\/es\/wp-json\/wp\/v2\/product"}],"about":[{"href":"https:\/\/dev6.erresse-shop.it\/es\/wp-json\/wp\/v2\/types\/product"}],"wp:featuredmedia":[{"embeddable":true,"href":"https:\/\/dev6.erresse-shop.it\/es\/wp-json\/wp\/v2\/media\/6330307"}],"wp:attachment":[{"href":"https:\/\/dev6.erresse-shop.it\/es\/wp-json\/wp\/v2\/media?parent=1882833"}],"wp:term":[{"taxonomy":"product_cat","embeddable":true,"href":"https:\/\/dev6.erresse-shop.it\/es\/wp-json\/wp\/v2\/product_cat?post=1882833"},{"taxonomy":"product_tag","embeddable":true,"href":"https:\/\/dev6.erresse-shop.it\/es\/wp-json\/wp\/v2\/product_tag?post=1882833"}],"curies":[{"name":"wp","href":"https:\/\/api.w.org\/{rel}","templated":true}]}}