{"id":1882805,"date":"2026-04-12T12:16:33","date_gmt":"2026-04-12T10:16:33","guid":{"rendered":"https:\/\/dev6.erresse-shop.it\/shop\/sin%20categor\u00eda\/le-creuset-cocotte-evolution-redonda-de-hierro-fundido-24-cm-garnet\/"},"modified":"2025-09-14T09:52:11","modified_gmt":"2025-09-14T07:52:11","slug":"le-creuset-cocotte-evolution-redonda-de-hierro-fundido-24-cm-garnet","status":"publish","type":"product","link":"https:\/\/dev6.erresse-shop.it\/es\/shop\/sartenes-y-ollas\/marmitas-y-cocottes\/le-creuset-cocotte-evolution-redonda-de-hierro-fundido-24-cm-garnet\/","title":{"rendered":"LE CREUSET Cocotte Evolution redonda de hierro fundido 24 cm Garnet"},"content":{"rendered":"<p class=\"mb-3\" style=\"text-align: justify;\">Desde hace casi un siglo enamora a cocineros y chefs de todo el mundo: es la cocotte Le Creuset, un aut\u00e9ntico cl\u00e1sico. Perfectamente construido para hacer de cada una de tus recetas una obra maestra de sabor, ser\u00e1 tu aliado inseparable para preparar guisos, asados, sopas y guisos, pero tambi\u00e9n para cocinar al horno.<\/p>\n<p class=\"mb-3\">Nuestro pomo resistente al calor (hasta 260\u00a0\u00b0C) est\u00e1 dise\u00f1ado para un agarre excelente, incluso cuando se utiliza una agarradera para levantar la tapa.<\/p>\n<p class=\"mb-3\">Limpieza r\u00e1pida: una fina capa interior vitrificada facilita la limpieza.<\/p>\n<p class=\"mb-3\">Asas de ensue\u00f1o: Gracias a nuestras asas grandes, podr\u00e1s pasar f\u00e1cilmente de la estufa a la mesa, incluso usando guantes para horno.<\/p>\n<p class=\"mb-3\">Versatilidad: este producto es apto para horno, vitrocer\u00e1mica y horno en modo grill.<\/p>\n<p class=\"mb-3\">Comida de excelente sabor: el hierro fundido vitrificado retiene el calor para cocinar y dorar de manera uniforme. Tus deliciosas creaciones se mantendr\u00e1n calientes por m\u00e1s tiempo incluso en la mesa.<\/p>\n<p class=\"mb-3\">Conserva la suculencia: nuestra tapa preserva el vapor generado al cocinar los alimentos y realza los sabores, para obtener resultados de cocci\u00f3n extraordinarios.<\/p>\n<p class=\"mb-3\">F\u00e1cil de agarrar: Las elegantes y c\u00f3modas asas permiten levantar el producto de forma segura.<\/p>\n<p class=\"mb-3\">Un arco\u00edris de colores: disponible en una amplia variedad de colores, nuestra gama a\u00f1adir\u00e1 un toque de color a tu cocina.<\/p>\n<p class=\"mb-3\">No demasiado caliente: cocine a fuego medio o bajo constante para cuidar su producto de hierro fundido y lograr resultados deliciosos.<\/p>\n<p class=\"mb-3\">La elecci\u00f3n es tuya: disponible en varios tama\u00f1os para las necesidades de tu cocina.<\/p>\n<p class=\"mb-3\">Lo mejor de su clase: nuestros productos se fabrican con los mejores materiales en f\u00e1bricas ubicadas en todo el mundo para garantizar la calidad que espera de Le\u00a0Creuset.<\/p>\n<p>Material: hierro fundido vitrificado<br \/>\nFabricado en: Francia<br \/>\nGarant\u00eda: de por vida<\/p>\n<p>Capacidad: 4,2 L<\/p>\n<p>Fuente de calor:<\/p>\n<p>Horno<br \/>\nHorno modo grill<br \/>\nCocina el\u00e9ctrica<br \/>\nVidrio cer\u00e1mico<br \/>\nCocina de gas<br \/>\nPlaca de inducci\u00f3n<\/p>\n<p>Limpieza y cuidado:<\/p>\n<p>Espere a que el producto se enfr\u00ede por completo antes de comenzar a limpiarlo.<br \/>\nElimine cualquier residuo de la base y los bordes del producto. Para residuos de comida rebeldes, llene el producto con agua tibia y jab\u00f3n y d\u00e9jelo en remojo durante 15 a 20 minutos antes de lavarlo como de costumbre.<br \/>\nNo utilice detergentes agresivos, esponjas abrasivas y\/o met\u00e1licas ni cepillos muy duros y r\u00edgidos para limpiar las superficies.<br \/>\nDespu\u00e9s del lavado, seque el producto con cuidado y gu\u00e1rdelo en un lugar seco.<br \/>\nCacerola: Las cacerolas con mangos de hierro fundido y fen\u00f3lico son aptas para lavavajillas. Sin embargo, el uso constante del lavavajillas puede provocar que el acabado vitrificado se pierda.<br \/>\nTapa de cacerola: Las tapas con perillas de acero inoxidable y fen\u00f3lico son aptas para lavavajillas. Las cubiertas con perillas doradas, iridiscentes, cobre y n\u00edquel negro deben lavarse a mano para mantener su acabado.<\/p>\n","protected":false},"excerpt":{"rendered":"<p>Desde hace casi un siglo enamora a cocineros y chefs de todo el mundo: es la cocotte Le Creuset, un aut\u00e9ntico cl\u00e1sico. Perfectamente construido para hacer de cada una de tus recetas una obra maestra de sabor, ser\u00e1 tu aliado inseparable para preparar guisos, asados, sopas y guisos, pero tambi\u00e9n para cocinar al horno. Nuestro [&hellip;]<\/p>\n","protected":false},"featured_media":6371822,"template":"","meta":{"_acf_changed":false},"product_cat":[11892,11667,11883],"product_tag":[],"class_list":{"0":"post-1882805","1":"product","2":"type-product","3":"status-publish","4":"has-post-thumbnail","6":"product_cat-marmitas-y-cocottes","7":"product_cat-padelle-pentole","8":"product_cat-sartenes-y-ollas","10":"first","11":"instock","12":"sale","13":"taxable","14":"shipping-taxable","15":"purchasable","16":"product-type-simple","swatches":"rey-swatches","show_selected":"","stretch_labels":"rey-swatches--stretch-labels"},"acf":[],"yoast_head":"<!-- This site is optimized with the Yoast SEO plugin v25.4 - https:\/\/yoast.com\/wordpress\/plugins\/seo\/ -->\n<title>LE CREUSET Cocotte Evolution redonda de hierro fundido 24 cm Garnet - dev6 Erresse<\/title>\n<meta name=\"description\" content=\"Desde hace casi un siglo enamora a cocineros y chefs de todo el mundo: es la cocotte Le Creuset, un aut\u00e9ntico cl\u00e1sico. Perfectamente construido para hacer\" \/>\n<meta name=\"robots\" content=\"noindex, follow, max-snippet:-1, max-image-preview:large, max-video-preview:-1\" \/>\n<meta property=\"og:locale\" content=\"es_ES\" \/>\n<meta property=\"og:type\" content=\"article\" \/>\n<meta property=\"og:title\" content=\"LE CREUSET Cocotte Evolution redonda de hierro fundido 24 cm Garnet - dev6 Erresse\" \/>\n<meta property=\"og:description\" content=\"Desde hace casi un siglo enamora a cocineros y chefs de todo el mundo: es la cocotte Le Creuset, un aut\u00e9ntico cl\u00e1sico. Perfectamente construido para hacer\" \/>\n<meta property=\"og:url\" content=\"https:\/\/dev6.erresse-shop.it\/es\/shop\/sartenes-y-ollas\/marmitas-y-cocottes\/le-creuset-cocotte-evolution-redonda-de-hierro-fundido-24-cm-garnet\/\" \/>\n<meta property=\"og:site_name\" content=\"dev6 Erresse\" \/>\n<meta property=\"og:image\" content=\"https:\/\/interpim.erresse-shop.it\/Import\/Prodotti\/le-creuset-cocotte-rotonda-evolution-in-ghisa-24-cm-garnet.jpg\" \/><meta property=\"og:image\" content=\"https:\/\/interpim.erresse-shop.it\/Import\/Prodotti\/le-creuset-cocotte-rotonda-evolution-in-ghisa-24-cm-garnet.jpg\" \/>\n\t<meta property=\"og:image:width\" content=\"1024\" \/>\n\t<meta property=\"og:image:height\" content=\"1024\" \/>\n\t<meta property=\"og:image:type\" content=\"image\/jpeg\" \/>\n<meta name=\"twitter:card\" content=\"summary_large_image\" \/>\n<meta name=\"twitter:image\" content=\"https:\/\/interpim.erresse-shop.it\/Import\/Prodotti\/le-creuset-cocotte-rotonda-evolution-in-ghisa-24-cm-garnet.jpg\" \/>\n<script type=\"application\/ld+json\" class=\"yoast-schema-graph\">{\"@context\":\"https:\/\/schema.org\",\"@graph\":[{\"@type\":\"WebPage\",\"@id\":\"https:\/\/dev6.erresse-shop.it\/es\/shop\/sartenes-y-ollas\/marmitas-y-cocottes\/le-creuset-cocotte-evolution-redonda-de-hierro-fundido-24-cm-garnet\/\",\"url\":\"https:\/\/dev6.erresse-shop.it\/es\/shop\/sartenes-y-ollas\/marmitas-y-cocottes\/le-creuset-cocotte-evolution-redonda-de-hierro-fundido-24-cm-garnet\/\",\"name\":\"LE CREUSET Cocotte Evolution redonda de hierro fundido 24 cm Garnet - dev6 Erresse\",\"isPartOf\":{\"@id\":\"https:\/\/dev6.erresse-shop.it\/#website\"},\"primaryImageOfPage\":{\"@id\":\"https:\/\/dev6.erresse-shop.it\/es\/shop\/sartenes-y-ollas\/marmitas-y-cocottes\/le-creuset-cocotte-evolution-redonda-de-hierro-fundido-24-cm-garnet\/#primaryimage\"},\"image\":{\"@id\":\"https:\/\/dev6.erresse-shop.it\/es\/shop\/sartenes-y-ollas\/marmitas-y-cocottes\/le-creuset-cocotte-evolution-redonda-de-hierro-fundido-24-cm-garnet\/#primaryimage\"},\"thumbnailUrl\":\"https:\/\/i0.wp.com\/interpim.erresse-shop.it\/Import\/Prodotti\/le-creuset-cocotte-rotonda-evolution-in-ghisa-24-cm-garnet.jpg?ssl=1\",\"datePublished\":\"2026-04-12T10:16:33+00:00\",\"description\":\"Desde hace casi un siglo enamora a cocineros y chefs de todo el mundo: es la cocotte Le Creuset, un aut\u00e9ntico cl\u00e1sico. Perfectamente construido para hacer\",\"breadcrumb\":{\"@id\":\"https:\/\/dev6.erresse-shop.it\/es\/shop\/sartenes-y-ollas\/marmitas-y-cocottes\/le-creuset-cocotte-evolution-redonda-de-hierro-fundido-24-cm-garnet\/#breadcrumb\"},\"inLanguage\":\"es\",\"potentialAction\":[{\"@type\":\"ReadAction\",\"target\":[\"https:\/\/dev6.erresse-shop.it\/es\/shop\/sartenes-y-ollas\/marmitas-y-cocottes\/le-creuset-cocotte-evolution-redonda-de-hierro-fundido-24-cm-garnet\/\"]}]},{\"@type\":\"ImageObject\",\"inLanguage\":\"es\",\"@id\":\"https:\/\/dev6.erresse-shop.it\/es\/shop\/sartenes-y-ollas\/marmitas-y-cocottes\/le-creuset-cocotte-evolution-redonda-de-hierro-fundido-24-cm-garnet\/#primaryimage\",\"url\":\"https:\/\/i0.wp.com\/interpim.erresse-shop.it\/Import\/Prodotti\/le-creuset-cocotte-rotonda-evolution-in-ghisa-24-cm-garnet.jpg?ssl=1\",\"contentUrl\":\"https:\/\/i0.wp.com\/interpim.erresse-shop.it\/Import\/Prodotti\/le-creuset-cocotte-rotonda-evolution-in-ghisa-24-cm-garnet.jpg?ssl=1\"},{\"@type\":\"BreadcrumbList\",\"@id\":\"https:\/\/dev6.erresse-shop.it\/es\/shop\/sartenes-y-ollas\/marmitas-y-cocottes\/le-creuset-cocotte-evolution-redonda-de-hierro-fundido-24-cm-garnet\/#breadcrumb\",\"itemListElement\":[{\"@type\":\"ListItem\",\"position\":1,\"name\":\"Home\",\"item\":\"https:\/\/dev6.erresse-shop.it\/\"},{\"@type\":\"ListItem\",\"position\":2,\"name\":\"Tienda\",\"item\":\"https:\/\/dev6.erresse-shop.it\/shop\/\"},{\"@type\":\"ListItem\",\"position\":3,\"name\":\"LE CREUSET Cocotte Evolution redonda de hierro fundido 24 cm Garnet\"}]},{\"@type\":\"WebSite\",\"@id\":\"https:\/\/dev6.erresse-shop.it\/#website\",\"url\":\"https:\/\/dev6.erresse-shop.it\/\",\"name\":\"Erresse Shop\",\"description\":\"\",\"publisher\":{\"@id\":\"https:\/\/dev6.erresse-shop.it\/#organization\"},\"potentialAction\":[{\"@type\":\"SearchAction\",\"target\":{\"@type\":\"EntryPoint\",\"urlTemplate\":\"https:\/\/dev6.erresse-shop.it\/?s={search_term_string}\"},\"query-input\":{\"@type\":\"PropertyValueSpecification\",\"valueRequired\":true,\"valueName\":\"search_term_string\"}}],\"inLanguage\":\"es\"},{\"@type\":\"Organization\",\"@id\":\"https:\/\/dev6.erresse-shop.it\/#organization\",\"name\":\"Erresse Shop\",\"url\":\"https:\/\/dev6.erresse-shop.it\/\",\"logo\":{\"@type\":\"ImageObject\",\"inLanguage\":\"es\",\"@id\":\"https:\/\/dev6.erresse-shop.it\/#\/schema\/logo\/image\/\",\"url\":\"https:\/\/dev6.erresse-shop.it\/wp-content\/uploads\/2025\/01\/LOGO-ERRESSE-CLASSICO.svg\",\"contentUrl\":\"https:\/\/dev6.erresse-shop.it\/wp-content\/uploads\/2025\/01\/LOGO-ERRESSE-CLASSICO.svg\",\"caption\":\"Erresse Shop\"},\"image\":{\"@id\":\"https:\/\/dev6.erresse-shop.it\/#\/schema\/logo\/image\/\"}}]}<\/script>\n<!-- \/ Yoast SEO plugin. -->","yoast_head_json":{"title":"LE CREUSET Cocotte Evolution redonda de hierro fundido 24 cm Garnet - dev6 Erresse","description":"Desde hace casi un siglo enamora a cocineros y chefs de todo el mundo: es la cocotte Le Creuset, un aut\u00e9ntico cl\u00e1sico. Perfectamente construido para hacer","robots":{"index":"noindex","follow":"follow","max-snippet":"max-snippet:-1","max-image-preview":"max-image-preview:large","max-video-preview":"max-video-preview:-1"},"og_locale":"es_ES","og_type":"article","og_title":"LE CREUSET Cocotte Evolution redonda de hierro fundido 24 cm Garnet - dev6 Erresse","og_description":"Desde hace casi un siglo enamora a cocineros y chefs de todo el mundo: es la cocotte Le Creuset, un aut\u00e9ntico cl\u00e1sico. Perfectamente construido para hacer","og_url":"https:\/\/dev6.erresse-shop.it\/es\/shop\/sartenes-y-ollas\/marmitas-y-cocottes\/le-creuset-cocotte-evolution-redonda-de-hierro-fundido-24-cm-garnet\/","og_site_name":"dev6 Erresse","og_image":[{"url":"https:\/\/interpim.erresse-shop.it\/Import\/Prodotti\/le-creuset-cocotte-rotonda-evolution-in-ghisa-24-cm-garnet.jpg","type":"","width":"","height":""},{"url":"https:\/\/interpim.erresse-shop.it\/Import\/Prodotti\/le-creuset-cocotte-rotonda-evolution-in-ghisa-24-cm-garnet.jpg","width":1024,"height":1024,"type":"image\/jpeg"}],"twitter_card":"summary_large_image","twitter_image":"https:\/\/interpim.erresse-shop.it\/Import\/Prodotti\/le-creuset-cocotte-rotonda-evolution-in-ghisa-24-cm-garnet.jpg","schema":{"@context":"https:\/\/schema.org","@graph":[{"@type":"WebPage","@id":"https:\/\/dev6.erresse-shop.it\/es\/shop\/sartenes-y-ollas\/marmitas-y-cocottes\/le-creuset-cocotte-evolution-redonda-de-hierro-fundido-24-cm-garnet\/","url":"https:\/\/dev6.erresse-shop.it\/es\/shop\/sartenes-y-ollas\/marmitas-y-cocottes\/le-creuset-cocotte-evolution-redonda-de-hierro-fundido-24-cm-garnet\/","name":"LE CREUSET Cocotte Evolution redonda de hierro fundido 24 cm Garnet - dev6 Erresse","isPartOf":{"@id":"https:\/\/dev6.erresse-shop.it\/#website"},"primaryImageOfPage":{"@id":"https:\/\/dev6.erresse-shop.it\/es\/shop\/sartenes-y-ollas\/marmitas-y-cocottes\/le-creuset-cocotte-evolution-redonda-de-hierro-fundido-24-cm-garnet\/#primaryimage"},"image":{"@id":"https:\/\/dev6.erresse-shop.it\/es\/shop\/sartenes-y-ollas\/marmitas-y-cocottes\/le-creuset-cocotte-evolution-redonda-de-hierro-fundido-24-cm-garnet\/#primaryimage"},"thumbnailUrl":"https:\/\/i0.wp.com\/interpim.erresse-shop.it\/Import\/Prodotti\/le-creuset-cocotte-rotonda-evolution-in-ghisa-24-cm-garnet.jpg?ssl=1","datePublished":"2026-04-12T10:16:33+00:00","description":"Desde hace casi un siglo enamora a cocineros y chefs de todo el mundo: es la cocotte Le Creuset, un aut\u00e9ntico cl\u00e1sico. Perfectamente construido para hacer","breadcrumb":{"@id":"https:\/\/dev6.erresse-shop.it\/es\/shop\/sartenes-y-ollas\/marmitas-y-cocottes\/le-creuset-cocotte-evolution-redonda-de-hierro-fundido-24-cm-garnet\/#breadcrumb"},"inLanguage":"es","potentialAction":[{"@type":"ReadAction","target":["https:\/\/dev6.erresse-shop.it\/es\/shop\/sartenes-y-ollas\/marmitas-y-cocottes\/le-creuset-cocotte-evolution-redonda-de-hierro-fundido-24-cm-garnet\/"]}]},{"@type":"ImageObject","inLanguage":"es","@id":"https:\/\/dev6.erresse-shop.it\/es\/shop\/sartenes-y-ollas\/marmitas-y-cocottes\/le-creuset-cocotte-evolution-redonda-de-hierro-fundido-24-cm-garnet\/#primaryimage","url":"https:\/\/i0.wp.com\/interpim.erresse-shop.it\/Import\/Prodotti\/le-creuset-cocotte-rotonda-evolution-in-ghisa-24-cm-garnet.jpg?ssl=1","contentUrl":"https:\/\/i0.wp.com\/interpim.erresse-shop.it\/Import\/Prodotti\/le-creuset-cocotte-rotonda-evolution-in-ghisa-24-cm-garnet.jpg?ssl=1"},{"@type":"BreadcrumbList","@id":"https:\/\/dev6.erresse-shop.it\/es\/shop\/sartenes-y-ollas\/marmitas-y-cocottes\/le-creuset-cocotte-evolution-redonda-de-hierro-fundido-24-cm-garnet\/#breadcrumb","itemListElement":[{"@type":"ListItem","position":1,"name":"Home","item":"https:\/\/dev6.erresse-shop.it\/"},{"@type":"ListItem","position":2,"name":"Tienda","item":"https:\/\/dev6.erresse-shop.it\/shop\/"},{"@type":"ListItem","position":3,"name":"LE CREUSET Cocotte Evolution redonda de hierro fundido 24 cm Garnet"}]},{"@type":"WebSite","@id":"https:\/\/dev6.erresse-shop.it\/#website","url":"https:\/\/dev6.erresse-shop.it\/","name":"Erresse Shop","description":"","publisher":{"@id":"https:\/\/dev6.erresse-shop.it\/#organization"},"potentialAction":[{"@type":"SearchAction","target":{"@type":"EntryPoint","urlTemplate":"https:\/\/dev6.erresse-shop.it\/?s={search_term_string}"},"query-input":{"@type":"PropertyValueSpecification","valueRequired":true,"valueName":"search_term_string"}}],"inLanguage":"es"},{"@type":"Organization","@id":"https:\/\/dev6.erresse-shop.it\/#organization","name":"Erresse Shop","url":"https:\/\/dev6.erresse-shop.it\/","logo":{"@type":"ImageObject","inLanguage":"es","@id":"https:\/\/dev6.erresse-shop.it\/#\/schema\/logo\/image\/","url":"https:\/\/dev6.erresse-shop.it\/wp-content\/uploads\/2025\/01\/LOGO-ERRESSE-CLASSICO.svg","contentUrl":"https:\/\/dev6.erresse-shop.it\/wp-content\/uploads\/2025\/01\/LOGO-ERRESSE-CLASSICO.svg","caption":"Erresse Shop"},"image":{"@id":"https:\/\/dev6.erresse-shop.it\/#\/schema\/logo\/image\/"}}]}},"df_price":229.95,"df_sale_price":229.95,"df_regular_price":339,"df_image_link":"https:\/\/i0.wp.com\/interpim.erresse-shop.it\/Import\/Prodotti\/le-creuset-cocotte-rotonda-evolution-in-ghisa-24-cm-garnet.jpg?resize=300,300&ssl=1","fifu_image_url":"https:\/\/interpim.erresse-shop.it\/Import\/Prodotti\/le-creuset-cocotte-rotonda-evolution-in-ghisa-24-cm-garnet.jpg","_links":{"self":[{"href":"https:\/\/dev6.erresse-shop.it\/es\/wp-json\/wp\/v2\/product\/1882805","targetHints":{"allow":["GET"]}}],"collection":[{"href":"https:\/\/dev6.erresse-shop.it\/es\/wp-json\/wp\/v2\/product"}],"about":[{"href":"https:\/\/dev6.erresse-shop.it\/es\/wp-json\/wp\/v2\/types\/product"}],"wp:featuredmedia":[{"embeddable":true,"href":"https:\/\/dev6.erresse-shop.it\/es\/wp-json\/wp\/v2\/media\/6371822"}],"wp:attachment":[{"href":"https:\/\/dev6.erresse-shop.it\/es\/wp-json\/wp\/v2\/media?parent=1882805"}],"wp:term":[{"taxonomy":"product_cat","embeddable":true,"href":"https:\/\/dev6.erresse-shop.it\/es\/wp-json\/wp\/v2\/product_cat?post=1882805"},{"taxonomy":"product_tag","embeddable":true,"href":"https:\/\/dev6.erresse-shop.it\/es\/wp-json\/wp\/v2\/product_tag?post=1882805"}],"curies":[{"name":"wp","href":"https:\/\/api.w.org\/{rel}","templated":true}]}}