{"id":1882763,"date":"2026-04-12T12:14:09","date_gmt":"2026-04-12T10:14:09","guid":{"rendered":"https:\/\/dev6.erresse-shop.it\/shop\/sin%20categor\u00eda\/le-creuset-plato-llano-vancouver-27-cm-naranja\/"},"modified":"2025-09-14T09:50:17","modified_gmt":"2025-09-14T07:50:17","slug":"le-creuset-plato-llano-vancouver-27-cm-naranja","status":"publish","type":"product","link":"https:\/\/dev6.erresse-shop.it\/es\/shop\/tabla\/platos\/le-creuset-plato-llano-vancouver-27-cm-naranja\/","title":{"rendered":"LE CREUSET Plato llano Vancouver 27 cm Naranja"},"content":{"rendered":"<p>Dale m\u00e1s vida a tu mesa con este cl\u00e1sico plato llano de gres vitrificado. La base ligeramente c\u00f3ncava permite contener bien las salsas, evitando manchas en la mesa y permitiendo servir deliciosos platos de todo tipo. En el borde aparecen los tres c\u00edrculos conc\u00e9ntricos t\u00edpicos de Le Creuset.<\/p>\n<p class=\"mb-3\">Siempre a la altura: nuestro gres vitrificado es resistente a los ara\u00f1azos y f\u00e1cil de limpiar.<\/p>\n<p class=\"mb-3\">Perfecto acabado: fabricados con cer\u00e1mica de alta calidad, nuestros productos de gres vitrificado mantienen temperaturas uniformes y garantizan resistencia y durabilidad en el tiempo.<\/p>\n<p class=\"mb-3\">Un arco\u00edris de colores: disponible en una amplia variedad de colores, nuestra gama a\u00f1adir\u00e1 un toque de color a tu cocina.<\/p>\n<p class=\"mb-3\">Un \u00edcono moderno: con el caracter\u00edstico patr\u00f3n de tres anillos, este producto combina con nuestros ic\u00f3nicos utensilios de cocina de hierro fundido vitrificado, lo que lo convierte en el complemento perfecto para su colecci\u00f3n Le\u00a0Creuset.<\/p>\n<p class=\"mb-3\">Apto tanto para el calor como para el fr\u00edo: nuestro gres vitrificado es resistente al calor de -23 \u00b0C a &#43;260 \u00b0C.<\/p>\n<p class=\"mb-3\">Los mejores de su clase: nuestros productos se fabrican con los mejores materiales en f\u00e1bricas ubicadas en todo el mundo para garantizar la calidad que espera de Le\u00a0Creuset.<\/p>\n<p>Material: Gres Vitrificado<br \/>\nFabricado en: Tailandia<\/p>\n<p>Garant\u00eda: 10 a\u00f1os<\/p>\n<p>Fuente de calor:<\/p>\n<p>Horno<br \/>\nModo grill horno<br \/>\nMicroondas<\/p>\n<p>Limpieza y cuidado:<\/p>\n<p>Espera a que el producto se enfr\u00ede por completo antes de comenzar a limpiarlo.<br \/>\nElimine cualquier residuo de la base y las paredes laterales del producto. Para residuos de comida rebeldes, llene el producto con agua tibia y jab\u00f3n y d\u00e9jelo en remojo durante 15 a 20 minutos antes de lavarlo como de costumbre.<br \/>\nLavar y secar a mano. O introduce tu producto de gres vitrificado en el lavavajillas durante un ciclo completo.<\/p>\n","protected":false},"excerpt":{"rendered":"<p>Dale m\u00e1s vida a tu mesa con este cl\u00e1sico plato llano de gres vitrificado. La base ligeramente c\u00f3ncava permite contener bien las salsas, evitando manchas en la mesa y permitiendo servir deliciosos platos de todo tipo. En el borde aparecen los tres c\u00edrculos conc\u00e9ntricos t\u00edpicos de Le Creuset. Siempre a la altura: nuestro gres vitrificado [&hellip;]<\/p>\n","protected":false},"featured_media":6371578,"template":"","meta":{"_acf_changed":false},"product_cat":[11906,11887,11671],"product_tag":[],"class_list":{"0":"post-1882763","1":"product","2":"type-product","3":"status-publish","4":"has-post-thumbnail","6":"product_cat-platos","7":"product_cat-tabla","8":"product_cat-tavola","10":"first","11":"instock","12":"taxable","13":"shipping-taxable","14":"purchasable","15":"product-type-simple","swatches":"rey-swatches","show_selected":"","stretch_labels":"rey-swatches--stretch-labels"},"acf":[],"yoast_head":"<!-- This site is optimized with the Yoast SEO plugin v25.4 - https:\/\/yoast.com\/wordpress\/plugins\/seo\/ -->\n<title>LE CREUSET Plato llano Vancouver 27 cm Naranja - dev6 Erresse<\/title>\n<meta name=\"description\" content=\"Dale m\u00e1s vida a tu mesa con este cl\u00e1sico plato llano de gres vitrificado. La base ligeramente c\u00f3ncava permite contener bien las salsas, evitando manchas\" \/>\n<meta name=\"robots\" content=\"noindex, follow, max-snippet:-1, max-image-preview:large, max-video-preview:-1\" \/>\n<meta property=\"og:locale\" content=\"es_ES\" \/>\n<meta property=\"og:type\" content=\"article\" \/>\n<meta property=\"og:title\" content=\"LE CREUSET Plato llano Vancouver 27 cm Naranja - dev6 Erresse\" \/>\n<meta property=\"og:description\" content=\"Dale m\u00e1s vida a tu mesa con este cl\u00e1sico plato llano de gres vitrificado. La base ligeramente c\u00f3ncava permite contener bien las salsas, evitando manchas\" \/>\n<meta property=\"og:url\" content=\"https:\/\/dev6.erresse-shop.it\/es\/shop\/tabla\/platos\/le-creuset-plato-llano-vancouver-27-cm-naranja\/\" \/>\n<meta property=\"og:site_name\" content=\"dev6 Erresse\" \/>\n<meta property=\"og:image\" content=\"https:\/\/interpim.erresse-shop.it\/Import\/Prodotti\/le-creuset-piatto-piano-vancouver-27-cm-arancio.jpg\" \/><meta property=\"og:image\" content=\"https:\/\/interpim.erresse-shop.it\/Import\/Prodotti\/le-creuset-piatto-piano-vancouver-27-cm-arancio.jpg\" \/>\n\t<meta property=\"og:image:width\" content=\"1024\" \/>\n\t<meta property=\"og:image:height\" content=\"1024\" \/>\n\t<meta property=\"og:image:type\" content=\"image\/jpeg\" \/>\n<meta name=\"twitter:card\" content=\"summary_large_image\" \/>\n<meta name=\"twitter:image\" content=\"https:\/\/interpim.erresse-shop.it\/Import\/Prodotti\/le-creuset-piatto-piano-vancouver-27-cm-arancio.jpg\" \/>\n<script type=\"application\/ld+json\" class=\"yoast-schema-graph\">{\"@context\":\"https:\/\/schema.org\",\"@graph\":[{\"@type\":\"WebPage\",\"@id\":\"https:\/\/dev6.erresse-shop.it\/es\/shop\/tabla\/platos\/le-creuset-plato-llano-vancouver-27-cm-naranja\/\",\"url\":\"https:\/\/dev6.erresse-shop.it\/es\/shop\/tabla\/platos\/le-creuset-plato-llano-vancouver-27-cm-naranja\/\",\"name\":\"LE CREUSET Plato llano Vancouver 27 cm Naranja - dev6 Erresse\",\"isPartOf\":{\"@id\":\"https:\/\/dev6.erresse-shop.it\/#website\"},\"primaryImageOfPage\":{\"@id\":\"https:\/\/dev6.erresse-shop.it\/es\/shop\/tabla\/platos\/le-creuset-plato-llano-vancouver-27-cm-naranja\/#primaryimage\"},\"image\":{\"@id\":\"https:\/\/dev6.erresse-shop.it\/es\/shop\/tabla\/platos\/le-creuset-plato-llano-vancouver-27-cm-naranja\/#primaryimage\"},\"thumbnailUrl\":\"https:\/\/i1.wp.com\/interpim.erresse-shop.it\/Import\/Prodotti\/le-creuset-piatto-piano-vancouver-27-cm-arancio.jpg?ssl=1\",\"datePublished\":\"2026-04-12T10:14:09+00:00\",\"description\":\"Dale m\u00e1s vida a tu mesa con este cl\u00e1sico plato llano de gres vitrificado. La base ligeramente c\u00f3ncava permite contener bien las salsas, evitando manchas\",\"breadcrumb\":{\"@id\":\"https:\/\/dev6.erresse-shop.it\/es\/shop\/tabla\/platos\/le-creuset-plato-llano-vancouver-27-cm-naranja\/#breadcrumb\"},\"inLanguage\":\"es\",\"potentialAction\":[{\"@type\":\"ReadAction\",\"target\":[\"https:\/\/dev6.erresse-shop.it\/es\/shop\/tabla\/platos\/le-creuset-plato-llano-vancouver-27-cm-naranja\/\"]}]},{\"@type\":\"ImageObject\",\"inLanguage\":\"es\",\"@id\":\"https:\/\/dev6.erresse-shop.it\/es\/shop\/tabla\/platos\/le-creuset-plato-llano-vancouver-27-cm-naranja\/#primaryimage\",\"url\":\"https:\/\/i1.wp.com\/interpim.erresse-shop.it\/Import\/Prodotti\/le-creuset-piatto-piano-vancouver-27-cm-arancio.jpg?ssl=1\",\"contentUrl\":\"https:\/\/i1.wp.com\/interpim.erresse-shop.it\/Import\/Prodotti\/le-creuset-piatto-piano-vancouver-27-cm-arancio.jpg?ssl=1\"},{\"@type\":\"BreadcrumbList\",\"@id\":\"https:\/\/dev6.erresse-shop.it\/es\/shop\/tabla\/platos\/le-creuset-plato-llano-vancouver-27-cm-naranja\/#breadcrumb\",\"itemListElement\":[{\"@type\":\"ListItem\",\"position\":1,\"name\":\"Home\",\"item\":\"https:\/\/dev6.erresse-shop.it\/\"},{\"@type\":\"ListItem\",\"position\":2,\"name\":\"Tienda\",\"item\":\"https:\/\/dev6.erresse-shop.it\/shop\/\"},{\"@type\":\"ListItem\",\"position\":3,\"name\":\"LE CREUSET Plato llano Vancouver 27 cm Naranja\"}]},{\"@type\":\"WebSite\",\"@id\":\"https:\/\/dev6.erresse-shop.it\/#website\",\"url\":\"https:\/\/dev6.erresse-shop.it\/\",\"name\":\"Erresse Shop\",\"description\":\"\",\"publisher\":{\"@id\":\"https:\/\/dev6.erresse-shop.it\/#organization\"},\"potentialAction\":[{\"@type\":\"SearchAction\",\"target\":{\"@type\":\"EntryPoint\",\"urlTemplate\":\"https:\/\/dev6.erresse-shop.it\/?s={search_term_string}\"},\"query-input\":{\"@type\":\"PropertyValueSpecification\",\"valueRequired\":true,\"valueName\":\"search_term_string\"}}],\"inLanguage\":\"es\"},{\"@type\":\"Organization\",\"@id\":\"https:\/\/dev6.erresse-shop.it\/#organization\",\"name\":\"Erresse Shop\",\"url\":\"https:\/\/dev6.erresse-shop.it\/\",\"logo\":{\"@type\":\"ImageObject\",\"inLanguage\":\"es\",\"@id\":\"https:\/\/dev6.erresse-shop.it\/#\/schema\/logo\/image\/\",\"url\":\"https:\/\/dev6.erresse-shop.it\/wp-content\/uploads\/2025\/01\/LOGO-ERRESSE-CLASSICO.svg\",\"contentUrl\":\"https:\/\/dev6.erresse-shop.it\/wp-content\/uploads\/2025\/01\/LOGO-ERRESSE-CLASSICO.svg\",\"caption\":\"Erresse Shop\"},\"image\":{\"@id\":\"https:\/\/dev6.erresse-shop.it\/#\/schema\/logo\/image\/\"}}]}<\/script>\n<!-- \/ Yoast SEO plugin. -->","yoast_head_json":{"title":"LE CREUSET Plato llano Vancouver 27 cm Naranja - dev6 Erresse","description":"Dale m\u00e1s vida a tu mesa con este cl\u00e1sico plato llano de gres vitrificado. La base ligeramente c\u00f3ncava permite contener bien las salsas, evitando manchas","robots":{"index":"noindex","follow":"follow","max-snippet":"max-snippet:-1","max-image-preview":"max-image-preview:large","max-video-preview":"max-video-preview:-1"},"og_locale":"es_ES","og_type":"article","og_title":"LE CREUSET Plato llano Vancouver 27 cm Naranja - dev6 Erresse","og_description":"Dale m\u00e1s vida a tu mesa con este cl\u00e1sico plato llano de gres vitrificado. La base ligeramente c\u00f3ncava permite contener bien las salsas, evitando manchas","og_url":"https:\/\/dev6.erresse-shop.it\/es\/shop\/tabla\/platos\/le-creuset-plato-llano-vancouver-27-cm-naranja\/","og_site_name":"dev6 Erresse","og_image":[{"url":"https:\/\/interpim.erresse-shop.it\/Import\/Prodotti\/le-creuset-piatto-piano-vancouver-27-cm-arancio.jpg","type":"","width":"","height":""},{"url":"https:\/\/interpim.erresse-shop.it\/Import\/Prodotti\/le-creuset-piatto-piano-vancouver-27-cm-arancio.jpg","width":1024,"height":1024,"type":"image\/jpeg"}],"twitter_card":"summary_large_image","twitter_image":"https:\/\/interpim.erresse-shop.it\/Import\/Prodotti\/le-creuset-piatto-piano-vancouver-27-cm-arancio.jpg","schema":{"@context":"https:\/\/schema.org","@graph":[{"@type":"WebPage","@id":"https:\/\/dev6.erresse-shop.it\/es\/shop\/tabla\/platos\/le-creuset-plato-llano-vancouver-27-cm-naranja\/","url":"https:\/\/dev6.erresse-shop.it\/es\/shop\/tabla\/platos\/le-creuset-plato-llano-vancouver-27-cm-naranja\/","name":"LE CREUSET Plato llano Vancouver 27 cm Naranja - dev6 Erresse","isPartOf":{"@id":"https:\/\/dev6.erresse-shop.it\/#website"},"primaryImageOfPage":{"@id":"https:\/\/dev6.erresse-shop.it\/es\/shop\/tabla\/platos\/le-creuset-plato-llano-vancouver-27-cm-naranja\/#primaryimage"},"image":{"@id":"https:\/\/dev6.erresse-shop.it\/es\/shop\/tabla\/platos\/le-creuset-plato-llano-vancouver-27-cm-naranja\/#primaryimage"},"thumbnailUrl":"https:\/\/i1.wp.com\/interpim.erresse-shop.it\/Import\/Prodotti\/le-creuset-piatto-piano-vancouver-27-cm-arancio.jpg?ssl=1","datePublished":"2026-04-12T10:14:09+00:00","description":"Dale m\u00e1s vida a tu mesa con este cl\u00e1sico plato llano de gres vitrificado. La base ligeramente c\u00f3ncava permite contener bien las salsas, evitando manchas","breadcrumb":{"@id":"https:\/\/dev6.erresse-shop.it\/es\/shop\/tabla\/platos\/le-creuset-plato-llano-vancouver-27-cm-naranja\/#breadcrumb"},"inLanguage":"es","potentialAction":[{"@type":"ReadAction","target":["https:\/\/dev6.erresse-shop.it\/es\/shop\/tabla\/platos\/le-creuset-plato-llano-vancouver-27-cm-naranja\/"]}]},{"@type":"ImageObject","inLanguage":"es","@id":"https:\/\/dev6.erresse-shop.it\/es\/shop\/tabla\/platos\/le-creuset-plato-llano-vancouver-27-cm-naranja\/#primaryimage","url":"https:\/\/i1.wp.com\/interpim.erresse-shop.it\/Import\/Prodotti\/le-creuset-piatto-piano-vancouver-27-cm-arancio.jpg?ssl=1","contentUrl":"https:\/\/i1.wp.com\/interpim.erresse-shop.it\/Import\/Prodotti\/le-creuset-piatto-piano-vancouver-27-cm-arancio.jpg?ssl=1"},{"@type":"BreadcrumbList","@id":"https:\/\/dev6.erresse-shop.it\/es\/shop\/tabla\/platos\/le-creuset-plato-llano-vancouver-27-cm-naranja\/#breadcrumb","itemListElement":[{"@type":"ListItem","position":1,"name":"Home","item":"https:\/\/dev6.erresse-shop.it\/"},{"@type":"ListItem","position":2,"name":"Tienda","item":"https:\/\/dev6.erresse-shop.it\/shop\/"},{"@type":"ListItem","position":3,"name":"LE CREUSET Plato llano Vancouver 27 cm Naranja"}]},{"@type":"WebSite","@id":"https:\/\/dev6.erresse-shop.it\/#website","url":"https:\/\/dev6.erresse-shop.it\/","name":"Erresse Shop","description":"","publisher":{"@id":"https:\/\/dev6.erresse-shop.it\/#organization"},"potentialAction":[{"@type":"SearchAction","target":{"@type":"EntryPoint","urlTemplate":"https:\/\/dev6.erresse-shop.it\/?s={search_term_string}"},"query-input":{"@type":"PropertyValueSpecification","valueRequired":true,"valueName":"search_term_string"}}],"inLanguage":"es"},{"@type":"Organization","@id":"https:\/\/dev6.erresse-shop.it\/#organization","name":"Erresse Shop","url":"https:\/\/dev6.erresse-shop.it\/","logo":{"@type":"ImageObject","inLanguage":"es","@id":"https:\/\/dev6.erresse-shop.it\/#\/schema\/logo\/image\/","url":"https:\/\/dev6.erresse-shop.it\/wp-content\/uploads\/2025\/01\/LOGO-ERRESSE-CLASSICO.svg","contentUrl":"https:\/\/dev6.erresse-shop.it\/wp-content\/uploads\/2025\/01\/LOGO-ERRESSE-CLASSICO.svg","caption":"Erresse Shop"},"image":{"@id":"https:\/\/dev6.erresse-shop.it\/#\/schema\/logo\/image\/"}}]}},"df_price":26,"df_sale_price":"","df_regular_price":26,"df_image_link":"https:\/\/i1.wp.com\/interpim.erresse-shop.it\/Import\/Prodotti\/le-creuset-piatto-piano-vancouver-27-cm-arancio.jpg?resize=300,300&ssl=1","fifu_image_url":"https:\/\/interpim.erresse-shop.it\/Import\/Prodotti\/le-creuset-piatto-piano-vancouver-27-cm-arancio.jpg","_links":{"self":[{"href":"https:\/\/dev6.erresse-shop.it\/es\/wp-json\/wp\/v2\/product\/1882763","targetHints":{"allow":["GET"]}}],"collection":[{"href":"https:\/\/dev6.erresse-shop.it\/es\/wp-json\/wp\/v2\/product"}],"about":[{"href":"https:\/\/dev6.erresse-shop.it\/es\/wp-json\/wp\/v2\/types\/product"}],"wp:featuredmedia":[{"embeddable":true,"href":"https:\/\/dev6.erresse-shop.it\/es\/wp-json\/wp\/v2\/media\/6371578"}],"wp:attachment":[{"href":"https:\/\/dev6.erresse-shop.it\/es\/wp-json\/wp\/v2\/media?parent=1882763"}],"wp:term":[{"taxonomy":"product_cat","embeddable":true,"href":"https:\/\/dev6.erresse-shop.it\/es\/wp-json\/wp\/v2\/product_cat?post=1882763"},{"taxonomy":"product_tag","embeddable":true,"href":"https:\/\/dev6.erresse-shop.it\/es\/wp-json\/wp\/v2\/product_tag?post=1882763"}],"curies":[{"name":"wp","href":"https:\/\/api.w.org\/{rel}","templated":true}]}}