{"id":1882717,"date":"2026-04-12T12:09:24","date_gmt":"2026-04-12T10:09:24","guid":{"rendered":"https:\/\/dev6.erresse-shop.it\/shop\/sin%20categor\u00eda\/le-creuset-cacerola-baja-calabaza-de-hierro-fundido-28-cm-naranja\/"},"modified":"2025-09-14T09:48:12","modified_gmt":"2025-09-14T07:48:12","slug":"le-creuset-cacerola-baja-calabaza-de-hierro-fundido-28-cm-naranja","status":"publish","type":"product","link":"https:\/\/dev6.erresse-shop.it\/es\/shop\/sartenes-y-ollas\/cazuelas\/le-creuset-cacerola-baja-calabaza-de-hierro-fundido-28-cm-naranja\/","title":{"rendered":"LE CREUSET Cacerola Baja Calabaza de Hierro Fundido 28 cm Naranja"},"content":{"rendered":"<p>Prepara y lleva tus recetas a la mesa con la Sart\u00e9n Baja Zucca. Con un pomo de acero inoxidable con forma de tallo de calabaza, este producto crea el ambiente oto\u00f1al perfecto. Su forma plana es perfecta para estofar y cocer a fuego lento, por lo que es ideal para guisos.<\/p>\n<p class=\"mb-3\">Limpieza r\u00e1pida: una fina capa interior vitrificada facilita la limpieza.<\/p>\n<p class=\"mb-3\">Versatilidad: este producto es apto para horno, vitrocer\u00e1mica y horno en modo grill.<\/p>\n<p class=\"mb-3\">Excelentes sabores: el hierro fundido vitrificado retiene el calor para cocinar y dorar de manera uniforme. Tus deliciosas creaciones se mantendr\u00e1n calientes por m\u00e1s tiempo incluso en la mesa.<\/p>\n<p class=\"mb-3\">Conserva el sabor: nuestra tapa conserva el vapor generado al cocinar los alimentos y realza los sabores, para obtener resultados de cocci\u00f3n extraordinarios.<\/p>\n<p class=\"mb-3\">No demasiado caliente: cocine a fuego constante, bajo a medio, para cuidar su producto de hierro fundido y lograr resultados deliciosos.<\/p>\n<p class=\"mb-3\">Lo mejor de su clase: nuestros productos est\u00e1n fabricados con los mejores materiales para garantizar la m\u00e1s alta calidad.<\/p>\n<p>Material: hierro fundido vitrificado<br \/>\nFabricado en: Francia<\/p>\n<p>Capacidad: 2,5 L<\/p>\n<p>Fuente de calor:<\/p>\n<p>Horno<br \/>\nModo grill horno<br \/>\nCocina el\u00e9ctrica<br \/>\nVidrio cer\u00e1mico<br \/>\nEncimera de gas<br \/>\nPlaca de inducci\u00f3n<\/p>\n<p>Limpieza y cuidado:<\/p>\n<p>Espere a que el producto se enfr\u00ede por completo antes de comenzar a limpiarlo.<br \/>\nElimine cualquier residuo de la base y los bordes del producto. Para residuos de comida rebeldes, llene el producto con agua tibia y jab\u00f3n y d\u00e9jelo en remojo durante 15 a 20 minutos antes de lavarlo.<br \/>\nNo utilice detergentes agresivos, esponjas abrasivas y\/o met\u00e1licas ni cepillos muy duros y r\u00edgidos para limpiar las superficies.<br \/>\nDespu\u00e9s del lavado, seque el producto con cuidado y gu\u00e1rdelo en un lugar seco.<\/p>\n","protected":false},"excerpt":{"rendered":"<p>Prepara y lleva tus recetas a la mesa con la Sart\u00e9n Baja Zucca. Con un pomo de acero inoxidable con forma de tallo de calabaza, este producto crea el ambiente oto\u00f1al perfecto. Su forma plana es perfecta para estofar y cocer a fuego lento, por lo que es ideal para guisos. Limpieza r\u00e1pida: una fina [&hellip;]<\/p>\n","protected":false},"featured_media":6371369,"template":"","meta":{"_acf_changed":false},"product_cat":[11904,11667,11883],"product_tag":[],"class_list":{"0":"post-1882717","1":"product","2":"type-product","3":"status-publish","4":"has-post-thumbnail","6":"product_cat-cazuelas","7":"product_cat-padelle-pentole","8":"product_cat-sartenes-y-ollas","10":"first","11":"instock","12":"sale","13":"taxable","14":"shipping-taxable","15":"purchasable","16":"product-type-simple","swatches":"rey-swatches","show_selected":"","stretch_labels":"rey-swatches--stretch-labels"},"acf":[],"yoast_head":"<!-- This site is optimized with the Yoast SEO plugin v25.4 - https:\/\/yoast.com\/wordpress\/plugins\/seo\/ -->\n<title>LE CREUSET Cacerola Baja Calabaza de Hierro Fundido 28 cm Naranja - dev6 Erresse<\/title>\n<meta name=\"description\" content=\"Prepara y lleva tus recetas a la mesa con la Sart\u00e9n Baja Zucca. Con un pomo de acero inoxidable con forma de tallo de calabaza, este producto crea el\" \/>\n<meta name=\"robots\" content=\"noindex, follow, max-snippet:-1, max-image-preview:large, max-video-preview:-1\" \/>\n<meta property=\"og:locale\" content=\"es_ES\" \/>\n<meta property=\"og:type\" content=\"article\" \/>\n<meta property=\"og:title\" content=\"LE CREUSET Cacerola Baja Calabaza de Hierro Fundido 28 cm Naranja - dev6 Erresse\" \/>\n<meta property=\"og:description\" content=\"Prepara y lleva tus recetas a la mesa con la Sart\u00e9n Baja Zucca. Con un pomo de acero inoxidable con forma de tallo de calabaza, este producto crea el\" \/>\n<meta property=\"og:url\" content=\"https:\/\/dev6.erresse-shop.it\/es\/shop\/sartenes-y-ollas\/cazuelas\/le-creuset-cacerola-baja-calabaza-de-hierro-fundido-28-cm-naranja\/\" \/>\n<meta property=\"og:site_name\" content=\"dev6 Erresse\" \/>\n<meta property=\"og:image\" content=\"https:\/\/interpim.erresse-shop.it\/Import\/Prodotti\/le-creuset-tegame-basso-zucca-in-ghisa-30-cm-arancio.jpg\" \/><meta property=\"og:image\" content=\"https:\/\/interpim.erresse-shop.it\/Import\/Prodotti\/le-creuset-tegame-basso-zucca-in-ghisa-30-cm-arancio.jpg\" \/>\n\t<meta property=\"og:image:width\" content=\"1024\" \/>\n\t<meta property=\"og:image:height\" content=\"1024\" \/>\n\t<meta property=\"og:image:type\" content=\"image\/jpeg\" \/>\n<meta name=\"twitter:card\" content=\"summary_large_image\" \/>\n<meta name=\"twitter:image\" content=\"https:\/\/interpim.erresse-shop.it\/Import\/Prodotti\/le-creuset-tegame-basso-zucca-in-ghisa-30-cm-arancio.jpg\" \/>\n<script type=\"application\/ld+json\" class=\"yoast-schema-graph\">{\"@context\":\"https:\/\/schema.org\",\"@graph\":[{\"@type\":\"WebPage\",\"@id\":\"https:\/\/dev6.erresse-shop.it\/es\/shop\/sartenes-y-ollas\/cazuelas\/le-creuset-cacerola-baja-calabaza-de-hierro-fundido-28-cm-naranja\/\",\"url\":\"https:\/\/dev6.erresse-shop.it\/es\/shop\/sartenes-y-ollas\/cazuelas\/le-creuset-cacerola-baja-calabaza-de-hierro-fundido-28-cm-naranja\/\",\"name\":\"LE CREUSET Cacerola Baja Calabaza de Hierro Fundido 28 cm Naranja - dev6 Erresse\",\"isPartOf\":{\"@id\":\"https:\/\/dev6.erresse-shop.it\/#website\"},\"primaryImageOfPage\":{\"@id\":\"https:\/\/dev6.erresse-shop.it\/es\/shop\/sartenes-y-ollas\/cazuelas\/le-creuset-cacerola-baja-calabaza-de-hierro-fundido-28-cm-naranja\/#primaryimage\"},\"image\":{\"@id\":\"https:\/\/dev6.erresse-shop.it\/es\/shop\/sartenes-y-ollas\/cazuelas\/le-creuset-cacerola-baja-calabaza-de-hierro-fundido-28-cm-naranja\/#primaryimage\"},\"thumbnailUrl\":\"https:\/\/i1.wp.com\/interpim.erresse-shop.it\/Import\/Prodotti\/le-creuset-tegame-basso-zucca-in-ghisa-30-cm-arancio.jpg?ssl=1\",\"datePublished\":\"2026-04-12T10:09:24+00:00\",\"description\":\"Prepara y lleva tus recetas a la mesa con la Sart\u00e9n Baja Zucca. Con un pomo de acero inoxidable con forma de tallo de calabaza, este producto crea el\",\"breadcrumb\":{\"@id\":\"https:\/\/dev6.erresse-shop.it\/es\/shop\/sartenes-y-ollas\/cazuelas\/le-creuset-cacerola-baja-calabaza-de-hierro-fundido-28-cm-naranja\/#breadcrumb\"},\"inLanguage\":\"es\",\"potentialAction\":[{\"@type\":\"ReadAction\",\"target\":[\"https:\/\/dev6.erresse-shop.it\/es\/shop\/sartenes-y-ollas\/cazuelas\/le-creuset-cacerola-baja-calabaza-de-hierro-fundido-28-cm-naranja\/\"]}]},{\"@type\":\"ImageObject\",\"inLanguage\":\"es\",\"@id\":\"https:\/\/dev6.erresse-shop.it\/es\/shop\/sartenes-y-ollas\/cazuelas\/le-creuset-cacerola-baja-calabaza-de-hierro-fundido-28-cm-naranja\/#primaryimage\",\"url\":\"https:\/\/i1.wp.com\/interpim.erresse-shop.it\/Import\/Prodotti\/le-creuset-tegame-basso-zucca-in-ghisa-30-cm-arancio.jpg?ssl=1\",\"contentUrl\":\"https:\/\/i1.wp.com\/interpim.erresse-shop.it\/Import\/Prodotti\/le-creuset-tegame-basso-zucca-in-ghisa-30-cm-arancio.jpg?ssl=1\"},{\"@type\":\"BreadcrumbList\",\"@id\":\"https:\/\/dev6.erresse-shop.it\/es\/shop\/sartenes-y-ollas\/cazuelas\/le-creuset-cacerola-baja-calabaza-de-hierro-fundido-28-cm-naranja\/#breadcrumb\",\"itemListElement\":[{\"@type\":\"ListItem\",\"position\":1,\"name\":\"Home\",\"item\":\"https:\/\/dev6.erresse-shop.it\/\"},{\"@type\":\"ListItem\",\"position\":2,\"name\":\"Tienda\",\"item\":\"https:\/\/dev6.erresse-shop.it\/shop\/\"},{\"@type\":\"ListItem\",\"position\":3,\"name\":\"LE CREUSET Cacerola Baja Calabaza de Hierro Fundido 28 cm Naranja\"}]},{\"@type\":\"WebSite\",\"@id\":\"https:\/\/dev6.erresse-shop.it\/#website\",\"url\":\"https:\/\/dev6.erresse-shop.it\/\",\"name\":\"Erresse Shop\",\"description\":\"\",\"publisher\":{\"@id\":\"https:\/\/dev6.erresse-shop.it\/#organization\"},\"potentialAction\":[{\"@type\":\"SearchAction\",\"target\":{\"@type\":\"EntryPoint\",\"urlTemplate\":\"https:\/\/dev6.erresse-shop.it\/?s={search_term_string}\"},\"query-input\":{\"@type\":\"PropertyValueSpecification\",\"valueRequired\":true,\"valueName\":\"search_term_string\"}}],\"inLanguage\":\"es\"},{\"@type\":\"Organization\",\"@id\":\"https:\/\/dev6.erresse-shop.it\/#organization\",\"name\":\"Erresse Shop\",\"url\":\"https:\/\/dev6.erresse-shop.it\/\",\"logo\":{\"@type\":\"ImageObject\",\"inLanguage\":\"es\",\"@id\":\"https:\/\/dev6.erresse-shop.it\/#\/schema\/logo\/image\/\",\"url\":\"https:\/\/dev6.erresse-shop.it\/wp-content\/uploads\/2025\/01\/LOGO-ERRESSE-CLASSICO.svg\",\"contentUrl\":\"https:\/\/dev6.erresse-shop.it\/wp-content\/uploads\/2025\/01\/LOGO-ERRESSE-CLASSICO.svg\",\"caption\":\"Erresse Shop\"},\"image\":{\"@id\":\"https:\/\/dev6.erresse-shop.it\/#\/schema\/logo\/image\/\"}}]}<\/script>\n<!-- \/ Yoast SEO plugin. -->","yoast_head_json":{"title":"LE CREUSET Cacerola Baja Calabaza de Hierro Fundido 28 cm Naranja - dev6 Erresse","description":"Prepara y lleva tus recetas a la mesa con la Sart\u00e9n Baja Zucca. Con un pomo de acero inoxidable con forma de tallo de calabaza, este producto crea el","robots":{"index":"noindex","follow":"follow","max-snippet":"max-snippet:-1","max-image-preview":"max-image-preview:large","max-video-preview":"max-video-preview:-1"},"og_locale":"es_ES","og_type":"article","og_title":"LE CREUSET Cacerola Baja Calabaza de Hierro Fundido 28 cm Naranja - dev6 Erresse","og_description":"Prepara y lleva tus recetas a la mesa con la Sart\u00e9n Baja Zucca. Con un pomo de acero inoxidable con forma de tallo de calabaza, este producto crea el","og_url":"https:\/\/dev6.erresse-shop.it\/es\/shop\/sartenes-y-ollas\/cazuelas\/le-creuset-cacerola-baja-calabaza-de-hierro-fundido-28-cm-naranja\/","og_site_name":"dev6 Erresse","og_image":[{"url":"https:\/\/interpim.erresse-shop.it\/Import\/Prodotti\/le-creuset-tegame-basso-zucca-in-ghisa-30-cm-arancio.jpg","type":"","width":"","height":""},{"url":"https:\/\/interpim.erresse-shop.it\/Import\/Prodotti\/le-creuset-tegame-basso-zucca-in-ghisa-30-cm-arancio.jpg","width":1024,"height":1024,"type":"image\/jpeg"}],"twitter_card":"summary_large_image","twitter_image":"https:\/\/interpim.erresse-shop.it\/Import\/Prodotti\/le-creuset-tegame-basso-zucca-in-ghisa-30-cm-arancio.jpg","schema":{"@context":"https:\/\/schema.org","@graph":[{"@type":"WebPage","@id":"https:\/\/dev6.erresse-shop.it\/es\/shop\/sartenes-y-ollas\/cazuelas\/le-creuset-cacerola-baja-calabaza-de-hierro-fundido-28-cm-naranja\/","url":"https:\/\/dev6.erresse-shop.it\/es\/shop\/sartenes-y-ollas\/cazuelas\/le-creuset-cacerola-baja-calabaza-de-hierro-fundido-28-cm-naranja\/","name":"LE CREUSET Cacerola Baja Calabaza de Hierro Fundido 28 cm Naranja - dev6 Erresse","isPartOf":{"@id":"https:\/\/dev6.erresse-shop.it\/#website"},"primaryImageOfPage":{"@id":"https:\/\/dev6.erresse-shop.it\/es\/shop\/sartenes-y-ollas\/cazuelas\/le-creuset-cacerola-baja-calabaza-de-hierro-fundido-28-cm-naranja\/#primaryimage"},"image":{"@id":"https:\/\/dev6.erresse-shop.it\/es\/shop\/sartenes-y-ollas\/cazuelas\/le-creuset-cacerola-baja-calabaza-de-hierro-fundido-28-cm-naranja\/#primaryimage"},"thumbnailUrl":"https:\/\/i1.wp.com\/interpim.erresse-shop.it\/Import\/Prodotti\/le-creuset-tegame-basso-zucca-in-ghisa-30-cm-arancio.jpg?ssl=1","datePublished":"2026-04-12T10:09:24+00:00","description":"Prepara y lleva tus recetas a la mesa con la Sart\u00e9n Baja Zucca. Con un pomo de acero inoxidable con forma de tallo de calabaza, este producto crea el","breadcrumb":{"@id":"https:\/\/dev6.erresse-shop.it\/es\/shop\/sartenes-y-ollas\/cazuelas\/le-creuset-cacerola-baja-calabaza-de-hierro-fundido-28-cm-naranja\/#breadcrumb"},"inLanguage":"es","potentialAction":[{"@type":"ReadAction","target":["https:\/\/dev6.erresse-shop.it\/es\/shop\/sartenes-y-ollas\/cazuelas\/le-creuset-cacerola-baja-calabaza-de-hierro-fundido-28-cm-naranja\/"]}]},{"@type":"ImageObject","inLanguage":"es","@id":"https:\/\/dev6.erresse-shop.it\/es\/shop\/sartenes-y-ollas\/cazuelas\/le-creuset-cacerola-baja-calabaza-de-hierro-fundido-28-cm-naranja\/#primaryimage","url":"https:\/\/i1.wp.com\/interpim.erresse-shop.it\/Import\/Prodotti\/le-creuset-tegame-basso-zucca-in-ghisa-30-cm-arancio.jpg?ssl=1","contentUrl":"https:\/\/i1.wp.com\/interpim.erresse-shop.it\/Import\/Prodotti\/le-creuset-tegame-basso-zucca-in-ghisa-30-cm-arancio.jpg?ssl=1"},{"@type":"BreadcrumbList","@id":"https:\/\/dev6.erresse-shop.it\/es\/shop\/sartenes-y-ollas\/cazuelas\/le-creuset-cacerola-baja-calabaza-de-hierro-fundido-28-cm-naranja\/#breadcrumb","itemListElement":[{"@type":"ListItem","position":1,"name":"Home","item":"https:\/\/dev6.erresse-shop.it\/"},{"@type":"ListItem","position":2,"name":"Tienda","item":"https:\/\/dev6.erresse-shop.it\/shop\/"},{"@type":"ListItem","position":3,"name":"LE CREUSET Cacerola Baja Calabaza de Hierro Fundido 28 cm Naranja"}]},{"@type":"WebSite","@id":"https:\/\/dev6.erresse-shop.it\/#website","url":"https:\/\/dev6.erresse-shop.it\/","name":"Erresse Shop","description":"","publisher":{"@id":"https:\/\/dev6.erresse-shop.it\/#organization"},"potentialAction":[{"@type":"SearchAction","target":{"@type":"EntryPoint","urlTemplate":"https:\/\/dev6.erresse-shop.it\/?s={search_term_string}"},"query-input":{"@type":"PropertyValueSpecification","valueRequired":true,"valueName":"search_term_string"}}],"inLanguage":"es"},{"@type":"Organization","@id":"https:\/\/dev6.erresse-shop.it\/#organization","name":"Erresse Shop","url":"https:\/\/dev6.erresse-shop.it\/","logo":{"@type":"ImageObject","inLanguage":"es","@id":"https:\/\/dev6.erresse-shop.it\/#\/schema\/logo\/image\/","url":"https:\/\/dev6.erresse-shop.it\/wp-content\/uploads\/2025\/01\/LOGO-ERRESSE-CLASSICO.svg","contentUrl":"https:\/\/dev6.erresse-shop.it\/wp-content\/uploads\/2025\/01\/LOGO-ERRESSE-CLASSICO.svg","caption":"Erresse Shop"},"image":{"@id":"https:\/\/dev6.erresse-shop.it\/#\/schema\/logo\/image\/"}}]}},"df_price":229.95,"df_sale_price":229.95,"df_regular_price":325,"df_image_link":"https:\/\/i1.wp.com\/interpim.erresse-shop.it\/Import\/Prodotti\/le-creuset-tegame-basso-zucca-in-ghisa-30-cm-arancio.jpg?resize=300,300&ssl=1","fifu_image_url":"https:\/\/interpim.erresse-shop.it\/Import\/Prodotti\/le-creuset-tegame-basso-zucca-in-ghisa-30-cm-arancio.jpg","_links":{"self":[{"href":"https:\/\/dev6.erresse-shop.it\/es\/wp-json\/wp\/v2\/product\/1882717","targetHints":{"allow":["GET"]}}],"collection":[{"href":"https:\/\/dev6.erresse-shop.it\/es\/wp-json\/wp\/v2\/product"}],"about":[{"href":"https:\/\/dev6.erresse-shop.it\/es\/wp-json\/wp\/v2\/types\/product"}],"wp:featuredmedia":[{"embeddable":true,"href":"https:\/\/dev6.erresse-shop.it\/es\/wp-json\/wp\/v2\/media\/6371369"}],"wp:attachment":[{"href":"https:\/\/dev6.erresse-shop.it\/es\/wp-json\/wp\/v2\/media?parent=1882717"}],"wp:term":[{"taxonomy":"product_cat","embeddable":true,"href":"https:\/\/dev6.erresse-shop.it\/es\/wp-json\/wp\/v2\/product_cat?post=1882717"},{"taxonomy":"product_tag","embeddable":true,"href":"https:\/\/dev6.erresse-shop.it\/es\/wp-json\/wp\/v2\/product_tag?post=1882717"}],"curies":[{"name":"wp","href":"https:\/\/api.w.org\/{rel}","templated":true}]}}