{"id":1882683,"date":"2026-04-03T12:56:59","date_gmt":"2026-04-03T10:56:59","guid":{"rendered":"https:\/\/dev6.erresse-shop.it\/shop\/sin%20categor\u00eda\/le-creuset-taza-londres-350-ml-papa-noel\/"},"modified":"2025-09-14T09:46:53","modified_gmt":"2025-09-14T07:46:53","slug":"le-creuset-taza-londres-350-ml-papa-noel","status":"publish","type":"product","link":"https:\/\/dev6.erresse-shop.it\/es\/shop\/tabla\/tazas\/le-creuset-taza-londres-350-ml-papa-noel\/","title":{"rendered":"LE CREUSET Taza Londres 350 ml Pap\u00e1 Noel"},"content":{"rendered":"<p>Decorada con un dise\u00f1o de Pap\u00e1 Noel con apliques de l\u00e1mina dorada, esta taza envuelta individualmente es un regalo navide\u00f1o perfecto. Tiene el tama\u00f1o perfecto para servir bebidas calientes y dar la bienvenida a sus invitados.<\/p>\n<p style=\"text-align: justify;\">Detalles del producto:<\/p>\n<p class=\"mb-3\">Siempre a la altura: nuestro gres vitrificado es resistente a los ara\u00f1azos y f\u00e1cil de limpiar.<\/p>\n<p class=\"mb-3\">Estructura perfecta: fabricados con cer\u00e1mica de alta calidad, nuestros productos de gres vitrificado mantienen temperaturas uniformes y garantizan resistencia y durabilidad en el tiempo.<\/p>\n<p class=\"mb-3\">Apto tanto para el calor como para el fr\u00edo: nuestro gres vitrificado es resistente al calor de -23\u00b0C a &#43;260\u00b0C.<\/p>\n<p class=\"mb-3\">Lo mejor de su clase: nuestros productos se fabrican con los mejores materiales en f\u00e1bricas ubicadas en todo el mundo para garantizar la calidad que espera de Le Creuset.<\/p>\n<p class=\"mb-3\">Material: Gres Vitrificado<\/p>\n<p>Fabricado en: Tailandia<br \/>\nGarant\u00eda: 10 a\u00f1os<\/p>\n<p>Capacidad: 0,35 L<\/p>\n<p>Fuente de calor:<\/p>\n<p>Horno<br \/>\nHorno modo grill<\/p>\n<p>Limpieza y cuidado:<\/p>\n<p>Espera a que el producto se enfr\u00ede por completo antes de comenzar a limpiarlo.<br \/>\nElimine cualquier residuo de la base y los bordes del producto. Para residuos de comida rebeldes, llene el producto con agua tibia y jab\u00f3n y d\u00e9jelo en remojo durante 15 a 20 minutos antes de lavarlo como de costumbre.<\/p>\n","protected":false},"excerpt":{"rendered":"<p>Decorada con un dise\u00f1o de Pap\u00e1 Noel con apliques de l\u00e1mina dorada, esta taza envuelta individualmente es un regalo navide\u00f1o perfecto. Tiene el tama\u00f1o perfecto para servir bebidas calientes y dar la bienvenida a sus invitados. Detalles del producto: Siempre a la altura: nuestro gres vitrificado es resistente a los ara\u00f1azos y f\u00e1cil de limpiar. [&hellip;]<\/p>\n","protected":false},"featured_media":6246277,"template":"","meta":{"_acf_changed":false},"product_cat":[11887,11671,11905],"product_tag":[],"class_list":{"0":"post-1882683","1":"product","2":"type-product","3":"status-publish","4":"has-post-thumbnail","6":"product_cat-tabla","7":"product_cat-tavola","8":"product_cat-tazas","10":"first","11":"instock","12":"taxable","13":"shipping-taxable","14":"purchasable","15":"product-type-simple","swatches":"rey-swatches","show_selected":"","stretch_labels":"rey-swatches--stretch-labels"},"acf":[],"yoast_head":"<!-- This site is optimized with the Yoast SEO plugin v25.4 - https:\/\/yoast.com\/wordpress\/plugins\/seo\/ -->\n<title>LE CREUSET Taza Londres 350 ml Pap\u00e1 Noel - dev6 Erresse<\/title>\n<meta name=\"description\" content=\"Decorada con un dise\u00f1o de Pap\u00e1 Noel con apliques de l\u00e1mina dorada, esta taza envuelta individualmente es un regalo navide\u00f1o perfecto. Tiene el tama\u00f1o\" \/>\n<meta name=\"robots\" content=\"noindex, follow, max-snippet:-1, max-image-preview:large, max-video-preview:-1\" \/>\n<meta property=\"og:locale\" content=\"es_ES\" \/>\n<meta property=\"og:type\" content=\"article\" \/>\n<meta property=\"og:title\" content=\"LE CREUSET Taza Londres 350 ml Pap\u00e1 Noel - dev6 Erresse\" \/>\n<meta property=\"og:description\" content=\"Decorada con un dise\u00f1o de Pap\u00e1 Noel con apliques de l\u00e1mina dorada, esta taza envuelta individualmente es un regalo navide\u00f1o perfecto. Tiene el tama\u00f1o\" \/>\n<meta property=\"og:url\" content=\"https:\/\/dev6.erresse-shop.it\/es\/shop\/tabla\/tazas\/le-creuset-taza-londres-350-ml-papa-noel\/\" \/>\n<meta property=\"og:site_name\" content=\"dev6 Erresse\" \/>\n<meta property=\"og:image\" content=\"https:\/\/interpim.erresse-shop.it\/Import\/Prodotti\/le-creuset-tazza-mug-london-350-ml-babbo-natale.jpg\" \/><meta property=\"og:image\" content=\"https:\/\/interpim.erresse-shop.it\/Import\/Prodotti\/le-creuset-tazza-mug-london-350-ml-babbo-natale.jpg\" \/>\n\t<meta property=\"og:image:width\" content=\"1024\" \/>\n\t<meta property=\"og:image:height\" content=\"1024\" \/>\n\t<meta property=\"og:image:type\" content=\"image\/jpeg\" \/>\n<meta name=\"twitter:card\" content=\"summary_large_image\" \/>\n<meta name=\"twitter:image\" content=\"https:\/\/interpim.erresse-shop.it\/Import\/Prodotti\/le-creuset-tazza-mug-london-350-ml-babbo-natale.jpg\" \/>\n<script type=\"application\/ld+json\" class=\"yoast-schema-graph\">{\"@context\":\"https:\/\/schema.org\",\"@graph\":[{\"@type\":\"WebPage\",\"@id\":\"https:\/\/dev6.erresse-shop.it\/es\/shop\/tabla\/tazas\/le-creuset-taza-londres-350-ml-papa-noel\/\",\"url\":\"https:\/\/dev6.erresse-shop.it\/es\/shop\/tabla\/tazas\/le-creuset-taza-londres-350-ml-papa-noel\/\",\"name\":\"LE CREUSET Taza Londres 350 ml Pap\u00e1 Noel - dev6 Erresse\",\"isPartOf\":{\"@id\":\"https:\/\/dev6.erresse-shop.it\/#website\"},\"primaryImageOfPage\":{\"@id\":\"https:\/\/dev6.erresse-shop.it\/es\/shop\/tabla\/tazas\/le-creuset-taza-londres-350-ml-papa-noel\/#primaryimage\"},\"image\":{\"@id\":\"https:\/\/dev6.erresse-shop.it\/es\/shop\/tabla\/tazas\/le-creuset-taza-londres-350-ml-papa-noel\/#primaryimage\"},\"thumbnailUrl\":\"https:\/\/i0.wp.com\/interpim.erresse-shop.it\/Import\/Prodotti\/le-creuset-tazza-mug-london-350-ml-babbo-natale.jpg?ssl=1\",\"datePublished\":\"2026-04-03T10:56:59+00:00\",\"description\":\"Decorada con un dise\u00f1o de Pap\u00e1 Noel con apliques de l\u00e1mina dorada, esta taza envuelta individualmente es un regalo navide\u00f1o perfecto. Tiene el tama\u00f1o\",\"breadcrumb\":{\"@id\":\"https:\/\/dev6.erresse-shop.it\/es\/shop\/tabla\/tazas\/le-creuset-taza-londres-350-ml-papa-noel\/#breadcrumb\"},\"inLanguage\":\"es\",\"potentialAction\":[{\"@type\":\"ReadAction\",\"target\":[\"https:\/\/dev6.erresse-shop.it\/es\/shop\/tabla\/tazas\/le-creuset-taza-londres-350-ml-papa-noel\/\"]}]},{\"@type\":\"ImageObject\",\"inLanguage\":\"es\",\"@id\":\"https:\/\/dev6.erresse-shop.it\/es\/shop\/tabla\/tazas\/le-creuset-taza-londres-350-ml-papa-noel\/#primaryimage\",\"url\":\"https:\/\/i0.wp.com\/interpim.erresse-shop.it\/Import\/Prodotti\/le-creuset-tazza-mug-london-350-ml-babbo-natale.jpg?ssl=1\",\"contentUrl\":\"https:\/\/i0.wp.com\/interpim.erresse-shop.it\/Import\/Prodotti\/le-creuset-tazza-mug-london-350-ml-babbo-natale.jpg?ssl=1\"},{\"@type\":\"BreadcrumbList\",\"@id\":\"https:\/\/dev6.erresse-shop.it\/es\/shop\/tabla\/tazas\/le-creuset-taza-londres-350-ml-papa-noel\/#breadcrumb\",\"itemListElement\":[{\"@type\":\"ListItem\",\"position\":1,\"name\":\"Home\",\"item\":\"https:\/\/dev6.erresse-shop.it\/\"},{\"@type\":\"ListItem\",\"position\":2,\"name\":\"Tienda\",\"item\":\"https:\/\/dev6.erresse-shop.it\/shop\/\"},{\"@type\":\"ListItem\",\"position\":3,\"name\":\"LE CREUSET Taza Londres 350 ml Pap\u00e1 Noel\"}]},{\"@type\":\"WebSite\",\"@id\":\"https:\/\/dev6.erresse-shop.it\/#website\",\"url\":\"https:\/\/dev6.erresse-shop.it\/\",\"name\":\"Erresse Shop\",\"description\":\"\",\"publisher\":{\"@id\":\"https:\/\/dev6.erresse-shop.it\/#organization\"},\"potentialAction\":[{\"@type\":\"SearchAction\",\"target\":{\"@type\":\"EntryPoint\",\"urlTemplate\":\"https:\/\/dev6.erresse-shop.it\/?s={search_term_string}\"},\"query-input\":{\"@type\":\"PropertyValueSpecification\",\"valueRequired\":true,\"valueName\":\"search_term_string\"}}],\"inLanguage\":\"es\"},{\"@type\":\"Organization\",\"@id\":\"https:\/\/dev6.erresse-shop.it\/#organization\",\"name\":\"Erresse Shop\",\"url\":\"https:\/\/dev6.erresse-shop.it\/\",\"logo\":{\"@type\":\"ImageObject\",\"inLanguage\":\"es\",\"@id\":\"https:\/\/dev6.erresse-shop.it\/#\/schema\/logo\/image\/\",\"url\":\"https:\/\/dev6.erresse-shop.it\/wp-content\/uploads\/2025\/01\/LOGO-ERRESSE-CLASSICO.svg\",\"contentUrl\":\"https:\/\/dev6.erresse-shop.it\/wp-content\/uploads\/2025\/01\/LOGO-ERRESSE-CLASSICO.svg\",\"caption\":\"Erresse Shop\"},\"image\":{\"@id\":\"https:\/\/dev6.erresse-shop.it\/#\/schema\/logo\/image\/\"}}]}<\/script>\n<!-- \/ Yoast SEO plugin. -->","yoast_head_json":{"title":"LE CREUSET Taza Londres 350 ml Pap\u00e1 Noel - dev6 Erresse","description":"Decorada con un dise\u00f1o de Pap\u00e1 Noel con apliques de l\u00e1mina dorada, esta taza envuelta individualmente es un regalo navide\u00f1o perfecto. Tiene el tama\u00f1o","robots":{"index":"noindex","follow":"follow","max-snippet":"max-snippet:-1","max-image-preview":"max-image-preview:large","max-video-preview":"max-video-preview:-1"},"og_locale":"es_ES","og_type":"article","og_title":"LE CREUSET Taza Londres 350 ml Pap\u00e1 Noel - dev6 Erresse","og_description":"Decorada con un dise\u00f1o de Pap\u00e1 Noel con apliques de l\u00e1mina dorada, esta taza envuelta individualmente es un regalo navide\u00f1o perfecto. Tiene el tama\u00f1o","og_url":"https:\/\/dev6.erresse-shop.it\/es\/shop\/tabla\/tazas\/le-creuset-taza-londres-350-ml-papa-noel\/","og_site_name":"dev6 Erresse","og_image":[{"url":"https:\/\/interpim.erresse-shop.it\/Import\/Prodotti\/le-creuset-tazza-mug-london-350-ml-babbo-natale.jpg","type":"","width":"","height":""},{"url":"https:\/\/interpim.erresse-shop.it\/Import\/Prodotti\/le-creuset-tazza-mug-london-350-ml-babbo-natale.jpg","width":1024,"height":1024,"type":"image\/jpeg"}],"twitter_card":"summary_large_image","twitter_image":"https:\/\/interpim.erresse-shop.it\/Import\/Prodotti\/le-creuset-tazza-mug-london-350-ml-babbo-natale.jpg","schema":{"@context":"https:\/\/schema.org","@graph":[{"@type":"WebPage","@id":"https:\/\/dev6.erresse-shop.it\/es\/shop\/tabla\/tazas\/le-creuset-taza-londres-350-ml-papa-noel\/","url":"https:\/\/dev6.erresse-shop.it\/es\/shop\/tabla\/tazas\/le-creuset-taza-londres-350-ml-papa-noel\/","name":"LE CREUSET Taza Londres 350 ml Pap\u00e1 Noel - dev6 Erresse","isPartOf":{"@id":"https:\/\/dev6.erresse-shop.it\/#website"},"primaryImageOfPage":{"@id":"https:\/\/dev6.erresse-shop.it\/es\/shop\/tabla\/tazas\/le-creuset-taza-londres-350-ml-papa-noel\/#primaryimage"},"image":{"@id":"https:\/\/dev6.erresse-shop.it\/es\/shop\/tabla\/tazas\/le-creuset-taza-londres-350-ml-papa-noel\/#primaryimage"},"thumbnailUrl":"https:\/\/i0.wp.com\/interpim.erresse-shop.it\/Import\/Prodotti\/le-creuset-tazza-mug-london-350-ml-babbo-natale.jpg?ssl=1","datePublished":"2026-04-03T10:56:59+00:00","description":"Decorada con un dise\u00f1o de Pap\u00e1 Noel con apliques de l\u00e1mina dorada, esta taza envuelta individualmente es un regalo navide\u00f1o perfecto. Tiene el tama\u00f1o","breadcrumb":{"@id":"https:\/\/dev6.erresse-shop.it\/es\/shop\/tabla\/tazas\/le-creuset-taza-londres-350-ml-papa-noel\/#breadcrumb"},"inLanguage":"es","potentialAction":[{"@type":"ReadAction","target":["https:\/\/dev6.erresse-shop.it\/es\/shop\/tabla\/tazas\/le-creuset-taza-londres-350-ml-papa-noel\/"]}]},{"@type":"ImageObject","inLanguage":"es","@id":"https:\/\/dev6.erresse-shop.it\/es\/shop\/tabla\/tazas\/le-creuset-taza-londres-350-ml-papa-noel\/#primaryimage","url":"https:\/\/i0.wp.com\/interpim.erresse-shop.it\/Import\/Prodotti\/le-creuset-tazza-mug-london-350-ml-babbo-natale.jpg?ssl=1","contentUrl":"https:\/\/i0.wp.com\/interpim.erresse-shop.it\/Import\/Prodotti\/le-creuset-tazza-mug-london-350-ml-babbo-natale.jpg?ssl=1"},{"@type":"BreadcrumbList","@id":"https:\/\/dev6.erresse-shop.it\/es\/shop\/tabla\/tazas\/le-creuset-taza-londres-350-ml-papa-noel\/#breadcrumb","itemListElement":[{"@type":"ListItem","position":1,"name":"Home","item":"https:\/\/dev6.erresse-shop.it\/"},{"@type":"ListItem","position":2,"name":"Tienda","item":"https:\/\/dev6.erresse-shop.it\/shop\/"},{"@type":"ListItem","position":3,"name":"LE CREUSET Taza Londres 350 ml Pap\u00e1 Noel"}]},{"@type":"WebSite","@id":"https:\/\/dev6.erresse-shop.it\/#website","url":"https:\/\/dev6.erresse-shop.it\/","name":"Erresse Shop","description":"","publisher":{"@id":"https:\/\/dev6.erresse-shop.it\/#organization"},"potentialAction":[{"@type":"SearchAction","target":{"@type":"EntryPoint","urlTemplate":"https:\/\/dev6.erresse-shop.it\/?s={search_term_string}"},"query-input":{"@type":"PropertyValueSpecification","valueRequired":true,"valueName":"search_term_string"}}],"inLanguage":"es"},{"@type":"Organization","@id":"https:\/\/dev6.erresse-shop.it\/#organization","name":"Erresse Shop","url":"https:\/\/dev6.erresse-shop.it\/","logo":{"@type":"ImageObject","inLanguage":"es","@id":"https:\/\/dev6.erresse-shop.it\/#\/schema\/logo\/image\/","url":"https:\/\/dev6.erresse-shop.it\/wp-content\/uploads\/2025\/01\/LOGO-ERRESSE-CLASSICO.svg","contentUrl":"https:\/\/dev6.erresse-shop.it\/wp-content\/uploads\/2025\/01\/LOGO-ERRESSE-CLASSICO.svg","caption":"Erresse Shop"},"image":{"@id":"https:\/\/dev6.erresse-shop.it\/#\/schema\/logo\/image\/"}}]}},"df_price":27,"df_sale_price":"","df_regular_price":27,"df_image_link":"https:\/\/i0.wp.com\/interpim.erresse-shop.it\/Import\/Prodotti\/le-creuset-tazza-mug-london-350-ml-babbo-natale.jpg?resize=300,300&ssl=1","fifu_image_url":"https:\/\/interpim.erresse-shop.it\/Import\/Prodotti\/le-creuset-tazza-mug-london-350-ml-babbo-natale.jpg","_links":{"self":[{"href":"https:\/\/dev6.erresse-shop.it\/es\/wp-json\/wp\/v2\/product\/1882683","targetHints":{"allow":["GET"]}}],"collection":[{"href":"https:\/\/dev6.erresse-shop.it\/es\/wp-json\/wp\/v2\/product"}],"about":[{"href":"https:\/\/dev6.erresse-shop.it\/es\/wp-json\/wp\/v2\/types\/product"}],"wp:featuredmedia":[{"embeddable":true,"href":"https:\/\/dev6.erresse-shop.it\/es\/wp-json\/wp\/v2\/media\/6246277"}],"wp:attachment":[{"href":"https:\/\/dev6.erresse-shop.it\/es\/wp-json\/wp\/v2\/media?parent=1882683"}],"wp:term":[{"taxonomy":"product_cat","embeddable":true,"href":"https:\/\/dev6.erresse-shop.it\/es\/wp-json\/wp\/v2\/product_cat?post=1882683"},{"taxonomy":"product_tag","embeddable":true,"href":"https:\/\/dev6.erresse-shop.it\/es\/wp-json\/wp\/v2\/product_tag?post=1882683"}],"curies":[{"name":"wp","href":"https:\/\/api.w.org\/{rel}","templated":true}]}}