{"id":1882639,"date":"2026-04-12T12:04:39","date_gmt":"2026-04-12T10:04:39","guid":{"rendered":"https:\/\/dev6.erresse-shop.it\/shop\/sin%20categor\u00eda\/g3-ferrari-horno-para-pizzas-pronto-pizza-2-minuti\/"},"modified":"2026-01-15T23:40:34","modified_gmt":"2026-01-15T22:40:34","slug":"g3-ferrari-horno-para-pizzas-pronto-pizza-2-minuti","status":"publish","type":"product","link":"https:\/\/dev6.erresse-shop.it\/es\/shop\/pequenos-electrodomesticos\/hornos\/g3-ferrari-horno-para-pizzas-pronto-pizza-2-minuti\/","title":{"rendered":"G3 FERRARI Horno para pizzas Pronto Pizza 2 Minuti"},"content":{"rendered":"<p>Horno para pizzas<\/p>\n<p>Con el horno para pizzas de 2 minutos Pronto Pizza, la perfecci\u00f3n de la pizza est\u00e1 a su alcance.<\/p>\n<p>La\u00a0combinaci\u00f3n de alta temperatura (hasta 430 \u00b0C) y piedra refractaria garantiza una cocci\u00f3n r\u00e1pida y uniforme, y con las dos resistencias que se pueden operar por separado tienes control total sobre la cocci\u00f3n de la pizza, para Obtenga siempre una base fragante y una pizza bien cocida: \u00a1hornee una pizza napolitana perfecta en s\u00f3lo 2 minutos!<\/p>\n<p>La pantalla digital ofrece una gran versatilidad; est\u00e1 equipado con 8 programas\u00a0para cocinar todo tipo de pizza y mucho m\u00e1s: desde la napolitana hasta la fina y crujiente, desde la pizza en sart\u00e9n hasta la pizza congelada, as\u00ed como recetas de bistec, tarta y caseras. Adem\u00e1s, el horno incluye una\u00a0funci\u00f3n de memoria\u00a0que le permite recordar tus configuraciones favoritas sin tener que restablecerlas cada vez que cocinas.<\/p>\n<p>La amplia gama de accesorios completa el rendimiento de alto nivel. Adem\u00e1s de la\u00a0piedra refractaria extra\u00edble, se incluyen la\u00a0bandeja de horno esmaltada\u00a0para cocinar carne, pasteles y m\u00e1s, la parrilla de acero inoxidable, el cortador de pizza y la pala grande de acero inoxidable. aluminio para hornear, y el recetario exclusivo del chef napolitano Valerio La Rosa.<\/p>\n<p>El horno para pizzas Pronto Pizza de 2 minutos es completamente el\u00e9ctrico para cocinar pizzas tan bien como en una pizzer\u00eda en casa, y adem\u00e1s es top en cuanto a seguridad: dise\u00f1ado con un sistema de refrigeraci\u00f3n por ventilaci\u00f3n forzada y una puerta con 3 puertas. ventana nivelada, sus paredes siempre est\u00e1n fr\u00edas incluso cuando se utiliza a la temperatura m\u00e1xima.<\/p>\n<p>Especificaciones t\u00e9cnicas<\/p>\n<p>Doble resistencia, superior 850W e inferior 850W<br \/>\nTemperatura 80\u00b0 \u2013 430\u00b0C, temporizador de 60 minutos<br \/>\nPantalla digital con 8 programas: bricolaje, napolitana, fina, sart\u00e9n, tarta, congelado, filete, pizza redonda<br \/>\nFunci\u00f3n de almacenamiento<br \/>\nResistencias que se pueden operar por separado<br \/>\nL\u00e1mpara interna<br \/>\nParedes fr\u00edas con sistema de refrigeraci\u00f3n por ventilaci\u00f3n forzada<br \/>\nPuerta con triple cristal de borosilicato para m\u00e1ximo aislamiento<br \/>\nAccesorios: piedra refractaria 32\u00d732 cm, sart\u00e9n esmaltada \u00d832,5 cm, parrilla de acero inoxidable, pala de aluminio \u00d832 cm, cortador de pizza<br \/>\nFuente de alimentaci\u00f3n: CA 220-240 V ~ 50-60 Hz<br \/>\nPotencia: 1700 W<br \/>\nDimensiones (An x Al x Pr): 46 x 28,5 x 50 cm<br \/>\nPeso: 13 kg<\/p>\n<p>No est\u00e1 a la venta fuera de Europa<\/p>\n","protected":false},"excerpt":{"rendered":"<p>Horno para pizzas Con el horno para pizzas de 2 minutos Pronto Pizza, la perfecci\u00f3n de la pizza est\u00e1 a su alcance. La\u00a0combinaci\u00f3n de alta temperatura (hasta 430 \u00b0C) y piedra refractaria garantiza una cocci\u00f3n r\u00e1pida y uniforme, y con las dos resistencias que se pueden operar por separado tienes control total sobre la cocci\u00f3n [&hellip;]<\/p>\n","protected":false},"featured_media":6370920,"template":"","meta":{"_acf_changed":false},"product_cat":[11977,11947],"product_tag":[],"class_list":{"0":"post-1882639","1":"product","2":"type-product","3":"status-publish","4":"has-post-thumbnail","6":"product_cat-hornos","7":"product_cat-pequenos-electrodomesticos","9":"first","10":"instock","11":"sale","12":"taxable","13":"shipping-taxable","14":"purchasable","15":"product-type-simple","swatches":"rey-swatches","show_selected":"","stretch_labels":"rey-swatches--stretch-labels"},"acf":[],"yoast_head":"<!-- This site is optimized with the Yoast SEO plugin v25.4 - https:\/\/yoast.com\/wordpress\/plugins\/seo\/ -->\n<title>G3 FERRARI Horno para pizzas Pronto Pizza 2 Minuti - dev6 Erresse<\/title>\n<meta name=\"description\" content=\"Horno para pizzas Con el horno para pizzas de 2 minutos Pronto Pizza, la perfecci\u00f3n de la pizza est\u00e1 a su alcance. La\u00a0combinaci\u00f3n de alta temperatura\" \/>\n<meta name=\"robots\" content=\"noindex, follow, max-snippet:-1, max-image-preview:large, max-video-preview:-1\" \/>\n<meta property=\"og:locale\" content=\"es_ES\" \/>\n<meta property=\"og:type\" content=\"article\" \/>\n<meta property=\"og:title\" content=\"G3 FERRARI Horno para pizzas Pronto Pizza 2 Minuti - dev6 Erresse\" \/>\n<meta property=\"og:description\" content=\"Horno para pizzas Con el horno para pizzas de 2 minutos Pronto Pizza, la perfecci\u00f3n de la pizza est\u00e1 a su alcance. La\u00a0combinaci\u00f3n de alta temperatura\" \/>\n<meta property=\"og:url\" content=\"https:\/\/dev6.erresse-shop.it\/es\/shop\/pequenos-electrodomesticos\/hornos\/g3-ferrari-horno-para-pizzas-pronto-pizza-2-minuti\/\" \/>\n<meta property=\"og:site_name\" content=\"dev6 Erresse\" \/>\n<meta property=\"og:image\" content=\"https:\/\/interpim.erresse-shop.it\/Import\/Prodotti\/g3-ferrari-forno-pizza-pronto-pizza-2-minuti.jpg\" \/><meta property=\"og:image\" content=\"https:\/\/interpim.erresse-shop.it\/Import\/Prodotti\/g3-ferrari-forno-pizza-pronto-pizza-2-minuti.jpg\" \/>\n\t<meta property=\"og:image:width\" content=\"1024\" \/>\n\t<meta property=\"og:image:height\" content=\"1024\" \/>\n\t<meta property=\"og:image:type\" content=\"image\/jpeg\" \/>\n<meta name=\"twitter:card\" content=\"summary_large_image\" \/>\n<meta name=\"twitter:image\" content=\"https:\/\/interpim.erresse-shop.it\/Import\/Prodotti\/g3-ferrari-forno-pizza-pronto-pizza-2-minuti.jpg\" \/>\n<script type=\"application\/ld+json\" class=\"yoast-schema-graph\">{\"@context\":\"https:\/\/schema.org\",\"@graph\":[{\"@type\":\"WebPage\",\"@id\":\"https:\/\/dev6.erresse-shop.it\/es\/shop\/pequenos-electrodomesticos\/hornos\/g3-ferrari-horno-para-pizzas-pronto-pizza-2-minuti\/\",\"url\":\"https:\/\/dev6.erresse-shop.it\/es\/shop\/pequenos-electrodomesticos\/hornos\/g3-ferrari-horno-para-pizzas-pronto-pizza-2-minuti\/\",\"name\":\"G3 FERRARI Horno para pizzas Pronto Pizza 2 Minuti - dev6 Erresse\",\"isPartOf\":{\"@id\":\"https:\/\/dev6.erresse-shop.it\/#website\"},\"primaryImageOfPage\":{\"@id\":\"https:\/\/dev6.erresse-shop.it\/es\/shop\/pequenos-electrodomesticos\/hornos\/g3-ferrari-horno-para-pizzas-pronto-pizza-2-minuti\/#primaryimage\"},\"image\":{\"@id\":\"https:\/\/dev6.erresse-shop.it\/es\/shop\/pequenos-electrodomesticos\/hornos\/g3-ferrari-horno-para-pizzas-pronto-pizza-2-minuti\/#primaryimage\"},\"thumbnailUrl\":\"https:\/\/i3.wp.com\/interpim.erresse-shop.it\/Import\/Prodotti\/g3-ferrari-forno-pizza-pronto-pizza-2-minuti.jpg?ssl=1\",\"datePublished\":\"2026-04-12T10:04:39+00:00\",\"description\":\"Horno para pizzas Con el horno para pizzas de 2 minutos Pronto Pizza, la perfecci\u00f3n de la pizza est\u00e1 a su alcance. La\u00a0combinaci\u00f3n de alta temperatura\",\"breadcrumb\":{\"@id\":\"https:\/\/dev6.erresse-shop.it\/es\/shop\/pequenos-electrodomesticos\/hornos\/g3-ferrari-horno-para-pizzas-pronto-pizza-2-minuti\/#breadcrumb\"},\"inLanguage\":\"es\",\"potentialAction\":[{\"@type\":\"ReadAction\",\"target\":[\"https:\/\/dev6.erresse-shop.it\/es\/shop\/pequenos-electrodomesticos\/hornos\/g3-ferrari-horno-para-pizzas-pronto-pizza-2-minuti\/\"]}]},{\"@type\":\"ImageObject\",\"inLanguage\":\"es\",\"@id\":\"https:\/\/dev6.erresse-shop.it\/es\/shop\/pequenos-electrodomesticos\/hornos\/g3-ferrari-horno-para-pizzas-pronto-pizza-2-minuti\/#primaryimage\",\"url\":\"https:\/\/i3.wp.com\/interpim.erresse-shop.it\/Import\/Prodotti\/g3-ferrari-forno-pizza-pronto-pizza-2-minuti.jpg?ssl=1\",\"contentUrl\":\"https:\/\/i3.wp.com\/interpim.erresse-shop.it\/Import\/Prodotti\/g3-ferrari-forno-pizza-pronto-pizza-2-minuti.jpg?ssl=1\"},{\"@type\":\"BreadcrumbList\",\"@id\":\"https:\/\/dev6.erresse-shop.it\/es\/shop\/pequenos-electrodomesticos\/hornos\/g3-ferrari-horno-para-pizzas-pronto-pizza-2-minuti\/#breadcrumb\",\"itemListElement\":[{\"@type\":\"ListItem\",\"position\":1,\"name\":\"Home\",\"item\":\"https:\/\/dev6.erresse-shop.it\/\"},{\"@type\":\"ListItem\",\"position\":2,\"name\":\"Tienda\",\"item\":\"https:\/\/dev6.erresse-shop.it\/shop\/\"},{\"@type\":\"ListItem\",\"position\":3,\"name\":\"G3 FERRARI Horno para pizzas Pronto Pizza 2 Minuti\"}]},{\"@type\":\"WebSite\",\"@id\":\"https:\/\/dev6.erresse-shop.it\/#website\",\"url\":\"https:\/\/dev6.erresse-shop.it\/\",\"name\":\"Erresse Shop\",\"description\":\"\",\"publisher\":{\"@id\":\"https:\/\/dev6.erresse-shop.it\/#organization\"},\"potentialAction\":[{\"@type\":\"SearchAction\",\"target\":{\"@type\":\"EntryPoint\",\"urlTemplate\":\"https:\/\/dev6.erresse-shop.it\/?s={search_term_string}\"},\"query-input\":{\"@type\":\"PropertyValueSpecification\",\"valueRequired\":true,\"valueName\":\"search_term_string\"}}],\"inLanguage\":\"es\"},{\"@type\":\"Organization\",\"@id\":\"https:\/\/dev6.erresse-shop.it\/#organization\",\"name\":\"Erresse Shop\",\"url\":\"https:\/\/dev6.erresse-shop.it\/\",\"logo\":{\"@type\":\"ImageObject\",\"inLanguage\":\"es\",\"@id\":\"https:\/\/dev6.erresse-shop.it\/#\/schema\/logo\/image\/\",\"url\":\"https:\/\/dev6.erresse-shop.it\/wp-content\/uploads\/2025\/01\/LOGO-ERRESSE-CLASSICO.svg\",\"contentUrl\":\"https:\/\/dev6.erresse-shop.it\/wp-content\/uploads\/2025\/01\/LOGO-ERRESSE-CLASSICO.svg\",\"caption\":\"Erresse Shop\"},\"image\":{\"@id\":\"https:\/\/dev6.erresse-shop.it\/#\/schema\/logo\/image\/\"}}]}<\/script>\n<!-- \/ Yoast SEO plugin. -->","yoast_head_json":{"title":"G3 FERRARI Horno para pizzas Pronto Pizza 2 Minuti - dev6 Erresse","description":"Horno para pizzas Con el horno para pizzas de 2 minutos Pronto Pizza, la perfecci\u00f3n de la pizza est\u00e1 a su alcance. La\u00a0combinaci\u00f3n de alta temperatura","robots":{"index":"noindex","follow":"follow","max-snippet":"max-snippet:-1","max-image-preview":"max-image-preview:large","max-video-preview":"max-video-preview:-1"},"og_locale":"es_ES","og_type":"article","og_title":"G3 FERRARI Horno para pizzas Pronto Pizza 2 Minuti - dev6 Erresse","og_description":"Horno para pizzas Con el horno para pizzas de 2 minutos Pronto Pizza, la perfecci\u00f3n de la pizza est\u00e1 a su alcance. La\u00a0combinaci\u00f3n de alta temperatura","og_url":"https:\/\/dev6.erresse-shop.it\/es\/shop\/pequenos-electrodomesticos\/hornos\/g3-ferrari-horno-para-pizzas-pronto-pizza-2-minuti\/","og_site_name":"dev6 Erresse","og_image":[{"url":"https:\/\/interpim.erresse-shop.it\/Import\/Prodotti\/g3-ferrari-forno-pizza-pronto-pizza-2-minuti.jpg","type":"","width":"","height":""},{"url":"https:\/\/interpim.erresse-shop.it\/Import\/Prodotti\/g3-ferrari-forno-pizza-pronto-pizza-2-minuti.jpg","width":1024,"height":1024,"type":"image\/jpeg"}],"twitter_card":"summary_large_image","twitter_image":"https:\/\/interpim.erresse-shop.it\/Import\/Prodotti\/g3-ferrari-forno-pizza-pronto-pizza-2-minuti.jpg","schema":{"@context":"https:\/\/schema.org","@graph":[{"@type":"WebPage","@id":"https:\/\/dev6.erresse-shop.it\/es\/shop\/pequenos-electrodomesticos\/hornos\/g3-ferrari-horno-para-pizzas-pronto-pizza-2-minuti\/","url":"https:\/\/dev6.erresse-shop.it\/es\/shop\/pequenos-electrodomesticos\/hornos\/g3-ferrari-horno-para-pizzas-pronto-pizza-2-minuti\/","name":"G3 FERRARI Horno para pizzas Pronto Pizza 2 Minuti - dev6 Erresse","isPartOf":{"@id":"https:\/\/dev6.erresse-shop.it\/#website"},"primaryImageOfPage":{"@id":"https:\/\/dev6.erresse-shop.it\/es\/shop\/pequenos-electrodomesticos\/hornos\/g3-ferrari-horno-para-pizzas-pronto-pizza-2-minuti\/#primaryimage"},"image":{"@id":"https:\/\/dev6.erresse-shop.it\/es\/shop\/pequenos-electrodomesticos\/hornos\/g3-ferrari-horno-para-pizzas-pronto-pizza-2-minuti\/#primaryimage"},"thumbnailUrl":"https:\/\/i3.wp.com\/interpim.erresse-shop.it\/Import\/Prodotti\/g3-ferrari-forno-pizza-pronto-pizza-2-minuti.jpg?ssl=1","datePublished":"2026-04-12T10:04:39+00:00","description":"Horno para pizzas Con el horno para pizzas de 2 minutos Pronto Pizza, la perfecci\u00f3n de la pizza est\u00e1 a su alcance. La\u00a0combinaci\u00f3n de alta temperatura","breadcrumb":{"@id":"https:\/\/dev6.erresse-shop.it\/es\/shop\/pequenos-electrodomesticos\/hornos\/g3-ferrari-horno-para-pizzas-pronto-pizza-2-minuti\/#breadcrumb"},"inLanguage":"es","potentialAction":[{"@type":"ReadAction","target":["https:\/\/dev6.erresse-shop.it\/es\/shop\/pequenos-electrodomesticos\/hornos\/g3-ferrari-horno-para-pizzas-pronto-pizza-2-minuti\/"]}]},{"@type":"ImageObject","inLanguage":"es","@id":"https:\/\/dev6.erresse-shop.it\/es\/shop\/pequenos-electrodomesticos\/hornos\/g3-ferrari-horno-para-pizzas-pronto-pizza-2-minuti\/#primaryimage","url":"https:\/\/i3.wp.com\/interpim.erresse-shop.it\/Import\/Prodotti\/g3-ferrari-forno-pizza-pronto-pizza-2-minuti.jpg?ssl=1","contentUrl":"https:\/\/i3.wp.com\/interpim.erresse-shop.it\/Import\/Prodotti\/g3-ferrari-forno-pizza-pronto-pizza-2-minuti.jpg?ssl=1"},{"@type":"BreadcrumbList","@id":"https:\/\/dev6.erresse-shop.it\/es\/shop\/pequenos-electrodomesticos\/hornos\/g3-ferrari-horno-para-pizzas-pronto-pizza-2-minuti\/#breadcrumb","itemListElement":[{"@type":"ListItem","position":1,"name":"Home","item":"https:\/\/dev6.erresse-shop.it\/"},{"@type":"ListItem","position":2,"name":"Tienda","item":"https:\/\/dev6.erresse-shop.it\/shop\/"},{"@type":"ListItem","position":3,"name":"G3 FERRARI Horno para pizzas Pronto Pizza 2 Minuti"}]},{"@type":"WebSite","@id":"https:\/\/dev6.erresse-shop.it\/#website","url":"https:\/\/dev6.erresse-shop.it\/","name":"Erresse Shop","description":"","publisher":{"@id":"https:\/\/dev6.erresse-shop.it\/#organization"},"potentialAction":[{"@type":"SearchAction","target":{"@type":"EntryPoint","urlTemplate":"https:\/\/dev6.erresse-shop.it\/?s={search_term_string}"},"query-input":{"@type":"PropertyValueSpecification","valueRequired":true,"valueName":"search_term_string"}}],"inLanguage":"es"},{"@type":"Organization","@id":"https:\/\/dev6.erresse-shop.it\/#organization","name":"Erresse Shop","url":"https:\/\/dev6.erresse-shop.it\/","logo":{"@type":"ImageObject","inLanguage":"es","@id":"https:\/\/dev6.erresse-shop.it\/#\/schema\/logo\/image\/","url":"https:\/\/dev6.erresse-shop.it\/wp-content\/uploads\/2025\/01\/LOGO-ERRESSE-CLASSICO.svg","contentUrl":"https:\/\/dev6.erresse-shop.it\/wp-content\/uploads\/2025\/01\/LOGO-ERRESSE-CLASSICO.svg","caption":"Erresse Shop"},"image":{"@id":"https:\/\/dev6.erresse-shop.it\/#\/schema\/logo\/image\/"}}]}},"df_price":189.95,"df_sale_price":189.95,"df_regular_price":289.9,"df_image_link":"https:\/\/i3.wp.com\/interpim.erresse-shop.it\/Import\/Prodotti\/g3-ferrari-forno-pizza-pronto-pizza-2-minuti.jpg?resize=300,300&ssl=1","fifu_image_url":"https:\/\/interpim.erresse-shop.it\/Import\/Prodotti\/g3-ferrari-forno-pizza-pronto-pizza-2-minuti.jpg","_links":{"self":[{"href":"https:\/\/dev6.erresse-shop.it\/es\/wp-json\/wp\/v2\/product\/1882639","targetHints":{"allow":["GET"]}}],"collection":[{"href":"https:\/\/dev6.erresse-shop.it\/es\/wp-json\/wp\/v2\/product"}],"about":[{"href":"https:\/\/dev6.erresse-shop.it\/es\/wp-json\/wp\/v2\/types\/product"}],"wp:featuredmedia":[{"embeddable":true,"href":"https:\/\/dev6.erresse-shop.it\/es\/wp-json\/wp\/v2\/media\/6370920"}],"wp:attachment":[{"href":"https:\/\/dev6.erresse-shop.it\/es\/wp-json\/wp\/v2\/media?parent=1882639"}],"wp:term":[{"taxonomy":"product_cat","embeddable":true,"href":"https:\/\/dev6.erresse-shop.it\/es\/wp-json\/wp\/v2\/product_cat?post=1882639"},{"taxonomy":"product_tag","embeddable":true,"href":"https:\/\/dev6.erresse-shop.it\/es\/wp-json\/wp\/v2\/product_tag?post=1882639"}],"curies":[{"name":"wp","href":"https:\/\/api.w.org\/{rel}","templated":true}]}}