{"id":1882591,"date":"2026-04-03T12:49:53","date_gmt":"2026-04-03T10:49:53","guid":{"rendered":"https:\/\/dev6.erresse-shop.it\/shop\/sin%20categor\u00eda\/taitu-noel-oro-soporte-para-tartas\/"},"modified":"2026-01-21T20:20:01","modified_gmt":"2026-01-21T19:20:01","slug":"taitu-noel-oro-soporte-para-tartas","status":"publish","type":"product","link":"https:\/\/dev6.erresse-shop.it\/es\/shop\/tabla\/soportes-para-tartas\/taitu-noel-oro-soporte-para-tartas\/","title":{"rendered":"TAIT\u00d9 Noel Oro Soporte para tartas"},"content":{"rendered":"<p>Material: Fine Bone China<\/p>\n<p>TAIT\u00d9 reinventa su Noel con la nueva colecci\u00f3n NOEL ORO. Nuevos elementos en oro de 24 quilates a\u00f1aden un toque de lujo: el nuevo logotipo NOEL de inspiraci\u00f3n art\u00edstica, los copos de nieve y las estrellas de la suerte, as\u00ed como el hilo de oro puro aplicado en el borde de todos los accesorios. Para los amantes de la magia navide\u00f1a m\u00e1s propia de los cuentos de hadas, con NOEL ORO ser\u00e1 una Navidad totalmente dorada.<\/p>\n<p>Advertencias<br \/>\nDetalles de oro de 24 quilates. No apto para lavavajillas ni microondas.<\/p>\n","protected":false},"excerpt":{"rendered":"<p>Material: Fine Bone China TAIT\u00d9 reinventa su Noel con la nueva colecci\u00f3n NOEL ORO. Nuevos elementos en oro de 24 quilates a\u00f1aden un toque de lujo: el nuevo logotipo NOEL de inspiraci\u00f3n art\u00edstica, los copos de nieve y las estrellas de la suerte, as\u00ed como el hilo de oro puro aplicado en el borde de [&hellip;]<\/p>\n","protected":false},"featured_media":6245879,"template":"","meta":{"_acf_changed":false},"product_cat":[11909,11887,11671],"product_tag":[],"class_list":{"0":"post-1882591","1":"product","2":"type-product","3":"status-publish","4":"has-post-thumbnail","6":"product_cat-soportes-para-tartas","7":"product_cat-tabla","8":"product_cat-tavola","10":"first","11":"instock","12":"sale","13":"taxable","14":"shipping-taxable","15":"purchasable","16":"product-type-simple","swatches":"rey-swatches","show_selected":"","stretch_labels":"rey-swatches--stretch-labels"},"acf":[],"yoast_head":"<!-- This site is optimized with the Yoast SEO plugin v25.4 - https:\/\/yoast.com\/wordpress\/plugins\/seo\/ -->\n<title>TAIT\u00d9 Noel Oro Soporte para tartas - dev6 Erresse<\/title>\n<meta name=\"description\" content=\"Material: Fine Bone China TAIT\u00d9 reinventa su Noel con la nueva colecci\u00f3n NOEL ORO. Nuevos elementos en oro de 24 quilates a\u00f1aden un toque de lujo: el\" \/>\n<meta name=\"robots\" content=\"noindex, follow, max-snippet:-1, max-image-preview:large, max-video-preview:-1\" \/>\n<meta property=\"og:locale\" content=\"es_ES\" \/>\n<meta property=\"og:type\" content=\"article\" \/>\n<meta property=\"og:title\" content=\"TAIT\u00d9 Noel Oro Soporte para tartas - dev6 Erresse\" \/>\n<meta property=\"og:description\" content=\"Material: Fine Bone China TAIT\u00d9 reinventa su Noel con la nueva colecci\u00f3n NOEL ORO. Nuevos elementos en oro de 24 quilates a\u00f1aden un toque de lujo: el\" \/>\n<meta property=\"og:url\" content=\"https:\/\/dev6.erresse-shop.it\/es\/shop\/tabla\/soportes-para-tartas\/taitu-noel-oro-soporte-para-tartas\/\" \/>\n<meta property=\"og:site_name\" content=\"dev6 Erresse\" \/>\n<meta property=\"og:image\" content=\"https:\/\/interpim.erresse-shop.it\/img-catalogo\/taitu\/taitu-noel-oro-alzata.jpg\" \/><meta property=\"og:image\" content=\"https:\/\/interpim.erresse-shop.it\/img-catalogo\/taitu\/taitu-noel-oro-alzata.jpg\" \/>\n\t<meta property=\"og:image:width\" content=\"1024\" \/>\n\t<meta property=\"og:image:height\" content=\"1024\" \/>\n\t<meta property=\"og:image:type\" content=\"image\/jpeg\" \/>\n<meta name=\"twitter:card\" content=\"summary_large_image\" \/>\n<meta name=\"twitter:image\" content=\"https:\/\/interpim.erresse-shop.it\/img-catalogo\/taitu\/taitu-noel-oro-alzata.jpg\" \/>\n<script type=\"application\/ld+json\" class=\"yoast-schema-graph\">{\"@context\":\"https:\/\/schema.org\",\"@graph\":[{\"@type\":\"WebPage\",\"@id\":\"https:\/\/dev6.erresse-shop.it\/es\/shop\/tabla\/soportes-para-tartas\/taitu-noel-oro-soporte-para-tartas\/\",\"url\":\"https:\/\/dev6.erresse-shop.it\/es\/shop\/tabla\/soportes-para-tartas\/taitu-noel-oro-soporte-para-tartas\/\",\"name\":\"TAIT\u00d9 Noel Oro Soporte para tartas - dev6 Erresse\",\"isPartOf\":{\"@id\":\"https:\/\/dev6.erresse-shop.it\/#website\"},\"primaryImageOfPage\":{\"@id\":\"https:\/\/dev6.erresse-shop.it\/es\/shop\/tabla\/soportes-para-tartas\/taitu-noel-oro-soporte-para-tartas\/#primaryimage\"},\"image\":{\"@id\":\"https:\/\/dev6.erresse-shop.it\/es\/shop\/tabla\/soportes-para-tartas\/taitu-noel-oro-soporte-para-tartas\/#primaryimage\"},\"thumbnailUrl\":\"https:\/\/i1.wp.com\/interpim.erresse-shop.it\/img-catalogo\/taitu\/taitu-noel-oro-alzata.jpg?ssl=1\",\"datePublished\":\"2026-04-03T10:49:53+00:00\",\"description\":\"Material: Fine Bone China TAIT\u00d9 reinventa su Noel con la nueva colecci\u00f3n NOEL ORO. Nuevos elementos en oro de 24 quilates a\u00f1aden un toque de lujo: el\",\"breadcrumb\":{\"@id\":\"https:\/\/dev6.erresse-shop.it\/es\/shop\/tabla\/soportes-para-tartas\/taitu-noel-oro-soporte-para-tartas\/#breadcrumb\"},\"inLanguage\":\"es\",\"potentialAction\":[{\"@type\":\"ReadAction\",\"target\":[\"https:\/\/dev6.erresse-shop.it\/es\/shop\/tabla\/soportes-para-tartas\/taitu-noel-oro-soporte-para-tartas\/\"]}]},{\"@type\":\"ImageObject\",\"inLanguage\":\"es\",\"@id\":\"https:\/\/dev6.erresse-shop.it\/es\/shop\/tabla\/soportes-para-tartas\/taitu-noel-oro-soporte-para-tartas\/#primaryimage\",\"url\":\"https:\/\/i1.wp.com\/interpim.erresse-shop.it\/img-catalogo\/taitu\/taitu-noel-oro-alzata.jpg?ssl=1\",\"contentUrl\":\"https:\/\/i1.wp.com\/interpim.erresse-shop.it\/img-catalogo\/taitu\/taitu-noel-oro-alzata.jpg?ssl=1\"},{\"@type\":\"BreadcrumbList\",\"@id\":\"https:\/\/dev6.erresse-shop.it\/es\/shop\/tabla\/soportes-para-tartas\/taitu-noel-oro-soporte-para-tartas\/#breadcrumb\",\"itemListElement\":[{\"@type\":\"ListItem\",\"position\":1,\"name\":\"Home\",\"item\":\"https:\/\/dev6.erresse-shop.it\/\"},{\"@type\":\"ListItem\",\"position\":2,\"name\":\"Tienda\",\"item\":\"https:\/\/dev6.erresse-shop.it\/shop\/\"},{\"@type\":\"ListItem\",\"position\":3,\"name\":\"TAIT\u00d9 Noel Oro Soporte para tartas\"}]},{\"@type\":\"WebSite\",\"@id\":\"https:\/\/dev6.erresse-shop.it\/#website\",\"url\":\"https:\/\/dev6.erresse-shop.it\/\",\"name\":\"Erresse Shop\",\"description\":\"\",\"publisher\":{\"@id\":\"https:\/\/dev6.erresse-shop.it\/#organization\"},\"potentialAction\":[{\"@type\":\"SearchAction\",\"target\":{\"@type\":\"EntryPoint\",\"urlTemplate\":\"https:\/\/dev6.erresse-shop.it\/?s={search_term_string}\"},\"query-input\":{\"@type\":\"PropertyValueSpecification\",\"valueRequired\":true,\"valueName\":\"search_term_string\"}}],\"inLanguage\":\"es\"},{\"@type\":\"Organization\",\"@id\":\"https:\/\/dev6.erresse-shop.it\/#organization\",\"name\":\"Erresse Shop\",\"url\":\"https:\/\/dev6.erresse-shop.it\/\",\"logo\":{\"@type\":\"ImageObject\",\"inLanguage\":\"es\",\"@id\":\"https:\/\/dev6.erresse-shop.it\/#\/schema\/logo\/image\/\",\"url\":\"https:\/\/dev6.erresse-shop.it\/wp-content\/uploads\/2025\/01\/LOGO-ERRESSE-CLASSICO.svg\",\"contentUrl\":\"https:\/\/dev6.erresse-shop.it\/wp-content\/uploads\/2025\/01\/LOGO-ERRESSE-CLASSICO.svg\",\"caption\":\"Erresse Shop\"},\"image\":{\"@id\":\"https:\/\/dev6.erresse-shop.it\/#\/schema\/logo\/image\/\"}}]}<\/script>\n<!-- \/ Yoast SEO plugin. -->","yoast_head_json":{"title":"TAIT\u00d9 Noel Oro Soporte para tartas - dev6 Erresse","description":"Material: Fine Bone China TAIT\u00d9 reinventa su Noel con la nueva colecci\u00f3n NOEL ORO. Nuevos elementos en oro de 24 quilates a\u00f1aden un toque de lujo: el","robots":{"index":"noindex","follow":"follow","max-snippet":"max-snippet:-1","max-image-preview":"max-image-preview:large","max-video-preview":"max-video-preview:-1"},"og_locale":"es_ES","og_type":"article","og_title":"TAIT\u00d9 Noel Oro Soporte para tartas - dev6 Erresse","og_description":"Material: Fine Bone China TAIT\u00d9 reinventa su Noel con la nueva colecci\u00f3n NOEL ORO. Nuevos elementos en oro de 24 quilates a\u00f1aden un toque de lujo: el","og_url":"https:\/\/dev6.erresse-shop.it\/es\/shop\/tabla\/soportes-para-tartas\/taitu-noel-oro-soporte-para-tartas\/","og_site_name":"dev6 Erresse","og_image":[{"url":"https:\/\/interpim.erresse-shop.it\/img-catalogo\/taitu\/taitu-noel-oro-alzata.jpg","type":"","width":"","height":""},{"url":"https:\/\/interpim.erresse-shop.it\/img-catalogo\/taitu\/taitu-noel-oro-alzata.jpg","width":1024,"height":1024,"type":"image\/jpeg"}],"twitter_card":"summary_large_image","twitter_image":"https:\/\/interpim.erresse-shop.it\/img-catalogo\/taitu\/taitu-noel-oro-alzata.jpg","schema":{"@context":"https:\/\/schema.org","@graph":[{"@type":"WebPage","@id":"https:\/\/dev6.erresse-shop.it\/es\/shop\/tabla\/soportes-para-tartas\/taitu-noel-oro-soporte-para-tartas\/","url":"https:\/\/dev6.erresse-shop.it\/es\/shop\/tabla\/soportes-para-tartas\/taitu-noel-oro-soporte-para-tartas\/","name":"TAIT\u00d9 Noel Oro Soporte para tartas - dev6 Erresse","isPartOf":{"@id":"https:\/\/dev6.erresse-shop.it\/#website"},"primaryImageOfPage":{"@id":"https:\/\/dev6.erresse-shop.it\/es\/shop\/tabla\/soportes-para-tartas\/taitu-noel-oro-soporte-para-tartas\/#primaryimage"},"image":{"@id":"https:\/\/dev6.erresse-shop.it\/es\/shop\/tabla\/soportes-para-tartas\/taitu-noel-oro-soporte-para-tartas\/#primaryimage"},"thumbnailUrl":"https:\/\/i1.wp.com\/interpim.erresse-shop.it\/img-catalogo\/taitu\/taitu-noel-oro-alzata.jpg?ssl=1","datePublished":"2026-04-03T10:49:53+00:00","description":"Material: Fine Bone China TAIT\u00d9 reinventa su Noel con la nueva colecci\u00f3n NOEL ORO. Nuevos elementos en oro de 24 quilates a\u00f1aden un toque de lujo: el","breadcrumb":{"@id":"https:\/\/dev6.erresse-shop.it\/es\/shop\/tabla\/soportes-para-tartas\/taitu-noel-oro-soporte-para-tartas\/#breadcrumb"},"inLanguage":"es","potentialAction":[{"@type":"ReadAction","target":["https:\/\/dev6.erresse-shop.it\/es\/shop\/tabla\/soportes-para-tartas\/taitu-noel-oro-soporte-para-tartas\/"]}]},{"@type":"ImageObject","inLanguage":"es","@id":"https:\/\/dev6.erresse-shop.it\/es\/shop\/tabla\/soportes-para-tartas\/taitu-noel-oro-soporte-para-tartas\/#primaryimage","url":"https:\/\/i1.wp.com\/interpim.erresse-shop.it\/img-catalogo\/taitu\/taitu-noel-oro-alzata.jpg?ssl=1","contentUrl":"https:\/\/i1.wp.com\/interpim.erresse-shop.it\/img-catalogo\/taitu\/taitu-noel-oro-alzata.jpg?ssl=1"},{"@type":"BreadcrumbList","@id":"https:\/\/dev6.erresse-shop.it\/es\/shop\/tabla\/soportes-para-tartas\/taitu-noel-oro-soporte-para-tartas\/#breadcrumb","itemListElement":[{"@type":"ListItem","position":1,"name":"Home","item":"https:\/\/dev6.erresse-shop.it\/"},{"@type":"ListItem","position":2,"name":"Tienda","item":"https:\/\/dev6.erresse-shop.it\/shop\/"},{"@type":"ListItem","position":3,"name":"TAIT\u00d9 Noel Oro Soporte para tartas"}]},{"@type":"WebSite","@id":"https:\/\/dev6.erresse-shop.it\/#website","url":"https:\/\/dev6.erresse-shop.it\/","name":"Erresse Shop","description":"","publisher":{"@id":"https:\/\/dev6.erresse-shop.it\/#organization"},"potentialAction":[{"@type":"SearchAction","target":{"@type":"EntryPoint","urlTemplate":"https:\/\/dev6.erresse-shop.it\/?s={search_term_string}"},"query-input":{"@type":"PropertyValueSpecification","valueRequired":true,"valueName":"search_term_string"}}],"inLanguage":"es"},{"@type":"Organization","@id":"https:\/\/dev6.erresse-shop.it\/#organization","name":"Erresse Shop","url":"https:\/\/dev6.erresse-shop.it\/","logo":{"@type":"ImageObject","inLanguage":"es","@id":"https:\/\/dev6.erresse-shop.it\/#\/schema\/logo\/image\/","url":"https:\/\/dev6.erresse-shop.it\/wp-content\/uploads\/2025\/01\/LOGO-ERRESSE-CLASSICO.svg","contentUrl":"https:\/\/dev6.erresse-shop.it\/wp-content\/uploads\/2025\/01\/LOGO-ERRESSE-CLASSICO.svg","caption":"Erresse Shop"},"image":{"@id":"https:\/\/dev6.erresse-shop.it\/#\/schema\/logo\/image\/"}}]}},"df_price":89,"df_sale_price":89,"df_regular_price":120,"df_image_link":"https:\/\/i1.wp.com\/interpim.erresse-shop.it\/img-catalogo\/taitu\/taitu-noel-oro-alzata.jpg?resize=300,300&ssl=1","fifu_image_url":"https:\/\/interpim.erresse-shop.it\/img-catalogo\/taitu\/taitu-noel-oro-alzata.jpg","_links":{"self":[{"href":"https:\/\/dev6.erresse-shop.it\/es\/wp-json\/wp\/v2\/product\/1882591","targetHints":{"allow":["GET"]}}],"collection":[{"href":"https:\/\/dev6.erresse-shop.it\/es\/wp-json\/wp\/v2\/product"}],"about":[{"href":"https:\/\/dev6.erresse-shop.it\/es\/wp-json\/wp\/v2\/types\/product"}],"wp:featuredmedia":[{"embeddable":true,"href":"https:\/\/dev6.erresse-shop.it\/es\/wp-json\/wp\/v2\/media\/6245879"}],"wp:attachment":[{"href":"https:\/\/dev6.erresse-shop.it\/es\/wp-json\/wp\/v2\/media?parent=1882591"}],"wp:term":[{"taxonomy":"product_cat","embeddable":true,"href":"https:\/\/dev6.erresse-shop.it\/es\/wp-json\/wp\/v2\/product_cat?post=1882591"},{"taxonomy":"product_tag","embeddable":true,"href":"https:\/\/dev6.erresse-shop.it\/es\/wp-json\/wp\/v2\/product_tag?post=1882591"}],"curies":[{"name":"wp","href":"https:\/\/api.w.org\/{rel}","templated":true}]}}