{"id":1882577,"date":"2026-04-04T11:59:35","date_gmt":"2026-04-04T09:59:35","guid":{"rendered":"https:\/\/dev6.erresse-shop.it\/shop\/sin%20categor\u00eda\/g3-ferrari-friggisano-bbq\/"},"modified":"2025-09-14T09:43:23","modified_gmt":"2025-09-14T07:43:23","slug":"g3-ferrari-friggisano-bbq","status":"publish","type":"product","link":"https:\/\/dev6.erresse-shop.it\/es\/shop\/pequenos-electrodomesticos\/hornos\/g3-ferrari-friggisano-bbq\/","title":{"rendered":"G3 FERRARI Friggisano BBQ"},"content":{"rendered":"<p>Barbacoa Friggisano: la revoluci\u00f3n en la cocina<br \/>\nFriggisano BBQ es el aparato multifuncional que siempre has so\u00f1ado. Gracias a la doble resistencia, a la c\u00e1mara de cocci\u00f3n rebajada y a la rica oferta de accesorios, este aparato se convierte en:<\/p>\n<p>Barbacoa<br \/>\nFreidora de aire<br \/>\nHorno<br \/>\nSecadora<\/p>\n<p>Con Friggisano BBQ podr\u00e1s preparar frituras crujientes y sabrosas con muy poco aceite. La tecnolog\u00eda de r\u00e1pida circulaci\u00f3n de aire, combinada con el estante para verduras y temperaturas de hasta 230\u00b0C, le permitir\u00e1 cocinar alimentos saludables y deliciosos, manteniendo el crujiente de los alimentos fritos tradicionales.<\/p>\n<p>Un horno el\u00e9ctrico con m\u00faltiples funciones<br \/>\nSi crees que Friggisano s\u00f3lo es apto para fre\u00edr y asar, todav\u00eda no has descubierto el gran potencial de este horno el\u00e9ctrico multifunci\u00f3n.<\/p>\n<p>Friggisano BBQ funciona como un aut\u00e9ntico horno el\u00e9ctrico, pero con un rendimiento r\u00e9cord: puedes utilizarlo para hornear tus pasteles o preparar excelentes pizzas y focaccias. Equipada con un recipiente antiadherente extra\u00edble de 10 litros, 8 programas preestablecidos, ventana e iluminaci\u00f3n interna y una gran pantalla digital, Friggisano BBQ te permite:<\/p>\n<p>Tostadas<br \/>\nGratinado<br \/>\nCocinar en el horno<br \/>\nAsado<br \/>\nDescongelar<br \/>\nSeco<br \/>\nCalor<\/p>\n<p>Capacidad XXL para toda la familia<br \/>\nCon Friggisano BBQ cocinar para muchas personas ya no es un problema. Gracias a los 10 litros de capacidad y al estante para verduras podr\u00e1s fre\u00edr raciones XXL de patatas fritas y otros alimentos consiguiendo siempre resultados perfectos.<\/p>\n<p>Especificaciones t\u00e9cnicas<\/p>\n<p>Capacidad de 10 litros (hasta 2500 g)<br \/>\nDoble resistencia, inferior y superior<br \/>\nCon ventana y luz interior<br \/>\nContenedor antiadherente y accesorios<br \/>\nTemperatura ajustable (50\u00b0 \u2013 230\u00b0C)<br \/>\nTemporizador de 60 minutos<br \/>\nPantalla digital<br \/>\n8 programas preestablecidos: pizza, pescado, pan, marisco, muslos de pollo, grill,<br \/>\npatatas fritas, secadora<br \/>\nFunci\u00f3n secadora<br \/>\nPies antideslizantes<br \/>\nAccesorios incluidos: estante para patatas fritas, parrilla, bandeja redonda<br \/>\nFuente de alimentaci\u00f3n: CA 220-240 V ~ 50-60 Hz<br \/>\nPotencia: 2000 W<br \/>\nDimensiones (An x Al x Pr): 37,5 x 26 x 45 cm<br \/>\nPeso: 8 kg<\/p>\n<p>No est\u00e1 a la venta fuera de Europa<\/p>\n","protected":false},"excerpt":{"rendered":"<p>Barbacoa Friggisano: la revoluci\u00f3n en la cocina Friggisano BBQ es el aparato multifuncional que siempre has so\u00f1ado. Gracias a la doble resistencia, a la c\u00e1mara de cocci\u00f3n rebajada y a la rica oferta de accesorios, este aparato se convierte en: Barbacoa Freidora de aire Horno Secadora Con Friggisano BBQ podr\u00e1s preparar frituras crujientes y sabrosas [&hellip;]<\/p>\n","protected":false},"featured_media":6287456,"template":"","meta":{"_acf_changed":false},"product_cat":[11978,11977,11947],"product_tag":[],"class_list":{"0":"post-1882577","1":"product","2":"type-product","3":"status-publish","4":"has-post-thumbnail","6":"product_cat-freidora-de-aire","7":"product_cat-hornos","8":"product_cat-pequenos-electrodomesticos","10":"first","11":"instock","12":"sale","13":"taxable","14":"shipping-taxable","15":"purchasable","16":"product-type-simple","swatches":"rey-swatches","show_selected":"","stretch_labels":"rey-swatches--stretch-labels"},"acf":[],"yoast_head":"<!-- This site is optimized with the Yoast SEO plugin v25.4 - https:\/\/yoast.com\/wordpress\/plugins\/seo\/ -->\n<title>G3 FERRARI Friggisano BBQ - dev6 Erresse<\/title>\n<meta name=\"description\" content=\"Barbacoa Friggisano: la revoluci\u00f3n en la cocina Friggisano BBQ es el aparato multifuncional que siempre has so\u00f1ado. Gracias a la doble resistencia, a la\" \/>\n<meta name=\"robots\" content=\"noindex, follow, max-snippet:-1, max-image-preview:large, max-video-preview:-1\" \/>\n<meta property=\"og:locale\" content=\"es_ES\" \/>\n<meta property=\"og:type\" content=\"article\" \/>\n<meta property=\"og:title\" content=\"G3 FERRARI Friggisano BBQ - dev6 Erresse\" \/>\n<meta property=\"og:description\" content=\"Barbacoa Friggisano: la revoluci\u00f3n en la cocina Friggisano BBQ es el aparato multifuncional que siempre has so\u00f1ado. Gracias a la doble resistencia, a la\" \/>\n<meta property=\"og:url\" content=\"https:\/\/dev6.erresse-shop.it\/es\/shop\/pequenos-electrodomesticos\/hornos\/g3-ferrari-friggisano-bbq\/\" \/>\n<meta property=\"og:site_name\" content=\"dev6 Erresse\" \/>\n<meta property=\"og:image\" content=\"https:\/\/interpim.erresse-shop.it\/Import\/Prodotti\/g3-ferrari-friggisano-bbq.jpg\" \/><meta property=\"og:image\" content=\"https:\/\/interpim.erresse-shop.it\/Import\/Prodotti\/g3-ferrari-friggisano-bbq.jpg\" \/>\n\t<meta property=\"og:image:width\" content=\"1024\" \/>\n\t<meta property=\"og:image:height\" content=\"1024\" \/>\n\t<meta property=\"og:image:type\" content=\"image\/jpeg\" \/>\n<meta name=\"twitter:card\" content=\"summary_large_image\" \/>\n<meta name=\"twitter:image\" content=\"https:\/\/interpim.erresse-shop.it\/Import\/Prodotti\/g3-ferrari-friggisano-bbq.jpg\" \/>\n<script type=\"application\/ld+json\" class=\"yoast-schema-graph\">{\"@context\":\"https:\/\/schema.org\",\"@graph\":[{\"@type\":\"WebPage\",\"@id\":\"https:\/\/dev6.erresse-shop.it\/es\/shop\/pequenos-electrodomesticos\/hornos\/g3-ferrari-friggisano-bbq\/\",\"url\":\"https:\/\/dev6.erresse-shop.it\/es\/shop\/pequenos-electrodomesticos\/hornos\/g3-ferrari-friggisano-bbq\/\",\"name\":\"G3 FERRARI Friggisano BBQ - dev6 Erresse\",\"isPartOf\":{\"@id\":\"https:\/\/dev6.erresse-shop.it\/#website\"},\"primaryImageOfPage\":{\"@id\":\"https:\/\/dev6.erresse-shop.it\/es\/shop\/pequenos-electrodomesticos\/hornos\/g3-ferrari-friggisano-bbq\/#primaryimage\"},\"image\":{\"@id\":\"https:\/\/dev6.erresse-shop.it\/es\/shop\/pequenos-electrodomesticos\/hornos\/g3-ferrari-friggisano-bbq\/#primaryimage\"},\"thumbnailUrl\":\"https:\/\/i0.wp.com\/interpim.erresse-shop.it\/Import\/Prodotti\/g3-ferrari-friggisano-bbq.jpg?ssl=1\",\"datePublished\":\"2026-04-04T09:59:35+00:00\",\"description\":\"Barbacoa Friggisano: la revoluci\u00f3n en la cocina Friggisano BBQ es el aparato multifuncional que siempre has so\u00f1ado. Gracias a la doble resistencia, a la\",\"breadcrumb\":{\"@id\":\"https:\/\/dev6.erresse-shop.it\/es\/shop\/pequenos-electrodomesticos\/hornos\/g3-ferrari-friggisano-bbq\/#breadcrumb\"},\"inLanguage\":\"es\",\"potentialAction\":[{\"@type\":\"ReadAction\",\"target\":[\"https:\/\/dev6.erresse-shop.it\/es\/shop\/pequenos-electrodomesticos\/hornos\/g3-ferrari-friggisano-bbq\/\"]}]},{\"@type\":\"ImageObject\",\"inLanguage\":\"es\",\"@id\":\"https:\/\/dev6.erresse-shop.it\/es\/shop\/pequenos-electrodomesticos\/hornos\/g3-ferrari-friggisano-bbq\/#primaryimage\",\"url\":\"https:\/\/i0.wp.com\/interpim.erresse-shop.it\/Import\/Prodotti\/g3-ferrari-friggisano-bbq.jpg?ssl=1\",\"contentUrl\":\"https:\/\/i0.wp.com\/interpim.erresse-shop.it\/Import\/Prodotti\/g3-ferrari-friggisano-bbq.jpg?ssl=1\"},{\"@type\":\"BreadcrumbList\",\"@id\":\"https:\/\/dev6.erresse-shop.it\/es\/shop\/pequenos-electrodomesticos\/hornos\/g3-ferrari-friggisano-bbq\/#breadcrumb\",\"itemListElement\":[{\"@type\":\"ListItem\",\"position\":1,\"name\":\"Home\",\"item\":\"https:\/\/dev6.erresse-shop.it\/\"},{\"@type\":\"ListItem\",\"position\":2,\"name\":\"Tienda\",\"item\":\"https:\/\/dev6.erresse-shop.it\/shop\/\"},{\"@type\":\"ListItem\",\"position\":3,\"name\":\"G3 FERRARI Friggisano BBQ\"}]},{\"@type\":\"WebSite\",\"@id\":\"https:\/\/dev6.erresse-shop.it\/#website\",\"url\":\"https:\/\/dev6.erresse-shop.it\/\",\"name\":\"Erresse Shop\",\"description\":\"\",\"publisher\":{\"@id\":\"https:\/\/dev6.erresse-shop.it\/#organization\"},\"potentialAction\":[{\"@type\":\"SearchAction\",\"target\":{\"@type\":\"EntryPoint\",\"urlTemplate\":\"https:\/\/dev6.erresse-shop.it\/?s={search_term_string}\"},\"query-input\":{\"@type\":\"PropertyValueSpecification\",\"valueRequired\":true,\"valueName\":\"search_term_string\"}}],\"inLanguage\":\"es\"},{\"@type\":\"Organization\",\"@id\":\"https:\/\/dev6.erresse-shop.it\/#organization\",\"name\":\"Erresse Shop\",\"url\":\"https:\/\/dev6.erresse-shop.it\/\",\"logo\":{\"@type\":\"ImageObject\",\"inLanguage\":\"es\",\"@id\":\"https:\/\/dev6.erresse-shop.it\/#\/schema\/logo\/image\/\",\"url\":\"https:\/\/dev6.erresse-shop.it\/wp-content\/uploads\/2025\/01\/LOGO-ERRESSE-CLASSICO.svg\",\"contentUrl\":\"https:\/\/dev6.erresse-shop.it\/wp-content\/uploads\/2025\/01\/LOGO-ERRESSE-CLASSICO.svg\",\"caption\":\"Erresse Shop\"},\"image\":{\"@id\":\"https:\/\/dev6.erresse-shop.it\/#\/schema\/logo\/image\/\"}}]}<\/script>\n<!-- \/ Yoast SEO plugin. -->","yoast_head_json":{"title":"G3 FERRARI Friggisano BBQ - dev6 Erresse","description":"Barbacoa Friggisano: la revoluci\u00f3n en la cocina Friggisano BBQ es el aparato multifuncional que siempre has so\u00f1ado. Gracias a la doble resistencia, a la","robots":{"index":"noindex","follow":"follow","max-snippet":"max-snippet:-1","max-image-preview":"max-image-preview:large","max-video-preview":"max-video-preview:-1"},"og_locale":"es_ES","og_type":"article","og_title":"G3 FERRARI Friggisano BBQ - dev6 Erresse","og_description":"Barbacoa Friggisano: la revoluci\u00f3n en la cocina Friggisano BBQ es el aparato multifuncional que siempre has so\u00f1ado. Gracias a la doble resistencia, a la","og_url":"https:\/\/dev6.erresse-shop.it\/es\/shop\/pequenos-electrodomesticos\/hornos\/g3-ferrari-friggisano-bbq\/","og_site_name":"dev6 Erresse","og_image":[{"url":"https:\/\/interpim.erresse-shop.it\/Import\/Prodotti\/g3-ferrari-friggisano-bbq.jpg","type":"","width":"","height":""},{"url":"https:\/\/interpim.erresse-shop.it\/Import\/Prodotti\/g3-ferrari-friggisano-bbq.jpg","width":1024,"height":1024,"type":"image\/jpeg"}],"twitter_card":"summary_large_image","twitter_image":"https:\/\/interpim.erresse-shop.it\/Import\/Prodotti\/g3-ferrari-friggisano-bbq.jpg","schema":{"@context":"https:\/\/schema.org","@graph":[{"@type":"WebPage","@id":"https:\/\/dev6.erresse-shop.it\/es\/shop\/pequenos-electrodomesticos\/hornos\/g3-ferrari-friggisano-bbq\/","url":"https:\/\/dev6.erresse-shop.it\/es\/shop\/pequenos-electrodomesticos\/hornos\/g3-ferrari-friggisano-bbq\/","name":"G3 FERRARI Friggisano BBQ - dev6 Erresse","isPartOf":{"@id":"https:\/\/dev6.erresse-shop.it\/#website"},"primaryImageOfPage":{"@id":"https:\/\/dev6.erresse-shop.it\/es\/shop\/pequenos-electrodomesticos\/hornos\/g3-ferrari-friggisano-bbq\/#primaryimage"},"image":{"@id":"https:\/\/dev6.erresse-shop.it\/es\/shop\/pequenos-electrodomesticos\/hornos\/g3-ferrari-friggisano-bbq\/#primaryimage"},"thumbnailUrl":"https:\/\/i0.wp.com\/interpim.erresse-shop.it\/Import\/Prodotti\/g3-ferrari-friggisano-bbq.jpg?ssl=1","datePublished":"2026-04-04T09:59:35+00:00","description":"Barbacoa Friggisano: la revoluci\u00f3n en la cocina Friggisano BBQ es el aparato multifuncional que siempre has so\u00f1ado. Gracias a la doble resistencia, a la","breadcrumb":{"@id":"https:\/\/dev6.erresse-shop.it\/es\/shop\/pequenos-electrodomesticos\/hornos\/g3-ferrari-friggisano-bbq\/#breadcrumb"},"inLanguage":"es","potentialAction":[{"@type":"ReadAction","target":["https:\/\/dev6.erresse-shop.it\/es\/shop\/pequenos-electrodomesticos\/hornos\/g3-ferrari-friggisano-bbq\/"]}]},{"@type":"ImageObject","inLanguage":"es","@id":"https:\/\/dev6.erresse-shop.it\/es\/shop\/pequenos-electrodomesticos\/hornos\/g3-ferrari-friggisano-bbq\/#primaryimage","url":"https:\/\/i0.wp.com\/interpim.erresse-shop.it\/Import\/Prodotti\/g3-ferrari-friggisano-bbq.jpg?ssl=1","contentUrl":"https:\/\/i0.wp.com\/interpim.erresse-shop.it\/Import\/Prodotti\/g3-ferrari-friggisano-bbq.jpg?ssl=1"},{"@type":"BreadcrumbList","@id":"https:\/\/dev6.erresse-shop.it\/es\/shop\/pequenos-electrodomesticos\/hornos\/g3-ferrari-friggisano-bbq\/#breadcrumb","itemListElement":[{"@type":"ListItem","position":1,"name":"Home","item":"https:\/\/dev6.erresse-shop.it\/"},{"@type":"ListItem","position":2,"name":"Tienda","item":"https:\/\/dev6.erresse-shop.it\/shop\/"},{"@type":"ListItem","position":3,"name":"G3 FERRARI Friggisano BBQ"}]},{"@type":"WebSite","@id":"https:\/\/dev6.erresse-shop.it\/#website","url":"https:\/\/dev6.erresse-shop.it\/","name":"Erresse Shop","description":"","publisher":{"@id":"https:\/\/dev6.erresse-shop.it\/#organization"},"potentialAction":[{"@type":"SearchAction","target":{"@type":"EntryPoint","urlTemplate":"https:\/\/dev6.erresse-shop.it\/?s={search_term_string}"},"query-input":{"@type":"PropertyValueSpecification","valueRequired":true,"valueName":"search_term_string"}}],"inLanguage":"es"},{"@type":"Organization","@id":"https:\/\/dev6.erresse-shop.it\/#organization","name":"Erresse Shop","url":"https:\/\/dev6.erresse-shop.it\/","logo":{"@type":"ImageObject","inLanguage":"es","@id":"https:\/\/dev6.erresse-shop.it\/#\/schema\/logo\/image\/","url":"https:\/\/dev6.erresse-shop.it\/wp-content\/uploads\/2025\/01\/LOGO-ERRESSE-CLASSICO.svg","contentUrl":"https:\/\/dev6.erresse-shop.it\/wp-content\/uploads\/2025\/01\/LOGO-ERRESSE-CLASSICO.svg","caption":"Erresse Shop"},"image":{"@id":"https:\/\/dev6.erresse-shop.it\/#\/schema\/logo\/image\/"}}]}},"df_price":179.95,"df_sale_price":179.95,"df_regular_price":259,"df_image_link":"https:\/\/i0.wp.com\/interpim.erresse-shop.it\/Import\/Prodotti\/g3-ferrari-friggisano-bbq.jpg?resize=300,300&ssl=1","fifu_image_url":"https:\/\/interpim.erresse-shop.it\/Import\/Prodotti\/g3-ferrari-friggisano-bbq.jpg","_links":{"self":[{"href":"https:\/\/dev6.erresse-shop.it\/es\/wp-json\/wp\/v2\/product\/1882577","targetHints":{"allow":["GET"]}}],"collection":[{"href":"https:\/\/dev6.erresse-shop.it\/es\/wp-json\/wp\/v2\/product"}],"about":[{"href":"https:\/\/dev6.erresse-shop.it\/es\/wp-json\/wp\/v2\/types\/product"}],"wp:featuredmedia":[{"embeddable":true,"href":"https:\/\/dev6.erresse-shop.it\/es\/wp-json\/wp\/v2\/media\/6287456"}],"wp:attachment":[{"href":"https:\/\/dev6.erresse-shop.it\/es\/wp-json\/wp\/v2\/media?parent=1882577"}],"wp:term":[{"taxonomy":"product_cat","embeddable":true,"href":"https:\/\/dev6.erresse-shop.it\/es\/wp-json\/wp\/v2\/product_cat?post=1882577"},{"taxonomy":"product_tag","embeddable":true,"href":"https:\/\/dev6.erresse-shop.it\/es\/wp-json\/wp\/v2\/product_tag?post=1882577"}],"curies":[{"name":"wp","href":"https:\/\/api.w.org\/{rel}","templated":true}]}}