{"id":1882529,"date":"2026-04-12T11:59:57","date_gmt":"2026-04-12T09:59:57","guid":{"rendered":"https:\/\/dev6.erresse-shop.it\/shop\/sin%20categor\u00eda\/emile-henry-molde-para-baguette-fusain\/"},"modified":"2025-09-14T09:41:48","modified_gmt":"2025-09-14T07:41:48","slug":"emile-henry-molde-para-baguette-fusain","status":"publish","type":"product","link":"https:\/\/dev6.erresse-shop.it\/es\/shop\/sartenes-y-ollas\/emile-henry-molde-para-baguette-fusain\/","title":{"rendered":"EMILE HENRY Molde para Baguette Fusain"},"content":{"rendered":"<p>Imposible no es una palabra francesa, as\u00ed que pensamos en un molde para baguette para que puedas crear el tuyo propio.<br \/>\n\u00a1Oler\u00e1s el aroma del pan caliente que despierta suavemente la casa, y los canap\u00e9s con la corteza fina y crujiente y la miga suave ba\u00f1ados en el caf\u00e9 y la leche de la ma\u00f1ana!<br \/>\nAdecuado para tu horno, nuestro molde de cer\u00e1mica para Baguette te permite hornear baguettes en la cocina, como en una panader\u00eda real. Gracias a su cer\u00e1mica refractaria garantiza una cocci\u00f3n perfecta y uniforme y aporta a la masa su silueta inconfundible.<br \/>\nPero si la forma es \u00fanica, tus baguettes pueden variar su sabor infinitamente: mezclas de harinas con y sin gluten, baguettes con semillas, pan brioche con frutas confitadas o pepitas de chocolate\u2026 \u00a1El \u00fanico l\u00edmite es el deseo de la gula!<br \/>\nCada tanda te dar\u00e1 la satisfacci\u00f3n de amasar la masa de tus baguettes, de verlas crecer, de olerlas durante la cocci\u00f3n y de mordisquearlas nada m\u00e1s salir del horno, calientes y crujientes\u2026 En una palabra, de dando vida al arte un poco de pan franc\u00e9s en tu casa.<br \/>\nNuestro consejo: si te gustan las baguettes bien horneadas, recuerda quitar la tapa del molde para baguettes unos minutos antes de que finalice la cocci\u00f3n. Las asas integradas te permitir\u00e1n manipularlo f\u00e1cilmente.<\/p>\n<p>Largo\/Di\u00e1metro: 39,5 cm<br \/>\nAncho: 23 cm<br \/>\nAltura: 10 cm<br \/>\nLargo interior \/ Di\u00e1metro: 36,5 cm<br \/>\nAltura interior: 2,5 cm<br \/>\nCapacidad \u00fatil: 0,5 L<br \/>\nPeso \u2013 KG: 3,36 KG<br \/>\nTemperatura m\u00e1xima: 270 \u00b0C<br \/>\nTemperatura m\u00ednima: -20 \u00b0C<\/p>\n","protected":false},"excerpt":{"rendered":"<p>Imposible no es una palabra francesa, as\u00ed que pensamos en un molde para baguette para que puedas crear el tuyo propio. \u00a1Oler\u00e1s el aroma del pan caliente que despierta suavemente la casa, y los canap\u00e9s con la corteza fina y crujiente y la miga suave ba\u00f1ados en el caf\u00e9 y la leche de la ma\u00f1ana! [&hellip;]<\/p>\n","protected":false},"featured_media":6370676,"template":"","meta":{"_acf_changed":false},"product_cat":[11948,11883],"product_tag":[],"class_list":{"0":"post-1882529","1":"product","2":"type-product","3":"status-publish","4":"has-post-thumbnail","6":"product_cat-cocina-de-pan","7":"product_cat-sartenes-y-ollas","9":"first","10":"instock","11":"sale","12":"taxable","13":"shipping-taxable","14":"purchasable","15":"product-type-simple","swatches":"rey-swatches","show_selected":"","stretch_labels":"rey-swatches--stretch-labels"},"acf":[],"yoast_head":"<!-- This site is optimized with the Yoast SEO plugin v25.4 - https:\/\/yoast.com\/wordpress\/plugins\/seo\/ -->\n<title>EMILE HENRY Molde para Baguette Fusain - dev6 Erresse<\/title>\n<meta name=\"description\" content=\"Imposible no es una palabra francesa, as\u00ed que pensamos en un molde para baguette para que puedas crear el tuyo propio. \u00a1Oler\u00e1s el aroma del pan caliente\" \/>\n<meta name=\"robots\" content=\"noindex, follow, max-snippet:-1, max-image-preview:large, max-video-preview:-1\" \/>\n<meta property=\"og:locale\" content=\"es_ES\" \/>\n<meta property=\"og:type\" content=\"article\" \/>\n<meta property=\"og:title\" content=\"EMILE HENRY Molde para Baguette Fusain - dev6 Erresse\" \/>\n<meta property=\"og:description\" content=\"Imposible no es una palabra francesa, as\u00ed que pensamos en un molde para baguette para que puedas crear el tuyo propio. \u00a1Oler\u00e1s el aroma del pan caliente\" \/>\n<meta property=\"og:url\" content=\"https:\/\/dev6.erresse-shop.it\/es\/shop\/sartenes-y-ollas\/emile-henry-molde-para-baguette-fusain\/\" \/>\n<meta property=\"og:site_name\" content=\"dev6 Erresse\" \/>\n<meta property=\"og:image\" content=\"https:\/\/interpim.erresse-shop.it\/Import\/Prodotti\/emile-henry-stampo-per-baguette-fusain.jpg\" \/><meta property=\"og:image\" content=\"https:\/\/interpim.erresse-shop.it\/Import\/Prodotti\/emile-henry-stampo-per-baguette-fusain.jpg\" \/>\n\t<meta property=\"og:image:width\" content=\"1024\" \/>\n\t<meta property=\"og:image:height\" content=\"1024\" \/>\n\t<meta property=\"og:image:type\" content=\"image\/jpeg\" \/>\n<meta name=\"twitter:card\" content=\"summary_large_image\" \/>\n<meta name=\"twitter:image\" content=\"https:\/\/interpim.erresse-shop.it\/Import\/Prodotti\/emile-henry-stampo-per-baguette-fusain.jpg\" \/>\n<script type=\"application\/ld+json\" class=\"yoast-schema-graph\">{\"@context\":\"https:\/\/schema.org\",\"@graph\":[{\"@type\":\"WebPage\",\"@id\":\"https:\/\/dev6.erresse-shop.it\/es\/shop\/sartenes-y-ollas\/emile-henry-molde-para-baguette-fusain\/\",\"url\":\"https:\/\/dev6.erresse-shop.it\/es\/shop\/sartenes-y-ollas\/emile-henry-molde-para-baguette-fusain\/\",\"name\":\"EMILE HENRY Molde para Baguette Fusain - dev6 Erresse\",\"isPartOf\":{\"@id\":\"https:\/\/dev6.erresse-shop.it\/#website\"},\"primaryImageOfPage\":{\"@id\":\"https:\/\/dev6.erresse-shop.it\/es\/shop\/sartenes-y-ollas\/emile-henry-molde-para-baguette-fusain\/#primaryimage\"},\"image\":{\"@id\":\"https:\/\/dev6.erresse-shop.it\/es\/shop\/sartenes-y-ollas\/emile-henry-molde-para-baguette-fusain\/#primaryimage\"},\"thumbnailUrl\":\"https:\/\/i2.wp.com\/interpim.erresse-shop.it\/Import\/Prodotti\/emile-henry-stampo-per-baguette-fusain.jpg?ssl=1\",\"datePublished\":\"2026-04-12T09:59:57+00:00\",\"description\":\"Imposible no es una palabra francesa, as\u00ed que pensamos en un molde para baguette para que puedas crear el tuyo propio. \u00a1Oler\u00e1s el aroma del pan caliente\",\"breadcrumb\":{\"@id\":\"https:\/\/dev6.erresse-shop.it\/es\/shop\/sartenes-y-ollas\/emile-henry-molde-para-baguette-fusain\/#breadcrumb\"},\"inLanguage\":\"es\",\"potentialAction\":[{\"@type\":\"ReadAction\",\"target\":[\"https:\/\/dev6.erresse-shop.it\/es\/shop\/sartenes-y-ollas\/emile-henry-molde-para-baguette-fusain\/\"]}]},{\"@type\":\"ImageObject\",\"inLanguage\":\"es\",\"@id\":\"https:\/\/dev6.erresse-shop.it\/es\/shop\/sartenes-y-ollas\/emile-henry-molde-para-baguette-fusain\/#primaryimage\",\"url\":\"https:\/\/i2.wp.com\/interpim.erresse-shop.it\/Import\/Prodotti\/emile-henry-stampo-per-baguette-fusain.jpg?ssl=1\",\"contentUrl\":\"https:\/\/i2.wp.com\/interpim.erresse-shop.it\/Import\/Prodotti\/emile-henry-stampo-per-baguette-fusain.jpg?ssl=1\"},{\"@type\":\"BreadcrumbList\",\"@id\":\"https:\/\/dev6.erresse-shop.it\/es\/shop\/sartenes-y-ollas\/emile-henry-molde-para-baguette-fusain\/#breadcrumb\",\"itemListElement\":[{\"@type\":\"ListItem\",\"position\":1,\"name\":\"Home\",\"item\":\"https:\/\/dev6.erresse-shop.it\/\"},{\"@type\":\"ListItem\",\"position\":2,\"name\":\"Tienda\",\"item\":\"https:\/\/dev6.erresse-shop.it\/shop\/\"},{\"@type\":\"ListItem\",\"position\":3,\"name\":\"EMILE HENRY Molde para Baguette Fusain\"}]},{\"@type\":\"WebSite\",\"@id\":\"https:\/\/dev6.erresse-shop.it\/#website\",\"url\":\"https:\/\/dev6.erresse-shop.it\/\",\"name\":\"Erresse Shop\",\"description\":\"\",\"publisher\":{\"@id\":\"https:\/\/dev6.erresse-shop.it\/#organization\"},\"potentialAction\":[{\"@type\":\"SearchAction\",\"target\":{\"@type\":\"EntryPoint\",\"urlTemplate\":\"https:\/\/dev6.erresse-shop.it\/?s={search_term_string}\"},\"query-input\":{\"@type\":\"PropertyValueSpecification\",\"valueRequired\":true,\"valueName\":\"search_term_string\"}}],\"inLanguage\":\"es\"},{\"@type\":\"Organization\",\"@id\":\"https:\/\/dev6.erresse-shop.it\/#organization\",\"name\":\"Erresse Shop\",\"url\":\"https:\/\/dev6.erresse-shop.it\/\",\"logo\":{\"@type\":\"ImageObject\",\"inLanguage\":\"es\",\"@id\":\"https:\/\/dev6.erresse-shop.it\/#\/schema\/logo\/image\/\",\"url\":\"https:\/\/dev6.erresse-shop.it\/wp-content\/uploads\/2025\/01\/LOGO-ERRESSE-CLASSICO.svg\",\"contentUrl\":\"https:\/\/dev6.erresse-shop.it\/wp-content\/uploads\/2025\/01\/LOGO-ERRESSE-CLASSICO.svg\",\"caption\":\"Erresse Shop\"},\"image\":{\"@id\":\"https:\/\/dev6.erresse-shop.it\/#\/schema\/logo\/image\/\"}}]}<\/script>\n<!-- \/ Yoast SEO plugin. -->","yoast_head_json":{"title":"EMILE HENRY Molde para Baguette Fusain - dev6 Erresse","description":"Imposible no es una palabra francesa, as\u00ed que pensamos en un molde para baguette para que puedas crear el tuyo propio. \u00a1Oler\u00e1s el aroma del pan caliente","robots":{"index":"noindex","follow":"follow","max-snippet":"max-snippet:-1","max-image-preview":"max-image-preview:large","max-video-preview":"max-video-preview:-1"},"og_locale":"es_ES","og_type":"article","og_title":"EMILE HENRY Molde para Baguette Fusain - dev6 Erresse","og_description":"Imposible no es una palabra francesa, as\u00ed que pensamos en un molde para baguette para que puedas crear el tuyo propio. \u00a1Oler\u00e1s el aroma del pan caliente","og_url":"https:\/\/dev6.erresse-shop.it\/es\/shop\/sartenes-y-ollas\/emile-henry-molde-para-baguette-fusain\/","og_site_name":"dev6 Erresse","og_image":[{"url":"https:\/\/interpim.erresse-shop.it\/Import\/Prodotti\/emile-henry-stampo-per-baguette-fusain.jpg","type":"","width":"","height":""},{"url":"https:\/\/interpim.erresse-shop.it\/Import\/Prodotti\/emile-henry-stampo-per-baguette-fusain.jpg","width":1024,"height":1024,"type":"image\/jpeg"}],"twitter_card":"summary_large_image","twitter_image":"https:\/\/interpim.erresse-shop.it\/Import\/Prodotti\/emile-henry-stampo-per-baguette-fusain.jpg","schema":{"@context":"https:\/\/schema.org","@graph":[{"@type":"WebPage","@id":"https:\/\/dev6.erresse-shop.it\/es\/shop\/sartenes-y-ollas\/emile-henry-molde-para-baguette-fusain\/","url":"https:\/\/dev6.erresse-shop.it\/es\/shop\/sartenes-y-ollas\/emile-henry-molde-para-baguette-fusain\/","name":"EMILE HENRY Molde para Baguette Fusain - dev6 Erresse","isPartOf":{"@id":"https:\/\/dev6.erresse-shop.it\/#website"},"primaryImageOfPage":{"@id":"https:\/\/dev6.erresse-shop.it\/es\/shop\/sartenes-y-ollas\/emile-henry-molde-para-baguette-fusain\/#primaryimage"},"image":{"@id":"https:\/\/dev6.erresse-shop.it\/es\/shop\/sartenes-y-ollas\/emile-henry-molde-para-baguette-fusain\/#primaryimage"},"thumbnailUrl":"https:\/\/i2.wp.com\/interpim.erresse-shop.it\/Import\/Prodotti\/emile-henry-stampo-per-baguette-fusain.jpg?ssl=1","datePublished":"2026-04-12T09:59:57+00:00","description":"Imposible no es una palabra francesa, as\u00ed que pensamos en un molde para baguette para que puedas crear el tuyo propio. \u00a1Oler\u00e1s el aroma del pan caliente","breadcrumb":{"@id":"https:\/\/dev6.erresse-shop.it\/es\/shop\/sartenes-y-ollas\/emile-henry-molde-para-baguette-fusain\/#breadcrumb"},"inLanguage":"es","potentialAction":[{"@type":"ReadAction","target":["https:\/\/dev6.erresse-shop.it\/es\/shop\/sartenes-y-ollas\/emile-henry-molde-para-baguette-fusain\/"]}]},{"@type":"ImageObject","inLanguage":"es","@id":"https:\/\/dev6.erresse-shop.it\/es\/shop\/sartenes-y-ollas\/emile-henry-molde-para-baguette-fusain\/#primaryimage","url":"https:\/\/i2.wp.com\/interpim.erresse-shop.it\/Import\/Prodotti\/emile-henry-stampo-per-baguette-fusain.jpg?ssl=1","contentUrl":"https:\/\/i2.wp.com\/interpim.erresse-shop.it\/Import\/Prodotti\/emile-henry-stampo-per-baguette-fusain.jpg?ssl=1"},{"@type":"BreadcrumbList","@id":"https:\/\/dev6.erresse-shop.it\/es\/shop\/sartenes-y-ollas\/emile-henry-molde-para-baguette-fusain\/#breadcrumb","itemListElement":[{"@type":"ListItem","position":1,"name":"Home","item":"https:\/\/dev6.erresse-shop.it\/"},{"@type":"ListItem","position":2,"name":"Tienda","item":"https:\/\/dev6.erresse-shop.it\/shop\/"},{"@type":"ListItem","position":3,"name":"EMILE HENRY Molde para Baguette Fusain"}]},{"@type":"WebSite","@id":"https:\/\/dev6.erresse-shop.it\/#website","url":"https:\/\/dev6.erresse-shop.it\/","name":"Erresse Shop","description":"","publisher":{"@id":"https:\/\/dev6.erresse-shop.it\/#organization"},"potentialAction":[{"@type":"SearchAction","target":{"@type":"EntryPoint","urlTemplate":"https:\/\/dev6.erresse-shop.it\/?s={search_term_string}"},"query-input":{"@type":"PropertyValueSpecification","valueRequired":true,"valueName":"search_term_string"}}],"inLanguage":"es"},{"@type":"Organization","@id":"https:\/\/dev6.erresse-shop.it\/#organization","name":"Erresse Shop","url":"https:\/\/dev6.erresse-shop.it\/","logo":{"@type":"ImageObject","inLanguage":"es","@id":"https:\/\/dev6.erresse-shop.it\/#\/schema\/logo\/image\/","url":"https:\/\/dev6.erresse-shop.it\/wp-content\/uploads\/2025\/01\/LOGO-ERRESSE-CLASSICO.svg","contentUrl":"https:\/\/dev6.erresse-shop.it\/wp-content\/uploads\/2025\/01\/LOGO-ERRESSE-CLASSICO.svg","caption":"Erresse Shop"},"image":{"@id":"https:\/\/dev6.erresse-shop.it\/#\/schema\/logo\/image\/"}}]}},"df_price":99,"df_sale_price":99,"df_regular_price":134.9,"df_image_link":"https:\/\/i2.wp.com\/interpim.erresse-shop.it\/Import\/Prodotti\/emile-henry-stampo-per-baguette-fusain.jpg?resize=300,300&ssl=1","fifu_image_url":"https:\/\/interpim.erresse-shop.it\/Import\/Prodotti\/emile-henry-stampo-per-baguette-fusain.jpg","_links":{"self":[{"href":"https:\/\/dev6.erresse-shop.it\/es\/wp-json\/wp\/v2\/product\/1882529","targetHints":{"allow":["GET"]}}],"collection":[{"href":"https:\/\/dev6.erresse-shop.it\/es\/wp-json\/wp\/v2\/product"}],"about":[{"href":"https:\/\/dev6.erresse-shop.it\/es\/wp-json\/wp\/v2\/types\/product"}],"wp:featuredmedia":[{"embeddable":true,"href":"https:\/\/dev6.erresse-shop.it\/es\/wp-json\/wp\/v2\/media\/6370676"}],"wp:attachment":[{"href":"https:\/\/dev6.erresse-shop.it\/es\/wp-json\/wp\/v2\/media?parent=1882529"}],"wp:term":[{"taxonomy":"product_cat","embeddable":true,"href":"https:\/\/dev6.erresse-shop.it\/es\/wp-json\/wp\/v2\/product_cat?post=1882529"},{"taxonomy":"product_tag","embeddable":true,"href":"https:\/\/dev6.erresse-shop.it\/es\/wp-json\/wp\/v2\/product_tag?post=1882529"}],"curies":[{"name":"wp","href":"https:\/\/api.w.org\/{rel}","templated":true}]}}