{"id":1882497,"date":"2026-04-12T11:57:50","date_gmt":"2026-04-12T09:57:50","guid":{"rendered":"https:\/\/dev6.erresse-shop.it\/shop\/sin%20categor\u00eda\/seletti-toiletpaper-basura-roses-snakes-12-l\/"},"modified":"2026-01-16T22:20:39","modified_gmt":"2026-01-16T21:20:39","slug":"seletti-toiletpaper-basura-roses-snakes-12-l","status":"publish","type":"product","link":"https:\/\/dev6.erresse-shop.it\/es\/shop\/mobiliario\/cubos-de-basura\/seletti-toiletpaper-basura-roses-snakes-12-l\/","title":{"rendered":"SELETTI Toiletpaper Basura Roses Snakes 12 L"},"content":{"rendered":"<p>Los m\u00e1s afortunados son capaces de reconocer los momentos m\u00e1gicos que suceden mientras vivimos. Pueden suceder en determinadas circunstancias, simples o complejas, y dan la sensaci\u00f3n de estar viviendo un sue\u00f1o. Los relacionados con la poes\u00eda no requieren condiciones excepcionales; basta con observar nuestro entorno, a veces incluso unos pocos elementos, y es la relaci\u00f3n entre ellos lo que crea un momento especial. Se manifiesta un peque\u00f1o espacio en el que el tiempo nos convierte en espectadores capturados por esta poes\u00eda\u2026 as\u00ed, se produce la belleza.<\/p>\n<p>Materiales y construcci\u00f3n: Metal, Pl\u00e1stico<br \/>\nMedidas: 25 x 25 x 39,50 cm<br \/>\nDise\u00f1ador: Toiletpaper<\/p>\n","protected":false},"excerpt":{"rendered":"<p>Los m\u00e1s afortunados son capaces de reconocer los momentos m\u00e1gicos que suceden mientras vivimos. Pueden suceder en determinadas circunstancias, simples o complejas, y dan la sensaci\u00f3n de estar viviendo un sue\u00f1o. Los relacionados con la poes\u00eda no requieren condiciones excepcionales; basta con observar nuestro entorno, a veces incluso unos pocos elementos, y es la relaci\u00f3n [&hellip;]<\/p>\n","protected":false},"featured_media":6370401,"template":"","meta":{"_acf_changed":false},"product_cat":[11666,11921,11882],"product_tag":[],"class_list":{"0":"post-1882497","1":"product","2":"type-product","3":"status-publish","4":"has-post-thumbnail","6":"product_cat-arredamento-casa","7":"product_cat-cubos-de-basura","8":"product_cat-mobiliario","10":"first","11":"instock","12":"sale","13":"taxable","14":"shipping-taxable","15":"purchasable","16":"product-type-simple","swatches":"rey-swatches","show_selected":"","stretch_labels":"rey-swatches--stretch-labels"},"acf":[],"yoast_head":"<!-- This site is optimized with the Yoast SEO plugin v25.4 - https:\/\/yoast.com\/wordpress\/plugins\/seo\/ -->\n<title>SELETTI Toiletpaper Basura Roses Snakes 12 L - dev6 Erresse<\/title>\n<meta name=\"description\" content=\"Los m\u00e1s afortunados son capaces de reconocer los momentos m\u00e1gicos que suceden mientras vivimos. Pueden suceder en determinadas circunstancias, simples o\" \/>\n<meta name=\"robots\" content=\"noindex, follow, max-snippet:-1, max-image-preview:large, max-video-preview:-1\" \/>\n<meta property=\"og:locale\" content=\"es_ES\" \/>\n<meta property=\"og:type\" content=\"article\" \/>\n<meta property=\"og:title\" content=\"SELETTI Toiletpaper Basura Roses Snakes 12 L - dev6 Erresse\" \/>\n<meta property=\"og:description\" content=\"Los m\u00e1s afortunados son capaces de reconocer los momentos m\u00e1gicos que suceden mientras vivimos. Pueden suceder en determinadas circunstancias, simples o\" \/>\n<meta property=\"og:url\" content=\"https:\/\/dev6.erresse-shop.it\/es\/shop\/mobiliario\/cubos-de-basura\/seletti-toiletpaper-basura-roses-snakes-12-l\/\" \/>\n<meta property=\"og:site_name\" content=\"dev6 Erresse\" \/>\n<meta property=\"og:image\" content=\"https:\/\/interpim.erresse-shop.it\/img-catalogo\/seletti\/seletti-toiletpaper-pattumiera-snakes-12-l.jpg\" \/><meta property=\"og:image\" content=\"https:\/\/interpim.erresse-shop.it\/img-catalogo\/seletti\/seletti-toiletpaper-pattumiera-snakes-12-l.jpg\" \/>\n\t<meta property=\"og:image:width\" content=\"1024\" \/>\n\t<meta property=\"og:image:height\" content=\"1024\" \/>\n\t<meta property=\"og:image:type\" content=\"image\/jpeg\" \/>\n<meta name=\"twitter:card\" content=\"summary_large_image\" \/>\n<meta name=\"twitter:image\" content=\"https:\/\/interpim.erresse-shop.it\/img-catalogo\/seletti\/seletti-toiletpaper-pattumiera-snakes-12-l.jpg\" \/>\n<script type=\"application\/ld+json\" class=\"yoast-schema-graph\">{\"@context\":\"https:\/\/schema.org\",\"@graph\":[{\"@type\":\"WebPage\",\"@id\":\"https:\/\/dev6.erresse-shop.it\/es\/shop\/mobiliario\/cubos-de-basura\/seletti-toiletpaper-basura-roses-snakes-12-l\/\",\"url\":\"https:\/\/dev6.erresse-shop.it\/es\/shop\/mobiliario\/cubos-de-basura\/seletti-toiletpaper-basura-roses-snakes-12-l\/\",\"name\":\"SELETTI Toiletpaper Basura Roses Snakes 12 L - dev6 Erresse\",\"isPartOf\":{\"@id\":\"https:\/\/dev6.erresse-shop.it\/#website\"},\"primaryImageOfPage\":{\"@id\":\"https:\/\/dev6.erresse-shop.it\/es\/shop\/mobiliario\/cubos-de-basura\/seletti-toiletpaper-basura-roses-snakes-12-l\/#primaryimage\"},\"image\":{\"@id\":\"https:\/\/dev6.erresse-shop.it\/es\/shop\/mobiliario\/cubos-de-basura\/seletti-toiletpaper-basura-roses-snakes-12-l\/#primaryimage\"},\"thumbnailUrl\":\"https:\/\/i3.wp.com\/interpim.erresse-shop.it\/img-catalogo\/seletti\/seletti-toiletpaper-pattumiera-snakes-12-l.jpg?ssl=1\",\"datePublished\":\"2026-04-12T09:57:50+00:00\",\"description\":\"Los m\u00e1s afortunados son capaces de reconocer los momentos m\u00e1gicos que suceden mientras vivimos. Pueden suceder en determinadas circunstancias, simples o\",\"breadcrumb\":{\"@id\":\"https:\/\/dev6.erresse-shop.it\/es\/shop\/mobiliario\/cubos-de-basura\/seletti-toiletpaper-basura-roses-snakes-12-l\/#breadcrumb\"},\"inLanguage\":\"es\",\"potentialAction\":[{\"@type\":\"ReadAction\",\"target\":[\"https:\/\/dev6.erresse-shop.it\/es\/shop\/mobiliario\/cubos-de-basura\/seletti-toiletpaper-basura-roses-snakes-12-l\/\"]}]},{\"@type\":\"ImageObject\",\"inLanguage\":\"es\",\"@id\":\"https:\/\/dev6.erresse-shop.it\/es\/shop\/mobiliario\/cubos-de-basura\/seletti-toiletpaper-basura-roses-snakes-12-l\/#primaryimage\",\"url\":\"https:\/\/i3.wp.com\/interpim.erresse-shop.it\/img-catalogo\/seletti\/seletti-toiletpaper-pattumiera-snakes-12-l.jpg?ssl=1\",\"contentUrl\":\"https:\/\/i3.wp.com\/interpim.erresse-shop.it\/img-catalogo\/seletti\/seletti-toiletpaper-pattumiera-snakes-12-l.jpg?ssl=1\"},{\"@type\":\"BreadcrumbList\",\"@id\":\"https:\/\/dev6.erresse-shop.it\/es\/shop\/mobiliario\/cubos-de-basura\/seletti-toiletpaper-basura-roses-snakes-12-l\/#breadcrumb\",\"itemListElement\":[{\"@type\":\"ListItem\",\"position\":1,\"name\":\"Home\",\"item\":\"https:\/\/dev6.erresse-shop.it\/\"},{\"@type\":\"ListItem\",\"position\":2,\"name\":\"Tienda\",\"item\":\"https:\/\/dev6.erresse-shop.it\/shop\/\"},{\"@type\":\"ListItem\",\"position\":3,\"name\":\"SELETTI Toiletpaper Basura Roses Snakes 12 L\"}]},{\"@type\":\"WebSite\",\"@id\":\"https:\/\/dev6.erresse-shop.it\/#website\",\"url\":\"https:\/\/dev6.erresse-shop.it\/\",\"name\":\"Erresse Shop\",\"description\":\"\",\"publisher\":{\"@id\":\"https:\/\/dev6.erresse-shop.it\/#organization\"},\"potentialAction\":[{\"@type\":\"SearchAction\",\"target\":{\"@type\":\"EntryPoint\",\"urlTemplate\":\"https:\/\/dev6.erresse-shop.it\/?s={search_term_string}\"},\"query-input\":{\"@type\":\"PropertyValueSpecification\",\"valueRequired\":true,\"valueName\":\"search_term_string\"}}],\"inLanguage\":\"es\"},{\"@type\":\"Organization\",\"@id\":\"https:\/\/dev6.erresse-shop.it\/#organization\",\"name\":\"Erresse Shop\",\"url\":\"https:\/\/dev6.erresse-shop.it\/\",\"logo\":{\"@type\":\"ImageObject\",\"inLanguage\":\"es\",\"@id\":\"https:\/\/dev6.erresse-shop.it\/#\/schema\/logo\/image\/\",\"url\":\"https:\/\/dev6.erresse-shop.it\/wp-content\/uploads\/2025\/01\/LOGO-ERRESSE-CLASSICO.svg\",\"contentUrl\":\"https:\/\/dev6.erresse-shop.it\/wp-content\/uploads\/2025\/01\/LOGO-ERRESSE-CLASSICO.svg\",\"caption\":\"Erresse Shop\"},\"image\":{\"@id\":\"https:\/\/dev6.erresse-shop.it\/#\/schema\/logo\/image\/\"}}]}<\/script>\n<!-- \/ Yoast SEO plugin. -->","yoast_head_json":{"title":"SELETTI Toiletpaper Basura Roses Snakes 12 L - dev6 Erresse","description":"Los m\u00e1s afortunados son capaces de reconocer los momentos m\u00e1gicos que suceden mientras vivimos. Pueden suceder en determinadas circunstancias, simples o","robots":{"index":"noindex","follow":"follow","max-snippet":"max-snippet:-1","max-image-preview":"max-image-preview:large","max-video-preview":"max-video-preview:-1"},"og_locale":"es_ES","og_type":"article","og_title":"SELETTI Toiletpaper Basura Roses Snakes 12 L - dev6 Erresse","og_description":"Los m\u00e1s afortunados son capaces de reconocer los momentos m\u00e1gicos que suceden mientras vivimos. Pueden suceder en determinadas circunstancias, simples o","og_url":"https:\/\/dev6.erresse-shop.it\/es\/shop\/mobiliario\/cubos-de-basura\/seletti-toiletpaper-basura-roses-snakes-12-l\/","og_site_name":"dev6 Erresse","og_image":[{"url":"https:\/\/interpim.erresse-shop.it\/img-catalogo\/seletti\/seletti-toiletpaper-pattumiera-snakes-12-l.jpg","type":"","width":"","height":""},{"url":"https:\/\/interpim.erresse-shop.it\/img-catalogo\/seletti\/seletti-toiletpaper-pattumiera-snakes-12-l.jpg","width":1024,"height":1024,"type":"image\/jpeg"}],"twitter_card":"summary_large_image","twitter_image":"https:\/\/interpim.erresse-shop.it\/img-catalogo\/seletti\/seletti-toiletpaper-pattumiera-snakes-12-l.jpg","schema":{"@context":"https:\/\/schema.org","@graph":[{"@type":"WebPage","@id":"https:\/\/dev6.erresse-shop.it\/es\/shop\/mobiliario\/cubos-de-basura\/seletti-toiletpaper-basura-roses-snakes-12-l\/","url":"https:\/\/dev6.erresse-shop.it\/es\/shop\/mobiliario\/cubos-de-basura\/seletti-toiletpaper-basura-roses-snakes-12-l\/","name":"SELETTI Toiletpaper Basura Roses Snakes 12 L - dev6 Erresse","isPartOf":{"@id":"https:\/\/dev6.erresse-shop.it\/#website"},"primaryImageOfPage":{"@id":"https:\/\/dev6.erresse-shop.it\/es\/shop\/mobiliario\/cubos-de-basura\/seletti-toiletpaper-basura-roses-snakes-12-l\/#primaryimage"},"image":{"@id":"https:\/\/dev6.erresse-shop.it\/es\/shop\/mobiliario\/cubos-de-basura\/seletti-toiletpaper-basura-roses-snakes-12-l\/#primaryimage"},"thumbnailUrl":"https:\/\/i3.wp.com\/interpim.erresse-shop.it\/img-catalogo\/seletti\/seletti-toiletpaper-pattumiera-snakes-12-l.jpg?ssl=1","datePublished":"2026-04-12T09:57:50+00:00","description":"Los m\u00e1s afortunados son capaces de reconocer los momentos m\u00e1gicos que suceden mientras vivimos. Pueden suceder en determinadas circunstancias, simples o","breadcrumb":{"@id":"https:\/\/dev6.erresse-shop.it\/es\/shop\/mobiliario\/cubos-de-basura\/seletti-toiletpaper-basura-roses-snakes-12-l\/#breadcrumb"},"inLanguage":"es","potentialAction":[{"@type":"ReadAction","target":["https:\/\/dev6.erresse-shop.it\/es\/shop\/mobiliario\/cubos-de-basura\/seletti-toiletpaper-basura-roses-snakes-12-l\/"]}]},{"@type":"ImageObject","inLanguage":"es","@id":"https:\/\/dev6.erresse-shop.it\/es\/shop\/mobiliario\/cubos-de-basura\/seletti-toiletpaper-basura-roses-snakes-12-l\/#primaryimage","url":"https:\/\/i3.wp.com\/interpim.erresse-shop.it\/img-catalogo\/seletti\/seletti-toiletpaper-pattumiera-snakes-12-l.jpg?ssl=1","contentUrl":"https:\/\/i3.wp.com\/interpim.erresse-shop.it\/img-catalogo\/seletti\/seletti-toiletpaper-pattumiera-snakes-12-l.jpg?ssl=1"},{"@type":"BreadcrumbList","@id":"https:\/\/dev6.erresse-shop.it\/es\/shop\/mobiliario\/cubos-de-basura\/seletti-toiletpaper-basura-roses-snakes-12-l\/#breadcrumb","itemListElement":[{"@type":"ListItem","position":1,"name":"Home","item":"https:\/\/dev6.erresse-shop.it\/"},{"@type":"ListItem","position":2,"name":"Tienda","item":"https:\/\/dev6.erresse-shop.it\/shop\/"},{"@type":"ListItem","position":3,"name":"SELETTI Toiletpaper Basura Roses Snakes 12 L"}]},{"@type":"WebSite","@id":"https:\/\/dev6.erresse-shop.it\/#website","url":"https:\/\/dev6.erresse-shop.it\/","name":"Erresse Shop","description":"","publisher":{"@id":"https:\/\/dev6.erresse-shop.it\/#organization"},"potentialAction":[{"@type":"SearchAction","target":{"@type":"EntryPoint","urlTemplate":"https:\/\/dev6.erresse-shop.it\/?s={search_term_string}"},"query-input":{"@type":"PropertyValueSpecification","valueRequired":true,"valueName":"search_term_string"}}],"inLanguage":"es"},{"@type":"Organization","@id":"https:\/\/dev6.erresse-shop.it\/#organization","name":"Erresse Shop","url":"https:\/\/dev6.erresse-shop.it\/","logo":{"@type":"ImageObject","inLanguage":"es","@id":"https:\/\/dev6.erresse-shop.it\/#\/schema\/logo\/image\/","url":"https:\/\/dev6.erresse-shop.it\/wp-content\/uploads\/2025\/01\/LOGO-ERRESSE-CLASSICO.svg","contentUrl":"https:\/\/dev6.erresse-shop.it\/wp-content\/uploads\/2025\/01\/LOGO-ERRESSE-CLASSICO.svg","caption":"Erresse Shop"},"image":{"@id":"https:\/\/dev6.erresse-shop.it\/#\/schema\/logo\/image\/"}}]}},"df_price":49,"df_sale_price":49,"df_regular_price":65,"df_image_link":"https:\/\/i3.wp.com\/interpim.erresse-shop.it\/img-catalogo\/seletti\/seletti-toiletpaper-pattumiera-snakes-12-l.jpg?resize=300,300&ssl=1","fifu_image_url":"https:\/\/interpim.erresse-shop.it\/img-catalogo\/seletti\/seletti-toiletpaper-pattumiera-snakes-12-l.jpg","_links":{"self":[{"href":"https:\/\/dev6.erresse-shop.it\/es\/wp-json\/wp\/v2\/product\/1882497","targetHints":{"allow":["GET"]}}],"collection":[{"href":"https:\/\/dev6.erresse-shop.it\/es\/wp-json\/wp\/v2\/product"}],"about":[{"href":"https:\/\/dev6.erresse-shop.it\/es\/wp-json\/wp\/v2\/types\/product"}],"wp:featuredmedia":[{"embeddable":true,"href":"https:\/\/dev6.erresse-shop.it\/es\/wp-json\/wp\/v2\/media\/6370401"}],"wp:attachment":[{"href":"https:\/\/dev6.erresse-shop.it\/es\/wp-json\/wp\/v2\/media?parent=1882497"}],"wp:term":[{"taxonomy":"product_cat","embeddable":true,"href":"https:\/\/dev6.erresse-shop.it\/es\/wp-json\/wp\/v2\/product_cat?post=1882497"},{"taxonomy":"product_tag","embeddable":true,"href":"https:\/\/dev6.erresse-shop.it\/es\/wp-json\/wp\/v2\/product_tag?post=1882497"}],"curies":[{"name":"wp","href":"https:\/\/api.w.org\/{rel}","templated":true}]}}