{"id":1882441,"date":"2026-04-04T11:52:56","date_gmt":"2026-04-04T09:52:56","guid":{"rendered":"https:\/\/dev6.erresse-shop.it\/shop\/sin%20categor\u00eda\/villeroy-boch-christmas-classics-adorno-para-el-arbol-de-navidad-7-cm-copo-de-nieve\/"},"modified":"2025-09-14T09:39:14","modified_gmt":"2025-09-14T07:39:14","slug":"villeroy-boch-christmas-classics-adorno-para-el-arbol-de-navidad-7-cm-copo-de-nieve","status":"publish","type":"product","link":"https:\/\/dev6.erresse-shop.it\/es\/shop\/mobiliario\/articulos-de-decoracion\/villeroy-boch-christmas-classics-adorno-para-el-arbol-de-navidad-7-cm-copo-de-nieve\/","title":{"rendered":"VILLEROY &#038; BOCH Christmas Classics Adorno para el \u00e1rbol de Navidad 7 cm Copo de nieve"},"content":{"rendered":"<p>Decoraci\u00f3n para el \u00e1rbol hecha con amor<br \/>\nLa decoraci\u00f3n del \u00e1rbol de Navidad encanta con su nost\u00e1lgico dise\u00f1o navide\u00f1o y es ideal como decoraci\u00f3n ambiental del \u00e1rbol. El colgante decorativo es ideal como regalo para amigos, familiares y amantes de las piezas cl\u00e1sicas. El detallado objeto decorativo est\u00e1 hecho de porcelana de primera calidad y es f\u00e1cil de limpiar a mano. Consiga ya su objeto favorito.<\/p>\n<p>Material: porcelana premium metal pl\u00e1stico<\/p>\n","protected":false},"excerpt":{"rendered":"<p>Decoraci\u00f3n para el \u00e1rbol hecha con amor La decoraci\u00f3n del \u00e1rbol de Navidad encanta con su nost\u00e1lgico dise\u00f1o navide\u00f1o y es ideal como decoraci\u00f3n ambiental del \u00e1rbol. El colgante decorativo es ideal como regalo para amigos, familiares y amantes de las piezas cl\u00e1sicas. El detallado objeto decorativo est\u00e1 hecho de porcelana de primera calidad y [&hellip;]<\/p>\n","protected":false},"featured_media":6287047,"template":"","meta":{"_acf_changed":false},"product_cat":[11666,11913,11882],"product_tag":[],"class_list":{"0":"post-1882441","1":"product","2":"type-product","3":"status-publish","4":"has-post-thumbnail","6":"product_cat-arredamento-casa","7":"product_cat-articulos-de-decoracion","8":"product_cat-mobiliario","10":"first","11":"instock","12":"taxable","13":"shipping-taxable","14":"purchasable","15":"product-type-simple","swatches":"rey-swatches","show_selected":"","stretch_labels":"rey-swatches--stretch-labels"},"acf":[],"yoast_head":"<!-- This site is optimized with the Yoast SEO plugin v25.4 - https:\/\/yoast.com\/wordpress\/plugins\/seo\/ -->\n<title>VILLEROY &#038; BOCH Christmas Classics Adorno para el \u00e1rbol de Navidad 7 cm Copo de nieve - dev6 Erresse<\/title>\n<meta name=\"description\" content=\"Decoraci\u00f3n para el \u00e1rbol hecha con amor La decoraci\u00f3n del \u00e1rbol de Navidad encanta con su nost\u00e1lgico dise\u00f1o navide\u00f1o y es ideal como decoraci\u00f3n ambiental\" \/>\n<meta name=\"robots\" content=\"noindex, follow, max-snippet:-1, max-image-preview:large, max-video-preview:-1\" \/>\n<meta property=\"og:locale\" content=\"es_ES\" \/>\n<meta property=\"og:type\" content=\"article\" \/>\n<meta property=\"og:title\" content=\"VILLEROY &#038; BOCH Christmas Classics Adorno para el \u00e1rbol de Navidad 7 cm Copo de nieve - dev6 Erresse\" \/>\n<meta property=\"og:description\" content=\"Decoraci\u00f3n para el \u00e1rbol hecha con amor La decoraci\u00f3n del \u00e1rbol de Navidad encanta con su nost\u00e1lgico dise\u00f1o navide\u00f1o y es ideal como decoraci\u00f3n ambiental\" \/>\n<meta property=\"og:url\" content=\"https:\/\/dev6.erresse-shop.it\/es\/shop\/mobiliario\/articulos-de-decoracion\/villeroy-boch-christmas-classics-adorno-para-el-arbol-de-navidad-7-cm-copo-de-nieve\/\" \/>\n<meta property=\"og:site_name\" content=\"dev6 Erresse\" \/>\n<meta property=\"og:image\" content=\"https:\/\/interpim.erresse-shop.it\/img-catalogo\/villeroy\/villeroy-boch-christmas-classics-addobbo-per-albero-di-natale-7-cm-fiocco-di-neve.jpg\" \/><meta property=\"og:image\" content=\"https:\/\/interpim.erresse-shop.it\/img-catalogo\/villeroy\/villeroy-boch-christmas-classics-addobbo-per-albero-di-natale-7-cm-fiocco-di-neve.jpg\" \/>\n\t<meta property=\"og:image:width\" content=\"1024\" \/>\n\t<meta property=\"og:image:height\" content=\"1024\" \/>\n\t<meta property=\"og:image:type\" content=\"image\/jpeg\" \/>\n<meta name=\"twitter:card\" content=\"summary_large_image\" \/>\n<meta name=\"twitter:image\" content=\"https:\/\/interpim.erresse-shop.it\/img-catalogo\/villeroy\/villeroy-boch-christmas-classics-addobbo-per-albero-di-natale-7-cm-fiocco-di-neve.jpg\" \/>\n<script type=\"application\/ld+json\" class=\"yoast-schema-graph\">{\"@context\":\"https:\/\/schema.org\",\"@graph\":[{\"@type\":\"WebPage\",\"@id\":\"https:\/\/dev6.erresse-shop.it\/es\/shop\/mobiliario\/articulos-de-decoracion\/villeroy-boch-christmas-classics-adorno-para-el-arbol-de-navidad-7-cm-copo-de-nieve\/\",\"url\":\"https:\/\/dev6.erresse-shop.it\/es\/shop\/mobiliario\/articulos-de-decoracion\/villeroy-boch-christmas-classics-adorno-para-el-arbol-de-navidad-7-cm-copo-de-nieve\/\",\"name\":\"VILLEROY &#038; BOCH Christmas Classics Adorno para el \u00e1rbol de Navidad 7 cm Copo de nieve - dev6 Erresse\",\"isPartOf\":{\"@id\":\"https:\/\/dev6.erresse-shop.it\/#website\"},\"primaryImageOfPage\":{\"@id\":\"https:\/\/dev6.erresse-shop.it\/es\/shop\/mobiliario\/articulos-de-decoracion\/villeroy-boch-christmas-classics-adorno-para-el-arbol-de-navidad-7-cm-copo-de-nieve\/#primaryimage\"},\"image\":{\"@id\":\"https:\/\/dev6.erresse-shop.it\/es\/shop\/mobiliario\/articulos-de-decoracion\/villeroy-boch-christmas-classics-adorno-para-el-arbol-de-navidad-7-cm-copo-de-nieve\/#primaryimage\"},\"thumbnailUrl\":\"https:\/\/i0.wp.com\/interpim.erresse-shop.it\/img-catalogo\/villeroy\/villeroy-boch-christmas-classics-addobbo-per-albero-di-natale-7-cm-fiocco-di-neve.jpg?ssl=1\",\"datePublished\":\"2026-04-04T09:52:56+00:00\",\"description\":\"Decoraci\u00f3n para el \u00e1rbol hecha con amor La decoraci\u00f3n del \u00e1rbol de Navidad encanta con su nost\u00e1lgico dise\u00f1o navide\u00f1o y es ideal como decoraci\u00f3n ambiental\",\"breadcrumb\":{\"@id\":\"https:\/\/dev6.erresse-shop.it\/es\/shop\/mobiliario\/articulos-de-decoracion\/villeroy-boch-christmas-classics-adorno-para-el-arbol-de-navidad-7-cm-copo-de-nieve\/#breadcrumb\"},\"inLanguage\":\"es\",\"potentialAction\":[{\"@type\":\"ReadAction\",\"target\":[\"https:\/\/dev6.erresse-shop.it\/es\/shop\/mobiliario\/articulos-de-decoracion\/villeroy-boch-christmas-classics-adorno-para-el-arbol-de-navidad-7-cm-copo-de-nieve\/\"]}]},{\"@type\":\"ImageObject\",\"inLanguage\":\"es\",\"@id\":\"https:\/\/dev6.erresse-shop.it\/es\/shop\/mobiliario\/articulos-de-decoracion\/villeroy-boch-christmas-classics-adorno-para-el-arbol-de-navidad-7-cm-copo-de-nieve\/#primaryimage\",\"url\":\"https:\/\/i0.wp.com\/interpim.erresse-shop.it\/img-catalogo\/villeroy\/villeroy-boch-christmas-classics-addobbo-per-albero-di-natale-7-cm-fiocco-di-neve.jpg?ssl=1\",\"contentUrl\":\"https:\/\/i0.wp.com\/interpim.erresse-shop.it\/img-catalogo\/villeroy\/villeroy-boch-christmas-classics-addobbo-per-albero-di-natale-7-cm-fiocco-di-neve.jpg?ssl=1\"},{\"@type\":\"BreadcrumbList\",\"@id\":\"https:\/\/dev6.erresse-shop.it\/es\/shop\/mobiliario\/articulos-de-decoracion\/villeroy-boch-christmas-classics-adorno-para-el-arbol-de-navidad-7-cm-copo-de-nieve\/#breadcrumb\",\"itemListElement\":[{\"@type\":\"ListItem\",\"position\":1,\"name\":\"Home\",\"item\":\"https:\/\/dev6.erresse-shop.it\/\"},{\"@type\":\"ListItem\",\"position\":2,\"name\":\"Tienda\",\"item\":\"https:\/\/dev6.erresse-shop.it\/shop\/\"},{\"@type\":\"ListItem\",\"position\":3,\"name\":\"VILLEROY &#038; BOCH Christmas Classics Adorno para el \u00e1rbol de Navidad 7 cm Copo de nieve\"}]},{\"@type\":\"WebSite\",\"@id\":\"https:\/\/dev6.erresse-shop.it\/#website\",\"url\":\"https:\/\/dev6.erresse-shop.it\/\",\"name\":\"Erresse Shop\",\"description\":\"\",\"publisher\":{\"@id\":\"https:\/\/dev6.erresse-shop.it\/#organization\"},\"potentialAction\":[{\"@type\":\"SearchAction\",\"target\":{\"@type\":\"EntryPoint\",\"urlTemplate\":\"https:\/\/dev6.erresse-shop.it\/?s={search_term_string}\"},\"query-input\":{\"@type\":\"PropertyValueSpecification\",\"valueRequired\":true,\"valueName\":\"search_term_string\"}}],\"inLanguage\":\"es\"},{\"@type\":\"Organization\",\"@id\":\"https:\/\/dev6.erresse-shop.it\/#organization\",\"name\":\"Erresse Shop\",\"url\":\"https:\/\/dev6.erresse-shop.it\/\",\"logo\":{\"@type\":\"ImageObject\",\"inLanguage\":\"es\",\"@id\":\"https:\/\/dev6.erresse-shop.it\/#\/schema\/logo\/image\/\",\"url\":\"https:\/\/dev6.erresse-shop.it\/wp-content\/uploads\/2025\/01\/LOGO-ERRESSE-CLASSICO.svg\",\"contentUrl\":\"https:\/\/dev6.erresse-shop.it\/wp-content\/uploads\/2025\/01\/LOGO-ERRESSE-CLASSICO.svg\",\"caption\":\"Erresse Shop\"},\"image\":{\"@id\":\"https:\/\/dev6.erresse-shop.it\/#\/schema\/logo\/image\/\"}}]}<\/script>\n<!-- \/ Yoast SEO plugin. -->","yoast_head_json":{"title":"VILLEROY &#038; BOCH Christmas Classics Adorno para el \u00e1rbol de Navidad 7 cm Copo de nieve - dev6 Erresse","description":"Decoraci\u00f3n para el \u00e1rbol hecha con amor La decoraci\u00f3n del \u00e1rbol de Navidad encanta con su nost\u00e1lgico dise\u00f1o navide\u00f1o y es ideal como decoraci\u00f3n ambiental","robots":{"index":"noindex","follow":"follow","max-snippet":"max-snippet:-1","max-image-preview":"max-image-preview:large","max-video-preview":"max-video-preview:-1"},"og_locale":"es_ES","og_type":"article","og_title":"VILLEROY &#038; BOCH Christmas Classics Adorno para el \u00e1rbol de Navidad 7 cm Copo de nieve - dev6 Erresse","og_description":"Decoraci\u00f3n para el \u00e1rbol hecha con amor La decoraci\u00f3n del \u00e1rbol de Navidad encanta con su nost\u00e1lgico dise\u00f1o navide\u00f1o y es ideal como decoraci\u00f3n ambiental","og_url":"https:\/\/dev6.erresse-shop.it\/es\/shop\/mobiliario\/articulos-de-decoracion\/villeroy-boch-christmas-classics-adorno-para-el-arbol-de-navidad-7-cm-copo-de-nieve\/","og_site_name":"dev6 Erresse","og_image":[{"url":"https:\/\/interpim.erresse-shop.it\/img-catalogo\/villeroy\/villeroy-boch-christmas-classics-addobbo-per-albero-di-natale-7-cm-fiocco-di-neve.jpg","type":"","width":"","height":""},{"url":"https:\/\/interpim.erresse-shop.it\/img-catalogo\/villeroy\/villeroy-boch-christmas-classics-addobbo-per-albero-di-natale-7-cm-fiocco-di-neve.jpg","width":1024,"height":1024,"type":"image\/jpeg"}],"twitter_card":"summary_large_image","twitter_image":"https:\/\/interpim.erresse-shop.it\/img-catalogo\/villeroy\/villeroy-boch-christmas-classics-addobbo-per-albero-di-natale-7-cm-fiocco-di-neve.jpg","schema":{"@context":"https:\/\/schema.org","@graph":[{"@type":"WebPage","@id":"https:\/\/dev6.erresse-shop.it\/es\/shop\/mobiliario\/articulos-de-decoracion\/villeroy-boch-christmas-classics-adorno-para-el-arbol-de-navidad-7-cm-copo-de-nieve\/","url":"https:\/\/dev6.erresse-shop.it\/es\/shop\/mobiliario\/articulos-de-decoracion\/villeroy-boch-christmas-classics-adorno-para-el-arbol-de-navidad-7-cm-copo-de-nieve\/","name":"VILLEROY &#038; BOCH Christmas Classics Adorno para el \u00e1rbol de Navidad 7 cm Copo de nieve - dev6 Erresse","isPartOf":{"@id":"https:\/\/dev6.erresse-shop.it\/#website"},"primaryImageOfPage":{"@id":"https:\/\/dev6.erresse-shop.it\/es\/shop\/mobiliario\/articulos-de-decoracion\/villeroy-boch-christmas-classics-adorno-para-el-arbol-de-navidad-7-cm-copo-de-nieve\/#primaryimage"},"image":{"@id":"https:\/\/dev6.erresse-shop.it\/es\/shop\/mobiliario\/articulos-de-decoracion\/villeroy-boch-christmas-classics-adorno-para-el-arbol-de-navidad-7-cm-copo-de-nieve\/#primaryimage"},"thumbnailUrl":"https:\/\/i0.wp.com\/interpim.erresse-shop.it\/img-catalogo\/villeroy\/villeroy-boch-christmas-classics-addobbo-per-albero-di-natale-7-cm-fiocco-di-neve.jpg?ssl=1","datePublished":"2026-04-04T09:52:56+00:00","description":"Decoraci\u00f3n para el \u00e1rbol hecha con amor La decoraci\u00f3n del \u00e1rbol de Navidad encanta con su nost\u00e1lgico dise\u00f1o navide\u00f1o y es ideal como decoraci\u00f3n ambiental","breadcrumb":{"@id":"https:\/\/dev6.erresse-shop.it\/es\/shop\/mobiliario\/articulos-de-decoracion\/villeroy-boch-christmas-classics-adorno-para-el-arbol-de-navidad-7-cm-copo-de-nieve\/#breadcrumb"},"inLanguage":"es","potentialAction":[{"@type":"ReadAction","target":["https:\/\/dev6.erresse-shop.it\/es\/shop\/mobiliario\/articulos-de-decoracion\/villeroy-boch-christmas-classics-adorno-para-el-arbol-de-navidad-7-cm-copo-de-nieve\/"]}]},{"@type":"ImageObject","inLanguage":"es","@id":"https:\/\/dev6.erresse-shop.it\/es\/shop\/mobiliario\/articulos-de-decoracion\/villeroy-boch-christmas-classics-adorno-para-el-arbol-de-navidad-7-cm-copo-de-nieve\/#primaryimage","url":"https:\/\/i0.wp.com\/interpim.erresse-shop.it\/img-catalogo\/villeroy\/villeroy-boch-christmas-classics-addobbo-per-albero-di-natale-7-cm-fiocco-di-neve.jpg?ssl=1","contentUrl":"https:\/\/i0.wp.com\/interpim.erresse-shop.it\/img-catalogo\/villeroy\/villeroy-boch-christmas-classics-addobbo-per-albero-di-natale-7-cm-fiocco-di-neve.jpg?ssl=1"},{"@type":"BreadcrumbList","@id":"https:\/\/dev6.erresse-shop.it\/es\/shop\/mobiliario\/articulos-de-decoracion\/villeroy-boch-christmas-classics-adorno-para-el-arbol-de-navidad-7-cm-copo-de-nieve\/#breadcrumb","itemListElement":[{"@type":"ListItem","position":1,"name":"Home","item":"https:\/\/dev6.erresse-shop.it\/"},{"@type":"ListItem","position":2,"name":"Tienda","item":"https:\/\/dev6.erresse-shop.it\/shop\/"},{"@type":"ListItem","position":3,"name":"VILLEROY &#038; BOCH Christmas Classics Adorno para el \u00e1rbol de Navidad 7 cm Copo de nieve"}]},{"@type":"WebSite","@id":"https:\/\/dev6.erresse-shop.it\/#website","url":"https:\/\/dev6.erresse-shop.it\/","name":"Erresse Shop","description":"","publisher":{"@id":"https:\/\/dev6.erresse-shop.it\/#organization"},"potentialAction":[{"@type":"SearchAction","target":{"@type":"EntryPoint","urlTemplate":"https:\/\/dev6.erresse-shop.it\/?s={search_term_string}"},"query-input":{"@type":"PropertyValueSpecification","valueRequired":true,"valueName":"search_term_string"}}],"inLanguage":"es"},{"@type":"Organization","@id":"https:\/\/dev6.erresse-shop.it\/#organization","name":"Erresse Shop","url":"https:\/\/dev6.erresse-shop.it\/","logo":{"@type":"ImageObject","inLanguage":"es","@id":"https:\/\/dev6.erresse-shop.it\/#\/schema\/logo\/image\/","url":"https:\/\/dev6.erresse-shop.it\/wp-content\/uploads\/2025\/01\/LOGO-ERRESSE-CLASSICO.svg","contentUrl":"https:\/\/dev6.erresse-shop.it\/wp-content\/uploads\/2025\/01\/LOGO-ERRESSE-CLASSICO.svg","caption":"Erresse Shop"},"image":{"@id":"https:\/\/dev6.erresse-shop.it\/#\/schema\/logo\/image\/"}}]}},"df_price":39.9,"df_sale_price":"","df_regular_price":39.9,"df_image_link":"https:\/\/i0.wp.com\/interpim.erresse-shop.it\/img-catalogo\/villeroy\/villeroy-boch-christmas-classics-addobbo-per-albero-di-natale-7-cm-fiocco-di-neve.jpg?resize=300,300&ssl=1","fifu_image_url":"https:\/\/interpim.erresse-shop.it\/img-catalogo\/villeroy\/villeroy-boch-christmas-classics-addobbo-per-albero-di-natale-7-cm-fiocco-di-neve.jpg","_links":{"self":[{"href":"https:\/\/dev6.erresse-shop.it\/es\/wp-json\/wp\/v2\/product\/1882441","targetHints":{"allow":["GET"]}}],"collection":[{"href":"https:\/\/dev6.erresse-shop.it\/es\/wp-json\/wp\/v2\/product"}],"about":[{"href":"https:\/\/dev6.erresse-shop.it\/es\/wp-json\/wp\/v2\/types\/product"}],"wp:featuredmedia":[{"embeddable":true,"href":"https:\/\/dev6.erresse-shop.it\/es\/wp-json\/wp\/v2\/media\/6287047"}],"wp:attachment":[{"href":"https:\/\/dev6.erresse-shop.it\/es\/wp-json\/wp\/v2\/media?parent=1882441"}],"wp:term":[{"taxonomy":"product_cat","embeddable":true,"href":"https:\/\/dev6.erresse-shop.it\/es\/wp-json\/wp\/v2\/product_cat?post=1882441"},{"taxonomy":"product_tag","embeddable":true,"href":"https:\/\/dev6.erresse-shop.it\/es\/wp-json\/wp\/v2\/product_tag?post=1882441"}],"curies":[{"name":"wp","href":"https:\/\/api.w.org\/{rel}","templated":true}]}}