{"id":1882419,"date":"2026-04-12T11:53:18","date_gmt":"2026-04-12T09:53:18","guid":{"rendered":"https:\/\/dev6.erresse-shop.it\/shop\/sin%20categor\u00eda\/illy-8-paquetes-de-30-capsulas-compatibles-con-nespresso-classic\/"},"modified":"2025-07-05T00:19:32","modified_gmt":"2025-07-04T22:19:32","slug":"illy-8-paquetes-de-30-capsulas-compatibles-con-nespresso-classic","status":"publish","type":"product","link":"https:\/\/dev6.erresse-shop.it\/es\/shop\/cafe-es\/cafe-en-capsulas\/illy-8-paquetes-de-30-capsulas-compatibles-con-nespresso-classic\/","title":{"rendered":"ILLY 8 paquetes de 30 c\u00e1psulas compatibles con Nespresso\u00ae Classic"},"content":{"rendered":"<p>Paquete de 30 c\u00e1psulas, total 240 c\u00e1psulas combatibles* (8 paquetes).<\/p>\n<p class=\"p1\">*con la\u00a0cafeteras\u00a0Nespresso\u00ae** Original.<br \/>\n**marca de terceros sin relaci\u00f3n con illycaff\u00e8 S.p.A.<\/p>\n<p class=\"p1\">NOTAS AROM\u00c1TICAS\n<\/p>\n<p class=\"p1\">El matiz de sabor CL\u00c1SICO de la exclusiva mezcla illy 100% ar\u00e1bica expresa una nota dulce y floral que se combina con toques de pan tostado, caramelo y chocolate. Para quienes prefieren una taza de caf\u00e9 con un sabor suave y aterciopelado. Para disfrutarlo al m\u00e1ximo recomendamos un volumen en la taza entre 25 y 40 ml para la variante Espresso.<\/p>\n","protected":false},"excerpt":{"rendered":"<p>Paquete de 30 c\u00e1psulas, total 240 c\u00e1psulas combatibles* (8 paquetes). *con la\u00a0cafeteras\u00a0Nespresso\u00ae** Original. **marca de terceros sin relaci\u00f3n con illycaff\u00e8 S.p.A. NOTAS AROM\u00c1TICAS El matiz de sabor CL\u00c1SICO de la exclusiva mezcla illy 100% ar\u00e1bica expresa una nota dulce y floral que se combina con toques de pan tostado, caramelo y chocolate. Para quienes prefieren [&hellip;]<\/p>\n","protected":false},"featured_media":6370213,"template":"","meta":{"_acf_changed":false},"product_cat":[11930,11931],"product_tag":[],"class_list":{"0":"post-1882419","1":"product","2":"type-product","3":"status-publish","4":"has-post-thumbnail","6":"product_cat-cafe-es","7":"product_cat-cafe-en-capsulas","9":"first","10":"instock","11":"taxable","12":"shipping-taxable","13":"purchasable","14":"product-type-simple","swatches":"rey-swatches","show_selected":"","stretch_labels":"rey-swatches--stretch-labels"},"acf":[],"yoast_head":"<!-- This site is optimized with the Yoast SEO plugin v25.4 - https:\/\/yoast.com\/wordpress\/plugins\/seo\/ -->\n<title>ILLY 8 paquetes de 30 c\u00e1psulas compatibles con Nespresso\u00ae Classic - dev6 Erresse<\/title>\n<meta name=\"description\" content=\"Paquete de 30 c\u00e1psulas, total 240 c\u00e1psulas combatibles* (8 paquetes). *con la\u00a0cafeteras\u00a0Nespresso\u00ae** Original. **marca de terceros sin relaci\u00f3n con\" \/>\n<meta name=\"robots\" content=\"noindex, follow, max-snippet:-1, max-image-preview:large, max-video-preview:-1\" \/>\n<meta property=\"og:locale\" content=\"es_ES\" \/>\n<meta property=\"og:type\" content=\"article\" \/>\n<meta property=\"og:title\" content=\"ILLY 8 paquetes de 30 c\u00e1psulas compatibles con Nespresso\u00ae Classic - dev6 Erresse\" \/>\n<meta property=\"og:description\" content=\"Paquete de 30 c\u00e1psulas, total 240 c\u00e1psulas combatibles* (8 paquetes). *con la\u00a0cafeteras\u00a0Nespresso\u00ae** Original. **marca de terceros sin relaci\u00f3n con\" \/>\n<meta property=\"og:url\" content=\"https:\/\/dev6.erresse-shop.it\/es\/shop\/cafe-es\/cafe-en-capsulas\/illy-8-paquetes-de-30-capsulas-compatibles-con-nespresso-classic\/\" \/>\n<meta property=\"og:site_name\" content=\"dev6 Erresse\" \/>\n<meta property=\"og:image\" content=\"https:\/\/interpim.erresse-shop.it\/wp-content\/uploads\/2024\/10\/ILLY-8-Confezioni-da-30-Capsule-Compatibili-Nespresso\u00ae-Classico.jpg\/illy-8-confezioni-da-30-capsule-compatibili-nespresso-c2-ae-classico.jpg\" \/><meta property=\"og:image\" content=\"https:\/\/interpim.erresse-shop.it\/wp-content\/uploads\/2024\/10\/ILLY-8-Confezioni-da-30-Capsule-Compatibili-Nespresso\u00ae-Classico.jpg\/illy-8-confezioni-da-30-capsule-compatibili-nespresso-c2-ae-classico.jpg\" \/>\n\t<meta property=\"og:image:width\" content=\"1024\" \/>\n\t<meta property=\"og:image:height\" content=\"1024\" \/>\n\t<meta property=\"og:image:type\" content=\"image\/jpeg\" \/>\n<meta name=\"twitter:card\" content=\"summary_large_image\" \/>\n<meta name=\"twitter:image\" content=\"https:\/\/interpim.erresse-shop.it\/wp-content\/uploads\/2024\/10\/ILLY-8-Confezioni-da-30-Capsule-Compatibili-Nespresso\u00ae-Classico.jpg\/illy-8-confezioni-da-30-capsule-compatibili-nespresso-c2-ae-classico.jpg\" \/>\n<script type=\"application\/ld+json\" class=\"yoast-schema-graph\">{\"@context\":\"https:\/\/schema.org\",\"@graph\":[{\"@type\":\"WebPage\",\"@id\":\"https:\/\/dev6.erresse-shop.it\/es\/shop\/cafe-es\/cafe-en-capsulas\/illy-8-paquetes-de-30-capsulas-compatibles-con-nespresso-classic\/\",\"url\":\"https:\/\/dev6.erresse-shop.it\/es\/shop\/cafe-es\/cafe-en-capsulas\/illy-8-paquetes-de-30-capsulas-compatibles-con-nespresso-classic\/\",\"name\":\"ILLY 8 paquetes de 30 c\u00e1psulas compatibles con Nespresso\u00ae Classic - dev6 Erresse\",\"isPartOf\":{\"@id\":\"https:\/\/dev6.erresse-shop.it\/#website\"},\"primaryImageOfPage\":{\"@id\":\"https:\/\/dev6.erresse-shop.it\/es\/shop\/cafe-es\/cafe-en-capsulas\/illy-8-paquetes-de-30-capsulas-compatibles-con-nespresso-classic\/#primaryimage\"},\"image\":{\"@id\":\"https:\/\/dev6.erresse-shop.it\/es\/shop\/cafe-es\/cafe-en-capsulas\/illy-8-paquetes-de-30-capsulas-compatibles-con-nespresso-classic\/#primaryimage\"},\"thumbnailUrl\":\"https:\/\/i0.wp.com\/interpim.erresse-shop.it\/wp-content\/uploads\/2024\/10\/ILLY-8-Confezioni-da-30-Capsule-Compatibili-Nespresso\u00ae-Classico.jpg\/illy-8-confezioni-da-30-capsule-compatibili-nespresso-c2-ae-classico.jpg?ssl=1\",\"datePublished\":\"2026-04-12T09:53:18+00:00\",\"description\":\"Paquete de 30 c\u00e1psulas, total 240 c\u00e1psulas combatibles* (8 paquetes). *con la\u00a0cafeteras\u00a0Nespresso\u00ae** Original. **marca de terceros sin relaci\u00f3n con\",\"breadcrumb\":{\"@id\":\"https:\/\/dev6.erresse-shop.it\/es\/shop\/cafe-es\/cafe-en-capsulas\/illy-8-paquetes-de-30-capsulas-compatibles-con-nespresso-classic\/#breadcrumb\"},\"inLanguage\":\"es\",\"potentialAction\":[{\"@type\":\"ReadAction\",\"target\":[\"https:\/\/dev6.erresse-shop.it\/es\/shop\/cafe-es\/cafe-en-capsulas\/illy-8-paquetes-de-30-capsulas-compatibles-con-nespresso-classic\/\"]}]},{\"@type\":\"ImageObject\",\"inLanguage\":\"es\",\"@id\":\"https:\/\/dev6.erresse-shop.it\/es\/shop\/cafe-es\/cafe-en-capsulas\/illy-8-paquetes-de-30-capsulas-compatibles-con-nespresso-classic\/#primaryimage\",\"url\":\"https:\/\/i0.wp.com\/interpim.erresse-shop.it\/wp-content\/uploads\/2024\/10\/ILLY-8-Confezioni-da-30-Capsule-Compatibili-Nespresso\u00ae-Classico.jpg\/illy-8-confezioni-da-30-capsule-compatibili-nespresso-c2-ae-classico.jpg?ssl=1\",\"contentUrl\":\"https:\/\/i0.wp.com\/interpim.erresse-shop.it\/wp-content\/uploads\/2024\/10\/ILLY-8-Confezioni-da-30-Capsule-Compatibili-Nespresso\u00ae-Classico.jpg\/illy-8-confezioni-da-30-capsule-compatibili-nespresso-c2-ae-classico.jpg?ssl=1\"},{\"@type\":\"BreadcrumbList\",\"@id\":\"https:\/\/dev6.erresse-shop.it\/es\/shop\/cafe-es\/cafe-en-capsulas\/illy-8-paquetes-de-30-capsulas-compatibles-con-nespresso-classic\/#breadcrumb\",\"itemListElement\":[{\"@type\":\"ListItem\",\"position\":1,\"name\":\"Home\",\"item\":\"https:\/\/dev6.erresse-shop.it\/\"},{\"@type\":\"ListItem\",\"position\":2,\"name\":\"Tienda\",\"item\":\"https:\/\/dev6.erresse-shop.it\/shop\/\"},{\"@type\":\"ListItem\",\"position\":3,\"name\":\"ILLY 8 paquetes de 30 c\u00e1psulas compatibles con Nespresso\u00ae Classic\"}]},{\"@type\":\"WebSite\",\"@id\":\"https:\/\/dev6.erresse-shop.it\/#website\",\"url\":\"https:\/\/dev6.erresse-shop.it\/\",\"name\":\"Erresse Shop\",\"description\":\"\",\"publisher\":{\"@id\":\"https:\/\/dev6.erresse-shop.it\/#organization\"},\"potentialAction\":[{\"@type\":\"SearchAction\",\"target\":{\"@type\":\"EntryPoint\",\"urlTemplate\":\"https:\/\/dev6.erresse-shop.it\/?s={search_term_string}\"},\"query-input\":{\"@type\":\"PropertyValueSpecification\",\"valueRequired\":true,\"valueName\":\"search_term_string\"}}],\"inLanguage\":\"es\"},{\"@type\":\"Organization\",\"@id\":\"https:\/\/dev6.erresse-shop.it\/#organization\",\"name\":\"Erresse Shop\",\"url\":\"https:\/\/dev6.erresse-shop.it\/\",\"logo\":{\"@type\":\"ImageObject\",\"inLanguage\":\"es\",\"@id\":\"https:\/\/dev6.erresse-shop.it\/#\/schema\/logo\/image\/\",\"url\":\"https:\/\/dev6.erresse-shop.it\/wp-content\/uploads\/2025\/01\/LOGO-ERRESSE-CLASSICO.svg\",\"contentUrl\":\"https:\/\/dev6.erresse-shop.it\/wp-content\/uploads\/2025\/01\/LOGO-ERRESSE-CLASSICO.svg\",\"caption\":\"Erresse Shop\"},\"image\":{\"@id\":\"https:\/\/dev6.erresse-shop.it\/#\/schema\/logo\/image\/\"}}]}<\/script>\n<!-- \/ Yoast SEO plugin. -->","yoast_head_json":{"title":"ILLY 8 paquetes de 30 c\u00e1psulas compatibles con Nespresso\u00ae Classic - dev6 Erresse","description":"Paquete de 30 c\u00e1psulas, total 240 c\u00e1psulas combatibles* (8 paquetes). *con la\u00a0cafeteras\u00a0Nespresso\u00ae** Original. **marca de terceros sin relaci\u00f3n con","robots":{"index":"noindex","follow":"follow","max-snippet":"max-snippet:-1","max-image-preview":"max-image-preview:large","max-video-preview":"max-video-preview:-1"},"og_locale":"es_ES","og_type":"article","og_title":"ILLY 8 paquetes de 30 c\u00e1psulas compatibles con Nespresso\u00ae Classic - dev6 Erresse","og_description":"Paquete de 30 c\u00e1psulas, total 240 c\u00e1psulas combatibles* (8 paquetes). *con la\u00a0cafeteras\u00a0Nespresso\u00ae** Original. **marca de terceros sin relaci\u00f3n con","og_url":"https:\/\/dev6.erresse-shop.it\/es\/shop\/cafe-es\/cafe-en-capsulas\/illy-8-paquetes-de-30-capsulas-compatibles-con-nespresso-classic\/","og_site_name":"dev6 Erresse","og_image":[{"url":"https:\/\/interpim.erresse-shop.it\/wp-content\/uploads\/2024\/10\/ILLY-8-Confezioni-da-30-Capsule-Compatibili-Nespresso\u00ae-Classico.jpg\/illy-8-confezioni-da-30-capsule-compatibili-nespresso-c2-ae-classico.jpg","type":"","width":"","height":""},{"url":"https:\/\/interpim.erresse-shop.it\/wp-content\/uploads\/2024\/10\/ILLY-8-Confezioni-da-30-Capsule-Compatibili-Nespresso\u00ae-Classico.jpg\/illy-8-confezioni-da-30-capsule-compatibili-nespresso-c2-ae-classico.jpg","width":1024,"height":1024,"type":"image\/jpeg"}],"twitter_card":"summary_large_image","twitter_image":"https:\/\/interpim.erresse-shop.it\/wp-content\/uploads\/2024\/10\/ILLY-8-Confezioni-da-30-Capsule-Compatibili-Nespresso\u00ae-Classico.jpg\/illy-8-confezioni-da-30-capsule-compatibili-nespresso-c2-ae-classico.jpg","schema":{"@context":"https:\/\/schema.org","@graph":[{"@type":"WebPage","@id":"https:\/\/dev6.erresse-shop.it\/es\/shop\/cafe-es\/cafe-en-capsulas\/illy-8-paquetes-de-30-capsulas-compatibles-con-nespresso-classic\/","url":"https:\/\/dev6.erresse-shop.it\/es\/shop\/cafe-es\/cafe-en-capsulas\/illy-8-paquetes-de-30-capsulas-compatibles-con-nespresso-classic\/","name":"ILLY 8 paquetes de 30 c\u00e1psulas compatibles con Nespresso\u00ae Classic - dev6 Erresse","isPartOf":{"@id":"https:\/\/dev6.erresse-shop.it\/#website"},"primaryImageOfPage":{"@id":"https:\/\/dev6.erresse-shop.it\/es\/shop\/cafe-es\/cafe-en-capsulas\/illy-8-paquetes-de-30-capsulas-compatibles-con-nespresso-classic\/#primaryimage"},"image":{"@id":"https:\/\/dev6.erresse-shop.it\/es\/shop\/cafe-es\/cafe-en-capsulas\/illy-8-paquetes-de-30-capsulas-compatibles-con-nespresso-classic\/#primaryimage"},"thumbnailUrl":"https:\/\/i0.wp.com\/interpim.erresse-shop.it\/wp-content\/uploads\/2024\/10\/ILLY-8-Confezioni-da-30-Capsule-Compatibili-Nespresso\u00ae-Classico.jpg\/illy-8-confezioni-da-30-capsule-compatibili-nespresso-c2-ae-classico.jpg?ssl=1","datePublished":"2026-04-12T09:53:18+00:00","description":"Paquete de 30 c\u00e1psulas, total 240 c\u00e1psulas combatibles* (8 paquetes). *con la\u00a0cafeteras\u00a0Nespresso\u00ae** Original. **marca de terceros sin relaci\u00f3n con","breadcrumb":{"@id":"https:\/\/dev6.erresse-shop.it\/es\/shop\/cafe-es\/cafe-en-capsulas\/illy-8-paquetes-de-30-capsulas-compatibles-con-nespresso-classic\/#breadcrumb"},"inLanguage":"es","potentialAction":[{"@type":"ReadAction","target":["https:\/\/dev6.erresse-shop.it\/es\/shop\/cafe-es\/cafe-en-capsulas\/illy-8-paquetes-de-30-capsulas-compatibles-con-nespresso-classic\/"]}]},{"@type":"ImageObject","inLanguage":"es","@id":"https:\/\/dev6.erresse-shop.it\/es\/shop\/cafe-es\/cafe-en-capsulas\/illy-8-paquetes-de-30-capsulas-compatibles-con-nespresso-classic\/#primaryimage","url":"https:\/\/i0.wp.com\/interpim.erresse-shop.it\/wp-content\/uploads\/2024\/10\/ILLY-8-Confezioni-da-30-Capsule-Compatibili-Nespresso\u00ae-Classico.jpg\/illy-8-confezioni-da-30-capsule-compatibili-nespresso-c2-ae-classico.jpg?ssl=1","contentUrl":"https:\/\/i0.wp.com\/interpim.erresse-shop.it\/wp-content\/uploads\/2024\/10\/ILLY-8-Confezioni-da-30-Capsule-Compatibili-Nespresso\u00ae-Classico.jpg\/illy-8-confezioni-da-30-capsule-compatibili-nespresso-c2-ae-classico.jpg?ssl=1"},{"@type":"BreadcrumbList","@id":"https:\/\/dev6.erresse-shop.it\/es\/shop\/cafe-es\/cafe-en-capsulas\/illy-8-paquetes-de-30-capsulas-compatibles-con-nespresso-classic\/#breadcrumb","itemListElement":[{"@type":"ListItem","position":1,"name":"Home","item":"https:\/\/dev6.erresse-shop.it\/"},{"@type":"ListItem","position":2,"name":"Tienda","item":"https:\/\/dev6.erresse-shop.it\/shop\/"},{"@type":"ListItem","position":3,"name":"ILLY 8 paquetes de 30 c\u00e1psulas compatibles con Nespresso\u00ae Classic"}]},{"@type":"WebSite","@id":"https:\/\/dev6.erresse-shop.it\/#website","url":"https:\/\/dev6.erresse-shop.it\/","name":"Erresse Shop","description":"","publisher":{"@id":"https:\/\/dev6.erresse-shop.it\/#organization"},"potentialAction":[{"@type":"SearchAction","target":{"@type":"EntryPoint","urlTemplate":"https:\/\/dev6.erresse-shop.it\/?s={search_term_string}"},"query-input":{"@type":"PropertyValueSpecification","valueRequired":true,"valueName":"search_term_string"}}],"inLanguage":"es"},{"@type":"Organization","@id":"https:\/\/dev6.erresse-shop.it\/#organization","name":"Erresse Shop","url":"https:\/\/dev6.erresse-shop.it\/","logo":{"@type":"ImageObject","inLanguage":"es","@id":"https:\/\/dev6.erresse-shop.it\/#\/schema\/logo\/image\/","url":"https:\/\/dev6.erresse-shop.it\/wp-content\/uploads\/2025\/01\/LOGO-ERRESSE-CLASSICO.svg","contentUrl":"https:\/\/dev6.erresse-shop.it\/wp-content\/uploads\/2025\/01\/LOGO-ERRESSE-CLASSICO.svg","caption":"Erresse Shop"},"image":{"@id":"https:\/\/dev6.erresse-shop.it\/#\/schema\/logo\/image\/"}}]}},"df_price":11,"df_sale_price":"","df_regular_price":11,"df_image_link":"https:\/\/i0.wp.com\/interpim.erresse-shop.it\/wp-content\/uploads\/2024\/10\/ILLY-8-Confezioni-da-30-Capsule-Compatibili-Nespresso\u00ae-Classico.jpg\/illy-8-confezioni-da-30-capsule-compatibili-nespresso-c2-ae-classico.jpg?resize=300,300&ssl=1","fifu_image_url":"https:\/\/interpim.erresse-shop.it\/wp-content\/uploads\/2024\/10\/ILLY-8-Confezioni-da-30-Capsule-Compatibili-Nespresso\u00ae-Classico.jpg\/illy-8-confezioni-da-30-capsule-compatibili-nespresso-c2-ae-classico.jpg","_links":{"self":[{"href":"https:\/\/dev6.erresse-shop.it\/es\/wp-json\/wp\/v2\/product\/1882419","targetHints":{"allow":["GET"]}}],"collection":[{"href":"https:\/\/dev6.erresse-shop.it\/es\/wp-json\/wp\/v2\/product"}],"about":[{"href":"https:\/\/dev6.erresse-shop.it\/es\/wp-json\/wp\/v2\/types\/product"}],"wp:featuredmedia":[{"embeddable":true,"href":"https:\/\/dev6.erresse-shop.it\/es\/wp-json\/wp\/v2\/media\/6370213"}],"wp:attachment":[{"href":"https:\/\/dev6.erresse-shop.it\/es\/wp-json\/wp\/v2\/media?parent=1882419"}],"wp:term":[{"taxonomy":"product_cat","embeddable":true,"href":"https:\/\/dev6.erresse-shop.it\/es\/wp-json\/wp\/v2\/product_cat?post=1882419"},{"taxonomy":"product_tag","embeddable":true,"href":"https:\/\/dev6.erresse-shop.it\/es\/wp-json\/wp\/v2\/product_tag?post=1882419"}],"curies":[{"name":"wp","href":"https:\/\/api.w.org\/{rel}","templated":true}]}}