{"id":1882415,"date":"2026-04-04T11:50:36","date_gmt":"2026-04-04T09:50:36","guid":{"rendered":"https:\/\/dev6.erresse-shop.it\/shop\/sin%20categor\u00eda\/gastrolux-squality-sarten-baja-induccion-28-cm-berenjena\/"},"modified":"2025-09-14T09:38:06","modified_gmt":"2025-09-14T07:38:06","slug":"gastrolux-squality-sarten-baja-induccion-28-cm-berenjena","status":"publish","type":"product","link":"https:\/\/dev6.erresse-shop.it\/es\/shop\/sartenes-y-ollas\/gastrolux-squality-sarten-baja-induccion-28-cm-berenjena\/","title":{"rendered":"GASTROLUX Squality Sart\u00e9n Baja Inducci\u00f3n 28 cm Berenjena"},"content":{"rendered":"<p>\u00a1La bater\u00eda de cocina antiadherente a prueba de chefs! Gastrolux es la primera bater\u00eda de cocina fabricada gracias a la aplicaci\u00f3n de la nanotecnolog\u00eda, ya utilizada en astrof\u00edsica y recientemente tambi\u00e9n en cirug\u00eda. El novedoso sistema consiste en disparar micropart\u00edculas sobre la superficie a tratar a una velocidad dos veces superior a la del sonido y a temperaturas extremadamente altas. Esta tecnolog\u00eda molecular se enriquece con BIOTAN: un tratamiento antiadherente de la superficie a base de bioorganismos naturales que garantiza una dureza extraordinaria y una gran resistencia a la absorci\u00f3n de aceite, creando un sistema de cocci\u00f3n pr\u00e1ctico y saludable para una cocina nutritiva y sabrosa. Sart\u00e9n baja antiadherente con fondo t\u00e9rmico indeformable para la distribuci\u00f3n del calor y el ahorro de energ\u00eda. Cuerpo de aluminio fundido con borde reforzado a prueba de golpes y c\u00f3modo agarre extra. La sart\u00e9n Squality con nuestro exclusivo revestimiento antiadherente BIOTAN Plus se calienta muy r\u00e1pidamente.<\/p>\n<p>Tecnolog\u00eda de revestimiento antiadherente Gastrolux BIOTAN<br \/>\nBase antiadherente DIN de 8 mm de grosor<br \/>\n\u00d3ptima distribuci\u00f3n y retenci\u00f3n del calor<br \/>\nFijaci\u00f3n del mango patentada conforme a DIN<br \/>\nBorde de vertido estable<br \/>\nAsa de apoyo<br \/>\nAsas y pomos ergon\u00f3micos Puede utilizarse en hornos de hasta 500 \u00b0F<br \/>\nCada producto tiene un n\u00famero de control de calidad \u00fanico<br \/>\nSin PFOA ni PFOS<br \/>\nF\u00e1ciles de limpiar<br \/>\nApto para lavavajillas<\/p>\n","protected":false},"excerpt":{"rendered":"<p>\u00a1La bater\u00eda de cocina antiadherente a prueba de chefs! Gastrolux es la primera bater\u00eda de cocina fabricada gracias a la aplicaci\u00f3n de la nanotecnolog\u00eda, ya utilizada en astrof\u00edsica y recientemente tambi\u00e9n en cirug\u00eda. El novedoso sistema consiste en disparar micropart\u00edculas sobre la superficie a tratar a una velocidad dos veces superior a la del sonido [&hellip;]<\/p>\n","protected":false},"featured_media":6286941,"template":"","meta":{"_acf_changed":false},"product_cat":[11883],"product_tag":[],"class_list":{"0":"post-1882415","1":"product","2":"type-product","3":"status-publish","4":"has-post-thumbnail","6":"product_cat-sartenes-y-ollas","8":"first","9":"instock","10":"sale","11":"taxable","12":"shipping-taxable","13":"purchasable","14":"product-type-simple","swatches":"rey-swatches","show_selected":"","stretch_labels":"rey-swatches--stretch-labels"},"acf":[],"yoast_head":"<!-- This site is optimized with the Yoast SEO plugin v25.4 - https:\/\/yoast.com\/wordpress\/plugins\/seo\/ -->\n<title>GASTROLUX Squality Sart\u00e9n Baja Inducci\u00f3n 28 cm Berenjena - dev6 Erresse<\/title>\n<meta name=\"description\" content=\"\u00a1La bater\u00eda de cocina antiadherente a prueba de chefs! Gastrolux es la primera bater\u00eda de cocina fabricada gracias a la aplicaci\u00f3n de la nanotecnolog\u00eda,\" \/>\n<meta name=\"robots\" content=\"noindex, follow, max-snippet:-1, max-image-preview:large, max-video-preview:-1\" \/>\n<meta property=\"og:locale\" content=\"es_ES\" \/>\n<meta property=\"og:type\" content=\"article\" \/>\n<meta property=\"og:title\" content=\"GASTROLUX Squality Sart\u00e9n Baja Inducci\u00f3n 28 cm Berenjena - dev6 Erresse\" \/>\n<meta property=\"og:description\" content=\"\u00a1La bater\u00eda de cocina antiadherente a prueba de chefs! Gastrolux es la primera bater\u00eda de cocina fabricada gracias a la aplicaci\u00f3n de la nanotecnolog\u00eda,\" \/>\n<meta property=\"og:url\" content=\"https:\/\/dev6.erresse-shop.it\/es\/shop\/sartenes-y-ollas\/gastrolux-squality-sarten-baja-induccion-28-cm-berenjena\/\" \/>\n<meta property=\"og:site_name\" content=\"dev6 Erresse\" \/>\n<meta property=\"og:image\" content=\"https:\/\/interpim.erresse-shop.it\/Import\/Prodotti\/gastrolux-squality-padella-bassa-induzione-28-cm-melanzana-1.jpg\" \/><meta property=\"og:image\" content=\"https:\/\/interpim.erresse-shop.it\/Import\/Prodotti\/gastrolux-squality-padella-bassa-induzione-28-cm-melanzana-1.jpg\" \/>\n\t<meta property=\"og:image:width\" content=\"1024\" \/>\n\t<meta property=\"og:image:height\" content=\"1024\" \/>\n\t<meta property=\"og:image:type\" content=\"image\/jpeg\" \/>\n<meta name=\"twitter:card\" content=\"summary_large_image\" \/>\n<meta name=\"twitter:image\" content=\"https:\/\/interpim.erresse-shop.it\/Import\/Prodotti\/gastrolux-squality-padella-bassa-induzione-28-cm-melanzana-1.jpg\" \/>\n<script type=\"application\/ld+json\" class=\"yoast-schema-graph\">{\"@context\":\"https:\/\/schema.org\",\"@graph\":[{\"@type\":\"WebPage\",\"@id\":\"https:\/\/dev6.erresse-shop.it\/es\/shop\/sartenes-y-ollas\/gastrolux-squality-sarten-baja-induccion-28-cm-berenjena\/\",\"url\":\"https:\/\/dev6.erresse-shop.it\/es\/shop\/sartenes-y-ollas\/gastrolux-squality-sarten-baja-induccion-28-cm-berenjena\/\",\"name\":\"GASTROLUX Squality Sart\u00e9n Baja Inducci\u00f3n 28 cm Berenjena - dev6 Erresse\",\"isPartOf\":{\"@id\":\"https:\/\/dev6.erresse-shop.it\/#website\"},\"primaryImageOfPage\":{\"@id\":\"https:\/\/dev6.erresse-shop.it\/es\/shop\/sartenes-y-ollas\/gastrolux-squality-sarten-baja-induccion-28-cm-berenjena\/#primaryimage\"},\"image\":{\"@id\":\"https:\/\/dev6.erresse-shop.it\/es\/shop\/sartenes-y-ollas\/gastrolux-squality-sarten-baja-induccion-28-cm-berenjena\/#primaryimage\"},\"thumbnailUrl\":\"https:\/\/i0.wp.com\/interpim.erresse-shop.it\/Import\/Prodotti\/gastrolux-squality-padella-bassa-induzione-28-cm-melanzana-1.jpg?ssl=1\",\"datePublished\":\"2026-04-04T09:50:36+00:00\",\"description\":\"\u00a1La bater\u00eda de cocina antiadherente a prueba de chefs! Gastrolux es la primera bater\u00eda de cocina fabricada gracias a la aplicaci\u00f3n de la nanotecnolog\u00eda,\",\"breadcrumb\":{\"@id\":\"https:\/\/dev6.erresse-shop.it\/es\/shop\/sartenes-y-ollas\/gastrolux-squality-sarten-baja-induccion-28-cm-berenjena\/#breadcrumb\"},\"inLanguage\":\"es\",\"potentialAction\":[{\"@type\":\"ReadAction\",\"target\":[\"https:\/\/dev6.erresse-shop.it\/es\/shop\/sartenes-y-ollas\/gastrolux-squality-sarten-baja-induccion-28-cm-berenjena\/\"]}]},{\"@type\":\"ImageObject\",\"inLanguage\":\"es\",\"@id\":\"https:\/\/dev6.erresse-shop.it\/es\/shop\/sartenes-y-ollas\/gastrolux-squality-sarten-baja-induccion-28-cm-berenjena\/#primaryimage\",\"url\":\"https:\/\/i0.wp.com\/interpim.erresse-shop.it\/Import\/Prodotti\/gastrolux-squality-padella-bassa-induzione-28-cm-melanzana-1.jpg?ssl=1\",\"contentUrl\":\"https:\/\/i0.wp.com\/interpim.erresse-shop.it\/Import\/Prodotti\/gastrolux-squality-padella-bassa-induzione-28-cm-melanzana-1.jpg?ssl=1\"},{\"@type\":\"BreadcrumbList\",\"@id\":\"https:\/\/dev6.erresse-shop.it\/es\/shop\/sartenes-y-ollas\/gastrolux-squality-sarten-baja-induccion-28-cm-berenjena\/#breadcrumb\",\"itemListElement\":[{\"@type\":\"ListItem\",\"position\":1,\"name\":\"Home\",\"item\":\"https:\/\/dev6.erresse-shop.it\/\"},{\"@type\":\"ListItem\",\"position\":2,\"name\":\"Tienda\",\"item\":\"https:\/\/dev6.erresse-shop.it\/shop\/\"},{\"@type\":\"ListItem\",\"position\":3,\"name\":\"GASTROLUX Squality Sart\u00e9n Baja Inducci\u00f3n 28 cm Berenjena\"}]},{\"@type\":\"WebSite\",\"@id\":\"https:\/\/dev6.erresse-shop.it\/#website\",\"url\":\"https:\/\/dev6.erresse-shop.it\/\",\"name\":\"Erresse Shop\",\"description\":\"\",\"publisher\":{\"@id\":\"https:\/\/dev6.erresse-shop.it\/#organization\"},\"potentialAction\":[{\"@type\":\"SearchAction\",\"target\":{\"@type\":\"EntryPoint\",\"urlTemplate\":\"https:\/\/dev6.erresse-shop.it\/?s={search_term_string}\"},\"query-input\":{\"@type\":\"PropertyValueSpecification\",\"valueRequired\":true,\"valueName\":\"search_term_string\"}}],\"inLanguage\":\"es\"},{\"@type\":\"Organization\",\"@id\":\"https:\/\/dev6.erresse-shop.it\/#organization\",\"name\":\"Erresse Shop\",\"url\":\"https:\/\/dev6.erresse-shop.it\/\",\"logo\":{\"@type\":\"ImageObject\",\"inLanguage\":\"es\",\"@id\":\"https:\/\/dev6.erresse-shop.it\/#\/schema\/logo\/image\/\",\"url\":\"https:\/\/dev6.erresse-shop.it\/wp-content\/uploads\/2025\/01\/LOGO-ERRESSE-CLASSICO.svg\",\"contentUrl\":\"https:\/\/dev6.erresse-shop.it\/wp-content\/uploads\/2025\/01\/LOGO-ERRESSE-CLASSICO.svg\",\"caption\":\"Erresse Shop\"},\"image\":{\"@id\":\"https:\/\/dev6.erresse-shop.it\/#\/schema\/logo\/image\/\"}}]}<\/script>\n<!-- \/ Yoast SEO plugin. -->","yoast_head_json":{"title":"GASTROLUX Squality Sart\u00e9n Baja Inducci\u00f3n 28 cm Berenjena - dev6 Erresse","description":"\u00a1La bater\u00eda de cocina antiadherente a prueba de chefs! Gastrolux es la primera bater\u00eda de cocina fabricada gracias a la aplicaci\u00f3n de la nanotecnolog\u00eda,","robots":{"index":"noindex","follow":"follow","max-snippet":"max-snippet:-1","max-image-preview":"max-image-preview:large","max-video-preview":"max-video-preview:-1"},"og_locale":"es_ES","og_type":"article","og_title":"GASTROLUX Squality Sart\u00e9n Baja Inducci\u00f3n 28 cm Berenjena - dev6 Erresse","og_description":"\u00a1La bater\u00eda de cocina antiadherente a prueba de chefs! Gastrolux es la primera bater\u00eda de cocina fabricada gracias a la aplicaci\u00f3n de la nanotecnolog\u00eda,","og_url":"https:\/\/dev6.erresse-shop.it\/es\/shop\/sartenes-y-ollas\/gastrolux-squality-sarten-baja-induccion-28-cm-berenjena\/","og_site_name":"dev6 Erresse","og_image":[{"url":"https:\/\/interpim.erresse-shop.it\/Import\/Prodotti\/gastrolux-squality-padella-bassa-induzione-28-cm-melanzana-1.jpg","type":"","width":"","height":""},{"url":"https:\/\/interpim.erresse-shop.it\/Import\/Prodotti\/gastrolux-squality-padella-bassa-induzione-28-cm-melanzana-1.jpg","width":1024,"height":1024,"type":"image\/jpeg"}],"twitter_card":"summary_large_image","twitter_image":"https:\/\/interpim.erresse-shop.it\/Import\/Prodotti\/gastrolux-squality-padella-bassa-induzione-28-cm-melanzana-1.jpg","schema":{"@context":"https:\/\/schema.org","@graph":[{"@type":"WebPage","@id":"https:\/\/dev6.erresse-shop.it\/es\/shop\/sartenes-y-ollas\/gastrolux-squality-sarten-baja-induccion-28-cm-berenjena\/","url":"https:\/\/dev6.erresse-shop.it\/es\/shop\/sartenes-y-ollas\/gastrolux-squality-sarten-baja-induccion-28-cm-berenjena\/","name":"GASTROLUX Squality Sart\u00e9n Baja Inducci\u00f3n 28 cm Berenjena - dev6 Erresse","isPartOf":{"@id":"https:\/\/dev6.erresse-shop.it\/#website"},"primaryImageOfPage":{"@id":"https:\/\/dev6.erresse-shop.it\/es\/shop\/sartenes-y-ollas\/gastrolux-squality-sarten-baja-induccion-28-cm-berenjena\/#primaryimage"},"image":{"@id":"https:\/\/dev6.erresse-shop.it\/es\/shop\/sartenes-y-ollas\/gastrolux-squality-sarten-baja-induccion-28-cm-berenjena\/#primaryimage"},"thumbnailUrl":"https:\/\/i0.wp.com\/interpim.erresse-shop.it\/Import\/Prodotti\/gastrolux-squality-padella-bassa-induzione-28-cm-melanzana-1.jpg?ssl=1","datePublished":"2026-04-04T09:50:36+00:00","description":"\u00a1La bater\u00eda de cocina antiadherente a prueba de chefs! Gastrolux es la primera bater\u00eda de cocina fabricada gracias a la aplicaci\u00f3n de la nanotecnolog\u00eda,","breadcrumb":{"@id":"https:\/\/dev6.erresse-shop.it\/es\/shop\/sartenes-y-ollas\/gastrolux-squality-sarten-baja-induccion-28-cm-berenjena\/#breadcrumb"},"inLanguage":"es","potentialAction":[{"@type":"ReadAction","target":["https:\/\/dev6.erresse-shop.it\/es\/shop\/sartenes-y-ollas\/gastrolux-squality-sarten-baja-induccion-28-cm-berenjena\/"]}]},{"@type":"ImageObject","inLanguage":"es","@id":"https:\/\/dev6.erresse-shop.it\/es\/shop\/sartenes-y-ollas\/gastrolux-squality-sarten-baja-induccion-28-cm-berenjena\/#primaryimage","url":"https:\/\/i0.wp.com\/interpim.erresse-shop.it\/Import\/Prodotti\/gastrolux-squality-padella-bassa-induzione-28-cm-melanzana-1.jpg?ssl=1","contentUrl":"https:\/\/i0.wp.com\/interpim.erresse-shop.it\/Import\/Prodotti\/gastrolux-squality-padella-bassa-induzione-28-cm-melanzana-1.jpg?ssl=1"},{"@type":"BreadcrumbList","@id":"https:\/\/dev6.erresse-shop.it\/es\/shop\/sartenes-y-ollas\/gastrolux-squality-sarten-baja-induccion-28-cm-berenjena\/#breadcrumb","itemListElement":[{"@type":"ListItem","position":1,"name":"Home","item":"https:\/\/dev6.erresse-shop.it\/"},{"@type":"ListItem","position":2,"name":"Tienda","item":"https:\/\/dev6.erresse-shop.it\/shop\/"},{"@type":"ListItem","position":3,"name":"GASTROLUX Squality Sart\u00e9n Baja Inducci\u00f3n 28 cm Berenjena"}]},{"@type":"WebSite","@id":"https:\/\/dev6.erresse-shop.it\/#website","url":"https:\/\/dev6.erresse-shop.it\/","name":"Erresse Shop","description":"","publisher":{"@id":"https:\/\/dev6.erresse-shop.it\/#organization"},"potentialAction":[{"@type":"SearchAction","target":{"@type":"EntryPoint","urlTemplate":"https:\/\/dev6.erresse-shop.it\/?s={search_term_string}"},"query-input":{"@type":"PropertyValueSpecification","valueRequired":true,"valueName":"search_term_string"}}],"inLanguage":"es"},{"@type":"Organization","@id":"https:\/\/dev6.erresse-shop.it\/#organization","name":"Erresse Shop","url":"https:\/\/dev6.erresse-shop.it\/","logo":{"@type":"ImageObject","inLanguage":"es","@id":"https:\/\/dev6.erresse-shop.it\/#\/schema\/logo\/image\/","url":"https:\/\/dev6.erresse-shop.it\/wp-content\/uploads\/2025\/01\/LOGO-ERRESSE-CLASSICO.svg","contentUrl":"https:\/\/dev6.erresse-shop.it\/wp-content\/uploads\/2025\/01\/LOGO-ERRESSE-CLASSICO.svg","caption":"Erresse Shop"},"image":{"@id":"https:\/\/dev6.erresse-shop.it\/#\/schema\/logo\/image\/"}}]}},"df_price":119.95,"df_sale_price":119.95,"df_regular_price":164,"df_image_link":"https:\/\/i0.wp.com\/interpim.erresse-shop.it\/Import\/Prodotti\/gastrolux-squality-padella-bassa-induzione-28-cm-melanzana-1.jpg?resize=300,300&ssl=1","fifu_image_url":"https:\/\/interpim.erresse-shop.it\/Import\/Prodotti\/gastrolux-squality-padella-bassa-induzione-28-cm-melanzana-1.jpg","_links":{"self":[{"href":"https:\/\/dev6.erresse-shop.it\/es\/wp-json\/wp\/v2\/product\/1882415","targetHints":{"allow":["GET"]}}],"collection":[{"href":"https:\/\/dev6.erresse-shop.it\/es\/wp-json\/wp\/v2\/product"}],"about":[{"href":"https:\/\/dev6.erresse-shop.it\/es\/wp-json\/wp\/v2\/types\/product"}],"wp:featuredmedia":[{"embeddable":true,"href":"https:\/\/dev6.erresse-shop.it\/es\/wp-json\/wp\/v2\/media\/6286941"}],"wp:attachment":[{"href":"https:\/\/dev6.erresse-shop.it\/es\/wp-json\/wp\/v2\/media?parent=1882415"}],"wp:term":[{"taxonomy":"product_cat","embeddable":true,"href":"https:\/\/dev6.erresse-shop.it\/es\/wp-json\/wp\/v2\/product_cat?post=1882415"},{"taxonomy":"product_tag","embeddable":true,"href":"https:\/\/dev6.erresse-shop.it\/es\/wp-json\/wp\/v2\/product_tag?post=1882415"}],"curies":[{"name":"wp","href":"https:\/\/api.w.org\/{rel}","templated":true}]}}