{"id":1882397,"date":"2026-04-04T14:49:46","date_gmt":"2026-04-04T12:49:46","guid":{"rendered":"https:\/\/dev6.erresse-shop.it\/shop\/sin%20categor\u00eda\/jura-maquina-de-cafe-ena-8-touch-full-nordic-blanco-incluyendo-2-kg-de-cafe-2\/"},"modified":"2026-01-29T19:21:59","modified_gmt":"2026-01-29T18:21:59","slug":"jura-maquina-de-cafe-ena-8-touch-full-nordic-blanco-incluyendo-2-kg-de-cafe-2","status":"publish","type":"product","link":"https:\/\/dev6.erresse-shop.it\/es\/shop\/pequenos-electrodomesticos\/maquinas-de-cafe\/automatico\/jura-maquina-de-cafe-ena-8-touch-full-nordic-blanco-incluyendo-2-kg-de-cafe-2\/","title":{"rendered":"JURA M\u00e1quina de caf\u00e9 ENA 8 Touch Full Nordic Blanco &#8211; incluyendo 2 kg de caf\u00e9"},"content":{"rendered":"<p>La peque\u00f1a m\u00e1quina con grandes prestaciones<br \/>\n\u00bfEst\u00e1s buscando una experiencia de caf\u00e9 perfecta sin necesitar mucho espacio? La compacta ENA 8 est\u00e1 equipada con tecnolog\u00edas de primera l\u00ednea, como el molinillo Professional Aroma y la tecnolog\u00eda de espuma fina, para crear caf\u00e9 de clase mundial y ahora, con la funci\u00f3n de dos tazas, puede preparar dos tazas a la vez. mismo tiempo. Con sus l\u00edneas limpias y detalles elegantes, es una elegante pieza de dise\u00f1o en un formato peque\u00f1o.<\/p>\n<p>Tecnolog\u00eda premium<br \/>\nEl molinillo de aroma profesional logra una molienda m\u00e1s uniforme, realzando el aroma del caf\u00e9 en un 12,2%, mientras que la innovadora tecnolog\u00eda de espuma fina crea una espuma de leche maravillosamente ligera para las especialidades a base de leche de moda. Gracias a la funci\u00f3n de dos tazas, la ENA 8 ahora tambi\u00e9n puede preparar dos especialidades de caf\u00e9 solo al mismo tiempo. La ingeniosa funci\u00f3n de limpieza del sistema de leche garantiza una higiene certificada por T\u00dcV, lo que contribuye a unos resultados siempre perfectos.<\/p>\n<p>Simplemente divertido<br \/>\nGracias a la pantalla t\u00e1ctil f\u00e1cil de usar y al funcionamiento intuitivo, tienes 15 especialidades a tu alcance. La funci\u00f3n de limpieza del sistema de leche se puede iniciar pulsando un bot\u00f3n, garantizando siempre una higiene certificada por T\u00dcV. Tambi\u00e9n podr\u00e1s utilizar la cafetera c\u00f3modamente desde tu smartphone, porque gracias a la tecnolog\u00eda WiFi la ENA 8 tambi\u00e9n es compatible con J.O.E.\u00ae.<\/p>\n<p>Gran dise\u00f1o, peque\u00f1o formato<br \/>\nCon unas dimensiones de s\u00f3lo 27,1 x 32,3 x 44,5 cm, nuestra cafetera m\u00e1s peque\u00f1a cabe en cualquier lugar sin comprometer el rendimiento. A pesar de su formato compacto, la ENA 8 encarna la calidad \u00fanica de JURA tanto en t\u00e9rminos de caf\u00e9 como de dise\u00f1o. El dise\u00f1o minimalista con l\u00edneas limpias, materiales de alta calidad y detalles elegantes, como la bandeja para tazas cromada y el tanque de agua cristalino con efecto de diamante, son perfectos para quienes aprecian el buen gusto y el buen caf\u00e9.<\/p>\n<p>CARACTER\u00cdSTICAS\/ESPECIALIDADES<br \/>\nN\u00famero de caf\u00e9s especiales 15<br \/>\nPantalla t\u00e1ctil a color de 2,8 pulgadas<br \/>\nCantidad de agua para caf\u00e9 programable individualmente: S\u00ed<br \/>\nFuerza del caf\u00e9 programable individualmente: 10 niveles<br \/>\nTemperatura de dosificaci\u00f3n programable individualmente: 3 niveles<br \/>\nCantidad de leche\/espuma de leche programable individualmente: S\u00ed<br \/>\nTemperatura del agua caliente programable individualmente: 3 niveles<br \/>\nCompatible con J.O.E.\u00ae: S\u00ed<br \/>\nConexi\u00f3n Wi-Fi a la red dom\u00e9stica: S\u00ed<\/p>\n<p>CARACTER\u00cdSTICAS T\u00c9CNICAS<br \/>\nCa\u00f1o doble regulable en altura y anchura: 68 \u2013 138 mm \/ \u2013<br \/>\nSalida de agua caliente regulable en altura: 70 \u2013 140 mm<br \/>\nCapacidad del dep\u00f3sito de agua: 1,1 l<br \/>\nCapacidad del recipiente de granos: 125 g<br \/>\nContenedor de posos de caf\u00e9 (porciones aproximadas): 10<br \/>\nLongitud del cable: 1,1 m<br \/>\nTensi\u00f3n\/potencia: 230 V ~ \/ 1450 W<br \/>\nCorriente: 10 A<br \/>\nPotencia en espera: 0 W<br \/>\nPeso: 9,4 kg<br \/>\nDimensiones (An \u00d7 Al \u00d7 Pr): 27,1 \u00d7 32,3 \u00d7 44,5 cm<\/p>\n<p>Pa\u00eds de fabricaci\u00f3n: Fabricado en Portugal<br \/>\nA\u00f1o del modelo 2022<\/p>\n","protected":false},"excerpt":{"rendered":"<p>La peque\u00f1a m\u00e1quina con grandes prestaciones \u00bfEst\u00e1s buscando una experiencia de caf\u00e9 perfecta sin necesitar mucho espacio? La compacta ENA 8 est\u00e1 equipada con tecnolog\u00edas de primera l\u00ednea, como el molinillo Professional Aroma y la tecnolog\u00eda de espuma fina, para crear caf\u00e9 de clase mundial y ahora, con la funci\u00f3n de dos tazas, puede preparar [&hellip;]<\/p>\n","protected":false},"featured_media":6298233,"template":"","meta":{"_acf_changed":false},"product_cat":[11968,11955,11947],"product_tag":[],"class_list":{"0":"post-1882397","1":"product","2":"type-product","3":"status-publish","4":"has-post-thumbnail","6":"product_cat-automatico","7":"product_cat-maquinas-de-cafe","8":"product_cat-pequenos-electrodomesticos","10":"first","11":"instock","12":"sale","13":"taxable","14":"shipping-taxable","15":"purchasable","16":"product-type-simple","swatches":"rey-swatches","show_selected":"","stretch_labels":"rey-swatches--stretch-labels"},"acf":[],"yoast_head":"<!-- This site is optimized with the Yoast SEO plugin v25.4 - https:\/\/yoast.com\/wordpress\/plugins\/seo\/ -->\n<title>JURA M\u00e1quina de caf\u00e9 ENA 8 Touch Full Nordic Blanco &#8211; incluyendo 2 kg de caf\u00e9 - dev6 Erresse<\/title>\n<meta name=\"description\" content=\"La peque\u00f1a m\u00e1quina con grandes prestaciones \u00bfEst\u00e1s buscando una experiencia de caf\u00e9 perfecta sin necesitar mucho espacio? La compacta ENA 8 est\u00e1 equipada\" \/>\n<meta name=\"robots\" content=\"noindex, follow, max-snippet:-1, max-image-preview:large, max-video-preview:-1\" \/>\n<meta property=\"og:locale\" content=\"es_ES\" \/>\n<meta property=\"og:type\" content=\"article\" \/>\n<meta property=\"og:title\" content=\"JURA M\u00e1quina de caf\u00e9 ENA 8 Touch Full Nordic Blanco &#8211; incluyendo 2 kg de caf\u00e9 - dev6 Erresse\" \/>\n<meta property=\"og:description\" content=\"La peque\u00f1a m\u00e1quina con grandes prestaciones \u00bfEst\u00e1s buscando una experiencia de caf\u00e9 perfecta sin necesitar mucho espacio? La compacta ENA 8 est\u00e1 equipada\" \/>\n<meta property=\"og:url\" content=\"https:\/\/dev6.erresse-shop.it\/es\/shop\/pequenos-electrodomesticos\/maquinas-de-cafe\/automatico\/jura-maquina-de-cafe-ena-8-touch-full-nordic-blanco-incluyendo-2-kg-de-cafe-2\/\" \/>\n<meta property=\"og:site_name\" content=\"dev6 Erresse\" \/>\n<meta property=\"og:image\" content=\"https:\/\/interpim.erresse-shop.it\/Import\/Prodotti\/jura-macchina-da-caffe-ena-8-touch-full-nordic-bianco-inclusi-2-kg-di-caffe-1.jpg\" \/><meta property=\"og:image\" content=\"https:\/\/interpim.erresse-shop.it\/Import\/Prodotti\/jura-macchina-da-caffe-ena-8-touch-full-nordic-bianco-inclusi-2-kg-di-caffe-1.jpg\" \/>\n\t<meta property=\"og:image:width\" content=\"1024\" \/>\n\t<meta property=\"og:image:height\" content=\"1024\" \/>\n\t<meta property=\"og:image:type\" content=\"image\/jpeg\" \/>\n<meta name=\"twitter:card\" content=\"summary_large_image\" \/>\n<meta name=\"twitter:image\" content=\"https:\/\/interpim.erresse-shop.it\/Import\/Prodotti\/jura-macchina-da-caffe-ena-8-touch-full-nordic-bianco-inclusi-2-kg-di-caffe-1.jpg\" \/>\n<script type=\"application\/ld+json\" class=\"yoast-schema-graph\">{\"@context\":\"https:\/\/schema.org\",\"@graph\":[{\"@type\":\"WebPage\",\"@id\":\"https:\/\/dev6.erresse-shop.it\/es\/shop\/pequenos-electrodomesticos\/maquinas-de-cafe\/automatico\/jura-maquina-de-cafe-ena-8-touch-full-nordic-blanco-incluyendo-2-kg-de-cafe-2\/\",\"url\":\"https:\/\/dev6.erresse-shop.it\/es\/shop\/pequenos-electrodomesticos\/maquinas-de-cafe\/automatico\/jura-maquina-de-cafe-ena-8-touch-full-nordic-blanco-incluyendo-2-kg-de-cafe-2\/\",\"name\":\"JURA M\u00e1quina de caf\u00e9 ENA 8 Touch Full Nordic Blanco &#8211; incluyendo 2 kg de caf\u00e9 - dev6 Erresse\",\"isPartOf\":{\"@id\":\"https:\/\/dev6.erresse-shop.it\/#website\"},\"primaryImageOfPage\":{\"@id\":\"https:\/\/dev6.erresse-shop.it\/es\/shop\/pequenos-electrodomesticos\/maquinas-de-cafe\/automatico\/jura-maquina-de-cafe-ena-8-touch-full-nordic-blanco-incluyendo-2-kg-de-cafe-2\/#primaryimage\"},\"image\":{\"@id\":\"https:\/\/dev6.erresse-shop.it\/es\/shop\/pequenos-electrodomesticos\/maquinas-de-cafe\/automatico\/jura-maquina-de-cafe-ena-8-touch-full-nordic-blanco-incluyendo-2-kg-de-cafe-2\/#primaryimage\"},\"thumbnailUrl\":\"https:\/\/i2.wp.com\/interpim.erresse-shop.it\/Import\/Prodotti\/jura-macchina-da-caffe-ena-8-touch-full-nordic-bianco-inclusi-2-kg-di-caffe-1.jpg?ssl=1\",\"datePublished\":\"2026-04-04T12:49:46+00:00\",\"description\":\"La peque\u00f1a m\u00e1quina con grandes prestaciones \u00bfEst\u00e1s buscando una experiencia de caf\u00e9 perfecta sin necesitar mucho espacio? La compacta ENA 8 est\u00e1 equipada\",\"breadcrumb\":{\"@id\":\"https:\/\/dev6.erresse-shop.it\/es\/shop\/pequenos-electrodomesticos\/maquinas-de-cafe\/automatico\/jura-maquina-de-cafe-ena-8-touch-full-nordic-blanco-incluyendo-2-kg-de-cafe-2\/#breadcrumb\"},\"inLanguage\":\"es\",\"potentialAction\":[{\"@type\":\"ReadAction\",\"target\":[\"https:\/\/dev6.erresse-shop.it\/es\/shop\/pequenos-electrodomesticos\/maquinas-de-cafe\/automatico\/jura-maquina-de-cafe-ena-8-touch-full-nordic-blanco-incluyendo-2-kg-de-cafe-2\/\"]}]},{\"@type\":\"ImageObject\",\"inLanguage\":\"es\",\"@id\":\"https:\/\/dev6.erresse-shop.it\/es\/shop\/pequenos-electrodomesticos\/maquinas-de-cafe\/automatico\/jura-maquina-de-cafe-ena-8-touch-full-nordic-blanco-incluyendo-2-kg-de-cafe-2\/#primaryimage\",\"url\":\"https:\/\/i2.wp.com\/interpim.erresse-shop.it\/Import\/Prodotti\/jura-macchina-da-caffe-ena-8-touch-full-nordic-bianco-inclusi-2-kg-di-caffe-1.jpg?ssl=1\",\"contentUrl\":\"https:\/\/i2.wp.com\/interpim.erresse-shop.it\/Import\/Prodotti\/jura-macchina-da-caffe-ena-8-touch-full-nordic-bianco-inclusi-2-kg-di-caffe-1.jpg?ssl=1\"},{\"@type\":\"BreadcrumbList\",\"@id\":\"https:\/\/dev6.erresse-shop.it\/es\/shop\/pequenos-electrodomesticos\/maquinas-de-cafe\/automatico\/jura-maquina-de-cafe-ena-8-touch-full-nordic-blanco-incluyendo-2-kg-de-cafe-2\/#breadcrumb\",\"itemListElement\":[{\"@type\":\"ListItem\",\"position\":1,\"name\":\"Home\",\"item\":\"https:\/\/dev6.erresse-shop.it\/\"},{\"@type\":\"ListItem\",\"position\":2,\"name\":\"Tienda\",\"item\":\"https:\/\/dev6.erresse-shop.it\/shop\/\"},{\"@type\":\"ListItem\",\"position\":3,\"name\":\"JURA M\u00e1quina de caf\u00e9 ENA 8 Touch Full Nordic Blanco &#8211; incluyendo 2 kg de caf\u00e9\"}]},{\"@type\":\"WebSite\",\"@id\":\"https:\/\/dev6.erresse-shop.it\/#website\",\"url\":\"https:\/\/dev6.erresse-shop.it\/\",\"name\":\"Erresse Shop\",\"description\":\"\",\"publisher\":{\"@id\":\"https:\/\/dev6.erresse-shop.it\/#organization\"},\"potentialAction\":[{\"@type\":\"SearchAction\",\"target\":{\"@type\":\"EntryPoint\",\"urlTemplate\":\"https:\/\/dev6.erresse-shop.it\/?s={search_term_string}\"},\"query-input\":{\"@type\":\"PropertyValueSpecification\",\"valueRequired\":true,\"valueName\":\"search_term_string\"}}],\"inLanguage\":\"es\"},{\"@type\":\"Organization\",\"@id\":\"https:\/\/dev6.erresse-shop.it\/#organization\",\"name\":\"Erresse Shop\",\"url\":\"https:\/\/dev6.erresse-shop.it\/\",\"logo\":{\"@type\":\"ImageObject\",\"inLanguage\":\"es\",\"@id\":\"https:\/\/dev6.erresse-shop.it\/#\/schema\/logo\/image\/\",\"url\":\"https:\/\/dev6.erresse-shop.it\/wp-content\/uploads\/2025\/01\/LOGO-ERRESSE-CLASSICO.svg\",\"contentUrl\":\"https:\/\/dev6.erresse-shop.it\/wp-content\/uploads\/2025\/01\/LOGO-ERRESSE-CLASSICO.svg\",\"caption\":\"Erresse Shop\"},\"image\":{\"@id\":\"https:\/\/dev6.erresse-shop.it\/#\/schema\/logo\/image\/\"}}]}<\/script>\n<!-- \/ Yoast SEO plugin. -->","yoast_head_json":{"title":"JURA M\u00e1quina de caf\u00e9 ENA 8 Touch Full Nordic Blanco &#8211; incluyendo 2 kg de caf\u00e9 - dev6 Erresse","description":"La peque\u00f1a m\u00e1quina con grandes prestaciones \u00bfEst\u00e1s buscando una experiencia de caf\u00e9 perfecta sin necesitar mucho espacio? La compacta ENA 8 est\u00e1 equipada","robots":{"index":"noindex","follow":"follow","max-snippet":"max-snippet:-1","max-image-preview":"max-image-preview:large","max-video-preview":"max-video-preview:-1"},"og_locale":"es_ES","og_type":"article","og_title":"JURA M\u00e1quina de caf\u00e9 ENA 8 Touch Full Nordic Blanco &#8211; incluyendo 2 kg de caf\u00e9 - dev6 Erresse","og_description":"La peque\u00f1a m\u00e1quina con grandes prestaciones \u00bfEst\u00e1s buscando una experiencia de caf\u00e9 perfecta sin necesitar mucho espacio? La compacta ENA 8 est\u00e1 equipada","og_url":"https:\/\/dev6.erresse-shop.it\/es\/shop\/pequenos-electrodomesticos\/maquinas-de-cafe\/automatico\/jura-maquina-de-cafe-ena-8-touch-full-nordic-blanco-incluyendo-2-kg-de-cafe-2\/","og_site_name":"dev6 Erresse","og_image":[{"url":"https:\/\/interpim.erresse-shop.it\/Import\/Prodotti\/jura-macchina-da-caffe-ena-8-touch-full-nordic-bianco-inclusi-2-kg-di-caffe-1.jpg","type":"","width":"","height":""},{"url":"https:\/\/interpim.erresse-shop.it\/Import\/Prodotti\/jura-macchina-da-caffe-ena-8-touch-full-nordic-bianco-inclusi-2-kg-di-caffe-1.jpg","width":1024,"height":1024,"type":"image\/jpeg"}],"twitter_card":"summary_large_image","twitter_image":"https:\/\/interpim.erresse-shop.it\/Import\/Prodotti\/jura-macchina-da-caffe-ena-8-touch-full-nordic-bianco-inclusi-2-kg-di-caffe-1.jpg","schema":{"@context":"https:\/\/schema.org","@graph":[{"@type":"WebPage","@id":"https:\/\/dev6.erresse-shop.it\/es\/shop\/pequenos-electrodomesticos\/maquinas-de-cafe\/automatico\/jura-maquina-de-cafe-ena-8-touch-full-nordic-blanco-incluyendo-2-kg-de-cafe-2\/","url":"https:\/\/dev6.erresse-shop.it\/es\/shop\/pequenos-electrodomesticos\/maquinas-de-cafe\/automatico\/jura-maquina-de-cafe-ena-8-touch-full-nordic-blanco-incluyendo-2-kg-de-cafe-2\/","name":"JURA M\u00e1quina de caf\u00e9 ENA 8 Touch Full Nordic Blanco &#8211; incluyendo 2 kg de caf\u00e9 - dev6 Erresse","isPartOf":{"@id":"https:\/\/dev6.erresse-shop.it\/#website"},"primaryImageOfPage":{"@id":"https:\/\/dev6.erresse-shop.it\/es\/shop\/pequenos-electrodomesticos\/maquinas-de-cafe\/automatico\/jura-maquina-de-cafe-ena-8-touch-full-nordic-blanco-incluyendo-2-kg-de-cafe-2\/#primaryimage"},"image":{"@id":"https:\/\/dev6.erresse-shop.it\/es\/shop\/pequenos-electrodomesticos\/maquinas-de-cafe\/automatico\/jura-maquina-de-cafe-ena-8-touch-full-nordic-blanco-incluyendo-2-kg-de-cafe-2\/#primaryimage"},"thumbnailUrl":"https:\/\/i2.wp.com\/interpim.erresse-shop.it\/Import\/Prodotti\/jura-macchina-da-caffe-ena-8-touch-full-nordic-bianco-inclusi-2-kg-di-caffe-1.jpg?ssl=1","datePublished":"2026-04-04T12:49:46+00:00","description":"La peque\u00f1a m\u00e1quina con grandes prestaciones \u00bfEst\u00e1s buscando una experiencia de caf\u00e9 perfecta sin necesitar mucho espacio? La compacta ENA 8 est\u00e1 equipada","breadcrumb":{"@id":"https:\/\/dev6.erresse-shop.it\/es\/shop\/pequenos-electrodomesticos\/maquinas-de-cafe\/automatico\/jura-maquina-de-cafe-ena-8-touch-full-nordic-blanco-incluyendo-2-kg-de-cafe-2\/#breadcrumb"},"inLanguage":"es","potentialAction":[{"@type":"ReadAction","target":["https:\/\/dev6.erresse-shop.it\/es\/shop\/pequenos-electrodomesticos\/maquinas-de-cafe\/automatico\/jura-maquina-de-cafe-ena-8-touch-full-nordic-blanco-incluyendo-2-kg-de-cafe-2\/"]}]},{"@type":"ImageObject","inLanguage":"es","@id":"https:\/\/dev6.erresse-shop.it\/es\/shop\/pequenos-electrodomesticos\/maquinas-de-cafe\/automatico\/jura-maquina-de-cafe-ena-8-touch-full-nordic-blanco-incluyendo-2-kg-de-cafe-2\/#primaryimage","url":"https:\/\/i2.wp.com\/interpim.erresse-shop.it\/Import\/Prodotti\/jura-macchina-da-caffe-ena-8-touch-full-nordic-bianco-inclusi-2-kg-di-caffe-1.jpg?ssl=1","contentUrl":"https:\/\/i2.wp.com\/interpim.erresse-shop.it\/Import\/Prodotti\/jura-macchina-da-caffe-ena-8-touch-full-nordic-bianco-inclusi-2-kg-di-caffe-1.jpg?ssl=1"},{"@type":"BreadcrumbList","@id":"https:\/\/dev6.erresse-shop.it\/es\/shop\/pequenos-electrodomesticos\/maquinas-de-cafe\/automatico\/jura-maquina-de-cafe-ena-8-touch-full-nordic-blanco-incluyendo-2-kg-de-cafe-2\/#breadcrumb","itemListElement":[{"@type":"ListItem","position":1,"name":"Home","item":"https:\/\/dev6.erresse-shop.it\/"},{"@type":"ListItem","position":2,"name":"Tienda","item":"https:\/\/dev6.erresse-shop.it\/shop\/"},{"@type":"ListItem","position":3,"name":"JURA M\u00e1quina de caf\u00e9 ENA 8 Touch Full Nordic Blanco &#8211; incluyendo 2 kg de caf\u00e9"}]},{"@type":"WebSite","@id":"https:\/\/dev6.erresse-shop.it\/#website","url":"https:\/\/dev6.erresse-shop.it\/","name":"Erresse Shop","description":"","publisher":{"@id":"https:\/\/dev6.erresse-shop.it\/#organization"},"potentialAction":[{"@type":"SearchAction","target":{"@type":"EntryPoint","urlTemplate":"https:\/\/dev6.erresse-shop.it\/?s={search_term_string}"},"query-input":{"@type":"PropertyValueSpecification","valueRequired":true,"valueName":"search_term_string"}}],"inLanguage":"es"},{"@type":"Organization","@id":"https:\/\/dev6.erresse-shop.it\/#organization","name":"Erresse Shop","url":"https:\/\/dev6.erresse-shop.it\/","logo":{"@type":"ImageObject","inLanguage":"es","@id":"https:\/\/dev6.erresse-shop.it\/#\/schema\/logo\/image\/","url":"https:\/\/dev6.erresse-shop.it\/wp-content\/uploads\/2025\/01\/LOGO-ERRESSE-CLASSICO.svg","contentUrl":"https:\/\/dev6.erresse-shop.it\/wp-content\/uploads\/2025\/01\/LOGO-ERRESSE-CLASSICO.svg","caption":"Erresse Shop"},"image":{"@id":"https:\/\/dev6.erresse-shop.it\/#\/schema\/logo\/image\/"}}]}},"df_price":929.95,"df_sale_price":929.95,"df_regular_price":1249,"df_image_link":"https:\/\/i2.wp.com\/interpim.erresse-shop.it\/Import\/Prodotti\/jura-macchina-da-caffe-ena-8-touch-full-nordic-bianco-inclusi-2-kg-di-caffe-1.jpg?resize=300,300&ssl=1","fifu_image_url":"https:\/\/interpim.erresse-shop.it\/Import\/Prodotti\/jura-macchina-da-caffe-ena-8-touch-full-nordic-bianco-inclusi-2-kg-di-caffe-1.jpg","_links":{"self":[{"href":"https:\/\/dev6.erresse-shop.it\/es\/wp-json\/wp\/v2\/product\/1882397","targetHints":{"allow":["GET"]}}],"collection":[{"href":"https:\/\/dev6.erresse-shop.it\/es\/wp-json\/wp\/v2\/product"}],"about":[{"href":"https:\/\/dev6.erresse-shop.it\/es\/wp-json\/wp\/v2\/types\/product"}],"wp:featuredmedia":[{"embeddable":true,"href":"https:\/\/dev6.erresse-shop.it\/es\/wp-json\/wp\/v2\/media\/6298233"}],"wp:attachment":[{"href":"https:\/\/dev6.erresse-shop.it\/es\/wp-json\/wp\/v2\/media?parent=1882397"}],"wp:term":[{"taxonomy":"product_cat","embeddable":true,"href":"https:\/\/dev6.erresse-shop.it\/es\/wp-json\/wp\/v2\/product_cat?post=1882397"},{"taxonomy":"product_tag","embeddable":true,"href":"https:\/\/dev6.erresse-shop.it\/es\/wp-json\/wp\/v2\/product_tag?post=1882397"}],"curies":[{"name":"wp","href":"https:\/\/api.w.org\/{rel}","templated":true}]}}