{"id":1882395,"date":"2026-04-04T11:48:27","date_gmt":"2026-04-04T09:48:27","guid":{"rendered":"https:\/\/dev6.erresse-shop.it\/shop\/sin%20categor\u00eda\/jura-cafetera-c8-piano-black\/"},"modified":"2025-07-05T00:18:07","modified_gmt":"2025-07-04T22:18:07","slug":"jura-cafetera-c8-piano-black","status":"publish","type":"product","link":"https:\/\/dev6.erresse-shop.it\/es\/shop\/pequenos-electrodomesticos\/maquinas-de-cafe\/automatico\/jura-cafetera-c8-piano-black\/","title":{"rendered":"JURA Cafetera C8 Piano Black"},"content":{"rendered":"<p>Formato compacto, sabor incre\u00edble.<\/p>\n<p>El C8 representa el nuevo segmento Premium Economy de JURA. Una m\u00e1quina compacta que ofrece el m\u00e1ximo rendimiento, dise\u00f1ada con elementos de estilo del segmento premium para ofrecer una experiencia de caf\u00e9 especial.<\/p>\n<p>Adoptando un enfoque minimalista, domine todas las especialidades cl\u00e1sicas: caf\u00e9, espresso, capuchino y caf\u00e9 con leche. Equipado con el molinillo Professional Aroma Grinder (P.A.G.), garantiza el m\u00e1ximo sabor. Con el C8 es f\u00e1cil ajustar no s\u00f3lo la cantidad de caf\u00e9 y leche, sino tambi\u00e9n la intensidad seg\u00fan tus gustos.<\/p>\n<p>Las impresionantes l\u00edneas convexas y c\u00f3ncavas del C8 reflejan visualmente su ADN de segmento premium. El panel de control Easy Control y los sencillos botones garantizan un funcionamiento sencillo e intuitivo.<\/p>\n<p>Junto con Wi-Fi Connect y la aplicaci\u00f3n J.O.E.\u00ae, el C8 se puede operar a trav\u00e9s de un tel\u00e9fono inteligente o una tableta y cuenta con una serie de extras que llevan la experiencia del usuario al siguiente nivel.<\/p>\n<p>Pura indulgencia<br \/>\nEl C8 tiene un tama\u00f1o compacto pero sirve un caf\u00e9 de primera clase. Gracias a la unidad de preparaci\u00f3n de tama\u00f1o completo con c\u00e1mara de preparaci\u00f3n variable, con capacidades de 5 a 16 g, el C8 captura todos los aromas del caf\u00e9 en una sola taza. El proceso de extracci\u00f3n por pulsos (P.E.P.\u00ae) garantiza que cada espresso se sirva perfectamente seg\u00fan los est\u00e1ndares del barista, mientras que hay espacio para agregar su toque personal con configuraciones individuales para la consistencia del molido y las cantidades de agua y leche. Con la funci\u00f3n de dos tazas, puedes preparar dos tazas de espresso o caf\u00e9 al mismo tiempo, perfecto para compartir momentos de caf\u00e9.<\/p>\n<p>Fina espuma de leche con solo pulsar un bot\u00f3n<br \/>\nLa espuma de leche aireada permite que se transmita el sabor de un caf\u00e9 con leche o agrega el acabado perfecto a un capuchino. El C8 prepara estos dos cl\u00e1sicos con espuma de leche fresca con solo tocar un bot\u00f3n, ofreciendo una calidad sin concesiones. La tecnolog\u00eda de espuma fina, que espuma la leche dos veces en dos c\u00e1maras separadas, crea una textura ligera y un tipo de espuma de leche muy especial.<\/p>\n<p>Dise\u00f1o sofisticado y compacto<br \/>\nInspirado en nuestro segmento premium, el C8 cuenta con un dise\u00f1o ondulado sofisticado y atemporal: estructuras curvas caracterizan el tanque de agua y resaltan la parrilla cromada. El impulso de las ondas contin\u00faa en el frente c\u00f3ncavo-convexo, que resume el lenguaje de dise\u00f1o del C8 en una unidad compacta. Con un dise\u00f1o claro y una simplicidad poco convencional, el C8 logra un rendimiento impresionante en un formato compacto.<\/p>\n<p>Especificaciones t\u00e9cnicas<\/p>\n<p>Ca\u00f1o doble regulable en altura y anchura: 75 \u2013 115 mm \/ \u2013<br \/>\nCapacidad del dep\u00f3sito de agua: 1,6 l<br \/>\nCapacidad del recipiente de caf\u00e9 en grano: 200 g<br \/>\nContenedor de posos de caf\u00e9: (porciones aproximadas) 16<br \/>\nLongitud del cable: 1,1 m<br \/>\nTensi\u00f3n\/potencia: 230 V ~ \/ 1450 W<br \/>\nPotencia en espera: \u2264 0,5W<br \/>\nPeso: 10,3 kg<br \/>\nDimensiones (An \u00d7 Al \u00d7 Pr): 26\u2009\u00d7\u200932,5\u2009\u00d7\u200943,7 cm<\/p>\n<p>Pa\u00eds productor Hecho en Portugal<br \/>\nA\u00f1o modelo 2024<\/p>\n","protected":false},"excerpt":{"rendered":"<p>Formato compacto, sabor incre\u00edble. El C8 representa el nuevo segmento Premium Economy de JURA. Una m\u00e1quina compacta que ofrece el m\u00e1ximo rendimiento, dise\u00f1ada con elementos de estilo del segmento premium para ofrecer una experiencia de caf\u00e9 especial. Adoptando un enfoque minimalista, domine todas las especialidades cl\u00e1sicas: caf\u00e9, espresso, capuchino y caf\u00e9 con leche. Equipado con [&hellip;]<\/p>\n","protected":false},"featured_media":6286918,"template":"","meta":{"_acf_changed":false},"product_cat":[11968,11955,11947],"product_tag":[],"class_list":{"0":"post-1882395","1":"product","2":"type-product","3":"status-publish","4":"has-post-thumbnail","6":"product_cat-automatico","7":"product_cat-maquinas-de-cafe","8":"product_cat-pequenos-electrodomesticos","10":"first","11":"instock","12":"taxable","13":"shipping-taxable","14":"product-type-simple","swatches":"rey-swatches","show_selected":"","stretch_labels":"rey-swatches--stretch-labels"},"acf":[],"yoast_head":"<!-- This site is optimized with the Yoast SEO plugin v25.4 - https:\/\/yoast.com\/wordpress\/plugins\/seo\/ -->\n<title>JURA Cafetera C8 Piano Black - dev6 Erresse<\/title>\n<meta name=\"description\" content=\"Formato compacto, sabor incre\u00edble. El C8 representa el nuevo segmento Premium Economy de JURA. Una m\u00e1quina compacta que ofrece el m\u00e1ximo rendimiento,\" \/>\n<meta name=\"robots\" content=\"noindex, follow, max-snippet:-1, max-image-preview:large, max-video-preview:-1\" \/>\n<meta property=\"og:locale\" content=\"es_ES\" \/>\n<meta property=\"og:type\" content=\"article\" \/>\n<meta property=\"og:title\" content=\"JURA Cafetera C8 Piano Black - dev6 Erresse\" \/>\n<meta property=\"og:description\" content=\"Formato compacto, sabor incre\u00edble. El C8 representa el nuevo segmento Premium Economy de JURA. Una m\u00e1quina compacta que ofrece el m\u00e1ximo rendimiento,\" \/>\n<meta property=\"og:url\" content=\"https:\/\/dev6.erresse-shop.it\/es\/shop\/pequenos-electrodomesticos\/maquinas-de-cafe\/automatico\/jura-cafetera-c8-piano-black\/\" \/>\n<meta property=\"og:site_name\" content=\"dev6 Erresse\" \/>\n<meta property=\"og:image\" content=\"https:\/\/interpim.erresse-shop.it\/Import\/Prodotti\/jura-macchina-da-caffe-c8-piano-nero.jpg\" \/><meta property=\"og:image\" content=\"https:\/\/interpim.erresse-shop.it\/Import\/Prodotti\/jura-macchina-da-caffe-c8-piano-nero.jpg\" \/>\n\t<meta property=\"og:image:width\" content=\"1024\" \/>\n\t<meta property=\"og:image:height\" content=\"1024\" \/>\n\t<meta property=\"og:image:type\" content=\"image\/jpeg\" \/>\n<meta name=\"twitter:card\" content=\"summary_large_image\" \/>\n<meta name=\"twitter:image\" content=\"https:\/\/interpim.erresse-shop.it\/Import\/Prodotti\/jura-macchina-da-caffe-c8-piano-nero.jpg\" \/>\n<script type=\"application\/ld+json\" class=\"yoast-schema-graph\">{\"@context\":\"https:\/\/schema.org\",\"@graph\":[{\"@type\":\"WebPage\",\"@id\":\"https:\/\/dev6.erresse-shop.it\/es\/shop\/pequenos-electrodomesticos\/maquinas-de-cafe\/automatico\/jura-cafetera-c8-piano-black\/\",\"url\":\"https:\/\/dev6.erresse-shop.it\/es\/shop\/pequenos-electrodomesticos\/maquinas-de-cafe\/automatico\/jura-cafetera-c8-piano-black\/\",\"name\":\"JURA Cafetera C8 Piano Black - dev6 Erresse\",\"isPartOf\":{\"@id\":\"https:\/\/dev6.erresse-shop.it\/#website\"},\"primaryImageOfPage\":{\"@id\":\"https:\/\/dev6.erresse-shop.it\/es\/shop\/pequenos-electrodomesticos\/maquinas-de-cafe\/automatico\/jura-cafetera-c8-piano-black\/#primaryimage\"},\"image\":{\"@id\":\"https:\/\/dev6.erresse-shop.it\/es\/shop\/pequenos-electrodomesticos\/maquinas-de-cafe\/automatico\/jura-cafetera-c8-piano-black\/#primaryimage\"},\"thumbnailUrl\":\"https:\/\/i2.wp.com\/interpim.erresse-shop.it\/Import\/Prodotti\/jura-macchina-da-caffe-c8-piano-nero.jpg?ssl=1\",\"datePublished\":\"2026-04-04T09:48:27+00:00\",\"description\":\"Formato compacto, sabor incre\u00edble. El C8 representa el nuevo segmento Premium Economy de JURA. Una m\u00e1quina compacta que ofrece el m\u00e1ximo rendimiento,\",\"breadcrumb\":{\"@id\":\"https:\/\/dev6.erresse-shop.it\/es\/shop\/pequenos-electrodomesticos\/maquinas-de-cafe\/automatico\/jura-cafetera-c8-piano-black\/#breadcrumb\"},\"inLanguage\":\"es\",\"potentialAction\":[{\"@type\":\"ReadAction\",\"target\":[\"https:\/\/dev6.erresse-shop.it\/es\/shop\/pequenos-electrodomesticos\/maquinas-de-cafe\/automatico\/jura-cafetera-c8-piano-black\/\"]}]},{\"@type\":\"ImageObject\",\"inLanguage\":\"es\",\"@id\":\"https:\/\/dev6.erresse-shop.it\/es\/shop\/pequenos-electrodomesticos\/maquinas-de-cafe\/automatico\/jura-cafetera-c8-piano-black\/#primaryimage\",\"url\":\"https:\/\/i2.wp.com\/interpim.erresse-shop.it\/Import\/Prodotti\/jura-macchina-da-caffe-c8-piano-nero.jpg?ssl=1\",\"contentUrl\":\"https:\/\/i2.wp.com\/interpim.erresse-shop.it\/Import\/Prodotti\/jura-macchina-da-caffe-c8-piano-nero.jpg?ssl=1\"},{\"@type\":\"BreadcrumbList\",\"@id\":\"https:\/\/dev6.erresse-shop.it\/es\/shop\/pequenos-electrodomesticos\/maquinas-de-cafe\/automatico\/jura-cafetera-c8-piano-black\/#breadcrumb\",\"itemListElement\":[{\"@type\":\"ListItem\",\"position\":1,\"name\":\"Home\",\"item\":\"https:\/\/dev6.erresse-shop.it\/\"},{\"@type\":\"ListItem\",\"position\":2,\"name\":\"Tienda\",\"item\":\"https:\/\/dev6.erresse-shop.it\/shop\/\"},{\"@type\":\"ListItem\",\"position\":3,\"name\":\"JURA Cafetera C8 Piano Black\"}]},{\"@type\":\"WebSite\",\"@id\":\"https:\/\/dev6.erresse-shop.it\/#website\",\"url\":\"https:\/\/dev6.erresse-shop.it\/\",\"name\":\"Erresse Shop\",\"description\":\"\",\"publisher\":{\"@id\":\"https:\/\/dev6.erresse-shop.it\/#organization\"},\"potentialAction\":[{\"@type\":\"SearchAction\",\"target\":{\"@type\":\"EntryPoint\",\"urlTemplate\":\"https:\/\/dev6.erresse-shop.it\/?s={search_term_string}\"},\"query-input\":{\"@type\":\"PropertyValueSpecification\",\"valueRequired\":true,\"valueName\":\"search_term_string\"}}],\"inLanguage\":\"es\"},{\"@type\":\"Organization\",\"@id\":\"https:\/\/dev6.erresse-shop.it\/#organization\",\"name\":\"Erresse Shop\",\"url\":\"https:\/\/dev6.erresse-shop.it\/\",\"logo\":{\"@type\":\"ImageObject\",\"inLanguage\":\"es\",\"@id\":\"https:\/\/dev6.erresse-shop.it\/#\/schema\/logo\/image\/\",\"url\":\"https:\/\/dev6.erresse-shop.it\/wp-content\/uploads\/2025\/01\/LOGO-ERRESSE-CLASSICO.svg\",\"contentUrl\":\"https:\/\/dev6.erresse-shop.it\/wp-content\/uploads\/2025\/01\/LOGO-ERRESSE-CLASSICO.svg\",\"caption\":\"Erresse Shop\"},\"image\":{\"@id\":\"https:\/\/dev6.erresse-shop.it\/#\/schema\/logo\/image\/\"}}]}<\/script>\n<!-- \/ Yoast SEO plugin. -->","yoast_head_json":{"title":"JURA Cafetera C8 Piano Black - dev6 Erresse","description":"Formato compacto, sabor incre\u00edble. El C8 representa el nuevo segmento Premium Economy de JURA. Una m\u00e1quina compacta que ofrece el m\u00e1ximo rendimiento,","robots":{"index":"noindex","follow":"follow","max-snippet":"max-snippet:-1","max-image-preview":"max-image-preview:large","max-video-preview":"max-video-preview:-1"},"og_locale":"es_ES","og_type":"article","og_title":"JURA Cafetera C8 Piano Black - dev6 Erresse","og_description":"Formato compacto, sabor incre\u00edble. El C8 representa el nuevo segmento Premium Economy de JURA. Una m\u00e1quina compacta que ofrece el m\u00e1ximo rendimiento,","og_url":"https:\/\/dev6.erresse-shop.it\/es\/shop\/pequenos-electrodomesticos\/maquinas-de-cafe\/automatico\/jura-cafetera-c8-piano-black\/","og_site_name":"dev6 Erresse","og_image":[{"url":"https:\/\/interpim.erresse-shop.it\/Import\/Prodotti\/jura-macchina-da-caffe-c8-piano-nero.jpg","type":"","width":"","height":""},{"url":"https:\/\/interpim.erresse-shop.it\/Import\/Prodotti\/jura-macchina-da-caffe-c8-piano-nero.jpg","width":1024,"height":1024,"type":"image\/jpeg"}],"twitter_card":"summary_large_image","twitter_image":"https:\/\/interpim.erresse-shop.it\/Import\/Prodotti\/jura-macchina-da-caffe-c8-piano-nero.jpg","schema":{"@context":"https:\/\/schema.org","@graph":[{"@type":"WebPage","@id":"https:\/\/dev6.erresse-shop.it\/es\/shop\/pequenos-electrodomesticos\/maquinas-de-cafe\/automatico\/jura-cafetera-c8-piano-black\/","url":"https:\/\/dev6.erresse-shop.it\/es\/shop\/pequenos-electrodomesticos\/maquinas-de-cafe\/automatico\/jura-cafetera-c8-piano-black\/","name":"JURA Cafetera C8 Piano Black - dev6 Erresse","isPartOf":{"@id":"https:\/\/dev6.erresse-shop.it\/#website"},"primaryImageOfPage":{"@id":"https:\/\/dev6.erresse-shop.it\/es\/shop\/pequenos-electrodomesticos\/maquinas-de-cafe\/automatico\/jura-cafetera-c8-piano-black\/#primaryimage"},"image":{"@id":"https:\/\/dev6.erresse-shop.it\/es\/shop\/pequenos-electrodomesticos\/maquinas-de-cafe\/automatico\/jura-cafetera-c8-piano-black\/#primaryimage"},"thumbnailUrl":"https:\/\/i2.wp.com\/interpim.erresse-shop.it\/Import\/Prodotti\/jura-macchina-da-caffe-c8-piano-nero.jpg?ssl=1","datePublished":"2026-04-04T09:48:27+00:00","description":"Formato compacto, sabor incre\u00edble. El C8 representa el nuevo segmento Premium Economy de JURA. Una m\u00e1quina compacta que ofrece el m\u00e1ximo rendimiento,","breadcrumb":{"@id":"https:\/\/dev6.erresse-shop.it\/es\/shop\/pequenos-electrodomesticos\/maquinas-de-cafe\/automatico\/jura-cafetera-c8-piano-black\/#breadcrumb"},"inLanguage":"es","potentialAction":[{"@type":"ReadAction","target":["https:\/\/dev6.erresse-shop.it\/es\/shop\/pequenos-electrodomesticos\/maquinas-de-cafe\/automatico\/jura-cafetera-c8-piano-black\/"]}]},{"@type":"ImageObject","inLanguage":"es","@id":"https:\/\/dev6.erresse-shop.it\/es\/shop\/pequenos-electrodomesticos\/maquinas-de-cafe\/automatico\/jura-cafetera-c8-piano-black\/#primaryimage","url":"https:\/\/i2.wp.com\/interpim.erresse-shop.it\/Import\/Prodotti\/jura-macchina-da-caffe-c8-piano-nero.jpg?ssl=1","contentUrl":"https:\/\/i2.wp.com\/interpim.erresse-shop.it\/Import\/Prodotti\/jura-macchina-da-caffe-c8-piano-nero.jpg?ssl=1"},{"@type":"BreadcrumbList","@id":"https:\/\/dev6.erresse-shop.it\/es\/shop\/pequenos-electrodomesticos\/maquinas-de-cafe\/automatico\/jura-cafetera-c8-piano-black\/#breadcrumb","itemListElement":[{"@type":"ListItem","position":1,"name":"Home","item":"https:\/\/dev6.erresse-shop.it\/"},{"@type":"ListItem","position":2,"name":"Tienda","item":"https:\/\/dev6.erresse-shop.it\/shop\/"},{"@type":"ListItem","position":3,"name":"JURA Cafetera C8 Piano Black"}]},{"@type":"WebSite","@id":"https:\/\/dev6.erresse-shop.it\/#website","url":"https:\/\/dev6.erresse-shop.it\/","name":"Erresse Shop","description":"","publisher":{"@id":"https:\/\/dev6.erresse-shop.it\/#organization"},"potentialAction":[{"@type":"SearchAction","target":{"@type":"EntryPoint","urlTemplate":"https:\/\/dev6.erresse-shop.it\/?s={search_term_string}"},"query-input":{"@type":"PropertyValueSpecification","valueRequired":true,"valueName":"search_term_string"}}],"inLanguage":"es"},{"@type":"Organization","@id":"https:\/\/dev6.erresse-shop.it\/#organization","name":"Erresse Shop","url":"https:\/\/dev6.erresse-shop.it\/","logo":{"@type":"ImageObject","inLanguage":"es","@id":"https:\/\/dev6.erresse-shop.it\/#\/schema\/logo\/image\/","url":"https:\/\/dev6.erresse-shop.it\/wp-content\/uploads\/2025\/01\/LOGO-ERRESSE-CLASSICO.svg","contentUrl":"https:\/\/dev6.erresse-shop.it\/wp-content\/uploads\/2025\/01\/LOGO-ERRESSE-CLASSICO.svg","caption":"Erresse Shop"},"image":{"@id":"https:\/\/dev6.erresse-shop.it\/#\/schema\/logo\/image\/"}}]}},"df_price":"","df_sale_price":"","df_regular_price":"","df_image_link":"https:\/\/i2.wp.com\/interpim.erresse-shop.it\/Import\/Prodotti\/jura-macchina-da-caffe-c8-piano-nero.jpg?resize=300,300&ssl=1","fifu_image_url":"https:\/\/interpim.erresse-shop.it\/Import\/Prodotti\/jura-macchina-da-caffe-c8-piano-nero.jpg","_links":{"self":[{"href":"https:\/\/dev6.erresse-shop.it\/es\/wp-json\/wp\/v2\/product\/1882395","targetHints":{"allow":["GET"]}}],"collection":[{"href":"https:\/\/dev6.erresse-shop.it\/es\/wp-json\/wp\/v2\/product"}],"about":[{"href":"https:\/\/dev6.erresse-shop.it\/es\/wp-json\/wp\/v2\/types\/product"}],"wp:featuredmedia":[{"embeddable":true,"href":"https:\/\/dev6.erresse-shop.it\/es\/wp-json\/wp\/v2\/media\/6286918"}],"wp:attachment":[{"href":"https:\/\/dev6.erresse-shop.it\/es\/wp-json\/wp\/v2\/media?parent=1882395"}],"wp:term":[{"taxonomy":"product_cat","embeddable":true,"href":"https:\/\/dev6.erresse-shop.it\/es\/wp-json\/wp\/v2\/product_cat?post=1882395"},{"taxonomy":"product_tag","embeddable":true,"href":"https:\/\/dev6.erresse-shop.it\/es\/wp-json\/wp\/v2\/product_tag?post=1882395"}],"curies":[{"name":"wp","href":"https:\/\/api.w.org\/{rel}","templated":true}]}}