{"id":1882385,"date":"2026-04-12T11:51:10","date_gmt":"2026-04-12T09:51:10","guid":{"rendered":"https:\/\/dev6.erresse-shop.it\/shop\/sin%20categor\u00eda\/staub-cocotte-naranja-pimiento-rojo-11-cm\/"},"modified":"2025-09-14T09:37:14","modified_gmt":"2025-09-14T07:37:14","slug":"staub-cocotte-naranja-pimiento-rojo-11-cm","status":"publish","type":"product","link":"https:\/\/dev6.erresse-shop.it\/es\/shop\/sartenes-y-ollas\/marmitas-y-cocottes\/staub-cocotte-naranja-pimiento-rojo-11-cm\/","title":{"rendered":"STAUB Cocotte Naranja-Pimiento Rojo 11 cm"},"content":{"rendered":"<p>En esta cocotte de cer\u00e1mica podr\u00e1s preparar maravillosos platos de verduras y peque\u00f1os flanes con una costra de queso crujiente. En la obra de arte rojo anaranjado en forma de pimiento, tus platos tambi\u00e9n destacar\u00e1n visualmente en la mesa, dando un bonito toque de color rojo anaranjado a las decoraciones. Adem\u00e1s, la cocotte se puede meter en el lavavajillas sin problemas. Con el dise\u00f1o naturalista de esta cocotte de STAUB en forma de pimiento rojo anaranjado, traer\u00e1s un pedacito de jard\u00edn a tu cocina. Gracias a su forma natural, no s\u00f3lo ser\u00e1 m\u00e1s divertido cocinar, sino tambi\u00e9n servir los platos. Esta peque\u00f1a obra de arte con un di\u00e1metro de 12 cm tiene una capacidad de 0,5 ly es ideal para preparar porciones individuales: \u00a1lleva sopas, platos de verduras y pescado y guarniciones directamente del horno a tu mesa! La cocotte de inspiraci\u00f3n natural con dise\u00f1o en forma de pimiento est\u00e1 fabricada en cer\u00e1mica, por lo que es apta para su uso en el horno, microondas y se puede lavar en el lavavajillas. Gracias a las propiedades particulares del material, puede retener bien el calor y distribuirlo uniformemente a la vajilla. Las condiciones ideales para un gratinado excepcional. Con este cuenco de cer\u00e1mica de la l\u00ednea STAUB Garden podr\u00e1s experimentar la aut\u00e9ntica cocina francesa.<\/p>\n<p>Dise\u00f1o art\u00edstico de pimiento: inspirado en la naturaleza.<br \/>\nArtesan\u00eda tradicional combinada con la m\u00e1s alta calidad, acabado a mano.<br \/>\nServicio elegante y \u00fanico<br \/>\nElaborado en gres: ideal para una cocina aut\u00e9ntica y resultados sabrosos<br \/>\nSe puede utilizar en horno y microondas.<br \/>\nMarca: Staub<br \/>\nMaterial: Cer\u00e1mica<br \/>\nColor: Naranja \u2013 Rojo<br \/>\nDimensiones: 12 x 15,10 x 13,30<br \/>\nPeso: 0,68 kg<\/p>\n","protected":false},"excerpt":{"rendered":"<p>En esta cocotte de cer\u00e1mica podr\u00e1s preparar maravillosos platos de verduras y peque\u00f1os flanes con una costra de queso crujiente. En la obra de arte rojo anaranjado en forma de pimiento, tus platos tambi\u00e9n destacar\u00e1n visualmente en la mesa, dando un bonito toque de color rojo anaranjado a las decoraciones. Adem\u00e1s, la cocotte se puede [&hellip;]<\/p>\n","protected":false},"featured_media":6370132,"template":"","meta":{"_acf_changed":false},"product_cat":[11892,11667,11883],"product_tag":[],"class_list":{"0":"post-1882385","1":"product","2":"type-product","3":"status-publish","4":"has-post-thumbnail","6":"product_cat-marmitas-y-cocottes","7":"product_cat-padelle-pentole","8":"product_cat-sartenes-y-ollas","10":"first","11":"instock","12":"taxable","13":"shipping-taxable","14":"purchasable","15":"product-type-simple","swatches":"rey-swatches","show_selected":"","stretch_labels":"rey-swatches--stretch-labels"},"acf":[],"yoast_head":"<!-- This site is optimized with the Yoast SEO plugin v25.4 - https:\/\/yoast.com\/wordpress\/plugins\/seo\/ -->\n<title>STAUB Cocotte Naranja-Pimiento Rojo 11 cm - dev6 Erresse<\/title>\n<meta name=\"description\" content=\"En esta cocotte de cer\u00e1mica podr\u00e1s preparar maravillosos platos de verduras y peque\u00f1os flanes con una costra de queso crujiente. En la obra de arte rojo\" \/>\n<meta name=\"robots\" content=\"noindex, follow, max-snippet:-1, max-image-preview:large, max-video-preview:-1\" \/>\n<meta property=\"og:locale\" content=\"es_ES\" \/>\n<meta property=\"og:type\" content=\"article\" \/>\n<meta property=\"og:title\" content=\"STAUB Cocotte Naranja-Pimiento Rojo 11 cm - dev6 Erresse\" \/>\n<meta property=\"og:description\" content=\"En esta cocotte de cer\u00e1mica podr\u00e1s preparar maravillosos platos de verduras y peque\u00f1os flanes con una costra de queso crujiente. En la obra de arte rojo\" \/>\n<meta property=\"og:url\" content=\"https:\/\/dev6.erresse-shop.it\/es\/shop\/sartenes-y-ollas\/marmitas-y-cocottes\/staub-cocotte-naranja-pimiento-rojo-11-cm\/\" \/>\n<meta property=\"og:site_name\" content=\"dev6 Erresse\" \/>\n<meta property=\"og:image\" content=\"https:\/\/interpim.erresse-shop.it\/img-catalogo\/staub\/staub-cocotte-peperone-arancione-rosso-11-cm.jpg\" \/><meta property=\"og:image\" content=\"https:\/\/interpim.erresse-shop.it\/img-catalogo\/staub\/staub-cocotte-peperone-arancione-rosso-11-cm.jpg\" \/>\n\t<meta property=\"og:image:width\" content=\"1024\" \/>\n\t<meta property=\"og:image:height\" content=\"1024\" \/>\n\t<meta property=\"og:image:type\" content=\"image\/jpeg\" \/>\n<meta name=\"twitter:card\" content=\"summary_large_image\" \/>\n<meta name=\"twitter:image\" content=\"https:\/\/interpim.erresse-shop.it\/img-catalogo\/staub\/staub-cocotte-peperone-arancione-rosso-11-cm.jpg\" \/>\n<script type=\"application\/ld+json\" class=\"yoast-schema-graph\">{\"@context\":\"https:\/\/schema.org\",\"@graph\":[{\"@type\":\"WebPage\",\"@id\":\"https:\/\/dev6.erresse-shop.it\/es\/shop\/sartenes-y-ollas\/marmitas-y-cocottes\/staub-cocotte-naranja-pimiento-rojo-11-cm\/\",\"url\":\"https:\/\/dev6.erresse-shop.it\/es\/shop\/sartenes-y-ollas\/marmitas-y-cocottes\/staub-cocotte-naranja-pimiento-rojo-11-cm\/\",\"name\":\"STAUB Cocotte Naranja-Pimiento Rojo 11 cm - dev6 Erresse\",\"isPartOf\":{\"@id\":\"https:\/\/dev6.erresse-shop.it\/#website\"},\"primaryImageOfPage\":{\"@id\":\"https:\/\/dev6.erresse-shop.it\/es\/shop\/sartenes-y-ollas\/marmitas-y-cocottes\/staub-cocotte-naranja-pimiento-rojo-11-cm\/#primaryimage\"},\"image\":{\"@id\":\"https:\/\/dev6.erresse-shop.it\/es\/shop\/sartenes-y-ollas\/marmitas-y-cocottes\/staub-cocotte-naranja-pimiento-rojo-11-cm\/#primaryimage\"},\"thumbnailUrl\":\"https:\/\/i1.wp.com\/interpim.erresse-shop.it\/img-catalogo\/staub\/staub-cocotte-peperone-arancione-rosso-11-cm.jpg?ssl=1\",\"datePublished\":\"2026-04-12T09:51:10+00:00\",\"description\":\"En esta cocotte de cer\u00e1mica podr\u00e1s preparar maravillosos platos de verduras y peque\u00f1os flanes con una costra de queso crujiente. En la obra de arte rojo\",\"breadcrumb\":{\"@id\":\"https:\/\/dev6.erresse-shop.it\/es\/shop\/sartenes-y-ollas\/marmitas-y-cocottes\/staub-cocotte-naranja-pimiento-rojo-11-cm\/#breadcrumb\"},\"inLanguage\":\"es\",\"potentialAction\":[{\"@type\":\"ReadAction\",\"target\":[\"https:\/\/dev6.erresse-shop.it\/es\/shop\/sartenes-y-ollas\/marmitas-y-cocottes\/staub-cocotte-naranja-pimiento-rojo-11-cm\/\"]}]},{\"@type\":\"ImageObject\",\"inLanguage\":\"es\",\"@id\":\"https:\/\/dev6.erresse-shop.it\/es\/shop\/sartenes-y-ollas\/marmitas-y-cocottes\/staub-cocotte-naranja-pimiento-rojo-11-cm\/#primaryimage\",\"url\":\"https:\/\/i1.wp.com\/interpim.erresse-shop.it\/img-catalogo\/staub\/staub-cocotte-peperone-arancione-rosso-11-cm.jpg?ssl=1\",\"contentUrl\":\"https:\/\/i1.wp.com\/interpim.erresse-shop.it\/img-catalogo\/staub\/staub-cocotte-peperone-arancione-rosso-11-cm.jpg?ssl=1\"},{\"@type\":\"BreadcrumbList\",\"@id\":\"https:\/\/dev6.erresse-shop.it\/es\/shop\/sartenes-y-ollas\/marmitas-y-cocottes\/staub-cocotte-naranja-pimiento-rojo-11-cm\/#breadcrumb\",\"itemListElement\":[{\"@type\":\"ListItem\",\"position\":1,\"name\":\"Home\",\"item\":\"https:\/\/dev6.erresse-shop.it\/\"},{\"@type\":\"ListItem\",\"position\":2,\"name\":\"Tienda\",\"item\":\"https:\/\/dev6.erresse-shop.it\/shop\/\"},{\"@type\":\"ListItem\",\"position\":3,\"name\":\"STAUB Cocotte Naranja-Pimiento Rojo 11 cm\"}]},{\"@type\":\"WebSite\",\"@id\":\"https:\/\/dev6.erresse-shop.it\/#website\",\"url\":\"https:\/\/dev6.erresse-shop.it\/\",\"name\":\"Erresse Shop\",\"description\":\"\",\"publisher\":{\"@id\":\"https:\/\/dev6.erresse-shop.it\/#organization\"},\"potentialAction\":[{\"@type\":\"SearchAction\",\"target\":{\"@type\":\"EntryPoint\",\"urlTemplate\":\"https:\/\/dev6.erresse-shop.it\/?s={search_term_string}\"},\"query-input\":{\"@type\":\"PropertyValueSpecification\",\"valueRequired\":true,\"valueName\":\"search_term_string\"}}],\"inLanguage\":\"es\"},{\"@type\":\"Organization\",\"@id\":\"https:\/\/dev6.erresse-shop.it\/#organization\",\"name\":\"Erresse Shop\",\"url\":\"https:\/\/dev6.erresse-shop.it\/\",\"logo\":{\"@type\":\"ImageObject\",\"inLanguage\":\"es\",\"@id\":\"https:\/\/dev6.erresse-shop.it\/#\/schema\/logo\/image\/\",\"url\":\"https:\/\/dev6.erresse-shop.it\/wp-content\/uploads\/2025\/01\/LOGO-ERRESSE-CLASSICO.svg\",\"contentUrl\":\"https:\/\/dev6.erresse-shop.it\/wp-content\/uploads\/2025\/01\/LOGO-ERRESSE-CLASSICO.svg\",\"caption\":\"Erresse Shop\"},\"image\":{\"@id\":\"https:\/\/dev6.erresse-shop.it\/#\/schema\/logo\/image\/\"}}]}<\/script>\n<!-- \/ Yoast SEO plugin. -->","yoast_head_json":{"title":"STAUB Cocotte Naranja-Pimiento Rojo 11 cm - dev6 Erresse","description":"En esta cocotte de cer\u00e1mica podr\u00e1s preparar maravillosos platos de verduras y peque\u00f1os flanes con una costra de queso crujiente. En la obra de arte rojo","robots":{"index":"noindex","follow":"follow","max-snippet":"max-snippet:-1","max-image-preview":"max-image-preview:large","max-video-preview":"max-video-preview:-1"},"og_locale":"es_ES","og_type":"article","og_title":"STAUB Cocotte Naranja-Pimiento Rojo 11 cm - dev6 Erresse","og_description":"En esta cocotte de cer\u00e1mica podr\u00e1s preparar maravillosos platos de verduras y peque\u00f1os flanes con una costra de queso crujiente. En la obra de arte rojo","og_url":"https:\/\/dev6.erresse-shop.it\/es\/shop\/sartenes-y-ollas\/marmitas-y-cocottes\/staub-cocotte-naranja-pimiento-rojo-11-cm\/","og_site_name":"dev6 Erresse","og_image":[{"url":"https:\/\/interpim.erresse-shop.it\/img-catalogo\/staub\/staub-cocotte-peperone-arancione-rosso-11-cm.jpg","type":"","width":"","height":""},{"url":"https:\/\/interpim.erresse-shop.it\/img-catalogo\/staub\/staub-cocotte-peperone-arancione-rosso-11-cm.jpg","width":1024,"height":1024,"type":"image\/jpeg"}],"twitter_card":"summary_large_image","twitter_image":"https:\/\/interpim.erresse-shop.it\/img-catalogo\/staub\/staub-cocotte-peperone-arancione-rosso-11-cm.jpg","schema":{"@context":"https:\/\/schema.org","@graph":[{"@type":"WebPage","@id":"https:\/\/dev6.erresse-shop.it\/es\/shop\/sartenes-y-ollas\/marmitas-y-cocottes\/staub-cocotte-naranja-pimiento-rojo-11-cm\/","url":"https:\/\/dev6.erresse-shop.it\/es\/shop\/sartenes-y-ollas\/marmitas-y-cocottes\/staub-cocotte-naranja-pimiento-rojo-11-cm\/","name":"STAUB Cocotte Naranja-Pimiento Rojo 11 cm - dev6 Erresse","isPartOf":{"@id":"https:\/\/dev6.erresse-shop.it\/#website"},"primaryImageOfPage":{"@id":"https:\/\/dev6.erresse-shop.it\/es\/shop\/sartenes-y-ollas\/marmitas-y-cocottes\/staub-cocotte-naranja-pimiento-rojo-11-cm\/#primaryimage"},"image":{"@id":"https:\/\/dev6.erresse-shop.it\/es\/shop\/sartenes-y-ollas\/marmitas-y-cocottes\/staub-cocotte-naranja-pimiento-rojo-11-cm\/#primaryimage"},"thumbnailUrl":"https:\/\/i1.wp.com\/interpim.erresse-shop.it\/img-catalogo\/staub\/staub-cocotte-peperone-arancione-rosso-11-cm.jpg?ssl=1","datePublished":"2026-04-12T09:51:10+00:00","description":"En esta cocotte de cer\u00e1mica podr\u00e1s preparar maravillosos platos de verduras y peque\u00f1os flanes con una costra de queso crujiente. En la obra de arte rojo","breadcrumb":{"@id":"https:\/\/dev6.erresse-shop.it\/es\/shop\/sartenes-y-ollas\/marmitas-y-cocottes\/staub-cocotte-naranja-pimiento-rojo-11-cm\/#breadcrumb"},"inLanguage":"es","potentialAction":[{"@type":"ReadAction","target":["https:\/\/dev6.erresse-shop.it\/es\/shop\/sartenes-y-ollas\/marmitas-y-cocottes\/staub-cocotte-naranja-pimiento-rojo-11-cm\/"]}]},{"@type":"ImageObject","inLanguage":"es","@id":"https:\/\/dev6.erresse-shop.it\/es\/shop\/sartenes-y-ollas\/marmitas-y-cocottes\/staub-cocotte-naranja-pimiento-rojo-11-cm\/#primaryimage","url":"https:\/\/i1.wp.com\/interpim.erresse-shop.it\/img-catalogo\/staub\/staub-cocotte-peperone-arancione-rosso-11-cm.jpg?ssl=1","contentUrl":"https:\/\/i1.wp.com\/interpim.erresse-shop.it\/img-catalogo\/staub\/staub-cocotte-peperone-arancione-rosso-11-cm.jpg?ssl=1"},{"@type":"BreadcrumbList","@id":"https:\/\/dev6.erresse-shop.it\/es\/shop\/sartenes-y-ollas\/marmitas-y-cocottes\/staub-cocotte-naranja-pimiento-rojo-11-cm\/#breadcrumb","itemListElement":[{"@type":"ListItem","position":1,"name":"Home","item":"https:\/\/dev6.erresse-shop.it\/"},{"@type":"ListItem","position":2,"name":"Tienda","item":"https:\/\/dev6.erresse-shop.it\/shop\/"},{"@type":"ListItem","position":3,"name":"STAUB Cocotte Naranja-Pimiento Rojo 11 cm"}]},{"@type":"WebSite","@id":"https:\/\/dev6.erresse-shop.it\/#website","url":"https:\/\/dev6.erresse-shop.it\/","name":"Erresse Shop","description":"","publisher":{"@id":"https:\/\/dev6.erresse-shop.it\/#organization"},"potentialAction":[{"@type":"SearchAction","target":{"@type":"EntryPoint","urlTemplate":"https:\/\/dev6.erresse-shop.it\/?s={search_term_string}"},"query-input":{"@type":"PropertyValueSpecification","valueRequired":true,"valueName":"search_term_string"}}],"inLanguage":"es"},{"@type":"Organization","@id":"https:\/\/dev6.erresse-shop.it\/#organization","name":"Erresse Shop","url":"https:\/\/dev6.erresse-shop.it\/","logo":{"@type":"ImageObject","inLanguage":"es","@id":"https:\/\/dev6.erresse-shop.it\/#\/schema\/logo\/image\/","url":"https:\/\/dev6.erresse-shop.it\/wp-content\/uploads\/2025\/01\/LOGO-ERRESSE-CLASSICO.svg","contentUrl":"https:\/\/dev6.erresse-shop.it\/wp-content\/uploads\/2025\/01\/LOGO-ERRESSE-CLASSICO.svg","caption":"Erresse Shop"},"image":{"@id":"https:\/\/dev6.erresse-shop.it\/#\/schema\/logo\/image\/"}}]}},"df_price":24.95,"df_sale_price":"","df_regular_price":24.95,"df_image_link":"https:\/\/i1.wp.com\/interpim.erresse-shop.it\/img-catalogo\/staub\/staub-cocotte-peperone-arancione-rosso-11-cm.jpg?resize=300,300&ssl=1","fifu_image_url":"https:\/\/interpim.erresse-shop.it\/img-catalogo\/staub\/staub-cocotte-peperone-arancione-rosso-11-cm.jpg","_links":{"self":[{"href":"https:\/\/dev6.erresse-shop.it\/es\/wp-json\/wp\/v2\/product\/1882385","targetHints":{"allow":["GET"]}}],"collection":[{"href":"https:\/\/dev6.erresse-shop.it\/es\/wp-json\/wp\/v2\/product"}],"about":[{"href":"https:\/\/dev6.erresse-shop.it\/es\/wp-json\/wp\/v2\/types\/product"}],"wp:featuredmedia":[{"embeddable":true,"href":"https:\/\/dev6.erresse-shop.it\/es\/wp-json\/wp\/v2\/media\/6370132"}],"wp:attachment":[{"href":"https:\/\/dev6.erresse-shop.it\/es\/wp-json\/wp\/v2\/media?parent=1882385"}],"wp:term":[{"taxonomy":"product_cat","embeddable":true,"href":"https:\/\/dev6.erresse-shop.it\/es\/wp-json\/wp\/v2\/product_cat?post=1882385"},{"taxonomy":"product_tag","embeddable":true,"href":"https:\/\/dev6.erresse-shop.it\/es\/wp-json\/wp\/v2\/product_tag?post=1882385"}],"curies":[{"name":"wp","href":"https:\/\/api.w.org\/{rel}","templated":true}]}}