{"id":1882367,"date":"2026-04-04T11:48:27","date_gmt":"2026-04-04T09:48:27","guid":{"rendered":"https:\/\/dev6.erresse-shop.it\/shop\/sin%20categor\u00eda\/portmeirion-botanic-garden-meadows-lote-de-6-cuencos-apilables\/"},"modified":"2026-01-09T02:22:59","modified_gmt":"2026-01-09T01:22:59","slug":"portmeirion-botanic-garden-meadows-lote-de-6-cuencos-apilables","status":"publish","type":"product","link":"https:\/\/dev6.erresse-shop.it\/es\/shop\/tabla\/cestas-y-cuencos\/portmeirion-botanic-garden-meadows-lote-de-6-cuencos-apilables\/","title":{"rendered":"PORTMEIRION Botanic Garden Meadows Lote de 6 Cuencos apilables"},"content":{"rendered":"<p>Dise\u00f1ado y fabricado en Inglaterra, este juego de seis cuencos apilables lleva a la mesa los colores de un jard\u00edn ingl\u00e9s. Perteneciente a la colecci\u00f3n Botanic Garden Meadow, cada cuenco presenta un motivo floral diferente, como amapolas, girasoles, azaleas, guisantes de olor, dedaleras y hortensias, junto con un borde de hojas de laurel a juego. Estos profundos cuencos son ideales para servir ensaladas y guarniciones en reuniones familiares y, al ser apilables, son un sue\u00f1o para guardar. Comb\u00ednalos con los platos para servir y los cuencos para pasta a juego.<\/p>\n<p>Dimensiones: \u00f8 17,5 x A. 9 cm<br \/>\nMaterial: terracota<\/p>\n","protected":false},"excerpt":{"rendered":"<p>Dise\u00f1ado y fabricado en Inglaterra, este juego de seis cuencos apilables lleva a la mesa los colores de un jard\u00edn ingl\u00e9s. Perteneciente a la colecci\u00f3n Botanic Garden Meadow, cada cuenco presenta un motivo floral diferente, como amapolas, girasoles, azaleas, guisantes de olor, dedaleras y hortensias, junto con un borde de hojas de laurel a juego. [&hellip;]<\/p>\n","protected":false},"featured_media":6286818,"template":"","meta":{"_acf_changed":false},"product_cat":[11907,11887,11671],"product_tag":[],"class_list":{"0":"post-1882367","1":"product","2":"type-product","3":"status-publish","4":"has-post-thumbnail","6":"product_cat-cestas-y-cuencos","7":"product_cat-tabla","8":"product_cat-tavola","10":"first","11":"instock","12":"sale","13":"taxable","14":"shipping-taxable","15":"purchasable","16":"product-type-simple","swatches":"rey-swatches","show_selected":"","stretch_labels":"rey-swatches--stretch-labels"},"acf":[],"yoast_head":"<!-- This site is optimized with the Yoast SEO plugin v25.4 - https:\/\/yoast.com\/wordpress\/plugins\/seo\/ -->\n<title>PORTMEIRION Botanic Garden Meadows Lote de 6 Cuencos apilables - dev6 Erresse<\/title>\n<meta name=\"description\" content=\"Dise\u00f1ado y fabricado en Inglaterra, este juego de seis cuencos apilables lleva a la mesa los colores de un jard\u00edn ingl\u00e9s. Perteneciente a la colecci\u00f3n\" \/>\n<meta name=\"robots\" content=\"noindex, follow, max-snippet:-1, max-image-preview:large, max-video-preview:-1\" \/>\n<meta property=\"og:locale\" content=\"es_ES\" \/>\n<meta property=\"og:type\" content=\"article\" \/>\n<meta property=\"og:title\" content=\"PORTMEIRION Botanic Garden Meadows Lote de 6 Cuencos apilables - dev6 Erresse\" \/>\n<meta property=\"og:description\" content=\"Dise\u00f1ado y fabricado en Inglaterra, este juego de seis cuencos apilables lleva a la mesa los colores de un jard\u00edn ingl\u00e9s. Perteneciente a la colecci\u00f3n\" \/>\n<meta property=\"og:url\" content=\"https:\/\/dev6.erresse-shop.it\/es\/shop\/tabla\/cestas-y-cuencos\/portmeirion-botanic-garden-meadows-lote-de-6-cuencos-apilables\/\" \/>\n<meta property=\"og:site_name\" content=\"dev6 Erresse\" \/>\n<meta property=\"og:image\" content=\"https:\/\/interpim.erresse-shop.it\/Import\/Prodotti\/portmeirion-botanic-garden-meadows-set-6-ciotole-impilabili.jpg\" \/><meta property=\"og:image\" content=\"https:\/\/interpim.erresse-shop.it\/Import\/Prodotti\/portmeirion-botanic-garden-meadows-set-6-ciotole-impilabili.jpg\" \/>\n\t<meta property=\"og:image:width\" content=\"1024\" \/>\n\t<meta property=\"og:image:height\" content=\"1024\" \/>\n\t<meta property=\"og:image:type\" content=\"image\/jpeg\" \/>\n<meta name=\"twitter:card\" content=\"summary_large_image\" \/>\n<meta name=\"twitter:image\" content=\"https:\/\/interpim.erresse-shop.it\/Import\/Prodotti\/portmeirion-botanic-garden-meadows-set-6-ciotole-impilabili.jpg\" \/>\n<script type=\"application\/ld+json\" class=\"yoast-schema-graph\">{\"@context\":\"https:\/\/schema.org\",\"@graph\":[{\"@type\":\"WebPage\",\"@id\":\"https:\/\/dev6.erresse-shop.it\/es\/shop\/tabla\/cestas-y-cuencos\/portmeirion-botanic-garden-meadows-lote-de-6-cuencos-apilables\/\",\"url\":\"https:\/\/dev6.erresse-shop.it\/es\/shop\/tabla\/cestas-y-cuencos\/portmeirion-botanic-garden-meadows-lote-de-6-cuencos-apilables\/\",\"name\":\"PORTMEIRION Botanic Garden Meadows Lote de 6 Cuencos apilables - dev6 Erresse\",\"isPartOf\":{\"@id\":\"https:\/\/dev6.erresse-shop.it\/#website\"},\"primaryImageOfPage\":{\"@id\":\"https:\/\/dev6.erresse-shop.it\/es\/shop\/tabla\/cestas-y-cuencos\/portmeirion-botanic-garden-meadows-lote-de-6-cuencos-apilables\/#primaryimage\"},\"image\":{\"@id\":\"https:\/\/dev6.erresse-shop.it\/es\/shop\/tabla\/cestas-y-cuencos\/portmeirion-botanic-garden-meadows-lote-de-6-cuencos-apilables\/#primaryimage\"},\"thumbnailUrl\":\"https:\/\/i1.wp.com\/interpim.erresse-shop.it\/Import\/Prodotti\/portmeirion-botanic-garden-meadows-set-6-ciotole-impilabili.jpg?ssl=1\",\"datePublished\":\"2026-04-04T09:48:27+00:00\",\"description\":\"Dise\u00f1ado y fabricado en Inglaterra, este juego de seis cuencos apilables lleva a la mesa los colores de un jard\u00edn ingl\u00e9s. Perteneciente a la colecci\u00f3n\",\"breadcrumb\":{\"@id\":\"https:\/\/dev6.erresse-shop.it\/es\/shop\/tabla\/cestas-y-cuencos\/portmeirion-botanic-garden-meadows-lote-de-6-cuencos-apilables\/#breadcrumb\"},\"inLanguage\":\"es\",\"potentialAction\":[{\"@type\":\"ReadAction\",\"target\":[\"https:\/\/dev6.erresse-shop.it\/es\/shop\/tabla\/cestas-y-cuencos\/portmeirion-botanic-garden-meadows-lote-de-6-cuencos-apilables\/\"]}]},{\"@type\":\"ImageObject\",\"inLanguage\":\"es\",\"@id\":\"https:\/\/dev6.erresse-shop.it\/es\/shop\/tabla\/cestas-y-cuencos\/portmeirion-botanic-garden-meadows-lote-de-6-cuencos-apilables\/#primaryimage\",\"url\":\"https:\/\/i1.wp.com\/interpim.erresse-shop.it\/Import\/Prodotti\/portmeirion-botanic-garden-meadows-set-6-ciotole-impilabili.jpg?ssl=1\",\"contentUrl\":\"https:\/\/i1.wp.com\/interpim.erresse-shop.it\/Import\/Prodotti\/portmeirion-botanic-garden-meadows-set-6-ciotole-impilabili.jpg?ssl=1\"},{\"@type\":\"BreadcrumbList\",\"@id\":\"https:\/\/dev6.erresse-shop.it\/es\/shop\/tabla\/cestas-y-cuencos\/portmeirion-botanic-garden-meadows-lote-de-6-cuencos-apilables\/#breadcrumb\",\"itemListElement\":[{\"@type\":\"ListItem\",\"position\":1,\"name\":\"Home\",\"item\":\"https:\/\/dev6.erresse-shop.it\/\"},{\"@type\":\"ListItem\",\"position\":2,\"name\":\"Tienda\",\"item\":\"https:\/\/dev6.erresse-shop.it\/shop\/\"},{\"@type\":\"ListItem\",\"position\":3,\"name\":\"PORTMEIRION Botanic Garden Meadows Lote de 6 Cuencos apilables\"}]},{\"@type\":\"WebSite\",\"@id\":\"https:\/\/dev6.erresse-shop.it\/#website\",\"url\":\"https:\/\/dev6.erresse-shop.it\/\",\"name\":\"Erresse Shop\",\"description\":\"\",\"publisher\":{\"@id\":\"https:\/\/dev6.erresse-shop.it\/#organization\"},\"potentialAction\":[{\"@type\":\"SearchAction\",\"target\":{\"@type\":\"EntryPoint\",\"urlTemplate\":\"https:\/\/dev6.erresse-shop.it\/?s={search_term_string}\"},\"query-input\":{\"@type\":\"PropertyValueSpecification\",\"valueRequired\":true,\"valueName\":\"search_term_string\"}}],\"inLanguage\":\"es\"},{\"@type\":\"Organization\",\"@id\":\"https:\/\/dev6.erresse-shop.it\/#organization\",\"name\":\"Erresse Shop\",\"url\":\"https:\/\/dev6.erresse-shop.it\/\",\"logo\":{\"@type\":\"ImageObject\",\"inLanguage\":\"es\",\"@id\":\"https:\/\/dev6.erresse-shop.it\/#\/schema\/logo\/image\/\",\"url\":\"https:\/\/dev6.erresse-shop.it\/wp-content\/uploads\/2025\/01\/LOGO-ERRESSE-CLASSICO.svg\",\"contentUrl\":\"https:\/\/dev6.erresse-shop.it\/wp-content\/uploads\/2025\/01\/LOGO-ERRESSE-CLASSICO.svg\",\"caption\":\"Erresse Shop\"},\"image\":{\"@id\":\"https:\/\/dev6.erresse-shop.it\/#\/schema\/logo\/image\/\"}}]}<\/script>\n<!-- \/ Yoast SEO plugin. -->","yoast_head_json":{"title":"PORTMEIRION Botanic Garden Meadows Lote de 6 Cuencos apilables - dev6 Erresse","description":"Dise\u00f1ado y fabricado en Inglaterra, este juego de seis cuencos apilables lleva a la mesa los colores de un jard\u00edn ingl\u00e9s. Perteneciente a la colecci\u00f3n","robots":{"index":"noindex","follow":"follow","max-snippet":"max-snippet:-1","max-image-preview":"max-image-preview:large","max-video-preview":"max-video-preview:-1"},"og_locale":"es_ES","og_type":"article","og_title":"PORTMEIRION Botanic Garden Meadows Lote de 6 Cuencos apilables - dev6 Erresse","og_description":"Dise\u00f1ado y fabricado en Inglaterra, este juego de seis cuencos apilables lleva a la mesa los colores de un jard\u00edn ingl\u00e9s. Perteneciente a la colecci\u00f3n","og_url":"https:\/\/dev6.erresse-shop.it\/es\/shop\/tabla\/cestas-y-cuencos\/portmeirion-botanic-garden-meadows-lote-de-6-cuencos-apilables\/","og_site_name":"dev6 Erresse","og_image":[{"url":"https:\/\/interpim.erresse-shop.it\/Import\/Prodotti\/portmeirion-botanic-garden-meadows-set-6-ciotole-impilabili.jpg","type":"","width":"","height":""},{"url":"https:\/\/interpim.erresse-shop.it\/Import\/Prodotti\/portmeirion-botanic-garden-meadows-set-6-ciotole-impilabili.jpg","width":1024,"height":1024,"type":"image\/jpeg"}],"twitter_card":"summary_large_image","twitter_image":"https:\/\/interpim.erresse-shop.it\/Import\/Prodotti\/portmeirion-botanic-garden-meadows-set-6-ciotole-impilabili.jpg","schema":{"@context":"https:\/\/schema.org","@graph":[{"@type":"WebPage","@id":"https:\/\/dev6.erresse-shop.it\/es\/shop\/tabla\/cestas-y-cuencos\/portmeirion-botanic-garden-meadows-lote-de-6-cuencos-apilables\/","url":"https:\/\/dev6.erresse-shop.it\/es\/shop\/tabla\/cestas-y-cuencos\/portmeirion-botanic-garden-meadows-lote-de-6-cuencos-apilables\/","name":"PORTMEIRION Botanic Garden Meadows Lote de 6 Cuencos apilables - dev6 Erresse","isPartOf":{"@id":"https:\/\/dev6.erresse-shop.it\/#website"},"primaryImageOfPage":{"@id":"https:\/\/dev6.erresse-shop.it\/es\/shop\/tabla\/cestas-y-cuencos\/portmeirion-botanic-garden-meadows-lote-de-6-cuencos-apilables\/#primaryimage"},"image":{"@id":"https:\/\/dev6.erresse-shop.it\/es\/shop\/tabla\/cestas-y-cuencos\/portmeirion-botanic-garden-meadows-lote-de-6-cuencos-apilables\/#primaryimage"},"thumbnailUrl":"https:\/\/i1.wp.com\/interpim.erresse-shop.it\/Import\/Prodotti\/portmeirion-botanic-garden-meadows-set-6-ciotole-impilabili.jpg?ssl=1","datePublished":"2026-04-04T09:48:27+00:00","description":"Dise\u00f1ado y fabricado en Inglaterra, este juego de seis cuencos apilables lleva a la mesa los colores de un jard\u00edn ingl\u00e9s. Perteneciente a la colecci\u00f3n","breadcrumb":{"@id":"https:\/\/dev6.erresse-shop.it\/es\/shop\/tabla\/cestas-y-cuencos\/portmeirion-botanic-garden-meadows-lote-de-6-cuencos-apilables\/#breadcrumb"},"inLanguage":"es","potentialAction":[{"@type":"ReadAction","target":["https:\/\/dev6.erresse-shop.it\/es\/shop\/tabla\/cestas-y-cuencos\/portmeirion-botanic-garden-meadows-lote-de-6-cuencos-apilables\/"]}]},{"@type":"ImageObject","inLanguage":"es","@id":"https:\/\/dev6.erresse-shop.it\/es\/shop\/tabla\/cestas-y-cuencos\/portmeirion-botanic-garden-meadows-lote-de-6-cuencos-apilables\/#primaryimage","url":"https:\/\/i1.wp.com\/interpim.erresse-shop.it\/Import\/Prodotti\/portmeirion-botanic-garden-meadows-set-6-ciotole-impilabili.jpg?ssl=1","contentUrl":"https:\/\/i1.wp.com\/interpim.erresse-shop.it\/Import\/Prodotti\/portmeirion-botanic-garden-meadows-set-6-ciotole-impilabili.jpg?ssl=1"},{"@type":"BreadcrumbList","@id":"https:\/\/dev6.erresse-shop.it\/es\/shop\/tabla\/cestas-y-cuencos\/portmeirion-botanic-garden-meadows-lote-de-6-cuencos-apilables\/#breadcrumb","itemListElement":[{"@type":"ListItem","position":1,"name":"Home","item":"https:\/\/dev6.erresse-shop.it\/"},{"@type":"ListItem","position":2,"name":"Tienda","item":"https:\/\/dev6.erresse-shop.it\/shop\/"},{"@type":"ListItem","position":3,"name":"PORTMEIRION Botanic Garden Meadows Lote de 6 Cuencos apilables"}]},{"@type":"WebSite","@id":"https:\/\/dev6.erresse-shop.it\/#website","url":"https:\/\/dev6.erresse-shop.it\/","name":"Erresse Shop","description":"","publisher":{"@id":"https:\/\/dev6.erresse-shop.it\/#organization"},"potentialAction":[{"@type":"SearchAction","target":{"@type":"EntryPoint","urlTemplate":"https:\/\/dev6.erresse-shop.it\/?s={search_term_string}"},"query-input":{"@type":"PropertyValueSpecification","valueRequired":true,"valueName":"search_term_string"}}],"inLanguage":"es"},{"@type":"Organization","@id":"https:\/\/dev6.erresse-shop.it\/#organization","name":"Erresse Shop","url":"https:\/\/dev6.erresse-shop.it\/","logo":{"@type":"ImageObject","inLanguage":"es","@id":"https:\/\/dev6.erresse-shop.it\/#\/schema\/logo\/image\/","url":"https:\/\/dev6.erresse-shop.it\/wp-content\/uploads\/2025\/01\/LOGO-ERRESSE-CLASSICO.svg","contentUrl":"https:\/\/dev6.erresse-shop.it\/wp-content\/uploads\/2025\/01\/LOGO-ERRESSE-CLASSICO.svg","caption":"Erresse Shop"},"image":{"@id":"https:\/\/dev6.erresse-shop.it\/#\/schema\/logo\/image\/"}}]}},"df_price":199.95,"df_sale_price":199.95,"df_regular_price":349,"df_image_link":"https:\/\/i1.wp.com\/interpim.erresse-shop.it\/Import\/Prodotti\/portmeirion-botanic-garden-meadows-set-6-ciotole-impilabili.jpg?resize=300,300&ssl=1","fifu_image_url":"https:\/\/interpim.erresse-shop.it\/Import\/Prodotti\/portmeirion-botanic-garden-meadows-set-6-ciotole-impilabili.jpg","_links":{"self":[{"href":"https:\/\/dev6.erresse-shop.it\/es\/wp-json\/wp\/v2\/product\/1882367","targetHints":{"allow":["GET"]}}],"collection":[{"href":"https:\/\/dev6.erresse-shop.it\/es\/wp-json\/wp\/v2\/product"}],"about":[{"href":"https:\/\/dev6.erresse-shop.it\/es\/wp-json\/wp\/v2\/types\/product"}],"wp:featuredmedia":[{"embeddable":true,"href":"https:\/\/dev6.erresse-shop.it\/es\/wp-json\/wp\/v2\/media\/6286818"}],"wp:attachment":[{"href":"https:\/\/dev6.erresse-shop.it\/es\/wp-json\/wp\/v2\/media?parent=1882367"}],"wp:term":[{"taxonomy":"product_cat","embeddable":true,"href":"https:\/\/dev6.erresse-shop.it\/es\/wp-json\/wp\/v2\/product_cat?post=1882367"},{"taxonomy":"product_tag","embeddable":true,"href":"https:\/\/dev6.erresse-shop.it\/es\/wp-json\/wp\/v2\/product_tag?post=1882367"}],"curies":[{"name":"wp","href":"https:\/\/api.w.org\/{rel}","templated":true}]}}