{"id":1882281,"date":"2026-04-12T11:46:56","date_gmt":"2026-04-12T09:46:56","guid":{"rendered":"https:\/\/dev6.erresse-shop.it\/shop\/sin%20categor\u00eda\/emile-henry-piedra-refractaria-grand-cru-pizza\/"},"modified":"2025-09-14T09:33:46","modified_gmt":"2025-09-14T07:33:46","slug":"emile-henry-piedra-refractaria-grand-cru-pizza","status":"publish","type":"product","link":"https:\/\/dev6.erresse-shop.it\/es\/shop\/sartenes-y-ollas\/ollas-y-bandejas-de-horno\/emile-henry-piedra-refractaria-grand-cru-pizza\/","title":{"rendered":"EMILE HENRY Piedra refractaria Grand Cru Pizza"},"content":{"rendered":"<p>Emile Henry se fund\u00f3 en 1850.<br \/>\nLas cer\u00e1micas Emile Henry permiten distribuir el calor gradualmente para cocinar los alimentos a baja temperatura y preservar as\u00ed los sabores y aromas, as\u00ed como los elementos naturales de los alimentos.<br \/>\nLa saludable cocci\u00f3n a baja temperatura de las cer\u00e1micas Emile Henry mantiene los sabores, preserva las vitaminas y las cualidades nutritivas.<br \/>\nLos productos Emile Henry se fabrican con componentes naturales: arcilla no tratada para la mezcla, arena, agua filtrada, \u00f3xidos minerales naturales para los colores. Los metales pesados nocivos para la salud est\u00e1n ausentes de los productos Emile Henry: no contienen plomo, cadmio ni n\u00edquel.<br \/>\nLos productos Emile Henry son resistentes a los golpes y pueden utilizarse con grandes oscilaciones de temperatura. Se pueden utilizar en el lavavajillas.<\/p>\n<p>Nuestra Piedra para Pizza lisa es una bandeja de horno \u00fanica fabricada en cer\u00e1mica refractaria. Le permite preparar deliciosas pizzas con una corteza dorada y crujiente.<\/p>\n<p>Su pizza quedar\u00e1 perfectamente cocinada, como en un horno tradicional.<br \/>\nLa superficie lisa es ideal para amasar y estirar la masa, as\u00ed como para decorar la pizza. S\u00f3lo queda meterla en el horno para obtener una bonita corteza crujiente.<\/p>\n<p>Las grandes asas hacen que la Piedra para Pizza sea f\u00e1cil de sacar del horno y servir en la mesa.<br \/>\nPr\u00e1ctica, mantendr\u00e1 la pizza caliente durante toda la comida y podr\u00e1 cortar porciones directamente sobre la superficie de cer\u00e1mica.<\/p>\n<p>Todos los productos Emile Henry se fabrican en Francia y tienen diez a\u00f1os de garant\u00eda.<\/p>\n<p>Longitud \/ Di\u00e1metro \u2013 cm 40 x 40 x 3 cm<br \/>\nPeso \u2013 KG 2,4<br \/>\nTemperatura m\u00e1xima \u2013 \u00b0C 450 \u00b0C<br \/>\nTemperatura m\u00ednima \u2013 \u00b0C -20 \u00b0C<\/p>\n","protected":false},"excerpt":{"rendered":"<p>Emile Henry se fund\u00f3 en 1850. Las cer\u00e1micas Emile Henry permiten distribuir el calor gradualmente para cocinar los alimentos a baja temperatura y preservar as\u00ed los sabores y aromas, as\u00ed como los elementos naturales de los alimentos. La saludable cocci\u00f3n a baja temperatura de las cer\u00e1micas Emile Henry mantiene los sabores, preserva las vitaminas y [&hellip;]<\/p>\n","protected":false},"featured_media":6369904,"template":"","meta":{"_acf_changed":false},"product_cat":[11942,11667,11883],"product_tag":[],"class_list":{"0":"post-1882281","1":"product","2":"type-product","3":"status-publish","4":"has-post-thumbnail","6":"product_cat-ollas-y-bandejas-de-horno","7":"product_cat-padelle-pentole","8":"product_cat-sartenes-y-ollas","10":"first","11":"instock","12":"sale","13":"taxable","14":"shipping-taxable","15":"purchasable","16":"product-type-simple","swatches":"rey-swatches","show_selected":"","stretch_labels":"rey-swatches--stretch-labels"},"acf":[],"yoast_head":"<!-- This site is optimized with the Yoast SEO plugin v25.4 - https:\/\/yoast.com\/wordpress\/plugins\/seo\/ -->\n<title>EMILE HENRY Piedra refractaria Grand Cru Pizza - dev6 Erresse<\/title>\n<meta name=\"description\" content=\"Emile Henry se fund\u00f3 en 1850. Las cer\u00e1micas Emile Henry permiten distribuir el calor gradualmente para cocinar los alimentos a baja temperatura y\" \/>\n<meta name=\"robots\" content=\"noindex, follow, max-snippet:-1, max-image-preview:large, max-video-preview:-1\" \/>\n<meta property=\"og:locale\" content=\"es_ES\" \/>\n<meta property=\"og:type\" content=\"article\" \/>\n<meta property=\"og:title\" content=\"EMILE HENRY Piedra refractaria Grand Cru Pizza - dev6 Erresse\" \/>\n<meta property=\"og:description\" content=\"Emile Henry se fund\u00f3 en 1850. Las cer\u00e1micas Emile Henry permiten distribuir el calor gradualmente para cocinar los alimentos a baja temperatura y\" \/>\n<meta property=\"og:url\" content=\"https:\/\/dev6.erresse-shop.it\/es\/shop\/sartenes-y-ollas\/ollas-y-bandejas-de-horno\/emile-henry-piedra-refractaria-grand-cru-pizza\/\" \/>\n<meta property=\"og:site_name\" content=\"dev6 Erresse\" \/>\n<meta property=\"og:image\" content=\"https:\/\/interpim.erresse-shop.it\/Import\/Prodotti\/emile-henry-pietra-refrattaria-per-pizza-grand-cru.jpg\" \/><meta property=\"og:image\" content=\"https:\/\/interpim.erresse-shop.it\/Import\/Prodotti\/emile-henry-pietra-refrattaria-per-pizza-grand-cru.jpg\" \/>\n\t<meta property=\"og:image:width\" content=\"1024\" \/>\n\t<meta property=\"og:image:height\" content=\"1024\" \/>\n\t<meta property=\"og:image:type\" content=\"image\/jpeg\" \/>\n<meta name=\"twitter:card\" content=\"summary_large_image\" \/>\n<meta name=\"twitter:image\" content=\"https:\/\/interpim.erresse-shop.it\/Import\/Prodotti\/emile-henry-pietra-refrattaria-per-pizza-grand-cru.jpg\" \/>\n<script type=\"application\/ld+json\" class=\"yoast-schema-graph\">{\"@context\":\"https:\/\/schema.org\",\"@graph\":[{\"@type\":\"WebPage\",\"@id\":\"https:\/\/dev6.erresse-shop.it\/es\/shop\/sartenes-y-ollas\/ollas-y-bandejas-de-horno\/emile-henry-piedra-refractaria-grand-cru-pizza\/\",\"url\":\"https:\/\/dev6.erresse-shop.it\/es\/shop\/sartenes-y-ollas\/ollas-y-bandejas-de-horno\/emile-henry-piedra-refractaria-grand-cru-pizza\/\",\"name\":\"EMILE HENRY Piedra refractaria Grand Cru Pizza - dev6 Erresse\",\"isPartOf\":{\"@id\":\"https:\/\/dev6.erresse-shop.it\/#website\"},\"primaryImageOfPage\":{\"@id\":\"https:\/\/dev6.erresse-shop.it\/es\/shop\/sartenes-y-ollas\/ollas-y-bandejas-de-horno\/emile-henry-piedra-refractaria-grand-cru-pizza\/#primaryimage\"},\"image\":{\"@id\":\"https:\/\/dev6.erresse-shop.it\/es\/shop\/sartenes-y-ollas\/ollas-y-bandejas-de-horno\/emile-henry-piedra-refractaria-grand-cru-pizza\/#primaryimage\"},\"thumbnailUrl\":\"https:\/\/i3.wp.com\/interpim.erresse-shop.it\/Import\/Prodotti\/emile-henry-pietra-refrattaria-per-pizza-grand-cru.jpg?ssl=1\",\"datePublished\":\"2026-04-12T09:46:56+00:00\",\"description\":\"Emile Henry se fund\u00f3 en 1850. Las cer\u00e1micas Emile Henry permiten distribuir el calor gradualmente para cocinar los alimentos a baja temperatura y\",\"breadcrumb\":{\"@id\":\"https:\/\/dev6.erresse-shop.it\/es\/shop\/sartenes-y-ollas\/ollas-y-bandejas-de-horno\/emile-henry-piedra-refractaria-grand-cru-pizza\/#breadcrumb\"},\"inLanguage\":\"es\",\"potentialAction\":[{\"@type\":\"ReadAction\",\"target\":[\"https:\/\/dev6.erresse-shop.it\/es\/shop\/sartenes-y-ollas\/ollas-y-bandejas-de-horno\/emile-henry-piedra-refractaria-grand-cru-pizza\/\"]}]},{\"@type\":\"ImageObject\",\"inLanguage\":\"es\",\"@id\":\"https:\/\/dev6.erresse-shop.it\/es\/shop\/sartenes-y-ollas\/ollas-y-bandejas-de-horno\/emile-henry-piedra-refractaria-grand-cru-pizza\/#primaryimage\",\"url\":\"https:\/\/i3.wp.com\/interpim.erresse-shop.it\/Import\/Prodotti\/emile-henry-pietra-refrattaria-per-pizza-grand-cru.jpg?ssl=1\",\"contentUrl\":\"https:\/\/i3.wp.com\/interpim.erresse-shop.it\/Import\/Prodotti\/emile-henry-pietra-refrattaria-per-pizza-grand-cru.jpg?ssl=1\"},{\"@type\":\"BreadcrumbList\",\"@id\":\"https:\/\/dev6.erresse-shop.it\/es\/shop\/sartenes-y-ollas\/ollas-y-bandejas-de-horno\/emile-henry-piedra-refractaria-grand-cru-pizza\/#breadcrumb\",\"itemListElement\":[{\"@type\":\"ListItem\",\"position\":1,\"name\":\"Home\",\"item\":\"https:\/\/dev6.erresse-shop.it\/\"},{\"@type\":\"ListItem\",\"position\":2,\"name\":\"Tienda\",\"item\":\"https:\/\/dev6.erresse-shop.it\/shop\/\"},{\"@type\":\"ListItem\",\"position\":3,\"name\":\"EMILE HENRY Piedra refractaria Grand Cru Pizza\"}]},{\"@type\":\"WebSite\",\"@id\":\"https:\/\/dev6.erresse-shop.it\/#website\",\"url\":\"https:\/\/dev6.erresse-shop.it\/\",\"name\":\"Erresse Shop\",\"description\":\"\",\"publisher\":{\"@id\":\"https:\/\/dev6.erresse-shop.it\/#organization\"},\"potentialAction\":[{\"@type\":\"SearchAction\",\"target\":{\"@type\":\"EntryPoint\",\"urlTemplate\":\"https:\/\/dev6.erresse-shop.it\/?s={search_term_string}\"},\"query-input\":{\"@type\":\"PropertyValueSpecification\",\"valueRequired\":true,\"valueName\":\"search_term_string\"}}],\"inLanguage\":\"es\"},{\"@type\":\"Organization\",\"@id\":\"https:\/\/dev6.erresse-shop.it\/#organization\",\"name\":\"Erresse Shop\",\"url\":\"https:\/\/dev6.erresse-shop.it\/\",\"logo\":{\"@type\":\"ImageObject\",\"inLanguage\":\"es\",\"@id\":\"https:\/\/dev6.erresse-shop.it\/#\/schema\/logo\/image\/\",\"url\":\"https:\/\/dev6.erresse-shop.it\/wp-content\/uploads\/2025\/01\/LOGO-ERRESSE-CLASSICO.svg\",\"contentUrl\":\"https:\/\/dev6.erresse-shop.it\/wp-content\/uploads\/2025\/01\/LOGO-ERRESSE-CLASSICO.svg\",\"caption\":\"Erresse Shop\"},\"image\":{\"@id\":\"https:\/\/dev6.erresse-shop.it\/#\/schema\/logo\/image\/\"}}]}<\/script>\n<!-- \/ Yoast SEO plugin. -->","yoast_head_json":{"title":"EMILE HENRY Piedra refractaria Grand Cru Pizza - dev6 Erresse","description":"Emile Henry se fund\u00f3 en 1850. Las cer\u00e1micas Emile Henry permiten distribuir el calor gradualmente para cocinar los alimentos a baja temperatura y","robots":{"index":"noindex","follow":"follow","max-snippet":"max-snippet:-1","max-image-preview":"max-image-preview:large","max-video-preview":"max-video-preview:-1"},"og_locale":"es_ES","og_type":"article","og_title":"EMILE HENRY Piedra refractaria Grand Cru Pizza - dev6 Erresse","og_description":"Emile Henry se fund\u00f3 en 1850. Las cer\u00e1micas Emile Henry permiten distribuir el calor gradualmente para cocinar los alimentos a baja temperatura y","og_url":"https:\/\/dev6.erresse-shop.it\/es\/shop\/sartenes-y-ollas\/ollas-y-bandejas-de-horno\/emile-henry-piedra-refractaria-grand-cru-pizza\/","og_site_name":"dev6 Erresse","og_image":[{"url":"https:\/\/interpim.erresse-shop.it\/Import\/Prodotti\/emile-henry-pietra-refrattaria-per-pizza-grand-cru.jpg","type":"","width":"","height":""},{"url":"https:\/\/interpim.erresse-shop.it\/Import\/Prodotti\/emile-henry-pietra-refrattaria-per-pizza-grand-cru.jpg","width":1024,"height":1024,"type":"image\/jpeg"}],"twitter_card":"summary_large_image","twitter_image":"https:\/\/interpim.erresse-shop.it\/Import\/Prodotti\/emile-henry-pietra-refrattaria-per-pizza-grand-cru.jpg","schema":{"@context":"https:\/\/schema.org","@graph":[{"@type":"WebPage","@id":"https:\/\/dev6.erresse-shop.it\/es\/shop\/sartenes-y-ollas\/ollas-y-bandejas-de-horno\/emile-henry-piedra-refractaria-grand-cru-pizza\/","url":"https:\/\/dev6.erresse-shop.it\/es\/shop\/sartenes-y-ollas\/ollas-y-bandejas-de-horno\/emile-henry-piedra-refractaria-grand-cru-pizza\/","name":"EMILE HENRY Piedra refractaria Grand Cru Pizza - dev6 Erresse","isPartOf":{"@id":"https:\/\/dev6.erresse-shop.it\/#website"},"primaryImageOfPage":{"@id":"https:\/\/dev6.erresse-shop.it\/es\/shop\/sartenes-y-ollas\/ollas-y-bandejas-de-horno\/emile-henry-piedra-refractaria-grand-cru-pizza\/#primaryimage"},"image":{"@id":"https:\/\/dev6.erresse-shop.it\/es\/shop\/sartenes-y-ollas\/ollas-y-bandejas-de-horno\/emile-henry-piedra-refractaria-grand-cru-pizza\/#primaryimage"},"thumbnailUrl":"https:\/\/i3.wp.com\/interpim.erresse-shop.it\/Import\/Prodotti\/emile-henry-pietra-refrattaria-per-pizza-grand-cru.jpg?ssl=1","datePublished":"2026-04-12T09:46:56+00:00","description":"Emile Henry se fund\u00f3 en 1850. Las cer\u00e1micas Emile Henry permiten distribuir el calor gradualmente para cocinar los alimentos a baja temperatura y","breadcrumb":{"@id":"https:\/\/dev6.erresse-shop.it\/es\/shop\/sartenes-y-ollas\/ollas-y-bandejas-de-horno\/emile-henry-piedra-refractaria-grand-cru-pizza\/#breadcrumb"},"inLanguage":"es","potentialAction":[{"@type":"ReadAction","target":["https:\/\/dev6.erresse-shop.it\/es\/shop\/sartenes-y-ollas\/ollas-y-bandejas-de-horno\/emile-henry-piedra-refractaria-grand-cru-pizza\/"]}]},{"@type":"ImageObject","inLanguage":"es","@id":"https:\/\/dev6.erresse-shop.it\/es\/shop\/sartenes-y-ollas\/ollas-y-bandejas-de-horno\/emile-henry-piedra-refractaria-grand-cru-pizza\/#primaryimage","url":"https:\/\/i3.wp.com\/interpim.erresse-shop.it\/Import\/Prodotti\/emile-henry-pietra-refrattaria-per-pizza-grand-cru.jpg?ssl=1","contentUrl":"https:\/\/i3.wp.com\/interpim.erresse-shop.it\/Import\/Prodotti\/emile-henry-pietra-refrattaria-per-pizza-grand-cru.jpg?ssl=1"},{"@type":"BreadcrumbList","@id":"https:\/\/dev6.erresse-shop.it\/es\/shop\/sartenes-y-ollas\/ollas-y-bandejas-de-horno\/emile-henry-piedra-refractaria-grand-cru-pizza\/#breadcrumb","itemListElement":[{"@type":"ListItem","position":1,"name":"Home","item":"https:\/\/dev6.erresse-shop.it\/"},{"@type":"ListItem","position":2,"name":"Tienda","item":"https:\/\/dev6.erresse-shop.it\/shop\/"},{"@type":"ListItem","position":3,"name":"EMILE HENRY Piedra refractaria Grand Cru Pizza"}]},{"@type":"WebSite","@id":"https:\/\/dev6.erresse-shop.it\/#website","url":"https:\/\/dev6.erresse-shop.it\/","name":"Erresse Shop","description":"","publisher":{"@id":"https:\/\/dev6.erresse-shop.it\/#organization"},"potentialAction":[{"@type":"SearchAction","target":{"@type":"EntryPoint","urlTemplate":"https:\/\/dev6.erresse-shop.it\/?s={search_term_string}"},"query-input":{"@type":"PropertyValueSpecification","valueRequired":true,"valueName":"search_term_string"}}],"inLanguage":"es"},{"@type":"Organization","@id":"https:\/\/dev6.erresse-shop.it\/#organization","name":"Erresse Shop","url":"https:\/\/dev6.erresse-shop.it\/","logo":{"@type":"ImageObject","inLanguage":"es","@id":"https:\/\/dev6.erresse-shop.it\/#\/schema\/logo\/image\/","url":"https:\/\/dev6.erresse-shop.it\/wp-content\/uploads\/2025\/01\/LOGO-ERRESSE-CLASSICO.svg","contentUrl":"https:\/\/dev6.erresse-shop.it\/wp-content\/uploads\/2025\/01\/LOGO-ERRESSE-CLASSICO.svg","caption":"Erresse Shop"},"image":{"@id":"https:\/\/dev6.erresse-shop.it\/#\/schema\/logo\/image\/"}}]}},"df_price":69,"df_sale_price":69,"df_regular_price":89.9,"df_image_link":"https:\/\/i3.wp.com\/interpim.erresse-shop.it\/Import\/Prodotti\/emile-henry-pietra-refrattaria-per-pizza-grand-cru.jpg?resize=300,300&ssl=1","fifu_image_url":"https:\/\/interpim.erresse-shop.it\/Import\/Prodotti\/emile-henry-pietra-refrattaria-per-pizza-grand-cru.jpg","_links":{"self":[{"href":"https:\/\/dev6.erresse-shop.it\/es\/wp-json\/wp\/v2\/product\/1882281","targetHints":{"allow":["GET"]}}],"collection":[{"href":"https:\/\/dev6.erresse-shop.it\/es\/wp-json\/wp\/v2\/product"}],"about":[{"href":"https:\/\/dev6.erresse-shop.it\/es\/wp-json\/wp\/v2\/types\/product"}],"wp:featuredmedia":[{"embeddable":true,"href":"https:\/\/dev6.erresse-shop.it\/es\/wp-json\/wp\/v2\/media\/6369904"}],"wp:attachment":[{"href":"https:\/\/dev6.erresse-shop.it\/es\/wp-json\/wp\/v2\/media?parent=1882281"}],"wp:term":[{"taxonomy":"product_cat","embeddable":true,"href":"https:\/\/dev6.erresse-shop.it\/es\/wp-json\/wp\/v2\/product_cat?post=1882281"},{"taxonomy":"product_tag","embeddable":true,"href":"https:\/\/dev6.erresse-shop.it\/es\/wp-json\/wp\/v2\/product_tag?post=1882281"}],"curies":[{"name":"wp","href":"https:\/\/api.w.org\/{rel}","templated":true}]}}