{"id":1882279,"date":"2026-04-12T11:46:56","date_gmt":"2026-04-12T09:46:56","guid":{"rendered":"https:\/\/dev6.erresse-shop.it\/shop\/sin%20categor\u00eda\/sambonet-bloom-antique-6-tenedores-de-postre\/"},"modified":"2025-07-05T00:12:20","modified_gmt":"2025-07-04T22:12:20","slug":"sambonet-bloom-antique-6-tenedores-de-postre","status":"publish","type":"product","link":"https:\/\/dev6.erresse-shop.it\/es\/shop\/tabla\/cubiertos\/sambonet-bloom-antique-6-tenedores-de-postre\/","title":{"rendered":"SAMBONET Bloom Antique 6 Tenedores de Postre"},"content":{"rendered":"<p>BLOOM<br \/>\nUna mesa que huele a primavera La nueva cuberter\u00eda Bloom aporta un deseo de sencillez y romanticismo a la puesta en escena. Su forma suave pero elegante a\u00f1ade un detalle de estilo que combina a la perfecci\u00f3n con cualquier servicio de mesa. Un servicio de mesa minimalista para una comida r\u00e1pida de diario, o un servicio de mesa sofisticado y chabby-chic para una velada de ensue\u00f1o. Con esta cuberter\u00eda Sambonet, la convivencia est\u00e1 lista\u2026 \u00a1para florecer!<\/p>\n<p>Cada pieza de cuberter\u00eda est\u00e1 fabricada en acero inoxidable 18\/10 y destaca por su caracter\u00edstico filo y su ligero y sinuoso mango.<br \/>\nPerfecto para los que quieren aportar estilo, sofisticaci\u00f3n y alta calidad a la mesa.<br \/>\nJuego de postres para 6 personas. Incluye 6 tenedores de tres puntas de 14 cm de longitud, ideales para disfrutar de los postres en el plato.<br \/>\nPropuesto en un refinado envase, una elecci\u00f3n perfecta tambi\u00e9n como idea de regalo. Los cubiertos son aptos para el lavavajillas.<\/p>\n<p>ANTES Y DESPU\u00c9S DE CADA USO<br \/>\nLavar con detergentes adecuados evitando el cloro y la lej\u00eda, aclarar y secar bien. A continuaci\u00f3n, gu\u00e1rdelo en un lugar seco. No utilice esponjas o pa\u00f1os abrasivos ni estropajos met\u00e1licos. Elimine inmediatamente los restos de sal, lim\u00f3n, vinagre, salsas a base de tomate, etc. Si utiliza un lavavajillas, aseg\u00farese de que el tratamiento incluye un perfecto secado y pulido y, si no, h\u00e1galo manualmente. Las hojas de los cuchillos est\u00e1n hechas de acero inoxidable martens\u00edtico 420 endurecido, lo que garantiza la durabilidad del afilado pero hace que el material sea m\u00e1s sensible al ataque corrosivo. Es esencial que los cuchillos se limpien, se laven y se sequen correctamente inmediatamente despu\u00e9s de su uso.<\/p>\n","protected":false},"excerpt":{"rendered":"<p>BLOOM Una mesa que huele a primavera La nueva cuberter\u00eda Bloom aporta un deseo de sencillez y romanticismo a la puesta en escena. Su forma suave pero elegante a\u00f1ade un detalle de estilo que combina a la perfecci\u00f3n con cualquier servicio de mesa. Un servicio de mesa minimalista para una comida r\u00e1pida de diario, o [&hellip;]<\/p>\n","protected":false},"featured_media":6369895,"template":"","meta":{"_acf_changed":false},"product_cat":[11888,11887,11671],"product_tag":[],"class_list":{"0":"post-1882279","1":"product","2":"type-product","3":"status-publish","4":"has-post-thumbnail","6":"product_cat-cubiertos","7":"product_cat-tabla","8":"product_cat-tavola","10":"first","11":"instock","12":"taxable","13":"shipping-taxable","14":"purchasable","15":"product-type-simple","swatches":"rey-swatches","show_selected":"","stretch_labels":"rey-swatches--stretch-labels"},"acf":[],"yoast_head":"<!-- This site is optimized with the Yoast SEO plugin v25.4 - https:\/\/yoast.com\/wordpress\/plugins\/seo\/ -->\n<title>SAMBONET Bloom Antique 6 Tenedores de Postre - dev6 Erresse<\/title>\n<meta name=\"description\" content=\"BLOOM Una mesa que huele a primavera La nueva cuberter\u00eda Bloom aporta un deseo de sencillez y romanticismo a la puesta en escena. Su forma suave pero\" \/>\n<meta name=\"robots\" content=\"noindex, follow, max-snippet:-1, max-image-preview:large, max-video-preview:-1\" \/>\n<meta property=\"og:locale\" content=\"es_ES\" \/>\n<meta property=\"og:type\" content=\"article\" \/>\n<meta property=\"og:title\" content=\"SAMBONET Bloom Antique 6 Tenedores de Postre - dev6 Erresse\" \/>\n<meta property=\"og:description\" content=\"BLOOM Una mesa que huele a primavera La nueva cuberter\u00eda Bloom aporta un deseo de sencillez y romanticismo a la puesta en escena. Su forma suave pero\" \/>\n<meta property=\"og:url\" content=\"https:\/\/dev6.erresse-shop.it\/es\/shop\/tabla\/cubiertos\/sambonet-bloom-antique-6-tenedores-de-postre\/\" \/>\n<meta property=\"og:site_name\" content=\"dev6 Erresse\" \/>\n<meta property=\"og:image\" content=\"https:\/\/interpim.erresse-shop.it\/img-catalogo\/sambonet\/sambonet-bloom-antique-6-forchette-dolce-opache.jpg\" \/><meta property=\"og:image\" content=\"https:\/\/interpim.erresse-shop.it\/img-catalogo\/sambonet\/sambonet-bloom-antique-6-forchette-dolce-opache.jpg\" \/>\n\t<meta property=\"og:image:width\" content=\"1024\" \/>\n\t<meta property=\"og:image:height\" content=\"1024\" \/>\n\t<meta property=\"og:image:type\" content=\"image\/jpeg\" \/>\n<meta name=\"twitter:card\" content=\"summary_large_image\" \/>\n<meta name=\"twitter:image\" content=\"https:\/\/interpim.erresse-shop.it\/img-catalogo\/sambonet\/sambonet-bloom-antique-6-forchette-dolce-opache.jpg\" \/>\n<script type=\"application\/ld+json\" class=\"yoast-schema-graph\">{\"@context\":\"https:\/\/schema.org\",\"@graph\":[{\"@type\":\"WebPage\",\"@id\":\"https:\/\/dev6.erresse-shop.it\/es\/shop\/tabla\/cubiertos\/sambonet-bloom-antique-6-tenedores-de-postre\/\",\"url\":\"https:\/\/dev6.erresse-shop.it\/es\/shop\/tabla\/cubiertos\/sambonet-bloom-antique-6-tenedores-de-postre\/\",\"name\":\"SAMBONET Bloom Antique 6 Tenedores de Postre - dev6 Erresse\",\"isPartOf\":{\"@id\":\"https:\/\/dev6.erresse-shop.it\/#website\"},\"primaryImageOfPage\":{\"@id\":\"https:\/\/dev6.erresse-shop.it\/es\/shop\/tabla\/cubiertos\/sambonet-bloom-antique-6-tenedores-de-postre\/#primaryimage\"},\"image\":{\"@id\":\"https:\/\/dev6.erresse-shop.it\/es\/shop\/tabla\/cubiertos\/sambonet-bloom-antique-6-tenedores-de-postre\/#primaryimage\"},\"thumbnailUrl\":\"https:\/\/i2.wp.com\/interpim.erresse-shop.it\/img-catalogo\/sambonet\/sambonet-bloom-antique-6-forchette-dolce-opache.jpg?ssl=1\",\"datePublished\":\"2026-04-12T09:46:56+00:00\",\"description\":\"BLOOM Una mesa que huele a primavera La nueva cuberter\u00eda Bloom aporta un deseo de sencillez y romanticismo a la puesta en escena. Su forma suave pero\",\"breadcrumb\":{\"@id\":\"https:\/\/dev6.erresse-shop.it\/es\/shop\/tabla\/cubiertos\/sambonet-bloom-antique-6-tenedores-de-postre\/#breadcrumb\"},\"inLanguage\":\"es\",\"potentialAction\":[{\"@type\":\"ReadAction\",\"target\":[\"https:\/\/dev6.erresse-shop.it\/es\/shop\/tabla\/cubiertos\/sambonet-bloom-antique-6-tenedores-de-postre\/\"]}]},{\"@type\":\"ImageObject\",\"inLanguage\":\"es\",\"@id\":\"https:\/\/dev6.erresse-shop.it\/es\/shop\/tabla\/cubiertos\/sambonet-bloom-antique-6-tenedores-de-postre\/#primaryimage\",\"url\":\"https:\/\/i2.wp.com\/interpim.erresse-shop.it\/img-catalogo\/sambonet\/sambonet-bloom-antique-6-forchette-dolce-opache.jpg?ssl=1\",\"contentUrl\":\"https:\/\/i2.wp.com\/interpim.erresse-shop.it\/img-catalogo\/sambonet\/sambonet-bloom-antique-6-forchette-dolce-opache.jpg?ssl=1\"},{\"@type\":\"BreadcrumbList\",\"@id\":\"https:\/\/dev6.erresse-shop.it\/es\/shop\/tabla\/cubiertos\/sambonet-bloom-antique-6-tenedores-de-postre\/#breadcrumb\",\"itemListElement\":[{\"@type\":\"ListItem\",\"position\":1,\"name\":\"Home\",\"item\":\"https:\/\/dev6.erresse-shop.it\/\"},{\"@type\":\"ListItem\",\"position\":2,\"name\":\"Tienda\",\"item\":\"https:\/\/dev6.erresse-shop.it\/shop\/\"},{\"@type\":\"ListItem\",\"position\":3,\"name\":\"SAMBONET Bloom Antique 6 Tenedores de Postre\"}]},{\"@type\":\"WebSite\",\"@id\":\"https:\/\/dev6.erresse-shop.it\/#website\",\"url\":\"https:\/\/dev6.erresse-shop.it\/\",\"name\":\"Erresse Shop\",\"description\":\"\",\"publisher\":{\"@id\":\"https:\/\/dev6.erresse-shop.it\/#organization\"},\"potentialAction\":[{\"@type\":\"SearchAction\",\"target\":{\"@type\":\"EntryPoint\",\"urlTemplate\":\"https:\/\/dev6.erresse-shop.it\/?s={search_term_string}\"},\"query-input\":{\"@type\":\"PropertyValueSpecification\",\"valueRequired\":true,\"valueName\":\"search_term_string\"}}],\"inLanguage\":\"es\"},{\"@type\":\"Organization\",\"@id\":\"https:\/\/dev6.erresse-shop.it\/#organization\",\"name\":\"Erresse Shop\",\"url\":\"https:\/\/dev6.erresse-shop.it\/\",\"logo\":{\"@type\":\"ImageObject\",\"inLanguage\":\"es\",\"@id\":\"https:\/\/dev6.erresse-shop.it\/#\/schema\/logo\/image\/\",\"url\":\"https:\/\/dev6.erresse-shop.it\/wp-content\/uploads\/2025\/01\/LOGO-ERRESSE-CLASSICO.svg\",\"contentUrl\":\"https:\/\/dev6.erresse-shop.it\/wp-content\/uploads\/2025\/01\/LOGO-ERRESSE-CLASSICO.svg\",\"caption\":\"Erresse Shop\"},\"image\":{\"@id\":\"https:\/\/dev6.erresse-shop.it\/#\/schema\/logo\/image\/\"}}]}<\/script>\n<!-- \/ Yoast SEO plugin. -->","yoast_head_json":{"title":"SAMBONET Bloom Antique 6 Tenedores de Postre - dev6 Erresse","description":"BLOOM Una mesa que huele a primavera La nueva cuberter\u00eda Bloom aporta un deseo de sencillez y romanticismo a la puesta en escena. Su forma suave pero","robots":{"index":"noindex","follow":"follow","max-snippet":"max-snippet:-1","max-image-preview":"max-image-preview:large","max-video-preview":"max-video-preview:-1"},"og_locale":"es_ES","og_type":"article","og_title":"SAMBONET Bloom Antique 6 Tenedores de Postre - dev6 Erresse","og_description":"BLOOM Una mesa que huele a primavera La nueva cuberter\u00eda Bloom aporta un deseo de sencillez y romanticismo a la puesta en escena. Su forma suave pero","og_url":"https:\/\/dev6.erresse-shop.it\/es\/shop\/tabla\/cubiertos\/sambonet-bloom-antique-6-tenedores-de-postre\/","og_site_name":"dev6 Erresse","og_image":[{"url":"https:\/\/interpim.erresse-shop.it\/img-catalogo\/sambonet\/sambonet-bloom-antique-6-forchette-dolce-opache.jpg","type":"","width":"","height":""},{"url":"https:\/\/interpim.erresse-shop.it\/img-catalogo\/sambonet\/sambonet-bloom-antique-6-forchette-dolce-opache.jpg","width":1024,"height":1024,"type":"image\/jpeg"}],"twitter_card":"summary_large_image","twitter_image":"https:\/\/interpim.erresse-shop.it\/img-catalogo\/sambonet\/sambonet-bloom-antique-6-forchette-dolce-opache.jpg","schema":{"@context":"https:\/\/schema.org","@graph":[{"@type":"WebPage","@id":"https:\/\/dev6.erresse-shop.it\/es\/shop\/tabla\/cubiertos\/sambonet-bloom-antique-6-tenedores-de-postre\/","url":"https:\/\/dev6.erresse-shop.it\/es\/shop\/tabla\/cubiertos\/sambonet-bloom-antique-6-tenedores-de-postre\/","name":"SAMBONET Bloom Antique 6 Tenedores de Postre - dev6 Erresse","isPartOf":{"@id":"https:\/\/dev6.erresse-shop.it\/#website"},"primaryImageOfPage":{"@id":"https:\/\/dev6.erresse-shop.it\/es\/shop\/tabla\/cubiertos\/sambonet-bloom-antique-6-tenedores-de-postre\/#primaryimage"},"image":{"@id":"https:\/\/dev6.erresse-shop.it\/es\/shop\/tabla\/cubiertos\/sambonet-bloom-antique-6-tenedores-de-postre\/#primaryimage"},"thumbnailUrl":"https:\/\/i2.wp.com\/interpim.erresse-shop.it\/img-catalogo\/sambonet\/sambonet-bloom-antique-6-forchette-dolce-opache.jpg?ssl=1","datePublished":"2026-04-12T09:46:56+00:00","description":"BLOOM Una mesa que huele a primavera La nueva cuberter\u00eda Bloom aporta un deseo de sencillez y romanticismo a la puesta en escena. Su forma suave pero","breadcrumb":{"@id":"https:\/\/dev6.erresse-shop.it\/es\/shop\/tabla\/cubiertos\/sambonet-bloom-antique-6-tenedores-de-postre\/#breadcrumb"},"inLanguage":"es","potentialAction":[{"@type":"ReadAction","target":["https:\/\/dev6.erresse-shop.it\/es\/shop\/tabla\/cubiertos\/sambonet-bloom-antique-6-tenedores-de-postre\/"]}]},{"@type":"ImageObject","inLanguage":"es","@id":"https:\/\/dev6.erresse-shop.it\/es\/shop\/tabla\/cubiertos\/sambonet-bloom-antique-6-tenedores-de-postre\/#primaryimage","url":"https:\/\/i2.wp.com\/interpim.erresse-shop.it\/img-catalogo\/sambonet\/sambonet-bloom-antique-6-forchette-dolce-opache.jpg?ssl=1","contentUrl":"https:\/\/i2.wp.com\/interpim.erresse-shop.it\/img-catalogo\/sambonet\/sambonet-bloom-antique-6-forchette-dolce-opache.jpg?ssl=1"},{"@type":"BreadcrumbList","@id":"https:\/\/dev6.erresse-shop.it\/es\/shop\/tabla\/cubiertos\/sambonet-bloom-antique-6-tenedores-de-postre\/#breadcrumb","itemListElement":[{"@type":"ListItem","position":1,"name":"Home","item":"https:\/\/dev6.erresse-shop.it\/"},{"@type":"ListItem","position":2,"name":"Tienda","item":"https:\/\/dev6.erresse-shop.it\/shop\/"},{"@type":"ListItem","position":3,"name":"SAMBONET Bloom Antique 6 Tenedores de Postre"}]},{"@type":"WebSite","@id":"https:\/\/dev6.erresse-shop.it\/#website","url":"https:\/\/dev6.erresse-shop.it\/","name":"Erresse Shop","description":"","publisher":{"@id":"https:\/\/dev6.erresse-shop.it\/#organization"},"potentialAction":[{"@type":"SearchAction","target":{"@type":"EntryPoint","urlTemplate":"https:\/\/dev6.erresse-shop.it\/?s={search_term_string}"},"query-input":{"@type":"PropertyValueSpecification","valueRequired":true,"valueName":"search_term_string"}}],"inLanguage":"es"},{"@type":"Organization","@id":"https:\/\/dev6.erresse-shop.it\/#organization","name":"Erresse Shop","url":"https:\/\/dev6.erresse-shop.it\/","logo":{"@type":"ImageObject","inLanguage":"es","@id":"https:\/\/dev6.erresse-shop.it\/#\/schema\/logo\/image\/","url":"https:\/\/dev6.erresse-shop.it\/wp-content\/uploads\/2025\/01\/LOGO-ERRESSE-CLASSICO.svg","contentUrl":"https:\/\/dev6.erresse-shop.it\/wp-content\/uploads\/2025\/01\/LOGO-ERRESSE-CLASSICO.svg","caption":"Erresse Shop"},"image":{"@id":"https:\/\/dev6.erresse-shop.it\/#\/schema\/logo\/image\/"}}]}},"df_price":30.9,"df_sale_price":"","df_regular_price":30.9,"df_image_link":"https:\/\/i2.wp.com\/interpim.erresse-shop.it\/img-catalogo\/sambonet\/sambonet-bloom-antique-6-forchette-dolce-opache.jpg?resize=300,300&ssl=1","fifu_image_url":"https:\/\/interpim.erresse-shop.it\/img-catalogo\/sambonet\/sambonet-bloom-antique-6-forchette-dolce-opache.jpg","_links":{"self":[{"href":"https:\/\/dev6.erresse-shop.it\/es\/wp-json\/wp\/v2\/product\/1882279","targetHints":{"allow":["GET"]}}],"collection":[{"href":"https:\/\/dev6.erresse-shop.it\/es\/wp-json\/wp\/v2\/product"}],"about":[{"href":"https:\/\/dev6.erresse-shop.it\/es\/wp-json\/wp\/v2\/types\/product"}],"wp:featuredmedia":[{"embeddable":true,"href":"https:\/\/dev6.erresse-shop.it\/es\/wp-json\/wp\/v2\/media\/6369895"}],"wp:attachment":[{"href":"https:\/\/dev6.erresse-shop.it\/es\/wp-json\/wp\/v2\/media?parent=1882279"}],"wp:term":[{"taxonomy":"product_cat","embeddable":true,"href":"https:\/\/dev6.erresse-shop.it\/es\/wp-json\/wp\/v2\/product_cat?post=1882279"},{"taxonomy":"product_tag","embeddable":true,"href":"https:\/\/dev6.erresse-shop.it\/es\/wp-json\/wp\/v2\/product_tag?post=1882279"}],"curies":[{"name":"wp","href":"https:\/\/api.w.org\/{rel}","templated":true}]}}