{"id":1882265,"date":"2026-04-12T11:44:43","date_gmt":"2026-04-12T09:44:43","guid":{"rendered":"https:\/\/dev6.erresse-shop.it\/shop\/sin%20categor\u00eda\/joseph-joseph-eco-liners-iw5-bolsas-de-basura-de-40-litros\/"},"modified":"2025-09-14T09:33:20","modified_gmt":"2025-09-14T07:33:20","slug":"joseph-joseph-eco-liners-iw5-bolsas-de-basura-de-40-litros","status":"publish","type":"product","link":"https:\/\/dev6.erresse-shop.it\/es\/shop\/mobiliario\/cubos-de-basura\/joseph-joseph-eco-liners-iw5-bolsas-de-basura-de-40-litros\/","title":{"rendered":"JOSEPH JOSEPH ECO Liners IW5 Bolsas de basura de 40 litros"},"content":{"rendered":"<p>Estas fundas hechas a medida est\u00e1n fabricadas con un m\u00ednimo de 70 % de pl\u00e1stico reciclado procedente de residuos posconsumo. Tienen una estructura muy resistente y est\u00e1n equipadas con cordones para facilitar el cierre. Al elegirlas en lugar de las bolsas de pl\u00e1stico normales, obtendr\u00e1s la opci\u00f3n perfecta para tu contenedor IntelligentWaste, ayudar\u00e1s a limitar el uso de combustibles f\u00f3siles y reducir\u00e1s la cantidad de pl\u00e1stico virgen que acaba en los vertederos. Dise\u00f1ado para usarse con los siguientes contenedores Joseph Joseph: Titan 20 y Porta\u2122.<\/p>\n<p>Dise\u00f1ado para Titan 20 y Porta\u2122<br \/>\nFabricado con un m\u00ednimo de 70 % de pl\u00e1stico reciclado procedente de residuos posconsumo<br \/>\nEstructura extra resistente<br \/>\nCord\u00f3n para un f\u00e1cil cierre<br \/>\nCapacidad: 40 litros (10,6 galones estadounidenses). Puede contener hasta 60 litros de residuos compactados con un compactador Titan 20.<br \/>\nUn solo paquete incluye 20 bolsas<\/p>\n<p>Cuidado y uso:<\/p>\n<p>Advertencia: Las bolsas de pl\u00e1stico pueden ser peligrosas. Para evitar el riesgo de asfixia, mantenga las bolsas fuera del alcance de beb\u00e9s y ni\u00f1os.<\/p>\n<p>\u00a0<\/p>\n","protected":false},"excerpt":{"rendered":"<p>Estas fundas hechas a medida est\u00e1n fabricadas con un m\u00ednimo de 70 % de pl\u00e1stico reciclado procedente de residuos posconsumo. Tienen una estructura muy resistente y est\u00e1n equipadas con cordones para facilitar el cierre. Al elegirlas en lugar de las bolsas de pl\u00e1stico normales, obtendr\u00e1s la opci\u00f3n perfecta para tu contenedor IntelligentWaste, ayudar\u00e1s a limitar [&hellip;]<\/p>\n","protected":false},"featured_media":6369852,"template":"","meta":{"_acf_changed":false},"product_cat":[11666,11921,11882],"product_tag":[],"class_list":{"0":"post-1882265","1":"product","2":"type-product","3":"status-publish","4":"has-post-thumbnail","6":"product_cat-arredamento-casa","7":"product_cat-cubos-de-basura","8":"product_cat-mobiliario","10":"first","11":"instock","12":"taxable","13":"shipping-taxable","14":"purchasable","15":"product-type-simple","swatches":"rey-swatches","show_selected":"","stretch_labels":"rey-swatches--stretch-labels"},"acf":[],"yoast_head":"<!-- This site is optimized with the Yoast SEO plugin v25.4 - https:\/\/yoast.com\/wordpress\/plugins\/seo\/ -->\n<title>JOSEPH JOSEPH ECO Liners IW5 Bolsas de basura de 40 litros - dev6 Erresse<\/title>\n<meta name=\"description\" content=\"Estas fundas hechas a medida est\u00e1n fabricadas con un m\u00ednimo de 70 % de pl\u00e1stico reciclado procedente de residuos posconsumo. Tienen una estructura muy\" \/>\n<meta name=\"robots\" content=\"noindex, follow, max-snippet:-1, max-image-preview:large, max-video-preview:-1\" \/>\n<meta property=\"og:locale\" content=\"es_ES\" \/>\n<meta property=\"og:type\" content=\"article\" \/>\n<meta property=\"og:title\" content=\"JOSEPH JOSEPH ECO Liners IW5 Bolsas de basura de 40 litros - dev6 Erresse\" \/>\n<meta property=\"og:description\" content=\"Estas fundas hechas a medida est\u00e1n fabricadas con un m\u00ednimo de 70 % de pl\u00e1stico reciclado procedente de residuos posconsumo. Tienen una estructura muy\" \/>\n<meta property=\"og:url\" content=\"https:\/\/dev6.erresse-shop.it\/es\/shop\/mobiliario\/cubos-de-basura\/joseph-joseph-eco-liners-iw5-bolsas-de-basura-de-40-litros\/\" \/>\n<meta property=\"og:site_name\" content=\"dev6 Erresse\" \/>\n<meta property=\"og:image\" content=\"https:\/\/interpim.erresse-shop.it\/Import\/Prodotti\/joseph-joseph-eco-liners-sacchi-per-rifiuti-iw5-da-40-litri.jpg\" \/><meta property=\"og:image\" content=\"https:\/\/interpim.erresse-shop.it\/Import\/Prodotti\/joseph-joseph-eco-liners-sacchi-per-rifiuti-iw5-da-40-litri.jpg\" \/>\n\t<meta property=\"og:image:width\" content=\"1024\" \/>\n\t<meta property=\"og:image:height\" content=\"1024\" \/>\n\t<meta property=\"og:image:type\" content=\"image\/jpeg\" \/>\n<meta name=\"twitter:card\" content=\"summary_large_image\" \/>\n<meta name=\"twitter:image\" content=\"https:\/\/interpim.erresse-shop.it\/Import\/Prodotti\/joseph-joseph-eco-liners-sacchi-per-rifiuti-iw5-da-40-litri.jpg\" \/>\n<script type=\"application\/ld+json\" class=\"yoast-schema-graph\">{\"@context\":\"https:\/\/schema.org\",\"@graph\":[{\"@type\":\"WebPage\",\"@id\":\"https:\/\/dev6.erresse-shop.it\/es\/shop\/mobiliario\/cubos-de-basura\/joseph-joseph-eco-liners-iw5-bolsas-de-basura-de-40-litros\/\",\"url\":\"https:\/\/dev6.erresse-shop.it\/es\/shop\/mobiliario\/cubos-de-basura\/joseph-joseph-eco-liners-iw5-bolsas-de-basura-de-40-litros\/\",\"name\":\"JOSEPH JOSEPH ECO Liners IW5 Bolsas de basura de 40 litros - dev6 Erresse\",\"isPartOf\":{\"@id\":\"https:\/\/dev6.erresse-shop.it\/#website\"},\"primaryImageOfPage\":{\"@id\":\"https:\/\/dev6.erresse-shop.it\/es\/shop\/mobiliario\/cubos-de-basura\/joseph-joseph-eco-liners-iw5-bolsas-de-basura-de-40-litros\/#primaryimage\"},\"image\":{\"@id\":\"https:\/\/dev6.erresse-shop.it\/es\/shop\/mobiliario\/cubos-de-basura\/joseph-joseph-eco-liners-iw5-bolsas-de-basura-de-40-litros\/#primaryimage\"},\"thumbnailUrl\":\"https:\/\/i1.wp.com\/interpim.erresse-shop.it\/Import\/Prodotti\/joseph-joseph-eco-liners-sacchi-per-rifiuti-iw5-da-40-litri.jpg?ssl=1\",\"datePublished\":\"2026-04-12T09:44:43+00:00\",\"description\":\"Estas fundas hechas a medida est\u00e1n fabricadas con un m\u00ednimo de 70 % de pl\u00e1stico reciclado procedente de residuos posconsumo. Tienen una estructura muy\",\"breadcrumb\":{\"@id\":\"https:\/\/dev6.erresse-shop.it\/es\/shop\/mobiliario\/cubos-de-basura\/joseph-joseph-eco-liners-iw5-bolsas-de-basura-de-40-litros\/#breadcrumb\"},\"inLanguage\":\"es\",\"potentialAction\":[{\"@type\":\"ReadAction\",\"target\":[\"https:\/\/dev6.erresse-shop.it\/es\/shop\/mobiliario\/cubos-de-basura\/joseph-joseph-eco-liners-iw5-bolsas-de-basura-de-40-litros\/\"]}]},{\"@type\":\"ImageObject\",\"inLanguage\":\"es\",\"@id\":\"https:\/\/dev6.erresse-shop.it\/es\/shop\/mobiliario\/cubos-de-basura\/joseph-joseph-eco-liners-iw5-bolsas-de-basura-de-40-litros\/#primaryimage\",\"url\":\"https:\/\/i1.wp.com\/interpim.erresse-shop.it\/Import\/Prodotti\/joseph-joseph-eco-liners-sacchi-per-rifiuti-iw5-da-40-litri.jpg?ssl=1\",\"contentUrl\":\"https:\/\/i1.wp.com\/interpim.erresse-shop.it\/Import\/Prodotti\/joseph-joseph-eco-liners-sacchi-per-rifiuti-iw5-da-40-litri.jpg?ssl=1\"},{\"@type\":\"BreadcrumbList\",\"@id\":\"https:\/\/dev6.erresse-shop.it\/es\/shop\/mobiliario\/cubos-de-basura\/joseph-joseph-eco-liners-iw5-bolsas-de-basura-de-40-litros\/#breadcrumb\",\"itemListElement\":[{\"@type\":\"ListItem\",\"position\":1,\"name\":\"Home\",\"item\":\"https:\/\/dev6.erresse-shop.it\/\"},{\"@type\":\"ListItem\",\"position\":2,\"name\":\"Tienda\",\"item\":\"https:\/\/dev6.erresse-shop.it\/shop\/\"},{\"@type\":\"ListItem\",\"position\":3,\"name\":\"JOSEPH JOSEPH ECO Liners IW5 Bolsas de basura de 40 litros\"}]},{\"@type\":\"WebSite\",\"@id\":\"https:\/\/dev6.erresse-shop.it\/#website\",\"url\":\"https:\/\/dev6.erresse-shop.it\/\",\"name\":\"Erresse Shop\",\"description\":\"\",\"publisher\":{\"@id\":\"https:\/\/dev6.erresse-shop.it\/#organization\"},\"potentialAction\":[{\"@type\":\"SearchAction\",\"target\":{\"@type\":\"EntryPoint\",\"urlTemplate\":\"https:\/\/dev6.erresse-shop.it\/?s={search_term_string}\"},\"query-input\":{\"@type\":\"PropertyValueSpecification\",\"valueRequired\":true,\"valueName\":\"search_term_string\"}}],\"inLanguage\":\"es\"},{\"@type\":\"Organization\",\"@id\":\"https:\/\/dev6.erresse-shop.it\/#organization\",\"name\":\"Erresse Shop\",\"url\":\"https:\/\/dev6.erresse-shop.it\/\",\"logo\":{\"@type\":\"ImageObject\",\"inLanguage\":\"es\",\"@id\":\"https:\/\/dev6.erresse-shop.it\/#\/schema\/logo\/image\/\",\"url\":\"https:\/\/dev6.erresse-shop.it\/wp-content\/uploads\/2025\/01\/LOGO-ERRESSE-CLASSICO.svg\",\"contentUrl\":\"https:\/\/dev6.erresse-shop.it\/wp-content\/uploads\/2025\/01\/LOGO-ERRESSE-CLASSICO.svg\",\"caption\":\"Erresse Shop\"},\"image\":{\"@id\":\"https:\/\/dev6.erresse-shop.it\/#\/schema\/logo\/image\/\"}}]}<\/script>\n<!-- \/ Yoast SEO plugin. -->","yoast_head_json":{"title":"JOSEPH JOSEPH ECO Liners IW5 Bolsas de basura de 40 litros - dev6 Erresse","description":"Estas fundas hechas a medida est\u00e1n fabricadas con un m\u00ednimo de 70 % de pl\u00e1stico reciclado procedente de residuos posconsumo. Tienen una estructura muy","robots":{"index":"noindex","follow":"follow","max-snippet":"max-snippet:-1","max-image-preview":"max-image-preview:large","max-video-preview":"max-video-preview:-1"},"og_locale":"es_ES","og_type":"article","og_title":"JOSEPH JOSEPH ECO Liners IW5 Bolsas de basura de 40 litros - dev6 Erresse","og_description":"Estas fundas hechas a medida est\u00e1n fabricadas con un m\u00ednimo de 70 % de pl\u00e1stico reciclado procedente de residuos posconsumo. Tienen una estructura muy","og_url":"https:\/\/dev6.erresse-shop.it\/es\/shop\/mobiliario\/cubos-de-basura\/joseph-joseph-eco-liners-iw5-bolsas-de-basura-de-40-litros\/","og_site_name":"dev6 Erresse","og_image":[{"url":"https:\/\/interpim.erresse-shop.it\/Import\/Prodotti\/joseph-joseph-eco-liners-sacchi-per-rifiuti-iw5-da-40-litri.jpg","type":"","width":"","height":""},{"url":"https:\/\/interpim.erresse-shop.it\/Import\/Prodotti\/joseph-joseph-eco-liners-sacchi-per-rifiuti-iw5-da-40-litri.jpg","width":1024,"height":1024,"type":"image\/jpeg"}],"twitter_card":"summary_large_image","twitter_image":"https:\/\/interpim.erresse-shop.it\/Import\/Prodotti\/joseph-joseph-eco-liners-sacchi-per-rifiuti-iw5-da-40-litri.jpg","schema":{"@context":"https:\/\/schema.org","@graph":[{"@type":"WebPage","@id":"https:\/\/dev6.erresse-shop.it\/es\/shop\/mobiliario\/cubos-de-basura\/joseph-joseph-eco-liners-iw5-bolsas-de-basura-de-40-litros\/","url":"https:\/\/dev6.erresse-shop.it\/es\/shop\/mobiliario\/cubos-de-basura\/joseph-joseph-eco-liners-iw5-bolsas-de-basura-de-40-litros\/","name":"JOSEPH JOSEPH ECO Liners IW5 Bolsas de basura de 40 litros - dev6 Erresse","isPartOf":{"@id":"https:\/\/dev6.erresse-shop.it\/#website"},"primaryImageOfPage":{"@id":"https:\/\/dev6.erresse-shop.it\/es\/shop\/mobiliario\/cubos-de-basura\/joseph-joseph-eco-liners-iw5-bolsas-de-basura-de-40-litros\/#primaryimage"},"image":{"@id":"https:\/\/dev6.erresse-shop.it\/es\/shop\/mobiliario\/cubos-de-basura\/joseph-joseph-eco-liners-iw5-bolsas-de-basura-de-40-litros\/#primaryimage"},"thumbnailUrl":"https:\/\/i1.wp.com\/interpim.erresse-shop.it\/Import\/Prodotti\/joseph-joseph-eco-liners-sacchi-per-rifiuti-iw5-da-40-litri.jpg?ssl=1","datePublished":"2026-04-12T09:44:43+00:00","description":"Estas fundas hechas a medida est\u00e1n fabricadas con un m\u00ednimo de 70 % de pl\u00e1stico reciclado procedente de residuos posconsumo. Tienen una estructura muy","breadcrumb":{"@id":"https:\/\/dev6.erresse-shop.it\/es\/shop\/mobiliario\/cubos-de-basura\/joseph-joseph-eco-liners-iw5-bolsas-de-basura-de-40-litros\/#breadcrumb"},"inLanguage":"es","potentialAction":[{"@type":"ReadAction","target":["https:\/\/dev6.erresse-shop.it\/es\/shop\/mobiliario\/cubos-de-basura\/joseph-joseph-eco-liners-iw5-bolsas-de-basura-de-40-litros\/"]}]},{"@type":"ImageObject","inLanguage":"es","@id":"https:\/\/dev6.erresse-shop.it\/es\/shop\/mobiliario\/cubos-de-basura\/joseph-joseph-eco-liners-iw5-bolsas-de-basura-de-40-litros\/#primaryimage","url":"https:\/\/i1.wp.com\/interpim.erresse-shop.it\/Import\/Prodotti\/joseph-joseph-eco-liners-sacchi-per-rifiuti-iw5-da-40-litri.jpg?ssl=1","contentUrl":"https:\/\/i1.wp.com\/interpim.erresse-shop.it\/Import\/Prodotti\/joseph-joseph-eco-liners-sacchi-per-rifiuti-iw5-da-40-litri.jpg?ssl=1"},{"@type":"BreadcrumbList","@id":"https:\/\/dev6.erresse-shop.it\/es\/shop\/mobiliario\/cubos-de-basura\/joseph-joseph-eco-liners-iw5-bolsas-de-basura-de-40-litros\/#breadcrumb","itemListElement":[{"@type":"ListItem","position":1,"name":"Home","item":"https:\/\/dev6.erresse-shop.it\/"},{"@type":"ListItem","position":2,"name":"Tienda","item":"https:\/\/dev6.erresse-shop.it\/shop\/"},{"@type":"ListItem","position":3,"name":"JOSEPH JOSEPH ECO Liners IW5 Bolsas de basura de 40 litros"}]},{"@type":"WebSite","@id":"https:\/\/dev6.erresse-shop.it\/#website","url":"https:\/\/dev6.erresse-shop.it\/","name":"Erresse Shop","description":"","publisher":{"@id":"https:\/\/dev6.erresse-shop.it\/#organization"},"potentialAction":[{"@type":"SearchAction","target":{"@type":"EntryPoint","urlTemplate":"https:\/\/dev6.erresse-shop.it\/?s={search_term_string}"},"query-input":{"@type":"PropertyValueSpecification","valueRequired":true,"valueName":"search_term_string"}}],"inLanguage":"es"},{"@type":"Organization","@id":"https:\/\/dev6.erresse-shop.it\/#organization","name":"Erresse Shop","url":"https:\/\/dev6.erresse-shop.it\/","logo":{"@type":"ImageObject","inLanguage":"es","@id":"https:\/\/dev6.erresse-shop.it\/#\/schema\/logo\/image\/","url":"https:\/\/dev6.erresse-shop.it\/wp-content\/uploads\/2025\/01\/LOGO-ERRESSE-CLASSICO.svg","contentUrl":"https:\/\/dev6.erresse-shop.it\/wp-content\/uploads\/2025\/01\/LOGO-ERRESSE-CLASSICO.svg","caption":"Erresse Shop"},"image":{"@id":"https:\/\/dev6.erresse-shop.it\/#\/schema\/logo\/image\/"}}]}},"df_price":11.99,"df_sale_price":"","df_regular_price":11.99,"df_image_link":"https:\/\/i1.wp.com\/interpim.erresse-shop.it\/Import\/Prodotti\/joseph-joseph-eco-liners-sacchi-per-rifiuti-iw5-da-40-litri.jpg?resize=300,300&ssl=1","fifu_image_url":"https:\/\/interpim.erresse-shop.it\/Import\/Prodotti\/joseph-joseph-eco-liners-sacchi-per-rifiuti-iw5-da-40-litri.jpg","_links":{"self":[{"href":"https:\/\/dev6.erresse-shop.it\/es\/wp-json\/wp\/v2\/product\/1882265","targetHints":{"allow":["GET"]}}],"collection":[{"href":"https:\/\/dev6.erresse-shop.it\/es\/wp-json\/wp\/v2\/product"}],"about":[{"href":"https:\/\/dev6.erresse-shop.it\/es\/wp-json\/wp\/v2\/types\/product"}],"wp:featuredmedia":[{"embeddable":true,"href":"https:\/\/dev6.erresse-shop.it\/es\/wp-json\/wp\/v2\/media\/6369852"}],"wp:attachment":[{"href":"https:\/\/dev6.erresse-shop.it\/es\/wp-json\/wp\/v2\/media?parent=1882265"}],"wp:term":[{"taxonomy":"product_cat","embeddable":true,"href":"https:\/\/dev6.erresse-shop.it\/es\/wp-json\/wp\/v2\/product_cat?post=1882265"},{"taxonomy":"product_tag","embeddable":true,"href":"https:\/\/dev6.erresse-shop.it\/es\/wp-json\/wp\/v2\/product_tag?post=1882265"}],"curies":[{"name":"wp","href":"https:\/\/api.w.org\/{rel}","templated":true}]}}