{"id":1882261,"date":"2026-04-12T11:44:43","date_gmt":"2026-04-12T09:44:43","guid":{"rendered":"https:\/\/dev6.erresse-shop.it\/shop\/sin%20categor\u00eda\/joseph-joseph-eco-liners-iw9-bolsas-de-basura-de-10-litros\/"},"modified":"2025-09-14T09:33:11","modified_gmt":"2025-09-14T07:33:11","slug":"joseph-joseph-eco-liners-iw9-bolsas-de-basura-de-10-litros","status":"publish","type":"product","link":"https:\/\/dev6.erresse-shop.it\/es\/shop\/mobiliario\/cubos-de-basura\/joseph-joseph-eco-liners-iw9-bolsas-de-basura-de-10-litros\/","title":{"rendered":"JOSEPH JOSEPH ECO Liners IW9 Bolsas de basura de 10 litros"},"content":{"rendered":"<p>Gracias a su construcci\u00f3n extremadamente duradera, estos revestimientos personalizados IW9 son perfectos para usar con nuestros contenedores con pedal Joseph Joseph Arc\u2122 de 10 litros.<\/p>\n<p>Bolsas de basura con una capacidad de 10 litros (2,6 galones estadounidenses).<br \/>\nCordones resistentes con cord\u00f3n para facilitar el cierre y el transporte cuando est\u00e1 lleno.<br \/>\nEstructura extrafuerte.<br \/>\nDise\u00f1ado para los contenedores con pedal Joseph Joseph Arc\u2122 de 10 litros.<br \/>\nFabricado con un 70 % de residuos pl\u00e1sticos reciclados posconsumo.<br \/>\nUn solo paquete incluye 20 bolsas<\/p>\n<p>Cuidado y uso:<\/p>\n<p>Las bolsas de pl\u00e1stico pueden ser peligrosas: para evitar el riesgo de asfixia, mant\u00e9ngalas alejadas de beb\u00e9s y ni\u00f1os.<\/p>\n<p>\u00a0<\/p>\n","protected":false},"excerpt":{"rendered":"<p>Gracias a su construcci\u00f3n extremadamente duradera, estos revestimientos personalizados IW9 son perfectos para usar con nuestros contenedores con pedal Joseph Joseph Arc\u2122 de 10 litros. Bolsas de basura con una capacidad de 10 litros (2,6 galones estadounidenses). Cordones resistentes con cord\u00f3n para facilitar el cierre y el transporte cuando est\u00e1 lleno. Estructura extrafuerte. Dise\u00f1ado para [&hellip;]<\/p>\n","protected":false},"featured_media":6369845,"template":"","meta":{"_acf_changed":false},"product_cat":[11666,11921,11882],"product_tag":[],"class_list":{"0":"post-1882261","1":"product","2":"type-product","3":"status-publish","4":"has-post-thumbnail","6":"product_cat-arredamento-casa","7":"product_cat-cubos-de-basura","8":"product_cat-mobiliario","10":"first","11":"instock","12":"sale","13":"taxable","14":"shipping-taxable","15":"purchasable","16":"product-type-simple","swatches":"rey-swatches","show_selected":"","stretch_labels":"rey-swatches--stretch-labels"},"acf":[],"yoast_head":"<!-- This site is optimized with the Yoast SEO plugin v25.4 - https:\/\/yoast.com\/wordpress\/plugins\/seo\/ -->\n<title>JOSEPH JOSEPH ECO Liners IW9 Bolsas de basura de 10 litros - dev6 Erresse<\/title>\n<meta name=\"description\" content=\"Gracias a su construcci\u00f3n extremadamente duradera, estos revestimientos personalizados IW9 son perfectos para usar con nuestros contenedores con pedal\" \/>\n<meta name=\"robots\" content=\"noindex, follow, max-snippet:-1, max-image-preview:large, max-video-preview:-1\" \/>\n<meta property=\"og:locale\" content=\"es_ES\" \/>\n<meta property=\"og:type\" content=\"article\" \/>\n<meta property=\"og:title\" content=\"JOSEPH JOSEPH ECO Liners IW9 Bolsas de basura de 10 litros - dev6 Erresse\" \/>\n<meta property=\"og:description\" content=\"Gracias a su construcci\u00f3n extremadamente duradera, estos revestimientos personalizados IW9 son perfectos para usar con nuestros contenedores con pedal\" \/>\n<meta property=\"og:url\" content=\"https:\/\/dev6.erresse-shop.it\/es\/shop\/mobiliario\/cubos-de-basura\/joseph-joseph-eco-liners-iw9-bolsas-de-basura-de-10-litros\/\" \/>\n<meta property=\"og:site_name\" content=\"dev6 Erresse\" \/>\n<meta property=\"og:image\" content=\"https:\/\/interpim.erresse-shop.it\/Import\/Prodotti\/joseph-joseph-sacchi-per-rifiuti-iw9-da-10-litri.jpg\" \/><meta property=\"og:image\" content=\"https:\/\/interpim.erresse-shop.it\/Import\/Prodotti\/joseph-joseph-sacchi-per-rifiuti-iw9-da-10-litri.jpg\" \/>\n\t<meta property=\"og:image:width\" content=\"1024\" \/>\n\t<meta property=\"og:image:height\" content=\"1024\" \/>\n\t<meta property=\"og:image:type\" content=\"image\/jpeg\" \/>\n<meta name=\"twitter:card\" content=\"summary_large_image\" \/>\n<meta name=\"twitter:image\" content=\"https:\/\/interpim.erresse-shop.it\/Import\/Prodotti\/joseph-joseph-sacchi-per-rifiuti-iw9-da-10-litri.jpg\" \/>\n<script type=\"application\/ld+json\" class=\"yoast-schema-graph\">{\"@context\":\"https:\/\/schema.org\",\"@graph\":[{\"@type\":\"WebPage\",\"@id\":\"https:\/\/dev6.erresse-shop.it\/es\/shop\/mobiliario\/cubos-de-basura\/joseph-joseph-eco-liners-iw9-bolsas-de-basura-de-10-litros\/\",\"url\":\"https:\/\/dev6.erresse-shop.it\/es\/shop\/mobiliario\/cubos-de-basura\/joseph-joseph-eco-liners-iw9-bolsas-de-basura-de-10-litros\/\",\"name\":\"JOSEPH JOSEPH ECO Liners IW9 Bolsas de basura de 10 litros - dev6 Erresse\",\"isPartOf\":{\"@id\":\"https:\/\/dev6.erresse-shop.it\/#website\"},\"primaryImageOfPage\":{\"@id\":\"https:\/\/dev6.erresse-shop.it\/es\/shop\/mobiliario\/cubos-de-basura\/joseph-joseph-eco-liners-iw9-bolsas-de-basura-de-10-litros\/#primaryimage\"},\"image\":{\"@id\":\"https:\/\/dev6.erresse-shop.it\/es\/shop\/mobiliario\/cubos-de-basura\/joseph-joseph-eco-liners-iw9-bolsas-de-basura-de-10-litros\/#primaryimage\"},\"thumbnailUrl\":\"https:\/\/i1.wp.com\/interpim.erresse-shop.it\/Import\/Prodotti\/joseph-joseph-sacchi-per-rifiuti-iw9-da-10-litri.jpg?ssl=1\",\"datePublished\":\"2026-04-12T09:44:43+00:00\",\"description\":\"Gracias a su construcci\u00f3n extremadamente duradera, estos revestimientos personalizados IW9 son perfectos para usar con nuestros contenedores con pedal\",\"breadcrumb\":{\"@id\":\"https:\/\/dev6.erresse-shop.it\/es\/shop\/mobiliario\/cubos-de-basura\/joseph-joseph-eco-liners-iw9-bolsas-de-basura-de-10-litros\/#breadcrumb\"},\"inLanguage\":\"es\",\"potentialAction\":[{\"@type\":\"ReadAction\",\"target\":[\"https:\/\/dev6.erresse-shop.it\/es\/shop\/mobiliario\/cubos-de-basura\/joseph-joseph-eco-liners-iw9-bolsas-de-basura-de-10-litros\/\"]}]},{\"@type\":\"ImageObject\",\"inLanguage\":\"es\",\"@id\":\"https:\/\/dev6.erresse-shop.it\/es\/shop\/mobiliario\/cubos-de-basura\/joseph-joseph-eco-liners-iw9-bolsas-de-basura-de-10-litros\/#primaryimage\",\"url\":\"https:\/\/i1.wp.com\/interpim.erresse-shop.it\/Import\/Prodotti\/joseph-joseph-sacchi-per-rifiuti-iw9-da-10-litri.jpg?ssl=1\",\"contentUrl\":\"https:\/\/i1.wp.com\/interpim.erresse-shop.it\/Import\/Prodotti\/joseph-joseph-sacchi-per-rifiuti-iw9-da-10-litri.jpg?ssl=1\"},{\"@type\":\"BreadcrumbList\",\"@id\":\"https:\/\/dev6.erresse-shop.it\/es\/shop\/mobiliario\/cubos-de-basura\/joseph-joseph-eco-liners-iw9-bolsas-de-basura-de-10-litros\/#breadcrumb\",\"itemListElement\":[{\"@type\":\"ListItem\",\"position\":1,\"name\":\"Home\",\"item\":\"https:\/\/dev6.erresse-shop.it\/\"},{\"@type\":\"ListItem\",\"position\":2,\"name\":\"Tienda\",\"item\":\"https:\/\/dev6.erresse-shop.it\/shop\/\"},{\"@type\":\"ListItem\",\"position\":3,\"name\":\"JOSEPH JOSEPH ECO Liners IW9 Bolsas de basura de 10 litros\"}]},{\"@type\":\"WebSite\",\"@id\":\"https:\/\/dev6.erresse-shop.it\/#website\",\"url\":\"https:\/\/dev6.erresse-shop.it\/\",\"name\":\"Erresse Shop\",\"description\":\"\",\"publisher\":{\"@id\":\"https:\/\/dev6.erresse-shop.it\/#organization\"},\"potentialAction\":[{\"@type\":\"SearchAction\",\"target\":{\"@type\":\"EntryPoint\",\"urlTemplate\":\"https:\/\/dev6.erresse-shop.it\/?s={search_term_string}\"},\"query-input\":{\"@type\":\"PropertyValueSpecification\",\"valueRequired\":true,\"valueName\":\"search_term_string\"}}],\"inLanguage\":\"es\"},{\"@type\":\"Organization\",\"@id\":\"https:\/\/dev6.erresse-shop.it\/#organization\",\"name\":\"Erresse Shop\",\"url\":\"https:\/\/dev6.erresse-shop.it\/\",\"logo\":{\"@type\":\"ImageObject\",\"inLanguage\":\"es\",\"@id\":\"https:\/\/dev6.erresse-shop.it\/#\/schema\/logo\/image\/\",\"url\":\"https:\/\/dev6.erresse-shop.it\/wp-content\/uploads\/2025\/01\/LOGO-ERRESSE-CLASSICO.svg\",\"contentUrl\":\"https:\/\/dev6.erresse-shop.it\/wp-content\/uploads\/2025\/01\/LOGO-ERRESSE-CLASSICO.svg\",\"caption\":\"Erresse Shop\"},\"image\":{\"@id\":\"https:\/\/dev6.erresse-shop.it\/#\/schema\/logo\/image\/\"}}]}<\/script>\n<!-- \/ Yoast SEO plugin. -->","yoast_head_json":{"title":"JOSEPH JOSEPH ECO Liners IW9 Bolsas de basura de 10 litros - dev6 Erresse","description":"Gracias a su construcci\u00f3n extremadamente duradera, estos revestimientos personalizados IW9 son perfectos para usar con nuestros contenedores con pedal","robots":{"index":"noindex","follow":"follow","max-snippet":"max-snippet:-1","max-image-preview":"max-image-preview:large","max-video-preview":"max-video-preview:-1"},"og_locale":"es_ES","og_type":"article","og_title":"JOSEPH JOSEPH ECO Liners IW9 Bolsas de basura de 10 litros - dev6 Erresse","og_description":"Gracias a su construcci\u00f3n extremadamente duradera, estos revestimientos personalizados IW9 son perfectos para usar con nuestros contenedores con pedal","og_url":"https:\/\/dev6.erresse-shop.it\/es\/shop\/mobiliario\/cubos-de-basura\/joseph-joseph-eco-liners-iw9-bolsas-de-basura-de-10-litros\/","og_site_name":"dev6 Erresse","og_image":[{"url":"https:\/\/interpim.erresse-shop.it\/Import\/Prodotti\/joseph-joseph-sacchi-per-rifiuti-iw9-da-10-litri.jpg","type":"","width":"","height":""},{"url":"https:\/\/interpim.erresse-shop.it\/Import\/Prodotti\/joseph-joseph-sacchi-per-rifiuti-iw9-da-10-litri.jpg","width":1024,"height":1024,"type":"image\/jpeg"}],"twitter_card":"summary_large_image","twitter_image":"https:\/\/interpim.erresse-shop.it\/Import\/Prodotti\/joseph-joseph-sacchi-per-rifiuti-iw9-da-10-litri.jpg","schema":{"@context":"https:\/\/schema.org","@graph":[{"@type":"WebPage","@id":"https:\/\/dev6.erresse-shop.it\/es\/shop\/mobiliario\/cubos-de-basura\/joseph-joseph-eco-liners-iw9-bolsas-de-basura-de-10-litros\/","url":"https:\/\/dev6.erresse-shop.it\/es\/shop\/mobiliario\/cubos-de-basura\/joseph-joseph-eco-liners-iw9-bolsas-de-basura-de-10-litros\/","name":"JOSEPH JOSEPH ECO Liners IW9 Bolsas de basura de 10 litros - dev6 Erresse","isPartOf":{"@id":"https:\/\/dev6.erresse-shop.it\/#website"},"primaryImageOfPage":{"@id":"https:\/\/dev6.erresse-shop.it\/es\/shop\/mobiliario\/cubos-de-basura\/joseph-joseph-eco-liners-iw9-bolsas-de-basura-de-10-litros\/#primaryimage"},"image":{"@id":"https:\/\/dev6.erresse-shop.it\/es\/shop\/mobiliario\/cubos-de-basura\/joseph-joseph-eco-liners-iw9-bolsas-de-basura-de-10-litros\/#primaryimage"},"thumbnailUrl":"https:\/\/i1.wp.com\/interpim.erresse-shop.it\/Import\/Prodotti\/joseph-joseph-sacchi-per-rifiuti-iw9-da-10-litri.jpg?ssl=1","datePublished":"2026-04-12T09:44:43+00:00","description":"Gracias a su construcci\u00f3n extremadamente duradera, estos revestimientos personalizados IW9 son perfectos para usar con nuestros contenedores con pedal","breadcrumb":{"@id":"https:\/\/dev6.erresse-shop.it\/es\/shop\/mobiliario\/cubos-de-basura\/joseph-joseph-eco-liners-iw9-bolsas-de-basura-de-10-litros\/#breadcrumb"},"inLanguage":"es","potentialAction":[{"@type":"ReadAction","target":["https:\/\/dev6.erresse-shop.it\/es\/shop\/mobiliario\/cubos-de-basura\/joseph-joseph-eco-liners-iw9-bolsas-de-basura-de-10-litros\/"]}]},{"@type":"ImageObject","inLanguage":"es","@id":"https:\/\/dev6.erresse-shop.it\/es\/shop\/mobiliario\/cubos-de-basura\/joseph-joseph-eco-liners-iw9-bolsas-de-basura-de-10-litros\/#primaryimage","url":"https:\/\/i1.wp.com\/interpim.erresse-shop.it\/Import\/Prodotti\/joseph-joseph-sacchi-per-rifiuti-iw9-da-10-litri.jpg?ssl=1","contentUrl":"https:\/\/i1.wp.com\/interpim.erresse-shop.it\/Import\/Prodotti\/joseph-joseph-sacchi-per-rifiuti-iw9-da-10-litri.jpg?ssl=1"},{"@type":"BreadcrumbList","@id":"https:\/\/dev6.erresse-shop.it\/es\/shop\/mobiliario\/cubos-de-basura\/joseph-joseph-eco-liners-iw9-bolsas-de-basura-de-10-litros\/#breadcrumb","itemListElement":[{"@type":"ListItem","position":1,"name":"Home","item":"https:\/\/dev6.erresse-shop.it\/"},{"@type":"ListItem","position":2,"name":"Tienda","item":"https:\/\/dev6.erresse-shop.it\/shop\/"},{"@type":"ListItem","position":3,"name":"JOSEPH JOSEPH ECO Liners IW9 Bolsas de basura de 10 litros"}]},{"@type":"WebSite","@id":"https:\/\/dev6.erresse-shop.it\/#website","url":"https:\/\/dev6.erresse-shop.it\/","name":"Erresse Shop","description":"","publisher":{"@id":"https:\/\/dev6.erresse-shop.it\/#organization"},"potentialAction":[{"@type":"SearchAction","target":{"@type":"EntryPoint","urlTemplate":"https:\/\/dev6.erresse-shop.it\/?s={search_term_string}"},"query-input":{"@type":"PropertyValueSpecification","valueRequired":true,"valueName":"search_term_string"}}],"inLanguage":"es"},{"@type":"Organization","@id":"https:\/\/dev6.erresse-shop.it\/#organization","name":"Erresse Shop","url":"https:\/\/dev6.erresse-shop.it\/","logo":{"@type":"ImageObject","inLanguage":"es","@id":"https:\/\/dev6.erresse-shop.it\/#\/schema\/logo\/image\/","url":"https:\/\/dev6.erresse-shop.it\/wp-content\/uploads\/2025\/01\/LOGO-ERRESSE-CLASSICO.svg","contentUrl":"https:\/\/dev6.erresse-shop.it\/wp-content\/uploads\/2025\/01\/LOGO-ERRESSE-CLASSICO.svg","caption":"Erresse Shop"},"image":{"@id":"https:\/\/dev6.erresse-shop.it\/#\/schema\/logo\/image\/"}}]}},"df_price":21.9,"df_sale_price":21.9,"df_regular_price":21.99,"df_image_link":"https:\/\/i1.wp.com\/interpim.erresse-shop.it\/Import\/Prodotti\/joseph-joseph-sacchi-per-rifiuti-iw9-da-10-litri.jpg?resize=300,300&ssl=1","fifu_image_url":"https:\/\/interpim.erresse-shop.it\/Import\/Prodotti\/joseph-joseph-sacchi-per-rifiuti-iw9-da-10-litri.jpg","_links":{"self":[{"href":"https:\/\/dev6.erresse-shop.it\/es\/wp-json\/wp\/v2\/product\/1882261","targetHints":{"allow":["GET"]}}],"collection":[{"href":"https:\/\/dev6.erresse-shop.it\/es\/wp-json\/wp\/v2\/product"}],"about":[{"href":"https:\/\/dev6.erresse-shop.it\/es\/wp-json\/wp\/v2\/types\/product"}],"wp:featuredmedia":[{"embeddable":true,"href":"https:\/\/dev6.erresse-shop.it\/es\/wp-json\/wp\/v2\/media\/6369845"}],"wp:attachment":[{"href":"https:\/\/dev6.erresse-shop.it\/es\/wp-json\/wp\/v2\/media?parent=1882261"}],"wp:term":[{"taxonomy":"product_cat","embeddable":true,"href":"https:\/\/dev6.erresse-shop.it\/es\/wp-json\/wp\/v2\/product_cat?post=1882261"},{"taxonomy":"product_tag","embeddable":true,"href":"https:\/\/dev6.erresse-shop.it\/es\/wp-json\/wp\/v2\/product_tag?post=1882261"}],"curies":[{"name":"wp","href":"https:\/\/api.w.org\/{rel}","templated":true}]}}