{"id":1882251,"date":"2026-04-12T11:44:43","date_gmt":"2026-04-12T09:44:43","guid":{"rendered":"https:\/\/dev6.erresse-shop.it\/shop\/sin%20categor\u00eda\/joseph-joseph-arc-easy-push-cubo-de-pedal-negro-mate-30l\/"},"modified":"2025-09-14T09:32:54","modified_gmt":"2025-09-14T07:32:54","slug":"joseph-joseph-arc-easy-push-cubo-de-pedal-negro-mate-30l","status":"publish","type":"product","link":"https:\/\/dev6.erresse-shop.it\/es\/shop\/mobiliario\/cubos-de-basura\/joseph-joseph-arc-easy-push-cubo-de-pedal-negro-mate-30l\/","title":{"rendered":"JOSEPH JOSEPH Arc Easy-Push Cubo de pedal negro mate 30L"},"content":{"rendered":"<p>Este elegante contenedor circular cuenta con un pedal grande que encaja perfectamente en el espacio del dise\u00f1o, ahorrando valioso espacio en el piso. Adem\u00e1s, cuenta con un compartimento de almacenamiento incorporado en la parte posterior para las fundas, lo que las hace f\u00e1cilmente accesibles cuando sea necesario. Acabado en elegante acero inoxidable, tiene una capacidad de 30 litros (7,9 galones estadounidenses).<\/p>\n<p>Pedal grande y f\u00e1cil de presionar que se adapta perfectamente al tama\u00f1o del contenedor.<br \/>\nLos rollos de papel higi\u00e9nico se pueden guardar de forma segura en el compartimento de f\u00e1cil acceso.<br \/>\nTapa de cierre suave con revestimiento antihuellas.<br \/>\nCubo extra\u00edble y f\u00e1cil de vaciar.<br \/>\nCompatible con revestimientos personalizados Joseph Joseph IW5.<\/p>\n<p>Cuidado y uso:<\/p>\n<p>Para usar con revestimientos personalizados Joseph Joseph IW5. Tambi\u00e9n se puede utilizar con fundas est\u00e1ndar.<br \/>\nSuperficies externas: limpiar con un pa\u00f1o h\u00famedo y secar con un pa\u00f1o suave y seco. No utilice pa\u00f1os abrasivos ni limpiadores qu\u00edmicos fuertes.<br \/>\nCubo: Ret\u00edrelo de la unidad y l\u00edmpielo con agua tibia y jab\u00f3n. Para eliminar los olores desagradables, puede utilizar una soluci\u00f3n de levadura en polvo y agua. S\u00e9quelo antes de volver a colocarlo en la unidad.<br \/>\nFiltro de olores: para un rendimiento \u00f3ptimo, se recomienda reemplazar el filtro de olores cada 3 meses.<\/p>\n<p>Dimensiones:<\/p>\n<p>Alto 71,5 x ancho 33,5 x profundidad 34 cm (alto 28,2 x ancho 13,2 x profundidad 13,4 pulgadas)<\/p>\n<p>Peso:<\/p>\n<p>5,45 kg<\/p>\n<p>\u00a0<\/p>\n","protected":false},"excerpt":{"rendered":"<p>Este elegante contenedor circular cuenta con un pedal grande que encaja perfectamente en el espacio del dise\u00f1o, ahorrando valioso espacio en el piso. Adem\u00e1s, cuenta con un compartimento de almacenamiento incorporado en la parte posterior para las fundas, lo que las hace f\u00e1cilmente accesibles cuando sea necesario. Acabado en elegante acero inoxidable, tiene una capacidad [&hellip;]<\/p>\n","protected":false},"featured_media":6369819,"template":"","meta":{"_acf_changed":false},"product_cat":[11666,11921,11882],"product_tag":[],"class_list":{"0":"post-1882251","1":"product","2":"type-product","3":"status-publish","4":"has-post-thumbnail","6":"product_cat-arredamento-casa","7":"product_cat-cubos-de-basura","8":"product_cat-mobiliario","10":"first","11":"instock","12":"sale","13":"taxable","14":"shipping-taxable","15":"purchasable","16":"product-type-simple","swatches":"rey-swatches","show_selected":"","stretch_labels":"rey-swatches--stretch-labels"},"acf":[],"yoast_head":"<!-- This site is optimized with the Yoast SEO plugin v25.4 - https:\/\/yoast.com\/wordpress\/plugins\/seo\/ -->\n<title>JOSEPH JOSEPH Arc Easy-Push Cubo de pedal negro mate 30L - dev6 Erresse<\/title>\n<meta name=\"description\" content=\"Este elegante contenedor circular cuenta con un pedal grande que encaja perfectamente en el espacio del dise\u00f1o, ahorrando valioso espacio en el piso.\" \/>\n<meta name=\"robots\" content=\"noindex, follow, max-snippet:-1, max-image-preview:large, max-video-preview:-1\" \/>\n<meta property=\"og:locale\" content=\"es_ES\" \/>\n<meta property=\"og:type\" content=\"article\" \/>\n<meta property=\"og:title\" content=\"JOSEPH JOSEPH Arc Easy-Push Cubo de pedal negro mate 30L - dev6 Erresse\" \/>\n<meta property=\"og:description\" content=\"Este elegante contenedor circular cuenta con un pedal grande que encaja perfectamente en el espacio del dise\u00f1o, ahorrando valioso espacio en el piso.\" \/>\n<meta property=\"og:url\" content=\"https:\/\/dev6.erresse-shop.it\/es\/shop\/mobiliario\/cubos-de-basura\/joseph-joseph-arc-easy-push-cubo-de-pedal-negro-mate-30l\/\" \/>\n<meta property=\"og:site_name\" content=\"dev6 Erresse\" \/>\n<meta property=\"og:image\" content=\"https:\/\/interpim.erresse-shop.it\/Import\/Prodotti\/joseph-joseph-arc-easy-push-cestino-a-pedale-nero-opaco-30l.jpg\" \/><meta property=\"og:image\" content=\"https:\/\/interpim.erresse-shop.it\/Import\/Prodotti\/joseph-joseph-arc-easy-push-cestino-a-pedale-nero-opaco-30l.jpg\" \/>\n\t<meta property=\"og:image:width\" content=\"1024\" \/>\n\t<meta property=\"og:image:height\" content=\"1024\" \/>\n\t<meta property=\"og:image:type\" content=\"image\/jpeg\" \/>\n<meta name=\"twitter:card\" content=\"summary_large_image\" \/>\n<meta name=\"twitter:image\" content=\"https:\/\/interpim.erresse-shop.it\/Import\/Prodotti\/joseph-joseph-arc-easy-push-cestino-a-pedale-nero-opaco-30l.jpg\" \/>\n<script type=\"application\/ld+json\" class=\"yoast-schema-graph\">{\"@context\":\"https:\/\/schema.org\",\"@graph\":[{\"@type\":\"WebPage\",\"@id\":\"https:\/\/dev6.erresse-shop.it\/es\/shop\/mobiliario\/cubos-de-basura\/joseph-joseph-arc-easy-push-cubo-de-pedal-negro-mate-30l\/\",\"url\":\"https:\/\/dev6.erresse-shop.it\/es\/shop\/mobiliario\/cubos-de-basura\/joseph-joseph-arc-easy-push-cubo-de-pedal-negro-mate-30l\/\",\"name\":\"JOSEPH JOSEPH Arc Easy-Push Cubo de pedal negro mate 30L - dev6 Erresse\",\"isPartOf\":{\"@id\":\"https:\/\/dev6.erresse-shop.it\/#website\"},\"primaryImageOfPage\":{\"@id\":\"https:\/\/dev6.erresse-shop.it\/es\/shop\/mobiliario\/cubos-de-basura\/joseph-joseph-arc-easy-push-cubo-de-pedal-negro-mate-30l\/#primaryimage\"},\"image\":{\"@id\":\"https:\/\/dev6.erresse-shop.it\/es\/shop\/mobiliario\/cubos-de-basura\/joseph-joseph-arc-easy-push-cubo-de-pedal-negro-mate-30l\/#primaryimage\"},\"thumbnailUrl\":\"https:\/\/i0.wp.com\/interpim.erresse-shop.it\/Import\/Prodotti\/joseph-joseph-arc-easy-push-cestino-a-pedale-nero-opaco-30l.jpg?ssl=1\",\"datePublished\":\"2026-04-12T09:44:43+00:00\",\"description\":\"Este elegante contenedor circular cuenta con un pedal grande que encaja perfectamente en el espacio del dise\u00f1o, ahorrando valioso espacio en el piso.\",\"breadcrumb\":{\"@id\":\"https:\/\/dev6.erresse-shop.it\/es\/shop\/mobiliario\/cubos-de-basura\/joseph-joseph-arc-easy-push-cubo-de-pedal-negro-mate-30l\/#breadcrumb\"},\"inLanguage\":\"es\",\"potentialAction\":[{\"@type\":\"ReadAction\",\"target\":[\"https:\/\/dev6.erresse-shop.it\/es\/shop\/mobiliario\/cubos-de-basura\/joseph-joseph-arc-easy-push-cubo-de-pedal-negro-mate-30l\/\"]}]},{\"@type\":\"ImageObject\",\"inLanguage\":\"es\",\"@id\":\"https:\/\/dev6.erresse-shop.it\/es\/shop\/mobiliario\/cubos-de-basura\/joseph-joseph-arc-easy-push-cubo-de-pedal-negro-mate-30l\/#primaryimage\",\"url\":\"https:\/\/i0.wp.com\/interpim.erresse-shop.it\/Import\/Prodotti\/joseph-joseph-arc-easy-push-cestino-a-pedale-nero-opaco-30l.jpg?ssl=1\",\"contentUrl\":\"https:\/\/i0.wp.com\/interpim.erresse-shop.it\/Import\/Prodotti\/joseph-joseph-arc-easy-push-cestino-a-pedale-nero-opaco-30l.jpg?ssl=1\"},{\"@type\":\"BreadcrumbList\",\"@id\":\"https:\/\/dev6.erresse-shop.it\/es\/shop\/mobiliario\/cubos-de-basura\/joseph-joseph-arc-easy-push-cubo-de-pedal-negro-mate-30l\/#breadcrumb\",\"itemListElement\":[{\"@type\":\"ListItem\",\"position\":1,\"name\":\"Home\",\"item\":\"https:\/\/dev6.erresse-shop.it\/\"},{\"@type\":\"ListItem\",\"position\":2,\"name\":\"Tienda\",\"item\":\"https:\/\/dev6.erresse-shop.it\/shop\/\"},{\"@type\":\"ListItem\",\"position\":3,\"name\":\"JOSEPH JOSEPH Arc Easy-Push Cubo de pedal negro mate 30L\"}]},{\"@type\":\"WebSite\",\"@id\":\"https:\/\/dev6.erresse-shop.it\/#website\",\"url\":\"https:\/\/dev6.erresse-shop.it\/\",\"name\":\"Erresse Shop\",\"description\":\"\",\"publisher\":{\"@id\":\"https:\/\/dev6.erresse-shop.it\/#organization\"},\"potentialAction\":[{\"@type\":\"SearchAction\",\"target\":{\"@type\":\"EntryPoint\",\"urlTemplate\":\"https:\/\/dev6.erresse-shop.it\/?s={search_term_string}\"},\"query-input\":{\"@type\":\"PropertyValueSpecification\",\"valueRequired\":true,\"valueName\":\"search_term_string\"}}],\"inLanguage\":\"es\"},{\"@type\":\"Organization\",\"@id\":\"https:\/\/dev6.erresse-shop.it\/#organization\",\"name\":\"Erresse Shop\",\"url\":\"https:\/\/dev6.erresse-shop.it\/\",\"logo\":{\"@type\":\"ImageObject\",\"inLanguage\":\"es\",\"@id\":\"https:\/\/dev6.erresse-shop.it\/#\/schema\/logo\/image\/\",\"url\":\"https:\/\/dev6.erresse-shop.it\/wp-content\/uploads\/2025\/01\/LOGO-ERRESSE-CLASSICO.svg\",\"contentUrl\":\"https:\/\/dev6.erresse-shop.it\/wp-content\/uploads\/2025\/01\/LOGO-ERRESSE-CLASSICO.svg\",\"caption\":\"Erresse Shop\"},\"image\":{\"@id\":\"https:\/\/dev6.erresse-shop.it\/#\/schema\/logo\/image\/\"}}]}<\/script>\n<!-- \/ Yoast SEO plugin. -->","yoast_head_json":{"title":"JOSEPH JOSEPH Arc Easy-Push Cubo de pedal negro mate 30L - dev6 Erresse","description":"Este elegante contenedor circular cuenta con un pedal grande que encaja perfectamente en el espacio del dise\u00f1o, ahorrando valioso espacio en el piso.","robots":{"index":"noindex","follow":"follow","max-snippet":"max-snippet:-1","max-image-preview":"max-image-preview:large","max-video-preview":"max-video-preview:-1"},"og_locale":"es_ES","og_type":"article","og_title":"JOSEPH JOSEPH Arc Easy-Push Cubo de pedal negro mate 30L - dev6 Erresse","og_description":"Este elegante contenedor circular cuenta con un pedal grande que encaja perfectamente en el espacio del dise\u00f1o, ahorrando valioso espacio en el piso.","og_url":"https:\/\/dev6.erresse-shop.it\/es\/shop\/mobiliario\/cubos-de-basura\/joseph-joseph-arc-easy-push-cubo-de-pedal-negro-mate-30l\/","og_site_name":"dev6 Erresse","og_image":[{"url":"https:\/\/interpim.erresse-shop.it\/Import\/Prodotti\/joseph-joseph-arc-easy-push-cestino-a-pedale-nero-opaco-30l.jpg","type":"","width":"","height":""},{"url":"https:\/\/interpim.erresse-shop.it\/Import\/Prodotti\/joseph-joseph-arc-easy-push-cestino-a-pedale-nero-opaco-30l.jpg","width":1024,"height":1024,"type":"image\/jpeg"}],"twitter_card":"summary_large_image","twitter_image":"https:\/\/interpim.erresse-shop.it\/Import\/Prodotti\/joseph-joseph-arc-easy-push-cestino-a-pedale-nero-opaco-30l.jpg","schema":{"@context":"https:\/\/schema.org","@graph":[{"@type":"WebPage","@id":"https:\/\/dev6.erresse-shop.it\/es\/shop\/mobiliario\/cubos-de-basura\/joseph-joseph-arc-easy-push-cubo-de-pedal-negro-mate-30l\/","url":"https:\/\/dev6.erresse-shop.it\/es\/shop\/mobiliario\/cubos-de-basura\/joseph-joseph-arc-easy-push-cubo-de-pedal-negro-mate-30l\/","name":"JOSEPH JOSEPH Arc Easy-Push Cubo de pedal negro mate 30L - dev6 Erresse","isPartOf":{"@id":"https:\/\/dev6.erresse-shop.it\/#website"},"primaryImageOfPage":{"@id":"https:\/\/dev6.erresse-shop.it\/es\/shop\/mobiliario\/cubos-de-basura\/joseph-joseph-arc-easy-push-cubo-de-pedal-negro-mate-30l\/#primaryimage"},"image":{"@id":"https:\/\/dev6.erresse-shop.it\/es\/shop\/mobiliario\/cubos-de-basura\/joseph-joseph-arc-easy-push-cubo-de-pedal-negro-mate-30l\/#primaryimage"},"thumbnailUrl":"https:\/\/i0.wp.com\/interpim.erresse-shop.it\/Import\/Prodotti\/joseph-joseph-arc-easy-push-cestino-a-pedale-nero-opaco-30l.jpg?ssl=1","datePublished":"2026-04-12T09:44:43+00:00","description":"Este elegante contenedor circular cuenta con un pedal grande que encaja perfectamente en el espacio del dise\u00f1o, ahorrando valioso espacio en el piso.","breadcrumb":{"@id":"https:\/\/dev6.erresse-shop.it\/es\/shop\/mobiliario\/cubos-de-basura\/joseph-joseph-arc-easy-push-cubo-de-pedal-negro-mate-30l\/#breadcrumb"},"inLanguage":"es","potentialAction":[{"@type":"ReadAction","target":["https:\/\/dev6.erresse-shop.it\/es\/shop\/mobiliario\/cubos-de-basura\/joseph-joseph-arc-easy-push-cubo-de-pedal-negro-mate-30l\/"]}]},{"@type":"ImageObject","inLanguage":"es","@id":"https:\/\/dev6.erresse-shop.it\/es\/shop\/mobiliario\/cubos-de-basura\/joseph-joseph-arc-easy-push-cubo-de-pedal-negro-mate-30l\/#primaryimage","url":"https:\/\/i0.wp.com\/interpim.erresse-shop.it\/Import\/Prodotti\/joseph-joseph-arc-easy-push-cestino-a-pedale-nero-opaco-30l.jpg?ssl=1","contentUrl":"https:\/\/i0.wp.com\/interpim.erresse-shop.it\/Import\/Prodotti\/joseph-joseph-arc-easy-push-cestino-a-pedale-nero-opaco-30l.jpg?ssl=1"},{"@type":"BreadcrumbList","@id":"https:\/\/dev6.erresse-shop.it\/es\/shop\/mobiliario\/cubos-de-basura\/joseph-joseph-arc-easy-push-cubo-de-pedal-negro-mate-30l\/#breadcrumb","itemListElement":[{"@type":"ListItem","position":1,"name":"Home","item":"https:\/\/dev6.erresse-shop.it\/"},{"@type":"ListItem","position":2,"name":"Tienda","item":"https:\/\/dev6.erresse-shop.it\/shop\/"},{"@type":"ListItem","position":3,"name":"JOSEPH JOSEPH Arc Easy-Push Cubo de pedal negro mate 30L"}]},{"@type":"WebSite","@id":"https:\/\/dev6.erresse-shop.it\/#website","url":"https:\/\/dev6.erresse-shop.it\/","name":"Erresse Shop","description":"","publisher":{"@id":"https:\/\/dev6.erresse-shop.it\/#organization"},"potentialAction":[{"@type":"SearchAction","target":{"@type":"EntryPoint","urlTemplate":"https:\/\/dev6.erresse-shop.it\/?s={search_term_string}"},"query-input":{"@type":"PropertyValueSpecification","valueRequired":true,"valueName":"search_term_string"}}],"inLanguage":"es"},{"@type":"Organization","@id":"https:\/\/dev6.erresse-shop.it\/#organization","name":"Erresse Shop","url":"https:\/\/dev6.erresse-shop.it\/","logo":{"@type":"ImageObject","inLanguage":"es","@id":"https:\/\/dev6.erresse-shop.it\/#\/schema\/logo\/image\/","url":"https:\/\/dev6.erresse-shop.it\/wp-content\/uploads\/2025\/01\/LOGO-ERRESSE-CLASSICO.svg","contentUrl":"https:\/\/dev6.erresse-shop.it\/wp-content\/uploads\/2025\/01\/LOGO-ERRESSE-CLASSICO.svg","caption":"Erresse Shop"},"image":{"@id":"https:\/\/dev6.erresse-shop.it\/#\/schema\/logo\/image\/"}}]}},"df_price":129.95,"df_sale_price":129.95,"df_regular_price":169.99,"df_image_link":"https:\/\/i0.wp.com\/interpim.erresse-shop.it\/Import\/Prodotti\/joseph-joseph-arc-easy-push-cestino-a-pedale-nero-opaco-30l.jpg?resize=300,300&ssl=1","fifu_image_url":"https:\/\/interpim.erresse-shop.it\/Import\/Prodotti\/joseph-joseph-arc-easy-push-cestino-a-pedale-nero-opaco-30l.jpg","_links":{"self":[{"href":"https:\/\/dev6.erresse-shop.it\/es\/wp-json\/wp\/v2\/product\/1882251","targetHints":{"allow":["GET"]}}],"collection":[{"href":"https:\/\/dev6.erresse-shop.it\/es\/wp-json\/wp\/v2\/product"}],"about":[{"href":"https:\/\/dev6.erresse-shop.it\/es\/wp-json\/wp\/v2\/types\/product"}],"wp:featuredmedia":[{"embeddable":true,"href":"https:\/\/dev6.erresse-shop.it\/es\/wp-json\/wp\/v2\/media\/6369819"}],"wp:attachment":[{"href":"https:\/\/dev6.erresse-shop.it\/es\/wp-json\/wp\/v2\/media?parent=1882251"}],"wp:term":[{"taxonomy":"product_cat","embeddable":true,"href":"https:\/\/dev6.erresse-shop.it\/es\/wp-json\/wp\/v2\/product_cat?post=1882251"},{"taxonomy":"product_tag","embeddable":true,"href":"https:\/\/dev6.erresse-shop.it\/es\/wp-json\/wp\/v2\/product_tag?post=1882251"}],"curies":[{"name":"wp","href":"https:\/\/api.w.org\/{rel}","templated":true}]}}