{"id":1882247,"date":"2026-04-12T11:44:43","date_gmt":"2026-04-12T09:44:43","guid":{"rendered":"https:\/\/dev6.erresse-shop.it\/shop\/sin%20categor\u00eda\/joseph-joseph-arc-easy-push-cubo-de-pedal-de-acero-inoxidable-10l\/"},"modified":"2026-01-21T20:19:43","modified_gmt":"2026-01-21T19:19:43","slug":"joseph-joseph-arc-easy-push-cubo-de-pedal-de-acero-inoxidable-10l","status":"publish","type":"product","link":"https:\/\/dev6.erresse-shop.it\/es\/shop\/mobiliario\/cubos-de-basura\/joseph-joseph-arc-easy-push-cubo-de-pedal-de-acero-inoxidable-10l\/","title":{"rendered":"JOSEPH JOSEPH Arc Easy-Push Cubo de pedal de acero inoxidable 10L"},"content":{"rendered":"<p>Este elegante contenedor circular cuenta con un pedal grande que encaja perfectamente en el espacio del dise\u00f1o, ahorrando valioso espacio en el piso. Adem\u00e1s, cuenta con un compartimento de almacenamiento incorporado en la parte posterior para las fundas, lo que las hace f\u00e1cilmente accesibles cuando sea necesario. Acabado en un elegante acero negro carb\u00f3n, tiene una capacidad de 10 litros (2,6 galones estadounidenses).<\/p>\n<p>Pedal grande y f\u00e1cil de presionar que se adapta perfectamente al tama\u00f1o del contenedor.<br \/>\nLos rollos de papel higi\u00e9nico se pueden guardar de forma segura en el compartimento de f\u00e1cil acceso en la parte trasera.<br \/>\nTapa de cierre suave con revestimiento antihuellas.<br \/>\nCubo extra\u00edble y f\u00e1cil de vaciar.<br \/>\nCompatible con revestimientos personalizados Joseph Joseph IW9.<\/p>\n<p>Cuidado y uso:<\/p>\n<p>\u00daselo con revestimientos personalizados Joseph Joseph IW9. Tambi\u00e9n se puede utilizar con fundas est\u00e1ndar.<br \/>\nSuperficies externas: limpiar con un pa\u00f1o h\u00famedo y secar con un pa\u00f1o suave y seco. No utilice pa\u00f1os abrasivos ni limpiadores qu\u00edmicos fuertes.<br \/>\nCubo: Ret\u00edrelo de la unidad y l\u00edmpielo con agua tibia y jab\u00f3n. Para eliminar los olores desagradables, puede utilizar una soluci\u00f3n de levadura en polvo y agua. Seque antes de guardarlo en la unidad.<\/p>\n<p>Dimensiones:<\/p>\n<p>Alto 44,7 x ancho 26 x profundidad 26,7 cm (alto 17,6 x ancho 10,2 x profundidad 10,5 pulgadas)<\/p>\n<p>Peso:<\/p>\n<p>2,65 kilos<\/p>\n<p>\u00a0<\/p>\n","protected":false},"excerpt":{"rendered":"<p>Este elegante contenedor circular cuenta con un pedal grande que encaja perfectamente en el espacio del dise\u00f1o, ahorrando valioso espacio en el piso. Adem\u00e1s, cuenta con un compartimento de almacenamiento incorporado en la parte posterior para las fundas, lo que las hace f\u00e1cilmente accesibles cuando sea necesario. Acabado en un elegante acero negro carb\u00f3n, tiene [&hellip;]<\/p>\n","protected":false},"featured_media":6369809,"template":"","meta":{"_acf_changed":false},"product_cat":[11666,11921,11882],"product_tag":[],"class_list":{"0":"post-1882247","1":"product","2":"type-product","3":"status-publish","4":"has-post-thumbnail","6":"product_cat-arredamento-casa","7":"product_cat-cubos-de-basura","8":"product_cat-mobiliario","10":"first","11":"instock","12":"sale","13":"taxable","14":"shipping-taxable","15":"purchasable","16":"product-type-simple","swatches":"rey-swatches","show_selected":"","stretch_labels":"rey-swatches--stretch-labels"},"acf":[],"yoast_head":"<!-- This site is optimized with the Yoast SEO plugin v25.4 - https:\/\/yoast.com\/wordpress\/plugins\/seo\/ -->\n<title>JOSEPH JOSEPH Arc Easy-Push Cubo de pedal de acero inoxidable 10L - dev6 Erresse<\/title>\n<meta name=\"description\" content=\"Este elegante contenedor circular cuenta con un pedal grande que encaja perfectamente en el espacio del dise\u00f1o, ahorrando valioso espacio en el piso.\" \/>\n<meta name=\"robots\" content=\"noindex, follow, max-snippet:-1, max-image-preview:large, max-video-preview:-1\" \/>\n<meta property=\"og:locale\" content=\"es_ES\" \/>\n<meta property=\"og:type\" content=\"article\" \/>\n<meta property=\"og:title\" content=\"JOSEPH JOSEPH Arc Easy-Push Cubo de pedal de acero inoxidable 10L - dev6 Erresse\" \/>\n<meta property=\"og:description\" content=\"Este elegante contenedor circular cuenta con un pedal grande que encaja perfectamente en el espacio del dise\u00f1o, ahorrando valioso espacio en el piso.\" \/>\n<meta property=\"og:url\" content=\"https:\/\/dev6.erresse-shop.it\/es\/shop\/mobiliario\/cubos-de-basura\/joseph-joseph-arc-easy-push-cubo-de-pedal-de-acero-inoxidable-10l\/\" \/>\n<meta property=\"og:site_name\" content=\"dev6 Erresse\" \/>\n<meta property=\"og:image\" content=\"https:\/\/interpim.erresse-shop.it\/Import\/Prodotti\/joseph-joseph-arc-easy-push-cestino-a-pedale-acciaio-inox-10l.jpg\" \/><meta property=\"og:image\" content=\"https:\/\/interpim.erresse-shop.it\/Import\/Prodotti\/joseph-joseph-arc-easy-push-cestino-a-pedale-acciaio-inox-10l.jpg\" \/>\n\t<meta property=\"og:image:width\" content=\"1024\" \/>\n\t<meta property=\"og:image:height\" content=\"1024\" \/>\n\t<meta property=\"og:image:type\" content=\"image\/jpeg\" \/>\n<meta name=\"twitter:card\" content=\"summary_large_image\" \/>\n<meta name=\"twitter:image\" content=\"https:\/\/interpim.erresse-shop.it\/Import\/Prodotti\/joseph-joseph-arc-easy-push-cestino-a-pedale-acciaio-inox-10l.jpg\" \/>\n<script type=\"application\/ld+json\" class=\"yoast-schema-graph\">{\"@context\":\"https:\/\/schema.org\",\"@graph\":[{\"@type\":\"WebPage\",\"@id\":\"https:\/\/dev6.erresse-shop.it\/es\/shop\/mobiliario\/cubos-de-basura\/joseph-joseph-arc-easy-push-cubo-de-pedal-de-acero-inoxidable-10l\/\",\"url\":\"https:\/\/dev6.erresse-shop.it\/es\/shop\/mobiliario\/cubos-de-basura\/joseph-joseph-arc-easy-push-cubo-de-pedal-de-acero-inoxidable-10l\/\",\"name\":\"JOSEPH JOSEPH Arc Easy-Push Cubo de pedal de acero inoxidable 10L - dev6 Erresse\",\"isPartOf\":{\"@id\":\"https:\/\/dev6.erresse-shop.it\/#website\"},\"primaryImageOfPage\":{\"@id\":\"https:\/\/dev6.erresse-shop.it\/es\/shop\/mobiliario\/cubos-de-basura\/joseph-joseph-arc-easy-push-cubo-de-pedal-de-acero-inoxidable-10l\/#primaryimage\"},\"image\":{\"@id\":\"https:\/\/dev6.erresse-shop.it\/es\/shop\/mobiliario\/cubos-de-basura\/joseph-joseph-arc-easy-push-cubo-de-pedal-de-acero-inoxidable-10l\/#primaryimage\"},\"thumbnailUrl\":\"https:\/\/i1.wp.com\/interpim.erresse-shop.it\/Import\/Prodotti\/joseph-joseph-arc-easy-push-cestino-a-pedale-acciaio-inox-10l.jpg?ssl=1\",\"datePublished\":\"2026-04-12T09:44:43+00:00\",\"description\":\"Este elegante contenedor circular cuenta con un pedal grande que encaja perfectamente en el espacio del dise\u00f1o, ahorrando valioso espacio en el piso.\",\"breadcrumb\":{\"@id\":\"https:\/\/dev6.erresse-shop.it\/es\/shop\/mobiliario\/cubos-de-basura\/joseph-joseph-arc-easy-push-cubo-de-pedal-de-acero-inoxidable-10l\/#breadcrumb\"},\"inLanguage\":\"es\",\"potentialAction\":[{\"@type\":\"ReadAction\",\"target\":[\"https:\/\/dev6.erresse-shop.it\/es\/shop\/mobiliario\/cubos-de-basura\/joseph-joseph-arc-easy-push-cubo-de-pedal-de-acero-inoxidable-10l\/\"]}]},{\"@type\":\"ImageObject\",\"inLanguage\":\"es\",\"@id\":\"https:\/\/dev6.erresse-shop.it\/es\/shop\/mobiliario\/cubos-de-basura\/joseph-joseph-arc-easy-push-cubo-de-pedal-de-acero-inoxidable-10l\/#primaryimage\",\"url\":\"https:\/\/i1.wp.com\/interpim.erresse-shop.it\/Import\/Prodotti\/joseph-joseph-arc-easy-push-cestino-a-pedale-acciaio-inox-10l.jpg?ssl=1\",\"contentUrl\":\"https:\/\/i1.wp.com\/interpim.erresse-shop.it\/Import\/Prodotti\/joseph-joseph-arc-easy-push-cestino-a-pedale-acciaio-inox-10l.jpg?ssl=1\"},{\"@type\":\"BreadcrumbList\",\"@id\":\"https:\/\/dev6.erresse-shop.it\/es\/shop\/mobiliario\/cubos-de-basura\/joseph-joseph-arc-easy-push-cubo-de-pedal-de-acero-inoxidable-10l\/#breadcrumb\",\"itemListElement\":[{\"@type\":\"ListItem\",\"position\":1,\"name\":\"Home\",\"item\":\"https:\/\/dev6.erresse-shop.it\/\"},{\"@type\":\"ListItem\",\"position\":2,\"name\":\"Tienda\",\"item\":\"https:\/\/dev6.erresse-shop.it\/shop\/\"},{\"@type\":\"ListItem\",\"position\":3,\"name\":\"JOSEPH JOSEPH Arc Easy-Push Cubo de pedal de acero inoxidable 10L\"}]},{\"@type\":\"WebSite\",\"@id\":\"https:\/\/dev6.erresse-shop.it\/#website\",\"url\":\"https:\/\/dev6.erresse-shop.it\/\",\"name\":\"Erresse Shop\",\"description\":\"\",\"publisher\":{\"@id\":\"https:\/\/dev6.erresse-shop.it\/#organization\"},\"potentialAction\":[{\"@type\":\"SearchAction\",\"target\":{\"@type\":\"EntryPoint\",\"urlTemplate\":\"https:\/\/dev6.erresse-shop.it\/?s={search_term_string}\"},\"query-input\":{\"@type\":\"PropertyValueSpecification\",\"valueRequired\":true,\"valueName\":\"search_term_string\"}}],\"inLanguage\":\"es\"},{\"@type\":\"Organization\",\"@id\":\"https:\/\/dev6.erresse-shop.it\/#organization\",\"name\":\"Erresse Shop\",\"url\":\"https:\/\/dev6.erresse-shop.it\/\",\"logo\":{\"@type\":\"ImageObject\",\"inLanguage\":\"es\",\"@id\":\"https:\/\/dev6.erresse-shop.it\/#\/schema\/logo\/image\/\",\"url\":\"https:\/\/dev6.erresse-shop.it\/wp-content\/uploads\/2025\/01\/LOGO-ERRESSE-CLASSICO.svg\",\"contentUrl\":\"https:\/\/dev6.erresse-shop.it\/wp-content\/uploads\/2025\/01\/LOGO-ERRESSE-CLASSICO.svg\",\"caption\":\"Erresse Shop\"},\"image\":{\"@id\":\"https:\/\/dev6.erresse-shop.it\/#\/schema\/logo\/image\/\"}}]}<\/script>\n<!-- \/ Yoast SEO plugin. -->","yoast_head_json":{"title":"JOSEPH JOSEPH Arc Easy-Push Cubo de pedal de acero inoxidable 10L - dev6 Erresse","description":"Este elegante contenedor circular cuenta con un pedal grande que encaja perfectamente en el espacio del dise\u00f1o, ahorrando valioso espacio en el piso.","robots":{"index":"noindex","follow":"follow","max-snippet":"max-snippet:-1","max-image-preview":"max-image-preview:large","max-video-preview":"max-video-preview:-1"},"og_locale":"es_ES","og_type":"article","og_title":"JOSEPH JOSEPH Arc Easy-Push Cubo de pedal de acero inoxidable 10L - dev6 Erresse","og_description":"Este elegante contenedor circular cuenta con un pedal grande que encaja perfectamente en el espacio del dise\u00f1o, ahorrando valioso espacio en el piso.","og_url":"https:\/\/dev6.erresse-shop.it\/es\/shop\/mobiliario\/cubos-de-basura\/joseph-joseph-arc-easy-push-cubo-de-pedal-de-acero-inoxidable-10l\/","og_site_name":"dev6 Erresse","og_image":[{"url":"https:\/\/interpim.erresse-shop.it\/Import\/Prodotti\/joseph-joseph-arc-easy-push-cestino-a-pedale-acciaio-inox-10l.jpg","type":"","width":"","height":""},{"url":"https:\/\/interpim.erresse-shop.it\/Import\/Prodotti\/joseph-joseph-arc-easy-push-cestino-a-pedale-acciaio-inox-10l.jpg","width":1024,"height":1024,"type":"image\/jpeg"}],"twitter_card":"summary_large_image","twitter_image":"https:\/\/interpim.erresse-shop.it\/Import\/Prodotti\/joseph-joseph-arc-easy-push-cestino-a-pedale-acciaio-inox-10l.jpg","schema":{"@context":"https:\/\/schema.org","@graph":[{"@type":"WebPage","@id":"https:\/\/dev6.erresse-shop.it\/es\/shop\/mobiliario\/cubos-de-basura\/joseph-joseph-arc-easy-push-cubo-de-pedal-de-acero-inoxidable-10l\/","url":"https:\/\/dev6.erresse-shop.it\/es\/shop\/mobiliario\/cubos-de-basura\/joseph-joseph-arc-easy-push-cubo-de-pedal-de-acero-inoxidable-10l\/","name":"JOSEPH JOSEPH Arc Easy-Push Cubo de pedal de acero inoxidable 10L - dev6 Erresse","isPartOf":{"@id":"https:\/\/dev6.erresse-shop.it\/#website"},"primaryImageOfPage":{"@id":"https:\/\/dev6.erresse-shop.it\/es\/shop\/mobiliario\/cubos-de-basura\/joseph-joseph-arc-easy-push-cubo-de-pedal-de-acero-inoxidable-10l\/#primaryimage"},"image":{"@id":"https:\/\/dev6.erresse-shop.it\/es\/shop\/mobiliario\/cubos-de-basura\/joseph-joseph-arc-easy-push-cubo-de-pedal-de-acero-inoxidable-10l\/#primaryimage"},"thumbnailUrl":"https:\/\/i1.wp.com\/interpim.erresse-shop.it\/Import\/Prodotti\/joseph-joseph-arc-easy-push-cestino-a-pedale-acciaio-inox-10l.jpg?ssl=1","datePublished":"2026-04-12T09:44:43+00:00","description":"Este elegante contenedor circular cuenta con un pedal grande que encaja perfectamente en el espacio del dise\u00f1o, ahorrando valioso espacio en el piso.","breadcrumb":{"@id":"https:\/\/dev6.erresse-shop.it\/es\/shop\/mobiliario\/cubos-de-basura\/joseph-joseph-arc-easy-push-cubo-de-pedal-de-acero-inoxidable-10l\/#breadcrumb"},"inLanguage":"es","potentialAction":[{"@type":"ReadAction","target":["https:\/\/dev6.erresse-shop.it\/es\/shop\/mobiliario\/cubos-de-basura\/joseph-joseph-arc-easy-push-cubo-de-pedal-de-acero-inoxidable-10l\/"]}]},{"@type":"ImageObject","inLanguage":"es","@id":"https:\/\/dev6.erresse-shop.it\/es\/shop\/mobiliario\/cubos-de-basura\/joseph-joseph-arc-easy-push-cubo-de-pedal-de-acero-inoxidable-10l\/#primaryimage","url":"https:\/\/i1.wp.com\/interpim.erresse-shop.it\/Import\/Prodotti\/joseph-joseph-arc-easy-push-cestino-a-pedale-acciaio-inox-10l.jpg?ssl=1","contentUrl":"https:\/\/i1.wp.com\/interpim.erresse-shop.it\/Import\/Prodotti\/joseph-joseph-arc-easy-push-cestino-a-pedale-acciaio-inox-10l.jpg?ssl=1"},{"@type":"BreadcrumbList","@id":"https:\/\/dev6.erresse-shop.it\/es\/shop\/mobiliario\/cubos-de-basura\/joseph-joseph-arc-easy-push-cubo-de-pedal-de-acero-inoxidable-10l\/#breadcrumb","itemListElement":[{"@type":"ListItem","position":1,"name":"Home","item":"https:\/\/dev6.erresse-shop.it\/"},{"@type":"ListItem","position":2,"name":"Tienda","item":"https:\/\/dev6.erresse-shop.it\/shop\/"},{"@type":"ListItem","position":3,"name":"JOSEPH JOSEPH Arc Easy-Push Cubo de pedal de acero inoxidable 10L"}]},{"@type":"WebSite","@id":"https:\/\/dev6.erresse-shop.it\/#website","url":"https:\/\/dev6.erresse-shop.it\/","name":"Erresse Shop","description":"","publisher":{"@id":"https:\/\/dev6.erresse-shop.it\/#organization"},"potentialAction":[{"@type":"SearchAction","target":{"@type":"EntryPoint","urlTemplate":"https:\/\/dev6.erresse-shop.it\/?s={search_term_string}"},"query-input":{"@type":"PropertyValueSpecification","valueRequired":true,"valueName":"search_term_string"}}],"inLanguage":"es"},{"@type":"Organization","@id":"https:\/\/dev6.erresse-shop.it\/#organization","name":"Erresse Shop","url":"https:\/\/dev6.erresse-shop.it\/","logo":{"@type":"ImageObject","inLanguage":"es","@id":"https:\/\/dev6.erresse-shop.it\/#\/schema\/logo\/image\/","url":"https:\/\/dev6.erresse-shop.it\/wp-content\/uploads\/2025\/01\/LOGO-ERRESSE-CLASSICO.svg","contentUrl":"https:\/\/dev6.erresse-shop.it\/wp-content\/uploads\/2025\/01\/LOGO-ERRESSE-CLASSICO.svg","caption":"Erresse Shop"},"image":{"@id":"https:\/\/dev6.erresse-shop.it\/#\/schema\/logo\/image\/"}}]}},"df_price":69,"df_sale_price":69,"df_regular_price":89.99,"df_image_link":"https:\/\/i1.wp.com\/interpim.erresse-shop.it\/Import\/Prodotti\/joseph-joseph-arc-easy-push-cestino-a-pedale-acciaio-inox-10l.jpg?resize=300,300&ssl=1","fifu_image_url":"https:\/\/interpim.erresse-shop.it\/Import\/Prodotti\/joseph-joseph-arc-easy-push-cestino-a-pedale-acciaio-inox-10l.jpg","_links":{"self":[{"href":"https:\/\/dev6.erresse-shop.it\/es\/wp-json\/wp\/v2\/product\/1882247","targetHints":{"allow":["GET"]}}],"collection":[{"href":"https:\/\/dev6.erresse-shop.it\/es\/wp-json\/wp\/v2\/product"}],"about":[{"href":"https:\/\/dev6.erresse-shop.it\/es\/wp-json\/wp\/v2\/types\/product"}],"wp:featuredmedia":[{"embeddable":true,"href":"https:\/\/dev6.erresse-shop.it\/es\/wp-json\/wp\/v2\/media\/6369809"}],"wp:attachment":[{"href":"https:\/\/dev6.erresse-shop.it\/es\/wp-json\/wp\/v2\/media?parent=1882247"}],"wp:term":[{"taxonomy":"product_cat","embeddable":true,"href":"https:\/\/dev6.erresse-shop.it\/es\/wp-json\/wp\/v2\/product_cat?post=1882247"},{"taxonomy":"product_tag","embeddable":true,"href":"https:\/\/dev6.erresse-shop.it\/es\/wp-json\/wp\/v2\/product_tag?post=1882247"}],"curies":[{"name":"wp","href":"https:\/\/api.w.org\/{rel}","templated":true}]}}