{"id":1882241,"date":"2026-04-12T11:44:43","date_gmt":"2026-04-12T09:44:43","guid":{"rendered":"https:\/\/dev6.erresse-shop.it\/shop\/sin%20categor\u00eda\/joseph-joseph-petal-percha-de-secado-rapido-32-piezas-crudo\/"},"modified":"2026-01-21T20:19:38","modified_gmt":"2026-01-21T19:19:38","slug":"joseph-joseph-petal-percha-de-secado-rapido-32-piezas-crudo","status":"publish","type":"product","link":"https:\/\/dev6.erresse-shop.it\/es\/shop\/mobiliario\/articulos-de-decoracion\/joseph-joseph-petal-percha-de-secado-rapido-32-piezas-crudo\/","title":{"rendered":"JOSEPH JOSEPH Petal Percha de secado r\u00e1pido 32 piezas Crudo"},"content":{"rendered":"<p>Petal\u2122 es un pa\u00f1uelo inteligente, con el que se pueden llevar peque\u00f1as prendas, como calcetines y medias, de forma r\u00e1pida y sencilla. Coloque f\u00e1cilmente cada pieza de ropa entre las empu\u00f1aduras para cargarla y recogerla con eficacia.<\/p>\n<p>Dise\u00f1o de f\u00e1cil carga con asas de presi\u00f3n para un secado seguro.<br \/>\nPerfecta para secar prendas peque\u00f1as como calcetines y ropa interior.<br \/>\nDos robustos ganchos de aluminio para colgarla con seguridad en interiores o exteriores.<br \/>\nSe pliega para ahorrar espacio.<br \/>\nCapacidad para 32 prendas de ropa interior.<\/p>\n<p>Cuidado y uso:<\/p>\n<p>Limpiar con un pa\u00f1o h\u00famedo.<br \/>\nPrecauci\u00f3n: No sobrecargar.<br \/>\nGuardar en un lugar seco cuando no se utilice.<br \/>\nFabricado con un m\u00ednimo del 40% de pl\u00e1stico reciclado procedente de residuos postconsumo. Debido a las diferencias en el material reciclado, el color del producto puede variar y pueden aparecer peque\u00f1as manchas en la superficie. Esto es perfectamente normal y no afecta a la durabilidad ni al rendimiento del producto.<\/p>\n<p>Dimensiones:<\/p>\n<p>H1,2 x B17,5 x T40,5 cm (H0,47 x A6,89 x T15,94 Zoll)<\/p>\n","protected":false},"excerpt":{"rendered":"<p>Petal\u2122 es un pa\u00f1uelo inteligente, con el que se pueden llevar peque\u00f1as prendas, como calcetines y medias, de forma r\u00e1pida y sencilla. Coloque f\u00e1cilmente cada pieza de ropa entre las empu\u00f1aduras para cargarla y recogerla con eficacia. Dise\u00f1o de f\u00e1cil carga con asas de presi\u00f3n para un secado seguro. Perfecta para secar prendas peque\u00f1as como [&hellip;]<\/p>\n","protected":false},"featured_media":6369790,"template":"","meta":{"_acf_changed":false},"product_cat":[11666,11913,11882],"product_tag":[],"class_list":{"0":"post-1882241","1":"product","2":"type-product","3":"status-publish","4":"has-post-thumbnail","6":"product_cat-arredamento-casa","7":"product_cat-articulos-de-decoracion","8":"product_cat-mobiliario","10":"first","11":"instock","12":"sale","13":"taxable","14":"shipping-taxable","15":"purchasable","16":"product-type-simple","swatches":"rey-swatches","show_selected":"","stretch_labels":"rey-swatches--stretch-labels"},"acf":[],"yoast_head":"<!-- This site is optimized with the Yoast SEO plugin v25.4 - https:\/\/yoast.com\/wordpress\/plugins\/seo\/ -->\n<title>JOSEPH JOSEPH Petal Percha de secado r\u00e1pido 32 piezas Crudo - dev6 Erresse<\/title>\n<meta name=\"description\" content=\"Petal\u2122 es un pa\u00f1uelo inteligente, con el que se pueden llevar peque\u00f1as prendas, como calcetines y medias, de forma r\u00e1pida y sencilla. Coloque f\u00e1cilmente\" \/>\n<meta name=\"robots\" content=\"noindex, follow, max-snippet:-1, max-image-preview:large, max-video-preview:-1\" \/>\n<meta property=\"og:locale\" content=\"es_ES\" \/>\n<meta property=\"og:type\" content=\"article\" \/>\n<meta property=\"og:title\" content=\"JOSEPH JOSEPH Petal Percha de secado r\u00e1pido 32 piezas Crudo - dev6 Erresse\" \/>\n<meta property=\"og:description\" content=\"Petal\u2122 es un pa\u00f1uelo inteligente, con el que se pueden llevar peque\u00f1as prendas, como calcetines y medias, de forma r\u00e1pida y sencilla. Coloque f\u00e1cilmente\" \/>\n<meta property=\"og:url\" content=\"https:\/\/dev6.erresse-shop.it\/es\/shop\/mobiliario\/articulos-de-decoracion\/joseph-joseph-petal-percha-de-secado-rapido-32-piezas-crudo\/\" \/>\n<meta property=\"og:site_name\" content=\"dev6 Erresse\" \/>\n<meta property=\"og:image\" content=\"https:\/\/interpim.erresse-shop.it\/Import\/Prodotti\/joseph-joseph-petal-gancio-per-asciugatura-a-presa-rapida-32-pezzi-ecru.jpg\" \/><meta property=\"og:image\" content=\"https:\/\/interpim.erresse-shop.it\/Import\/Prodotti\/joseph-joseph-petal-gancio-per-asciugatura-a-presa-rapida-32-pezzi-ecru.jpg\" \/>\n\t<meta property=\"og:image:width\" content=\"1024\" \/>\n\t<meta property=\"og:image:height\" content=\"1024\" \/>\n\t<meta property=\"og:image:type\" content=\"image\/jpeg\" \/>\n<meta name=\"twitter:card\" content=\"summary_large_image\" \/>\n<meta name=\"twitter:image\" content=\"https:\/\/interpim.erresse-shop.it\/Import\/Prodotti\/joseph-joseph-petal-gancio-per-asciugatura-a-presa-rapida-32-pezzi-ecru.jpg\" \/>\n<script type=\"application\/ld+json\" class=\"yoast-schema-graph\">{\"@context\":\"https:\/\/schema.org\",\"@graph\":[{\"@type\":\"WebPage\",\"@id\":\"https:\/\/dev6.erresse-shop.it\/es\/shop\/mobiliario\/articulos-de-decoracion\/joseph-joseph-petal-percha-de-secado-rapido-32-piezas-crudo\/\",\"url\":\"https:\/\/dev6.erresse-shop.it\/es\/shop\/mobiliario\/articulos-de-decoracion\/joseph-joseph-petal-percha-de-secado-rapido-32-piezas-crudo\/\",\"name\":\"JOSEPH JOSEPH Petal Percha de secado r\u00e1pido 32 piezas Crudo - dev6 Erresse\",\"isPartOf\":{\"@id\":\"https:\/\/dev6.erresse-shop.it\/#website\"},\"primaryImageOfPage\":{\"@id\":\"https:\/\/dev6.erresse-shop.it\/es\/shop\/mobiliario\/articulos-de-decoracion\/joseph-joseph-petal-percha-de-secado-rapido-32-piezas-crudo\/#primaryimage\"},\"image\":{\"@id\":\"https:\/\/dev6.erresse-shop.it\/es\/shop\/mobiliario\/articulos-de-decoracion\/joseph-joseph-petal-percha-de-secado-rapido-32-piezas-crudo\/#primaryimage\"},\"thumbnailUrl\":\"https:\/\/i1.wp.com\/interpim.erresse-shop.it\/Import\/Prodotti\/joseph-joseph-petal-gancio-per-asciugatura-a-presa-rapida-32-pezzi-ecru.jpg?ssl=1\",\"datePublished\":\"2026-04-12T09:44:43+00:00\",\"description\":\"Petal\u2122 es un pa\u00f1uelo inteligente, con el que se pueden llevar peque\u00f1as prendas, como calcetines y medias, de forma r\u00e1pida y sencilla. Coloque f\u00e1cilmente\",\"breadcrumb\":{\"@id\":\"https:\/\/dev6.erresse-shop.it\/es\/shop\/mobiliario\/articulos-de-decoracion\/joseph-joseph-petal-percha-de-secado-rapido-32-piezas-crudo\/#breadcrumb\"},\"inLanguage\":\"es\",\"potentialAction\":[{\"@type\":\"ReadAction\",\"target\":[\"https:\/\/dev6.erresse-shop.it\/es\/shop\/mobiliario\/articulos-de-decoracion\/joseph-joseph-petal-percha-de-secado-rapido-32-piezas-crudo\/\"]}]},{\"@type\":\"ImageObject\",\"inLanguage\":\"es\",\"@id\":\"https:\/\/dev6.erresse-shop.it\/es\/shop\/mobiliario\/articulos-de-decoracion\/joseph-joseph-petal-percha-de-secado-rapido-32-piezas-crudo\/#primaryimage\",\"url\":\"https:\/\/i1.wp.com\/interpim.erresse-shop.it\/Import\/Prodotti\/joseph-joseph-petal-gancio-per-asciugatura-a-presa-rapida-32-pezzi-ecru.jpg?ssl=1\",\"contentUrl\":\"https:\/\/i1.wp.com\/interpim.erresse-shop.it\/Import\/Prodotti\/joseph-joseph-petal-gancio-per-asciugatura-a-presa-rapida-32-pezzi-ecru.jpg?ssl=1\"},{\"@type\":\"BreadcrumbList\",\"@id\":\"https:\/\/dev6.erresse-shop.it\/es\/shop\/mobiliario\/articulos-de-decoracion\/joseph-joseph-petal-percha-de-secado-rapido-32-piezas-crudo\/#breadcrumb\",\"itemListElement\":[{\"@type\":\"ListItem\",\"position\":1,\"name\":\"Home\",\"item\":\"https:\/\/dev6.erresse-shop.it\/\"},{\"@type\":\"ListItem\",\"position\":2,\"name\":\"Tienda\",\"item\":\"https:\/\/dev6.erresse-shop.it\/shop\/\"},{\"@type\":\"ListItem\",\"position\":3,\"name\":\"JOSEPH JOSEPH Petal Percha de secado r\u00e1pido 32 piezas Crudo\"}]},{\"@type\":\"WebSite\",\"@id\":\"https:\/\/dev6.erresse-shop.it\/#website\",\"url\":\"https:\/\/dev6.erresse-shop.it\/\",\"name\":\"Erresse Shop\",\"description\":\"\",\"publisher\":{\"@id\":\"https:\/\/dev6.erresse-shop.it\/#organization\"},\"potentialAction\":[{\"@type\":\"SearchAction\",\"target\":{\"@type\":\"EntryPoint\",\"urlTemplate\":\"https:\/\/dev6.erresse-shop.it\/?s={search_term_string}\"},\"query-input\":{\"@type\":\"PropertyValueSpecification\",\"valueRequired\":true,\"valueName\":\"search_term_string\"}}],\"inLanguage\":\"es\"},{\"@type\":\"Organization\",\"@id\":\"https:\/\/dev6.erresse-shop.it\/#organization\",\"name\":\"Erresse Shop\",\"url\":\"https:\/\/dev6.erresse-shop.it\/\",\"logo\":{\"@type\":\"ImageObject\",\"inLanguage\":\"es\",\"@id\":\"https:\/\/dev6.erresse-shop.it\/#\/schema\/logo\/image\/\",\"url\":\"https:\/\/dev6.erresse-shop.it\/wp-content\/uploads\/2025\/01\/LOGO-ERRESSE-CLASSICO.svg\",\"contentUrl\":\"https:\/\/dev6.erresse-shop.it\/wp-content\/uploads\/2025\/01\/LOGO-ERRESSE-CLASSICO.svg\",\"caption\":\"Erresse Shop\"},\"image\":{\"@id\":\"https:\/\/dev6.erresse-shop.it\/#\/schema\/logo\/image\/\"}}]}<\/script>\n<!-- \/ Yoast SEO plugin. -->","yoast_head_json":{"title":"JOSEPH JOSEPH Petal Percha de secado r\u00e1pido 32 piezas Crudo - dev6 Erresse","description":"Petal\u2122 es un pa\u00f1uelo inteligente, con el que se pueden llevar peque\u00f1as prendas, como calcetines y medias, de forma r\u00e1pida y sencilla. Coloque f\u00e1cilmente","robots":{"index":"noindex","follow":"follow","max-snippet":"max-snippet:-1","max-image-preview":"max-image-preview:large","max-video-preview":"max-video-preview:-1"},"og_locale":"es_ES","og_type":"article","og_title":"JOSEPH JOSEPH Petal Percha de secado r\u00e1pido 32 piezas Crudo - dev6 Erresse","og_description":"Petal\u2122 es un pa\u00f1uelo inteligente, con el que se pueden llevar peque\u00f1as prendas, como calcetines y medias, de forma r\u00e1pida y sencilla. Coloque f\u00e1cilmente","og_url":"https:\/\/dev6.erresse-shop.it\/es\/shop\/mobiliario\/articulos-de-decoracion\/joseph-joseph-petal-percha-de-secado-rapido-32-piezas-crudo\/","og_site_name":"dev6 Erresse","og_image":[{"url":"https:\/\/interpim.erresse-shop.it\/Import\/Prodotti\/joseph-joseph-petal-gancio-per-asciugatura-a-presa-rapida-32-pezzi-ecru.jpg","type":"","width":"","height":""},{"url":"https:\/\/interpim.erresse-shop.it\/Import\/Prodotti\/joseph-joseph-petal-gancio-per-asciugatura-a-presa-rapida-32-pezzi-ecru.jpg","width":1024,"height":1024,"type":"image\/jpeg"}],"twitter_card":"summary_large_image","twitter_image":"https:\/\/interpim.erresse-shop.it\/Import\/Prodotti\/joseph-joseph-petal-gancio-per-asciugatura-a-presa-rapida-32-pezzi-ecru.jpg","schema":{"@context":"https:\/\/schema.org","@graph":[{"@type":"WebPage","@id":"https:\/\/dev6.erresse-shop.it\/es\/shop\/mobiliario\/articulos-de-decoracion\/joseph-joseph-petal-percha-de-secado-rapido-32-piezas-crudo\/","url":"https:\/\/dev6.erresse-shop.it\/es\/shop\/mobiliario\/articulos-de-decoracion\/joseph-joseph-petal-percha-de-secado-rapido-32-piezas-crudo\/","name":"JOSEPH JOSEPH Petal Percha de secado r\u00e1pido 32 piezas Crudo - dev6 Erresse","isPartOf":{"@id":"https:\/\/dev6.erresse-shop.it\/#website"},"primaryImageOfPage":{"@id":"https:\/\/dev6.erresse-shop.it\/es\/shop\/mobiliario\/articulos-de-decoracion\/joseph-joseph-petal-percha-de-secado-rapido-32-piezas-crudo\/#primaryimage"},"image":{"@id":"https:\/\/dev6.erresse-shop.it\/es\/shop\/mobiliario\/articulos-de-decoracion\/joseph-joseph-petal-percha-de-secado-rapido-32-piezas-crudo\/#primaryimage"},"thumbnailUrl":"https:\/\/i1.wp.com\/interpim.erresse-shop.it\/Import\/Prodotti\/joseph-joseph-petal-gancio-per-asciugatura-a-presa-rapida-32-pezzi-ecru.jpg?ssl=1","datePublished":"2026-04-12T09:44:43+00:00","description":"Petal\u2122 es un pa\u00f1uelo inteligente, con el que se pueden llevar peque\u00f1as prendas, como calcetines y medias, de forma r\u00e1pida y sencilla. Coloque f\u00e1cilmente","breadcrumb":{"@id":"https:\/\/dev6.erresse-shop.it\/es\/shop\/mobiliario\/articulos-de-decoracion\/joseph-joseph-petal-percha-de-secado-rapido-32-piezas-crudo\/#breadcrumb"},"inLanguage":"es","potentialAction":[{"@type":"ReadAction","target":["https:\/\/dev6.erresse-shop.it\/es\/shop\/mobiliario\/articulos-de-decoracion\/joseph-joseph-petal-percha-de-secado-rapido-32-piezas-crudo\/"]}]},{"@type":"ImageObject","inLanguage":"es","@id":"https:\/\/dev6.erresse-shop.it\/es\/shop\/mobiliario\/articulos-de-decoracion\/joseph-joseph-petal-percha-de-secado-rapido-32-piezas-crudo\/#primaryimage","url":"https:\/\/i1.wp.com\/interpim.erresse-shop.it\/Import\/Prodotti\/joseph-joseph-petal-gancio-per-asciugatura-a-presa-rapida-32-pezzi-ecru.jpg?ssl=1","contentUrl":"https:\/\/i1.wp.com\/interpim.erresse-shop.it\/Import\/Prodotti\/joseph-joseph-petal-gancio-per-asciugatura-a-presa-rapida-32-pezzi-ecru.jpg?ssl=1"},{"@type":"BreadcrumbList","@id":"https:\/\/dev6.erresse-shop.it\/es\/shop\/mobiliario\/articulos-de-decoracion\/joseph-joseph-petal-percha-de-secado-rapido-32-piezas-crudo\/#breadcrumb","itemListElement":[{"@type":"ListItem","position":1,"name":"Home","item":"https:\/\/dev6.erresse-shop.it\/"},{"@type":"ListItem","position":2,"name":"Tienda","item":"https:\/\/dev6.erresse-shop.it\/shop\/"},{"@type":"ListItem","position":3,"name":"JOSEPH JOSEPH Petal Percha de secado r\u00e1pido 32 piezas Crudo"}]},{"@type":"WebSite","@id":"https:\/\/dev6.erresse-shop.it\/#website","url":"https:\/\/dev6.erresse-shop.it\/","name":"Erresse Shop","description":"","publisher":{"@id":"https:\/\/dev6.erresse-shop.it\/#organization"},"potentialAction":[{"@type":"SearchAction","target":{"@type":"EntryPoint","urlTemplate":"https:\/\/dev6.erresse-shop.it\/?s={search_term_string}"},"query-input":{"@type":"PropertyValueSpecification","valueRequired":true,"valueName":"search_term_string"}}],"inLanguage":"es"},{"@type":"Organization","@id":"https:\/\/dev6.erresse-shop.it\/#organization","name":"Erresse Shop","url":"https:\/\/dev6.erresse-shop.it\/","logo":{"@type":"ImageObject","inLanguage":"es","@id":"https:\/\/dev6.erresse-shop.it\/#\/schema\/logo\/image\/","url":"https:\/\/dev6.erresse-shop.it\/wp-content\/uploads\/2025\/01\/LOGO-ERRESSE-CLASSICO.svg","contentUrl":"https:\/\/dev6.erresse-shop.it\/wp-content\/uploads\/2025\/01\/LOGO-ERRESSE-CLASSICO.svg","caption":"Erresse Shop"},"image":{"@id":"https:\/\/dev6.erresse-shop.it\/#\/schema\/logo\/image\/"}}]}},"df_price":14.5,"df_sale_price":14.5,"df_regular_price":17.99,"df_image_link":"https:\/\/i1.wp.com\/interpim.erresse-shop.it\/Import\/Prodotti\/joseph-joseph-petal-gancio-per-asciugatura-a-presa-rapida-32-pezzi-ecru.jpg?resize=300,300&ssl=1","fifu_image_url":"https:\/\/interpim.erresse-shop.it\/Import\/Prodotti\/joseph-joseph-petal-gancio-per-asciugatura-a-presa-rapida-32-pezzi-ecru.jpg","_links":{"self":[{"href":"https:\/\/dev6.erresse-shop.it\/es\/wp-json\/wp\/v2\/product\/1882241","targetHints":{"allow":["GET"]}}],"collection":[{"href":"https:\/\/dev6.erresse-shop.it\/es\/wp-json\/wp\/v2\/product"}],"about":[{"href":"https:\/\/dev6.erresse-shop.it\/es\/wp-json\/wp\/v2\/types\/product"}],"wp:featuredmedia":[{"embeddable":true,"href":"https:\/\/dev6.erresse-shop.it\/es\/wp-json\/wp\/v2\/media\/6369790"}],"wp:attachment":[{"href":"https:\/\/dev6.erresse-shop.it\/es\/wp-json\/wp\/v2\/media?parent=1882241"}],"wp:term":[{"taxonomy":"product_cat","embeddable":true,"href":"https:\/\/dev6.erresse-shop.it\/es\/wp-json\/wp\/v2\/product_cat?post=1882241"},{"taxonomy":"product_tag","embeddable":true,"href":"https:\/\/dev6.erresse-shop.it\/es\/wp-json\/wp\/v2\/product_tag?post=1882241"}],"curies":[{"name":"wp","href":"https:\/\/api.w.org\/{rel}","templated":true}]}}