{"id":1882221,"date":"2026-04-04T11:39:47","date_gmt":"2026-04-04T09:39:47","guid":{"rendered":"https:\/\/dev6.erresse-shop.it\/shop\/sin%20categor\u00eda\/villeroy-boch-tarro-muneco-de-nieve-toys-memory\/"},"modified":"2025-07-05T00:09:36","modified_gmt":"2025-07-04T22:09:36","slug":"villeroy-boch-tarro-muneco-de-nieve-toys-memory","status":"publish","type":"product","link":"https:\/\/dev6.erresse-shop.it\/es\/shop\/tabla\/cestas-y-cuencos\/villeroy-boch-tarro-muneco-de-nieve-toys-memory\/","title":{"rendered":"VILLEROY &#038; BOCH Tarro mu\u00f1eco de nieve Toy&#8217;s Memory"},"content":{"rendered":"<p>NO APTO PARA LAVAVAJILLAS NI MICROONDAS<br \/>\nMaterial: porcelana de primera calidad<\/p>\n<p>Decoraci\u00f3n navide\u00f1a nost\u00e1lgica pintada a mano<br \/>\nLos elementos decorativos de la colecci\u00f3n Christmas Toys Memory hacen brillar los ojos de peque\u00f1os y mayores con los tradicionales colores navide\u00f1os y los nost\u00e1lgicos motivos. La lata ricamente detallada est\u00e1 decorada con finos motivos de juguetes y difunde una festiva atm\u00f3sfera navide\u00f1a. Consigue ya la lata Christmas Toys y crea decoraciones festivas.<\/p>\n","protected":false},"excerpt":{"rendered":"<p>NO APTO PARA LAVAVAJILLAS NI MICROONDAS Material: porcelana de primera calidad Decoraci\u00f3n navide\u00f1a nost\u00e1lgica pintada a mano Los elementos decorativos de la colecci\u00f3n Christmas Toys Memory hacen brillar los ojos de peque\u00f1os y mayores con los tradicionales colores navide\u00f1os y los nost\u00e1lgicos motivos. La lata ricamente detallada est\u00e1 decorada con finos motivos de juguetes y [&hellip;]<\/p>\n","protected":false},"featured_media":6286467,"template":"","meta":{"_acf_changed":false},"product_cat":[11907,11887,11671],"product_tag":[],"class_list":{"0":"post-1882221","1":"product","2":"type-product","3":"status-publish","4":"has-post-thumbnail","6":"product_cat-cestas-y-cuencos","7":"product_cat-tabla","8":"product_cat-tavola","10":"first","11":"instock","12":"sale","13":"taxable","14":"shipping-taxable","15":"purchasable","16":"product-type-simple","swatches":"rey-swatches","show_selected":"","stretch_labels":"rey-swatches--stretch-labels"},"acf":[],"yoast_head":"<!-- This site is optimized with the Yoast SEO plugin v25.4 - https:\/\/yoast.com\/wordpress\/plugins\/seo\/ -->\n<title>VILLEROY &#038; BOCH Tarro mu\u00f1eco de nieve Toy&#8217;s Memory - dev6 Erresse<\/title>\n<meta name=\"description\" content=\"NO APTO PARA LAVAVAJILLAS NI MICROONDAS Material: porcelana de primera calidad Decoraci\u00f3n navide\u00f1a nost\u00e1lgica pintada a mano Los elementos decorativos de\" \/>\n<meta name=\"robots\" content=\"noindex, follow, max-snippet:-1, max-image-preview:large, max-video-preview:-1\" \/>\n<meta property=\"og:locale\" content=\"es_ES\" \/>\n<meta property=\"og:type\" content=\"article\" \/>\n<meta property=\"og:title\" content=\"VILLEROY &#038; BOCH Tarro mu\u00f1eco de nieve Toy&#8217;s Memory - dev6 Erresse\" \/>\n<meta property=\"og:description\" content=\"NO APTO PARA LAVAVAJILLAS NI MICROONDAS Material: porcelana de primera calidad Decoraci\u00f3n navide\u00f1a nost\u00e1lgica pintada a mano Los elementos decorativos de\" \/>\n<meta property=\"og:url\" content=\"https:\/\/dev6.erresse-shop.it\/es\/shop\/tabla\/cestas-y-cuencos\/villeroy-boch-tarro-muneco-de-nieve-toys-memory\/\" \/>\n<meta property=\"og:site_name\" content=\"dev6 Erresse\" \/>\n<meta property=\"og:image\" content=\"https:\/\/interpim.erresse-shop.it\/img-catalogo\/villeroy\/villeroy-boch-barattolo-pupazzo-di-neve-toys-memory.jpg\" \/><meta property=\"og:image\" content=\"https:\/\/interpim.erresse-shop.it\/img-catalogo\/villeroy\/villeroy-boch-barattolo-pupazzo-di-neve-toys-memory.jpg\" \/>\n\t<meta property=\"og:image:width\" content=\"1024\" \/>\n\t<meta property=\"og:image:height\" content=\"1024\" \/>\n\t<meta property=\"og:image:type\" content=\"image\/jpeg\" \/>\n<meta name=\"twitter:card\" content=\"summary_large_image\" \/>\n<meta name=\"twitter:image\" content=\"https:\/\/interpim.erresse-shop.it\/img-catalogo\/villeroy\/villeroy-boch-barattolo-pupazzo-di-neve-toys-memory.jpg\" \/>\n<script type=\"application\/ld+json\" class=\"yoast-schema-graph\">{\"@context\":\"https:\/\/schema.org\",\"@graph\":[{\"@type\":\"WebPage\",\"@id\":\"https:\/\/dev6.erresse-shop.it\/es\/shop\/tabla\/cestas-y-cuencos\/villeroy-boch-tarro-muneco-de-nieve-toys-memory\/\",\"url\":\"https:\/\/dev6.erresse-shop.it\/es\/shop\/tabla\/cestas-y-cuencos\/villeroy-boch-tarro-muneco-de-nieve-toys-memory\/\",\"name\":\"VILLEROY &#038; BOCH Tarro mu\u00f1eco de nieve Toy&#8217;s Memory - dev6 Erresse\",\"isPartOf\":{\"@id\":\"https:\/\/dev6.erresse-shop.it\/#website\"},\"primaryImageOfPage\":{\"@id\":\"https:\/\/dev6.erresse-shop.it\/es\/shop\/tabla\/cestas-y-cuencos\/villeroy-boch-tarro-muneco-de-nieve-toys-memory\/#primaryimage\"},\"image\":{\"@id\":\"https:\/\/dev6.erresse-shop.it\/es\/shop\/tabla\/cestas-y-cuencos\/villeroy-boch-tarro-muneco-de-nieve-toys-memory\/#primaryimage\"},\"thumbnailUrl\":\"https:\/\/i0.wp.com\/interpim.erresse-shop.it\/img-catalogo\/villeroy\/villeroy-boch-barattolo-pupazzo-di-neve-toys-memory.jpg?ssl=1\",\"datePublished\":\"2026-04-04T09:39:47+00:00\",\"description\":\"NO APTO PARA LAVAVAJILLAS NI MICROONDAS Material: porcelana de primera calidad Decoraci\u00f3n navide\u00f1a nost\u00e1lgica pintada a mano Los elementos decorativos de\",\"breadcrumb\":{\"@id\":\"https:\/\/dev6.erresse-shop.it\/es\/shop\/tabla\/cestas-y-cuencos\/villeroy-boch-tarro-muneco-de-nieve-toys-memory\/#breadcrumb\"},\"inLanguage\":\"es\",\"potentialAction\":[{\"@type\":\"ReadAction\",\"target\":[\"https:\/\/dev6.erresse-shop.it\/es\/shop\/tabla\/cestas-y-cuencos\/villeroy-boch-tarro-muneco-de-nieve-toys-memory\/\"]}]},{\"@type\":\"ImageObject\",\"inLanguage\":\"es\",\"@id\":\"https:\/\/dev6.erresse-shop.it\/es\/shop\/tabla\/cestas-y-cuencos\/villeroy-boch-tarro-muneco-de-nieve-toys-memory\/#primaryimage\",\"url\":\"https:\/\/i0.wp.com\/interpim.erresse-shop.it\/img-catalogo\/villeroy\/villeroy-boch-barattolo-pupazzo-di-neve-toys-memory.jpg?ssl=1\",\"contentUrl\":\"https:\/\/i0.wp.com\/interpim.erresse-shop.it\/img-catalogo\/villeroy\/villeroy-boch-barattolo-pupazzo-di-neve-toys-memory.jpg?ssl=1\"},{\"@type\":\"BreadcrumbList\",\"@id\":\"https:\/\/dev6.erresse-shop.it\/es\/shop\/tabla\/cestas-y-cuencos\/villeroy-boch-tarro-muneco-de-nieve-toys-memory\/#breadcrumb\",\"itemListElement\":[{\"@type\":\"ListItem\",\"position\":1,\"name\":\"Home\",\"item\":\"https:\/\/dev6.erresse-shop.it\/\"},{\"@type\":\"ListItem\",\"position\":2,\"name\":\"Tienda\",\"item\":\"https:\/\/dev6.erresse-shop.it\/shop\/\"},{\"@type\":\"ListItem\",\"position\":3,\"name\":\"VILLEROY &#038; BOCH Tarro mu\u00f1eco de nieve Toy&#8217;s Memory\"}]},{\"@type\":\"WebSite\",\"@id\":\"https:\/\/dev6.erresse-shop.it\/#website\",\"url\":\"https:\/\/dev6.erresse-shop.it\/\",\"name\":\"Erresse Shop\",\"description\":\"\",\"publisher\":{\"@id\":\"https:\/\/dev6.erresse-shop.it\/#organization\"},\"potentialAction\":[{\"@type\":\"SearchAction\",\"target\":{\"@type\":\"EntryPoint\",\"urlTemplate\":\"https:\/\/dev6.erresse-shop.it\/?s={search_term_string}\"},\"query-input\":{\"@type\":\"PropertyValueSpecification\",\"valueRequired\":true,\"valueName\":\"search_term_string\"}}],\"inLanguage\":\"es\"},{\"@type\":\"Organization\",\"@id\":\"https:\/\/dev6.erresse-shop.it\/#organization\",\"name\":\"Erresse Shop\",\"url\":\"https:\/\/dev6.erresse-shop.it\/\",\"logo\":{\"@type\":\"ImageObject\",\"inLanguage\":\"es\",\"@id\":\"https:\/\/dev6.erresse-shop.it\/#\/schema\/logo\/image\/\",\"url\":\"https:\/\/dev6.erresse-shop.it\/wp-content\/uploads\/2025\/01\/LOGO-ERRESSE-CLASSICO.svg\",\"contentUrl\":\"https:\/\/dev6.erresse-shop.it\/wp-content\/uploads\/2025\/01\/LOGO-ERRESSE-CLASSICO.svg\",\"caption\":\"Erresse Shop\"},\"image\":{\"@id\":\"https:\/\/dev6.erresse-shop.it\/#\/schema\/logo\/image\/\"}}]}<\/script>\n<!-- \/ Yoast SEO plugin. -->","yoast_head_json":{"title":"VILLEROY &#038; BOCH Tarro mu\u00f1eco de nieve Toy&#8217;s Memory - dev6 Erresse","description":"NO APTO PARA LAVAVAJILLAS NI MICROONDAS Material: porcelana de primera calidad Decoraci\u00f3n navide\u00f1a nost\u00e1lgica pintada a mano Los elementos decorativos de","robots":{"index":"noindex","follow":"follow","max-snippet":"max-snippet:-1","max-image-preview":"max-image-preview:large","max-video-preview":"max-video-preview:-1"},"og_locale":"es_ES","og_type":"article","og_title":"VILLEROY &#038; BOCH Tarro mu\u00f1eco de nieve Toy&#8217;s Memory - dev6 Erresse","og_description":"NO APTO PARA LAVAVAJILLAS NI MICROONDAS Material: porcelana de primera calidad Decoraci\u00f3n navide\u00f1a nost\u00e1lgica pintada a mano Los elementos decorativos de","og_url":"https:\/\/dev6.erresse-shop.it\/es\/shop\/tabla\/cestas-y-cuencos\/villeroy-boch-tarro-muneco-de-nieve-toys-memory\/","og_site_name":"dev6 Erresse","og_image":[{"url":"https:\/\/interpim.erresse-shop.it\/img-catalogo\/villeroy\/villeroy-boch-barattolo-pupazzo-di-neve-toys-memory.jpg","type":"","width":"","height":""},{"url":"https:\/\/interpim.erresse-shop.it\/img-catalogo\/villeroy\/villeroy-boch-barattolo-pupazzo-di-neve-toys-memory.jpg","width":1024,"height":1024,"type":"image\/jpeg"}],"twitter_card":"summary_large_image","twitter_image":"https:\/\/interpim.erresse-shop.it\/img-catalogo\/villeroy\/villeroy-boch-barattolo-pupazzo-di-neve-toys-memory.jpg","schema":{"@context":"https:\/\/schema.org","@graph":[{"@type":"WebPage","@id":"https:\/\/dev6.erresse-shop.it\/es\/shop\/tabla\/cestas-y-cuencos\/villeroy-boch-tarro-muneco-de-nieve-toys-memory\/","url":"https:\/\/dev6.erresse-shop.it\/es\/shop\/tabla\/cestas-y-cuencos\/villeroy-boch-tarro-muneco-de-nieve-toys-memory\/","name":"VILLEROY &#038; BOCH Tarro mu\u00f1eco de nieve Toy&#8217;s Memory - dev6 Erresse","isPartOf":{"@id":"https:\/\/dev6.erresse-shop.it\/#website"},"primaryImageOfPage":{"@id":"https:\/\/dev6.erresse-shop.it\/es\/shop\/tabla\/cestas-y-cuencos\/villeroy-boch-tarro-muneco-de-nieve-toys-memory\/#primaryimage"},"image":{"@id":"https:\/\/dev6.erresse-shop.it\/es\/shop\/tabla\/cestas-y-cuencos\/villeroy-boch-tarro-muneco-de-nieve-toys-memory\/#primaryimage"},"thumbnailUrl":"https:\/\/i0.wp.com\/interpim.erresse-shop.it\/img-catalogo\/villeroy\/villeroy-boch-barattolo-pupazzo-di-neve-toys-memory.jpg?ssl=1","datePublished":"2026-04-04T09:39:47+00:00","description":"NO APTO PARA LAVAVAJILLAS NI MICROONDAS Material: porcelana de primera calidad Decoraci\u00f3n navide\u00f1a nost\u00e1lgica pintada a mano Los elementos decorativos de","breadcrumb":{"@id":"https:\/\/dev6.erresse-shop.it\/es\/shop\/tabla\/cestas-y-cuencos\/villeroy-boch-tarro-muneco-de-nieve-toys-memory\/#breadcrumb"},"inLanguage":"es","potentialAction":[{"@type":"ReadAction","target":["https:\/\/dev6.erresse-shop.it\/es\/shop\/tabla\/cestas-y-cuencos\/villeroy-boch-tarro-muneco-de-nieve-toys-memory\/"]}]},{"@type":"ImageObject","inLanguage":"es","@id":"https:\/\/dev6.erresse-shop.it\/es\/shop\/tabla\/cestas-y-cuencos\/villeroy-boch-tarro-muneco-de-nieve-toys-memory\/#primaryimage","url":"https:\/\/i0.wp.com\/interpim.erresse-shop.it\/img-catalogo\/villeroy\/villeroy-boch-barattolo-pupazzo-di-neve-toys-memory.jpg?ssl=1","contentUrl":"https:\/\/i0.wp.com\/interpim.erresse-shop.it\/img-catalogo\/villeroy\/villeroy-boch-barattolo-pupazzo-di-neve-toys-memory.jpg?ssl=1"},{"@type":"BreadcrumbList","@id":"https:\/\/dev6.erresse-shop.it\/es\/shop\/tabla\/cestas-y-cuencos\/villeroy-boch-tarro-muneco-de-nieve-toys-memory\/#breadcrumb","itemListElement":[{"@type":"ListItem","position":1,"name":"Home","item":"https:\/\/dev6.erresse-shop.it\/"},{"@type":"ListItem","position":2,"name":"Tienda","item":"https:\/\/dev6.erresse-shop.it\/shop\/"},{"@type":"ListItem","position":3,"name":"VILLEROY &#038; BOCH Tarro mu\u00f1eco de nieve Toy&#8217;s Memory"}]},{"@type":"WebSite","@id":"https:\/\/dev6.erresse-shop.it\/#website","url":"https:\/\/dev6.erresse-shop.it\/","name":"Erresse Shop","description":"","publisher":{"@id":"https:\/\/dev6.erresse-shop.it\/#organization"},"potentialAction":[{"@type":"SearchAction","target":{"@type":"EntryPoint","urlTemplate":"https:\/\/dev6.erresse-shop.it\/?s={search_term_string}"},"query-input":{"@type":"PropertyValueSpecification","valueRequired":true,"valueName":"search_term_string"}}],"inLanguage":"es"},{"@type":"Organization","@id":"https:\/\/dev6.erresse-shop.it\/#organization","name":"Erresse Shop","url":"https:\/\/dev6.erresse-shop.it\/","logo":{"@type":"ImageObject","inLanguage":"es","@id":"https:\/\/dev6.erresse-shop.it\/#\/schema\/logo\/image\/","url":"https:\/\/dev6.erresse-shop.it\/wp-content\/uploads\/2025\/01\/LOGO-ERRESSE-CLASSICO.svg","contentUrl":"https:\/\/dev6.erresse-shop.it\/wp-content\/uploads\/2025\/01\/LOGO-ERRESSE-CLASSICO.svg","caption":"Erresse Shop"},"image":{"@id":"https:\/\/dev6.erresse-shop.it\/#\/schema\/logo\/image\/"}}]}},"df_price":84,"df_sale_price":84,"df_regular_price":99.9,"df_image_link":"https:\/\/i0.wp.com\/interpim.erresse-shop.it\/img-catalogo\/villeroy\/villeroy-boch-barattolo-pupazzo-di-neve-toys-memory.jpg?resize=300,300&ssl=1","fifu_image_url":"https:\/\/interpim.erresse-shop.it\/img-catalogo\/villeroy\/villeroy-boch-barattolo-pupazzo-di-neve-toys-memory.jpg","_links":{"self":[{"href":"https:\/\/dev6.erresse-shop.it\/es\/wp-json\/wp\/v2\/product\/1882221","targetHints":{"allow":["GET"]}}],"collection":[{"href":"https:\/\/dev6.erresse-shop.it\/es\/wp-json\/wp\/v2\/product"}],"about":[{"href":"https:\/\/dev6.erresse-shop.it\/es\/wp-json\/wp\/v2\/types\/product"}],"wp:featuredmedia":[{"embeddable":true,"href":"https:\/\/dev6.erresse-shop.it\/es\/wp-json\/wp\/v2\/media\/6286467"}],"wp:attachment":[{"href":"https:\/\/dev6.erresse-shop.it\/es\/wp-json\/wp\/v2\/media?parent=1882221"}],"wp:term":[{"taxonomy":"product_cat","embeddable":true,"href":"https:\/\/dev6.erresse-shop.it\/es\/wp-json\/wp\/v2\/product_cat?post=1882221"},{"taxonomy":"product_tag","embeddable":true,"href":"https:\/\/dev6.erresse-shop.it\/es\/wp-json\/wp\/v2\/product_tag?post=1882221"}],"curies":[{"name":"wp","href":"https:\/\/api.w.org\/{rel}","templated":true}]}}