{"id":1882201,"date":"2026-04-12T11:42:28","date_gmt":"2026-04-12T09:42:28","guid":{"rendered":"https:\/\/dev6.erresse-shop.it\/shop\/sin%20categor\u00eda\/bialetti-moka-express-2-tazas\/"},"modified":"2025-09-14T09:31:33","modified_gmt":"2025-09-14T07:31:33","slug":"bialetti-moka-express-2-tazas","status":"publish","type":"product","link":"https:\/\/dev6.erresse-shop.it\/es\/shop\/cocina\/cafeteras\/bialetti-moka-express-2-tazas\/","title":{"rendered":"BIALETTI Moka Express 2 Tazas"},"content":{"rendered":"<p>La Moka. La \u00fanica y original desde 1933.<br \/>\nA partir de una ingeniosa intuici\u00f3n de Alfonso Bialetti, la Moka Bialetti en casi cien a\u00f1os de historia ha conquistado un lugar en los corazones y las cocinas de todos los italianos.<br \/>\nExcelente ejemplo del Art D\u00e9co, la Moka Express se ha convertido en icono y s\u00edmbolo del Made in Italy, presente en la colecci\u00f3n permanente de la Trienal de Mil\u00e1n y en el MoMA de Nueva York.<br \/>\nBialetti ha perfeccionado su dise\u00f1o caracter\u00edstico a lo largo de los a\u00f1os, manteniendo inalteradas las caracter\u00edsticas funcionales y de f\u00e1cil uso de la Moka: la caldera octogonal de aluminio, la exclusiva v\u00e1lvula f\u00e1cil de limpiar e inspeccionar, el filtro y el colector que contiene la esencia de la extracci\u00f3n del caf\u00e9, negro, con cuerpo y caliente.<\/p>\n<p>Material del cuerpo: aluminio;<br \/>\nMaterial del mango y del pomo: termopl\u00e1stico;<br \/>\nV\u00e1lvula de seguridad de f\u00e1cil limpieza;<br \/>\nNo apta para lavavajillas;<br \/>\nCompatible con cocina el\u00e9ctrica y de gas;<br \/>\nApto s\u00f3lo para placas de inducci\u00f3n y exclusivamente si se utiliza con la placa de inducci\u00f3n Bialetti.<\/p>\n","protected":false},"excerpt":{"rendered":"<p>La Moka. La \u00fanica y original desde 1933. A partir de una ingeniosa intuici\u00f3n de Alfonso Bialetti, la Moka Bialetti en casi cien a\u00f1os de historia ha conquistado un lugar en los corazones y las cocinas de todos los italianos. Excelente ejemplo del Art D\u00e9co, la Moka Express se ha convertido en icono y s\u00edmbolo [&hellip;]<\/p>\n","protected":false},"featured_media":6369710,"template":"","meta":{"_acf_changed":false},"product_cat":[11894,11884,11668],"product_tag":[],"class_list":{"0":"post-1882201","1":"product","2":"type-product","3":"status-publish","4":"has-post-thumbnail","6":"product_cat-cafeteras","7":"product_cat-cocina","8":"product_cat-cucina","10":"first","11":"instock","12":"sale","13":"taxable","14":"shipping-taxable","15":"purchasable","16":"product-type-simple","swatches":"rey-swatches","show_selected":"","stretch_labels":"rey-swatches--stretch-labels"},"acf":[],"yoast_head":"<!-- This site is optimized with the Yoast SEO plugin v25.4 - https:\/\/yoast.com\/wordpress\/plugins\/seo\/ -->\n<title>BIALETTI Moka Express 2 Tazas - dev6 Erresse<\/title>\n<meta name=\"description\" content=\"La Moka. La \u00fanica y original desde 1933. A partir de una ingeniosa intuici\u00f3n de Alfonso Bialetti, la Moka Bialetti en casi cien a\u00f1os de historia ha\" \/>\n<meta name=\"robots\" content=\"noindex, follow, max-snippet:-1, max-image-preview:large, max-video-preview:-1\" \/>\n<meta property=\"og:locale\" content=\"es_ES\" \/>\n<meta property=\"og:type\" content=\"article\" \/>\n<meta property=\"og:title\" content=\"BIALETTI Moka Express 2 Tazas - dev6 Erresse\" \/>\n<meta property=\"og:description\" content=\"La Moka. La \u00fanica y original desde 1933. A partir de una ingeniosa intuici\u00f3n de Alfonso Bialetti, la Moka Bialetti en casi cien a\u00f1os de historia ha\" \/>\n<meta property=\"og:url\" content=\"https:\/\/dev6.erresse-shop.it\/es\/shop\/cocina\/cafeteras\/bialetti-moka-express-2-tazas\/\" \/>\n<meta property=\"og:site_name\" content=\"dev6 Erresse\" \/>\n<meta property=\"og:image\" content=\"https:\/\/interpim.erresse-shop.it\/Import\/Prodotti\/bialetti-moka-express-2-tazze.webp\" \/><meta property=\"og:image\" content=\"https:\/\/interpim.erresse-shop.it\/Import\/Prodotti\/bialetti-moka-express-2-tazze.webp\" \/>\n\t<meta property=\"og:image:width\" content=\"1024\" \/>\n\t<meta property=\"og:image:height\" content=\"1024\" \/>\n\t<meta property=\"og:image:type\" content=\"image\/jpeg\" \/>\n<meta name=\"twitter:card\" content=\"summary_large_image\" \/>\n<meta name=\"twitter:image\" content=\"https:\/\/interpim.erresse-shop.it\/Import\/Prodotti\/bialetti-moka-express-2-tazze.webp\" \/>\n<script type=\"application\/ld+json\" class=\"yoast-schema-graph\">{\"@context\":\"https:\/\/schema.org\",\"@graph\":[{\"@type\":\"WebPage\",\"@id\":\"https:\/\/dev6.erresse-shop.it\/es\/shop\/cocina\/cafeteras\/bialetti-moka-express-2-tazas\/\",\"url\":\"https:\/\/dev6.erresse-shop.it\/es\/shop\/cocina\/cafeteras\/bialetti-moka-express-2-tazas\/\",\"name\":\"BIALETTI Moka Express 2 Tazas - dev6 Erresse\",\"isPartOf\":{\"@id\":\"https:\/\/dev6.erresse-shop.it\/#website\"},\"primaryImageOfPage\":{\"@id\":\"https:\/\/dev6.erresse-shop.it\/es\/shop\/cocina\/cafeteras\/bialetti-moka-express-2-tazas\/#primaryimage\"},\"image\":{\"@id\":\"https:\/\/dev6.erresse-shop.it\/es\/shop\/cocina\/cafeteras\/bialetti-moka-express-2-tazas\/#primaryimage\"},\"thumbnailUrl\":\"https:\/\/i1.wp.com\/interpim.erresse-shop.it\/Import\/Prodotti\/bialetti-moka-express-2-tazze.webp?ssl=1\",\"datePublished\":\"2026-04-12T09:42:28+00:00\",\"description\":\"La Moka. La \u00fanica y original desde 1933. A partir de una ingeniosa intuici\u00f3n de Alfonso Bialetti, la Moka Bialetti en casi cien a\u00f1os de historia ha\",\"breadcrumb\":{\"@id\":\"https:\/\/dev6.erresse-shop.it\/es\/shop\/cocina\/cafeteras\/bialetti-moka-express-2-tazas\/#breadcrumb\"},\"inLanguage\":\"es\",\"potentialAction\":[{\"@type\":\"ReadAction\",\"target\":[\"https:\/\/dev6.erresse-shop.it\/es\/shop\/cocina\/cafeteras\/bialetti-moka-express-2-tazas\/\"]}]},{\"@type\":\"ImageObject\",\"inLanguage\":\"es\",\"@id\":\"https:\/\/dev6.erresse-shop.it\/es\/shop\/cocina\/cafeteras\/bialetti-moka-express-2-tazas\/#primaryimage\",\"url\":\"https:\/\/i1.wp.com\/interpim.erresse-shop.it\/Import\/Prodotti\/bialetti-moka-express-2-tazze.webp?ssl=1\",\"contentUrl\":\"https:\/\/i1.wp.com\/interpim.erresse-shop.it\/Import\/Prodotti\/bialetti-moka-express-2-tazze.webp?ssl=1\"},{\"@type\":\"BreadcrumbList\",\"@id\":\"https:\/\/dev6.erresse-shop.it\/es\/shop\/cocina\/cafeteras\/bialetti-moka-express-2-tazas\/#breadcrumb\",\"itemListElement\":[{\"@type\":\"ListItem\",\"position\":1,\"name\":\"Home\",\"item\":\"https:\/\/dev6.erresse-shop.it\/\"},{\"@type\":\"ListItem\",\"position\":2,\"name\":\"Tienda\",\"item\":\"https:\/\/dev6.erresse-shop.it\/shop\/\"},{\"@type\":\"ListItem\",\"position\":3,\"name\":\"BIALETTI Moka Express 2 Tazas\"}]},{\"@type\":\"WebSite\",\"@id\":\"https:\/\/dev6.erresse-shop.it\/#website\",\"url\":\"https:\/\/dev6.erresse-shop.it\/\",\"name\":\"Erresse Shop\",\"description\":\"\",\"publisher\":{\"@id\":\"https:\/\/dev6.erresse-shop.it\/#organization\"},\"potentialAction\":[{\"@type\":\"SearchAction\",\"target\":{\"@type\":\"EntryPoint\",\"urlTemplate\":\"https:\/\/dev6.erresse-shop.it\/?s={search_term_string}\"},\"query-input\":{\"@type\":\"PropertyValueSpecification\",\"valueRequired\":true,\"valueName\":\"search_term_string\"}}],\"inLanguage\":\"es\"},{\"@type\":\"Organization\",\"@id\":\"https:\/\/dev6.erresse-shop.it\/#organization\",\"name\":\"Erresse Shop\",\"url\":\"https:\/\/dev6.erresse-shop.it\/\",\"logo\":{\"@type\":\"ImageObject\",\"inLanguage\":\"es\",\"@id\":\"https:\/\/dev6.erresse-shop.it\/#\/schema\/logo\/image\/\",\"url\":\"https:\/\/dev6.erresse-shop.it\/wp-content\/uploads\/2025\/01\/LOGO-ERRESSE-CLASSICO.svg\",\"contentUrl\":\"https:\/\/dev6.erresse-shop.it\/wp-content\/uploads\/2025\/01\/LOGO-ERRESSE-CLASSICO.svg\",\"caption\":\"Erresse Shop\"},\"image\":{\"@id\":\"https:\/\/dev6.erresse-shop.it\/#\/schema\/logo\/image\/\"}}]}<\/script>\n<!-- \/ Yoast SEO plugin. -->","yoast_head_json":{"title":"BIALETTI Moka Express 2 Tazas - dev6 Erresse","description":"La Moka. La \u00fanica y original desde 1933. A partir de una ingeniosa intuici\u00f3n de Alfonso Bialetti, la Moka Bialetti en casi cien a\u00f1os de historia ha","robots":{"index":"noindex","follow":"follow","max-snippet":"max-snippet:-1","max-image-preview":"max-image-preview:large","max-video-preview":"max-video-preview:-1"},"og_locale":"es_ES","og_type":"article","og_title":"BIALETTI Moka Express 2 Tazas - dev6 Erresse","og_description":"La Moka. La \u00fanica y original desde 1933. A partir de una ingeniosa intuici\u00f3n de Alfonso Bialetti, la Moka Bialetti en casi cien a\u00f1os de historia ha","og_url":"https:\/\/dev6.erresse-shop.it\/es\/shop\/cocina\/cafeteras\/bialetti-moka-express-2-tazas\/","og_site_name":"dev6 Erresse","og_image":[{"url":"https:\/\/interpim.erresse-shop.it\/Import\/Prodotti\/bialetti-moka-express-2-tazze.webp","type":"","width":"","height":""},{"url":"https:\/\/interpim.erresse-shop.it\/Import\/Prodotti\/bialetti-moka-express-2-tazze.webp","width":1024,"height":1024,"type":"image\/jpeg"}],"twitter_card":"summary_large_image","twitter_image":"https:\/\/interpim.erresse-shop.it\/Import\/Prodotti\/bialetti-moka-express-2-tazze.webp","schema":{"@context":"https:\/\/schema.org","@graph":[{"@type":"WebPage","@id":"https:\/\/dev6.erresse-shop.it\/es\/shop\/cocina\/cafeteras\/bialetti-moka-express-2-tazas\/","url":"https:\/\/dev6.erresse-shop.it\/es\/shop\/cocina\/cafeteras\/bialetti-moka-express-2-tazas\/","name":"BIALETTI Moka Express 2 Tazas - dev6 Erresse","isPartOf":{"@id":"https:\/\/dev6.erresse-shop.it\/#website"},"primaryImageOfPage":{"@id":"https:\/\/dev6.erresse-shop.it\/es\/shop\/cocina\/cafeteras\/bialetti-moka-express-2-tazas\/#primaryimage"},"image":{"@id":"https:\/\/dev6.erresse-shop.it\/es\/shop\/cocina\/cafeteras\/bialetti-moka-express-2-tazas\/#primaryimage"},"thumbnailUrl":"https:\/\/i1.wp.com\/interpim.erresse-shop.it\/Import\/Prodotti\/bialetti-moka-express-2-tazze.webp?ssl=1","datePublished":"2026-04-12T09:42:28+00:00","description":"La Moka. La \u00fanica y original desde 1933. A partir de una ingeniosa intuici\u00f3n de Alfonso Bialetti, la Moka Bialetti en casi cien a\u00f1os de historia ha","breadcrumb":{"@id":"https:\/\/dev6.erresse-shop.it\/es\/shop\/cocina\/cafeteras\/bialetti-moka-express-2-tazas\/#breadcrumb"},"inLanguage":"es","potentialAction":[{"@type":"ReadAction","target":["https:\/\/dev6.erresse-shop.it\/es\/shop\/cocina\/cafeteras\/bialetti-moka-express-2-tazas\/"]}]},{"@type":"ImageObject","inLanguage":"es","@id":"https:\/\/dev6.erresse-shop.it\/es\/shop\/cocina\/cafeteras\/bialetti-moka-express-2-tazas\/#primaryimage","url":"https:\/\/i1.wp.com\/interpim.erresse-shop.it\/Import\/Prodotti\/bialetti-moka-express-2-tazze.webp?ssl=1","contentUrl":"https:\/\/i1.wp.com\/interpim.erresse-shop.it\/Import\/Prodotti\/bialetti-moka-express-2-tazze.webp?ssl=1"},{"@type":"BreadcrumbList","@id":"https:\/\/dev6.erresse-shop.it\/es\/shop\/cocina\/cafeteras\/bialetti-moka-express-2-tazas\/#breadcrumb","itemListElement":[{"@type":"ListItem","position":1,"name":"Home","item":"https:\/\/dev6.erresse-shop.it\/"},{"@type":"ListItem","position":2,"name":"Tienda","item":"https:\/\/dev6.erresse-shop.it\/shop\/"},{"@type":"ListItem","position":3,"name":"BIALETTI Moka Express 2 Tazas"}]},{"@type":"WebSite","@id":"https:\/\/dev6.erresse-shop.it\/#website","url":"https:\/\/dev6.erresse-shop.it\/","name":"Erresse Shop","description":"","publisher":{"@id":"https:\/\/dev6.erresse-shop.it\/#organization"},"potentialAction":[{"@type":"SearchAction","target":{"@type":"EntryPoint","urlTemplate":"https:\/\/dev6.erresse-shop.it\/?s={search_term_string}"},"query-input":{"@type":"PropertyValueSpecification","valueRequired":true,"valueName":"search_term_string"}}],"inLanguage":"es"},{"@type":"Organization","@id":"https:\/\/dev6.erresse-shop.it\/#organization","name":"Erresse Shop","url":"https:\/\/dev6.erresse-shop.it\/","logo":{"@type":"ImageObject","inLanguage":"es","@id":"https:\/\/dev6.erresse-shop.it\/#\/schema\/logo\/image\/","url":"https:\/\/dev6.erresse-shop.it\/wp-content\/uploads\/2025\/01\/LOGO-ERRESSE-CLASSICO.svg","contentUrl":"https:\/\/dev6.erresse-shop.it\/wp-content\/uploads\/2025\/01\/LOGO-ERRESSE-CLASSICO.svg","caption":"Erresse Shop"},"image":{"@id":"https:\/\/dev6.erresse-shop.it\/#\/schema\/logo\/image\/"}}]}},"df_price":34,"df_sale_price":34,"df_regular_price":34.4,"df_image_link":"https:\/\/i1.wp.com\/interpim.erresse-shop.it\/Import\/Prodotti\/bialetti-moka-express-2-tazze.webp?resize=300,300&ssl=1","fifu_image_url":"https:\/\/interpim.erresse-shop.it\/Import\/Prodotti\/bialetti-moka-express-2-tazze.webp","_links":{"self":[{"href":"https:\/\/dev6.erresse-shop.it\/es\/wp-json\/wp\/v2\/product\/1882201","targetHints":{"allow":["GET"]}}],"collection":[{"href":"https:\/\/dev6.erresse-shop.it\/es\/wp-json\/wp\/v2\/product"}],"about":[{"href":"https:\/\/dev6.erresse-shop.it\/es\/wp-json\/wp\/v2\/types\/product"}],"wp:featuredmedia":[{"embeddable":true,"href":"https:\/\/dev6.erresse-shop.it\/es\/wp-json\/wp\/v2\/media\/6369710"}],"wp:attachment":[{"href":"https:\/\/dev6.erresse-shop.it\/es\/wp-json\/wp\/v2\/media?parent=1882201"}],"wp:term":[{"taxonomy":"product_cat","embeddable":true,"href":"https:\/\/dev6.erresse-shop.it\/es\/wp-json\/wp\/v2\/product_cat?post=1882201"},{"taxonomy":"product_tag","embeddable":true,"href":"https:\/\/dev6.erresse-shop.it\/es\/wp-json\/wp\/v2\/product_tag?post=1882201"}],"curies":[{"name":"wp","href":"https:\/\/api.w.org\/{rel}","templated":true}]}}