{"id":1882153,"date":"2026-04-12T11:40:15","date_gmt":"2026-04-12T09:40:15","guid":{"rendered":"https:\/\/dev6.erresse-shop.it\/shop\/sin%20categor\u00eda\/boska-set-de-fondue-electrico-pro-12-piezas\/"},"modified":"2025-11-22T18:14:33","modified_gmt":"2025-11-22T17:14:33","slug":"boska-set-de-fondue-electrico-pro-12-piezas","status":"publish","type":"product","link":"https:\/\/dev6.erresse-shop.it\/es\/shop\/cocina\/boska-set-de-fondue-electrico-pro-12-piezas\/","title":{"rendered":"BOSKA Set de Fondue El\u00e9ctrico Pro 12 Piezas"},"content":{"rendered":"<p>Con este elegante y duradero set de fondue (220 V) tendr\u00e1 el set ideal para todo tipo de fondue (chocolate, queso, caldo o bourguignonne). Adem\u00e1s, no necesita hornillo, la olla se calienta sola. La olla de fondue el\u00e9ctrica de hierro fundido con revestimiento de esmalte antiadherente tiene una capacidad de 2,15 litros. Gracias al rechaud con pr\u00e1ctico control de temperatura, siempre encontrar\u00e1 la temperatura ideal para su velada de fondue. El aparato mantiene la temperatura seleccionada y garantiza horas de disfrute sin preocupaciones. El paquete tambi\u00e9n incluye 8 tenedores de fondue de acero inoxidable con asas de roble, 1 protector contra salpicaduras y un bajoplato de roble.<\/p>\n<p>Especificaciones t\u00e9cnicas<\/p>\n<p>Color: Negro<br \/>\nMaterial: Hierro fundido, Roble<br \/>\nDimensiones del producto: \u00d840\u00d728,5 cm<\/p>\n","protected":false},"excerpt":{"rendered":"<p>Con este elegante y duradero set de fondue (220 V) tendr\u00e1 el set ideal para todo tipo de fondue (chocolate, queso, caldo o bourguignonne). Adem\u00e1s, no necesita hornillo, la olla se calienta sola. La olla de fondue el\u00e9ctrica de hierro fundido con revestimiento de esmalte antiadherente tiene una capacidad de 2,15 litros. Gracias al rechaud [&hellip;]<\/p>\n","protected":false},"featured_media":6369590,"template":"","meta":{"_acf_changed":false},"product_cat":[11884],"product_tag":[],"class_list":{"0":"post-1882153","1":"product","2":"type-product","3":"status-publish","4":"has-post-thumbnail","6":"product_cat-cocina","8":"first","9":"instock","10":"sale","11":"taxable","12":"shipping-taxable","13":"purchasable","14":"product-type-simple","swatches":"rey-swatches","show_selected":"","stretch_labels":"rey-swatches--stretch-labels"},"acf":[],"yoast_head":"<!-- This site is optimized with the Yoast SEO plugin v25.4 - https:\/\/yoast.com\/wordpress\/plugins\/seo\/ -->\n<title>BOSKA Set de Fondue El\u00e9ctrico Pro 12 Piezas - dev6 Erresse<\/title>\n<meta name=\"description\" content=\"Con este elegante y duradero set de fondue (220 V) tendr\u00e1 el set ideal para todo tipo de fondue (chocolate, queso, caldo o bourguignonne). Adem\u00e1s, no\" \/>\n<meta name=\"robots\" content=\"noindex, follow, max-snippet:-1, max-image-preview:large, max-video-preview:-1\" \/>\n<meta property=\"og:locale\" content=\"es_ES\" \/>\n<meta property=\"og:type\" content=\"article\" \/>\n<meta property=\"og:title\" content=\"BOSKA Set de Fondue El\u00e9ctrico Pro 12 Piezas - dev6 Erresse\" \/>\n<meta property=\"og:description\" content=\"Con este elegante y duradero set de fondue (220 V) tendr\u00e1 el set ideal para todo tipo de fondue (chocolate, queso, caldo o bourguignonne). Adem\u00e1s, no\" \/>\n<meta property=\"og:url\" content=\"https:\/\/dev6.erresse-shop.it\/es\/shop\/cocina\/boska-set-de-fondue-electrico-pro-12-piezas\/\" \/>\n<meta property=\"og:site_name\" content=\"dev6 Erresse\" \/>\n<meta property=\"og:image\" content=\"https:\/\/interpim.erresse-shop.it\/Import\/Prodotti\/boska-set-fonduta-elettrico-pro-12-pezzi.jpg\" \/><meta property=\"og:image\" content=\"https:\/\/interpim.erresse-shop.it\/Import\/Prodotti\/boska-set-fonduta-elettrico-pro-12-pezzi.jpg\" \/>\n\t<meta property=\"og:image:width\" content=\"1024\" \/>\n\t<meta property=\"og:image:height\" content=\"1024\" \/>\n\t<meta property=\"og:image:type\" content=\"image\/jpeg\" \/>\n<meta name=\"twitter:card\" content=\"summary_large_image\" \/>\n<meta name=\"twitter:image\" content=\"https:\/\/interpim.erresse-shop.it\/Import\/Prodotti\/boska-set-fonduta-elettrico-pro-12-pezzi.jpg\" \/>\n<script type=\"application\/ld+json\" class=\"yoast-schema-graph\">{\"@context\":\"https:\/\/schema.org\",\"@graph\":[{\"@type\":\"WebPage\",\"@id\":\"https:\/\/dev6.erresse-shop.it\/es\/shop\/cocina\/boska-set-de-fondue-electrico-pro-12-piezas\/\",\"url\":\"https:\/\/dev6.erresse-shop.it\/es\/shop\/cocina\/boska-set-de-fondue-electrico-pro-12-piezas\/\",\"name\":\"BOSKA Set de Fondue El\u00e9ctrico Pro 12 Piezas - dev6 Erresse\",\"isPartOf\":{\"@id\":\"https:\/\/dev6.erresse-shop.it\/#website\"},\"primaryImageOfPage\":{\"@id\":\"https:\/\/dev6.erresse-shop.it\/es\/shop\/cocina\/boska-set-de-fondue-electrico-pro-12-piezas\/#primaryimage\"},\"image\":{\"@id\":\"https:\/\/dev6.erresse-shop.it\/es\/shop\/cocina\/boska-set-de-fondue-electrico-pro-12-piezas\/#primaryimage\"},\"thumbnailUrl\":\"https:\/\/i1.wp.com\/interpim.erresse-shop.it\/Import\/Prodotti\/boska-set-fonduta-elettrico-pro-12-pezzi.jpg?ssl=1\",\"datePublished\":\"2026-04-12T09:40:15+00:00\",\"description\":\"Con este elegante y duradero set de fondue (220 V) tendr\u00e1 el set ideal para todo tipo de fondue (chocolate, queso, caldo o bourguignonne). Adem\u00e1s, no\",\"breadcrumb\":{\"@id\":\"https:\/\/dev6.erresse-shop.it\/es\/shop\/cocina\/boska-set-de-fondue-electrico-pro-12-piezas\/#breadcrumb\"},\"inLanguage\":\"es\",\"potentialAction\":[{\"@type\":\"ReadAction\",\"target\":[\"https:\/\/dev6.erresse-shop.it\/es\/shop\/cocina\/boska-set-de-fondue-electrico-pro-12-piezas\/\"]}]},{\"@type\":\"ImageObject\",\"inLanguage\":\"es\",\"@id\":\"https:\/\/dev6.erresse-shop.it\/es\/shop\/cocina\/boska-set-de-fondue-electrico-pro-12-piezas\/#primaryimage\",\"url\":\"https:\/\/i1.wp.com\/interpim.erresse-shop.it\/Import\/Prodotti\/boska-set-fonduta-elettrico-pro-12-pezzi.jpg?ssl=1\",\"contentUrl\":\"https:\/\/i1.wp.com\/interpim.erresse-shop.it\/Import\/Prodotti\/boska-set-fonduta-elettrico-pro-12-pezzi.jpg?ssl=1\"},{\"@type\":\"BreadcrumbList\",\"@id\":\"https:\/\/dev6.erresse-shop.it\/es\/shop\/cocina\/boska-set-de-fondue-electrico-pro-12-piezas\/#breadcrumb\",\"itemListElement\":[{\"@type\":\"ListItem\",\"position\":1,\"name\":\"Home\",\"item\":\"https:\/\/dev6.erresse-shop.it\/\"},{\"@type\":\"ListItem\",\"position\":2,\"name\":\"Tienda\",\"item\":\"https:\/\/dev6.erresse-shop.it\/shop\/\"},{\"@type\":\"ListItem\",\"position\":3,\"name\":\"BOSKA Set de Fondue El\u00e9ctrico Pro 12 Piezas\"}]},{\"@type\":\"WebSite\",\"@id\":\"https:\/\/dev6.erresse-shop.it\/#website\",\"url\":\"https:\/\/dev6.erresse-shop.it\/\",\"name\":\"Erresse Shop\",\"description\":\"\",\"publisher\":{\"@id\":\"https:\/\/dev6.erresse-shop.it\/#organization\"},\"potentialAction\":[{\"@type\":\"SearchAction\",\"target\":{\"@type\":\"EntryPoint\",\"urlTemplate\":\"https:\/\/dev6.erresse-shop.it\/?s={search_term_string}\"},\"query-input\":{\"@type\":\"PropertyValueSpecification\",\"valueRequired\":true,\"valueName\":\"search_term_string\"}}],\"inLanguage\":\"es\"},{\"@type\":\"Organization\",\"@id\":\"https:\/\/dev6.erresse-shop.it\/#organization\",\"name\":\"Erresse Shop\",\"url\":\"https:\/\/dev6.erresse-shop.it\/\",\"logo\":{\"@type\":\"ImageObject\",\"inLanguage\":\"es\",\"@id\":\"https:\/\/dev6.erresse-shop.it\/#\/schema\/logo\/image\/\",\"url\":\"https:\/\/dev6.erresse-shop.it\/wp-content\/uploads\/2025\/01\/LOGO-ERRESSE-CLASSICO.svg\",\"contentUrl\":\"https:\/\/dev6.erresse-shop.it\/wp-content\/uploads\/2025\/01\/LOGO-ERRESSE-CLASSICO.svg\",\"caption\":\"Erresse Shop\"},\"image\":{\"@id\":\"https:\/\/dev6.erresse-shop.it\/#\/schema\/logo\/image\/\"}}]}<\/script>\n<!-- \/ Yoast SEO plugin. -->","yoast_head_json":{"title":"BOSKA Set de Fondue El\u00e9ctrico Pro 12 Piezas - dev6 Erresse","description":"Con este elegante y duradero set de fondue (220 V) tendr\u00e1 el set ideal para todo tipo de fondue (chocolate, queso, caldo o bourguignonne). Adem\u00e1s, no","robots":{"index":"noindex","follow":"follow","max-snippet":"max-snippet:-1","max-image-preview":"max-image-preview:large","max-video-preview":"max-video-preview:-1"},"og_locale":"es_ES","og_type":"article","og_title":"BOSKA Set de Fondue El\u00e9ctrico Pro 12 Piezas - dev6 Erresse","og_description":"Con este elegante y duradero set de fondue (220 V) tendr\u00e1 el set ideal para todo tipo de fondue (chocolate, queso, caldo o bourguignonne). Adem\u00e1s, no","og_url":"https:\/\/dev6.erresse-shop.it\/es\/shop\/cocina\/boska-set-de-fondue-electrico-pro-12-piezas\/","og_site_name":"dev6 Erresse","og_image":[{"url":"https:\/\/interpim.erresse-shop.it\/Import\/Prodotti\/boska-set-fonduta-elettrico-pro-12-pezzi.jpg","type":"","width":"","height":""},{"url":"https:\/\/interpim.erresse-shop.it\/Import\/Prodotti\/boska-set-fonduta-elettrico-pro-12-pezzi.jpg","width":1024,"height":1024,"type":"image\/jpeg"}],"twitter_card":"summary_large_image","twitter_image":"https:\/\/interpim.erresse-shop.it\/Import\/Prodotti\/boska-set-fonduta-elettrico-pro-12-pezzi.jpg","schema":{"@context":"https:\/\/schema.org","@graph":[{"@type":"WebPage","@id":"https:\/\/dev6.erresse-shop.it\/es\/shop\/cocina\/boska-set-de-fondue-electrico-pro-12-piezas\/","url":"https:\/\/dev6.erresse-shop.it\/es\/shop\/cocina\/boska-set-de-fondue-electrico-pro-12-piezas\/","name":"BOSKA Set de Fondue El\u00e9ctrico Pro 12 Piezas - dev6 Erresse","isPartOf":{"@id":"https:\/\/dev6.erresse-shop.it\/#website"},"primaryImageOfPage":{"@id":"https:\/\/dev6.erresse-shop.it\/es\/shop\/cocina\/boska-set-de-fondue-electrico-pro-12-piezas\/#primaryimage"},"image":{"@id":"https:\/\/dev6.erresse-shop.it\/es\/shop\/cocina\/boska-set-de-fondue-electrico-pro-12-piezas\/#primaryimage"},"thumbnailUrl":"https:\/\/i1.wp.com\/interpim.erresse-shop.it\/Import\/Prodotti\/boska-set-fonduta-elettrico-pro-12-pezzi.jpg?ssl=1","datePublished":"2026-04-12T09:40:15+00:00","description":"Con este elegante y duradero set de fondue (220 V) tendr\u00e1 el set ideal para todo tipo de fondue (chocolate, queso, caldo o bourguignonne). Adem\u00e1s, no","breadcrumb":{"@id":"https:\/\/dev6.erresse-shop.it\/es\/shop\/cocina\/boska-set-de-fondue-electrico-pro-12-piezas\/#breadcrumb"},"inLanguage":"es","potentialAction":[{"@type":"ReadAction","target":["https:\/\/dev6.erresse-shop.it\/es\/shop\/cocina\/boska-set-de-fondue-electrico-pro-12-piezas\/"]}]},{"@type":"ImageObject","inLanguage":"es","@id":"https:\/\/dev6.erresse-shop.it\/es\/shop\/cocina\/boska-set-de-fondue-electrico-pro-12-piezas\/#primaryimage","url":"https:\/\/i1.wp.com\/interpim.erresse-shop.it\/Import\/Prodotti\/boska-set-fonduta-elettrico-pro-12-pezzi.jpg?ssl=1","contentUrl":"https:\/\/i1.wp.com\/interpim.erresse-shop.it\/Import\/Prodotti\/boska-set-fonduta-elettrico-pro-12-pezzi.jpg?ssl=1"},{"@type":"BreadcrumbList","@id":"https:\/\/dev6.erresse-shop.it\/es\/shop\/cocina\/boska-set-de-fondue-electrico-pro-12-piezas\/#breadcrumb","itemListElement":[{"@type":"ListItem","position":1,"name":"Home","item":"https:\/\/dev6.erresse-shop.it\/"},{"@type":"ListItem","position":2,"name":"Tienda","item":"https:\/\/dev6.erresse-shop.it\/shop\/"},{"@type":"ListItem","position":3,"name":"BOSKA Set de Fondue El\u00e9ctrico Pro 12 Piezas"}]},{"@type":"WebSite","@id":"https:\/\/dev6.erresse-shop.it\/#website","url":"https:\/\/dev6.erresse-shop.it\/","name":"Erresse Shop","description":"","publisher":{"@id":"https:\/\/dev6.erresse-shop.it\/#organization"},"potentialAction":[{"@type":"SearchAction","target":{"@type":"EntryPoint","urlTemplate":"https:\/\/dev6.erresse-shop.it\/?s={search_term_string}"},"query-input":{"@type":"PropertyValueSpecification","valueRequired":true,"valueName":"search_term_string"}}],"inLanguage":"es"},{"@type":"Organization","@id":"https:\/\/dev6.erresse-shop.it\/#organization","name":"Erresse Shop","url":"https:\/\/dev6.erresse-shop.it\/","logo":{"@type":"ImageObject","inLanguage":"es","@id":"https:\/\/dev6.erresse-shop.it\/#\/schema\/logo\/image\/","url":"https:\/\/dev6.erresse-shop.it\/wp-content\/uploads\/2025\/01\/LOGO-ERRESSE-CLASSICO.svg","contentUrl":"https:\/\/dev6.erresse-shop.it\/wp-content\/uploads\/2025\/01\/LOGO-ERRESSE-CLASSICO.svg","caption":"Erresse Shop"},"image":{"@id":"https:\/\/dev6.erresse-shop.it\/#\/schema\/logo\/image\/"}}]}},"df_price":179,"df_sale_price":179,"df_regular_price":219,"df_image_link":"https:\/\/i1.wp.com\/interpim.erresse-shop.it\/Import\/Prodotti\/boska-set-fonduta-elettrico-pro-12-pezzi.jpg?resize=300,300&ssl=1","fifu_image_url":"https:\/\/interpim.erresse-shop.it\/Import\/Prodotti\/boska-set-fonduta-elettrico-pro-12-pezzi.jpg","_links":{"self":[{"href":"https:\/\/dev6.erresse-shop.it\/es\/wp-json\/wp\/v2\/product\/1882153","targetHints":{"allow":["GET"]}}],"collection":[{"href":"https:\/\/dev6.erresse-shop.it\/es\/wp-json\/wp\/v2\/product"}],"about":[{"href":"https:\/\/dev6.erresse-shop.it\/es\/wp-json\/wp\/v2\/types\/product"}],"wp:featuredmedia":[{"embeddable":true,"href":"https:\/\/dev6.erresse-shop.it\/es\/wp-json\/wp\/v2\/media\/6369590"}],"wp:attachment":[{"href":"https:\/\/dev6.erresse-shop.it\/es\/wp-json\/wp\/v2\/media?parent=1882153"}],"wp:term":[{"taxonomy":"product_cat","embeddable":true,"href":"https:\/\/dev6.erresse-shop.it\/es\/wp-json\/wp\/v2\/product_cat?post=1882153"},{"taxonomy":"product_tag","embeddable":true,"href":"https:\/\/dev6.erresse-shop.it\/es\/wp-json\/wp\/v2\/product_tag?post=1882153"}],"curies":[{"name":"wp","href":"https:\/\/api.w.org\/{rel}","templated":true}]}}