{"id":1882129,"date":"2026-04-12T11:38:01","date_gmt":"2026-04-12T09:38:01","guid":{"rendered":"https:\/\/dev6.erresse-shop.it\/shop\/sin%20categor\u00eda\/joseph-joseph-space-cacerola-antiadherente-con-asa-plegable-15-cm-azul\/"},"modified":"2025-12-08T17:55:25","modified_gmt":"2025-12-08T16:55:25","slug":"joseph-joseph-space-cacerola-antiadherente-con-asa-plegable-15-cm-azul","status":"publish","type":"product","link":"https:\/\/dev6.erresse-shop.it\/es\/shop\/sartenes-y-ollas\/ollas-y-cacerolas\/joseph-joseph-space-cacerola-antiadherente-con-asa-plegable-15-cm-azul\/","title":{"rendered":"JOSEPH JOSEPH Space Cacerola antiadherente con asa plegable 15 cm Azul"},"content":{"rendered":"<p>No todos los utensilios de cocina son iguales. Presentamos Space, nuestra revolucionaria gama de utensilios de cocina de calidad profesional, acabados en el color premium azul noche.<\/p>\n<p>Las asas plegables de acero inoxidable incorporan la tecnolog\u00eda SwingLock\u2122, probada durante 20 a\u00f1os.<br \/>\nAhorra hasta un 50% m\u00e1s de espacio que las ollas est\u00e1ndar.<br \/>\nCuerpo de aluminio grueso de calidad profesional, resistente al horno hasta 232\u00baC\/450\u00baF.<br \/>\nRevestimiento cer\u00e1mico antiadherente no t\u00f3xico, sin PTFE, PFAS, PFOA, plomo ni cadmio.<br \/>\nApta para todas las placas, incluida la inducci\u00f3n.<br \/>\nTapa de cristal templado con asa plegable de acero inoxidable.<\/p>\n<p>Cuidado y uso:<\/p>\n<p>Apta para lavavajillas, pero se recomienda lavar a mano para prolongar su rendimiento.<br \/>\nLa olla se puede meter en el horno hasta 232\u02daC (450\u02daF), Gas Mark 8.<br \/>\nTapa apta para hornos de hasta 200\u02daC (392\u02daF), Gas Mark 6<\/p>\n<p>Dimensiones:<\/p>\n<p>Totalmente desplegado (con tapa): H14,4 x A31,6 x P15,8 cm (H5,67 x A12,44 x P6,22 pulgadas)<\/p>\n<p>Totalmente plegada (sin tapa): H10,5 x A18,2 x P15,8 cm (H4,1 x L7,2 x P6,22 pulgadas)<\/p>\n","protected":false},"excerpt":{"rendered":"<p>No todos los utensilios de cocina son iguales. Presentamos Space, nuestra revolucionaria gama de utensilios de cocina de calidad profesional, acabados en el color premium azul noche. Las asas plegables de acero inoxidable incorporan la tecnolog\u00eda SwingLock\u2122, probada durante 20 a\u00f1os. Ahorra hasta un 50% m\u00e1s de espacio que las ollas est\u00e1ndar. Cuerpo de aluminio [&hellip;]<\/p>\n","protected":false},"featured_media":6369519,"template":"","meta":{"_acf_changed":false},"product_cat":[11884,11668,11893],"product_tag":[],"class_list":{"0":"post-1882129","1":"product","2":"type-product","3":"status-publish","4":"has-post-thumbnail","6":"product_cat-cocina","7":"product_cat-cucina","8":"product_cat-ollas-y-cacerolas","10":"first","11":"instock","12":"sale","13":"taxable","14":"shipping-taxable","15":"purchasable","16":"product-type-simple","swatches":"rey-swatches","show_selected":"","stretch_labels":"rey-swatches--stretch-labels"},"acf":[],"yoast_head":"<!-- This site is optimized with the Yoast SEO plugin v25.4 - https:\/\/yoast.com\/wordpress\/plugins\/seo\/ -->\n<title>JOSEPH JOSEPH Space Cacerola antiadherente con asa plegable 15 cm Azul - dev6 Erresse<\/title>\n<meta name=\"description\" content=\"No todos los utensilios de cocina son iguales. Presentamos Space, nuestra revolucionaria gama de utensilios de cocina de calidad profesional, acabados en\" \/>\n<meta name=\"robots\" content=\"noindex, follow, max-snippet:-1, max-image-preview:large, max-video-preview:-1\" \/>\n<meta property=\"og:locale\" content=\"es_ES\" \/>\n<meta property=\"og:type\" content=\"article\" \/>\n<meta property=\"og:title\" content=\"JOSEPH JOSEPH Space Cacerola antiadherente con asa plegable 15 cm Azul - dev6 Erresse\" \/>\n<meta property=\"og:description\" content=\"No todos los utensilios de cocina son iguales. Presentamos Space, nuestra revolucionaria gama de utensilios de cocina de calidad profesional, acabados en\" \/>\n<meta property=\"og:url\" content=\"https:\/\/dev6.erresse-shop.it\/es\/shop\/sartenes-y-ollas\/ollas-y-cacerolas\/joseph-joseph-space-cacerola-antiadherente-con-asa-plegable-15-cm-azul\/\" \/>\n<meta property=\"og:site_name\" content=\"dev6 Erresse\" \/>\n<meta property=\"og:image\" content=\"https:\/\/interpim.erresse-shop.it\/Import\/Prodotti\/joseph-joseph-space-casseruola-antiaderente-con-manico-pieghevole-15-cm-blu.png\" \/><meta property=\"og:image\" content=\"https:\/\/interpim.erresse-shop.it\/Import\/Prodotti\/joseph-joseph-space-casseruola-antiaderente-con-manico-pieghevole-15-cm-blu.png\" \/>\n\t<meta property=\"og:image:width\" content=\"1024\" \/>\n\t<meta property=\"og:image:height\" content=\"1024\" \/>\n\t<meta property=\"og:image:type\" content=\"image\/jpeg\" \/>\n<meta name=\"twitter:card\" content=\"summary_large_image\" \/>\n<meta name=\"twitter:image\" content=\"https:\/\/interpim.erresse-shop.it\/Import\/Prodotti\/joseph-joseph-space-casseruola-antiaderente-con-manico-pieghevole-15-cm-blu.png\" \/>\n<script type=\"application\/ld+json\" class=\"yoast-schema-graph\">{\"@context\":\"https:\/\/schema.org\",\"@graph\":[{\"@type\":\"WebPage\",\"@id\":\"https:\/\/dev6.erresse-shop.it\/es\/shop\/sartenes-y-ollas\/ollas-y-cacerolas\/joseph-joseph-space-cacerola-antiadherente-con-asa-plegable-15-cm-azul\/\",\"url\":\"https:\/\/dev6.erresse-shop.it\/es\/shop\/sartenes-y-ollas\/ollas-y-cacerolas\/joseph-joseph-space-cacerola-antiadherente-con-asa-plegable-15-cm-azul\/\",\"name\":\"JOSEPH JOSEPH Space Cacerola antiadherente con asa plegable 15 cm Azul - dev6 Erresse\",\"isPartOf\":{\"@id\":\"https:\/\/dev6.erresse-shop.it\/#website\"},\"primaryImageOfPage\":{\"@id\":\"https:\/\/dev6.erresse-shop.it\/es\/shop\/sartenes-y-ollas\/ollas-y-cacerolas\/joseph-joseph-space-cacerola-antiadherente-con-asa-plegable-15-cm-azul\/#primaryimage\"},\"image\":{\"@id\":\"https:\/\/dev6.erresse-shop.it\/es\/shop\/sartenes-y-ollas\/ollas-y-cacerolas\/joseph-joseph-space-cacerola-antiadherente-con-asa-plegable-15-cm-azul\/#primaryimage\"},\"thumbnailUrl\":\"https:\/\/i0.wp.com\/interpim.erresse-shop.it\/Import\/Prodotti\/joseph-joseph-space-casseruola-antiaderente-con-manico-pieghevole-15-cm-blu.png?ssl=1\",\"datePublished\":\"2026-04-12T09:38:01+00:00\",\"description\":\"No todos los utensilios de cocina son iguales. Presentamos Space, nuestra revolucionaria gama de utensilios de cocina de calidad profesional, acabados en\",\"breadcrumb\":{\"@id\":\"https:\/\/dev6.erresse-shop.it\/es\/shop\/sartenes-y-ollas\/ollas-y-cacerolas\/joseph-joseph-space-cacerola-antiadherente-con-asa-plegable-15-cm-azul\/#breadcrumb\"},\"inLanguage\":\"es\",\"potentialAction\":[{\"@type\":\"ReadAction\",\"target\":[\"https:\/\/dev6.erresse-shop.it\/es\/shop\/sartenes-y-ollas\/ollas-y-cacerolas\/joseph-joseph-space-cacerola-antiadherente-con-asa-plegable-15-cm-azul\/\"]}]},{\"@type\":\"ImageObject\",\"inLanguage\":\"es\",\"@id\":\"https:\/\/dev6.erresse-shop.it\/es\/shop\/sartenes-y-ollas\/ollas-y-cacerolas\/joseph-joseph-space-cacerola-antiadherente-con-asa-plegable-15-cm-azul\/#primaryimage\",\"url\":\"https:\/\/i0.wp.com\/interpim.erresse-shop.it\/Import\/Prodotti\/joseph-joseph-space-casseruola-antiaderente-con-manico-pieghevole-15-cm-blu.png?ssl=1\",\"contentUrl\":\"https:\/\/i0.wp.com\/interpim.erresse-shop.it\/Import\/Prodotti\/joseph-joseph-space-casseruola-antiaderente-con-manico-pieghevole-15-cm-blu.png?ssl=1\"},{\"@type\":\"BreadcrumbList\",\"@id\":\"https:\/\/dev6.erresse-shop.it\/es\/shop\/sartenes-y-ollas\/ollas-y-cacerolas\/joseph-joseph-space-cacerola-antiadherente-con-asa-plegable-15-cm-azul\/#breadcrumb\",\"itemListElement\":[{\"@type\":\"ListItem\",\"position\":1,\"name\":\"Home\",\"item\":\"https:\/\/dev6.erresse-shop.it\/\"},{\"@type\":\"ListItem\",\"position\":2,\"name\":\"Tienda\",\"item\":\"https:\/\/dev6.erresse-shop.it\/shop\/\"},{\"@type\":\"ListItem\",\"position\":3,\"name\":\"JOSEPH JOSEPH Space Cacerola antiadherente con asa plegable 15 cm Azul\"}]},{\"@type\":\"WebSite\",\"@id\":\"https:\/\/dev6.erresse-shop.it\/#website\",\"url\":\"https:\/\/dev6.erresse-shop.it\/\",\"name\":\"Erresse Shop\",\"description\":\"\",\"publisher\":{\"@id\":\"https:\/\/dev6.erresse-shop.it\/#organization\"},\"potentialAction\":[{\"@type\":\"SearchAction\",\"target\":{\"@type\":\"EntryPoint\",\"urlTemplate\":\"https:\/\/dev6.erresse-shop.it\/?s={search_term_string}\"},\"query-input\":{\"@type\":\"PropertyValueSpecification\",\"valueRequired\":true,\"valueName\":\"search_term_string\"}}],\"inLanguage\":\"es\"},{\"@type\":\"Organization\",\"@id\":\"https:\/\/dev6.erresse-shop.it\/#organization\",\"name\":\"Erresse Shop\",\"url\":\"https:\/\/dev6.erresse-shop.it\/\",\"logo\":{\"@type\":\"ImageObject\",\"inLanguage\":\"es\",\"@id\":\"https:\/\/dev6.erresse-shop.it\/#\/schema\/logo\/image\/\",\"url\":\"https:\/\/dev6.erresse-shop.it\/wp-content\/uploads\/2025\/01\/LOGO-ERRESSE-CLASSICO.svg\",\"contentUrl\":\"https:\/\/dev6.erresse-shop.it\/wp-content\/uploads\/2025\/01\/LOGO-ERRESSE-CLASSICO.svg\",\"caption\":\"Erresse Shop\"},\"image\":{\"@id\":\"https:\/\/dev6.erresse-shop.it\/#\/schema\/logo\/image\/\"}}]}<\/script>\n<!-- \/ Yoast SEO plugin. -->","yoast_head_json":{"title":"JOSEPH JOSEPH Space Cacerola antiadherente con asa plegable 15 cm Azul - dev6 Erresse","description":"No todos los utensilios de cocina son iguales. Presentamos Space, nuestra revolucionaria gama de utensilios de cocina de calidad profesional, acabados en","robots":{"index":"noindex","follow":"follow","max-snippet":"max-snippet:-1","max-image-preview":"max-image-preview:large","max-video-preview":"max-video-preview:-1"},"og_locale":"es_ES","og_type":"article","og_title":"JOSEPH JOSEPH Space Cacerola antiadherente con asa plegable 15 cm Azul - dev6 Erresse","og_description":"No todos los utensilios de cocina son iguales. Presentamos Space, nuestra revolucionaria gama de utensilios de cocina de calidad profesional, acabados en","og_url":"https:\/\/dev6.erresse-shop.it\/es\/shop\/sartenes-y-ollas\/ollas-y-cacerolas\/joseph-joseph-space-cacerola-antiadherente-con-asa-plegable-15-cm-azul\/","og_site_name":"dev6 Erresse","og_image":[{"url":"https:\/\/interpim.erresse-shop.it\/Import\/Prodotti\/joseph-joseph-space-casseruola-antiaderente-con-manico-pieghevole-15-cm-blu.png","type":"","width":"","height":""},{"url":"https:\/\/interpim.erresse-shop.it\/Import\/Prodotti\/joseph-joseph-space-casseruola-antiaderente-con-manico-pieghevole-15-cm-blu.png","width":1024,"height":1024,"type":"image\/jpeg"}],"twitter_card":"summary_large_image","twitter_image":"https:\/\/interpim.erresse-shop.it\/Import\/Prodotti\/joseph-joseph-space-casseruola-antiaderente-con-manico-pieghevole-15-cm-blu.png","schema":{"@context":"https:\/\/schema.org","@graph":[{"@type":"WebPage","@id":"https:\/\/dev6.erresse-shop.it\/es\/shop\/sartenes-y-ollas\/ollas-y-cacerolas\/joseph-joseph-space-cacerola-antiadherente-con-asa-plegable-15-cm-azul\/","url":"https:\/\/dev6.erresse-shop.it\/es\/shop\/sartenes-y-ollas\/ollas-y-cacerolas\/joseph-joseph-space-cacerola-antiadherente-con-asa-plegable-15-cm-azul\/","name":"JOSEPH JOSEPH Space Cacerola antiadherente con asa plegable 15 cm Azul - dev6 Erresse","isPartOf":{"@id":"https:\/\/dev6.erresse-shop.it\/#website"},"primaryImageOfPage":{"@id":"https:\/\/dev6.erresse-shop.it\/es\/shop\/sartenes-y-ollas\/ollas-y-cacerolas\/joseph-joseph-space-cacerola-antiadherente-con-asa-plegable-15-cm-azul\/#primaryimage"},"image":{"@id":"https:\/\/dev6.erresse-shop.it\/es\/shop\/sartenes-y-ollas\/ollas-y-cacerolas\/joseph-joseph-space-cacerola-antiadherente-con-asa-plegable-15-cm-azul\/#primaryimage"},"thumbnailUrl":"https:\/\/i0.wp.com\/interpim.erresse-shop.it\/Import\/Prodotti\/joseph-joseph-space-casseruola-antiaderente-con-manico-pieghevole-15-cm-blu.png?ssl=1","datePublished":"2026-04-12T09:38:01+00:00","description":"No todos los utensilios de cocina son iguales. Presentamos Space, nuestra revolucionaria gama de utensilios de cocina de calidad profesional, acabados en","breadcrumb":{"@id":"https:\/\/dev6.erresse-shop.it\/es\/shop\/sartenes-y-ollas\/ollas-y-cacerolas\/joseph-joseph-space-cacerola-antiadherente-con-asa-plegable-15-cm-azul\/#breadcrumb"},"inLanguage":"es","potentialAction":[{"@type":"ReadAction","target":["https:\/\/dev6.erresse-shop.it\/es\/shop\/sartenes-y-ollas\/ollas-y-cacerolas\/joseph-joseph-space-cacerola-antiadherente-con-asa-plegable-15-cm-azul\/"]}]},{"@type":"ImageObject","inLanguage":"es","@id":"https:\/\/dev6.erresse-shop.it\/es\/shop\/sartenes-y-ollas\/ollas-y-cacerolas\/joseph-joseph-space-cacerola-antiadherente-con-asa-plegable-15-cm-azul\/#primaryimage","url":"https:\/\/i0.wp.com\/interpim.erresse-shop.it\/Import\/Prodotti\/joseph-joseph-space-casseruola-antiaderente-con-manico-pieghevole-15-cm-blu.png?ssl=1","contentUrl":"https:\/\/i0.wp.com\/interpim.erresse-shop.it\/Import\/Prodotti\/joseph-joseph-space-casseruola-antiaderente-con-manico-pieghevole-15-cm-blu.png?ssl=1"},{"@type":"BreadcrumbList","@id":"https:\/\/dev6.erresse-shop.it\/es\/shop\/sartenes-y-ollas\/ollas-y-cacerolas\/joseph-joseph-space-cacerola-antiadherente-con-asa-plegable-15-cm-azul\/#breadcrumb","itemListElement":[{"@type":"ListItem","position":1,"name":"Home","item":"https:\/\/dev6.erresse-shop.it\/"},{"@type":"ListItem","position":2,"name":"Tienda","item":"https:\/\/dev6.erresse-shop.it\/shop\/"},{"@type":"ListItem","position":3,"name":"JOSEPH JOSEPH Space Cacerola antiadherente con asa plegable 15 cm Azul"}]},{"@type":"WebSite","@id":"https:\/\/dev6.erresse-shop.it\/#website","url":"https:\/\/dev6.erresse-shop.it\/","name":"Erresse Shop","description":"","publisher":{"@id":"https:\/\/dev6.erresse-shop.it\/#organization"},"potentialAction":[{"@type":"SearchAction","target":{"@type":"EntryPoint","urlTemplate":"https:\/\/dev6.erresse-shop.it\/?s={search_term_string}"},"query-input":{"@type":"PropertyValueSpecification","valueRequired":true,"valueName":"search_term_string"}}],"inLanguage":"es"},{"@type":"Organization","@id":"https:\/\/dev6.erresse-shop.it\/#organization","name":"Erresse Shop","url":"https:\/\/dev6.erresse-shop.it\/","logo":{"@type":"ImageObject","inLanguage":"es","@id":"https:\/\/dev6.erresse-shop.it\/#\/schema\/logo\/image\/","url":"https:\/\/dev6.erresse-shop.it\/wp-content\/uploads\/2025\/01\/LOGO-ERRESSE-CLASSICO.svg","contentUrl":"https:\/\/dev6.erresse-shop.it\/wp-content\/uploads\/2025\/01\/LOGO-ERRESSE-CLASSICO.svg","caption":"Erresse Shop"},"image":{"@id":"https:\/\/dev6.erresse-shop.it\/#\/schema\/logo\/image\/"}}]}},"df_price":79.95,"df_sale_price":79.95,"df_regular_price":99.99,"df_image_link":"https:\/\/i0.wp.com\/interpim.erresse-shop.it\/Import\/Prodotti\/joseph-joseph-space-casseruola-antiaderente-con-manico-pieghevole-15-cm-blu.png?resize=300,300&ssl=1","fifu_image_url":"https:\/\/interpim.erresse-shop.it\/Import\/Prodotti\/joseph-joseph-space-casseruola-antiaderente-con-manico-pieghevole-15-cm-blu.png","_links":{"self":[{"href":"https:\/\/dev6.erresse-shop.it\/es\/wp-json\/wp\/v2\/product\/1882129","targetHints":{"allow":["GET"]}}],"collection":[{"href":"https:\/\/dev6.erresse-shop.it\/es\/wp-json\/wp\/v2\/product"}],"about":[{"href":"https:\/\/dev6.erresse-shop.it\/es\/wp-json\/wp\/v2\/types\/product"}],"wp:featuredmedia":[{"embeddable":true,"href":"https:\/\/dev6.erresse-shop.it\/es\/wp-json\/wp\/v2\/media\/6369519"}],"wp:attachment":[{"href":"https:\/\/dev6.erresse-shop.it\/es\/wp-json\/wp\/v2\/media?parent=1882129"}],"wp:term":[{"taxonomy":"product_cat","embeddable":true,"href":"https:\/\/dev6.erresse-shop.it\/es\/wp-json\/wp\/v2\/product_cat?post=1882129"},{"taxonomy":"product_tag","embeddable":true,"href":"https:\/\/dev6.erresse-shop.it\/es\/wp-json\/wp\/v2\/product_tag?post=1882129"}],"curies":[{"name":"wp","href":"https:\/\/api.w.org\/{rel}","templated":true}]}}