{"id":1882113,"date":"2026-04-12T11:38:01","date_gmt":"2026-04-12T09:38:01","guid":{"rendered":"https:\/\/dev6.erresse-shop.it\/shop\/sin%20categor\u00eda\/zwilling-pro-cuchara-de-arroz-plata\/"},"modified":"2025-09-14T09:29:10","modified_gmt":"2025-09-14T07:29:10","slug":"zwilling-pro-cuchara-de-arroz-plata","status":"publish","type":"product","link":"https:\/\/dev6.erresse-shop.it\/es\/shop\/cocina\/herramientas\/zwilling-pro-cuchara-de-arroz-plata\/","title":{"rendered":"ZWILLING PRO Cuchara de arroz Plata"},"content":{"rendered":"<p>La cocina asi\u00e1tica goza hoy de gran popularidad. Y esto tambi\u00e9n incluye el arroz. La cuchara arrocera de la colecci\u00f3n ZWILLING Pro le permite porcionar y servir el arroz con estilo. Sus dimensiones compactas la hacen ideal para servir incluso el arroz m\u00e1s pegajoso, ya que el mango corto de dise\u00f1o ergon\u00f3mico est\u00e1 pensado para transferir la fuerza de forma \u00f3ptima. Por supuesto, este accesorio de cocina no s\u00f3lo es adecuado para los platos de arroz. La cuchara tambi\u00e9n puede utilizarse para preparar y servir cusc\u00fas y pur\u00e9. El maravilloso mango mate y el extremo de la cuchara con acabado pulido est\u00e1n fabricados en acero inoxidable de alta calidad, lo que le confiere robustez y permite lavarla en el lavavajillas. Sin embargo, este art\u00edculo de cocina no es s\u00f3lo el resultado de una cuidadosa atenci\u00f3n a la alta calidad de su elaboraci\u00f3n, sino tambi\u00e9n de la b\u00fasqueda de un dise\u00f1o atemporal. Los dise\u00f1adores de renombre mundial Matteo Thun y Antonio Rodr\u00edguez han creado una colecci\u00f3n cuya elegancia atemporal seguir\u00e1 satisfaciendo las demandas m\u00e1s sofisticadas durante muchos a\u00f1os.<\/p>\n<p>Dise\u00f1o minimalista de Matteo Thun y Antonio Rodr\u00edguez<br \/>\nFabricado en acero inoxidable de alta calidad<br \/>\nCreado con una ergonom\u00eda de l\u00ednea continua para garantizar la m\u00e1xima higiene y la m\u00ednima fatiga durante su uso<br \/>\nApto para lavavajillas<br \/>\nLa amplia curvatura permite servir grandes cantidades de arroz en una sola cucharada<\/p>\n","protected":false},"excerpt":{"rendered":"<p>La cocina asi\u00e1tica goza hoy de gran popularidad. Y esto tambi\u00e9n incluye el arroz. La cuchara arrocera de la colecci\u00f3n ZWILLING Pro le permite porcionar y servir el arroz con estilo. Sus dimensiones compactas la hacen ideal para servir incluso el arroz m\u00e1s pegajoso, ya que el mango corto de dise\u00f1o ergon\u00f3mico est\u00e1 pensado para [&hellip;]<\/p>\n","protected":false},"featured_media":6369447,"template":"","meta":{"_acf_changed":false},"product_cat":[11884,11668,11900],"product_tag":[],"class_list":{"0":"post-1882113","1":"product","2":"type-product","3":"status-publish","4":"has-post-thumbnail","6":"product_cat-cocina","7":"product_cat-cucina","8":"product_cat-herramientas","10":"first","11":"instock","12":"taxable","13":"shipping-taxable","14":"purchasable","15":"product-type-simple","swatches":"rey-swatches","show_selected":"","stretch_labels":"rey-swatches--stretch-labels"},"acf":[],"yoast_head":"<!-- This site is optimized with the Yoast SEO plugin v25.4 - https:\/\/yoast.com\/wordpress\/plugins\/seo\/ -->\n<title>ZWILLING PRO Cuchara de arroz Plata - dev6 Erresse<\/title>\n<meta name=\"description\" content=\"La cocina asi\u00e1tica goza hoy de gran popularidad. Y esto tambi\u00e9n incluye el arroz. La cuchara arrocera de la colecci\u00f3n ZWILLING Pro le permite porcionar y\" \/>\n<meta name=\"robots\" content=\"noindex, follow, max-snippet:-1, max-image-preview:large, max-video-preview:-1\" \/>\n<meta property=\"og:locale\" content=\"es_ES\" \/>\n<meta property=\"og:type\" content=\"article\" \/>\n<meta property=\"og:title\" content=\"ZWILLING PRO Cuchara de arroz Plata - dev6 Erresse\" \/>\n<meta property=\"og:description\" content=\"La cocina asi\u00e1tica goza hoy de gran popularidad. Y esto tambi\u00e9n incluye el arroz. La cuchara arrocera de la colecci\u00f3n ZWILLING Pro le permite porcionar y\" \/>\n<meta property=\"og:url\" content=\"https:\/\/dev6.erresse-shop.it\/es\/shop\/cocina\/herramientas\/zwilling-pro-cuchara-de-arroz-plata\/\" \/>\n<meta property=\"og:site_name\" content=\"dev6 Erresse\" \/>\n<meta property=\"og:image\" content=\"https:\/\/interpim.erresse-shop.it\/img-catalogo\/zwilling\/zwilling-pro-cucchiaio-per-riso-argento.png\" \/><meta property=\"og:image\" content=\"https:\/\/interpim.erresse-shop.it\/img-catalogo\/zwilling\/zwilling-pro-cucchiaio-per-riso-argento.png\" \/>\n\t<meta property=\"og:image:width\" content=\"1024\" \/>\n\t<meta property=\"og:image:height\" content=\"1024\" \/>\n\t<meta property=\"og:image:type\" content=\"image\/jpeg\" \/>\n<meta name=\"twitter:card\" content=\"summary_large_image\" \/>\n<meta name=\"twitter:image\" content=\"https:\/\/interpim.erresse-shop.it\/img-catalogo\/zwilling\/zwilling-pro-cucchiaio-per-riso-argento.png\" \/>\n<script type=\"application\/ld+json\" class=\"yoast-schema-graph\">{\"@context\":\"https:\/\/schema.org\",\"@graph\":[{\"@type\":\"WebPage\",\"@id\":\"https:\/\/dev6.erresse-shop.it\/es\/shop\/cocina\/herramientas\/zwilling-pro-cuchara-de-arroz-plata\/\",\"url\":\"https:\/\/dev6.erresse-shop.it\/es\/shop\/cocina\/herramientas\/zwilling-pro-cuchara-de-arroz-plata\/\",\"name\":\"ZWILLING PRO Cuchara de arroz Plata - dev6 Erresse\",\"isPartOf\":{\"@id\":\"https:\/\/dev6.erresse-shop.it\/#website\"},\"primaryImageOfPage\":{\"@id\":\"https:\/\/dev6.erresse-shop.it\/es\/shop\/cocina\/herramientas\/zwilling-pro-cuchara-de-arroz-plata\/#primaryimage\"},\"image\":{\"@id\":\"https:\/\/dev6.erresse-shop.it\/es\/shop\/cocina\/herramientas\/zwilling-pro-cuchara-de-arroz-plata\/#primaryimage\"},\"thumbnailUrl\":\"https:\/\/i0.wp.com\/interpim.erresse-shop.it\/img-catalogo\/zwilling\/zwilling-pro-cucchiaio-per-riso-argento.png?ssl=1\",\"datePublished\":\"2026-04-12T09:38:01+00:00\",\"description\":\"La cocina asi\u00e1tica goza hoy de gran popularidad. Y esto tambi\u00e9n incluye el arroz. La cuchara arrocera de la colecci\u00f3n ZWILLING Pro le permite porcionar y\",\"breadcrumb\":{\"@id\":\"https:\/\/dev6.erresse-shop.it\/es\/shop\/cocina\/herramientas\/zwilling-pro-cuchara-de-arroz-plata\/#breadcrumb\"},\"inLanguage\":\"es\",\"potentialAction\":[{\"@type\":\"ReadAction\",\"target\":[\"https:\/\/dev6.erresse-shop.it\/es\/shop\/cocina\/herramientas\/zwilling-pro-cuchara-de-arroz-plata\/\"]}]},{\"@type\":\"ImageObject\",\"inLanguage\":\"es\",\"@id\":\"https:\/\/dev6.erresse-shop.it\/es\/shop\/cocina\/herramientas\/zwilling-pro-cuchara-de-arroz-plata\/#primaryimage\",\"url\":\"https:\/\/i0.wp.com\/interpim.erresse-shop.it\/img-catalogo\/zwilling\/zwilling-pro-cucchiaio-per-riso-argento.png?ssl=1\",\"contentUrl\":\"https:\/\/i0.wp.com\/interpim.erresse-shop.it\/img-catalogo\/zwilling\/zwilling-pro-cucchiaio-per-riso-argento.png?ssl=1\"},{\"@type\":\"BreadcrumbList\",\"@id\":\"https:\/\/dev6.erresse-shop.it\/es\/shop\/cocina\/herramientas\/zwilling-pro-cuchara-de-arroz-plata\/#breadcrumb\",\"itemListElement\":[{\"@type\":\"ListItem\",\"position\":1,\"name\":\"Home\",\"item\":\"https:\/\/dev6.erresse-shop.it\/\"},{\"@type\":\"ListItem\",\"position\":2,\"name\":\"Tienda\",\"item\":\"https:\/\/dev6.erresse-shop.it\/shop\/\"},{\"@type\":\"ListItem\",\"position\":3,\"name\":\"ZWILLING PRO Cuchara de arroz Plata\"}]},{\"@type\":\"WebSite\",\"@id\":\"https:\/\/dev6.erresse-shop.it\/#website\",\"url\":\"https:\/\/dev6.erresse-shop.it\/\",\"name\":\"Erresse Shop\",\"description\":\"\",\"publisher\":{\"@id\":\"https:\/\/dev6.erresse-shop.it\/#organization\"},\"potentialAction\":[{\"@type\":\"SearchAction\",\"target\":{\"@type\":\"EntryPoint\",\"urlTemplate\":\"https:\/\/dev6.erresse-shop.it\/?s={search_term_string}\"},\"query-input\":{\"@type\":\"PropertyValueSpecification\",\"valueRequired\":true,\"valueName\":\"search_term_string\"}}],\"inLanguage\":\"es\"},{\"@type\":\"Organization\",\"@id\":\"https:\/\/dev6.erresse-shop.it\/#organization\",\"name\":\"Erresse Shop\",\"url\":\"https:\/\/dev6.erresse-shop.it\/\",\"logo\":{\"@type\":\"ImageObject\",\"inLanguage\":\"es\",\"@id\":\"https:\/\/dev6.erresse-shop.it\/#\/schema\/logo\/image\/\",\"url\":\"https:\/\/dev6.erresse-shop.it\/wp-content\/uploads\/2025\/01\/LOGO-ERRESSE-CLASSICO.svg\",\"contentUrl\":\"https:\/\/dev6.erresse-shop.it\/wp-content\/uploads\/2025\/01\/LOGO-ERRESSE-CLASSICO.svg\",\"caption\":\"Erresse Shop\"},\"image\":{\"@id\":\"https:\/\/dev6.erresse-shop.it\/#\/schema\/logo\/image\/\"}}]}<\/script>\n<!-- \/ Yoast SEO plugin. -->","yoast_head_json":{"title":"ZWILLING PRO Cuchara de arroz Plata - dev6 Erresse","description":"La cocina asi\u00e1tica goza hoy de gran popularidad. Y esto tambi\u00e9n incluye el arroz. La cuchara arrocera de la colecci\u00f3n ZWILLING Pro le permite porcionar y","robots":{"index":"noindex","follow":"follow","max-snippet":"max-snippet:-1","max-image-preview":"max-image-preview:large","max-video-preview":"max-video-preview:-1"},"og_locale":"es_ES","og_type":"article","og_title":"ZWILLING PRO Cuchara de arroz Plata - dev6 Erresse","og_description":"La cocina asi\u00e1tica goza hoy de gran popularidad. Y esto tambi\u00e9n incluye el arroz. La cuchara arrocera de la colecci\u00f3n ZWILLING Pro le permite porcionar y","og_url":"https:\/\/dev6.erresse-shop.it\/es\/shop\/cocina\/herramientas\/zwilling-pro-cuchara-de-arroz-plata\/","og_site_name":"dev6 Erresse","og_image":[{"url":"https:\/\/interpim.erresse-shop.it\/img-catalogo\/zwilling\/zwilling-pro-cucchiaio-per-riso-argento.png","type":"","width":"","height":""},{"url":"https:\/\/interpim.erresse-shop.it\/img-catalogo\/zwilling\/zwilling-pro-cucchiaio-per-riso-argento.png","width":1024,"height":1024,"type":"image\/jpeg"}],"twitter_card":"summary_large_image","twitter_image":"https:\/\/interpim.erresse-shop.it\/img-catalogo\/zwilling\/zwilling-pro-cucchiaio-per-riso-argento.png","schema":{"@context":"https:\/\/schema.org","@graph":[{"@type":"WebPage","@id":"https:\/\/dev6.erresse-shop.it\/es\/shop\/cocina\/herramientas\/zwilling-pro-cuchara-de-arroz-plata\/","url":"https:\/\/dev6.erresse-shop.it\/es\/shop\/cocina\/herramientas\/zwilling-pro-cuchara-de-arroz-plata\/","name":"ZWILLING PRO Cuchara de arroz Plata - dev6 Erresse","isPartOf":{"@id":"https:\/\/dev6.erresse-shop.it\/#website"},"primaryImageOfPage":{"@id":"https:\/\/dev6.erresse-shop.it\/es\/shop\/cocina\/herramientas\/zwilling-pro-cuchara-de-arroz-plata\/#primaryimage"},"image":{"@id":"https:\/\/dev6.erresse-shop.it\/es\/shop\/cocina\/herramientas\/zwilling-pro-cuchara-de-arroz-plata\/#primaryimage"},"thumbnailUrl":"https:\/\/i0.wp.com\/interpim.erresse-shop.it\/img-catalogo\/zwilling\/zwilling-pro-cucchiaio-per-riso-argento.png?ssl=1","datePublished":"2026-04-12T09:38:01+00:00","description":"La cocina asi\u00e1tica goza hoy de gran popularidad. Y esto tambi\u00e9n incluye el arroz. La cuchara arrocera de la colecci\u00f3n ZWILLING Pro le permite porcionar y","breadcrumb":{"@id":"https:\/\/dev6.erresse-shop.it\/es\/shop\/cocina\/herramientas\/zwilling-pro-cuchara-de-arroz-plata\/#breadcrumb"},"inLanguage":"es","potentialAction":[{"@type":"ReadAction","target":["https:\/\/dev6.erresse-shop.it\/es\/shop\/cocina\/herramientas\/zwilling-pro-cuchara-de-arroz-plata\/"]}]},{"@type":"ImageObject","inLanguage":"es","@id":"https:\/\/dev6.erresse-shop.it\/es\/shop\/cocina\/herramientas\/zwilling-pro-cuchara-de-arroz-plata\/#primaryimage","url":"https:\/\/i0.wp.com\/interpim.erresse-shop.it\/img-catalogo\/zwilling\/zwilling-pro-cucchiaio-per-riso-argento.png?ssl=1","contentUrl":"https:\/\/i0.wp.com\/interpim.erresse-shop.it\/img-catalogo\/zwilling\/zwilling-pro-cucchiaio-per-riso-argento.png?ssl=1"},{"@type":"BreadcrumbList","@id":"https:\/\/dev6.erresse-shop.it\/es\/shop\/cocina\/herramientas\/zwilling-pro-cuchara-de-arroz-plata\/#breadcrumb","itemListElement":[{"@type":"ListItem","position":1,"name":"Home","item":"https:\/\/dev6.erresse-shop.it\/"},{"@type":"ListItem","position":2,"name":"Tienda","item":"https:\/\/dev6.erresse-shop.it\/shop\/"},{"@type":"ListItem","position":3,"name":"ZWILLING PRO Cuchara de arroz Plata"}]},{"@type":"WebSite","@id":"https:\/\/dev6.erresse-shop.it\/#website","url":"https:\/\/dev6.erresse-shop.it\/","name":"Erresse Shop","description":"","publisher":{"@id":"https:\/\/dev6.erresse-shop.it\/#organization"},"potentialAction":[{"@type":"SearchAction","target":{"@type":"EntryPoint","urlTemplate":"https:\/\/dev6.erresse-shop.it\/?s={search_term_string}"},"query-input":{"@type":"PropertyValueSpecification","valueRequired":true,"valueName":"search_term_string"}}],"inLanguage":"es"},{"@type":"Organization","@id":"https:\/\/dev6.erresse-shop.it\/#organization","name":"Erresse Shop","url":"https:\/\/dev6.erresse-shop.it\/","logo":{"@type":"ImageObject","inLanguage":"es","@id":"https:\/\/dev6.erresse-shop.it\/#\/schema\/logo\/image\/","url":"https:\/\/dev6.erresse-shop.it\/wp-content\/uploads\/2025\/01\/LOGO-ERRESSE-CLASSICO.svg","contentUrl":"https:\/\/dev6.erresse-shop.it\/wp-content\/uploads\/2025\/01\/LOGO-ERRESSE-CLASSICO.svg","caption":"Erresse Shop"},"image":{"@id":"https:\/\/dev6.erresse-shop.it\/#\/schema\/logo\/image\/"}}]}},"df_price":26.95,"df_sale_price":"","df_regular_price":26.95,"df_image_link":"https:\/\/i0.wp.com\/interpim.erresse-shop.it\/img-catalogo\/zwilling\/zwilling-pro-cucchiaio-per-riso-argento.png?resize=300,300&ssl=1","fifu_image_url":"https:\/\/interpim.erresse-shop.it\/img-catalogo\/zwilling\/zwilling-pro-cucchiaio-per-riso-argento.png","_links":{"self":[{"href":"https:\/\/dev6.erresse-shop.it\/es\/wp-json\/wp\/v2\/product\/1882113","targetHints":{"allow":["GET"]}}],"collection":[{"href":"https:\/\/dev6.erresse-shop.it\/es\/wp-json\/wp\/v2\/product"}],"about":[{"href":"https:\/\/dev6.erresse-shop.it\/es\/wp-json\/wp\/v2\/types\/product"}],"wp:featuredmedia":[{"embeddable":true,"href":"https:\/\/dev6.erresse-shop.it\/es\/wp-json\/wp\/v2\/media\/6369447"}],"wp:attachment":[{"href":"https:\/\/dev6.erresse-shop.it\/es\/wp-json\/wp\/v2\/media?parent=1882113"}],"wp:term":[{"taxonomy":"product_cat","embeddable":true,"href":"https:\/\/dev6.erresse-shop.it\/es\/wp-json\/wp\/v2\/product_cat?post=1882113"},{"taxonomy":"product_tag","embeddable":true,"href":"https:\/\/dev6.erresse-shop.it\/es\/wp-json\/wp\/v2\/product_tag?post=1882113"}],"curies":[{"name":"wp","href":"https:\/\/api.w.org\/{rel}","templated":true}]}}