{"id":1882107,"date":"2026-04-12T11:38:01","date_gmt":"2026-04-12T09:38:01","guid":{"rendered":"https:\/\/dev6.erresse-shop.it\/shop\/sin%20categor\u00eda\/zwilling-pro-abrelatas\/"},"modified":"2025-09-14T09:28:54","modified_gmt":"2025-09-14T07:28:54","slug":"zwilling-pro-abrelatas","status":"publish","type":"product","link":"https:\/\/dev6.erresse-shop.it\/es\/shop\/cocina\/herramientas\/zwilling-pro-abrelatas\/","title":{"rendered":"ZWILLING PRO Abrelatas"},"content":{"rendered":"<p>Muchos ingredientes se guardan en latas. El abrelatas de la colecci\u00f3n ZWILLING Pro es el accesorio de cocina ideal para abrirlas de forma f\u00e1cil y segura. El mango ergon\u00f3mico es antideslizante para que siempre permanezca firme en la mano. Abrir latas es incre\u00edblemente f\u00e1cil y requiere el m\u00ednimo esfuerzo gracias al suave movimiento de la gran manivela. El dise\u00f1o especial de la parte cortante evita que el abrelatas entre en contacto con el contenido de la lata. Adem\u00e1s de la ventaja higi\u00e9nica de esta soluci\u00f3n, no debe subestimarse la importancia de la garant\u00eda de seguridad. El abrelatas retira la tapa con un corte preciso que no deja bordes afilados. Sin embargo, los accesorios de cocina modernos no pueden ser meramente funcionales. Al fin y al cabo, la cocina ya no es s\u00f3lo un espacio de trabajo. Los dos dise\u00f1adores Matteo Thun y Antonio Rodr\u00edguez dedicaron mucho tiempo a desarrollar esta colecci\u00f3n para crear un dise\u00f1o llamativo y contempor\u00e1neo, pero que tambi\u00e9n se mantuviera con el paso del tiempo. El resultado es una colecci\u00f3n de aspecto minimalista que redefine los est\u00e1ndares de funcionalidad y elegancia formal.<\/p>\n<p>Dise\u00f1o minimalista de Matteo Thun y Antonio Rodr\u00edguez<br \/>\nFabricado en acero inoxidable de primera calidad<br \/>\nDise\u00f1o ergon\u00f3mico de l\u00edneas continuas para garantizar la m\u00e1xima higiene y la<br \/>\nm\u00ednima fatiga durante su uso<br \/>\nApto para lavavajillas<br \/>\nRecorte limpio y preciso de la tapa a lo largo del borde exterior<\/p>\n","protected":false},"excerpt":{"rendered":"<p>Muchos ingredientes se guardan en latas. El abrelatas de la colecci\u00f3n ZWILLING Pro es el accesorio de cocina ideal para abrirlas de forma f\u00e1cil y segura. El mango ergon\u00f3mico es antideslizante para que siempre permanezca firme en la mano. Abrir latas es incre\u00edblemente f\u00e1cil y requiere el m\u00ednimo esfuerzo gracias al suave movimiento de la [&hellip;]<\/p>\n","protected":false},"featured_media":6369441,"template":"","meta":{"_acf_changed":false},"product_cat":[11884,11668,11900],"product_tag":[],"class_list":{"0":"post-1882107","1":"product","2":"type-product","3":"status-publish","4":"has-post-thumbnail","6":"product_cat-cocina","7":"product_cat-cucina","8":"product_cat-herramientas","10":"first","11":"instock","12":"taxable","13":"shipping-taxable","14":"purchasable","15":"product-type-simple","swatches":"rey-swatches","show_selected":"","stretch_labels":"rey-swatches--stretch-labels"},"acf":[],"yoast_head":"<!-- This site is optimized with the Yoast SEO plugin v25.4 - https:\/\/yoast.com\/wordpress\/plugins\/seo\/ -->\n<title>ZWILLING PRO Abrelatas - dev6 Erresse<\/title>\n<meta name=\"description\" content=\"Muchos ingredientes se guardan en latas. El abrelatas de la colecci\u00f3n ZWILLING Pro es el accesorio de cocina ideal para abrirlas de forma f\u00e1cil y segura.\" \/>\n<meta name=\"robots\" content=\"noindex, follow, max-snippet:-1, max-image-preview:large, max-video-preview:-1\" \/>\n<meta property=\"og:locale\" content=\"es_ES\" \/>\n<meta property=\"og:type\" content=\"article\" \/>\n<meta property=\"og:title\" content=\"ZWILLING PRO Abrelatas - dev6 Erresse\" \/>\n<meta property=\"og:description\" content=\"Muchos ingredientes se guardan en latas. El abrelatas de la colecci\u00f3n ZWILLING Pro es el accesorio de cocina ideal para abrirlas de forma f\u00e1cil y segura.\" \/>\n<meta property=\"og:url\" content=\"https:\/\/dev6.erresse-shop.it\/es\/shop\/cocina\/herramientas\/zwilling-pro-abrelatas\/\" \/>\n<meta property=\"og:site_name\" content=\"dev6 Erresse\" \/>\n<meta property=\"og:image\" content=\"https:\/\/interpim.erresse-shop.it\/wp-content\/uploads\/2024\/08\/ZWILLING-PRO-Apriscatole.jpg\/zwilling-pro-apriscatole.jpg\" \/><meta property=\"og:image\" content=\"https:\/\/interpim.erresse-shop.it\/wp-content\/uploads\/2024\/08\/ZWILLING-PRO-Apriscatole.jpg\/zwilling-pro-apriscatole.jpg\" \/>\n\t<meta property=\"og:image:width\" content=\"1024\" \/>\n\t<meta property=\"og:image:height\" content=\"1024\" \/>\n\t<meta property=\"og:image:type\" content=\"image\/jpeg\" \/>\n<meta name=\"twitter:card\" content=\"summary_large_image\" \/>\n<meta name=\"twitter:image\" content=\"https:\/\/interpim.erresse-shop.it\/wp-content\/uploads\/2024\/08\/ZWILLING-PRO-Apriscatole.jpg\/zwilling-pro-apriscatole.jpg\" \/>\n<script type=\"application\/ld+json\" class=\"yoast-schema-graph\">{\"@context\":\"https:\/\/schema.org\",\"@graph\":[{\"@type\":\"WebPage\",\"@id\":\"https:\/\/dev6.erresse-shop.it\/es\/shop\/cocina\/herramientas\/zwilling-pro-abrelatas\/\",\"url\":\"https:\/\/dev6.erresse-shop.it\/es\/shop\/cocina\/herramientas\/zwilling-pro-abrelatas\/\",\"name\":\"ZWILLING PRO Abrelatas - dev6 Erresse\",\"isPartOf\":{\"@id\":\"https:\/\/dev6.erresse-shop.it\/#website\"},\"primaryImageOfPage\":{\"@id\":\"https:\/\/dev6.erresse-shop.it\/es\/shop\/cocina\/herramientas\/zwilling-pro-abrelatas\/#primaryimage\"},\"image\":{\"@id\":\"https:\/\/dev6.erresse-shop.it\/es\/shop\/cocina\/herramientas\/zwilling-pro-abrelatas\/#primaryimage\"},\"thumbnailUrl\":\"https:\/\/i0.wp.com\/interpim.erresse-shop.it\/wp-content\/uploads\/2024\/08\/ZWILLING-PRO-Apriscatole.jpg\/zwilling-pro-apriscatole.jpg?ssl=1\",\"datePublished\":\"2026-04-12T09:38:01+00:00\",\"description\":\"Muchos ingredientes se guardan en latas. El abrelatas de la colecci\u00f3n ZWILLING Pro es el accesorio de cocina ideal para abrirlas de forma f\u00e1cil y segura.\",\"breadcrumb\":{\"@id\":\"https:\/\/dev6.erresse-shop.it\/es\/shop\/cocina\/herramientas\/zwilling-pro-abrelatas\/#breadcrumb\"},\"inLanguage\":\"es\",\"potentialAction\":[{\"@type\":\"ReadAction\",\"target\":[\"https:\/\/dev6.erresse-shop.it\/es\/shop\/cocina\/herramientas\/zwilling-pro-abrelatas\/\"]}]},{\"@type\":\"ImageObject\",\"inLanguage\":\"es\",\"@id\":\"https:\/\/dev6.erresse-shop.it\/es\/shop\/cocina\/herramientas\/zwilling-pro-abrelatas\/#primaryimage\",\"url\":\"https:\/\/i0.wp.com\/interpim.erresse-shop.it\/wp-content\/uploads\/2024\/08\/ZWILLING-PRO-Apriscatole.jpg\/zwilling-pro-apriscatole.jpg?ssl=1\",\"contentUrl\":\"https:\/\/i0.wp.com\/interpim.erresse-shop.it\/wp-content\/uploads\/2024\/08\/ZWILLING-PRO-Apriscatole.jpg\/zwilling-pro-apriscatole.jpg?ssl=1\"},{\"@type\":\"BreadcrumbList\",\"@id\":\"https:\/\/dev6.erresse-shop.it\/es\/shop\/cocina\/herramientas\/zwilling-pro-abrelatas\/#breadcrumb\",\"itemListElement\":[{\"@type\":\"ListItem\",\"position\":1,\"name\":\"Home\",\"item\":\"https:\/\/dev6.erresse-shop.it\/\"},{\"@type\":\"ListItem\",\"position\":2,\"name\":\"Tienda\",\"item\":\"https:\/\/dev6.erresse-shop.it\/shop\/\"},{\"@type\":\"ListItem\",\"position\":3,\"name\":\"ZWILLING PRO Abrelatas\"}]},{\"@type\":\"WebSite\",\"@id\":\"https:\/\/dev6.erresse-shop.it\/#website\",\"url\":\"https:\/\/dev6.erresse-shop.it\/\",\"name\":\"Erresse Shop\",\"description\":\"\",\"publisher\":{\"@id\":\"https:\/\/dev6.erresse-shop.it\/#organization\"},\"potentialAction\":[{\"@type\":\"SearchAction\",\"target\":{\"@type\":\"EntryPoint\",\"urlTemplate\":\"https:\/\/dev6.erresse-shop.it\/?s={search_term_string}\"},\"query-input\":{\"@type\":\"PropertyValueSpecification\",\"valueRequired\":true,\"valueName\":\"search_term_string\"}}],\"inLanguage\":\"es\"},{\"@type\":\"Organization\",\"@id\":\"https:\/\/dev6.erresse-shop.it\/#organization\",\"name\":\"Erresse Shop\",\"url\":\"https:\/\/dev6.erresse-shop.it\/\",\"logo\":{\"@type\":\"ImageObject\",\"inLanguage\":\"es\",\"@id\":\"https:\/\/dev6.erresse-shop.it\/#\/schema\/logo\/image\/\",\"url\":\"https:\/\/dev6.erresse-shop.it\/wp-content\/uploads\/2025\/01\/LOGO-ERRESSE-CLASSICO.svg\",\"contentUrl\":\"https:\/\/dev6.erresse-shop.it\/wp-content\/uploads\/2025\/01\/LOGO-ERRESSE-CLASSICO.svg\",\"caption\":\"Erresse Shop\"},\"image\":{\"@id\":\"https:\/\/dev6.erresse-shop.it\/#\/schema\/logo\/image\/\"}}]}<\/script>\n<!-- \/ Yoast SEO plugin. -->","yoast_head_json":{"title":"ZWILLING PRO Abrelatas - dev6 Erresse","description":"Muchos ingredientes se guardan en latas. El abrelatas de la colecci\u00f3n ZWILLING Pro es el accesorio de cocina ideal para abrirlas de forma f\u00e1cil y segura.","robots":{"index":"noindex","follow":"follow","max-snippet":"max-snippet:-1","max-image-preview":"max-image-preview:large","max-video-preview":"max-video-preview:-1"},"og_locale":"es_ES","og_type":"article","og_title":"ZWILLING PRO Abrelatas - dev6 Erresse","og_description":"Muchos ingredientes se guardan en latas. El abrelatas de la colecci\u00f3n ZWILLING Pro es el accesorio de cocina ideal para abrirlas de forma f\u00e1cil y segura.","og_url":"https:\/\/dev6.erresse-shop.it\/es\/shop\/cocina\/herramientas\/zwilling-pro-abrelatas\/","og_site_name":"dev6 Erresse","og_image":[{"url":"https:\/\/interpim.erresse-shop.it\/wp-content\/uploads\/2024\/08\/ZWILLING-PRO-Apriscatole.jpg\/zwilling-pro-apriscatole.jpg","type":"","width":"","height":""},{"url":"https:\/\/interpim.erresse-shop.it\/wp-content\/uploads\/2024\/08\/ZWILLING-PRO-Apriscatole.jpg\/zwilling-pro-apriscatole.jpg","width":1024,"height":1024,"type":"image\/jpeg"}],"twitter_card":"summary_large_image","twitter_image":"https:\/\/interpim.erresse-shop.it\/wp-content\/uploads\/2024\/08\/ZWILLING-PRO-Apriscatole.jpg\/zwilling-pro-apriscatole.jpg","schema":{"@context":"https:\/\/schema.org","@graph":[{"@type":"WebPage","@id":"https:\/\/dev6.erresse-shop.it\/es\/shop\/cocina\/herramientas\/zwilling-pro-abrelatas\/","url":"https:\/\/dev6.erresse-shop.it\/es\/shop\/cocina\/herramientas\/zwilling-pro-abrelatas\/","name":"ZWILLING PRO Abrelatas - dev6 Erresse","isPartOf":{"@id":"https:\/\/dev6.erresse-shop.it\/#website"},"primaryImageOfPage":{"@id":"https:\/\/dev6.erresse-shop.it\/es\/shop\/cocina\/herramientas\/zwilling-pro-abrelatas\/#primaryimage"},"image":{"@id":"https:\/\/dev6.erresse-shop.it\/es\/shop\/cocina\/herramientas\/zwilling-pro-abrelatas\/#primaryimage"},"thumbnailUrl":"https:\/\/i0.wp.com\/interpim.erresse-shop.it\/wp-content\/uploads\/2024\/08\/ZWILLING-PRO-Apriscatole.jpg\/zwilling-pro-apriscatole.jpg?ssl=1","datePublished":"2026-04-12T09:38:01+00:00","description":"Muchos ingredientes se guardan en latas. El abrelatas de la colecci\u00f3n ZWILLING Pro es el accesorio de cocina ideal para abrirlas de forma f\u00e1cil y segura.","breadcrumb":{"@id":"https:\/\/dev6.erresse-shop.it\/es\/shop\/cocina\/herramientas\/zwilling-pro-abrelatas\/#breadcrumb"},"inLanguage":"es","potentialAction":[{"@type":"ReadAction","target":["https:\/\/dev6.erresse-shop.it\/es\/shop\/cocina\/herramientas\/zwilling-pro-abrelatas\/"]}]},{"@type":"ImageObject","inLanguage":"es","@id":"https:\/\/dev6.erresse-shop.it\/es\/shop\/cocina\/herramientas\/zwilling-pro-abrelatas\/#primaryimage","url":"https:\/\/i0.wp.com\/interpim.erresse-shop.it\/wp-content\/uploads\/2024\/08\/ZWILLING-PRO-Apriscatole.jpg\/zwilling-pro-apriscatole.jpg?ssl=1","contentUrl":"https:\/\/i0.wp.com\/interpim.erresse-shop.it\/wp-content\/uploads\/2024\/08\/ZWILLING-PRO-Apriscatole.jpg\/zwilling-pro-apriscatole.jpg?ssl=1"},{"@type":"BreadcrumbList","@id":"https:\/\/dev6.erresse-shop.it\/es\/shop\/cocina\/herramientas\/zwilling-pro-abrelatas\/#breadcrumb","itemListElement":[{"@type":"ListItem","position":1,"name":"Home","item":"https:\/\/dev6.erresse-shop.it\/"},{"@type":"ListItem","position":2,"name":"Tienda","item":"https:\/\/dev6.erresse-shop.it\/shop\/"},{"@type":"ListItem","position":3,"name":"ZWILLING PRO Abrelatas"}]},{"@type":"WebSite","@id":"https:\/\/dev6.erresse-shop.it\/#website","url":"https:\/\/dev6.erresse-shop.it\/","name":"Erresse Shop","description":"","publisher":{"@id":"https:\/\/dev6.erresse-shop.it\/#organization"},"potentialAction":[{"@type":"SearchAction","target":{"@type":"EntryPoint","urlTemplate":"https:\/\/dev6.erresse-shop.it\/?s={search_term_string}"},"query-input":{"@type":"PropertyValueSpecification","valueRequired":true,"valueName":"search_term_string"}}],"inLanguage":"es"},{"@type":"Organization","@id":"https:\/\/dev6.erresse-shop.it\/#organization","name":"Erresse Shop","url":"https:\/\/dev6.erresse-shop.it\/","logo":{"@type":"ImageObject","inLanguage":"es","@id":"https:\/\/dev6.erresse-shop.it\/#\/schema\/logo\/image\/","url":"https:\/\/dev6.erresse-shop.it\/wp-content\/uploads\/2025\/01\/LOGO-ERRESSE-CLASSICO.svg","contentUrl":"https:\/\/dev6.erresse-shop.it\/wp-content\/uploads\/2025\/01\/LOGO-ERRESSE-CLASSICO.svg","caption":"Erresse Shop"},"image":{"@id":"https:\/\/dev6.erresse-shop.it\/#\/schema\/logo\/image\/"}}]}},"df_price":29.95,"df_sale_price":"","df_regular_price":29.95,"df_image_link":"https:\/\/i0.wp.com\/interpim.erresse-shop.it\/wp-content\/uploads\/2024\/08\/ZWILLING-PRO-Apriscatole.jpg\/zwilling-pro-apriscatole.jpg?resize=300,300&ssl=1","fifu_image_url":"https:\/\/interpim.erresse-shop.it\/wp-content\/uploads\/2024\/08\/ZWILLING-PRO-Apriscatole.jpg\/zwilling-pro-apriscatole.jpg","_links":{"self":[{"href":"https:\/\/dev6.erresse-shop.it\/es\/wp-json\/wp\/v2\/product\/1882107","targetHints":{"allow":["GET"]}}],"collection":[{"href":"https:\/\/dev6.erresse-shop.it\/es\/wp-json\/wp\/v2\/product"}],"about":[{"href":"https:\/\/dev6.erresse-shop.it\/es\/wp-json\/wp\/v2\/types\/product"}],"wp:featuredmedia":[{"embeddable":true,"href":"https:\/\/dev6.erresse-shop.it\/es\/wp-json\/wp\/v2\/media\/6369441"}],"wp:attachment":[{"href":"https:\/\/dev6.erresse-shop.it\/es\/wp-json\/wp\/v2\/media?parent=1882107"}],"wp:term":[{"taxonomy":"product_cat","embeddable":true,"href":"https:\/\/dev6.erresse-shop.it\/es\/wp-json\/wp\/v2\/product_cat?post=1882107"},{"taxonomy":"product_tag","embeddable":true,"href":"https:\/\/dev6.erresse-shop.it\/es\/wp-json\/wp\/v2\/product_tag?post=1882107"}],"curies":[{"name":"wp","href":"https:\/\/api.w.org\/{rel}","templated":true}]}}