{"id":1882105,"date":"2026-04-12T11:38:01","date_gmt":"2026-04-12T09:38:01","guid":{"rendered":"https:\/\/dev6.erresse-shop.it\/shop\/sin%20categor\u00eda\/zwilling-enfinigy-abridor-de-vino-electrico-negro\/"},"modified":"2025-09-14T09:28:49","modified_gmt":"2025-09-14T07:28:49","slug":"zwilling-enfinigy-abridor-de-vino-electrico-negro","status":"publish","type":"product","link":"https:\/\/dev6.erresse-shop.it\/es\/shop\/tabla\/vino\/sacacorchos\/zwilling-enfinigy-abridor-de-vino-electrico-negro\/","title":{"rendered":"ZWILLING Enfinigy Abridor de vino el\u00e9ctrico Negro"},"content":{"rendered":"<p>Un producto imprescindible para todos los aficionados al vino: el abridor de vino el\u00e9ctrico ZWILLING ENFINIGY permite abrir las botellas de vino sin esfuerzo con s\u00f3lo pulsar un bot\u00f3n. Gracias a su funcionamiento de un solo toque, podr\u00e1 retirar la c\u00e1psula y los corchos de las botellas de su vino favorito en un abrir y cerrar de ojos. La potente bater\u00eda le permite abrir hasta 50 botellas, mientras que el cortador de l\u00e1minas integrado y la iluminaci\u00f3n LED lo convierten en un accesorio completo y sofisticado. Adem\u00e1s, su elegante dise\u00f1o italiano convierte a este abrebotellas el\u00e9ctrico en el complemento perfecto para cualquier cocina o bar. Experimente la m\u00e1xima comodidad a la hora de servir y beber vino con el ZWILLING ENFINIGY: \u00a1la forma perfecta de disfrutar de su pr\u00f3xima copa de vino!<\/p>\n<p>Abre botellas de vino con un simple clic<br \/>\nUna carga de bater\u00eda es suficiente para hasta 50 botellas<br \/>\nRecubrimiento de silicona sin PTFE<br \/>\nCortador de papel de aluminio integrado<br \/>\nLuz LED integrada<br \/>\nDise\u00f1ado por Matteo Thun y Antonio Rodr\u00edguez<\/p>\n<p>Color: negro<br \/>\nMaterial: pl\u00e1stico<br \/>\nTensi\u00f3n: 7,4 V<br \/>\nFrecuencia: 50\/60 Hz<br \/>\nTipo de motor: motor de CC<\/p>\n","protected":false},"excerpt":{"rendered":"<p>Un producto imprescindible para todos los aficionados al vino: el abridor de vino el\u00e9ctrico ZWILLING ENFINIGY permite abrir las botellas de vino sin esfuerzo con s\u00f3lo pulsar un bot\u00f3n. Gracias a su funcionamiento de un solo toque, podr\u00e1 retirar la c\u00e1psula y los corchos de las botellas de su vino favorito en un abrir y [&hellip;]<\/p>\n","protected":false},"featured_media":6369430,"template":"","meta":{"_acf_changed":false},"product_cat":[11972,11887,11961],"product_tag":[],"class_list":{"0":"post-1882105","1":"product","2":"type-product","3":"status-publish","4":"has-post-thumbnail","6":"product_cat-sacacorchos","7":"product_cat-tabla","8":"product_cat-vino","10":"first","11":"instock","12":"taxable","13":"shipping-taxable","14":"purchasable","15":"product-type-simple","swatches":"rey-swatches","show_selected":"","stretch_labels":"rey-swatches--stretch-labels"},"acf":[],"yoast_head":"<!-- This site is optimized with the Yoast SEO plugin v25.4 - https:\/\/yoast.com\/wordpress\/plugins\/seo\/ -->\n<title>ZWILLING Enfinigy Abridor de vino el\u00e9ctrico Negro - dev6 Erresse<\/title>\n<meta name=\"description\" content=\"Un producto imprescindible para todos los aficionados al vino: el abridor de vino el\u00e9ctrico ZWILLING ENFINIGY permite abrir las botellas de vino sin\" \/>\n<meta name=\"robots\" content=\"noindex, follow, max-snippet:-1, max-image-preview:large, max-video-preview:-1\" \/>\n<meta property=\"og:locale\" content=\"es_ES\" \/>\n<meta property=\"og:type\" content=\"article\" \/>\n<meta property=\"og:title\" content=\"ZWILLING Enfinigy Abridor de vino el\u00e9ctrico Negro - dev6 Erresse\" \/>\n<meta property=\"og:description\" content=\"Un producto imprescindible para todos los aficionados al vino: el abridor de vino el\u00e9ctrico ZWILLING ENFINIGY permite abrir las botellas de vino sin\" \/>\n<meta property=\"og:url\" content=\"https:\/\/dev6.erresse-shop.it\/es\/shop\/tabla\/vino\/sacacorchos\/zwilling-enfinigy-abridor-de-vino-electrico-negro\/\" \/>\n<meta property=\"og:site_name\" content=\"dev6 Erresse\" \/>\n<meta property=\"og:image\" content=\"https:\/\/interpim.erresse-shop.it\/wp-content\/uploads\/2024\/08\/ZWILLING-Enfinigy-Apribottiglie-Vino-Elettrico-Nero.jpg\/zwilling-enfinigy-apribottiglie-vino-elettrico-nero.jpg\" \/><meta property=\"og:image\" content=\"https:\/\/interpim.erresse-shop.it\/wp-content\/uploads\/2024\/08\/ZWILLING-Enfinigy-Apribottiglie-Vino-Elettrico-Nero.jpg\/zwilling-enfinigy-apribottiglie-vino-elettrico-nero.jpg\" \/>\n\t<meta property=\"og:image:width\" content=\"1024\" \/>\n\t<meta property=\"og:image:height\" content=\"1024\" \/>\n\t<meta property=\"og:image:type\" content=\"image\/jpeg\" \/>\n<meta name=\"twitter:card\" content=\"summary_large_image\" \/>\n<meta name=\"twitter:image\" content=\"https:\/\/interpim.erresse-shop.it\/wp-content\/uploads\/2024\/08\/ZWILLING-Enfinigy-Apribottiglie-Vino-Elettrico-Nero.jpg\/zwilling-enfinigy-apribottiglie-vino-elettrico-nero.jpg\" \/>\n<script type=\"application\/ld+json\" class=\"yoast-schema-graph\">{\"@context\":\"https:\/\/schema.org\",\"@graph\":[{\"@type\":\"WebPage\",\"@id\":\"https:\/\/dev6.erresse-shop.it\/es\/shop\/tabla\/vino\/sacacorchos\/zwilling-enfinigy-abridor-de-vino-electrico-negro\/\",\"url\":\"https:\/\/dev6.erresse-shop.it\/es\/shop\/tabla\/vino\/sacacorchos\/zwilling-enfinigy-abridor-de-vino-electrico-negro\/\",\"name\":\"ZWILLING Enfinigy Abridor de vino el\u00e9ctrico Negro - dev6 Erresse\",\"isPartOf\":{\"@id\":\"https:\/\/dev6.erresse-shop.it\/#website\"},\"primaryImageOfPage\":{\"@id\":\"https:\/\/dev6.erresse-shop.it\/es\/shop\/tabla\/vino\/sacacorchos\/zwilling-enfinigy-abridor-de-vino-electrico-negro\/#primaryimage\"},\"image\":{\"@id\":\"https:\/\/dev6.erresse-shop.it\/es\/shop\/tabla\/vino\/sacacorchos\/zwilling-enfinigy-abridor-de-vino-electrico-negro\/#primaryimage\"},\"thumbnailUrl\":\"https:\/\/i0.wp.com\/interpim.erresse-shop.it\/wp-content\/uploads\/2024\/08\/ZWILLING-Enfinigy-Apribottiglie-Vino-Elettrico-Nero.jpg\/zwilling-enfinigy-apribottiglie-vino-elettrico-nero.jpg?ssl=1\",\"datePublished\":\"2026-04-12T09:38:01+00:00\",\"description\":\"Un producto imprescindible para todos los aficionados al vino: el abridor de vino el\u00e9ctrico ZWILLING ENFINIGY permite abrir las botellas de vino sin\",\"breadcrumb\":{\"@id\":\"https:\/\/dev6.erresse-shop.it\/es\/shop\/tabla\/vino\/sacacorchos\/zwilling-enfinigy-abridor-de-vino-electrico-negro\/#breadcrumb\"},\"inLanguage\":\"es\",\"potentialAction\":[{\"@type\":\"ReadAction\",\"target\":[\"https:\/\/dev6.erresse-shop.it\/es\/shop\/tabla\/vino\/sacacorchos\/zwilling-enfinigy-abridor-de-vino-electrico-negro\/\"]}]},{\"@type\":\"ImageObject\",\"inLanguage\":\"es\",\"@id\":\"https:\/\/dev6.erresse-shop.it\/es\/shop\/tabla\/vino\/sacacorchos\/zwilling-enfinigy-abridor-de-vino-electrico-negro\/#primaryimage\",\"url\":\"https:\/\/i0.wp.com\/interpim.erresse-shop.it\/wp-content\/uploads\/2024\/08\/ZWILLING-Enfinigy-Apribottiglie-Vino-Elettrico-Nero.jpg\/zwilling-enfinigy-apribottiglie-vino-elettrico-nero.jpg?ssl=1\",\"contentUrl\":\"https:\/\/i0.wp.com\/interpim.erresse-shop.it\/wp-content\/uploads\/2024\/08\/ZWILLING-Enfinigy-Apribottiglie-Vino-Elettrico-Nero.jpg\/zwilling-enfinigy-apribottiglie-vino-elettrico-nero.jpg?ssl=1\"},{\"@type\":\"BreadcrumbList\",\"@id\":\"https:\/\/dev6.erresse-shop.it\/es\/shop\/tabla\/vino\/sacacorchos\/zwilling-enfinigy-abridor-de-vino-electrico-negro\/#breadcrumb\",\"itemListElement\":[{\"@type\":\"ListItem\",\"position\":1,\"name\":\"Home\",\"item\":\"https:\/\/dev6.erresse-shop.it\/\"},{\"@type\":\"ListItem\",\"position\":2,\"name\":\"Tienda\",\"item\":\"https:\/\/dev6.erresse-shop.it\/shop\/\"},{\"@type\":\"ListItem\",\"position\":3,\"name\":\"ZWILLING Enfinigy Abridor de vino el\u00e9ctrico Negro\"}]},{\"@type\":\"WebSite\",\"@id\":\"https:\/\/dev6.erresse-shop.it\/#website\",\"url\":\"https:\/\/dev6.erresse-shop.it\/\",\"name\":\"Erresse Shop\",\"description\":\"\",\"publisher\":{\"@id\":\"https:\/\/dev6.erresse-shop.it\/#organization\"},\"potentialAction\":[{\"@type\":\"SearchAction\",\"target\":{\"@type\":\"EntryPoint\",\"urlTemplate\":\"https:\/\/dev6.erresse-shop.it\/?s={search_term_string}\"},\"query-input\":{\"@type\":\"PropertyValueSpecification\",\"valueRequired\":true,\"valueName\":\"search_term_string\"}}],\"inLanguage\":\"es\"},{\"@type\":\"Organization\",\"@id\":\"https:\/\/dev6.erresse-shop.it\/#organization\",\"name\":\"Erresse Shop\",\"url\":\"https:\/\/dev6.erresse-shop.it\/\",\"logo\":{\"@type\":\"ImageObject\",\"inLanguage\":\"es\",\"@id\":\"https:\/\/dev6.erresse-shop.it\/#\/schema\/logo\/image\/\",\"url\":\"https:\/\/dev6.erresse-shop.it\/wp-content\/uploads\/2025\/01\/LOGO-ERRESSE-CLASSICO.svg\",\"contentUrl\":\"https:\/\/dev6.erresse-shop.it\/wp-content\/uploads\/2025\/01\/LOGO-ERRESSE-CLASSICO.svg\",\"caption\":\"Erresse Shop\"},\"image\":{\"@id\":\"https:\/\/dev6.erresse-shop.it\/#\/schema\/logo\/image\/\"}}]}<\/script>\n<!-- \/ Yoast SEO plugin. -->","yoast_head_json":{"title":"ZWILLING Enfinigy Abridor de vino el\u00e9ctrico Negro - dev6 Erresse","description":"Un producto imprescindible para todos los aficionados al vino: el abridor de vino el\u00e9ctrico ZWILLING ENFINIGY permite abrir las botellas de vino sin","robots":{"index":"noindex","follow":"follow","max-snippet":"max-snippet:-1","max-image-preview":"max-image-preview:large","max-video-preview":"max-video-preview:-1"},"og_locale":"es_ES","og_type":"article","og_title":"ZWILLING Enfinigy Abridor de vino el\u00e9ctrico Negro - dev6 Erresse","og_description":"Un producto imprescindible para todos los aficionados al vino: el abridor de vino el\u00e9ctrico ZWILLING ENFINIGY permite abrir las botellas de vino sin","og_url":"https:\/\/dev6.erresse-shop.it\/es\/shop\/tabla\/vino\/sacacorchos\/zwilling-enfinigy-abridor-de-vino-electrico-negro\/","og_site_name":"dev6 Erresse","og_image":[{"url":"https:\/\/interpim.erresse-shop.it\/wp-content\/uploads\/2024\/08\/ZWILLING-Enfinigy-Apribottiglie-Vino-Elettrico-Nero.jpg\/zwilling-enfinigy-apribottiglie-vino-elettrico-nero.jpg","type":"","width":"","height":""},{"url":"https:\/\/interpim.erresse-shop.it\/wp-content\/uploads\/2024\/08\/ZWILLING-Enfinigy-Apribottiglie-Vino-Elettrico-Nero.jpg\/zwilling-enfinigy-apribottiglie-vino-elettrico-nero.jpg","width":1024,"height":1024,"type":"image\/jpeg"}],"twitter_card":"summary_large_image","twitter_image":"https:\/\/interpim.erresse-shop.it\/wp-content\/uploads\/2024\/08\/ZWILLING-Enfinigy-Apribottiglie-Vino-Elettrico-Nero.jpg\/zwilling-enfinigy-apribottiglie-vino-elettrico-nero.jpg","schema":{"@context":"https:\/\/schema.org","@graph":[{"@type":"WebPage","@id":"https:\/\/dev6.erresse-shop.it\/es\/shop\/tabla\/vino\/sacacorchos\/zwilling-enfinigy-abridor-de-vino-electrico-negro\/","url":"https:\/\/dev6.erresse-shop.it\/es\/shop\/tabla\/vino\/sacacorchos\/zwilling-enfinigy-abridor-de-vino-electrico-negro\/","name":"ZWILLING Enfinigy Abridor de vino el\u00e9ctrico Negro - dev6 Erresse","isPartOf":{"@id":"https:\/\/dev6.erresse-shop.it\/#website"},"primaryImageOfPage":{"@id":"https:\/\/dev6.erresse-shop.it\/es\/shop\/tabla\/vino\/sacacorchos\/zwilling-enfinigy-abridor-de-vino-electrico-negro\/#primaryimage"},"image":{"@id":"https:\/\/dev6.erresse-shop.it\/es\/shop\/tabla\/vino\/sacacorchos\/zwilling-enfinigy-abridor-de-vino-electrico-negro\/#primaryimage"},"thumbnailUrl":"https:\/\/i0.wp.com\/interpim.erresse-shop.it\/wp-content\/uploads\/2024\/08\/ZWILLING-Enfinigy-Apribottiglie-Vino-Elettrico-Nero.jpg\/zwilling-enfinigy-apribottiglie-vino-elettrico-nero.jpg?ssl=1","datePublished":"2026-04-12T09:38:01+00:00","description":"Un producto imprescindible para todos los aficionados al vino: el abridor de vino el\u00e9ctrico ZWILLING ENFINIGY permite abrir las botellas de vino sin","breadcrumb":{"@id":"https:\/\/dev6.erresse-shop.it\/es\/shop\/tabla\/vino\/sacacorchos\/zwilling-enfinigy-abridor-de-vino-electrico-negro\/#breadcrumb"},"inLanguage":"es","potentialAction":[{"@type":"ReadAction","target":["https:\/\/dev6.erresse-shop.it\/es\/shop\/tabla\/vino\/sacacorchos\/zwilling-enfinigy-abridor-de-vino-electrico-negro\/"]}]},{"@type":"ImageObject","inLanguage":"es","@id":"https:\/\/dev6.erresse-shop.it\/es\/shop\/tabla\/vino\/sacacorchos\/zwilling-enfinigy-abridor-de-vino-electrico-negro\/#primaryimage","url":"https:\/\/i0.wp.com\/interpim.erresse-shop.it\/wp-content\/uploads\/2024\/08\/ZWILLING-Enfinigy-Apribottiglie-Vino-Elettrico-Nero.jpg\/zwilling-enfinigy-apribottiglie-vino-elettrico-nero.jpg?ssl=1","contentUrl":"https:\/\/i0.wp.com\/interpim.erresse-shop.it\/wp-content\/uploads\/2024\/08\/ZWILLING-Enfinigy-Apribottiglie-Vino-Elettrico-Nero.jpg\/zwilling-enfinigy-apribottiglie-vino-elettrico-nero.jpg?ssl=1"},{"@type":"BreadcrumbList","@id":"https:\/\/dev6.erresse-shop.it\/es\/shop\/tabla\/vino\/sacacorchos\/zwilling-enfinigy-abridor-de-vino-electrico-negro\/#breadcrumb","itemListElement":[{"@type":"ListItem","position":1,"name":"Home","item":"https:\/\/dev6.erresse-shop.it\/"},{"@type":"ListItem","position":2,"name":"Tienda","item":"https:\/\/dev6.erresse-shop.it\/shop\/"},{"@type":"ListItem","position":3,"name":"ZWILLING Enfinigy Abridor de vino el\u00e9ctrico Negro"}]},{"@type":"WebSite","@id":"https:\/\/dev6.erresse-shop.it\/#website","url":"https:\/\/dev6.erresse-shop.it\/","name":"Erresse Shop","description":"","publisher":{"@id":"https:\/\/dev6.erresse-shop.it\/#organization"},"potentialAction":[{"@type":"SearchAction","target":{"@type":"EntryPoint","urlTemplate":"https:\/\/dev6.erresse-shop.it\/?s={search_term_string}"},"query-input":{"@type":"PropertyValueSpecification","valueRequired":true,"valueName":"search_term_string"}}],"inLanguage":"es"},{"@type":"Organization","@id":"https:\/\/dev6.erresse-shop.it\/#organization","name":"Erresse Shop","url":"https:\/\/dev6.erresse-shop.it\/","logo":{"@type":"ImageObject","inLanguage":"es","@id":"https:\/\/dev6.erresse-shop.it\/#\/schema\/logo\/image\/","url":"https:\/\/dev6.erresse-shop.it\/wp-content\/uploads\/2025\/01\/LOGO-ERRESSE-CLASSICO.svg","contentUrl":"https:\/\/dev6.erresse-shop.it\/wp-content\/uploads\/2025\/01\/LOGO-ERRESSE-CLASSICO.svg","caption":"Erresse Shop"},"image":{"@id":"https:\/\/dev6.erresse-shop.it\/#\/schema\/logo\/image\/"}}]}},"df_price":49.95,"df_sale_price":"","df_regular_price":49.95,"df_image_link":"https:\/\/i0.wp.com\/interpim.erresse-shop.it\/wp-content\/uploads\/2024\/08\/ZWILLING-Enfinigy-Apribottiglie-Vino-Elettrico-Nero.jpg\/zwilling-enfinigy-apribottiglie-vino-elettrico-nero.jpg?resize=300,300&ssl=1","fifu_image_url":"https:\/\/interpim.erresse-shop.it\/wp-content\/uploads\/2024\/08\/ZWILLING-Enfinigy-Apribottiglie-Vino-Elettrico-Nero.jpg\/zwilling-enfinigy-apribottiglie-vino-elettrico-nero.jpg","_links":{"self":[{"href":"https:\/\/dev6.erresse-shop.it\/es\/wp-json\/wp\/v2\/product\/1882105","targetHints":{"allow":["GET"]}}],"collection":[{"href":"https:\/\/dev6.erresse-shop.it\/es\/wp-json\/wp\/v2\/product"}],"about":[{"href":"https:\/\/dev6.erresse-shop.it\/es\/wp-json\/wp\/v2\/types\/product"}],"wp:featuredmedia":[{"embeddable":true,"href":"https:\/\/dev6.erresse-shop.it\/es\/wp-json\/wp\/v2\/media\/6369430"}],"wp:attachment":[{"href":"https:\/\/dev6.erresse-shop.it\/es\/wp-json\/wp\/v2\/media?parent=1882105"}],"wp:term":[{"taxonomy":"product_cat","embeddable":true,"href":"https:\/\/dev6.erresse-shop.it\/es\/wp-json\/wp\/v2\/product_cat?post=1882105"},{"taxonomy":"product_tag","embeddable":true,"href":"https:\/\/dev6.erresse-shop.it\/es\/wp-json\/wp\/v2\/product_tag?post=1882105"}],"curies":[{"name":"wp","href":"https:\/\/api.w.org\/{rel}","templated":true}]}}