{"id":1882091,"date":"2026-04-10T12:14:18","date_gmt":"2026-04-10T10:14:18","guid":{"rendered":"https:\/\/dev6.erresse-shop.it\/shop\/sin%20categor\u00eda\/guzzini-feeling-cuberteria-24-piezas-negro\/"},"modified":"2025-11-22T18:14:28","modified_gmt":"2025-11-22T17:14:28","slug":"guzzini-feeling-cuberteria-24-piezas-negro","status":"publish","type":"product","link":"https:\/\/dev6.erresse-shop.it\/es\/shop\/tabla\/cubiertos\/guzzini-feeling-cuberteria-24-piezas-negro\/","title":{"rendered":"GUZZINI Feeling Cuberter\u00eda 24 piezas Negro"},"content":{"rendered":"<p>La combinaci\u00f3n perfecta de acero y pl\u00e1stico est\u00e1 representada en este juego de cubiertos. El acero inoxidable de la m\u00e1s alta calidad recorre toda la longitud de los cubiertos, en cuyo mango se aplican los preciosos elementos de pl\u00e1stico bicolor.<\/p>\n<p>Dise\u00f1ados para soportar miles de lavados en el lavavajillas, garantizan la m\u00e1xima higiene del material.<\/p>\n<p>Material: Acero inoxidable<\/p>\n","protected":false},"excerpt":{"rendered":"<p>La combinaci\u00f3n perfecta de acero y pl\u00e1stico est\u00e1 representada en este juego de cubiertos. El acero inoxidable de la m\u00e1s alta calidad recorre toda la longitud de los cubiertos, en cuyo mango se aplican los preciosos elementos de pl\u00e1stico bicolor. Dise\u00f1ados para soportar miles de lavados en el lavavajillas, garantizan la m\u00e1xima higiene del material. [&hellip;]<\/p>\n","protected":false},"featured_media":6327756,"template":"","meta":{"_acf_changed":false},"product_cat":[11888,11887,11671],"product_tag":[],"class_list":{"0":"post-1882091","1":"product","2":"type-product","3":"status-publish","4":"has-post-thumbnail","6":"product_cat-cubiertos","7":"product_cat-tabla","8":"product_cat-tavola","10":"first","11":"instock","12":"sale","13":"taxable","14":"shipping-taxable","15":"purchasable","16":"product-type-simple","swatches":"rey-swatches","show_selected":"","stretch_labels":"rey-swatches--stretch-labels"},"acf":[],"yoast_head":"<!-- This site is optimized with the Yoast SEO plugin v25.4 - https:\/\/yoast.com\/wordpress\/plugins\/seo\/ -->\n<title>GUZZINI Feeling Cuberter\u00eda 24 piezas Negro - dev6 Erresse<\/title>\n<meta name=\"description\" content=\"La combinaci\u00f3n perfecta de acero y pl\u00e1stico est\u00e1 representada en este juego de cubiertos. El acero inoxidable de la m\u00e1s alta calidad recorre toda la\" \/>\n<meta name=\"robots\" content=\"noindex, follow, max-snippet:-1, max-image-preview:large, max-video-preview:-1\" \/>\n<meta property=\"og:locale\" content=\"es_ES\" \/>\n<meta property=\"og:type\" content=\"article\" \/>\n<meta property=\"og:title\" content=\"GUZZINI Feeling Cuberter\u00eda 24 piezas Negro - dev6 Erresse\" \/>\n<meta property=\"og:description\" content=\"La combinaci\u00f3n perfecta de acero y pl\u00e1stico est\u00e1 representada en este juego de cubiertos. El acero inoxidable de la m\u00e1s alta calidad recorre toda la\" \/>\n<meta property=\"og:url\" content=\"https:\/\/dev6.erresse-shop.it\/es\/shop\/tabla\/cubiertos\/guzzini-feeling-cuberteria-24-piezas-negro\/\" \/>\n<meta property=\"og:site_name\" content=\"dev6 Erresse\" \/>\n<meta property=\"og:image\" content=\"https:\/\/interpim.erresse-shop.it\/Import\/Prodotti\/guzzini-feeling-set-posate-24-pezzi-nero.jpg\" \/><meta property=\"og:image\" content=\"https:\/\/interpim.erresse-shop.it\/Import\/Prodotti\/guzzini-feeling-set-posate-24-pezzi-nero.jpg\" \/>\n\t<meta property=\"og:image:width\" content=\"1024\" \/>\n\t<meta property=\"og:image:height\" content=\"1024\" \/>\n\t<meta property=\"og:image:type\" content=\"image\/jpeg\" \/>\n<meta name=\"twitter:card\" content=\"summary_large_image\" \/>\n<meta name=\"twitter:image\" content=\"https:\/\/interpim.erresse-shop.it\/Import\/Prodotti\/guzzini-feeling-set-posate-24-pezzi-nero.jpg\" \/>\n<script type=\"application\/ld+json\" class=\"yoast-schema-graph\">{\"@context\":\"https:\/\/schema.org\",\"@graph\":[{\"@type\":\"WebPage\",\"@id\":\"https:\/\/dev6.erresse-shop.it\/es\/shop\/tabla\/cubiertos\/guzzini-feeling-cuberteria-24-piezas-negro\/\",\"url\":\"https:\/\/dev6.erresse-shop.it\/es\/shop\/tabla\/cubiertos\/guzzini-feeling-cuberteria-24-piezas-negro\/\",\"name\":\"GUZZINI Feeling Cuberter\u00eda 24 piezas Negro - dev6 Erresse\",\"isPartOf\":{\"@id\":\"https:\/\/dev6.erresse-shop.it\/#website\"},\"primaryImageOfPage\":{\"@id\":\"https:\/\/dev6.erresse-shop.it\/es\/shop\/tabla\/cubiertos\/guzzini-feeling-cuberteria-24-piezas-negro\/#primaryimage\"},\"image\":{\"@id\":\"https:\/\/dev6.erresse-shop.it\/es\/shop\/tabla\/cubiertos\/guzzini-feeling-cuberteria-24-piezas-negro\/#primaryimage\"},\"thumbnailUrl\":\"https:\/\/i1.wp.com\/interpim.erresse-shop.it\/Import\/Prodotti\/guzzini-feeling-set-posate-24-pezzi-nero.jpg?ssl=1\",\"datePublished\":\"2026-04-10T10:14:18+00:00\",\"description\":\"La combinaci\u00f3n perfecta de acero y pl\u00e1stico est\u00e1 representada en este juego de cubiertos. El acero inoxidable de la m\u00e1s alta calidad recorre toda la\",\"breadcrumb\":{\"@id\":\"https:\/\/dev6.erresse-shop.it\/es\/shop\/tabla\/cubiertos\/guzzini-feeling-cuberteria-24-piezas-negro\/#breadcrumb\"},\"inLanguage\":\"es\",\"potentialAction\":[{\"@type\":\"ReadAction\",\"target\":[\"https:\/\/dev6.erresse-shop.it\/es\/shop\/tabla\/cubiertos\/guzzini-feeling-cuberteria-24-piezas-negro\/\"]}]},{\"@type\":\"ImageObject\",\"inLanguage\":\"es\",\"@id\":\"https:\/\/dev6.erresse-shop.it\/es\/shop\/tabla\/cubiertos\/guzzini-feeling-cuberteria-24-piezas-negro\/#primaryimage\",\"url\":\"https:\/\/i1.wp.com\/interpim.erresse-shop.it\/Import\/Prodotti\/guzzini-feeling-set-posate-24-pezzi-nero.jpg?ssl=1\",\"contentUrl\":\"https:\/\/i1.wp.com\/interpim.erresse-shop.it\/Import\/Prodotti\/guzzini-feeling-set-posate-24-pezzi-nero.jpg?ssl=1\"},{\"@type\":\"BreadcrumbList\",\"@id\":\"https:\/\/dev6.erresse-shop.it\/es\/shop\/tabla\/cubiertos\/guzzini-feeling-cuberteria-24-piezas-negro\/#breadcrumb\",\"itemListElement\":[{\"@type\":\"ListItem\",\"position\":1,\"name\":\"Home\",\"item\":\"https:\/\/dev6.erresse-shop.it\/\"},{\"@type\":\"ListItem\",\"position\":2,\"name\":\"Tienda\",\"item\":\"https:\/\/dev6.erresse-shop.it\/shop\/\"},{\"@type\":\"ListItem\",\"position\":3,\"name\":\"GUZZINI Feeling Cuberter\u00eda 24 piezas Negro\"}]},{\"@type\":\"WebSite\",\"@id\":\"https:\/\/dev6.erresse-shop.it\/#website\",\"url\":\"https:\/\/dev6.erresse-shop.it\/\",\"name\":\"Erresse Shop\",\"description\":\"\",\"publisher\":{\"@id\":\"https:\/\/dev6.erresse-shop.it\/#organization\"},\"potentialAction\":[{\"@type\":\"SearchAction\",\"target\":{\"@type\":\"EntryPoint\",\"urlTemplate\":\"https:\/\/dev6.erresse-shop.it\/?s={search_term_string}\"},\"query-input\":{\"@type\":\"PropertyValueSpecification\",\"valueRequired\":true,\"valueName\":\"search_term_string\"}}],\"inLanguage\":\"es\"},{\"@type\":\"Organization\",\"@id\":\"https:\/\/dev6.erresse-shop.it\/#organization\",\"name\":\"Erresse Shop\",\"url\":\"https:\/\/dev6.erresse-shop.it\/\",\"logo\":{\"@type\":\"ImageObject\",\"inLanguage\":\"es\",\"@id\":\"https:\/\/dev6.erresse-shop.it\/#\/schema\/logo\/image\/\",\"url\":\"https:\/\/dev6.erresse-shop.it\/wp-content\/uploads\/2025\/01\/LOGO-ERRESSE-CLASSICO.svg\",\"contentUrl\":\"https:\/\/dev6.erresse-shop.it\/wp-content\/uploads\/2025\/01\/LOGO-ERRESSE-CLASSICO.svg\",\"caption\":\"Erresse Shop\"},\"image\":{\"@id\":\"https:\/\/dev6.erresse-shop.it\/#\/schema\/logo\/image\/\"}}]}<\/script>\n<!-- \/ Yoast SEO plugin. -->","yoast_head_json":{"title":"GUZZINI Feeling Cuberter\u00eda 24 piezas Negro - dev6 Erresse","description":"La combinaci\u00f3n perfecta de acero y pl\u00e1stico est\u00e1 representada en este juego de cubiertos. El acero inoxidable de la m\u00e1s alta calidad recorre toda la","robots":{"index":"noindex","follow":"follow","max-snippet":"max-snippet:-1","max-image-preview":"max-image-preview:large","max-video-preview":"max-video-preview:-1"},"og_locale":"es_ES","og_type":"article","og_title":"GUZZINI Feeling Cuberter\u00eda 24 piezas Negro - dev6 Erresse","og_description":"La combinaci\u00f3n perfecta de acero y pl\u00e1stico est\u00e1 representada en este juego de cubiertos. El acero inoxidable de la m\u00e1s alta calidad recorre toda la","og_url":"https:\/\/dev6.erresse-shop.it\/es\/shop\/tabla\/cubiertos\/guzzini-feeling-cuberteria-24-piezas-negro\/","og_site_name":"dev6 Erresse","og_image":[{"url":"https:\/\/interpim.erresse-shop.it\/Import\/Prodotti\/guzzini-feeling-set-posate-24-pezzi-nero.jpg","type":"","width":"","height":""},{"url":"https:\/\/interpim.erresse-shop.it\/Import\/Prodotti\/guzzini-feeling-set-posate-24-pezzi-nero.jpg","width":1024,"height":1024,"type":"image\/jpeg"}],"twitter_card":"summary_large_image","twitter_image":"https:\/\/interpim.erresse-shop.it\/Import\/Prodotti\/guzzini-feeling-set-posate-24-pezzi-nero.jpg","schema":{"@context":"https:\/\/schema.org","@graph":[{"@type":"WebPage","@id":"https:\/\/dev6.erresse-shop.it\/es\/shop\/tabla\/cubiertos\/guzzini-feeling-cuberteria-24-piezas-negro\/","url":"https:\/\/dev6.erresse-shop.it\/es\/shop\/tabla\/cubiertos\/guzzini-feeling-cuberteria-24-piezas-negro\/","name":"GUZZINI Feeling Cuberter\u00eda 24 piezas Negro - dev6 Erresse","isPartOf":{"@id":"https:\/\/dev6.erresse-shop.it\/#website"},"primaryImageOfPage":{"@id":"https:\/\/dev6.erresse-shop.it\/es\/shop\/tabla\/cubiertos\/guzzini-feeling-cuberteria-24-piezas-negro\/#primaryimage"},"image":{"@id":"https:\/\/dev6.erresse-shop.it\/es\/shop\/tabla\/cubiertos\/guzzini-feeling-cuberteria-24-piezas-negro\/#primaryimage"},"thumbnailUrl":"https:\/\/i1.wp.com\/interpim.erresse-shop.it\/Import\/Prodotti\/guzzini-feeling-set-posate-24-pezzi-nero.jpg?ssl=1","datePublished":"2026-04-10T10:14:18+00:00","description":"La combinaci\u00f3n perfecta de acero y pl\u00e1stico est\u00e1 representada en este juego de cubiertos. El acero inoxidable de la m\u00e1s alta calidad recorre toda la","breadcrumb":{"@id":"https:\/\/dev6.erresse-shop.it\/es\/shop\/tabla\/cubiertos\/guzzini-feeling-cuberteria-24-piezas-negro\/#breadcrumb"},"inLanguage":"es","potentialAction":[{"@type":"ReadAction","target":["https:\/\/dev6.erresse-shop.it\/es\/shop\/tabla\/cubiertos\/guzzini-feeling-cuberteria-24-piezas-negro\/"]}]},{"@type":"ImageObject","inLanguage":"es","@id":"https:\/\/dev6.erresse-shop.it\/es\/shop\/tabla\/cubiertos\/guzzini-feeling-cuberteria-24-piezas-negro\/#primaryimage","url":"https:\/\/i1.wp.com\/interpim.erresse-shop.it\/Import\/Prodotti\/guzzini-feeling-set-posate-24-pezzi-nero.jpg?ssl=1","contentUrl":"https:\/\/i1.wp.com\/interpim.erresse-shop.it\/Import\/Prodotti\/guzzini-feeling-set-posate-24-pezzi-nero.jpg?ssl=1"},{"@type":"BreadcrumbList","@id":"https:\/\/dev6.erresse-shop.it\/es\/shop\/tabla\/cubiertos\/guzzini-feeling-cuberteria-24-piezas-negro\/#breadcrumb","itemListElement":[{"@type":"ListItem","position":1,"name":"Home","item":"https:\/\/dev6.erresse-shop.it\/"},{"@type":"ListItem","position":2,"name":"Tienda","item":"https:\/\/dev6.erresse-shop.it\/shop\/"},{"@type":"ListItem","position":3,"name":"GUZZINI Feeling Cuberter\u00eda 24 piezas Negro"}]},{"@type":"WebSite","@id":"https:\/\/dev6.erresse-shop.it\/#website","url":"https:\/\/dev6.erresse-shop.it\/","name":"Erresse Shop","description":"","publisher":{"@id":"https:\/\/dev6.erresse-shop.it\/#organization"},"potentialAction":[{"@type":"SearchAction","target":{"@type":"EntryPoint","urlTemplate":"https:\/\/dev6.erresse-shop.it\/?s={search_term_string}"},"query-input":{"@type":"PropertyValueSpecification","valueRequired":true,"valueName":"search_term_string"}}],"inLanguage":"es"},{"@type":"Organization","@id":"https:\/\/dev6.erresse-shop.it\/#organization","name":"Erresse Shop","url":"https:\/\/dev6.erresse-shop.it\/","logo":{"@type":"ImageObject","inLanguage":"es","@id":"https:\/\/dev6.erresse-shop.it\/#\/schema\/logo\/image\/","url":"https:\/\/dev6.erresse-shop.it\/wp-content\/uploads\/2025\/01\/LOGO-ERRESSE-CLASSICO.svg","contentUrl":"https:\/\/dev6.erresse-shop.it\/wp-content\/uploads\/2025\/01\/LOGO-ERRESSE-CLASSICO.svg","caption":"Erresse Shop"},"image":{"@id":"https:\/\/dev6.erresse-shop.it\/#\/schema\/logo\/image\/"}}]}},"df_price":89.95,"df_sale_price":89.95,"df_regular_price":119,"df_image_link":"https:\/\/i1.wp.com\/interpim.erresse-shop.it\/Import\/Prodotti\/guzzini-feeling-set-posate-24-pezzi-nero.jpg?resize=300,300&ssl=1","fifu_image_url":"https:\/\/interpim.erresse-shop.it\/Import\/Prodotti\/guzzini-feeling-set-posate-24-pezzi-nero.jpg","_links":{"self":[{"href":"https:\/\/dev6.erresse-shop.it\/es\/wp-json\/wp\/v2\/product\/1882091","targetHints":{"allow":["GET"]}}],"collection":[{"href":"https:\/\/dev6.erresse-shop.it\/es\/wp-json\/wp\/v2\/product"}],"about":[{"href":"https:\/\/dev6.erresse-shop.it\/es\/wp-json\/wp\/v2\/types\/product"}],"wp:featuredmedia":[{"embeddable":true,"href":"https:\/\/dev6.erresse-shop.it\/es\/wp-json\/wp\/v2\/media\/6327756"}],"wp:attachment":[{"href":"https:\/\/dev6.erresse-shop.it\/es\/wp-json\/wp\/v2\/media?parent=1882091"}],"wp:term":[{"taxonomy":"product_cat","embeddable":true,"href":"https:\/\/dev6.erresse-shop.it\/es\/wp-json\/wp\/v2\/product_cat?post=1882091"},{"taxonomy":"product_tag","embeddable":true,"href":"https:\/\/dev6.erresse-shop.it\/es\/wp-json\/wp\/v2\/product_tag?post=1882091"}],"curies":[{"name":"wp","href":"https:\/\/api.w.org\/{rel}","templated":true}]}}