{"id":1882001,"date":"2026-04-12T11:31:25","date_gmt":"2026-04-12T09:31:25","guid":{"rendered":"https:\/\/dev6.erresse-shop.it\/shop\/sin%20categor\u00eda\/imperia-maquina-de-pasta-electric-ipasta-rojo\/"},"modified":"2025-09-14T09:24:29","modified_gmt":"2025-09-14T07:24:29","slug":"imperia-maquina-de-pasta-electric-ipasta-rojo","status":"publish","type":"product","link":"https:\/\/dev6.erresse-shop.it\/es\/shop\/cocina\/maquinas-de-pasta\/imperia-maquina-de-pasta-electric-ipasta-rojo\/","title":{"rendered":"IMPERIA M\u00e1quina de Pasta Electric iPasta Rojo"},"content":{"rendered":"<p>La Imperia Electric Classica combina la artesan\u00eda tradicional con la comodidad moderna. Esta m\u00e1quina, fabricada en acero cromado, es sin\u00f3nimo de durabilidad y longevidad. Est\u00e1 equipada con el innovador motor PastaFacile, que garantiza un laminado uniforme y sin esfuerzo. La Classica el\u00e9ctrica est\u00e1 equipada con seis rodillos de grosor ajustable, que permiten un control preciso del grosor. Tambi\u00e9n incluye el vers\u00e1til cortador Duplex, que puede crear dos tipos populares de pasta: tagliatelle y fettuccine. El motor PastaFacile no s\u00f3lo facilita el proceso de elaboraci\u00f3n de la pasta, sino que tambi\u00e9n garantiza una l\u00e1mina lisa en todo momento. Dise\u00f1ada pensando en la practicidad, incluye una abrazadera de encimera para garantizar la estabilidad y una tolva para facilitar la alimentaci\u00f3n.<\/p>\n<p>Caracter\u00edsticas principales:<\/p>\n<p>Color: Rojo Imperia cl\u00e1sico<br \/>\nBastidor de acero cromado: Ofrece resistencia y durabilidad<br \/>\nCortador doble: Permite crear tagliatelle y fettuccine<br \/>\nMotor PastaFacile: Garantiza un enrollado uniforme y sin esfuerzo de las l\u00e1minas de pasta<br \/>\n230V<\/p>\n","protected":false},"excerpt":{"rendered":"<p>La Imperia Electric Classica combina la artesan\u00eda tradicional con la comodidad moderna. Esta m\u00e1quina, fabricada en acero cromado, es sin\u00f3nimo de durabilidad y longevidad. Est\u00e1 equipada con el innovador motor PastaFacile, que garantiza un laminado uniforme y sin esfuerzo. La Classica el\u00e9ctrica est\u00e1 equipada con seis rodillos de grosor ajustable, que permiten un control preciso [&hellip;]<\/p>\n","protected":false},"featured_media":6369173,"template":"","meta":{"_acf_changed":false},"product_cat":[11884,11668,11944],"product_tag":[],"class_list":{"0":"post-1882001","1":"product","2":"type-product","3":"status-publish","4":"has-post-thumbnail","6":"product_cat-cocina","7":"product_cat-cucina","8":"product_cat-maquinas-de-pasta","10":"first","11":"instock","12":"sale","13":"taxable","14":"shipping-taxable","15":"purchasable","16":"product-type-simple","swatches":"rey-swatches","show_selected":"","stretch_labels":"rey-swatches--stretch-labels"},"acf":[],"yoast_head":"<!-- This site is optimized with the Yoast SEO plugin v25.4 - https:\/\/yoast.com\/wordpress\/plugins\/seo\/ -->\n<title>IMPERIA M\u00e1quina de Pasta Electric iPasta Rojo - dev6 Erresse<\/title>\n<meta name=\"description\" content=\"La Imperia Electric Classica combina la artesan\u00eda tradicional con la comodidad moderna. Esta m\u00e1quina, fabricada en acero cromado, es sin\u00f3nimo de\" \/>\n<meta name=\"robots\" content=\"noindex, follow, max-snippet:-1, max-image-preview:large, max-video-preview:-1\" \/>\n<meta property=\"og:locale\" content=\"es_ES\" \/>\n<meta property=\"og:type\" content=\"article\" \/>\n<meta property=\"og:title\" content=\"IMPERIA M\u00e1quina de Pasta Electric iPasta Rojo - dev6 Erresse\" \/>\n<meta property=\"og:description\" content=\"La Imperia Electric Classica combina la artesan\u00eda tradicional con la comodidad moderna. Esta m\u00e1quina, fabricada en acero cromado, es sin\u00f3nimo de\" \/>\n<meta property=\"og:url\" content=\"https:\/\/dev6.erresse-shop.it\/es\/shop\/cocina\/maquinas-de-pasta\/imperia-maquina-de-pasta-electric-ipasta-rojo\/\" \/>\n<meta property=\"og:site_name\" content=\"dev6 Erresse\" \/>\n<meta property=\"og:image\" content=\"https:\/\/interpim.erresse-shop.it\/Import\/Prodotti\/imperia-macchina-per-pasta-electric-ipasta-rosso.jpg\" \/><meta property=\"og:image\" content=\"https:\/\/interpim.erresse-shop.it\/Import\/Prodotti\/imperia-macchina-per-pasta-electric-ipasta-rosso.jpg\" \/>\n\t<meta property=\"og:image:width\" content=\"1024\" \/>\n\t<meta property=\"og:image:height\" content=\"1024\" \/>\n\t<meta property=\"og:image:type\" content=\"image\/jpeg\" \/>\n<meta name=\"twitter:card\" content=\"summary_large_image\" \/>\n<meta name=\"twitter:image\" content=\"https:\/\/interpim.erresse-shop.it\/Import\/Prodotti\/imperia-macchina-per-pasta-electric-ipasta-rosso.jpg\" \/>\n<script type=\"application\/ld+json\" class=\"yoast-schema-graph\">{\"@context\":\"https:\/\/schema.org\",\"@graph\":[{\"@type\":\"WebPage\",\"@id\":\"https:\/\/dev6.erresse-shop.it\/es\/shop\/cocina\/maquinas-de-pasta\/imperia-maquina-de-pasta-electric-ipasta-rojo\/\",\"url\":\"https:\/\/dev6.erresse-shop.it\/es\/shop\/cocina\/maquinas-de-pasta\/imperia-maquina-de-pasta-electric-ipasta-rojo\/\",\"name\":\"IMPERIA M\u00e1quina de Pasta Electric iPasta Rojo - dev6 Erresse\",\"isPartOf\":{\"@id\":\"https:\/\/dev6.erresse-shop.it\/#website\"},\"primaryImageOfPage\":{\"@id\":\"https:\/\/dev6.erresse-shop.it\/es\/shop\/cocina\/maquinas-de-pasta\/imperia-maquina-de-pasta-electric-ipasta-rojo\/#primaryimage\"},\"image\":{\"@id\":\"https:\/\/dev6.erresse-shop.it\/es\/shop\/cocina\/maquinas-de-pasta\/imperia-maquina-de-pasta-electric-ipasta-rojo\/#primaryimage\"},\"thumbnailUrl\":\"https:\/\/i2.wp.com\/interpim.erresse-shop.it\/Import\/Prodotti\/imperia-macchina-per-pasta-electric-ipasta-rosso.jpg?ssl=1\",\"datePublished\":\"2026-04-12T09:31:25+00:00\",\"description\":\"La Imperia Electric Classica combina la artesan\u00eda tradicional con la comodidad moderna. Esta m\u00e1quina, fabricada en acero cromado, es sin\u00f3nimo de\",\"breadcrumb\":{\"@id\":\"https:\/\/dev6.erresse-shop.it\/es\/shop\/cocina\/maquinas-de-pasta\/imperia-maquina-de-pasta-electric-ipasta-rojo\/#breadcrumb\"},\"inLanguage\":\"es\",\"potentialAction\":[{\"@type\":\"ReadAction\",\"target\":[\"https:\/\/dev6.erresse-shop.it\/es\/shop\/cocina\/maquinas-de-pasta\/imperia-maquina-de-pasta-electric-ipasta-rojo\/\"]}]},{\"@type\":\"ImageObject\",\"inLanguage\":\"es\",\"@id\":\"https:\/\/dev6.erresse-shop.it\/es\/shop\/cocina\/maquinas-de-pasta\/imperia-maquina-de-pasta-electric-ipasta-rojo\/#primaryimage\",\"url\":\"https:\/\/i2.wp.com\/interpim.erresse-shop.it\/Import\/Prodotti\/imperia-macchina-per-pasta-electric-ipasta-rosso.jpg?ssl=1\",\"contentUrl\":\"https:\/\/i2.wp.com\/interpim.erresse-shop.it\/Import\/Prodotti\/imperia-macchina-per-pasta-electric-ipasta-rosso.jpg?ssl=1\"},{\"@type\":\"BreadcrumbList\",\"@id\":\"https:\/\/dev6.erresse-shop.it\/es\/shop\/cocina\/maquinas-de-pasta\/imperia-maquina-de-pasta-electric-ipasta-rojo\/#breadcrumb\",\"itemListElement\":[{\"@type\":\"ListItem\",\"position\":1,\"name\":\"Home\",\"item\":\"https:\/\/dev6.erresse-shop.it\/\"},{\"@type\":\"ListItem\",\"position\":2,\"name\":\"Tienda\",\"item\":\"https:\/\/dev6.erresse-shop.it\/shop\/\"},{\"@type\":\"ListItem\",\"position\":3,\"name\":\"IMPERIA M\u00e1quina de Pasta Electric iPasta Rojo\"}]},{\"@type\":\"WebSite\",\"@id\":\"https:\/\/dev6.erresse-shop.it\/#website\",\"url\":\"https:\/\/dev6.erresse-shop.it\/\",\"name\":\"Erresse Shop\",\"description\":\"\",\"publisher\":{\"@id\":\"https:\/\/dev6.erresse-shop.it\/#organization\"},\"potentialAction\":[{\"@type\":\"SearchAction\",\"target\":{\"@type\":\"EntryPoint\",\"urlTemplate\":\"https:\/\/dev6.erresse-shop.it\/?s={search_term_string}\"},\"query-input\":{\"@type\":\"PropertyValueSpecification\",\"valueRequired\":true,\"valueName\":\"search_term_string\"}}],\"inLanguage\":\"es\"},{\"@type\":\"Organization\",\"@id\":\"https:\/\/dev6.erresse-shop.it\/#organization\",\"name\":\"Erresse Shop\",\"url\":\"https:\/\/dev6.erresse-shop.it\/\",\"logo\":{\"@type\":\"ImageObject\",\"inLanguage\":\"es\",\"@id\":\"https:\/\/dev6.erresse-shop.it\/#\/schema\/logo\/image\/\",\"url\":\"https:\/\/dev6.erresse-shop.it\/wp-content\/uploads\/2025\/01\/LOGO-ERRESSE-CLASSICO.svg\",\"contentUrl\":\"https:\/\/dev6.erresse-shop.it\/wp-content\/uploads\/2025\/01\/LOGO-ERRESSE-CLASSICO.svg\",\"caption\":\"Erresse Shop\"},\"image\":{\"@id\":\"https:\/\/dev6.erresse-shop.it\/#\/schema\/logo\/image\/\"}}]}<\/script>\n<!-- \/ Yoast SEO plugin. -->","yoast_head_json":{"title":"IMPERIA M\u00e1quina de Pasta Electric iPasta Rojo - dev6 Erresse","description":"La Imperia Electric Classica combina la artesan\u00eda tradicional con la comodidad moderna. Esta m\u00e1quina, fabricada en acero cromado, es sin\u00f3nimo de","robots":{"index":"noindex","follow":"follow","max-snippet":"max-snippet:-1","max-image-preview":"max-image-preview:large","max-video-preview":"max-video-preview:-1"},"og_locale":"es_ES","og_type":"article","og_title":"IMPERIA M\u00e1quina de Pasta Electric iPasta Rojo - dev6 Erresse","og_description":"La Imperia Electric Classica combina la artesan\u00eda tradicional con la comodidad moderna. Esta m\u00e1quina, fabricada en acero cromado, es sin\u00f3nimo de","og_url":"https:\/\/dev6.erresse-shop.it\/es\/shop\/cocina\/maquinas-de-pasta\/imperia-maquina-de-pasta-electric-ipasta-rojo\/","og_site_name":"dev6 Erresse","og_image":[{"url":"https:\/\/interpim.erresse-shop.it\/Import\/Prodotti\/imperia-macchina-per-pasta-electric-ipasta-rosso.jpg","type":"","width":"","height":""},{"url":"https:\/\/interpim.erresse-shop.it\/Import\/Prodotti\/imperia-macchina-per-pasta-electric-ipasta-rosso.jpg","width":1024,"height":1024,"type":"image\/jpeg"}],"twitter_card":"summary_large_image","twitter_image":"https:\/\/interpim.erresse-shop.it\/Import\/Prodotti\/imperia-macchina-per-pasta-electric-ipasta-rosso.jpg","schema":{"@context":"https:\/\/schema.org","@graph":[{"@type":"WebPage","@id":"https:\/\/dev6.erresse-shop.it\/es\/shop\/cocina\/maquinas-de-pasta\/imperia-maquina-de-pasta-electric-ipasta-rojo\/","url":"https:\/\/dev6.erresse-shop.it\/es\/shop\/cocina\/maquinas-de-pasta\/imperia-maquina-de-pasta-electric-ipasta-rojo\/","name":"IMPERIA M\u00e1quina de Pasta Electric iPasta Rojo - dev6 Erresse","isPartOf":{"@id":"https:\/\/dev6.erresse-shop.it\/#website"},"primaryImageOfPage":{"@id":"https:\/\/dev6.erresse-shop.it\/es\/shop\/cocina\/maquinas-de-pasta\/imperia-maquina-de-pasta-electric-ipasta-rojo\/#primaryimage"},"image":{"@id":"https:\/\/dev6.erresse-shop.it\/es\/shop\/cocina\/maquinas-de-pasta\/imperia-maquina-de-pasta-electric-ipasta-rojo\/#primaryimage"},"thumbnailUrl":"https:\/\/i2.wp.com\/interpim.erresse-shop.it\/Import\/Prodotti\/imperia-macchina-per-pasta-electric-ipasta-rosso.jpg?ssl=1","datePublished":"2026-04-12T09:31:25+00:00","description":"La Imperia Electric Classica combina la artesan\u00eda tradicional con la comodidad moderna. Esta m\u00e1quina, fabricada en acero cromado, es sin\u00f3nimo de","breadcrumb":{"@id":"https:\/\/dev6.erresse-shop.it\/es\/shop\/cocina\/maquinas-de-pasta\/imperia-maquina-de-pasta-electric-ipasta-rojo\/#breadcrumb"},"inLanguage":"es","potentialAction":[{"@type":"ReadAction","target":["https:\/\/dev6.erresse-shop.it\/es\/shop\/cocina\/maquinas-de-pasta\/imperia-maquina-de-pasta-electric-ipasta-rojo\/"]}]},{"@type":"ImageObject","inLanguage":"es","@id":"https:\/\/dev6.erresse-shop.it\/es\/shop\/cocina\/maquinas-de-pasta\/imperia-maquina-de-pasta-electric-ipasta-rojo\/#primaryimage","url":"https:\/\/i2.wp.com\/interpim.erresse-shop.it\/Import\/Prodotti\/imperia-macchina-per-pasta-electric-ipasta-rosso.jpg?ssl=1","contentUrl":"https:\/\/i2.wp.com\/interpim.erresse-shop.it\/Import\/Prodotti\/imperia-macchina-per-pasta-electric-ipasta-rosso.jpg?ssl=1"},{"@type":"BreadcrumbList","@id":"https:\/\/dev6.erresse-shop.it\/es\/shop\/cocina\/maquinas-de-pasta\/imperia-maquina-de-pasta-electric-ipasta-rojo\/#breadcrumb","itemListElement":[{"@type":"ListItem","position":1,"name":"Home","item":"https:\/\/dev6.erresse-shop.it\/"},{"@type":"ListItem","position":2,"name":"Tienda","item":"https:\/\/dev6.erresse-shop.it\/shop\/"},{"@type":"ListItem","position":3,"name":"IMPERIA M\u00e1quina de Pasta Electric iPasta Rojo"}]},{"@type":"WebSite","@id":"https:\/\/dev6.erresse-shop.it\/#website","url":"https:\/\/dev6.erresse-shop.it\/","name":"Erresse Shop","description":"","publisher":{"@id":"https:\/\/dev6.erresse-shop.it\/#organization"},"potentialAction":[{"@type":"SearchAction","target":{"@type":"EntryPoint","urlTemplate":"https:\/\/dev6.erresse-shop.it\/?s={search_term_string}"},"query-input":{"@type":"PropertyValueSpecification","valueRequired":true,"valueName":"search_term_string"}}],"inLanguage":"es"},{"@type":"Organization","@id":"https:\/\/dev6.erresse-shop.it\/#organization","name":"Erresse Shop","url":"https:\/\/dev6.erresse-shop.it\/","logo":{"@type":"ImageObject","inLanguage":"es","@id":"https:\/\/dev6.erresse-shop.it\/#\/schema\/logo\/image\/","url":"https:\/\/dev6.erresse-shop.it\/wp-content\/uploads\/2025\/01\/LOGO-ERRESSE-CLASSICO.svg","contentUrl":"https:\/\/dev6.erresse-shop.it\/wp-content\/uploads\/2025\/01\/LOGO-ERRESSE-CLASSICO.svg","caption":"Erresse Shop"},"image":{"@id":"https:\/\/dev6.erresse-shop.it\/#\/schema\/logo\/image\/"}}]}},"df_price":132.95,"df_sale_price":132.95,"df_regular_price":169.3,"df_image_link":"https:\/\/i2.wp.com\/interpim.erresse-shop.it\/Import\/Prodotti\/imperia-macchina-per-pasta-electric-ipasta-rosso.jpg?resize=300,300&ssl=1","fifu_image_url":"https:\/\/interpim.erresse-shop.it\/Import\/Prodotti\/imperia-macchina-per-pasta-electric-ipasta-rosso.jpg","_links":{"self":[{"href":"https:\/\/dev6.erresse-shop.it\/es\/wp-json\/wp\/v2\/product\/1882001","targetHints":{"allow":["GET"]}}],"collection":[{"href":"https:\/\/dev6.erresse-shop.it\/es\/wp-json\/wp\/v2\/product"}],"about":[{"href":"https:\/\/dev6.erresse-shop.it\/es\/wp-json\/wp\/v2\/types\/product"}],"wp:featuredmedia":[{"embeddable":true,"href":"https:\/\/dev6.erresse-shop.it\/es\/wp-json\/wp\/v2\/media\/6369173"}],"wp:attachment":[{"href":"https:\/\/dev6.erresse-shop.it\/es\/wp-json\/wp\/v2\/media?parent=1882001"}],"wp:term":[{"taxonomy":"product_cat","embeddable":true,"href":"https:\/\/dev6.erresse-shop.it\/es\/wp-json\/wp\/v2\/product_cat?post=1882001"},{"taxonomy":"product_tag","embeddable":true,"href":"https:\/\/dev6.erresse-shop.it\/es\/wp-json\/wp\/v2\/product_tag?post=1882001"}],"curies":[{"name":"wp","href":"https:\/\/api.w.org\/{rel}","templated":true}]}}