{"id":1881997,"date":"2026-04-10T12:09:57","date_gmt":"2026-04-10T10:09:57","guid":{"rendered":"https:\/\/dev6.erresse-shop.it\/shop\/sin%20categor\u00eda\/imperia-maquina-de-pasta-ipasta-crema\/"},"modified":"2025-09-14T09:24:20","modified_gmt":"2025-09-14T07:24:20","slug":"imperia-maquina-de-pasta-ipasta-crema","status":"publish","type":"product","link":"https:\/\/dev6.erresse-shop.it\/es\/shop\/cocina\/maquinas-de-pasta\/imperia-maquina-de-pasta-ipasta-crema\/","title":{"rendered":"IMPERIA M\u00e1quina de Pasta iPasta Crema"},"content":{"rendered":"<p>La iPasta Classica es la verdadera encarnaci\u00f3n de la excelencia italiana en la producci\u00f3n de pasta. Esta m\u00e1quina est\u00e1 meticulosamente fabricada en acero cromado para garantizar su elegancia y durabilidad. Fabricada en Italia, es un testimonio de la artesan\u00eda y la atenci\u00f3n que se dedica a su producci\u00f3n. La iPasta Classica est\u00e1 equipada con rodillos ajustables de seis grosores, que garantizan versatilidad y precisi\u00f3n para diferentes formas de pasta. Tambi\u00e9n est\u00e1 equipada con el cortador Duplex, que facilita la creaci\u00f3n de dos tipos populares de pasta: tagliatelle y fettuccine. Dise\u00f1ada para ofrecer la m\u00e1xima comodidad, incluye una abrazadera de encimera para un funcionamiento seguro y una tolva para una alimentaci\u00f3n racional de la pasta. Esta m\u00e1quina fusiona las t\u00e9cnicas tradicionales de elaboraci\u00f3n de pasta con la funcionalidad moderna, lo que la convierte en una herramienta indispensable para cualquier aficionado a la pasta.<\/p>\n<p>Caracter\u00edsticas principales:<\/p>\n<p>Color: crema elegante<br \/>\nArtesan\u00eda de calidad: La construcci\u00f3n de acero cromado con artesan\u00eda italiana garantiza una larga vida \u00fatil.<br \/>\nCortador d\u00faplex: Ofrece la posibilidad de hacer tanto tagliatelle como fettuccine<br \/>\nDise\u00f1o f\u00e1cil de usar: Incluye una pinza para la encimera y una tolva para facilitar su uso.<\/p>\n","protected":false},"excerpt":{"rendered":"<p>La iPasta Classica es la verdadera encarnaci\u00f3n de la excelencia italiana en la producci\u00f3n de pasta. Esta m\u00e1quina est\u00e1 meticulosamente fabricada en acero cromado para garantizar su elegancia y durabilidad. Fabricada en Italia, es un testimonio de la artesan\u00eda y la atenci\u00f3n que se dedica a su producci\u00f3n. La iPasta Classica est\u00e1 equipada con rodillos [&hellip;]<\/p>\n","protected":false},"featured_media":6327533,"template":"","meta":{"_acf_changed":false},"product_cat":[11884,11668,11944],"product_tag":[],"class_list":{"0":"post-1881997","1":"product","2":"type-product","3":"status-publish","4":"has-post-thumbnail","6":"product_cat-cocina","7":"product_cat-cucina","8":"product_cat-maquinas-de-pasta","10":"first","11":"instock","12":"sale","13":"taxable","14":"shipping-taxable","15":"purchasable","16":"product-type-simple","swatches":"rey-swatches","show_selected":"","stretch_labels":"rey-swatches--stretch-labels"},"acf":[],"yoast_head":"<!-- This site is optimized with the Yoast SEO plugin v25.4 - https:\/\/yoast.com\/wordpress\/plugins\/seo\/ -->\n<title>IMPERIA M\u00e1quina de Pasta iPasta Crema - dev6 Erresse<\/title>\n<meta name=\"description\" content=\"La iPasta Classica es la verdadera encarnaci\u00f3n de la excelencia italiana en la producci\u00f3n de pasta. Esta m\u00e1quina est\u00e1 meticulosamente fabricada en acero\" \/>\n<meta name=\"robots\" content=\"noindex, follow, max-snippet:-1, max-image-preview:large, max-video-preview:-1\" \/>\n<meta property=\"og:locale\" content=\"es_ES\" \/>\n<meta property=\"og:type\" content=\"article\" \/>\n<meta property=\"og:title\" content=\"IMPERIA M\u00e1quina de Pasta iPasta Crema - dev6 Erresse\" \/>\n<meta property=\"og:description\" content=\"La iPasta Classica es la verdadera encarnaci\u00f3n de la excelencia italiana en la producci\u00f3n de pasta. Esta m\u00e1quina est\u00e1 meticulosamente fabricada en acero\" \/>\n<meta property=\"og:url\" content=\"https:\/\/dev6.erresse-shop.it\/es\/shop\/cocina\/maquinas-de-pasta\/imperia-maquina-de-pasta-ipasta-crema\/\" \/>\n<meta property=\"og:site_name\" content=\"dev6 Erresse\" \/>\n<meta property=\"og:image\" content=\"https:\/\/interpim.erresse-shop.it\/Import\/Prodotti\/imperia-macchina-per-pasta-ipasta-crema.jpg\" \/><meta property=\"og:image\" content=\"https:\/\/interpim.erresse-shop.it\/Import\/Prodotti\/imperia-macchina-per-pasta-ipasta-crema.jpg\" \/>\n\t<meta property=\"og:image:width\" content=\"1024\" \/>\n\t<meta property=\"og:image:height\" content=\"1024\" \/>\n\t<meta property=\"og:image:type\" content=\"image\/jpeg\" \/>\n<meta name=\"twitter:card\" content=\"summary_large_image\" \/>\n<meta name=\"twitter:image\" content=\"https:\/\/interpim.erresse-shop.it\/Import\/Prodotti\/imperia-macchina-per-pasta-ipasta-crema.jpg\" \/>\n<script type=\"application\/ld+json\" class=\"yoast-schema-graph\">{\"@context\":\"https:\/\/schema.org\",\"@graph\":[{\"@type\":\"WebPage\",\"@id\":\"https:\/\/dev6.erresse-shop.it\/es\/shop\/cocina\/maquinas-de-pasta\/imperia-maquina-de-pasta-ipasta-crema\/\",\"url\":\"https:\/\/dev6.erresse-shop.it\/es\/shop\/cocina\/maquinas-de-pasta\/imperia-maquina-de-pasta-ipasta-crema\/\",\"name\":\"IMPERIA M\u00e1quina de Pasta iPasta Crema - dev6 Erresse\",\"isPartOf\":{\"@id\":\"https:\/\/dev6.erresse-shop.it\/#website\"},\"primaryImageOfPage\":{\"@id\":\"https:\/\/dev6.erresse-shop.it\/es\/shop\/cocina\/maquinas-de-pasta\/imperia-maquina-de-pasta-ipasta-crema\/#primaryimage\"},\"image\":{\"@id\":\"https:\/\/dev6.erresse-shop.it\/es\/shop\/cocina\/maquinas-de-pasta\/imperia-maquina-de-pasta-ipasta-crema\/#primaryimage\"},\"thumbnailUrl\":\"https:\/\/i2.wp.com\/interpim.erresse-shop.it\/Import\/Prodotti\/imperia-macchina-per-pasta-ipasta-crema.jpg?ssl=1\",\"datePublished\":\"2026-04-10T10:09:57+00:00\",\"description\":\"La iPasta Classica es la verdadera encarnaci\u00f3n de la excelencia italiana en la producci\u00f3n de pasta. Esta m\u00e1quina est\u00e1 meticulosamente fabricada en acero\",\"breadcrumb\":{\"@id\":\"https:\/\/dev6.erresse-shop.it\/es\/shop\/cocina\/maquinas-de-pasta\/imperia-maquina-de-pasta-ipasta-crema\/#breadcrumb\"},\"inLanguage\":\"es\",\"potentialAction\":[{\"@type\":\"ReadAction\",\"target\":[\"https:\/\/dev6.erresse-shop.it\/es\/shop\/cocina\/maquinas-de-pasta\/imperia-maquina-de-pasta-ipasta-crema\/\"]}]},{\"@type\":\"ImageObject\",\"inLanguage\":\"es\",\"@id\":\"https:\/\/dev6.erresse-shop.it\/es\/shop\/cocina\/maquinas-de-pasta\/imperia-maquina-de-pasta-ipasta-crema\/#primaryimage\",\"url\":\"https:\/\/i2.wp.com\/interpim.erresse-shop.it\/Import\/Prodotti\/imperia-macchina-per-pasta-ipasta-crema.jpg?ssl=1\",\"contentUrl\":\"https:\/\/i2.wp.com\/interpim.erresse-shop.it\/Import\/Prodotti\/imperia-macchina-per-pasta-ipasta-crema.jpg?ssl=1\"},{\"@type\":\"BreadcrumbList\",\"@id\":\"https:\/\/dev6.erresse-shop.it\/es\/shop\/cocina\/maquinas-de-pasta\/imperia-maquina-de-pasta-ipasta-crema\/#breadcrumb\",\"itemListElement\":[{\"@type\":\"ListItem\",\"position\":1,\"name\":\"Home\",\"item\":\"https:\/\/dev6.erresse-shop.it\/\"},{\"@type\":\"ListItem\",\"position\":2,\"name\":\"Tienda\",\"item\":\"https:\/\/dev6.erresse-shop.it\/shop\/\"},{\"@type\":\"ListItem\",\"position\":3,\"name\":\"IMPERIA M\u00e1quina de Pasta iPasta Crema\"}]},{\"@type\":\"WebSite\",\"@id\":\"https:\/\/dev6.erresse-shop.it\/#website\",\"url\":\"https:\/\/dev6.erresse-shop.it\/\",\"name\":\"Erresse Shop\",\"description\":\"\",\"publisher\":{\"@id\":\"https:\/\/dev6.erresse-shop.it\/#organization\"},\"potentialAction\":[{\"@type\":\"SearchAction\",\"target\":{\"@type\":\"EntryPoint\",\"urlTemplate\":\"https:\/\/dev6.erresse-shop.it\/?s={search_term_string}\"},\"query-input\":{\"@type\":\"PropertyValueSpecification\",\"valueRequired\":true,\"valueName\":\"search_term_string\"}}],\"inLanguage\":\"es\"},{\"@type\":\"Organization\",\"@id\":\"https:\/\/dev6.erresse-shop.it\/#organization\",\"name\":\"Erresse Shop\",\"url\":\"https:\/\/dev6.erresse-shop.it\/\",\"logo\":{\"@type\":\"ImageObject\",\"inLanguage\":\"es\",\"@id\":\"https:\/\/dev6.erresse-shop.it\/#\/schema\/logo\/image\/\",\"url\":\"https:\/\/dev6.erresse-shop.it\/wp-content\/uploads\/2025\/01\/LOGO-ERRESSE-CLASSICO.svg\",\"contentUrl\":\"https:\/\/dev6.erresse-shop.it\/wp-content\/uploads\/2025\/01\/LOGO-ERRESSE-CLASSICO.svg\",\"caption\":\"Erresse Shop\"},\"image\":{\"@id\":\"https:\/\/dev6.erresse-shop.it\/#\/schema\/logo\/image\/\"}}]}<\/script>\n<!-- \/ Yoast SEO plugin. -->","yoast_head_json":{"title":"IMPERIA M\u00e1quina de Pasta iPasta Crema - dev6 Erresse","description":"La iPasta Classica es la verdadera encarnaci\u00f3n de la excelencia italiana en la producci\u00f3n de pasta. Esta m\u00e1quina est\u00e1 meticulosamente fabricada en acero","robots":{"index":"noindex","follow":"follow","max-snippet":"max-snippet:-1","max-image-preview":"max-image-preview:large","max-video-preview":"max-video-preview:-1"},"og_locale":"es_ES","og_type":"article","og_title":"IMPERIA M\u00e1quina de Pasta iPasta Crema - dev6 Erresse","og_description":"La iPasta Classica es la verdadera encarnaci\u00f3n de la excelencia italiana en la producci\u00f3n de pasta. Esta m\u00e1quina est\u00e1 meticulosamente fabricada en acero","og_url":"https:\/\/dev6.erresse-shop.it\/es\/shop\/cocina\/maquinas-de-pasta\/imperia-maquina-de-pasta-ipasta-crema\/","og_site_name":"dev6 Erresse","og_image":[{"url":"https:\/\/interpim.erresse-shop.it\/Import\/Prodotti\/imperia-macchina-per-pasta-ipasta-crema.jpg","type":"","width":"","height":""},{"url":"https:\/\/interpim.erresse-shop.it\/Import\/Prodotti\/imperia-macchina-per-pasta-ipasta-crema.jpg","width":1024,"height":1024,"type":"image\/jpeg"}],"twitter_card":"summary_large_image","twitter_image":"https:\/\/interpim.erresse-shop.it\/Import\/Prodotti\/imperia-macchina-per-pasta-ipasta-crema.jpg","schema":{"@context":"https:\/\/schema.org","@graph":[{"@type":"WebPage","@id":"https:\/\/dev6.erresse-shop.it\/es\/shop\/cocina\/maquinas-de-pasta\/imperia-maquina-de-pasta-ipasta-crema\/","url":"https:\/\/dev6.erresse-shop.it\/es\/shop\/cocina\/maquinas-de-pasta\/imperia-maquina-de-pasta-ipasta-crema\/","name":"IMPERIA M\u00e1quina de Pasta iPasta Crema - dev6 Erresse","isPartOf":{"@id":"https:\/\/dev6.erresse-shop.it\/#website"},"primaryImageOfPage":{"@id":"https:\/\/dev6.erresse-shop.it\/es\/shop\/cocina\/maquinas-de-pasta\/imperia-maquina-de-pasta-ipasta-crema\/#primaryimage"},"image":{"@id":"https:\/\/dev6.erresse-shop.it\/es\/shop\/cocina\/maquinas-de-pasta\/imperia-maquina-de-pasta-ipasta-crema\/#primaryimage"},"thumbnailUrl":"https:\/\/i2.wp.com\/interpim.erresse-shop.it\/Import\/Prodotti\/imperia-macchina-per-pasta-ipasta-crema.jpg?ssl=1","datePublished":"2026-04-10T10:09:57+00:00","description":"La iPasta Classica es la verdadera encarnaci\u00f3n de la excelencia italiana en la producci\u00f3n de pasta. Esta m\u00e1quina est\u00e1 meticulosamente fabricada en acero","breadcrumb":{"@id":"https:\/\/dev6.erresse-shop.it\/es\/shop\/cocina\/maquinas-de-pasta\/imperia-maquina-de-pasta-ipasta-crema\/#breadcrumb"},"inLanguage":"es","potentialAction":[{"@type":"ReadAction","target":["https:\/\/dev6.erresse-shop.it\/es\/shop\/cocina\/maquinas-de-pasta\/imperia-maquina-de-pasta-ipasta-crema\/"]}]},{"@type":"ImageObject","inLanguage":"es","@id":"https:\/\/dev6.erresse-shop.it\/es\/shop\/cocina\/maquinas-de-pasta\/imperia-maquina-de-pasta-ipasta-crema\/#primaryimage","url":"https:\/\/i2.wp.com\/interpim.erresse-shop.it\/Import\/Prodotti\/imperia-macchina-per-pasta-ipasta-crema.jpg?ssl=1","contentUrl":"https:\/\/i2.wp.com\/interpim.erresse-shop.it\/Import\/Prodotti\/imperia-macchina-per-pasta-ipasta-crema.jpg?ssl=1"},{"@type":"BreadcrumbList","@id":"https:\/\/dev6.erresse-shop.it\/es\/shop\/cocina\/maquinas-de-pasta\/imperia-maquina-de-pasta-ipasta-crema\/#breadcrumb","itemListElement":[{"@type":"ListItem","position":1,"name":"Home","item":"https:\/\/dev6.erresse-shop.it\/"},{"@type":"ListItem","position":2,"name":"Tienda","item":"https:\/\/dev6.erresse-shop.it\/shop\/"},{"@type":"ListItem","position":3,"name":"IMPERIA M\u00e1quina de Pasta iPasta Crema"}]},{"@type":"WebSite","@id":"https:\/\/dev6.erresse-shop.it\/#website","url":"https:\/\/dev6.erresse-shop.it\/","name":"Erresse Shop","description":"","publisher":{"@id":"https:\/\/dev6.erresse-shop.it\/#organization"},"potentialAction":[{"@type":"SearchAction","target":{"@type":"EntryPoint","urlTemplate":"https:\/\/dev6.erresse-shop.it\/?s={search_term_string}"},"query-input":{"@type":"PropertyValueSpecification","valueRequired":true,"valueName":"search_term_string"}}],"inLanguage":"es"},{"@type":"Organization","@id":"https:\/\/dev6.erresse-shop.it\/#organization","name":"Erresse Shop","url":"https:\/\/dev6.erresse-shop.it\/","logo":{"@type":"ImageObject","inLanguage":"es","@id":"https:\/\/dev6.erresse-shop.it\/#\/schema\/logo\/image\/","url":"https:\/\/dev6.erresse-shop.it\/wp-content\/uploads\/2025\/01\/LOGO-ERRESSE-CLASSICO.svg","contentUrl":"https:\/\/dev6.erresse-shop.it\/wp-content\/uploads\/2025\/01\/LOGO-ERRESSE-CLASSICO.svg","caption":"Erresse Shop"},"image":{"@id":"https:\/\/dev6.erresse-shop.it\/#\/schema\/logo\/image\/"}}]}},"df_price":54.95,"df_sale_price":54.95,"df_regular_price":89.9,"df_image_link":"https:\/\/i2.wp.com\/interpim.erresse-shop.it\/Import\/Prodotti\/imperia-macchina-per-pasta-ipasta-crema.jpg?resize=300,300&ssl=1","fifu_image_url":"https:\/\/interpim.erresse-shop.it\/Import\/Prodotti\/imperia-macchina-per-pasta-ipasta-crema.jpg","_links":{"self":[{"href":"https:\/\/dev6.erresse-shop.it\/es\/wp-json\/wp\/v2\/product\/1881997","targetHints":{"allow":["GET"]}}],"collection":[{"href":"https:\/\/dev6.erresse-shop.it\/es\/wp-json\/wp\/v2\/product"}],"about":[{"href":"https:\/\/dev6.erresse-shop.it\/es\/wp-json\/wp\/v2\/types\/product"}],"wp:featuredmedia":[{"embeddable":true,"href":"https:\/\/dev6.erresse-shop.it\/es\/wp-json\/wp\/v2\/media\/6327533"}],"wp:attachment":[{"href":"https:\/\/dev6.erresse-shop.it\/es\/wp-json\/wp\/v2\/media?parent=1881997"}],"wp:term":[{"taxonomy":"product_cat","embeddable":true,"href":"https:\/\/dev6.erresse-shop.it\/es\/wp-json\/wp\/v2\/product_cat?post=1881997"},{"taxonomy":"product_tag","embeddable":true,"href":"https:\/\/dev6.erresse-shop.it\/es\/wp-json\/wp\/v2\/product_tag?post=1881997"}],"curies":[{"name":"wp","href":"https:\/\/api.w.org\/{rel}","templated":true}]}}