{"id":1881967,"date":"2026-04-12T11:29:15","date_gmt":"2026-04-12T09:29:15","guid":{"rendered":"https:\/\/dev6.erresse-shop.it\/shop\/sin%20categor\u00eda\/kitchenaid-hervidor-17-l-rojo-imperial\/"},"modified":"2025-07-04T23:57:54","modified_gmt":"2025-07-04T21:57:54","slug":"kitchenaid-hervidor-17-l-rojo-imperial","status":"publish","type":"product","link":"https:\/\/dev6.erresse-shop.it\/es\/shop\/pequenos-electrodomesticos\/hervidores-electricos\/kitchenaid-hervidor-17-l-rojo-imperial\/","title":{"rendered":"KITCHENAID Hervidor 1,7 L Rojo imperial"},"content":{"rendered":"<p>Hervidor el\u00e9ctrico de 1,7 L: tecnolog\u00eda silenciosa y rendimiento \u00f3ptimo<\/p>\n<p>El hervidor de 1,7 L est\u00e1 dise\u00f1ado para ofrecer una ebullici\u00f3n r\u00e1pida y silenciosa, garantizando que el agua alcance la temperatura deseada de forma eficiente. Con tecnolog\u00eda de calentamiento autom\u00e1tico, el hervidor supervisa la ebullici\u00f3n y se apaga autom\u00e1ticamente cuando finaliza, para un uso seguro y sin preocupaciones.<br \/>\nCon unas dimensiones generosas, este hervidor puede calentar agua para varias tazas de t\u00e9, caf\u00e9, cereales y mucho m\u00e1s, por lo que es ideal para el uso diario en la cocina. El pr\u00e1ctico bot\u00f3n de apertura facilita el llenado, mientras que la ventana de nivel de agua permite controlar el nivel de llenado.<\/p>\n<p>Una agradable se\u00f1al ac\u00fastica le avisa cuando el agua ha alcanzado la temperatura ideal para cada infusi\u00f3n, garantizando siempre unos resultados perfectos. Adem\u00e1s, el hervidor est\u00e1 equipado con un filtro antical extra\u00edble y lavable para mantener el agua pura y reducir la presencia de cal. El enrollador de cable situado en la base mantiene el cable ordenado y libera espacio en la encimera, garantizando una experiencia de uso c\u00f3moda y sin desorden.<\/p>\n<p>Base de 360\u00b0 para facilitar el acceso<br \/>\n7 posiciones diferentes de calentamiento del agua<br \/>\nRango de temperatura: 50\u00b0C-100\u00b0C<br \/>\nFiltro antical extra\u00edble Hervidor de agua<\/p>\n","protected":false},"excerpt":{"rendered":"<p>Hervidor el\u00e9ctrico de 1,7 L: tecnolog\u00eda silenciosa y rendimiento \u00f3ptimo El hervidor de 1,7 L est\u00e1 dise\u00f1ado para ofrecer una ebullici\u00f3n r\u00e1pida y silenciosa, garantizando que el agua alcance la temperatura deseada de forma eficiente. Con tecnolog\u00eda de calentamiento autom\u00e1tico, el hervidor supervisa la ebullici\u00f3n y se apaga autom\u00e1ticamente cuando finaliza, para un uso seguro [&hellip;]<\/p>\n","protected":false},"featured_media":6369086,"template":"","meta":{"_acf_changed":false},"product_cat":[11950,11947],"product_tag":[],"class_list":{"0":"post-1881967","1":"product","2":"type-product","3":"status-publish","4":"has-post-thumbnail","6":"product_cat-hervidores-electricos","7":"product_cat-pequenos-electrodomesticos","9":"first","10":"instock","11":"sale","12":"taxable","13":"shipping-taxable","14":"purchasable","15":"product-type-simple","swatches":"rey-swatches","show_selected":"","stretch_labels":"rey-swatches--stretch-labels"},"acf":[],"yoast_head":"<!-- This site is optimized with the Yoast SEO plugin v25.4 - https:\/\/yoast.com\/wordpress\/plugins\/seo\/ -->\n<title>KITCHENAID Hervidor 1,7 L Rojo imperial - dev6 Erresse<\/title>\n<meta name=\"description\" content=\"Hervidor el\u00e9ctrico de 1,7 L: tecnolog\u00eda silenciosa y rendimiento \u00f3ptimo El hervidor de 1,7 L est\u00e1 dise\u00f1ado para ofrecer una ebullici\u00f3n r\u00e1pida y\" \/>\n<meta name=\"robots\" content=\"noindex, follow, max-snippet:-1, max-image-preview:large, max-video-preview:-1\" \/>\n<meta property=\"og:locale\" content=\"es_ES\" \/>\n<meta property=\"og:type\" content=\"article\" \/>\n<meta property=\"og:title\" content=\"KITCHENAID Hervidor 1,7 L Rojo imperial - dev6 Erresse\" \/>\n<meta property=\"og:description\" content=\"Hervidor el\u00e9ctrico de 1,7 L: tecnolog\u00eda silenciosa y rendimiento \u00f3ptimo El hervidor de 1,7 L est\u00e1 dise\u00f1ado para ofrecer una ebullici\u00f3n r\u00e1pida y\" \/>\n<meta property=\"og:url\" content=\"https:\/\/dev6.erresse-shop.it\/es\/shop\/pequenos-electrodomesticos\/hervidores-electricos\/kitchenaid-hervidor-17-l-rojo-imperial\/\" \/>\n<meta property=\"og:site_name\" content=\"dev6 Erresse\" \/>\n<meta property=\"og:image\" content=\"https:\/\/interpim.erresse-shop.it\/Import\/Prodotti\/kitchenaid-bollitore-17-l-rosso-imperiale.jpg\" \/><meta property=\"og:image\" content=\"https:\/\/interpim.erresse-shop.it\/Import\/Prodotti\/kitchenaid-bollitore-17-l-rosso-imperiale.jpg\" \/>\n\t<meta property=\"og:image:width\" content=\"1024\" \/>\n\t<meta property=\"og:image:height\" content=\"1024\" \/>\n\t<meta property=\"og:image:type\" content=\"image\/jpeg\" \/>\n<meta name=\"twitter:card\" content=\"summary_large_image\" \/>\n<meta name=\"twitter:image\" content=\"https:\/\/interpim.erresse-shop.it\/Import\/Prodotti\/kitchenaid-bollitore-17-l-rosso-imperiale.jpg\" \/>\n<script type=\"application\/ld+json\" class=\"yoast-schema-graph\">{\"@context\":\"https:\/\/schema.org\",\"@graph\":[{\"@type\":\"WebPage\",\"@id\":\"https:\/\/dev6.erresse-shop.it\/es\/shop\/pequenos-electrodomesticos\/hervidores-electricos\/kitchenaid-hervidor-17-l-rojo-imperial\/\",\"url\":\"https:\/\/dev6.erresse-shop.it\/es\/shop\/pequenos-electrodomesticos\/hervidores-electricos\/kitchenaid-hervidor-17-l-rojo-imperial\/\",\"name\":\"KITCHENAID Hervidor 1,7 L Rojo imperial - dev6 Erresse\",\"isPartOf\":{\"@id\":\"https:\/\/dev6.erresse-shop.it\/#website\"},\"primaryImageOfPage\":{\"@id\":\"https:\/\/dev6.erresse-shop.it\/es\/shop\/pequenos-electrodomesticos\/hervidores-electricos\/kitchenaid-hervidor-17-l-rojo-imperial\/#primaryimage\"},\"image\":{\"@id\":\"https:\/\/dev6.erresse-shop.it\/es\/shop\/pequenos-electrodomesticos\/hervidores-electricos\/kitchenaid-hervidor-17-l-rojo-imperial\/#primaryimage\"},\"thumbnailUrl\":\"https:\/\/i0.wp.com\/interpim.erresse-shop.it\/Import\/Prodotti\/kitchenaid-bollitore-17-l-rosso-imperiale.jpg?ssl=1\",\"datePublished\":\"2026-04-12T09:29:15+00:00\",\"description\":\"Hervidor el\u00e9ctrico de 1,7 L: tecnolog\u00eda silenciosa y rendimiento \u00f3ptimo El hervidor de 1,7 L est\u00e1 dise\u00f1ado para ofrecer una ebullici\u00f3n r\u00e1pida y\",\"breadcrumb\":{\"@id\":\"https:\/\/dev6.erresse-shop.it\/es\/shop\/pequenos-electrodomesticos\/hervidores-electricos\/kitchenaid-hervidor-17-l-rojo-imperial\/#breadcrumb\"},\"inLanguage\":\"es\",\"potentialAction\":[{\"@type\":\"ReadAction\",\"target\":[\"https:\/\/dev6.erresse-shop.it\/es\/shop\/pequenos-electrodomesticos\/hervidores-electricos\/kitchenaid-hervidor-17-l-rojo-imperial\/\"]}]},{\"@type\":\"ImageObject\",\"inLanguage\":\"es\",\"@id\":\"https:\/\/dev6.erresse-shop.it\/es\/shop\/pequenos-electrodomesticos\/hervidores-electricos\/kitchenaid-hervidor-17-l-rojo-imperial\/#primaryimage\",\"url\":\"https:\/\/i0.wp.com\/interpim.erresse-shop.it\/Import\/Prodotti\/kitchenaid-bollitore-17-l-rosso-imperiale.jpg?ssl=1\",\"contentUrl\":\"https:\/\/i0.wp.com\/interpim.erresse-shop.it\/Import\/Prodotti\/kitchenaid-bollitore-17-l-rosso-imperiale.jpg?ssl=1\"},{\"@type\":\"BreadcrumbList\",\"@id\":\"https:\/\/dev6.erresse-shop.it\/es\/shop\/pequenos-electrodomesticos\/hervidores-electricos\/kitchenaid-hervidor-17-l-rojo-imperial\/#breadcrumb\",\"itemListElement\":[{\"@type\":\"ListItem\",\"position\":1,\"name\":\"Home\",\"item\":\"https:\/\/dev6.erresse-shop.it\/\"},{\"@type\":\"ListItem\",\"position\":2,\"name\":\"Tienda\",\"item\":\"https:\/\/dev6.erresse-shop.it\/shop\/\"},{\"@type\":\"ListItem\",\"position\":3,\"name\":\"KITCHENAID Hervidor 1,7 L Rojo imperial\"}]},{\"@type\":\"WebSite\",\"@id\":\"https:\/\/dev6.erresse-shop.it\/#website\",\"url\":\"https:\/\/dev6.erresse-shop.it\/\",\"name\":\"Erresse Shop\",\"description\":\"\",\"publisher\":{\"@id\":\"https:\/\/dev6.erresse-shop.it\/#organization\"},\"potentialAction\":[{\"@type\":\"SearchAction\",\"target\":{\"@type\":\"EntryPoint\",\"urlTemplate\":\"https:\/\/dev6.erresse-shop.it\/?s={search_term_string}\"},\"query-input\":{\"@type\":\"PropertyValueSpecification\",\"valueRequired\":true,\"valueName\":\"search_term_string\"}}],\"inLanguage\":\"es\"},{\"@type\":\"Organization\",\"@id\":\"https:\/\/dev6.erresse-shop.it\/#organization\",\"name\":\"Erresse Shop\",\"url\":\"https:\/\/dev6.erresse-shop.it\/\",\"logo\":{\"@type\":\"ImageObject\",\"inLanguage\":\"es\",\"@id\":\"https:\/\/dev6.erresse-shop.it\/#\/schema\/logo\/image\/\",\"url\":\"https:\/\/dev6.erresse-shop.it\/wp-content\/uploads\/2025\/01\/LOGO-ERRESSE-CLASSICO.svg\",\"contentUrl\":\"https:\/\/dev6.erresse-shop.it\/wp-content\/uploads\/2025\/01\/LOGO-ERRESSE-CLASSICO.svg\",\"caption\":\"Erresse Shop\"},\"image\":{\"@id\":\"https:\/\/dev6.erresse-shop.it\/#\/schema\/logo\/image\/\"}}]}<\/script>\n<!-- \/ Yoast SEO plugin. -->","yoast_head_json":{"title":"KITCHENAID Hervidor 1,7 L Rojo imperial - dev6 Erresse","description":"Hervidor el\u00e9ctrico de 1,7 L: tecnolog\u00eda silenciosa y rendimiento \u00f3ptimo El hervidor de 1,7 L est\u00e1 dise\u00f1ado para ofrecer una ebullici\u00f3n r\u00e1pida y","robots":{"index":"noindex","follow":"follow","max-snippet":"max-snippet:-1","max-image-preview":"max-image-preview:large","max-video-preview":"max-video-preview:-1"},"og_locale":"es_ES","og_type":"article","og_title":"KITCHENAID Hervidor 1,7 L Rojo imperial - dev6 Erresse","og_description":"Hervidor el\u00e9ctrico de 1,7 L: tecnolog\u00eda silenciosa y rendimiento \u00f3ptimo El hervidor de 1,7 L est\u00e1 dise\u00f1ado para ofrecer una ebullici\u00f3n r\u00e1pida y","og_url":"https:\/\/dev6.erresse-shop.it\/es\/shop\/pequenos-electrodomesticos\/hervidores-electricos\/kitchenaid-hervidor-17-l-rojo-imperial\/","og_site_name":"dev6 Erresse","og_image":[{"url":"https:\/\/interpim.erresse-shop.it\/Import\/Prodotti\/kitchenaid-bollitore-17-l-rosso-imperiale.jpg","type":"","width":"","height":""},{"url":"https:\/\/interpim.erresse-shop.it\/Import\/Prodotti\/kitchenaid-bollitore-17-l-rosso-imperiale.jpg","width":1024,"height":1024,"type":"image\/jpeg"}],"twitter_card":"summary_large_image","twitter_image":"https:\/\/interpim.erresse-shop.it\/Import\/Prodotti\/kitchenaid-bollitore-17-l-rosso-imperiale.jpg","schema":{"@context":"https:\/\/schema.org","@graph":[{"@type":"WebPage","@id":"https:\/\/dev6.erresse-shop.it\/es\/shop\/pequenos-electrodomesticos\/hervidores-electricos\/kitchenaid-hervidor-17-l-rojo-imperial\/","url":"https:\/\/dev6.erresse-shop.it\/es\/shop\/pequenos-electrodomesticos\/hervidores-electricos\/kitchenaid-hervidor-17-l-rojo-imperial\/","name":"KITCHENAID Hervidor 1,7 L Rojo imperial - dev6 Erresse","isPartOf":{"@id":"https:\/\/dev6.erresse-shop.it\/#website"},"primaryImageOfPage":{"@id":"https:\/\/dev6.erresse-shop.it\/es\/shop\/pequenos-electrodomesticos\/hervidores-electricos\/kitchenaid-hervidor-17-l-rojo-imperial\/#primaryimage"},"image":{"@id":"https:\/\/dev6.erresse-shop.it\/es\/shop\/pequenos-electrodomesticos\/hervidores-electricos\/kitchenaid-hervidor-17-l-rojo-imperial\/#primaryimage"},"thumbnailUrl":"https:\/\/i0.wp.com\/interpim.erresse-shop.it\/Import\/Prodotti\/kitchenaid-bollitore-17-l-rosso-imperiale.jpg?ssl=1","datePublished":"2026-04-12T09:29:15+00:00","description":"Hervidor el\u00e9ctrico de 1,7 L: tecnolog\u00eda silenciosa y rendimiento \u00f3ptimo El hervidor de 1,7 L est\u00e1 dise\u00f1ado para ofrecer una ebullici\u00f3n r\u00e1pida y","breadcrumb":{"@id":"https:\/\/dev6.erresse-shop.it\/es\/shop\/pequenos-electrodomesticos\/hervidores-electricos\/kitchenaid-hervidor-17-l-rojo-imperial\/#breadcrumb"},"inLanguage":"es","potentialAction":[{"@type":"ReadAction","target":["https:\/\/dev6.erresse-shop.it\/es\/shop\/pequenos-electrodomesticos\/hervidores-electricos\/kitchenaid-hervidor-17-l-rojo-imperial\/"]}]},{"@type":"ImageObject","inLanguage":"es","@id":"https:\/\/dev6.erresse-shop.it\/es\/shop\/pequenos-electrodomesticos\/hervidores-electricos\/kitchenaid-hervidor-17-l-rojo-imperial\/#primaryimage","url":"https:\/\/i0.wp.com\/interpim.erresse-shop.it\/Import\/Prodotti\/kitchenaid-bollitore-17-l-rosso-imperiale.jpg?ssl=1","contentUrl":"https:\/\/i0.wp.com\/interpim.erresse-shop.it\/Import\/Prodotti\/kitchenaid-bollitore-17-l-rosso-imperiale.jpg?ssl=1"},{"@type":"BreadcrumbList","@id":"https:\/\/dev6.erresse-shop.it\/es\/shop\/pequenos-electrodomesticos\/hervidores-electricos\/kitchenaid-hervidor-17-l-rojo-imperial\/#breadcrumb","itemListElement":[{"@type":"ListItem","position":1,"name":"Home","item":"https:\/\/dev6.erresse-shop.it\/"},{"@type":"ListItem","position":2,"name":"Tienda","item":"https:\/\/dev6.erresse-shop.it\/shop\/"},{"@type":"ListItem","position":3,"name":"KITCHENAID Hervidor 1,7 L Rojo imperial"}]},{"@type":"WebSite","@id":"https:\/\/dev6.erresse-shop.it\/#website","url":"https:\/\/dev6.erresse-shop.it\/","name":"Erresse Shop","description":"","publisher":{"@id":"https:\/\/dev6.erresse-shop.it\/#organization"},"potentialAction":[{"@type":"SearchAction","target":{"@type":"EntryPoint","urlTemplate":"https:\/\/dev6.erresse-shop.it\/?s={search_term_string}"},"query-input":{"@type":"PropertyValueSpecification","valueRequired":true,"valueName":"search_term_string"}}],"inLanguage":"es"},{"@type":"Organization","@id":"https:\/\/dev6.erresse-shop.it\/#organization","name":"Erresse Shop","url":"https:\/\/dev6.erresse-shop.it\/","logo":{"@type":"ImageObject","inLanguage":"es","@id":"https:\/\/dev6.erresse-shop.it\/#\/schema\/logo\/image\/","url":"https:\/\/dev6.erresse-shop.it\/wp-content\/uploads\/2025\/01\/LOGO-ERRESSE-CLASSICO.svg","contentUrl":"https:\/\/dev6.erresse-shop.it\/wp-content\/uploads\/2025\/01\/LOGO-ERRESSE-CLASSICO.svg","caption":"Erresse Shop"},"image":{"@id":"https:\/\/dev6.erresse-shop.it\/#\/schema\/logo\/image\/"}}]}},"df_price":154.95,"df_sale_price":154.95,"df_regular_price":199,"df_image_link":"https:\/\/i0.wp.com\/interpim.erresse-shop.it\/Import\/Prodotti\/kitchenaid-bollitore-17-l-rosso-imperiale.jpg?resize=300,300&ssl=1","fifu_image_url":"https:\/\/interpim.erresse-shop.it\/Import\/Prodotti\/kitchenaid-bollitore-17-l-rosso-imperiale.jpg","_links":{"self":[{"href":"https:\/\/dev6.erresse-shop.it\/es\/wp-json\/wp\/v2\/product\/1881967","targetHints":{"allow":["GET"]}}],"collection":[{"href":"https:\/\/dev6.erresse-shop.it\/es\/wp-json\/wp\/v2\/product"}],"about":[{"href":"https:\/\/dev6.erresse-shop.it\/es\/wp-json\/wp\/v2\/types\/product"}],"wp:featuredmedia":[{"embeddable":true,"href":"https:\/\/dev6.erresse-shop.it\/es\/wp-json\/wp\/v2\/media\/6369086"}],"wp:attachment":[{"href":"https:\/\/dev6.erresse-shop.it\/es\/wp-json\/wp\/v2\/media?parent=1881967"}],"wp:term":[{"taxonomy":"product_cat","embeddable":true,"href":"https:\/\/dev6.erresse-shop.it\/es\/wp-json\/wp\/v2\/product_cat?post=1881967"},{"taxonomy":"product_tag","embeddable":true,"href":"https:\/\/dev6.erresse-shop.it\/es\/wp-json\/wp\/v2\/product_tag?post=1881967"}],"curies":[{"name":"wp","href":"https:\/\/api.w.org\/{rel}","templated":true}]}}