{"id":1881965,"date":"2026-04-04T11:26:33","date_gmt":"2026-04-04T09:26:33","guid":{"rendered":"https:\/\/dev6.erresse-shop.it\/shop\/sin%20categor\u00eda\/kitchenaid-hervidor-15-l-medallon-de-plata\/"},"modified":"2025-09-14T09:23:27","modified_gmt":"2025-09-14T07:23:27","slug":"kitchenaid-hervidor-15-l-medallon-de-plata","status":"publish","type":"product","link":"https:\/\/dev6.erresse-shop.it\/es\/shop\/pequenos-electrodomesticos\/hervidores-electricos\/kitchenaid-hervidor-15-l-medallon-de-plata\/","title":{"rendered":"KITCHENAID Hervidor 1,5 L Medall\u00f3n de plata"},"content":{"rendered":"<p>Hervidor el\u00e9ctrico: ajuste la temperatura ideal para su bebida<br \/>\nEste hervidor el\u00e9ctrico es el accesorio perfecto para preparar cualquier bebida caliente con precisi\u00f3n y comodidad. Gracias a su capacidad para ajustar la temperatura de 50\u00b0C a 100\u00b0C, podr\u00e1 conseguir el punto perfecto para su t\u00e9 negro, t\u00e9 de hierbas, t\u00e9 verde o t\u00e9 blanco. Este dispositivo inteligente no s\u00f3lo evita que el agua hierva, preservando el sabor de su bebida, sino que tambi\u00e9n ofrece una funci\u00f3n de mantenimiento de la temperatura para disfrutar de su bebida a la temperatura adecuada hasta media hora.<br \/>\nEquipado con un elegante indicador lateral para comprobar la temperatura, nuestro hervidor el\u00e9ctrico cuenta con un aislamiento de doble pared que mantiene el exterior fr\u00edo al tacto y reduce el ruido durante el calentamiento. Con un dise\u00f1o atemporal disponible en varios tonos, este hervidor encaja perfectamente en cualquier estilo de cocina, ya sea retro o contempor\u00e1neo. Completo con filtro antical extra\u00edble, asa de agarre suave y pr\u00e1ctico enrollador de cable, nuestro hervidor el\u00e9ctrico es imprescindible para los amantes de las bebidas calientes.<\/p>\n<p>Base de 360\u00b0 para facilitar el acceso<br \/>\nElegante indicador de temperatura anal\u00f3gico<br \/>\n7 ajustes diferentes para calentar el agua<br \/>\nRango de temperatura: 50\u00b0C-100\u00b0C<\/p>\n","protected":false},"excerpt":{"rendered":"<p>Hervidor el\u00e9ctrico: ajuste la temperatura ideal para su bebida Este hervidor el\u00e9ctrico es el accesorio perfecto para preparar cualquier bebida caliente con precisi\u00f3n y comodidad. Gracias a su capacidad para ajustar la temperatura de 50\u00b0C a 100\u00b0C, podr\u00e1 conseguir el punto perfecto para su t\u00e9 negro, t\u00e9 de hierbas, t\u00e9 verde o t\u00e9 blanco. Este [&hellip;]<\/p>\n","protected":false},"featured_media":6285810,"template":"","meta":{"_acf_changed":false},"product_cat":[11950,11947],"product_tag":[],"class_list":{"0":"post-1881965","1":"product","2":"type-product","3":"status-publish","4":"has-post-thumbnail","6":"product_cat-hervidores-electricos","7":"product_cat-pequenos-electrodomesticos","9":"first","10":"instock","11":"sale","12":"taxable","13":"shipping-taxable","14":"purchasable","15":"product-type-simple","swatches":"rey-swatches","show_selected":"","stretch_labels":"rey-swatches--stretch-labels"},"acf":[],"yoast_head":"<!-- This site is optimized with the Yoast SEO plugin v25.4 - https:\/\/yoast.com\/wordpress\/plugins\/seo\/ -->\n<title>KITCHENAID Hervidor 1,5 L Medall\u00f3n de plata - dev6 Erresse<\/title>\n<meta name=\"description\" content=\"Hervidor el\u00e9ctrico: ajuste la temperatura ideal para su bebida Este hervidor el\u00e9ctrico es el accesorio perfecto para preparar cualquier bebida caliente\" \/>\n<meta name=\"robots\" content=\"noindex, follow, max-snippet:-1, max-image-preview:large, max-video-preview:-1\" \/>\n<meta property=\"og:locale\" content=\"es_ES\" \/>\n<meta property=\"og:type\" content=\"article\" \/>\n<meta property=\"og:title\" content=\"KITCHENAID Hervidor 1,5 L Medall\u00f3n de plata - dev6 Erresse\" \/>\n<meta property=\"og:description\" content=\"Hervidor el\u00e9ctrico: ajuste la temperatura ideal para su bebida Este hervidor el\u00e9ctrico es el accesorio perfecto para preparar cualquier bebida caliente\" \/>\n<meta property=\"og:url\" content=\"https:\/\/dev6.erresse-shop.it\/es\/shop\/pequenos-electrodomesticos\/hervidores-electricos\/kitchenaid-hervidor-15-l-medallon-de-plata\/\" \/>\n<meta property=\"og:site_name\" content=\"dev6 Erresse\" \/>\n<meta property=\"og:image\" content=\"https:\/\/interpim.erresse-shop.it\/Import\/Prodotti\/kitchenaid-bollitore-15-l-argento-medaglia.jpg\" \/><meta property=\"og:image\" content=\"https:\/\/interpim.erresse-shop.it\/Import\/Prodotti\/kitchenaid-bollitore-15-l-argento-medaglia.jpg\" \/>\n\t<meta property=\"og:image:width\" content=\"1024\" \/>\n\t<meta property=\"og:image:height\" content=\"1024\" \/>\n\t<meta property=\"og:image:type\" content=\"image\/jpeg\" \/>\n<meta name=\"twitter:card\" content=\"summary_large_image\" \/>\n<meta name=\"twitter:image\" content=\"https:\/\/interpim.erresse-shop.it\/Import\/Prodotti\/kitchenaid-bollitore-15-l-argento-medaglia.jpg\" \/>\n<script type=\"application\/ld+json\" class=\"yoast-schema-graph\">{\"@context\":\"https:\/\/schema.org\",\"@graph\":[{\"@type\":\"WebPage\",\"@id\":\"https:\/\/dev6.erresse-shop.it\/es\/shop\/pequenos-electrodomesticos\/hervidores-electricos\/kitchenaid-hervidor-15-l-medallon-de-plata\/\",\"url\":\"https:\/\/dev6.erresse-shop.it\/es\/shop\/pequenos-electrodomesticos\/hervidores-electricos\/kitchenaid-hervidor-15-l-medallon-de-plata\/\",\"name\":\"KITCHENAID Hervidor 1,5 L Medall\u00f3n de plata - dev6 Erresse\",\"isPartOf\":{\"@id\":\"https:\/\/dev6.erresse-shop.it\/#website\"},\"primaryImageOfPage\":{\"@id\":\"https:\/\/dev6.erresse-shop.it\/es\/shop\/pequenos-electrodomesticos\/hervidores-electricos\/kitchenaid-hervidor-15-l-medallon-de-plata\/#primaryimage\"},\"image\":{\"@id\":\"https:\/\/dev6.erresse-shop.it\/es\/shop\/pequenos-electrodomesticos\/hervidores-electricos\/kitchenaid-hervidor-15-l-medallon-de-plata\/#primaryimage\"},\"thumbnailUrl\":\"https:\/\/i0.wp.com\/interpim.erresse-shop.it\/Import\/Prodotti\/kitchenaid-bollitore-15-l-argento-medaglia.jpg?ssl=1\",\"datePublished\":\"2026-04-04T09:26:33+00:00\",\"description\":\"Hervidor el\u00e9ctrico: ajuste la temperatura ideal para su bebida Este hervidor el\u00e9ctrico es el accesorio perfecto para preparar cualquier bebida caliente\",\"breadcrumb\":{\"@id\":\"https:\/\/dev6.erresse-shop.it\/es\/shop\/pequenos-electrodomesticos\/hervidores-electricos\/kitchenaid-hervidor-15-l-medallon-de-plata\/#breadcrumb\"},\"inLanguage\":\"es\",\"potentialAction\":[{\"@type\":\"ReadAction\",\"target\":[\"https:\/\/dev6.erresse-shop.it\/es\/shop\/pequenos-electrodomesticos\/hervidores-electricos\/kitchenaid-hervidor-15-l-medallon-de-plata\/\"]}]},{\"@type\":\"ImageObject\",\"inLanguage\":\"es\",\"@id\":\"https:\/\/dev6.erresse-shop.it\/es\/shop\/pequenos-electrodomesticos\/hervidores-electricos\/kitchenaid-hervidor-15-l-medallon-de-plata\/#primaryimage\",\"url\":\"https:\/\/i0.wp.com\/interpim.erresse-shop.it\/Import\/Prodotti\/kitchenaid-bollitore-15-l-argento-medaglia.jpg?ssl=1\",\"contentUrl\":\"https:\/\/i0.wp.com\/interpim.erresse-shop.it\/Import\/Prodotti\/kitchenaid-bollitore-15-l-argento-medaglia.jpg?ssl=1\"},{\"@type\":\"BreadcrumbList\",\"@id\":\"https:\/\/dev6.erresse-shop.it\/es\/shop\/pequenos-electrodomesticos\/hervidores-electricos\/kitchenaid-hervidor-15-l-medallon-de-plata\/#breadcrumb\",\"itemListElement\":[{\"@type\":\"ListItem\",\"position\":1,\"name\":\"Home\",\"item\":\"https:\/\/dev6.erresse-shop.it\/\"},{\"@type\":\"ListItem\",\"position\":2,\"name\":\"Tienda\",\"item\":\"https:\/\/dev6.erresse-shop.it\/shop\/\"},{\"@type\":\"ListItem\",\"position\":3,\"name\":\"KITCHENAID Hervidor 1,5 L Medall\u00f3n de plata\"}]},{\"@type\":\"WebSite\",\"@id\":\"https:\/\/dev6.erresse-shop.it\/#website\",\"url\":\"https:\/\/dev6.erresse-shop.it\/\",\"name\":\"Erresse Shop\",\"description\":\"\",\"publisher\":{\"@id\":\"https:\/\/dev6.erresse-shop.it\/#organization\"},\"potentialAction\":[{\"@type\":\"SearchAction\",\"target\":{\"@type\":\"EntryPoint\",\"urlTemplate\":\"https:\/\/dev6.erresse-shop.it\/?s={search_term_string}\"},\"query-input\":{\"@type\":\"PropertyValueSpecification\",\"valueRequired\":true,\"valueName\":\"search_term_string\"}}],\"inLanguage\":\"es\"},{\"@type\":\"Organization\",\"@id\":\"https:\/\/dev6.erresse-shop.it\/#organization\",\"name\":\"Erresse Shop\",\"url\":\"https:\/\/dev6.erresse-shop.it\/\",\"logo\":{\"@type\":\"ImageObject\",\"inLanguage\":\"es\",\"@id\":\"https:\/\/dev6.erresse-shop.it\/#\/schema\/logo\/image\/\",\"url\":\"https:\/\/dev6.erresse-shop.it\/wp-content\/uploads\/2025\/01\/LOGO-ERRESSE-CLASSICO.svg\",\"contentUrl\":\"https:\/\/dev6.erresse-shop.it\/wp-content\/uploads\/2025\/01\/LOGO-ERRESSE-CLASSICO.svg\",\"caption\":\"Erresse Shop\"},\"image\":{\"@id\":\"https:\/\/dev6.erresse-shop.it\/#\/schema\/logo\/image\/\"}}]}<\/script>\n<!-- \/ Yoast SEO plugin. -->","yoast_head_json":{"title":"KITCHENAID Hervidor 1,5 L Medall\u00f3n de plata - dev6 Erresse","description":"Hervidor el\u00e9ctrico: ajuste la temperatura ideal para su bebida Este hervidor el\u00e9ctrico es el accesorio perfecto para preparar cualquier bebida caliente","robots":{"index":"noindex","follow":"follow","max-snippet":"max-snippet:-1","max-image-preview":"max-image-preview:large","max-video-preview":"max-video-preview:-1"},"og_locale":"es_ES","og_type":"article","og_title":"KITCHENAID Hervidor 1,5 L Medall\u00f3n de plata - dev6 Erresse","og_description":"Hervidor el\u00e9ctrico: ajuste la temperatura ideal para su bebida Este hervidor el\u00e9ctrico es el accesorio perfecto para preparar cualquier bebida caliente","og_url":"https:\/\/dev6.erresse-shop.it\/es\/shop\/pequenos-electrodomesticos\/hervidores-electricos\/kitchenaid-hervidor-15-l-medallon-de-plata\/","og_site_name":"dev6 Erresse","og_image":[{"url":"https:\/\/interpim.erresse-shop.it\/Import\/Prodotti\/kitchenaid-bollitore-15-l-argento-medaglia.jpg","type":"","width":"","height":""},{"url":"https:\/\/interpim.erresse-shop.it\/Import\/Prodotti\/kitchenaid-bollitore-15-l-argento-medaglia.jpg","width":1024,"height":1024,"type":"image\/jpeg"}],"twitter_card":"summary_large_image","twitter_image":"https:\/\/interpim.erresse-shop.it\/Import\/Prodotti\/kitchenaid-bollitore-15-l-argento-medaglia.jpg","schema":{"@context":"https:\/\/schema.org","@graph":[{"@type":"WebPage","@id":"https:\/\/dev6.erresse-shop.it\/es\/shop\/pequenos-electrodomesticos\/hervidores-electricos\/kitchenaid-hervidor-15-l-medallon-de-plata\/","url":"https:\/\/dev6.erresse-shop.it\/es\/shop\/pequenos-electrodomesticos\/hervidores-electricos\/kitchenaid-hervidor-15-l-medallon-de-plata\/","name":"KITCHENAID Hervidor 1,5 L Medall\u00f3n de plata - dev6 Erresse","isPartOf":{"@id":"https:\/\/dev6.erresse-shop.it\/#website"},"primaryImageOfPage":{"@id":"https:\/\/dev6.erresse-shop.it\/es\/shop\/pequenos-electrodomesticos\/hervidores-electricos\/kitchenaid-hervidor-15-l-medallon-de-plata\/#primaryimage"},"image":{"@id":"https:\/\/dev6.erresse-shop.it\/es\/shop\/pequenos-electrodomesticos\/hervidores-electricos\/kitchenaid-hervidor-15-l-medallon-de-plata\/#primaryimage"},"thumbnailUrl":"https:\/\/i0.wp.com\/interpim.erresse-shop.it\/Import\/Prodotti\/kitchenaid-bollitore-15-l-argento-medaglia.jpg?ssl=1","datePublished":"2026-04-04T09:26:33+00:00","description":"Hervidor el\u00e9ctrico: ajuste la temperatura ideal para su bebida Este hervidor el\u00e9ctrico es el accesorio perfecto para preparar cualquier bebida caliente","breadcrumb":{"@id":"https:\/\/dev6.erresse-shop.it\/es\/shop\/pequenos-electrodomesticos\/hervidores-electricos\/kitchenaid-hervidor-15-l-medallon-de-plata\/#breadcrumb"},"inLanguage":"es","potentialAction":[{"@type":"ReadAction","target":["https:\/\/dev6.erresse-shop.it\/es\/shop\/pequenos-electrodomesticos\/hervidores-electricos\/kitchenaid-hervidor-15-l-medallon-de-plata\/"]}]},{"@type":"ImageObject","inLanguage":"es","@id":"https:\/\/dev6.erresse-shop.it\/es\/shop\/pequenos-electrodomesticos\/hervidores-electricos\/kitchenaid-hervidor-15-l-medallon-de-plata\/#primaryimage","url":"https:\/\/i0.wp.com\/interpim.erresse-shop.it\/Import\/Prodotti\/kitchenaid-bollitore-15-l-argento-medaglia.jpg?ssl=1","contentUrl":"https:\/\/i0.wp.com\/interpim.erresse-shop.it\/Import\/Prodotti\/kitchenaid-bollitore-15-l-argento-medaglia.jpg?ssl=1"},{"@type":"BreadcrumbList","@id":"https:\/\/dev6.erresse-shop.it\/es\/shop\/pequenos-electrodomesticos\/hervidores-electricos\/kitchenaid-hervidor-15-l-medallon-de-plata\/#breadcrumb","itemListElement":[{"@type":"ListItem","position":1,"name":"Home","item":"https:\/\/dev6.erresse-shop.it\/"},{"@type":"ListItem","position":2,"name":"Tienda","item":"https:\/\/dev6.erresse-shop.it\/shop\/"},{"@type":"ListItem","position":3,"name":"KITCHENAID Hervidor 1,5 L Medall\u00f3n de plata"}]},{"@type":"WebSite","@id":"https:\/\/dev6.erresse-shop.it\/#website","url":"https:\/\/dev6.erresse-shop.it\/","name":"Erresse Shop","description":"","publisher":{"@id":"https:\/\/dev6.erresse-shop.it\/#organization"},"potentialAction":[{"@type":"SearchAction","target":{"@type":"EntryPoint","urlTemplate":"https:\/\/dev6.erresse-shop.it\/?s={search_term_string}"},"query-input":{"@type":"PropertyValueSpecification","valueRequired":true,"valueName":"search_term_string"}}],"inLanguage":"es"},{"@type":"Organization","@id":"https:\/\/dev6.erresse-shop.it\/#organization","name":"Erresse Shop","url":"https:\/\/dev6.erresse-shop.it\/","logo":{"@type":"ImageObject","inLanguage":"es","@id":"https:\/\/dev6.erresse-shop.it\/#\/schema\/logo\/image\/","url":"https:\/\/dev6.erresse-shop.it\/wp-content\/uploads\/2025\/01\/LOGO-ERRESSE-CLASSICO.svg","contentUrl":"https:\/\/dev6.erresse-shop.it\/wp-content\/uploads\/2025\/01\/LOGO-ERRESSE-CLASSICO.svg","caption":"Erresse Shop"},"image":{"@id":"https:\/\/dev6.erresse-shop.it\/#\/schema\/logo\/image\/"}}]}},"df_price":189.95,"df_sale_price":189.95,"df_regular_price":249,"df_image_link":"https:\/\/i0.wp.com\/interpim.erresse-shop.it\/Import\/Prodotti\/kitchenaid-bollitore-15-l-argento-medaglia.jpg?resize=300,300&ssl=1","fifu_image_url":"https:\/\/interpim.erresse-shop.it\/Import\/Prodotti\/kitchenaid-bollitore-15-l-argento-medaglia.jpg","_links":{"self":[{"href":"https:\/\/dev6.erresse-shop.it\/es\/wp-json\/wp\/v2\/product\/1881965","targetHints":{"allow":["GET"]}}],"collection":[{"href":"https:\/\/dev6.erresse-shop.it\/es\/wp-json\/wp\/v2\/product"}],"about":[{"href":"https:\/\/dev6.erresse-shop.it\/es\/wp-json\/wp\/v2\/types\/product"}],"wp:featuredmedia":[{"embeddable":true,"href":"https:\/\/dev6.erresse-shop.it\/es\/wp-json\/wp\/v2\/media\/6285810"}],"wp:attachment":[{"href":"https:\/\/dev6.erresse-shop.it\/es\/wp-json\/wp\/v2\/media?parent=1881965"}],"wp:term":[{"taxonomy":"product_cat","embeddable":true,"href":"https:\/\/dev6.erresse-shop.it\/es\/wp-json\/wp\/v2\/product_cat?post=1881965"},{"taxonomy":"product_tag","embeddable":true,"href":"https:\/\/dev6.erresse-shop.it\/es\/wp-json\/wp\/v2\/product_tag?post=1881965"}],"curies":[{"name":"wp","href":"https:\/\/api.w.org\/{rel}","templated":true}]}}