{"id":1881957,"date":"2026-04-12T11:29:15","date_gmt":"2026-04-12T09:29:15","guid":{"rendered":"https:\/\/dev6.erresse-shop.it\/shop\/sin%20categor\u00eda\/zwilling-pro-batidor-28-cm\/"},"modified":"2025-09-14T09:23:14","modified_gmt":"2025-09-14T07:23:14","slug":"zwilling-pro-batidor-28-cm","status":"publish","type":"product","link":"https:\/\/dev6.erresse-shop.it\/es\/shop\/cocina\/herramientas\/zwilling-pro-batidor-28-cm\/","title":{"rendered":"ZWILLING PRO Batidor 28 cm"},"content":{"rendered":"<p>\u00bfQu\u00e9 ser\u00eda de un asado jugoso sin una salsa que lo acompa\u00f1e? \u00bfO un delicioso postre sin nata montada? \u00a1Exacto! Por eso la batidora es un accesorio imprescindible en toda cocina. El batidor grande de la colecci\u00f3n ZWILLING Pro es el accesorio de cocina ideal para todas aquellas preparaciones que requieren una consistencia especialmente aireada. Es f\u00e1cil de manejar gracias al mango satinado de dise\u00f1o ergon\u00f3mico. El extremo redondeado del mango no presiona la palma de la mano y le permite trabajar durante mucho tiempo sin fatiga. Este accesorio de cocina est\u00e1 fabricado en acero inoxidable que requiere un mantenimiento m\u00ednimo y con un dise\u00f1o poco tradicional: los alambres de acero son particularmente flexibles y se superponen formando una gota. De esta manera obtendr\u00e1s mejores resultados y el batidor podr\u00e1 incluso sostenerse por s\u00ed solo. No s\u00f3lo eso, sino que su dise\u00f1o especial llama especialmente la atenci\u00f3n y lo hace magn\u00edficamente decorativo. La colecci\u00f3n Pro fue creada \u00edntegramente por los dise\u00f1adores de fama mundial Matteo Thun y Antonio Rodr\u00edguez. Se les ocurri\u00f3 un aspecto minimalista, moderno, atemporal y pr\u00e1cticamente indestructible gracias a una fina mano de obra y los mejores materiales.<\/p>\n<p>Dise\u00f1o minimalista de Matteo Thun y Antonio Rodr\u00edguez.<br \/>\nFabricado en acero inoxidable de primera calidad<br \/>\nMangos de dise\u00f1o ergon\u00f3mico para trabajar sin esfuerzo, con transici\u00f3n continua al v\u00e1stago que garantiza la m\u00e1xima higiene.<br \/>\nDise\u00f1o innovador para una consistencia extra cremosa.<br \/>\nLos ocho anillos de acero inoxidable dispuestos en forma de estrella aumentan la cantidad de aire que puedes incorporar. La simetr\u00eda de esta constelaci\u00f3n permite que el l\u00e1tigo permanezca independientemente en posici\u00f3n vertical. Las masas y salsas no quedan atrapadas entre los aros. Aptas para el lavavajillas. Ideal para batir, mezclar y batir.<\/p>\n","protected":false},"excerpt":{"rendered":"<p>\u00bfQu\u00e9 ser\u00eda de un asado jugoso sin una salsa que lo acompa\u00f1e? \u00bfO un delicioso postre sin nata montada? \u00a1Exacto! Por eso la batidora es un accesorio imprescindible en toda cocina. El batidor grande de la colecci\u00f3n ZWILLING Pro es el accesorio de cocina ideal para todas aquellas preparaciones que requieren una consistencia especialmente aireada. [&hellip;]<\/p>\n","protected":false},"featured_media":6369056,"template":"","meta":{"_acf_changed":false},"product_cat":[11884,11668,11900],"product_tag":[],"class_list":{"0":"post-1881957","1":"product","2":"type-product","3":"status-publish","4":"has-post-thumbnail","6":"product_cat-cocina","7":"product_cat-cucina","8":"product_cat-herramientas","10":"first","11":"instock","12":"taxable","13":"shipping-taxable","14":"purchasable","15":"product-type-simple","swatches":"rey-swatches","show_selected":"","stretch_labels":"rey-swatches--stretch-labels"},"acf":[],"yoast_head":"<!-- This site is optimized with the Yoast SEO plugin v25.4 - https:\/\/yoast.com\/wordpress\/plugins\/seo\/ -->\n<title>ZWILLING PRO Batidor 28 cm - dev6 Erresse<\/title>\n<meta name=\"description\" content=\"\u00bfQu\u00e9 ser\u00eda de un asado jugoso sin una salsa que lo acompa\u00f1e? \u00bfO un delicioso postre sin nata montada? \u00a1Exacto! Por eso la batidora es un accesorio\" \/>\n<meta name=\"robots\" content=\"noindex, follow, max-snippet:-1, max-image-preview:large, max-video-preview:-1\" \/>\n<meta property=\"og:locale\" content=\"es_ES\" \/>\n<meta property=\"og:type\" content=\"article\" \/>\n<meta property=\"og:title\" content=\"ZWILLING PRO Batidor 28 cm - dev6 Erresse\" \/>\n<meta property=\"og:description\" content=\"\u00bfQu\u00e9 ser\u00eda de un asado jugoso sin una salsa que lo acompa\u00f1e? \u00bfO un delicioso postre sin nata montada? \u00a1Exacto! Por eso la batidora es un accesorio\" \/>\n<meta property=\"og:url\" content=\"https:\/\/dev6.erresse-shop.it\/es\/shop\/cocina\/herramientas\/zwilling-pro-batidor-28-cm\/\" \/>\n<meta property=\"og:site_name\" content=\"dev6 Erresse\" \/>\n<meta property=\"og:image\" content=\"https:\/\/interpim.erresse-shop.it\/img-catalogo\/zwilling\/zwilling-pro-frusta-28-cm.png\" \/><meta property=\"og:image\" content=\"https:\/\/interpim.erresse-shop.it\/img-catalogo\/zwilling\/zwilling-pro-frusta-28-cm.png\" \/>\n\t<meta property=\"og:image:width\" content=\"1024\" \/>\n\t<meta property=\"og:image:height\" content=\"1024\" \/>\n\t<meta property=\"og:image:type\" content=\"image\/jpeg\" \/>\n<meta name=\"twitter:card\" content=\"summary_large_image\" \/>\n<meta name=\"twitter:image\" content=\"https:\/\/interpim.erresse-shop.it\/img-catalogo\/zwilling\/zwilling-pro-frusta-28-cm.png\" \/>\n<script type=\"application\/ld+json\" class=\"yoast-schema-graph\">{\"@context\":\"https:\/\/schema.org\",\"@graph\":[{\"@type\":\"WebPage\",\"@id\":\"https:\/\/dev6.erresse-shop.it\/es\/shop\/cocina\/herramientas\/zwilling-pro-batidor-28-cm\/\",\"url\":\"https:\/\/dev6.erresse-shop.it\/es\/shop\/cocina\/herramientas\/zwilling-pro-batidor-28-cm\/\",\"name\":\"ZWILLING PRO Batidor 28 cm - dev6 Erresse\",\"isPartOf\":{\"@id\":\"https:\/\/dev6.erresse-shop.it\/#website\"},\"primaryImageOfPage\":{\"@id\":\"https:\/\/dev6.erresse-shop.it\/es\/shop\/cocina\/herramientas\/zwilling-pro-batidor-28-cm\/#primaryimage\"},\"image\":{\"@id\":\"https:\/\/dev6.erresse-shop.it\/es\/shop\/cocina\/herramientas\/zwilling-pro-batidor-28-cm\/#primaryimage\"},\"thumbnailUrl\":\"https:\/\/i3.wp.com\/interpim.erresse-shop.it\/img-catalogo\/zwilling\/zwilling-pro-frusta-28-cm.png?ssl=1\",\"datePublished\":\"2026-04-12T09:29:15+00:00\",\"description\":\"\u00bfQu\u00e9 ser\u00eda de un asado jugoso sin una salsa que lo acompa\u00f1e? \u00bfO un delicioso postre sin nata montada? \u00a1Exacto! Por eso la batidora es un accesorio\",\"breadcrumb\":{\"@id\":\"https:\/\/dev6.erresse-shop.it\/es\/shop\/cocina\/herramientas\/zwilling-pro-batidor-28-cm\/#breadcrumb\"},\"inLanguage\":\"es\",\"potentialAction\":[{\"@type\":\"ReadAction\",\"target\":[\"https:\/\/dev6.erresse-shop.it\/es\/shop\/cocina\/herramientas\/zwilling-pro-batidor-28-cm\/\"]}]},{\"@type\":\"ImageObject\",\"inLanguage\":\"es\",\"@id\":\"https:\/\/dev6.erresse-shop.it\/es\/shop\/cocina\/herramientas\/zwilling-pro-batidor-28-cm\/#primaryimage\",\"url\":\"https:\/\/i3.wp.com\/interpim.erresse-shop.it\/img-catalogo\/zwilling\/zwilling-pro-frusta-28-cm.png?ssl=1\",\"contentUrl\":\"https:\/\/i3.wp.com\/interpim.erresse-shop.it\/img-catalogo\/zwilling\/zwilling-pro-frusta-28-cm.png?ssl=1\"},{\"@type\":\"BreadcrumbList\",\"@id\":\"https:\/\/dev6.erresse-shop.it\/es\/shop\/cocina\/herramientas\/zwilling-pro-batidor-28-cm\/#breadcrumb\",\"itemListElement\":[{\"@type\":\"ListItem\",\"position\":1,\"name\":\"Home\",\"item\":\"https:\/\/dev6.erresse-shop.it\/\"},{\"@type\":\"ListItem\",\"position\":2,\"name\":\"Tienda\",\"item\":\"https:\/\/dev6.erresse-shop.it\/shop\/\"},{\"@type\":\"ListItem\",\"position\":3,\"name\":\"ZWILLING PRO Batidor 28 cm\"}]},{\"@type\":\"WebSite\",\"@id\":\"https:\/\/dev6.erresse-shop.it\/#website\",\"url\":\"https:\/\/dev6.erresse-shop.it\/\",\"name\":\"Erresse Shop\",\"description\":\"\",\"publisher\":{\"@id\":\"https:\/\/dev6.erresse-shop.it\/#organization\"},\"potentialAction\":[{\"@type\":\"SearchAction\",\"target\":{\"@type\":\"EntryPoint\",\"urlTemplate\":\"https:\/\/dev6.erresse-shop.it\/?s={search_term_string}\"},\"query-input\":{\"@type\":\"PropertyValueSpecification\",\"valueRequired\":true,\"valueName\":\"search_term_string\"}}],\"inLanguage\":\"es\"},{\"@type\":\"Organization\",\"@id\":\"https:\/\/dev6.erresse-shop.it\/#organization\",\"name\":\"Erresse Shop\",\"url\":\"https:\/\/dev6.erresse-shop.it\/\",\"logo\":{\"@type\":\"ImageObject\",\"inLanguage\":\"es\",\"@id\":\"https:\/\/dev6.erresse-shop.it\/#\/schema\/logo\/image\/\",\"url\":\"https:\/\/dev6.erresse-shop.it\/wp-content\/uploads\/2025\/01\/LOGO-ERRESSE-CLASSICO.svg\",\"contentUrl\":\"https:\/\/dev6.erresse-shop.it\/wp-content\/uploads\/2025\/01\/LOGO-ERRESSE-CLASSICO.svg\",\"caption\":\"Erresse Shop\"},\"image\":{\"@id\":\"https:\/\/dev6.erresse-shop.it\/#\/schema\/logo\/image\/\"}}]}<\/script>\n<!-- \/ Yoast SEO plugin. -->","yoast_head_json":{"title":"ZWILLING PRO Batidor 28 cm - dev6 Erresse","description":"\u00bfQu\u00e9 ser\u00eda de un asado jugoso sin una salsa que lo acompa\u00f1e? \u00bfO un delicioso postre sin nata montada? \u00a1Exacto! Por eso la batidora es un accesorio","robots":{"index":"noindex","follow":"follow","max-snippet":"max-snippet:-1","max-image-preview":"max-image-preview:large","max-video-preview":"max-video-preview:-1"},"og_locale":"es_ES","og_type":"article","og_title":"ZWILLING PRO Batidor 28 cm - dev6 Erresse","og_description":"\u00bfQu\u00e9 ser\u00eda de un asado jugoso sin una salsa que lo acompa\u00f1e? \u00bfO un delicioso postre sin nata montada? \u00a1Exacto! Por eso la batidora es un accesorio","og_url":"https:\/\/dev6.erresse-shop.it\/es\/shop\/cocina\/herramientas\/zwilling-pro-batidor-28-cm\/","og_site_name":"dev6 Erresse","og_image":[{"url":"https:\/\/interpim.erresse-shop.it\/img-catalogo\/zwilling\/zwilling-pro-frusta-28-cm.png","type":"","width":"","height":""},{"url":"https:\/\/interpim.erresse-shop.it\/img-catalogo\/zwilling\/zwilling-pro-frusta-28-cm.png","width":1024,"height":1024,"type":"image\/jpeg"}],"twitter_card":"summary_large_image","twitter_image":"https:\/\/interpim.erresse-shop.it\/img-catalogo\/zwilling\/zwilling-pro-frusta-28-cm.png","schema":{"@context":"https:\/\/schema.org","@graph":[{"@type":"WebPage","@id":"https:\/\/dev6.erresse-shop.it\/es\/shop\/cocina\/herramientas\/zwilling-pro-batidor-28-cm\/","url":"https:\/\/dev6.erresse-shop.it\/es\/shop\/cocina\/herramientas\/zwilling-pro-batidor-28-cm\/","name":"ZWILLING PRO Batidor 28 cm - dev6 Erresse","isPartOf":{"@id":"https:\/\/dev6.erresse-shop.it\/#website"},"primaryImageOfPage":{"@id":"https:\/\/dev6.erresse-shop.it\/es\/shop\/cocina\/herramientas\/zwilling-pro-batidor-28-cm\/#primaryimage"},"image":{"@id":"https:\/\/dev6.erresse-shop.it\/es\/shop\/cocina\/herramientas\/zwilling-pro-batidor-28-cm\/#primaryimage"},"thumbnailUrl":"https:\/\/i3.wp.com\/interpim.erresse-shop.it\/img-catalogo\/zwilling\/zwilling-pro-frusta-28-cm.png?ssl=1","datePublished":"2026-04-12T09:29:15+00:00","description":"\u00bfQu\u00e9 ser\u00eda de un asado jugoso sin una salsa que lo acompa\u00f1e? \u00bfO un delicioso postre sin nata montada? \u00a1Exacto! Por eso la batidora es un accesorio","breadcrumb":{"@id":"https:\/\/dev6.erresse-shop.it\/es\/shop\/cocina\/herramientas\/zwilling-pro-batidor-28-cm\/#breadcrumb"},"inLanguage":"es","potentialAction":[{"@type":"ReadAction","target":["https:\/\/dev6.erresse-shop.it\/es\/shop\/cocina\/herramientas\/zwilling-pro-batidor-28-cm\/"]}]},{"@type":"ImageObject","inLanguage":"es","@id":"https:\/\/dev6.erresse-shop.it\/es\/shop\/cocina\/herramientas\/zwilling-pro-batidor-28-cm\/#primaryimage","url":"https:\/\/i3.wp.com\/interpim.erresse-shop.it\/img-catalogo\/zwilling\/zwilling-pro-frusta-28-cm.png?ssl=1","contentUrl":"https:\/\/i3.wp.com\/interpim.erresse-shop.it\/img-catalogo\/zwilling\/zwilling-pro-frusta-28-cm.png?ssl=1"},{"@type":"BreadcrumbList","@id":"https:\/\/dev6.erresse-shop.it\/es\/shop\/cocina\/herramientas\/zwilling-pro-batidor-28-cm\/#breadcrumb","itemListElement":[{"@type":"ListItem","position":1,"name":"Home","item":"https:\/\/dev6.erresse-shop.it\/"},{"@type":"ListItem","position":2,"name":"Tienda","item":"https:\/\/dev6.erresse-shop.it\/shop\/"},{"@type":"ListItem","position":3,"name":"ZWILLING PRO Batidor 28 cm"}]},{"@type":"WebSite","@id":"https:\/\/dev6.erresse-shop.it\/#website","url":"https:\/\/dev6.erresse-shop.it\/","name":"Erresse Shop","description":"","publisher":{"@id":"https:\/\/dev6.erresse-shop.it\/#organization"},"potentialAction":[{"@type":"SearchAction","target":{"@type":"EntryPoint","urlTemplate":"https:\/\/dev6.erresse-shop.it\/?s={search_term_string}"},"query-input":{"@type":"PropertyValueSpecification","valueRequired":true,"valueName":"search_term_string"}}],"inLanguage":"es"},{"@type":"Organization","@id":"https:\/\/dev6.erresse-shop.it\/#organization","name":"Erresse Shop","url":"https:\/\/dev6.erresse-shop.it\/","logo":{"@type":"ImageObject","inLanguage":"es","@id":"https:\/\/dev6.erresse-shop.it\/#\/schema\/logo\/image\/","url":"https:\/\/dev6.erresse-shop.it\/wp-content\/uploads\/2025\/01\/LOGO-ERRESSE-CLASSICO.svg","contentUrl":"https:\/\/dev6.erresse-shop.it\/wp-content\/uploads\/2025\/01\/LOGO-ERRESSE-CLASSICO.svg","caption":"Erresse Shop"},"image":{"@id":"https:\/\/dev6.erresse-shop.it\/#\/schema\/logo\/image\/"}}]}},"df_price":22.95,"df_sale_price":"","df_regular_price":22.95,"df_image_link":"https:\/\/i3.wp.com\/interpim.erresse-shop.it\/img-catalogo\/zwilling\/zwilling-pro-frusta-28-cm.png?resize=300,300&ssl=1","fifu_image_url":"https:\/\/interpim.erresse-shop.it\/img-catalogo\/zwilling\/zwilling-pro-frusta-28-cm.png","_links":{"self":[{"href":"https:\/\/dev6.erresse-shop.it\/es\/wp-json\/wp\/v2\/product\/1881957","targetHints":{"allow":["GET"]}}],"collection":[{"href":"https:\/\/dev6.erresse-shop.it\/es\/wp-json\/wp\/v2\/product"}],"about":[{"href":"https:\/\/dev6.erresse-shop.it\/es\/wp-json\/wp\/v2\/types\/product"}],"wp:featuredmedia":[{"embeddable":true,"href":"https:\/\/dev6.erresse-shop.it\/es\/wp-json\/wp\/v2\/media\/6369056"}],"wp:attachment":[{"href":"https:\/\/dev6.erresse-shop.it\/es\/wp-json\/wp\/v2\/media?parent=1881957"}],"wp:term":[{"taxonomy":"product_cat","embeddable":true,"href":"https:\/\/dev6.erresse-shop.it\/es\/wp-json\/wp\/v2\/product_cat?post=1881957"},{"taxonomy":"product_tag","embeddable":true,"href":"https:\/\/dev6.erresse-shop.it\/es\/wp-json\/wp\/v2\/product_tag?post=1881957"}],"curies":[{"name":"wp","href":"https:\/\/api.w.org\/{rel}","templated":true}]}}