{"id":1881955,"date":"2026-04-12T14:52:25","date_gmt":"2026-04-12T12:52:25","guid":{"rendered":"https:\/\/dev6.erresse-shop.it\/shop\/sin%20categor\u00eda\/joseph-joseph-compo-4-contenedor-de-residuos-de-comida-gris\/"},"modified":"2025-09-14T11:00:48","modified_gmt":"2025-09-14T09:00:48","slug":"joseph-joseph-compo-4-contenedor-de-residuos-de-comida-gris","status":"publish","type":"product","link":"https:\/\/dev6.erresse-shop.it\/es\/shop\/cocina\/accesorios\/joseph-joseph-compo-4-contenedor-de-residuos-de-comida-gris\/","title":{"rendered":"JOSEPH JOSEPH Compo 4 Contenedor de Residuos de Comida Gris"},"content":{"rendered":"<p>Este delgado contenedor de residuos de alimentos est\u00e1 dise\u00f1ado para facilitar la recogida de restos de comida, gracias a su c\u00f3moda tapa abatible y a su ampl\u00edsima abertura.<\/p>\n<p>La amplia abertura facilita la recogida de restos de comida de los platos<br \/>\nRejilla de ventilaci\u00f3n ajustable: abierta \u2013 ayuda a reducir la humedad y la acumulaci\u00f3n de olores; cerrada \u2013 proporciona una barrera para los insectos<br \/>\nDise\u00f1o delgado: perfecto para guardarlo en encimeras o dentro de armarios<br \/>\nSoporte de montaje en puerta incluido<br \/>\nCapacidad: 4 litros<\/p>\n<p>Cuidado y uso:<\/p>\n<p>Lavar y secar a mano<br \/>\nPuede utilizarse con las bolsas personalizadas IW2 (tambi\u00e9n puede utilizarse con bolsas est\u00e1ndar)<br \/>\nSin BPA<\/p>\n<p>Dimensiones: H17.3 x W29.7 x D12cm (H7 x W11\u00be x D4\u00be pulgadas)<\/p>\n<p>Peso: 0,65 kg<\/p>\n<p>Dise\u00f1ador: PearsonLloyd<\/p>\n","protected":false},"excerpt":{"rendered":"<p>Este delgado contenedor de residuos de alimentos est\u00e1 dise\u00f1ado para facilitar la recogida de restos de comida, gracias a su c\u00f3moda tapa abatible y a su ampl\u00edsima abertura. La amplia abertura facilita la recogida de restos de comida de los platos Rejilla de ventilaci\u00f3n ajustable: abierta \u2013 ayuda a reducir la humedad y la acumulaci\u00f3n [&hellip;]<\/p>\n","protected":false},"featured_media":6381459,"template":"","meta":{"_acf_changed":false},"product_cat":[11949,11733,11884,11668],"product_tag":[],"class_list":{"0":"post-1881955","1":"product","2":"type-product","3":"status-publish","4":"has-post-thumbnail","6":"product_cat-accesorios","7":"product_cat-accessori-cucina","8":"product_cat-cocina","9":"product_cat-cucina","11":"first","12":"instock","13":"sale","14":"taxable","15":"shipping-taxable","16":"purchasable","17":"product-type-simple","swatches":"rey-swatches","show_selected":"","stretch_labels":"rey-swatches--stretch-labels"},"acf":[],"yoast_head":"<!-- This site is optimized with the Yoast SEO plugin v25.4 - https:\/\/yoast.com\/wordpress\/plugins\/seo\/ -->\n<title>JOSEPH JOSEPH Compo 4 Contenedor de Residuos de Comida Gris - dev6 Erresse<\/title>\n<meta name=\"description\" content=\"Este delgado contenedor de residuos de alimentos est\u00e1 dise\u00f1ado para facilitar la recogida de restos de comida, gracias a su c\u00f3moda tapa abatible y a su\" \/>\n<meta name=\"robots\" content=\"noindex, follow, max-snippet:-1, max-image-preview:large, max-video-preview:-1\" \/>\n<meta property=\"og:locale\" content=\"es_ES\" \/>\n<meta property=\"og:type\" content=\"article\" \/>\n<meta property=\"og:title\" content=\"JOSEPH JOSEPH Compo 4 Contenedor de Residuos de Comida Gris - dev6 Erresse\" \/>\n<meta property=\"og:description\" content=\"Este delgado contenedor de residuos de alimentos est\u00e1 dise\u00f1ado para facilitar la recogida de restos de comida, gracias a su c\u00f3moda tapa abatible y a su\" \/>\n<meta property=\"og:url\" content=\"https:\/\/dev6.erresse-shop.it\/es\/shop\/cocina\/accesorios\/joseph-joseph-compo-4-contenedor-de-residuos-de-comida-gris\/\" \/>\n<meta property=\"og:site_name\" content=\"dev6 Erresse\" \/>\n<meta property=\"og:image\" content=\"https:\/\/interpim.erresse-shop.it\/Import\/Prodotti\/joseph-joseph-compo-4-contenitore-rifiuti-alimentari-grigio.webp\" \/><meta property=\"og:image\" content=\"https:\/\/interpim.erresse-shop.it\/Import\/Prodotti\/joseph-joseph-compo-4-contenitore-rifiuti-alimentari-grigio.webp\" \/>\n\t<meta property=\"og:image:width\" content=\"1024\" \/>\n\t<meta property=\"og:image:height\" content=\"1024\" \/>\n\t<meta property=\"og:image:type\" content=\"image\/jpeg\" \/>\n<meta name=\"twitter:card\" content=\"summary_large_image\" \/>\n<meta name=\"twitter:image\" content=\"https:\/\/interpim.erresse-shop.it\/Import\/Prodotti\/joseph-joseph-compo-4-contenitore-rifiuti-alimentari-grigio.webp\" \/>\n<script type=\"application\/ld+json\" class=\"yoast-schema-graph\">{\"@context\":\"https:\/\/schema.org\",\"@graph\":[{\"@type\":\"WebPage\",\"@id\":\"https:\/\/dev6.erresse-shop.it\/es\/shop\/cocina\/accesorios\/joseph-joseph-compo-4-contenedor-de-residuos-de-comida-gris\/\",\"url\":\"https:\/\/dev6.erresse-shop.it\/es\/shop\/cocina\/accesorios\/joseph-joseph-compo-4-contenedor-de-residuos-de-comida-gris\/\",\"name\":\"JOSEPH JOSEPH Compo 4 Contenedor de Residuos de Comida Gris - dev6 Erresse\",\"isPartOf\":{\"@id\":\"https:\/\/dev6.erresse-shop.it\/#website\"},\"primaryImageOfPage\":{\"@id\":\"https:\/\/dev6.erresse-shop.it\/es\/shop\/cocina\/accesorios\/joseph-joseph-compo-4-contenedor-de-residuos-de-comida-gris\/#primaryimage\"},\"image\":{\"@id\":\"https:\/\/dev6.erresse-shop.it\/es\/shop\/cocina\/accesorios\/joseph-joseph-compo-4-contenedor-de-residuos-de-comida-gris\/#primaryimage\"},\"thumbnailUrl\":\"https:\/\/i0.wp.com\/interpim.erresse-shop.it\/Import\/Prodotti\/joseph-joseph-compo-4-contenitore-rifiuti-alimentari-grigio.webp?ssl=1\",\"datePublished\":\"2026-04-12T12:52:25+00:00\",\"description\":\"Este delgado contenedor de residuos de alimentos est\u00e1 dise\u00f1ado para facilitar la recogida de restos de comida, gracias a su c\u00f3moda tapa abatible y a su\",\"breadcrumb\":{\"@id\":\"https:\/\/dev6.erresse-shop.it\/es\/shop\/cocina\/accesorios\/joseph-joseph-compo-4-contenedor-de-residuos-de-comida-gris\/#breadcrumb\"},\"inLanguage\":\"es\",\"potentialAction\":[{\"@type\":\"ReadAction\",\"target\":[\"https:\/\/dev6.erresse-shop.it\/es\/shop\/cocina\/accesorios\/joseph-joseph-compo-4-contenedor-de-residuos-de-comida-gris\/\"]}]},{\"@type\":\"ImageObject\",\"inLanguage\":\"es\",\"@id\":\"https:\/\/dev6.erresse-shop.it\/es\/shop\/cocina\/accesorios\/joseph-joseph-compo-4-contenedor-de-residuos-de-comida-gris\/#primaryimage\",\"url\":\"https:\/\/i0.wp.com\/interpim.erresse-shop.it\/Import\/Prodotti\/joseph-joseph-compo-4-contenitore-rifiuti-alimentari-grigio.webp?ssl=1\",\"contentUrl\":\"https:\/\/i0.wp.com\/interpim.erresse-shop.it\/Import\/Prodotti\/joseph-joseph-compo-4-contenitore-rifiuti-alimentari-grigio.webp?ssl=1\"},{\"@type\":\"BreadcrumbList\",\"@id\":\"https:\/\/dev6.erresse-shop.it\/es\/shop\/cocina\/accesorios\/joseph-joseph-compo-4-contenedor-de-residuos-de-comida-gris\/#breadcrumb\",\"itemListElement\":[{\"@type\":\"ListItem\",\"position\":1,\"name\":\"Home\",\"item\":\"https:\/\/dev6.erresse-shop.it\/\"},{\"@type\":\"ListItem\",\"position\":2,\"name\":\"Tienda\",\"item\":\"https:\/\/dev6.erresse-shop.it\/shop\/\"},{\"@type\":\"ListItem\",\"position\":3,\"name\":\"JOSEPH JOSEPH Compo 4 Contenedor de Residuos de Comida Gris\"}]},{\"@type\":\"WebSite\",\"@id\":\"https:\/\/dev6.erresse-shop.it\/#website\",\"url\":\"https:\/\/dev6.erresse-shop.it\/\",\"name\":\"Erresse Shop\",\"description\":\"\",\"publisher\":{\"@id\":\"https:\/\/dev6.erresse-shop.it\/#organization\"},\"potentialAction\":[{\"@type\":\"SearchAction\",\"target\":{\"@type\":\"EntryPoint\",\"urlTemplate\":\"https:\/\/dev6.erresse-shop.it\/?s={search_term_string}\"},\"query-input\":{\"@type\":\"PropertyValueSpecification\",\"valueRequired\":true,\"valueName\":\"search_term_string\"}}],\"inLanguage\":\"es\"},{\"@type\":\"Organization\",\"@id\":\"https:\/\/dev6.erresse-shop.it\/#organization\",\"name\":\"Erresse Shop\",\"url\":\"https:\/\/dev6.erresse-shop.it\/\",\"logo\":{\"@type\":\"ImageObject\",\"inLanguage\":\"es\",\"@id\":\"https:\/\/dev6.erresse-shop.it\/#\/schema\/logo\/image\/\",\"url\":\"https:\/\/dev6.erresse-shop.it\/wp-content\/uploads\/2025\/01\/LOGO-ERRESSE-CLASSICO.svg\",\"contentUrl\":\"https:\/\/dev6.erresse-shop.it\/wp-content\/uploads\/2025\/01\/LOGO-ERRESSE-CLASSICO.svg\",\"caption\":\"Erresse Shop\"},\"image\":{\"@id\":\"https:\/\/dev6.erresse-shop.it\/#\/schema\/logo\/image\/\"}}]}<\/script>\n<!-- \/ Yoast SEO plugin. -->","yoast_head_json":{"title":"JOSEPH JOSEPH Compo 4 Contenedor de Residuos de Comida Gris - dev6 Erresse","description":"Este delgado contenedor de residuos de alimentos est\u00e1 dise\u00f1ado para facilitar la recogida de restos de comida, gracias a su c\u00f3moda tapa abatible y a su","robots":{"index":"noindex","follow":"follow","max-snippet":"max-snippet:-1","max-image-preview":"max-image-preview:large","max-video-preview":"max-video-preview:-1"},"og_locale":"es_ES","og_type":"article","og_title":"JOSEPH JOSEPH Compo 4 Contenedor de Residuos de Comida Gris - dev6 Erresse","og_description":"Este delgado contenedor de residuos de alimentos est\u00e1 dise\u00f1ado para facilitar la recogida de restos de comida, gracias a su c\u00f3moda tapa abatible y a su","og_url":"https:\/\/dev6.erresse-shop.it\/es\/shop\/cocina\/accesorios\/joseph-joseph-compo-4-contenedor-de-residuos-de-comida-gris\/","og_site_name":"dev6 Erresse","og_image":[{"url":"https:\/\/interpim.erresse-shop.it\/Import\/Prodotti\/joseph-joseph-compo-4-contenitore-rifiuti-alimentari-grigio.webp","type":"","width":"","height":""},{"url":"https:\/\/interpim.erresse-shop.it\/Import\/Prodotti\/joseph-joseph-compo-4-contenitore-rifiuti-alimentari-grigio.webp","width":1024,"height":1024,"type":"image\/jpeg"}],"twitter_card":"summary_large_image","twitter_image":"https:\/\/interpim.erresse-shop.it\/Import\/Prodotti\/joseph-joseph-compo-4-contenitore-rifiuti-alimentari-grigio.webp","schema":{"@context":"https:\/\/schema.org","@graph":[{"@type":"WebPage","@id":"https:\/\/dev6.erresse-shop.it\/es\/shop\/cocina\/accesorios\/joseph-joseph-compo-4-contenedor-de-residuos-de-comida-gris\/","url":"https:\/\/dev6.erresse-shop.it\/es\/shop\/cocina\/accesorios\/joseph-joseph-compo-4-contenedor-de-residuos-de-comida-gris\/","name":"JOSEPH JOSEPH Compo 4 Contenedor de Residuos de Comida Gris - dev6 Erresse","isPartOf":{"@id":"https:\/\/dev6.erresse-shop.it\/#website"},"primaryImageOfPage":{"@id":"https:\/\/dev6.erresse-shop.it\/es\/shop\/cocina\/accesorios\/joseph-joseph-compo-4-contenedor-de-residuos-de-comida-gris\/#primaryimage"},"image":{"@id":"https:\/\/dev6.erresse-shop.it\/es\/shop\/cocina\/accesorios\/joseph-joseph-compo-4-contenedor-de-residuos-de-comida-gris\/#primaryimage"},"thumbnailUrl":"https:\/\/i0.wp.com\/interpim.erresse-shop.it\/Import\/Prodotti\/joseph-joseph-compo-4-contenitore-rifiuti-alimentari-grigio.webp?ssl=1","datePublished":"2026-04-12T12:52:25+00:00","description":"Este delgado contenedor de residuos de alimentos est\u00e1 dise\u00f1ado para facilitar la recogida de restos de comida, gracias a su c\u00f3moda tapa abatible y a su","breadcrumb":{"@id":"https:\/\/dev6.erresse-shop.it\/es\/shop\/cocina\/accesorios\/joseph-joseph-compo-4-contenedor-de-residuos-de-comida-gris\/#breadcrumb"},"inLanguage":"es","potentialAction":[{"@type":"ReadAction","target":["https:\/\/dev6.erresse-shop.it\/es\/shop\/cocina\/accesorios\/joseph-joseph-compo-4-contenedor-de-residuos-de-comida-gris\/"]}]},{"@type":"ImageObject","inLanguage":"es","@id":"https:\/\/dev6.erresse-shop.it\/es\/shop\/cocina\/accesorios\/joseph-joseph-compo-4-contenedor-de-residuos-de-comida-gris\/#primaryimage","url":"https:\/\/i0.wp.com\/interpim.erresse-shop.it\/Import\/Prodotti\/joseph-joseph-compo-4-contenitore-rifiuti-alimentari-grigio.webp?ssl=1","contentUrl":"https:\/\/i0.wp.com\/interpim.erresse-shop.it\/Import\/Prodotti\/joseph-joseph-compo-4-contenitore-rifiuti-alimentari-grigio.webp?ssl=1"},{"@type":"BreadcrumbList","@id":"https:\/\/dev6.erresse-shop.it\/es\/shop\/cocina\/accesorios\/joseph-joseph-compo-4-contenedor-de-residuos-de-comida-gris\/#breadcrumb","itemListElement":[{"@type":"ListItem","position":1,"name":"Home","item":"https:\/\/dev6.erresse-shop.it\/"},{"@type":"ListItem","position":2,"name":"Tienda","item":"https:\/\/dev6.erresse-shop.it\/shop\/"},{"@type":"ListItem","position":3,"name":"JOSEPH JOSEPH Compo 4 Contenedor de Residuos de Comida Gris"}]},{"@type":"WebSite","@id":"https:\/\/dev6.erresse-shop.it\/#website","url":"https:\/\/dev6.erresse-shop.it\/","name":"Erresse Shop","description":"","publisher":{"@id":"https:\/\/dev6.erresse-shop.it\/#organization"},"potentialAction":[{"@type":"SearchAction","target":{"@type":"EntryPoint","urlTemplate":"https:\/\/dev6.erresse-shop.it\/?s={search_term_string}"},"query-input":{"@type":"PropertyValueSpecification","valueRequired":true,"valueName":"search_term_string"}}],"inLanguage":"es"},{"@type":"Organization","@id":"https:\/\/dev6.erresse-shop.it\/#organization","name":"Erresse Shop","url":"https:\/\/dev6.erresse-shop.it\/","logo":{"@type":"ImageObject","inLanguage":"es","@id":"https:\/\/dev6.erresse-shop.it\/#\/schema\/logo\/image\/","url":"https:\/\/dev6.erresse-shop.it\/wp-content\/uploads\/2025\/01\/LOGO-ERRESSE-CLASSICO.svg","contentUrl":"https:\/\/dev6.erresse-shop.it\/wp-content\/uploads\/2025\/01\/LOGO-ERRESSE-CLASSICO.svg","caption":"Erresse Shop"},"image":{"@id":"https:\/\/dev6.erresse-shop.it\/#\/schema\/logo\/image\/"}}]}},"df_price":34.9,"df_sale_price":34.9,"df_regular_price":34.99,"df_image_link":"https:\/\/i0.wp.com\/interpim.erresse-shop.it\/Import\/Prodotti\/joseph-joseph-compo-4-contenitore-rifiuti-alimentari-grigio.webp?resize=300,300&ssl=1","fifu_image_url":"https:\/\/interpim.erresse-shop.it\/Import\/Prodotti\/joseph-joseph-compo-4-contenitore-rifiuti-alimentari-grigio.webp","_links":{"self":[{"href":"https:\/\/dev6.erresse-shop.it\/es\/wp-json\/wp\/v2\/product\/1881955","targetHints":{"allow":["GET"]}}],"collection":[{"href":"https:\/\/dev6.erresse-shop.it\/es\/wp-json\/wp\/v2\/product"}],"about":[{"href":"https:\/\/dev6.erresse-shop.it\/es\/wp-json\/wp\/v2\/types\/product"}],"wp:featuredmedia":[{"embeddable":true,"href":"https:\/\/dev6.erresse-shop.it\/es\/wp-json\/wp\/v2\/media\/6381459"}],"wp:attachment":[{"href":"https:\/\/dev6.erresse-shop.it\/es\/wp-json\/wp\/v2\/media?parent=1881955"}],"wp:term":[{"taxonomy":"product_cat","embeddable":true,"href":"https:\/\/dev6.erresse-shop.it\/es\/wp-json\/wp\/v2\/product_cat?post=1881955"},{"taxonomy":"product_tag","embeddable":true,"href":"https:\/\/dev6.erresse-shop.it\/es\/wp-json\/wp\/v2\/product_tag?post=1881955"}],"curies":[{"name":"wp","href":"https:\/\/api.w.org\/{rel}","templated":true}]}}