{"id":1881935,"date":"2026-04-12T11:27:21","date_gmt":"2026-04-12T09:27:21","guid":{"rendered":"https:\/\/dev6.erresse-shop.it\/shop\/sin%20categor\u00eda\/joseph-joseph-sacacorchos-barstar-3-en-1-gris\/"},"modified":"2025-09-14T09:22:44","modified_gmt":"2025-09-14T07:22:44","slug":"joseph-joseph-sacacorchos-barstar-3-en-1-gris","status":"publish","type":"product","link":"https:\/\/dev6.erresse-shop.it\/es\/shop\/tabla\/vino\/sacacorchos\/joseph-joseph-sacacorchos-barstar-3-en-1-gris\/","title":{"rendered":"JOSEPH JOSEPH Sacacorchos BarStar 3 en 1 Gris"},"content":{"rendered":"<p>Este pr\u00e1ctico artilugio cuenta con un sacacorchos, un abrebotellas y un cortapapeles extra\u00edble, todo ello en un dise\u00f1o compacto que ahorra espacio.<\/p>\n<p>Tres herramientas para abrir botellas en una<br \/>\nSacacorchos de f\u00e1cil apertura<br \/>\nCortac\u00e1psulas extra\u00edble<br \/>\nAbridor de botellas<br \/>\nDise\u00f1o compacto<\/p>\n<p>Cuidado y uso:<\/p>\n<p>Limpiar con un pa\u00f1o h\u00famedo<br \/>\nPrecauci\u00f3n: Punta afilada, manipular con cuidado<\/p>\n<p>C\u00f3mo utilizar el sacacorchos<\/p>\n<p>Coloque el sacacorchos en el cuello de la botella, apriete los lados y g\u00edrelo para cortar.<br \/>\nRetire el tornillo, empuje el soporte hacia abajo sobre el cuello de la botella y sujete firmemente los laterales.<br \/>\nVuelva a colocar el tornillo en el soporte, empuje hacia abajo y gire en el sentido de las agujas del reloj para introducir el tap\u00f3n.<br \/>\nPara retirar el tap\u00f3n del soporte, apriete los laterales y gire en sentido contrario a las agujas del reloj.<\/p>\n<p>Dimensiones:<\/p>\n<p>H18,5 x W6 x D5cm (H7\u00bd x L2\u00bd x D2 pulgadas)<\/p>\n","protected":false},"excerpt":{"rendered":"<p>Este pr\u00e1ctico artilugio cuenta con un sacacorchos, un abrebotellas y un cortapapeles extra\u00edble, todo ello en un dise\u00f1o compacto que ahorra espacio. Tres herramientas para abrir botellas en una Sacacorchos de f\u00e1cil apertura Cortac\u00e1psulas extra\u00edble Abridor de botellas Dise\u00f1o compacto Cuidado y uso: Limpiar con un pa\u00f1o h\u00famedo Precauci\u00f3n: Punta afilada, manipular con cuidado C\u00f3mo [&hellip;]<\/p>\n","protected":false},"featured_media":6369007,"template":"","meta":{"_acf_changed":false},"product_cat":[11972,11887,11961],"product_tag":[],"class_list":{"0":"post-1881935","1":"product","2":"type-product","3":"status-publish","4":"has-post-thumbnail","6":"product_cat-sacacorchos","7":"product_cat-tabla","8":"product_cat-vino","10":"first","11":"instock","12":"taxable","13":"shipping-taxable","14":"purchasable","15":"product-type-simple","swatches":"rey-swatches","show_selected":"","stretch_labels":"rey-swatches--stretch-labels"},"acf":[],"yoast_head":"<!-- This site is optimized with the Yoast SEO plugin v25.4 - https:\/\/yoast.com\/wordpress\/plugins\/seo\/ -->\n<title>JOSEPH JOSEPH Sacacorchos BarStar 3 en 1 Gris - dev6 Erresse<\/title>\n<meta name=\"description\" content=\"Este pr\u00e1ctico artilugio cuenta con un sacacorchos, un abrebotellas y un cortapapeles extra\u00edble, todo ello en un dise\u00f1o compacto que ahorra espacio. Tres\" \/>\n<meta name=\"robots\" content=\"noindex, follow, max-snippet:-1, max-image-preview:large, max-video-preview:-1\" \/>\n<meta property=\"og:locale\" content=\"es_ES\" \/>\n<meta property=\"og:type\" content=\"article\" \/>\n<meta property=\"og:title\" content=\"JOSEPH JOSEPH Sacacorchos BarStar 3 en 1 Gris - dev6 Erresse\" \/>\n<meta property=\"og:description\" content=\"Este pr\u00e1ctico artilugio cuenta con un sacacorchos, un abrebotellas y un cortapapeles extra\u00edble, todo ello en un dise\u00f1o compacto que ahorra espacio. Tres\" \/>\n<meta property=\"og:url\" content=\"https:\/\/dev6.erresse-shop.it\/es\/shop\/tabla\/vino\/sacacorchos\/joseph-joseph-sacacorchos-barstar-3-en-1-gris\/\" \/>\n<meta property=\"og:site_name\" content=\"dev6 Erresse\" \/>\n<meta property=\"og:image\" content=\"https:\/\/interpim.erresse-shop.it\/Import\/Prodotti\/joseph-joseph-barstar.jpg\" \/><meta property=\"og:image\" content=\"https:\/\/interpim.erresse-shop.it\/Import\/Prodotti\/joseph-joseph-barstar.jpg\" \/>\n\t<meta property=\"og:image:width\" content=\"1024\" \/>\n\t<meta property=\"og:image:height\" content=\"1024\" \/>\n\t<meta property=\"og:image:type\" content=\"image\/jpeg\" \/>\n<meta name=\"twitter:card\" content=\"summary_large_image\" \/>\n<meta name=\"twitter:image\" content=\"https:\/\/interpim.erresse-shop.it\/Import\/Prodotti\/joseph-joseph-barstar.jpg\" \/>\n<script type=\"application\/ld+json\" class=\"yoast-schema-graph\">{\"@context\":\"https:\/\/schema.org\",\"@graph\":[{\"@type\":\"WebPage\",\"@id\":\"https:\/\/dev6.erresse-shop.it\/es\/shop\/tabla\/vino\/sacacorchos\/joseph-joseph-sacacorchos-barstar-3-en-1-gris\/\",\"url\":\"https:\/\/dev6.erresse-shop.it\/es\/shop\/tabla\/vino\/sacacorchos\/joseph-joseph-sacacorchos-barstar-3-en-1-gris\/\",\"name\":\"JOSEPH JOSEPH Sacacorchos BarStar 3 en 1 Gris - dev6 Erresse\",\"isPartOf\":{\"@id\":\"https:\/\/dev6.erresse-shop.it\/#website\"},\"primaryImageOfPage\":{\"@id\":\"https:\/\/dev6.erresse-shop.it\/es\/shop\/tabla\/vino\/sacacorchos\/joseph-joseph-sacacorchos-barstar-3-en-1-gris\/#primaryimage\"},\"image\":{\"@id\":\"https:\/\/dev6.erresse-shop.it\/es\/shop\/tabla\/vino\/sacacorchos\/joseph-joseph-sacacorchos-barstar-3-en-1-gris\/#primaryimage\"},\"thumbnailUrl\":\"https:\/\/i1.wp.com\/interpim.erresse-shop.it\/Import\/Prodotti\/joseph-joseph-barstar.jpg?ssl=1\",\"datePublished\":\"2026-04-12T09:27:21+00:00\",\"description\":\"Este pr\u00e1ctico artilugio cuenta con un sacacorchos, un abrebotellas y un cortapapeles extra\u00edble, todo ello en un dise\u00f1o compacto que ahorra espacio. Tres\",\"breadcrumb\":{\"@id\":\"https:\/\/dev6.erresse-shop.it\/es\/shop\/tabla\/vino\/sacacorchos\/joseph-joseph-sacacorchos-barstar-3-en-1-gris\/#breadcrumb\"},\"inLanguage\":\"es\",\"potentialAction\":[{\"@type\":\"ReadAction\",\"target\":[\"https:\/\/dev6.erresse-shop.it\/es\/shop\/tabla\/vino\/sacacorchos\/joseph-joseph-sacacorchos-barstar-3-en-1-gris\/\"]}]},{\"@type\":\"ImageObject\",\"inLanguage\":\"es\",\"@id\":\"https:\/\/dev6.erresse-shop.it\/es\/shop\/tabla\/vino\/sacacorchos\/joseph-joseph-sacacorchos-barstar-3-en-1-gris\/#primaryimage\",\"url\":\"https:\/\/i1.wp.com\/interpim.erresse-shop.it\/Import\/Prodotti\/joseph-joseph-barstar.jpg?ssl=1\",\"contentUrl\":\"https:\/\/i1.wp.com\/interpim.erresse-shop.it\/Import\/Prodotti\/joseph-joseph-barstar.jpg?ssl=1\"},{\"@type\":\"BreadcrumbList\",\"@id\":\"https:\/\/dev6.erresse-shop.it\/es\/shop\/tabla\/vino\/sacacorchos\/joseph-joseph-sacacorchos-barstar-3-en-1-gris\/#breadcrumb\",\"itemListElement\":[{\"@type\":\"ListItem\",\"position\":1,\"name\":\"Home\",\"item\":\"https:\/\/dev6.erresse-shop.it\/\"},{\"@type\":\"ListItem\",\"position\":2,\"name\":\"Tienda\",\"item\":\"https:\/\/dev6.erresse-shop.it\/shop\/\"},{\"@type\":\"ListItem\",\"position\":3,\"name\":\"JOSEPH JOSEPH Sacacorchos BarStar 3 en 1 Gris\"}]},{\"@type\":\"WebSite\",\"@id\":\"https:\/\/dev6.erresse-shop.it\/#website\",\"url\":\"https:\/\/dev6.erresse-shop.it\/\",\"name\":\"Erresse Shop\",\"description\":\"\",\"publisher\":{\"@id\":\"https:\/\/dev6.erresse-shop.it\/#organization\"},\"potentialAction\":[{\"@type\":\"SearchAction\",\"target\":{\"@type\":\"EntryPoint\",\"urlTemplate\":\"https:\/\/dev6.erresse-shop.it\/?s={search_term_string}\"},\"query-input\":{\"@type\":\"PropertyValueSpecification\",\"valueRequired\":true,\"valueName\":\"search_term_string\"}}],\"inLanguage\":\"es\"},{\"@type\":\"Organization\",\"@id\":\"https:\/\/dev6.erresse-shop.it\/#organization\",\"name\":\"Erresse Shop\",\"url\":\"https:\/\/dev6.erresse-shop.it\/\",\"logo\":{\"@type\":\"ImageObject\",\"inLanguage\":\"es\",\"@id\":\"https:\/\/dev6.erresse-shop.it\/#\/schema\/logo\/image\/\",\"url\":\"https:\/\/dev6.erresse-shop.it\/wp-content\/uploads\/2025\/01\/LOGO-ERRESSE-CLASSICO.svg\",\"contentUrl\":\"https:\/\/dev6.erresse-shop.it\/wp-content\/uploads\/2025\/01\/LOGO-ERRESSE-CLASSICO.svg\",\"caption\":\"Erresse Shop\"},\"image\":{\"@id\":\"https:\/\/dev6.erresse-shop.it\/#\/schema\/logo\/image\/\"}}]}<\/script>\n<!-- \/ Yoast SEO plugin. -->","yoast_head_json":{"title":"JOSEPH JOSEPH Sacacorchos BarStar 3 en 1 Gris - dev6 Erresse","description":"Este pr\u00e1ctico artilugio cuenta con un sacacorchos, un abrebotellas y un cortapapeles extra\u00edble, todo ello en un dise\u00f1o compacto que ahorra espacio. Tres","robots":{"index":"noindex","follow":"follow","max-snippet":"max-snippet:-1","max-image-preview":"max-image-preview:large","max-video-preview":"max-video-preview:-1"},"og_locale":"es_ES","og_type":"article","og_title":"JOSEPH JOSEPH Sacacorchos BarStar 3 en 1 Gris - dev6 Erresse","og_description":"Este pr\u00e1ctico artilugio cuenta con un sacacorchos, un abrebotellas y un cortapapeles extra\u00edble, todo ello en un dise\u00f1o compacto que ahorra espacio. Tres","og_url":"https:\/\/dev6.erresse-shop.it\/es\/shop\/tabla\/vino\/sacacorchos\/joseph-joseph-sacacorchos-barstar-3-en-1-gris\/","og_site_name":"dev6 Erresse","og_image":[{"url":"https:\/\/interpim.erresse-shop.it\/Import\/Prodotti\/joseph-joseph-barstar.jpg","type":"","width":"","height":""},{"url":"https:\/\/interpim.erresse-shop.it\/Import\/Prodotti\/joseph-joseph-barstar.jpg","width":1024,"height":1024,"type":"image\/jpeg"}],"twitter_card":"summary_large_image","twitter_image":"https:\/\/interpim.erresse-shop.it\/Import\/Prodotti\/joseph-joseph-barstar.jpg","schema":{"@context":"https:\/\/schema.org","@graph":[{"@type":"WebPage","@id":"https:\/\/dev6.erresse-shop.it\/es\/shop\/tabla\/vino\/sacacorchos\/joseph-joseph-sacacorchos-barstar-3-en-1-gris\/","url":"https:\/\/dev6.erresse-shop.it\/es\/shop\/tabla\/vino\/sacacorchos\/joseph-joseph-sacacorchos-barstar-3-en-1-gris\/","name":"JOSEPH JOSEPH Sacacorchos BarStar 3 en 1 Gris - dev6 Erresse","isPartOf":{"@id":"https:\/\/dev6.erresse-shop.it\/#website"},"primaryImageOfPage":{"@id":"https:\/\/dev6.erresse-shop.it\/es\/shop\/tabla\/vino\/sacacorchos\/joseph-joseph-sacacorchos-barstar-3-en-1-gris\/#primaryimage"},"image":{"@id":"https:\/\/dev6.erresse-shop.it\/es\/shop\/tabla\/vino\/sacacorchos\/joseph-joseph-sacacorchos-barstar-3-en-1-gris\/#primaryimage"},"thumbnailUrl":"https:\/\/i1.wp.com\/interpim.erresse-shop.it\/Import\/Prodotti\/joseph-joseph-barstar.jpg?ssl=1","datePublished":"2026-04-12T09:27:21+00:00","description":"Este pr\u00e1ctico artilugio cuenta con un sacacorchos, un abrebotellas y un cortapapeles extra\u00edble, todo ello en un dise\u00f1o compacto que ahorra espacio. Tres","breadcrumb":{"@id":"https:\/\/dev6.erresse-shop.it\/es\/shop\/tabla\/vino\/sacacorchos\/joseph-joseph-sacacorchos-barstar-3-en-1-gris\/#breadcrumb"},"inLanguage":"es","potentialAction":[{"@type":"ReadAction","target":["https:\/\/dev6.erresse-shop.it\/es\/shop\/tabla\/vino\/sacacorchos\/joseph-joseph-sacacorchos-barstar-3-en-1-gris\/"]}]},{"@type":"ImageObject","inLanguage":"es","@id":"https:\/\/dev6.erresse-shop.it\/es\/shop\/tabla\/vino\/sacacorchos\/joseph-joseph-sacacorchos-barstar-3-en-1-gris\/#primaryimage","url":"https:\/\/i1.wp.com\/interpim.erresse-shop.it\/Import\/Prodotti\/joseph-joseph-barstar.jpg?ssl=1","contentUrl":"https:\/\/i1.wp.com\/interpim.erresse-shop.it\/Import\/Prodotti\/joseph-joseph-barstar.jpg?ssl=1"},{"@type":"BreadcrumbList","@id":"https:\/\/dev6.erresse-shop.it\/es\/shop\/tabla\/vino\/sacacorchos\/joseph-joseph-sacacorchos-barstar-3-en-1-gris\/#breadcrumb","itemListElement":[{"@type":"ListItem","position":1,"name":"Home","item":"https:\/\/dev6.erresse-shop.it\/"},{"@type":"ListItem","position":2,"name":"Tienda","item":"https:\/\/dev6.erresse-shop.it\/shop\/"},{"@type":"ListItem","position":3,"name":"JOSEPH JOSEPH Sacacorchos BarStar 3 en 1 Gris"}]},{"@type":"WebSite","@id":"https:\/\/dev6.erresse-shop.it\/#website","url":"https:\/\/dev6.erresse-shop.it\/","name":"Erresse Shop","description":"","publisher":{"@id":"https:\/\/dev6.erresse-shop.it\/#organization"},"potentialAction":[{"@type":"SearchAction","target":{"@type":"EntryPoint","urlTemplate":"https:\/\/dev6.erresse-shop.it\/?s={search_term_string}"},"query-input":{"@type":"PropertyValueSpecification","valueRequired":true,"valueName":"search_term_string"}}],"inLanguage":"es"},{"@type":"Organization","@id":"https:\/\/dev6.erresse-shop.it\/#organization","name":"Erresse Shop","url":"https:\/\/dev6.erresse-shop.it\/","logo":{"@type":"ImageObject","inLanguage":"es","@id":"https:\/\/dev6.erresse-shop.it\/#\/schema\/logo\/image\/","url":"https:\/\/dev6.erresse-shop.it\/wp-content\/uploads\/2025\/01\/LOGO-ERRESSE-CLASSICO.svg","contentUrl":"https:\/\/dev6.erresse-shop.it\/wp-content\/uploads\/2025\/01\/LOGO-ERRESSE-CLASSICO.svg","caption":"Erresse Shop"},"image":{"@id":"https:\/\/dev6.erresse-shop.it\/#\/schema\/logo\/image\/"}}]}},"df_price":14.99,"df_sale_price":"","df_regular_price":14.99,"df_image_link":"https:\/\/i1.wp.com\/interpim.erresse-shop.it\/Import\/Prodotti\/joseph-joseph-barstar.jpg?resize=300,300&ssl=1","fifu_image_url":"https:\/\/interpim.erresse-shop.it\/Import\/Prodotti\/joseph-joseph-barstar.jpg","_links":{"self":[{"href":"https:\/\/dev6.erresse-shop.it\/es\/wp-json\/wp\/v2\/product\/1881935","targetHints":{"allow":["GET"]}}],"collection":[{"href":"https:\/\/dev6.erresse-shop.it\/es\/wp-json\/wp\/v2\/product"}],"about":[{"href":"https:\/\/dev6.erresse-shop.it\/es\/wp-json\/wp\/v2\/types\/product"}],"wp:featuredmedia":[{"embeddable":true,"href":"https:\/\/dev6.erresse-shop.it\/es\/wp-json\/wp\/v2\/media\/6369007"}],"wp:attachment":[{"href":"https:\/\/dev6.erresse-shop.it\/es\/wp-json\/wp\/v2\/media?parent=1881935"}],"wp:term":[{"taxonomy":"product_cat","embeddable":true,"href":"https:\/\/dev6.erresse-shop.it\/es\/wp-json\/wp\/v2\/product_cat?post=1881935"},{"taxonomy":"product_tag","embeddable":true,"href":"https:\/\/dev6.erresse-shop.it\/es\/wp-json\/wp\/v2\/product_tag?post=1881935"}],"curies":[{"name":"wp","href":"https:\/\/api.w.org\/{rel}","templated":true}]}}