{"id":1881931,"date":"2026-04-04T11:24:43","date_gmt":"2026-04-04T09:24:43","guid":{"rendered":"https:\/\/dev6.erresse-shop.it\/shop\/sin%20categor\u00eda\/joseph-joseph-goavocado-herramienta-3-en-1-para-aguacates-verde\/"},"modified":"2025-09-14T09:22:36","modified_gmt":"2025-09-14T07:22:36","slug":"joseph-joseph-goavocado-herramienta-3-en-1-para-aguacates-verde","status":"publish","type":"product","link":"https:\/\/dev6.erresse-shop.it\/es\/shop\/cocina\/herramientas\/joseph-joseph-goavocado-herramienta-3-en-1-para-aguacates-verde\/","title":{"rendered":"JOSEPH JOSEPH GoAvocado\u2122 Herramienta 3 en 1 para aguacates Verde"},"content":{"rendered":"<p>Esta herramienta para aguacates le permite cortar, deshuesar, rebanar y rebanar aguacates de forma segura, todo en un solo y pr\u00e1ctico utensilio.<\/p>\n<p>Cortar, deshuesar y rebanar en una sola herramienta<br \/>\nCabezal vers\u00e1til para cortar y sacar rodajas<br \/>\nPinza de acero inoxidable para extraer el hueso con seguridad<br \/>\nCuchilla de pl\u00e1stico plegable para un almacenamiento seguro<br \/>\nMango ergon\u00f3mico de agarre suave<\/p>\n<p>Cuidado y uso<\/p>\n<p>Apto para lavavajillas<br \/>\nSin BPA<\/p>\n<p>Dimensiones:<\/p>\n<p>H18 x W6.6 x D1.8 cm (H7 x W2\u00be x D\u00be pulgadas)<\/p>\n","protected":false},"excerpt":{"rendered":"<p>Esta herramienta para aguacates le permite cortar, deshuesar, rebanar y rebanar aguacates de forma segura, todo en un solo y pr\u00e1ctico utensilio. Cortar, deshuesar y rebanar en una sola herramienta Cabezal vers\u00e1til para cortar y sacar rodajas Pinza de acero inoxidable para extraer el hueso con seguridad Cuchilla de pl\u00e1stico plegable para un almacenamiento seguro [&hellip;]<\/p>\n","protected":false},"featured_media":6285714,"template":"","meta":{"_acf_changed":false},"product_cat":[11884,11668,11900],"product_tag":[],"class_list":{"0":"post-1881931","1":"product","2":"type-product","3":"status-publish","4":"has-post-thumbnail","6":"product_cat-cocina","7":"product_cat-cucina","8":"product_cat-herramientas","10":"first","11":"instock","12":"taxable","13":"shipping-taxable","14":"purchasable","15":"product-type-simple","swatches":"rey-swatches","show_selected":"","stretch_labels":"rey-swatches--stretch-labels"},"acf":[],"yoast_head":"<!-- This site is optimized with the Yoast SEO plugin v25.4 - https:\/\/yoast.com\/wordpress\/plugins\/seo\/ -->\n<title>JOSEPH JOSEPH GoAvocado\u2122 Herramienta 3 en 1 para aguacates Verde - dev6 Erresse<\/title>\n<meta name=\"description\" content=\"Esta herramienta para aguacates le permite cortar, deshuesar, rebanar y rebanar aguacates de forma segura, todo en un solo y pr\u00e1ctico utensilio. Cortar,\" \/>\n<meta name=\"robots\" content=\"noindex, follow, max-snippet:-1, max-image-preview:large, max-video-preview:-1\" \/>\n<meta property=\"og:locale\" content=\"es_ES\" \/>\n<meta property=\"og:type\" content=\"article\" \/>\n<meta property=\"og:title\" content=\"JOSEPH JOSEPH GoAvocado\u2122 Herramienta 3 en 1 para aguacates Verde - dev6 Erresse\" \/>\n<meta property=\"og:description\" content=\"Esta herramienta para aguacates le permite cortar, deshuesar, rebanar y rebanar aguacates de forma segura, todo en un solo y pr\u00e1ctico utensilio. Cortar,\" \/>\n<meta property=\"og:url\" content=\"https:\/\/dev6.erresse-shop.it\/es\/shop\/cocina\/herramientas\/joseph-joseph-goavocado-herramienta-3-en-1-para-aguacates-verde\/\" \/>\n<meta property=\"og:site_name\" content=\"dev6 Erresse\" \/>\n<meta property=\"og:image\" content=\"https:\/\/interpim.erresse-shop.it\/wp-content\/uploads\/2024\/07\/JOSEPH-JOSEPH-GoAvocado\u2122-Strumento-3-in-1-per-Avocado-Verde.jpg\/joseph-joseph-goavocado-e2-84-a2-strumento-3-in-1-per-avocado-verde.jpg\" \/><meta property=\"og:image\" content=\"https:\/\/interpim.erresse-shop.it\/wp-content\/uploads\/2024\/07\/JOSEPH-JOSEPH-GoAvocado\u2122-Strumento-3-in-1-per-Avocado-Verde.jpg\/joseph-joseph-goavocado-e2-84-a2-strumento-3-in-1-per-avocado-verde.jpg\" \/>\n\t<meta property=\"og:image:width\" content=\"1024\" \/>\n\t<meta property=\"og:image:height\" content=\"1024\" \/>\n\t<meta property=\"og:image:type\" content=\"image\/jpeg\" \/>\n<meta name=\"twitter:card\" content=\"summary_large_image\" \/>\n<meta name=\"twitter:image\" content=\"https:\/\/interpim.erresse-shop.it\/wp-content\/uploads\/2024\/07\/JOSEPH-JOSEPH-GoAvocado\u2122-Strumento-3-in-1-per-Avocado-Verde.jpg\/joseph-joseph-goavocado-e2-84-a2-strumento-3-in-1-per-avocado-verde.jpg\" \/>\n<script type=\"application\/ld+json\" class=\"yoast-schema-graph\">{\"@context\":\"https:\/\/schema.org\",\"@graph\":[{\"@type\":\"WebPage\",\"@id\":\"https:\/\/dev6.erresse-shop.it\/es\/shop\/cocina\/herramientas\/joseph-joseph-goavocado-herramienta-3-en-1-para-aguacates-verde\/\",\"url\":\"https:\/\/dev6.erresse-shop.it\/es\/shop\/cocina\/herramientas\/joseph-joseph-goavocado-herramienta-3-en-1-para-aguacates-verde\/\",\"name\":\"JOSEPH JOSEPH GoAvocado\u2122 Herramienta 3 en 1 para aguacates Verde - dev6 Erresse\",\"isPartOf\":{\"@id\":\"https:\/\/dev6.erresse-shop.it\/#website\"},\"primaryImageOfPage\":{\"@id\":\"https:\/\/dev6.erresse-shop.it\/es\/shop\/cocina\/herramientas\/joseph-joseph-goavocado-herramienta-3-en-1-para-aguacates-verde\/#primaryimage\"},\"image\":{\"@id\":\"https:\/\/dev6.erresse-shop.it\/es\/shop\/cocina\/herramientas\/joseph-joseph-goavocado-herramienta-3-en-1-para-aguacates-verde\/#primaryimage\"},\"thumbnailUrl\":\"https:\/\/i0.wp.com\/interpim.erresse-shop.it\/wp-content\/uploads\/2024\/07\/JOSEPH-JOSEPH-GoAvocado\u2122-Strumento-3-in-1-per-Avocado-Verde.jpg\/joseph-joseph-goavocado-e2-84-a2-strumento-3-in-1-per-avocado-verde.jpg?ssl=1\",\"datePublished\":\"2026-04-04T09:24:43+00:00\",\"description\":\"Esta herramienta para aguacates le permite cortar, deshuesar, rebanar y rebanar aguacates de forma segura, todo en un solo y pr\u00e1ctico utensilio. Cortar,\",\"breadcrumb\":{\"@id\":\"https:\/\/dev6.erresse-shop.it\/es\/shop\/cocina\/herramientas\/joseph-joseph-goavocado-herramienta-3-en-1-para-aguacates-verde\/#breadcrumb\"},\"inLanguage\":\"es\",\"potentialAction\":[{\"@type\":\"ReadAction\",\"target\":[\"https:\/\/dev6.erresse-shop.it\/es\/shop\/cocina\/herramientas\/joseph-joseph-goavocado-herramienta-3-en-1-para-aguacates-verde\/\"]}]},{\"@type\":\"ImageObject\",\"inLanguage\":\"es\",\"@id\":\"https:\/\/dev6.erresse-shop.it\/es\/shop\/cocina\/herramientas\/joseph-joseph-goavocado-herramienta-3-en-1-para-aguacates-verde\/#primaryimage\",\"url\":\"https:\/\/i0.wp.com\/interpim.erresse-shop.it\/wp-content\/uploads\/2024\/07\/JOSEPH-JOSEPH-GoAvocado\u2122-Strumento-3-in-1-per-Avocado-Verde.jpg\/joseph-joseph-goavocado-e2-84-a2-strumento-3-in-1-per-avocado-verde.jpg?ssl=1\",\"contentUrl\":\"https:\/\/i0.wp.com\/interpim.erresse-shop.it\/wp-content\/uploads\/2024\/07\/JOSEPH-JOSEPH-GoAvocado\u2122-Strumento-3-in-1-per-Avocado-Verde.jpg\/joseph-joseph-goavocado-e2-84-a2-strumento-3-in-1-per-avocado-verde.jpg?ssl=1\"},{\"@type\":\"BreadcrumbList\",\"@id\":\"https:\/\/dev6.erresse-shop.it\/es\/shop\/cocina\/herramientas\/joseph-joseph-goavocado-herramienta-3-en-1-para-aguacates-verde\/#breadcrumb\",\"itemListElement\":[{\"@type\":\"ListItem\",\"position\":1,\"name\":\"Home\",\"item\":\"https:\/\/dev6.erresse-shop.it\/\"},{\"@type\":\"ListItem\",\"position\":2,\"name\":\"Tienda\",\"item\":\"https:\/\/dev6.erresse-shop.it\/shop\/\"},{\"@type\":\"ListItem\",\"position\":3,\"name\":\"JOSEPH JOSEPH GoAvocado\u2122 Herramienta 3 en 1 para aguacates Verde\"}]},{\"@type\":\"WebSite\",\"@id\":\"https:\/\/dev6.erresse-shop.it\/#website\",\"url\":\"https:\/\/dev6.erresse-shop.it\/\",\"name\":\"Erresse Shop\",\"description\":\"\",\"publisher\":{\"@id\":\"https:\/\/dev6.erresse-shop.it\/#organization\"},\"potentialAction\":[{\"@type\":\"SearchAction\",\"target\":{\"@type\":\"EntryPoint\",\"urlTemplate\":\"https:\/\/dev6.erresse-shop.it\/?s={search_term_string}\"},\"query-input\":{\"@type\":\"PropertyValueSpecification\",\"valueRequired\":true,\"valueName\":\"search_term_string\"}}],\"inLanguage\":\"es\"},{\"@type\":\"Organization\",\"@id\":\"https:\/\/dev6.erresse-shop.it\/#organization\",\"name\":\"Erresse Shop\",\"url\":\"https:\/\/dev6.erresse-shop.it\/\",\"logo\":{\"@type\":\"ImageObject\",\"inLanguage\":\"es\",\"@id\":\"https:\/\/dev6.erresse-shop.it\/#\/schema\/logo\/image\/\",\"url\":\"https:\/\/dev6.erresse-shop.it\/wp-content\/uploads\/2025\/01\/LOGO-ERRESSE-CLASSICO.svg\",\"contentUrl\":\"https:\/\/dev6.erresse-shop.it\/wp-content\/uploads\/2025\/01\/LOGO-ERRESSE-CLASSICO.svg\",\"caption\":\"Erresse Shop\"},\"image\":{\"@id\":\"https:\/\/dev6.erresse-shop.it\/#\/schema\/logo\/image\/\"}}]}<\/script>\n<!-- \/ Yoast SEO plugin. -->","yoast_head_json":{"title":"JOSEPH JOSEPH GoAvocado\u2122 Herramienta 3 en 1 para aguacates Verde - dev6 Erresse","description":"Esta herramienta para aguacates le permite cortar, deshuesar, rebanar y rebanar aguacates de forma segura, todo en un solo y pr\u00e1ctico utensilio. Cortar,","robots":{"index":"noindex","follow":"follow","max-snippet":"max-snippet:-1","max-image-preview":"max-image-preview:large","max-video-preview":"max-video-preview:-1"},"og_locale":"es_ES","og_type":"article","og_title":"JOSEPH JOSEPH GoAvocado\u2122 Herramienta 3 en 1 para aguacates Verde - dev6 Erresse","og_description":"Esta herramienta para aguacates le permite cortar, deshuesar, rebanar y rebanar aguacates de forma segura, todo en un solo y pr\u00e1ctico utensilio. Cortar,","og_url":"https:\/\/dev6.erresse-shop.it\/es\/shop\/cocina\/herramientas\/joseph-joseph-goavocado-herramienta-3-en-1-para-aguacates-verde\/","og_site_name":"dev6 Erresse","og_image":[{"url":"https:\/\/interpim.erresse-shop.it\/wp-content\/uploads\/2024\/07\/JOSEPH-JOSEPH-GoAvocado\u2122-Strumento-3-in-1-per-Avocado-Verde.jpg\/joseph-joseph-goavocado-e2-84-a2-strumento-3-in-1-per-avocado-verde.jpg","type":"","width":"","height":""},{"url":"https:\/\/interpim.erresse-shop.it\/wp-content\/uploads\/2024\/07\/JOSEPH-JOSEPH-GoAvocado\u2122-Strumento-3-in-1-per-Avocado-Verde.jpg\/joseph-joseph-goavocado-e2-84-a2-strumento-3-in-1-per-avocado-verde.jpg","width":1024,"height":1024,"type":"image\/jpeg"}],"twitter_card":"summary_large_image","twitter_image":"https:\/\/interpim.erresse-shop.it\/wp-content\/uploads\/2024\/07\/JOSEPH-JOSEPH-GoAvocado\u2122-Strumento-3-in-1-per-Avocado-Verde.jpg\/joseph-joseph-goavocado-e2-84-a2-strumento-3-in-1-per-avocado-verde.jpg","schema":{"@context":"https:\/\/schema.org","@graph":[{"@type":"WebPage","@id":"https:\/\/dev6.erresse-shop.it\/es\/shop\/cocina\/herramientas\/joseph-joseph-goavocado-herramienta-3-en-1-para-aguacates-verde\/","url":"https:\/\/dev6.erresse-shop.it\/es\/shop\/cocina\/herramientas\/joseph-joseph-goavocado-herramienta-3-en-1-para-aguacates-verde\/","name":"JOSEPH JOSEPH GoAvocado\u2122 Herramienta 3 en 1 para aguacates Verde - dev6 Erresse","isPartOf":{"@id":"https:\/\/dev6.erresse-shop.it\/#website"},"primaryImageOfPage":{"@id":"https:\/\/dev6.erresse-shop.it\/es\/shop\/cocina\/herramientas\/joseph-joseph-goavocado-herramienta-3-en-1-para-aguacates-verde\/#primaryimage"},"image":{"@id":"https:\/\/dev6.erresse-shop.it\/es\/shop\/cocina\/herramientas\/joseph-joseph-goavocado-herramienta-3-en-1-para-aguacates-verde\/#primaryimage"},"thumbnailUrl":"https:\/\/i0.wp.com\/interpim.erresse-shop.it\/wp-content\/uploads\/2024\/07\/JOSEPH-JOSEPH-GoAvocado\u2122-Strumento-3-in-1-per-Avocado-Verde.jpg\/joseph-joseph-goavocado-e2-84-a2-strumento-3-in-1-per-avocado-verde.jpg?ssl=1","datePublished":"2026-04-04T09:24:43+00:00","description":"Esta herramienta para aguacates le permite cortar, deshuesar, rebanar y rebanar aguacates de forma segura, todo en un solo y pr\u00e1ctico utensilio. Cortar,","breadcrumb":{"@id":"https:\/\/dev6.erresse-shop.it\/es\/shop\/cocina\/herramientas\/joseph-joseph-goavocado-herramienta-3-en-1-para-aguacates-verde\/#breadcrumb"},"inLanguage":"es","potentialAction":[{"@type":"ReadAction","target":["https:\/\/dev6.erresse-shop.it\/es\/shop\/cocina\/herramientas\/joseph-joseph-goavocado-herramienta-3-en-1-para-aguacates-verde\/"]}]},{"@type":"ImageObject","inLanguage":"es","@id":"https:\/\/dev6.erresse-shop.it\/es\/shop\/cocina\/herramientas\/joseph-joseph-goavocado-herramienta-3-en-1-para-aguacates-verde\/#primaryimage","url":"https:\/\/i0.wp.com\/interpim.erresse-shop.it\/wp-content\/uploads\/2024\/07\/JOSEPH-JOSEPH-GoAvocado\u2122-Strumento-3-in-1-per-Avocado-Verde.jpg\/joseph-joseph-goavocado-e2-84-a2-strumento-3-in-1-per-avocado-verde.jpg?ssl=1","contentUrl":"https:\/\/i0.wp.com\/interpim.erresse-shop.it\/wp-content\/uploads\/2024\/07\/JOSEPH-JOSEPH-GoAvocado\u2122-Strumento-3-in-1-per-Avocado-Verde.jpg\/joseph-joseph-goavocado-e2-84-a2-strumento-3-in-1-per-avocado-verde.jpg?ssl=1"},{"@type":"BreadcrumbList","@id":"https:\/\/dev6.erresse-shop.it\/es\/shop\/cocina\/herramientas\/joseph-joseph-goavocado-herramienta-3-en-1-para-aguacates-verde\/#breadcrumb","itemListElement":[{"@type":"ListItem","position":1,"name":"Home","item":"https:\/\/dev6.erresse-shop.it\/"},{"@type":"ListItem","position":2,"name":"Tienda","item":"https:\/\/dev6.erresse-shop.it\/shop\/"},{"@type":"ListItem","position":3,"name":"JOSEPH JOSEPH GoAvocado\u2122 Herramienta 3 en 1 para aguacates Verde"}]},{"@type":"WebSite","@id":"https:\/\/dev6.erresse-shop.it\/#website","url":"https:\/\/dev6.erresse-shop.it\/","name":"Erresse Shop","description":"","publisher":{"@id":"https:\/\/dev6.erresse-shop.it\/#organization"},"potentialAction":[{"@type":"SearchAction","target":{"@type":"EntryPoint","urlTemplate":"https:\/\/dev6.erresse-shop.it\/?s={search_term_string}"},"query-input":{"@type":"PropertyValueSpecification","valueRequired":true,"valueName":"search_term_string"}}],"inLanguage":"es"},{"@type":"Organization","@id":"https:\/\/dev6.erresse-shop.it\/#organization","name":"Erresse Shop","url":"https:\/\/dev6.erresse-shop.it\/","logo":{"@type":"ImageObject","inLanguage":"es","@id":"https:\/\/dev6.erresse-shop.it\/#\/schema\/logo\/image\/","url":"https:\/\/dev6.erresse-shop.it\/wp-content\/uploads\/2025\/01\/LOGO-ERRESSE-CLASSICO.svg","contentUrl":"https:\/\/dev6.erresse-shop.it\/wp-content\/uploads\/2025\/01\/LOGO-ERRESSE-CLASSICO.svg","caption":"Erresse Shop"},"image":{"@id":"https:\/\/dev6.erresse-shop.it\/#\/schema\/logo\/image\/"}}]}},"df_price":9.99,"df_sale_price":"","df_regular_price":9.99,"df_image_link":"https:\/\/i0.wp.com\/interpim.erresse-shop.it\/wp-content\/uploads\/2024\/07\/JOSEPH-JOSEPH-GoAvocado\u2122-Strumento-3-in-1-per-Avocado-Verde.jpg\/joseph-joseph-goavocado-e2-84-a2-strumento-3-in-1-per-avocado-verde.jpg?resize=300,300&ssl=1","fifu_image_url":"https:\/\/interpim.erresse-shop.it\/wp-content\/uploads\/2024\/07\/JOSEPH-JOSEPH-GoAvocado\u2122-Strumento-3-in-1-per-Avocado-Verde.jpg\/joseph-joseph-goavocado-e2-84-a2-strumento-3-in-1-per-avocado-verde.jpg","_links":{"self":[{"href":"https:\/\/dev6.erresse-shop.it\/es\/wp-json\/wp\/v2\/product\/1881931","targetHints":{"allow":["GET"]}}],"collection":[{"href":"https:\/\/dev6.erresse-shop.it\/es\/wp-json\/wp\/v2\/product"}],"about":[{"href":"https:\/\/dev6.erresse-shop.it\/es\/wp-json\/wp\/v2\/types\/product"}],"wp:featuredmedia":[{"embeddable":true,"href":"https:\/\/dev6.erresse-shop.it\/es\/wp-json\/wp\/v2\/media\/6285714"}],"wp:attachment":[{"href":"https:\/\/dev6.erresse-shop.it\/es\/wp-json\/wp\/v2\/media?parent=1881931"}],"wp:term":[{"taxonomy":"product_cat","embeddable":true,"href":"https:\/\/dev6.erresse-shop.it\/es\/wp-json\/wp\/v2\/product_cat?post=1881931"},{"taxonomy":"product_tag","embeddable":true,"href":"https:\/\/dev6.erresse-shop.it\/es\/wp-json\/wp\/v2\/product_tag?post=1881931"}],"curies":[{"name":"wp","href":"https:\/\/api.w.org\/{rel}","templated":true}]}}