{"id":1881911,"date":"2026-04-12T11:27:21","date_gmt":"2026-04-12T09:27:21","guid":{"rendered":"https:\/\/dev6.erresse-shop.it\/shop\/sin%20categor\u00eda\/borbone-100-capsulas-respresso-verde-descafeinado\/"},"modified":"2025-07-04T23:55:58","modified_gmt":"2025-07-04T21:55:58","slug":"borbone-100-capsulas-respresso-verde-descafeinado","status":"publish","type":"product","link":"https:\/\/dev6.erresse-shop.it\/es\/shop\/cafe-es\/cafe-en-capsulas\/borbone-100-capsulas-respresso-verde-descafeinado\/","title":{"rendered":"BORBONE 100 c\u00e1psulas REspresso Verde Descafeinado"},"content":{"rendered":"<p>100 c\u00e1psulas Caff\u00e8 Borbone Respresso green blend DEK, compatibles con las m\u00e1quinas dom\u00e9sticas Nespresso.<\/p>\n<p>Las c\u00e1psulas Respresso green blend Dek compatibles son la mejor elecci\u00f3n para los amantes del sabor y la cremosidad del espresso, pero no de la cafe\u00edna.<br \/>\nGracias a la tecnolog\u00eda de Caff\u00e8 Borbone, por fin podr\u00e1 disfrutar del sabor del caf\u00e9 napolitano m\u00e1s aut\u00e9ntico, incluso en su versi\u00f3n Dek.<\/p>\n<p>Detalles del producto<\/p>\n<p>Caf\u00e9 tostado y molido<br \/>\nEnvasado en atm\u00f3sfera protectora<\/p>\n<p>\u00a0<\/p>\n<p>*Nespresso\u00ae y *Nescaf\u00e9\u00ae *Dolce Gusto\u00ae son marcas registradas de Societ\u00e8 des Produits Nestl\u00e8\u00ae S.A. Caff\u00e8 Borbone Srl es un fabricante independiente no relacionado con Societ\u00e8 des Produits Nestl\u00e8\u00ae S.A. La compatibilidad de las c\u00e1psulas Caff\u00e8 Borbone es para su uso con las cafeteras dom\u00e9sticas Nespresso\u00ae \u2013 Nescaf\u00e9\u00ae Dolce Gusto\u00ae.<\/p>\n","protected":false},"excerpt":{"rendered":"<p>100 c\u00e1psulas Caff\u00e8 Borbone Respresso green blend DEK, compatibles con las m\u00e1quinas dom\u00e9sticas Nespresso. Las c\u00e1psulas Respresso green blend Dek compatibles son la mejor elecci\u00f3n para los amantes del sabor y la cremosidad del espresso, pero no de la cafe\u00edna. Gracias a la tecnolog\u00eda de Caff\u00e8 Borbone, por fin podr\u00e1 disfrutar del sabor del caf\u00e9 [&hellip;]<\/p>\n","protected":false},"featured_media":6368906,"template":"","meta":{"_acf_changed":false},"product_cat":[11930,11931],"product_tag":[],"class_list":{"0":"post-1881911","1":"product","2":"type-product","3":"status-publish","4":"has-post-thumbnail","6":"product_cat-cafe-es","7":"product_cat-cafe-en-capsulas","9":"first","10":"instock","11":"taxable","12":"shipping-taxable","13":"product-type-simple","swatches":"rey-swatches","show_selected":"","stretch_labels":"rey-swatches--stretch-labels"},"acf":[],"yoast_head":"<!-- This site is optimized with the Yoast SEO plugin v25.4 - https:\/\/yoast.com\/wordpress\/plugins\/seo\/ -->\n<title>BORBONE 100 c\u00e1psulas REspresso Verde Descafeinado - dev6 Erresse<\/title>\n<meta name=\"description\" content=\"100 c\u00e1psulas Caff\u00e8 Borbone Respresso green blend DEK, compatibles con las m\u00e1quinas dom\u00e9sticas Nespresso. Las c\u00e1psulas Respresso green blend Dek\" \/>\n<meta name=\"robots\" content=\"noindex, follow, max-snippet:-1, max-image-preview:large, max-video-preview:-1\" \/>\n<meta property=\"og:locale\" content=\"es_ES\" \/>\n<meta property=\"og:type\" content=\"article\" \/>\n<meta property=\"og:title\" content=\"BORBONE 100 c\u00e1psulas REspresso Verde Descafeinado - dev6 Erresse\" \/>\n<meta property=\"og:description\" content=\"100 c\u00e1psulas Caff\u00e8 Borbone Respresso green blend DEK, compatibles con las m\u00e1quinas dom\u00e9sticas Nespresso. Las c\u00e1psulas Respresso green blend Dek\" \/>\n<meta property=\"og:url\" content=\"https:\/\/dev6.erresse-shop.it\/es\/shop\/cafe-es\/cafe-en-capsulas\/borbone-100-capsulas-respresso-verde-descafeinado\/\" \/>\n<meta property=\"og:site_name\" content=\"dev6 Erresse\" \/>\n<meta property=\"og:image\" content=\"https:\/\/interpim.erresse-shop.it\/Import\/Prodotti\/borbone-100-capsule-respresso-verde-decaffeinato.jpg\" \/><meta property=\"og:image\" content=\"https:\/\/interpim.erresse-shop.it\/Import\/Prodotti\/borbone-100-capsule-respresso-verde-decaffeinato.jpg\" \/>\n\t<meta property=\"og:image:width\" content=\"1024\" \/>\n\t<meta property=\"og:image:height\" content=\"1024\" \/>\n\t<meta property=\"og:image:type\" content=\"image\/jpeg\" \/>\n<meta name=\"twitter:card\" content=\"summary_large_image\" \/>\n<meta name=\"twitter:image\" content=\"https:\/\/interpim.erresse-shop.it\/Import\/Prodotti\/borbone-100-capsule-respresso-verde-decaffeinato.jpg\" \/>\n<script type=\"application\/ld+json\" class=\"yoast-schema-graph\">{\"@context\":\"https:\/\/schema.org\",\"@graph\":[{\"@type\":\"WebPage\",\"@id\":\"https:\/\/dev6.erresse-shop.it\/es\/shop\/cafe-es\/cafe-en-capsulas\/borbone-100-capsulas-respresso-verde-descafeinado\/\",\"url\":\"https:\/\/dev6.erresse-shop.it\/es\/shop\/cafe-es\/cafe-en-capsulas\/borbone-100-capsulas-respresso-verde-descafeinado\/\",\"name\":\"BORBONE 100 c\u00e1psulas REspresso Verde Descafeinado - dev6 Erresse\",\"isPartOf\":{\"@id\":\"https:\/\/dev6.erresse-shop.it\/#website\"},\"primaryImageOfPage\":{\"@id\":\"https:\/\/dev6.erresse-shop.it\/es\/shop\/cafe-es\/cafe-en-capsulas\/borbone-100-capsulas-respresso-verde-descafeinado\/#primaryimage\"},\"image\":{\"@id\":\"https:\/\/dev6.erresse-shop.it\/es\/shop\/cafe-es\/cafe-en-capsulas\/borbone-100-capsulas-respresso-verde-descafeinado\/#primaryimage\"},\"thumbnailUrl\":\"https:\/\/i1.wp.com\/interpim.erresse-shop.it\/Import\/Prodotti\/borbone-100-capsule-respresso-verde-decaffeinato.jpg?ssl=1\",\"datePublished\":\"2026-04-12T09:27:21+00:00\",\"description\":\"100 c\u00e1psulas Caff\u00e8 Borbone Respresso green blend DEK, compatibles con las m\u00e1quinas dom\u00e9sticas Nespresso. Las c\u00e1psulas Respresso green blend Dek\",\"breadcrumb\":{\"@id\":\"https:\/\/dev6.erresse-shop.it\/es\/shop\/cafe-es\/cafe-en-capsulas\/borbone-100-capsulas-respresso-verde-descafeinado\/#breadcrumb\"},\"inLanguage\":\"es\",\"potentialAction\":[{\"@type\":\"ReadAction\",\"target\":[\"https:\/\/dev6.erresse-shop.it\/es\/shop\/cafe-es\/cafe-en-capsulas\/borbone-100-capsulas-respresso-verde-descafeinado\/\"]}]},{\"@type\":\"ImageObject\",\"inLanguage\":\"es\",\"@id\":\"https:\/\/dev6.erresse-shop.it\/es\/shop\/cafe-es\/cafe-en-capsulas\/borbone-100-capsulas-respresso-verde-descafeinado\/#primaryimage\",\"url\":\"https:\/\/i1.wp.com\/interpim.erresse-shop.it\/Import\/Prodotti\/borbone-100-capsule-respresso-verde-decaffeinato.jpg?ssl=1\",\"contentUrl\":\"https:\/\/i1.wp.com\/interpim.erresse-shop.it\/Import\/Prodotti\/borbone-100-capsule-respresso-verde-decaffeinato.jpg?ssl=1\"},{\"@type\":\"BreadcrumbList\",\"@id\":\"https:\/\/dev6.erresse-shop.it\/es\/shop\/cafe-es\/cafe-en-capsulas\/borbone-100-capsulas-respresso-verde-descafeinado\/#breadcrumb\",\"itemListElement\":[{\"@type\":\"ListItem\",\"position\":1,\"name\":\"Home\",\"item\":\"https:\/\/dev6.erresse-shop.it\/\"},{\"@type\":\"ListItem\",\"position\":2,\"name\":\"Tienda\",\"item\":\"https:\/\/dev6.erresse-shop.it\/shop\/\"},{\"@type\":\"ListItem\",\"position\":3,\"name\":\"BORBONE 100 c\u00e1psulas REspresso Verde Descafeinado\"}]},{\"@type\":\"WebSite\",\"@id\":\"https:\/\/dev6.erresse-shop.it\/#website\",\"url\":\"https:\/\/dev6.erresse-shop.it\/\",\"name\":\"Erresse Shop\",\"description\":\"\",\"publisher\":{\"@id\":\"https:\/\/dev6.erresse-shop.it\/#organization\"},\"potentialAction\":[{\"@type\":\"SearchAction\",\"target\":{\"@type\":\"EntryPoint\",\"urlTemplate\":\"https:\/\/dev6.erresse-shop.it\/?s={search_term_string}\"},\"query-input\":{\"@type\":\"PropertyValueSpecification\",\"valueRequired\":true,\"valueName\":\"search_term_string\"}}],\"inLanguage\":\"es\"},{\"@type\":\"Organization\",\"@id\":\"https:\/\/dev6.erresse-shop.it\/#organization\",\"name\":\"Erresse Shop\",\"url\":\"https:\/\/dev6.erresse-shop.it\/\",\"logo\":{\"@type\":\"ImageObject\",\"inLanguage\":\"es\",\"@id\":\"https:\/\/dev6.erresse-shop.it\/#\/schema\/logo\/image\/\",\"url\":\"https:\/\/dev6.erresse-shop.it\/wp-content\/uploads\/2025\/01\/LOGO-ERRESSE-CLASSICO.svg\",\"contentUrl\":\"https:\/\/dev6.erresse-shop.it\/wp-content\/uploads\/2025\/01\/LOGO-ERRESSE-CLASSICO.svg\",\"caption\":\"Erresse Shop\"},\"image\":{\"@id\":\"https:\/\/dev6.erresse-shop.it\/#\/schema\/logo\/image\/\"}}]}<\/script>\n<!-- \/ Yoast SEO plugin. -->","yoast_head_json":{"title":"BORBONE 100 c\u00e1psulas REspresso Verde Descafeinado - dev6 Erresse","description":"100 c\u00e1psulas Caff\u00e8 Borbone Respresso green blend DEK, compatibles con las m\u00e1quinas dom\u00e9sticas Nespresso. Las c\u00e1psulas Respresso green blend Dek","robots":{"index":"noindex","follow":"follow","max-snippet":"max-snippet:-1","max-image-preview":"max-image-preview:large","max-video-preview":"max-video-preview:-1"},"og_locale":"es_ES","og_type":"article","og_title":"BORBONE 100 c\u00e1psulas REspresso Verde Descafeinado - dev6 Erresse","og_description":"100 c\u00e1psulas Caff\u00e8 Borbone Respresso green blend DEK, compatibles con las m\u00e1quinas dom\u00e9sticas Nespresso. Las c\u00e1psulas Respresso green blend Dek","og_url":"https:\/\/dev6.erresse-shop.it\/es\/shop\/cafe-es\/cafe-en-capsulas\/borbone-100-capsulas-respresso-verde-descafeinado\/","og_site_name":"dev6 Erresse","og_image":[{"url":"https:\/\/interpim.erresse-shop.it\/Import\/Prodotti\/borbone-100-capsule-respresso-verde-decaffeinato.jpg","type":"","width":"","height":""},{"url":"https:\/\/interpim.erresse-shop.it\/Import\/Prodotti\/borbone-100-capsule-respresso-verde-decaffeinato.jpg","width":1024,"height":1024,"type":"image\/jpeg"}],"twitter_card":"summary_large_image","twitter_image":"https:\/\/interpim.erresse-shop.it\/Import\/Prodotti\/borbone-100-capsule-respresso-verde-decaffeinato.jpg","schema":{"@context":"https:\/\/schema.org","@graph":[{"@type":"WebPage","@id":"https:\/\/dev6.erresse-shop.it\/es\/shop\/cafe-es\/cafe-en-capsulas\/borbone-100-capsulas-respresso-verde-descafeinado\/","url":"https:\/\/dev6.erresse-shop.it\/es\/shop\/cafe-es\/cafe-en-capsulas\/borbone-100-capsulas-respresso-verde-descafeinado\/","name":"BORBONE 100 c\u00e1psulas REspresso Verde Descafeinado - dev6 Erresse","isPartOf":{"@id":"https:\/\/dev6.erresse-shop.it\/#website"},"primaryImageOfPage":{"@id":"https:\/\/dev6.erresse-shop.it\/es\/shop\/cafe-es\/cafe-en-capsulas\/borbone-100-capsulas-respresso-verde-descafeinado\/#primaryimage"},"image":{"@id":"https:\/\/dev6.erresse-shop.it\/es\/shop\/cafe-es\/cafe-en-capsulas\/borbone-100-capsulas-respresso-verde-descafeinado\/#primaryimage"},"thumbnailUrl":"https:\/\/i1.wp.com\/interpim.erresse-shop.it\/Import\/Prodotti\/borbone-100-capsule-respresso-verde-decaffeinato.jpg?ssl=1","datePublished":"2026-04-12T09:27:21+00:00","description":"100 c\u00e1psulas Caff\u00e8 Borbone Respresso green blend DEK, compatibles con las m\u00e1quinas dom\u00e9sticas Nespresso. Las c\u00e1psulas Respresso green blend Dek","breadcrumb":{"@id":"https:\/\/dev6.erresse-shop.it\/es\/shop\/cafe-es\/cafe-en-capsulas\/borbone-100-capsulas-respresso-verde-descafeinado\/#breadcrumb"},"inLanguage":"es","potentialAction":[{"@type":"ReadAction","target":["https:\/\/dev6.erresse-shop.it\/es\/shop\/cafe-es\/cafe-en-capsulas\/borbone-100-capsulas-respresso-verde-descafeinado\/"]}]},{"@type":"ImageObject","inLanguage":"es","@id":"https:\/\/dev6.erresse-shop.it\/es\/shop\/cafe-es\/cafe-en-capsulas\/borbone-100-capsulas-respresso-verde-descafeinado\/#primaryimage","url":"https:\/\/i1.wp.com\/interpim.erresse-shop.it\/Import\/Prodotti\/borbone-100-capsule-respresso-verde-decaffeinato.jpg?ssl=1","contentUrl":"https:\/\/i1.wp.com\/interpim.erresse-shop.it\/Import\/Prodotti\/borbone-100-capsule-respresso-verde-decaffeinato.jpg?ssl=1"},{"@type":"BreadcrumbList","@id":"https:\/\/dev6.erresse-shop.it\/es\/shop\/cafe-es\/cafe-en-capsulas\/borbone-100-capsulas-respresso-verde-descafeinado\/#breadcrumb","itemListElement":[{"@type":"ListItem","position":1,"name":"Home","item":"https:\/\/dev6.erresse-shop.it\/"},{"@type":"ListItem","position":2,"name":"Tienda","item":"https:\/\/dev6.erresse-shop.it\/shop\/"},{"@type":"ListItem","position":3,"name":"BORBONE 100 c\u00e1psulas REspresso Verde Descafeinado"}]},{"@type":"WebSite","@id":"https:\/\/dev6.erresse-shop.it\/#website","url":"https:\/\/dev6.erresse-shop.it\/","name":"Erresse Shop","description":"","publisher":{"@id":"https:\/\/dev6.erresse-shop.it\/#organization"},"potentialAction":[{"@type":"SearchAction","target":{"@type":"EntryPoint","urlTemplate":"https:\/\/dev6.erresse-shop.it\/?s={search_term_string}"},"query-input":{"@type":"PropertyValueSpecification","valueRequired":true,"valueName":"search_term_string"}}],"inLanguage":"es"},{"@type":"Organization","@id":"https:\/\/dev6.erresse-shop.it\/#organization","name":"Erresse Shop","url":"https:\/\/dev6.erresse-shop.it\/","logo":{"@type":"ImageObject","inLanguage":"es","@id":"https:\/\/dev6.erresse-shop.it\/#\/schema\/logo\/image\/","url":"https:\/\/dev6.erresse-shop.it\/wp-content\/uploads\/2025\/01\/LOGO-ERRESSE-CLASSICO.svg","contentUrl":"https:\/\/dev6.erresse-shop.it\/wp-content\/uploads\/2025\/01\/LOGO-ERRESSE-CLASSICO.svg","caption":"Erresse Shop"},"image":{"@id":"https:\/\/dev6.erresse-shop.it\/#\/schema\/logo\/image\/"}}]}},"df_price":"","df_sale_price":"","df_regular_price":"","df_image_link":"https:\/\/i1.wp.com\/interpim.erresse-shop.it\/Import\/Prodotti\/borbone-100-capsule-respresso-verde-decaffeinato.jpg?resize=300,300&ssl=1","fifu_image_url":"https:\/\/interpim.erresse-shop.it\/Import\/Prodotti\/borbone-100-capsule-respresso-verde-decaffeinato.jpg","_links":{"self":[{"href":"https:\/\/dev6.erresse-shop.it\/es\/wp-json\/wp\/v2\/product\/1881911","targetHints":{"allow":["GET"]}}],"collection":[{"href":"https:\/\/dev6.erresse-shop.it\/es\/wp-json\/wp\/v2\/product"}],"about":[{"href":"https:\/\/dev6.erresse-shop.it\/es\/wp-json\/wp\/v2\/types\/product"}],"wp:featuredmedia":[{"embeddable":true,"href":"https:\/\/dev6.erresse-shop.it\/es\/wp-json\/wp\/v2\/media\/6368906"}],"wp:attachment":[{"href":"https:\/\/dev6.erresse-shop.it\/es\/wp-json\/wp\/v2\/media?parent=1881911"}],"wp:term":[{"taxonomy":"product_cat","embeddable":true,"href":"https:\/\/dev6.erresse-shop.it\/es\/wp-json\/wp\/v2\/product_cat?post=1881911"},{"taxonomy":"product_tag","embeddable":true,"href":"https:\/\/dev6.erresse-shop.it\/es\/wp-json\/wp\/v2\/product_tag?post=1881911"}],"curies":[{"name":"wp","href":"https:\/\/api.w.org\/{rel}","templated":true}]}}