{"id":1881909,"date":"2026-04-12T11:27:21","date_gmt":"2026-04-12T09:27:21","guid":{"rendered":"https:\/\/dev6.erresse-shop.it\/shop\/sin%20categor\u00eda\/lavazza-80-capsulas-qualita-rossa-compatible-nespresso\/"},"modified":"2025-07-04T23:55:55","modified_gmt":"2025-07-04T21:55:55","slug":"lavazza-80-capsulas-qualita-rossa-compatible-nespresso","status":"publish","type":"product","link":"https:\/\/dev6.erresse-shop.it\/es\/shop\/cafe-es\/cafe-en-capsulas\/lavazza-80-capsulas-qualita-rossa-compatible-nespresso\/","title":{"rendered":"LAVAZZA 80 c\u00e1psulas Qualit\u00e0 Rossa compatible Nespresso"},"content":{"rendered":"<p>Imag\u00ednate degustar un caf\u00e9 en c\u00e1psula que engloba todo el estilo de vida italiano. Su aroma intenso y envolvente te atrapa desde el primer momento, llev\u00e1ndote a un viaje sensorial para descubrir los sabores m\u00e1s aut\u00e9nticos de Italia.<\/p>\n<p>Mientras disfruta de su caf\u00e9, puede sentir el equilibrio perfecto entre los frutos secos y el delicado chocolate, mezcl\u00e1ndose en una sinfon\u00eda de sabores. Te puedes imaginar estar en Venecia, caminando por los rom\u00e1nticos canales y admirando la impresionante arquitectura de la ciudad, o en un peque\u00f1o pueblo inmerso en la campi\u00f1a toscana, rodeado de verdes colinas y campos de girasoles.<\/p>\n<p>En ambos casos, su caf\u00e9 le brindar\u00e1 un momento de placer y relajaci\u00f3n, acompa\u00f1\u00e1ndolo en el descubrimiento de nuevas experiencias y tradiciones italianas. Es el sabor de Italia encerrado en una sola c\u00e1psula, lista para disfrutar dondequiera que est\u00e9s y en cualquier momento del d\u00eda.<\/p>\n<p>Adem\u00e1s, las c\u00e1psulas est\u00e1n fabricadas en aluminio de alta calidad, lo que garantiza la m\u00e1xima conservaci\u00f3n del sabor y aroma del caf\u00e9 italiano. Gracias a su forma ergon\u00f3mica y f\u00e1cil apertura, podr\u00e1s disfrutar de tu caf\u00e9 de forma f\u00e1cil y c\u00f3moda, est\u00e9s donde est\u00e9s.<\/p>\n<p>Imag\u00ednate abrir una de estas c\u00e1psulas y quedar inmediatamente envuelto por el intenso e inconfundible aroma del caf\u00e9 reci\u00e9n hecho. Podr\u00e1s disfrutarlo solo o en compa\u00f1\u00eda, como un verdadero italiano, y descubrir todos los matices de sabor que esta fina mezcla tiene para ofrecerte.<\/p>\n<p>El caf\u00e9 en c\u00e1psulas de aluminio es la elecci\u00f3n perfecta para quienes aman la calidad y el aut\u00e9ntico sabor del caf\u00e9 italiano, para disfrutarlo en cualquier momento del d\u00eda. No importa si est\u00e1s en casa o en la oficina, de vacaciones o de viaje, tu caf\u00e9 italiano est\u00e1 siempre a mano, listo para brindarte un momento de placer y relajaci\u00f3n.<\/p>\n<p>Detalles de producto:<\/p>\n<p>Espresso equilibrado y con mucho cuerpo, con regusto a frutos secos.<br \/>\nVista Crema Dorada<br \/>\naroma equilibrado<br \/>\nSabor Pleno y con mucho cuerpo<br \/>\nNotas arom\u00e1ticas Chocolate, frutos secos<br \/>\nComposici\u00f3n de Ar\u00e1bica y Robusta.<br \/>\nOrigen Centro-Suram\u00e9rica, \u00c1frica y Sudeste Asi\u00e1tico<br \/>\nAsado medio<\/p>\n<p>\u00a0<\/p>\n<p>Lavazza no est\u00e1 afiliada, promocionada ni patrocinada por Nespresso.<br \/>\nNescaf\u00e8\u00ae, Dolce Gusto\u00ae y Melody I son marcas comerciales de terceros sin relaci\u00f3n alguna con Luigi Lavazza S.p.A.<\/p>\n","protected":false},"excerpt":{"rendered":"<p>Imag\u00ednate degustar un caf\u00e9 en c\u00e1psula que engloba todo el estilo de vida italiano. Su aroma intenso y envolvente te atrapa desde el primer momento, llev\u00e1ndote a un viaje sensorial para descubrir los sabores m\u00e1s aut\u00e9nticos de Italia. Mientras disfruta de su caf\u00e9, puede sentir el equilibrio perfecto entre los frutos secos y el delicado [&hellip;]<\/p>\n","protected":false},"featured_media":6368904,"template":"","meta":{"_acf_changed":false},"product_cat":[11930,11931],"product_tag":[],"class_list":{"0":"post-1881909","1":"product","2":"type-product","3":"status-publish","4":"has-post-thumbnail","6":"product_cat-cafe-es","7":"product_cat-cafe-en-capsulas","9":"first","10":"instock","11":"taxable","12":"shipping-taxable","13":"product-type-simple","swatches":"rey-swatches","show_selected":"","stretch_labels":"rey-swatches--stretch-labels"},"acf":[],"yoast_head":"<!-- This site is optimized with the Yoast SEO plugin v25.4 - https:\/\/yoast.com\/wordpress\/plugins\/seo\/ -->\n<title>LAVAZZA 80 c\u00e1psulas Qualit\u00e0 Rossa compatible Nespresso - dev6 Erresse<\/title>\n<meta name=\"description\" content=\"Imag\u00ednate degustar un caf\u00e9 en c\u00e1psula que engloba todo el estilo de vida italiano. Su aroma intenso y envolvente te atrapa desde el primer momento,\" \/>\n<meta name=\"robots\" content=\"noindex, follow, max-snippet:-1, max-image-preview:large, max-video-preview:-1\" \/>\n<meta property=\"og:locale\" content=\"es_ES\" \/>\n<meta property=\"og:type\" content=\"article\" \/>\n<meta property=\"og:title\" content=\"LAVAZZA 80 c\u00e1psulas Qualit\u00e0 Rossa compatible Nespresso - dev6 Erresse\" \/>\n<meta property=\"og:description\" content=\"Imag\u00ednate degustar un caf\u00e9 en c\u00e1psula que engloba todo el estilo de vida italiano. Su aroma intenso y envolvente te atrapa desde el primer momento,\" \/>\n<meta property=\"og:url\" content=\"https:\/\/dev6.erresse-shop.it\/es\/shop\/cafe-es\/cafe-en-capsulas\/lavazza-80-capsulas-qualita-rossa-compatible-nespresso\/\" \/>\n<meta property=\"og:site_name\" content=\"dev6 Erresse\" \/>\n<meta property=\"og:image\" content=\"https:\/\/interpim.erresse-shop.it\/wp-content\/uploads\/2024\/07\/LAVAZZA-80-capsule-Qualita-Rossa-compatibile-Nespresso.jpg\/lavazza-80-capsule-qualita-rossa-compatibile-nespresso.jpg\" \/><meta property=\"og:image\" content=\"https:\/\/interpim.erresse-shop.it\/wp-content\/uploads\/2024\/07\/LAVAZZA-80-capsule-Qualita-Rossa-compatibile-Nespresso.jpg\/lavazza-80-capsule-qualita-rossa-compatibile-nespresso.jpg\" \/>\n\t<meta property=\"og:image:width\" content=\"1024\" \/>\n\t<meta property=\"og:image:height\" content=\"1024\" \/>\n\t<meta property=\"og:image:type\" content=\"image\/jpeg\" \/>\n<meta name=\"twitter:card\" content=\"summary_large_image\" \/>\n<meta name=\"twitter:image\" content=\"https:\/\/interpim.erresse-shop.it\/wp-content\/uploads\/2024\/07\/LAVAZZA-80-capsule-Qualita-Rossa-compatibile-Nespresso.jpg\/lavazza-80-capsule-qualita-rossa-compatibile-nespresso.jpg\" \/>\n<script type=\"application\/ld+json\" class=\"yoast-schema-graph\">{\"@context\":\"https:\/\/schema.org\",\"@graph\":[{\"@type\":\"WebPage\",\"@id\":\"https:\/\/dev6.erresse-shop.it\/es\/shop\/cafe-es\/cafe-en-capsulas\/lavazza-80-capsulas-qualita-rossa-compatible-nespresso\/\",\"url\":\"https:\/\/dev6.erresse-shop.it\/es\/shop\/cafe-es\/cafe-en-capsulas\/lavazza-80-capsulas-qualita-rossa-compatible-nespresso\/\",\"name\":\"LAVAZZA 80 c\u00e1psulas Qualit\u00e0 Rossa compatible Nespresso - dev6 Erresse\",\"isPartOf\":{\"@id\":\"https:\/\/dev6.erresse-shop.it\/#website\"},\"primaryImageOfPage\":{\"@id\":\"https:\/\/dev6.erresse-shop.it\/es\/shop\/cafe-es\/cafe-en-capsulas\/lavazza-80-capsulas-qualita-rossa-compatible-nespresso\/#primaryimage\"},\"image\":{\"@id\":\"https:\/\/dev6.erresse-shop.it\/es\/shop\/cafe-es\/cafe-en-capsulas\/lavazza-80-capsulas-qualita-rossa-compatible-nespresso\/#primaryimage\"},\"thumbnailUrl\":\"https:\/\/i3.wp.com\/interpim.erresse-shop.it\/wp-content\/uploads\/2024\/07\/LAVAZZA-80-capsule-Qualita-Rossa-compatibile-Nespresso.jpg\/lavazza-80-capsule-qualita-rossa-compatibile-nespresso.jpg?ssl=1\",\"datePublished\":\"2026-04-12T09:27:21+00:00\",\"description\":\"Imag\u00ednate degustar un caf\u00e9 en c\u00e1psula que engloba todo el estilo de vida italiano. Su aroma intenso y envolvente te atrapa desde el primer momento,\",\"breadcrumb\":{\"@id\":\"https:\/\/dev6.erresse-shop.it\/es\/shop\/cafe-es\/cafe-en-capsulas\/lavazza-80-capsulas-qualita-rossa-compatible-nespresso\/#breadcrumb\"},\"inLanguage\":\"es\",\"potentialAction\":[{\"@type\":\"ReadAction\",\"target\":[\"https:\/\/dev6.erresse-shop.it\/es\/shop\/cafe-es\/cafe-en-capsulas\/lavazza-80-capsulas-qualita-rossa-compatible-nespresso\/\"]}]},{\"@type\":\"ImageObject\",\"inLanguage\":\"es\",\"@id\":\"https:\/\/dev6.erresse-shop.it\/es\/shop\/cafe-es\/cafe-en-capsulas\/lavazza-80-capsulas-qualita-rossa-compatible-nespresso\/#primaryimage\",\"url\":\"https:\/\/i3.wp.com\/interpim.erresse-shop.it\/wp-content\/uploads\/2024\/07\/LAVAZZA-80-capsule-Qualita-Rossa-compatibile-Nespresso.jpg\/lavazza-80-capsule-qualita-rossa-compatibile-nespresso.jpg?ssl=1\",\"contentUrl\":\"https:\/\/i3.wp.com\/interpim.erresse-shop.it\/wp-content\/uploads\/2024\/07\/LAVAZZA-80-capsule-Qualita-Rossa-compatibile-Nespresso.jpg\/lavazza-80-capsule-qualita-rossa-compatibile-nespresso.jpg?ssl=1\"},{\"@type\":\"BreadcrumbList\",\"@id\":\"https:\/\/dev6.erresse-shop.it\/es\/shop\/cafe-es\/cafe-en-capsulas\/lavazza-80-capsulas-qualita-rossa-compatible-nespresso\/#breadcrumb\",\"itemListElement\":[{\"@type\":\"ListItem\",\"position\":1,\"name\":\"Home\",\"item\":\"https:\/\/dev6.erresse-shop.it\/\"},{\"@type\":\"ListItem\",\"position\":2,\"name\":\"Tienda\",\"item\":\"https:\/\/dev6.erresse-shop.it\/shop\/\"},{\"@type\":\"ListItem\",\"position\":3,\"name\":\"LAVAZZA 80 c\u00e1psulas Qualit\u00e0 Rossa compatible Nespresso\"}]},{\"@type\":\"WebSite\",\"@id\":\"https:\/\/dev6.erresse-shop.it\/#website\",\"url\":\"https:\/\/dev6.erresse-shop.it\/\",\"name\":\"Erresse Shop\",\"description\":\"\",\"publisher\":{\"@id\":\"https:\/\/dev6.erresse-shop.it\/#organization\"},\"potentialAction\":[{\"@type\":\"SearchAction\",\"target\":{\"@type\":\"EntryPoint\",\"urlTemplate\":\"https:\/\/dev6.erresse-shop.it\/?s={search_term_string}\"},\"query-input\":{\"@type\":\"PropertyValueSpecification\",\"valueRequired\":true,\"valueName\":\"search_term_string\"}}],\"inLanguage\":\"es\"},{\"@type\":\"Organization\",\"@id\":\"https:\/\/dev6.erresse-shop.it\/#organization\",\"name\":\"Erresse Shop\",\"url\":\"https:\/\/dev6.erresse-shop.it\/\",\"logo\":{\"@type\":\"ImageObject\",\"inLanguage\":\"es\",\"@id\":\"https:\/\/dev6.erresse-shop.it\/#\/schema\/logo\/image\/\",\"url\":\"https:\/\/dev6.erresse-shop.it\/wp-content\/uploads\/2025\/01\/LOGO-ERRESSE-CLASSICO.svg\",\"contentUrl\":\"https:\/\/dev6.erresse-shop.it\/wp-content\/uploads\/2025\/01\/LOGO-ERRESSE-CLASSICO.svg\",\"caption\":\"Erresse Shop\"},\"image\":{\"@id\":\"https:\/\/dev6.erresse-shop.it\/#\/schema\/logo\/image\/\"}}]}<\/script>\n<!-- \/ Yoast SEO plugin. -->","yoast_head_json":{"title":"LAVAZZA 80 c\u00e1psulas Qualit\u00e0 Rossa compatible Nespresso - dev6 Erresse","description":"Imag\u00ednate degustar un caf\u00e9 en c\u00e1psula que engloba todo el estilo de vida italiano. Su aroma intenso y envolvente te atrapa desde el primer momento,","robots":{"index":"noindex","follow":"follow","max-snippet":"max-snippet:-1","max-image-preview":"max-image-preview:large","max-video-preview":"max-video-preview:-1"},"og_locale":"es_ES","og_type":"article","og_title":"LAVAZZA 80 c\u00e1psulas Qualit\u00e0 Rossa compatible Nespresso - dev6 Erresse","og_description":"Imag\u00ednate degustar un caf\u00e9 en c\u00e1psula que engloba todo el estilo de vida italiano. Su aroma intenso y envolvente te atrapa desde el primer momento,","og_url":"https:\/\/dev6.erresse-shop.it\/es\/shop\/cafe-es\/cafe-en-capsulas\/lavazza-80-capsulas-qualita-rossa-compatible-nespresso\/","og_site_name":"dev6 Erresse","og_image":[{"url":"https:\/\/interpim.erresse-shop.it\/wp-content\/uploads\/2024\/07\/LAVAZZA-80-capsule-Qualita-Rossa-compatibile-Nespresso.jpg\/lavazza-80-capsule-qualita-rossa-compatibile-nespresso.jpg","type":"","width":"","height":""},{"url":"https:\/\/interpim.erresse-shop.it\/wp-content\/uploads\/2024\/07\/LAVAZZA-80-capsule-Qualita-Rossa-compatibile-Nespresso.jpg\/lavazza-80-capsule-qualita-rossa-compatibile-nespresso.jpg","width":1024,"height":1024,"type":"image\/jpeg"}],"twitter_card":"summary_large_image","twitter_image":"https:\/\/interpim.erresse-shop.it\/wp-content\/uploads\/2024\/07\/LAVAZZA-80-capsule-Qualita-Rossa-compatibile-Nespresso.jpg\/lavazza-80-capsule-qualita-rossa-compatibile-nespresso.jpg","schema":{"@context":"https:\/\/schema.org","@graph":[{"@type":"WebPage","@id":"https:\/\/dev6.erresse-shop.it\/es\/shop\/cafe-es\/cafe-en-capsulas\/lavazza-80-capsulas-qualita-rossa-compatible-nespresso\/","url":"https:\/\/dev6.erresse-shop.it\/es\/shop\/cafe-es\/cafe-en-capsulas\/lavazza-80-capsulas-qualita-rossa-compatible-nespresso\/","name":"LAVAZZA 80 c\u00e1psulas Qualit\u00e0 Rossa compatible Nespresso - dev6 Erresse","isPartOf":{"@id":"https:\/\/dev6.erresse-shop.it\/#website"},"primaryImageOfPage":{"@id":"https:\/\/dev6.erresse-shop.it\/es\/shop\/cafe-es\/cafe-en-capsulas\/lavazza-80-capsulas-qualita-rossa-compatible-nespresso\/#primaryimage"},"image":{"@id":"https:\/\/dev6.erresse-shop.it\/es\/shop\/cafe-es\/cafe-en-capsulas\/lavazza-80-capsulas-qualita-rossa-compatible-nespresso\/#primaryimage"},"thumbnailUrl":"https:\/\/i3.wp.com\/interpim.erresse-shop.it\/wp-content\/uploads\/2024\/07\/LAVAZZA-80-capsule-Qualita-Rossa-compatibile-Nespresso.jpg\/lavazza-80-capsule-qualita-rossa-compatibile-nespresso.jpg?ssl=1","datePublished":"2026-04-12T09:27:21+00:00","description":"Imag\u00ednate degustar un caf\u00e9 en c\u00e1psula que engloba todo el estilo de vida italiano. Su aroma intenso y envolvente te atrapa desde el primer momento,","breadcrumb":{"@id":"https:\/\/dev6.erresse-shop.it\/es\/shop\/cafe-es\/cafe-en-capsulas\/lavazza-80-capsulas-qualita-rossa-compatible-nespresso\/#breadcrumb"},"inLanguage":"es","potentialAction":[{"@type":"ReadAction","target":["https:\/\/dev6.erresse-shop.it\/es\/shop\/cafe-es\/cafe-en-capsulas\/lavazza-80-capsulas-qualita-rossa-compatible-nespresso\/"]}]},{"@type":"ImageObject","inLanguage":"es","@id":"https:\/\/dev6.erresse-shop.it\/es\/shop\/cafe-es\/cafe-en-capsulas\/lavazza-80-capsulas-qualita-rossa-compatible-nespresso\/#primaryimage","url":"https:\/\/i3.wp.com\/interpim.erresse-shop.it\/wp-content\/uploads\/2024\/07\/LAVAZZA-80-capsule-Qualita-Rossa-compatibile-Nespresso.jpg\/lavazza-80-capsule-qualita-rossa-compatibile-nespresso.jpg?ssl=1","contentUrl":"https:\/\/i3.wp.com\/interpim.erresse-shop.it\/wp-content\/uploads\/2024\/07\/LAVAZZA-80-capsule-Qualita-Rossa-compatibile-Nespresso.jpg\/lavazza-80-capsule-qualita-rossa-compatibile-nespresso.jpg?ssl=1"},{"@type":"BreadcrumbList","@id":"https:\/\/dev6.erresse-shop.it\/es\/shop\/cafe-es\/cafe-en-capsulas\/lavazza-80-capsulas-qualita-rossa-compatible-nespresso\/#breadcrumb","itemListElement":[{"@type":"ListItem","position":1,"name":"Home","item":"https:\/\/dev6.erresse-shop.it\/"},{"@type":"ListItem","position":2,"name":"Tienda","item":"https:\/\/dev6.erresse-shop.it\/shop\/"},{"@type":"ListItem","position":3,"name":"LAVAZZA 80 c\u00e1psulas Qualit\u00e0 Rossa compatible Nespresso"}]},{"@type":"WebSite","@id":"https:\/\/dev6.erresse-shop.it\/#website","url":"https:\/\/dev6.erresse-shop.it\/","name":"Erresse Shop","description":"","publisher":{"@id":"https:\/\/dev6.erresse-shop.it\/#organization"},"potentialAction":[{"@type":"SearchAction","target":{"@type":"EntryPoint","urlTemplate":"https:\/\/dev6.erresse-shop.it\/?s={search_term_string}"},"query-input":{"@type":"PropertyValueSpecification","valueRequired":true,"valueName":"search_term_string"}}],"inLanguage":"es"},{"@type":"Organization","@id":"https:\/\/dev6.erresse-shop.it\/#organization","name":"Erresse Shop","url":"https:\/\/dev6.erresse-shop.it\/","logo":{"@type":"ImageObject","inLanguage":"es","@id":"https:\/\/dev6.erresse-shop.it\/#\/schema\/logo\/image\/","url":"https:\/\/dev6.erresse-shop.it\/wp-content\/uploads\/2025\/01\/LOGO-ERRESSE-CLASSICO.svg","contentUrl":"https:\/\/dev6.erresse-shop.it\/wp-content\/uploads\/2025\/01\/LOGO-ERRESSE-CLASSICO.svg","caption":"Erresse Shop"},"image":{"@id":"https:\/\/dev6.erresse-shop.it\/#\/schema\/logo\/image\/"}}]}},"df_price":"","df_sale_price":"","df_regular_price":"","df_image_link":"https:\/\/i3.wp.com\/interpim.erresse-shop.it\/wp-content\/uploads\/2024\/07\/LAVAZZA-80-capsule-Qualita-Rossa-compatibile-Nespresso.jpg\/lavazza-80-capsule-qualita-rossa-compatibile-nespresso.jpg?resize=300,300&ssl=1","fifu_image_url":"https:\/\/interpim.erresse-shop.it\/wp-content\/uploads\/2024\/07\/LAVAZZA-80-capsule-Qualita-Rossa-compatibile-Nespresso.jpg\/lavazza-80-capsule-qualita-rossa-compatibile-nespresso.jpg","_links":{"self":[{"href":"https:\/\/dev6.erresse-shop.it\/es\/wp-json\/wp\/v2\/product\/1881909","targetHints":{"allow":["GET"]}}],"collection":[{"href":"https:\/\/dev6.erresse-shop.it\/es\/wp-json\/wp\/v2\/product"}],"about":[{"href":"https:\/\/dev6.erresse-shop.it\/es\/wp-json\/wp\/v2\/types\/product"}],"wp:featuredmedia":[{"embeddable":true,"href":"https:\/\/dev6.erresse-shop.it\/es\/wp-json\/wp\/v2\/media\/6368904"}],"wp:attachment":[{"href":"https:\/\/dev6.erresse-shop.it\/es\/wp-json\/wp\/v2\/media?parent=1881909"}],"wp:term":[{"taxonomy":"product_cat","embeddable":true,"href":"https:\/\/dev6.erresse-shop.it\/es\/wp-json\/wp\/v2\/product_cat?post=1881909"},{"taxonomy":"product_tag","embeddable":true,"href":"https:\/\/dev6.erresse-shop.it\/es\/wp-json\/wp\/v2\/product_tag?post=1881909"}],"curies":[{"name":"wp","href":"https:\/\/api.w.org\/{rel}","templated":true}]}}