{"id":1881907,"date":"2026-04-12T11:27:21","date_gmt":"2026-04-12T09:27:21","guid":{"rendered":"https:\/\/dev6.erresse-shop.it\/shop\/sin%20categor\u00eda\/borbone-100-capsulas-respresso-azul\/"},"modified":"2025-07-04T23:55:52","modified_gmt":"2025-07-04T21:55:52","slug":"borbone-100-capsulas-respresso-azul","status":"publish","type":"product","link":"https:\/\/dev6.erresse-shop.it\/es\/shop\/cafe-es\/cafe-en-capsulas\/borbone-100-capsulas-respresso-azul\/","title":{"rendered":"BORBONE 100 C\u00e1psulas REspresso Azul"},"content":{"rendered":"<p>100 c\u00e1psulas Caff\u00e8 Borbone Respresso BLUE blend, compatibles con las m\u00e1quinas dom\u00e9sticas Nespresso.<\/p>\n<p>S\u00f3lo con las c\u00e1psulas Respresso Blue blend compatibles podr\u00e1 disfrutar de un caf\u00e9 que expresa el equilibrio perfecto entre cuerpo, persistencia y dulzura.<br \/>\nTan noble como las mejores mezclas que le dieron origen, tan vigoroso como el sabor y la carga del espresso m\u00e1s aut\u00e9ntico: imposible no enamorarse de \u00e9l al primer sorbo.<\/p>\n<p>Detalles del producto<\/p>\n<p>Caf\u00e9 tostado y molido<br \/>\nEnvasado en atm\u00f3sfera protectora<br \/>\nMezcla equilibrada de Ar\u00e1bica y Robusta.<\/p>\n<p>\u00a0<\/p>\n<p>*Nespresso\u00ae y *Nescaf\u00e9\u00ae *Dolce Gusto\u00ae son marcas registradas de Societ\u00e8 des Produits Nestl\u00e8\u00ae S.A. Caff\u00e8 Borbone Srl es un fabricante independiente no relacionado con Societ\u00e8 des Produits Nestl\u00e8\u00ae S.A. La compatibilidad de las c\u00e1psulas Caff\u00e8 Borbone es para su uso con las cafeteras dom\u00e9sticas Nespresso\u00ae \u2013 Nescaf\u00e9\u00ae Dolce Gusto\u00ae.<\/p>\n","protected":false},"excerpt":{"rendered":"<p>100 c\u00e1psulas Caff\u00e8 Borbone Respresso BLUE blend, compatibles con las m\u00e1quinas dom\u00e9sticas Nespresso. S\u00f3lo con las c\u00e1psulas Respresso Blue blend compatibles podr\u00e1 disfrutar de un caf\u00e9 que expresa el equilibrio perfecto entre cuerpo, persistencia y dulzura. Tan noble como las mejores mezclas que le dieron origen, tan vigoroso como el sabor y la carga del [&hellip;]<\/p>\n","protected":false},"featured_media":6368901,"template":"","meta":{"_acf_changed":false},"product_cat":[11931],"product_tag":[],"class_list":{"0":"post-1881907","1":"product","2":"type-product","3":"status-publish","4":"has-post-thumbnail","6":"product_cat-cafe-en-capsulas","8":"first","9":"instock","10":"taxable","11":"shipping-taxable","12":"product-type-simple","swatches":"rey-swatches","show_selected":"","stretch_labels":"rey-swatches--stretch-labels"},"acf":[],"yoast_head":"<!-- This site is optimized with the Yoast SEO plugin v25.4 - https:\/\/yoast.com\/wordpress\/plugins\/seo\/ -->\n<title>BORBONE 100 C\u00e1psulas REspresso Azul - dev6 Erresse<\/title>\n<meta name=\"description\" content=\"100 c\u00e1psulas Caff\u00e8 Borbone Respresso BLUE blend, compatibles con las m\u00e1quinas dom\u00e9sticas Nespresso. S\u00f3lo con las c\u00e1psulas Respresso Blue blend compatibles\" \/>\n<meta name=\"robots\" content=\"noindex, follow, max-snippet:-1, max-image-preview:large, max-video-preview:-1\" \/>\n<meta property=\"og:locale\" content=\"es_ES\" \/>\n<meta property=\"og:type\" content=\"article\" \/>\n<meta property=\"og:title\" content=\"BORBONE 100 C\u00e1psulas REspresso Azul - dev6 Erresse\" \/>\n<meta property=\"og:description\" content=\"100 c\u00e1psulas Caff\u00e8 Borbone Respresso BLUE blend, compatibles con las m\u00e1quinas dom\u00e9sticas Nespresso. S\u00f3lo con las c\u00e1psulas Respresso Blue blend compatibles\" \/>\n<meta property=\"og:url\" content=\"https:\/\/dev6.erresse-shop.it\/es\/shop\/cafe-es\/cafe-en-capsulas\/borbone-100-capsulas-respresso-azul\/\" \/>\n<meta property=\"og:site_name\" content=\"dev6 Erresse\" \/>\n<meta property=\"og:image\" content=\"https:\/\/interpim.erresse-shop.it\/Import\/Prodotti\/borbone-100-capsule-respresso-blu.jpg\" \/><meta property=\"og:image\" content=\"https:\/\/interpim.erresse-shop.it\/Import\/Prodotti\/borbone-100-capsule-respresso-blu.jpg\" \/>\n\t<meta property=\"og:image:width\" content=\"1024\" \/>\n\t<meta property=\"og:image:height\" content=\"1024\" \/>\n\t<meta property=\"og:image:type\" content=\"image\/jpeg\" \/>\n<meta name=\"twitter:card\" content=\"summary_large_image\" \/>\n<meta name=\"twitter:image\" content=\"https:\/\/interpim.erresse-shop.it\/Import\/Prodotti\/borbone-100-capsule-respresso-blu.jpg\" \/>\n<script type=\"application\/ld+json\" class=\"yoast-schema-graph\">{\"@context\":\"https:\/\/schema.org\",\"@graph\":[{\"@type\":\"WebPage\",\"@id\":\"https:\/\/dev6.erresse-shop.it\/es\/shop\/cafe-es\/cafe-en-capsulas\/borbone-100-capsulas-respresso-azul\/\",\"url\":\"https:\/\/dev6.erresse-shop.it\/es\/shop\/cafe-es\/cafe-en-capsulas\/borbone-100-capsulas-respresso-azul\/\",\"name\":\"BORBONE 100 C\u00e1psulas REspresso Azul - dev6 Erresse\",\"isPartOf\":{\"@id\":\"https:\/\/dev6.erresse-shop.it\/#website\"},\"primaryImageOfPage\":{\"@id\":\"https:\/\/dev6.erresse-shop.it\/es\/shop\/cafe-es\/cafe-en-capsulas\/borbone-100-capsulas-respresso-azul\/#primaryimage\"},\"image\":{\"@id\":\"https:\/\/dev6.erresse-shop.it\/es\/shop\/cafe-es\/cafe-en-capsulas\/borbone-100-capsulas-respresso-azul\/#primaryimage\"},\"thumbnailUrl\":\"https:\/\/i2.wp.com\/interpim.erresse-shop.it\/Import\/Prodotti\/borbone-100-capsule-respresso-blu.jpg?ssl=1\",\"datePublished\":\"2026-04-12T09:27:21+00:00\",\"description\":\"100 c\u00e1psulas Caff\u00e8 Borbone Respresso BLUE blend, compatibles con las m\u00e1quinas dom\u00e9sticas Nespresso. S\u00f3lo con las c\u00e1psulas Respresso Blue blend compatibles\",\"breadcrumb\":{\"@id\":\"https:\/\/dev6.erresse-shop.it\/es\/shop\/cafe-es\/cafe-en-capsulas\/borbone-100-capsulas-respresso-azul\/#breadcrumb\"},\"inLanguage\":\"es\",\"potentialAction\":[{\"@type\":\"ReadAction\",\"target\":[\"https:\/\/dev6.erresse-shop.it\/es\/shop\/cafe-es\/cafe-en-capsulas\/borbone-100-capsulas-respresso-azul\/\"]}]},{\"@type\":\"ImageObject\",\"inLanguage\":\"es\",\"@id\":\"https:\/\/dev6.erresse-shop.it\/es\/shop\/cafe-es\/cafe-en-capsulas\/borbone-100-capsulas-respresso-azul\/#primaryimage\",\"url\":\"https:\/\/i2.wp.com\/interpim.erresse-shop.it\/Import\/Prodotti\/borbone-100-capsule-respresso-blu.jpg?ssl=1\",\"contentUrl\":\"https:\/\/i2.wp.com\/interpim.erresse-shop.it\/Import\/Prodotti\/borbone-100-capsule-respresso-blu.jpg?ssl=1\"},{\"@type\":\"BreadcrumbList\",\"@id\":\"https:\/\/dev6.erresse-shop.it\/es\/shop\/cafe-es\/cafe-en-capsulas\/borbone-100-capsulas-respresso-azul\/#breadcrumb\",\"itemListElement\":[{\"@type\":\"ListItem\",\"position\":1,\"name\":\"Home\",\"item\":\"https:\/\/dev6.erresse-shop.it\/\"},{\"@type\":\"ListItem\",\"position\":2,\"name\":\"Tienda\",\"item\":\"https:\/\/dev6.erresse-shop.it\/shop\/\"},{\"@type\":\"ListItem\",\"position\":3,\"name\":\"BORBONE 100 C\u00e1psulas REspresso Azul\"}]},{\"@type\":\"WebSite\",\"@id\":\"https:\/\/dev6.erresse-shop.it\/#website\",\"url\":\"https:\/\/dev6.erresse-shop.it\/\",\"name\":\"Erresse Shop\",\"description\":\"\",\"publisher\":{\"@id\":\"https:\/\/dev6.erresse-shop.it\/#organization\"},\"potentialAction\":[{\"@type\":\"SearchAction\",\"target\":{\"@type\":\"EntryPoint\",\"urlTemplate\":\"https:\/\/dev6.erresse-shop.it\/?s={search_term_string}\"},\"query-input\":{\"@type\":\"PropertyValueSpecification\",\"valueRequired\":true,\"valueName\":\"search_term_string\"}}],\"inLanguage\":\"es\"},{\"@type\":\"Organization\",\"@id\":\"https:\/\/dev6.erresse-shop.it\/#organization\",\"name\":\"Erresse Shop\",\"url\":\"https:\/\/dev6.erresse-shop.it\/\",\"logo\":{\"@type\":\"ImageObject\",\"inLanguage\":\"es\",\"@id\":\"https:\/\/dev6.erresse-shop.it\/#\/schema\/logo\/image\/\",\"url\":\"https:\/\/dev6.erresse-shop.it\/wp-content\/uploads\/2025\/01\/LOGO-ERRESSE-CLASSICO.svg\",\"contentUrl\":\"https:\/\/dev6.erresse-shop.it\/wp-content\/uploads\/2025\/01\/LOGO-ERRESSE-CLASSICO.svg\",\"caption\":\"Erresse Shop\"},\"image\":{\"@id\":\"https:\/\/dev6.erresse-shop.it\/#\/schema\/logo\/image\/\"}}]}<\/script>\n<!-- \/ Yoast SEO plugin. -->","yoast_head_json":{"title":"BORBONE 100 C\u00e1psulas REspresso Azul - dev6 Erresse","description":"100 c\u00e1psulas Caff\u00e8 Borbone Respresso BLUE blend, compatibles con las m\u00e1quinas dom\u00e9sticas Nespresso. S\u00f3lo con las c\u00e1psulas Respresso Blue blend compatibles","robots":{"index":"noindex","follow":"follow","max-snippet":"max-snippet:-1","max-image-preview":"max-image-preview:large","max-video-preview":"max-video-preview:-1"},"og_locale":"es_ES","og_type":"article","og_title":"BORBONE 100 C\u00e1psulas REspresso Azul - dev6 Erresse","og_description":"100 c\u00e1psulas Caff\u00e8 Borbone Respresso BLUE blend, compatibles con las m\u00e1quinas dom\u00e9sticas Nespresso. S\u00f3lo con las c\u00e1psulas Respresso Blue blend compatibles","og_url":"https:\/\/dev6.erresse-shop.it\/es\/shop\/cafe-es\/cafe-en-capsulas\/borbone-100-capsulas-respresso-azul\/","og_site_name":"dev6 Erresse","og_image":[{"url":"https:\/\/interpim.erresse-shop.it\/Import\/Prodotti\/borbone-100-capsule-respresso-blu.jpg","type":"","width":"","height":""},{"url":"https:\/\/interpim.erresse-shop.it\/Import\/Prodotti\/borbone-100-capsule-respresso-blu.jpg","width":1024,"height":1024,"type":"image\/jpeg"}],"twitter_card":"summary_large_image","twitter_image":"https:\/\/interpim.erresse-shop.it\/Import\/Prodotti\/borbone-100-capsule-respresso-blu.jpg","schema":{"@context":"https:\/\/schema.org","@graph":[{"@type":"WebPage","@id":"https:\/\/dev6.erresse-shop.it\/es\/shop\/cafe-es\/cafe-en-capsulas\/borbone-100-capsulas-respresso-azul\/","url":"https:\/\/dev6.erresse-shop.it\/es\/shop\/cafe-es\/cafe-en-capsulas\/borbone-100-capsulas-respresso-azul\/","name":"BORBONE 100 C\u00e1psulas REspresso Azul - dev6 Erresse","isPartOf":{"@id":"https:\/\/dev6.erresse-shop.it\/#website"},"primaryImageOfPage":{"@id":"https:\/\/dev6.erresse-shop.it\/es\/shop\/cafe-es\/cafe-en-capsulas\/borbone-100-capsulas-respresso-azul\/#primaryimage"},"image":{"@id":"https:\/\/dev6.erresse-shop.it\/es\/shop\/cafe-es\/cafe-en-capsulas\/borbone-100-capsulas-respresso-azul\/#primaryimage"},"thumbnailUrl":"https:\/\/i2.wp.com\/interpim.erresse-shop.it\/Import\/Prodotti\/borbone-100-capsule-respresso-blu.jpg?ssl=1","datePublished":"2026-04-12T09:27:21+00:00","description":"100 c\u00e1psulas Caff\u00e8 Borbone Respresso BLUE blend, compatibles con las m\u00e1quinas dom\u00e9sticas Nespresso. S\u00f3lo con las c\u00e1psulas Respresso Blue blend compatibles","breadcrumb":{"@id":"https:\/\/dev6.erresse-shop.it\/es\/shop\/cafe-es\/cafe-en-capsulas\/borbone-100-capsulas-respresso-azul\/#breadcrumb"},"inLanguage":"es","potentialAction":[{"@type":"ReadAction","target":["https:\/\/dev6.erresse-shop.it\/es\/shop\/cafe-es\/cafe-en-capsulas\/borbone-100-capsulas-respresso-azul\/"]}]},{"@type":"ImageObject","inLanguage":"es","@id":"https:\/\/dev6.erresse-shop.it\/es\/shop\/cafe-es\/cafe-en-capsulas\/borbone-100-capsulas-respresso-azul\/#primaryimage","url":"https:\/\/i2.wp.com\/interpim.erresse-shop.it\/Import\/Prodotti\/borbone-100-capsule-respresso-blu.jpg?ssl=1","contentUrl":"https:\/\/i2.wp.com\/interpim.erresse-shop.it\/Import\/Prodotti\/borbone-100-capsule-respresso-blu.jpg?ssl=1"},{"@type":"BreadcrumbList","@id":"https:\/\/dev6.erresse-shop.it\/es\/shop\/cafe-es\/cafe-en-capsulas\/borbone-100-capsulas-respresso-azul\/#breadcrumb","itemListElement":[{"@type":"ListItem","position":1,"name":"Home","item":"https:\/\/dev6.erresse-shop.it\/"},{"@type":"ListItem","position":2,"name":"Tienda","item":"https:\/\/dev6.erresse-shop.it\/shop\/"},{"@type":"ListItem","position":3,"name":"BORBONE 100 C\u00e1psulas REspresso Azul"}]},{"@type":"WebSite","@id":"https:\/\/dev6.erresse-shop.it\/#website","url":"https:\/\/dev6.erresse-shop.it\/","name":"Erresse Shop","description":"","publisher":{"@id":"https:\/\/dev6.erresse-shop.it\/#organization"},"potentialAction":[{"@type":"SearchAction","target":{"@type":"EntryPoint","urlTemplate":"https:\/\/dev6.erresse-shop.it\/?s={search_term_string}"},"query-input":{"@type":"PropertyValueSpecification","valueRequired":true,"valueName":"search_term_string"}}],"inLanguage":"es"},{"@type":"Organization","@id":"https:\/\/dev6.erresse-shop.it\/#organization","name":"Erresse Shop","url":"https:\/\/dev6.erresse-shop.it\/","logo":{"@type":"ImageObject","inLanguage":"es","@id":"https:\/\/dev6.erresse-shop.it\/#\/schema\/logo\/image\/","url":"https:\/\/dev6.erresse-shop.it\/wp-content\/uploads\/2025\/01\/LOGO-ERRESSE-CLASSICO.svg","contentUrl":"https:\/\/dev6.erresse-shop.it\/wp-content\/uploads\/2025\/01\/LOGO-ERRESSE-CLASSICO.svg","caption":"Erresse Shop"},"image":{"@id":"https:\/\/dev6.erresse-shop.it\/#\/schema\/logo\/image\/"}}]}},"df_price":"","df_sale_price":"","df_regular_price":"","df_image_link":"https:\/\/i2.wp.com\/interpim.erresse-shop.it\/Import\/Prodotti\/borbone-100-capsule-respresso-blu.jpg?resize=300,300&ssl=1","fifu_image_url":"https:\/\/interpim.erresse-shop.it\/Import\/Prodotti\/borbone-100-capsule-respresso-blu.jpg","_links":{"self":[{"href":"https:\/\/dev6.erresse-shop.it\/es\/wp-json\/wp\/v2\/product\/1881907","targetHints":{"allow":["GET"]}}],"collection":[{"href":"https:\/\/dev6.erresse-shop.it\/es\/wp-json\/wp\/v2\/product"}],"about":[{"href":"https:\/\/dev6.erresse-shop.it\/es\/wp-json\/wp\/v2\/types\/product"}],"wp:featuredmedia":[{"embeddable":true,"href":"https:\/\/dev6.erresse-shop.it\/es\/wp-json\/wp\/v2\/media\/6368901"}],"wp:attachment":[{"href":"https:\/\/dev6.erresse-shop.it\/es\/wp-json\/wp\/v2\/media?parent=1881907"}],"wp:term":[{"taxonomy":"product_cat","embeddable":true,"href":"https:\/\/dev6.erresse-shop.it\/es\/wp-json\/wp\/v2\/product_cat?post=1881907"},{"taxonomy":"product_tag","embeddable":true,"href":"https:\/\/dev6.erresse-shop.it\/es\/wp-json\/wp\/v2\/product_tag?post=1881907"}],"curies":[{"name":"wp","href":"https:\/\/api.w.org\/{rel}","templated":true}]}}