{"id":1881893,"date":"2026-04-04T11:22:37","date_gmt":"2026-04-04T09:22:37","guid":{"rendered":"https:\/\/dev6.erresse-shop.it\/shop\/sin%20categor\u00eda\/guzzini-fusion-cuberteria-24-piezas-azul-mediterraneo\/"},"modified":"2025-09-14T09:22:02","modified_gmt":"2025-09-14T07:22:02","slug":"guzzini-fusion-cuberteria-24-piezas-azul-mediterraneo","status":"publish","type":"product","link":"https:\/\/dev6.erresse-shop.it\/es\/shop\/tabla\/cubiertos\/guzzini-fusion-cuberteria-24-piezas-azul-mediterraneo\/","title":{"rendered":"GUZZINI Fusion Cuberter\u00eda 24 piezas Azul Mediterr\u00e1neo"},"content":{"rendered":"<p>La cuberter\u00eda de acero con mango de pl\u00e1stico decorado \u201dFusion\u201d ofrece una original combinaci\u00f3n de colores y estilos.<\/p>\n<p>Acero inoxidable de alta calidad<br \/>\nMango ergon\u00f3mico de pl\u00e1stico decorado para un agarre f\u00e1cil y seguro<br \/>\nF\u00e1cil de limpiar, apto para lavavajillas<br \/>\n6 cubiertos: 6 tenedores, 6 cucharas, 6 cuchillos<\/p>\n<p>Material: Acero inoxidable<\/p>\n","protected":false},"excerpt":{"rendered":"<p>La cuberter\u00eda de acero con mango de pl\u00e1stico decorado \u201dFusion\u201d ofrece una original combinaci\u00f3n de colores y estilos. Acero inoxidable de alta calidad Mango ergon\u00f3mico de pl\u00e1stico decorado para un agarre f\u00e1cil y seguro F\u00e1cil de limpiar, apto para lavavajillas 6 cubiertos: 6 tenedores, 6 cucharas, 6 cuchillos Material: Acero inoxidable<\/p>\n","protected":false},"featured_media":6285612,"template":"","meta":{"_acf_changed":false},"product_cat":[11888,11887,11671],"product_tag":[],"class_list":{"0":"post-1881893","1":"product","2":"type-product","3":"status-publish","4":"has-post-thumbnail","6":"product_cat-cubiertos","7":"product_cat-tabla","8":"product_cat-tavola","10":"first","11":"instock","12":"sale","13":"taxable","14":"shipping-taxable","15":"purchasable","16":"product-type-simple","swatches":"rey-swatches","show_selected":"","stretch_labels":"rey-swatches--stretch-labels"},"acf":[],"yoast_head":"<!-- This site is optimized with the Yoast SEO plugin v25.4 - https:\/\/yoast.com\/wordpress\/plugins\/seo\/ -->\n<title>GUZZINI Fusion Cuberter\u00eda 24 piezas Azul Mediterr\u00e1neo - dev6 Erresse<\/title>\n<meta name=\"description\" content=\"La cuberter\u00eda de acero con mango de pl\u00e1stico decorado \u201dFusion\u201d ofrece una original combinaci\u00f3n de colores y estilos. Acero inoxidable de alta calidad\" \/>\n<meta name=\"robots\" content=\"noindex, follow, max-snippet:-1, max-image-preview:large, max-video-preview:-1\" \/>\n<meta property=\"og:locale\" content=\"es_ES\" \/>\n<meta property=\"og:type\" content=\"article\" \/>\n<meta property=\"og:title\" content=\"GUZZINI Fusion Cuberter\u00eda 24 piezas Azul Mediterr\u00e1neo - dev6 Erresse\" \/>\n<meta property=\"og:description\" content=\"La cuberter\u00eda de acero con mango de pl\u00e1stico decorado \u201dFusion\u201d ofrece una original combinaci\u00f3n de colores y estilos. Acero inoxidable de alta calidad\" \/>\n<meta property=\"og:url\" content=\"https:\/\/dev6.erresse-shop.it\/es\/shop\/tabla\/cubiertos\/guzzini-fusion-cuberteria-24-piezas-azul-mediterraneo\/\" \/>\n<meta property=\"og:site_name\" content=\"dev6 Erresse\" \/>\n<meta property=\"og:image\" content=\"https:\/\/interpim.erresse-shop.it\/Import\/Prodotti\/guzzini-fusion-set-posate-24-pezzi-blu-mediterraneo.jpg\" \/><meta property=\"og:image\" content=\"https:\/\/interpim.erresse-shop.it\/Import\/Prodotti\/guzzini-fusion-set-posate-24-pezzi-blu-mediterraneo.jpg\" \/>\n\t<meta property=\"og:image:width\" content=\"1024\" \/>\n\t<meta property=\"og:image:height\" content=\"1024\" \/>\n\t<meta property=\"og:image:type\" content=\"image\/jpeg\" \/>\n<meta name=\"twitter:card\" content=\"summary_large_image\" \/>\n<meta name=\"twitter:image\" content=\"https:\/\/interpim.erresse-shop.it\/Import\/Prodotti\/guzzini-fusion-set-posate-24-pezzi-blu-mediterraneo.jpg\" \/>\n<script type=\"application\/ld+json\" class=\"yoast-schema-graph\">{\"@context\":\"https:\/\/schema.org\",\"@graph\":[{\"@type\":\"WebPage\",\"@id\":\"https:\/\/dev6.erresse-shop.it\/es\/shop\/tabla\/cubiertos\/guzzini-fusion-cuberteria-24-piezas-azul-mediterraneo\/\",\"url\":\"https:\/\/dev6.erresse-shop.it\/es\/shop\/tabla\/cubiertos\/guzzini-fusion-cuberteria-24-piezas-azul-mediterraneo\/\",\"name\":\"GUZZINI Fusion Cuberter\u00eda 24 piezas Azul Mediterr\u00e1neo - dev6 Erresse\",\"isPartOf\":{\"@id\":\"https:\/\/dev6.erresse-shop.it\/#website\"},\"primaryImageOfPage\":{\"@id\":\"https:\/\/dev6.erresse-shop.it\/es\/shop\/tabla\/cubiertos\/guzzini-fusion-cuberteria-24-piezas-azul-mediterraneo\/#primaryimage\"},\"image\":{\"@id\":\"https:\/\/dev6.erresse-shop.it\/es\/shop\/tabla\/cubiertos\/guzzini-fusion-cuberteria-24-piezas-azul-mediterraneo\/#primaryimage\"},\"thumbnailUrl\":\"https:\/\/i1.wp.com\/interpim.erresse-shop.it\/Import\/Prodotti\/guzzini-fusion-set-posate-24-pezzi-blu-mediterraneo.jpg?ssl=1\",\"datePublished\":\"2026-04-04T09:22:37+00:00\",\"description\":\"La cuberter\u00eda de acero con mango de pl\u00e1stico decorado \u201dFusion\u201d ofrece una original combinaci\u00f3n de colores y estilos. Acero inoxidable de alta calidad\",\"breadcrumb\":{\"@id\":\"https:\/\/dev6.erresse-shop.it\/es\/shop\/tabla\/cubiertos\/guzzini-fusion-cuberteria-24-piezas-azul-mediterraneo\/#breadcrumb\"},\"inLanguage\":\"es\",\"potentialAction\":[{\"@type\":\"ReadAction\",\"target\":[\"https:\/\/dev6.erresse-shop.it\/es\/shop\/tabla\/cubiertos\/guzzini-fusion-cuberteria-24-piezas-azul-mediterraneo\/\"]}]},{\"@type\":\"ImageObject\",\"inLanguage\":\"es\",\"@id\":\"https:\/\/dev6.erresse-shop.it\/es\/shop\/tabla\/cubiertos\/guzzini-fusion-cuberteria-24-piezas-azul-mediterraneo\/#primaryimage\",\"url\":\"https:\/\/i1.wp.com\/interpim.erresse-shop.it\/Import\/Prodotti\/guzzini-fusion-set-posate-24-pezzi-blu-mediterraneo.jpg?ssl=1\",\"contentUrl\":\"https:\/\/i1.wp.com\/interpim.erresse-shop.it\/Import\/Prodotti\/guzzini-fusion-set-posate-24-pezzi-blu-mediterraneo.jpg?ssl=1\"},{\"@type\":\"BreadcrumbList\",\"@id\":\"https:\/\/dev6.erresse-shop.it\/es\/shop\/tabla\/cubiertos\/guzzini-fusion-cuberteria-24-piezas-azul-mediterraneo\/#breadcrumb\",\"itemListElement\":[{\"@type\":\"ListItem\",\"position\":1,\"name\":\"Home\",\"item\":\"https:\/\/dev6.erresse-shop.it\/\"},{\"@type\":\"ListItem\",\"position\":2,\"name\":\"Tienda\",\"item\":\"https:\/\/dev6.erresse-shop.it\/shop\/\"},{\"@type\":\"ListItem\",\"position\":3,\"name\":\"GUZZINI Fusion Cuberter\u00eda 24 piezas Azul Mediterr\u00e1neo\"}]},{\"@type\":\"WebSite\",\"@id\":\"https:\/\/dev6.erresse-shop.it\/#website\",\"url\":\"https:\/\/dev6.erresse-shop.it\/\",\"name\":\"Erresse Shop\",\"description\":\"\",\"publisher\":{\"@id\":\"https:\/\/dev6.erresse-shop.it\/#organization\"},\"potentialAction\":[{\"@type\":\"SearchAction\",\"target\":{\"@type\":\"EntryPoint\",\"urlTemplate\":\"https:\/\/dev6.erresse-shop.it\/?s={search_term_string}\"},\"query-input\":{\"@type\":\"PropertyValueSpecification\",\"valueRequired\":true,\"valueName\":\"search_term_string\"}}],\"inLanguage\":\"es\"},{\"@type\":\"Organization\",\"@id\":\"https:\/\/dev6.erresse-shop.it\/#organization\",\"name\":\"Erresse Shop\",\"url\":\"https:\/\/dev6.erresse-shop.it\/\",\"logo\":{\"@type\":\"ImageObject\",\"inLanguage\":\"es\",\"@id\":\"https:\/\/dev6.erresse-shop.it\/#\/schema\/logo\/image\/\",\"url\":\"https:\/\/dev6.erresse-shop.it\/wp-content\/uploads\/2025\/01\/LOGO-ERRESSE-CLASSICO.svg\",\"contentUrl\":\"https:\/\/dev6.erresse-shop.it\/wp-content\/uploads\/2025\/01\/LOGO-ERRESSE-CLASSICO.svg\",\"caption\":\"Erresse Shop\"},\"image\":{\"@id\":\"https:\/\/dev6.erresse-shop.it\/#\/schema\/logo\/image\/\"}}]}<\/script>\n<!-- \/ Yoast SEO plugin. -->","yoast_head_json":{"title":"GUZZINI Fusion Cuberter\u00eda 24 piezas Azul Mediterr\u00e1neo - dev6 Erresse","description":"La cuberter\u00eda de acero con mango de pl\u00e1stico decorado \u201dFusion\u201d ofrece una original combinaci\u00f3n de colores y estilos. Acero inoxidable de alta calidad","robots":{"index":"noindex","follow":"follow","max-snippet":"max-snippet:-1","max-image-preview":"max-image-preview:large","max-video-preview":"max-video-preview:-1"},"og_locale":"es_ES","og_type":"article","og_title":"GUZZINI Fusion Cuberter\u00eda 24 piezas Azul Mediterr\u00e1neo - dev6 Erresse","og_description":"La cuberter\u00eda de acero con mango de pl\u00e1stico decorado \u201dFusion\u201d ofrece una original combinaci\u00f3n de colores y estilos. Acero inoxidable de alta calidad","og_url":"https:\/\/dev6.erresse-shop.it\/es\/shop\/tabla\/cubiertos\/guzzini-fusion-cuberteria-24-piezas-azul-mediterraneo\/","og_site_name":"dev6 Erresse","og_image":[{"url":"https:\/\/interpim.erresse-shop.it\/Import\/Prodotti\/guzzini-fusion-set-posate-24-pezzi-blu-mediterraneo.jpg","type":"","width":"","height":""},{"url":"https:\/\/interpim.erresse-shop.it\/Import\/Prodotti\/guzzini-fusion-set-posate-24-pezzi-blu-mediterraneo.jpg","width":1024,"height":1024,"type":"image\/jpeg"}],"twitter_card":"summary_large_image","twitter_image":"https:\/\/interpim.erresse-shop.it\/Import\/Prodotti\/guzzini-fusion-set-posate-24-pezzi-blu-mediterraneo.jpg","schema":{"@context":"https:\/\/schema.org","@graph":[{"@type":"WebPage","@id":"https:\/\/dev6.erresse-shop.it\/es\/shop\/tabla\/cubiertos\/guzzini-fusion-cuberteria-24-piezas-azul-mediterraneo\/","url":"https:\/\/dev6.erresse-shop.it\/es\/shop\/tabla\/cubiertos\/guzzini-fusion-cuberteria-24-piezas-azul-mediterraneo\/","name":"GUZZINI Fusion Cuberter\u00eda 24 piezas Azul Mediterr\u00e1neo - dev6 Erresse","isPartOf":{"@id":"https:\/\/dev6.erresse-shop.it\/#website"},"primaryImageOfPage":{"@id":"https:\/\/dev6.erresse-shop.it\/es\/shop\/tabla\/cubiertos\/guzzini-fusion-cuberteria-24-piezas-azul-mediterraneo\/#primaryimage"},"image":{"@id":"https:\/\/dev6.erresse-shop.it\/es\/shop\/tabla\/cubiertos\/guzzini-fusion-cuberteria-24-piezas-azul-mediterraneo\/#primaryimage"},"thumbnailUrl":"https:\/\/i1.wp.com\/interpim.erresse-shop.it\/Import\/Prodotti\/guzzini-fusion-set-posate-24-pezzi-blu-mediterraneo.jpg?ssl=1","datePublished":"2026-04-04T09:22:37+00:00","description":"La cuberter\u00eda de acero con mango de pl\u00e1stico decorado \u201dFusion\u201d ofrece una original combinaci\u00f3n de colores y estilos. Acero inoxidable de alta calidad","breadcrumb":{"@id":"https:\/\/dev6.erresse-shop.it\/es\/shop\/tabla\/cubiertos\/guzzini-fusion-cuberteria-24-piezas-azul-mediterraneo\/#breadcrumb"},"inLanguage":"es","potentialAction":[{"@type":"ReadAction","target":["https:\/\/dev6.erresse-shop.it\/es\/shop\/tabla\/cubiertos\/guzzini-fusion-cuberteria-24-piezas-azul-mediterraneo\/"]}]},{"@type":"ImageObject","inLanguage":"es","@id":"https:\/\/dev6.erresse-shop.it\/es\/shop\/tabla\/cubiertos\/guzzini-fusion-cuberteria-24-piezas-azul-mediterraneo\/#primaryimage","url":"https:\/\/i1.wp.com\/interpim.erresse-shop.it\/Import\/Prodotti\/guzzini-fusion-set-posate-24-pezzi-blu-mediterraneo.jpg?ssl=1","contentUrl":"https:\/\/i1.wp.com\/interpim.erresse-shop.it\/Import\/Prodotti\/guzzini-fusion-set-posate-24-pezzi-blu-mediterraneo.jpg?ssl=1"},{"@type":"BreadcrumbList","@id":"https:\/\/dev6.erresse-shop.it\/es\/shop\/tabla\/cubiertos\/guzzini-fusion-cuberteria-24-piezas-azul-mediterraneo\/#breadcrumb","itemListElement":[{"@type":"ListItem","position":1,"name":"Home","item":"https:\/\/dev6.erresse-shop.it\/"},{"@type":"ListItem","position":2,"name":"Tienda","item":"https:\/\/dev6.erresse-shop.it\/shop\/"},{"@type":"ListItem","position":3,"name":"GUZZINI Fusion Cuberter\u00eda 24 piezas Azul Mediterr\u00e1neo"}]},{"@type":"WebSite","@id":"https:\/\/dev6.erresse-shop.it\/#website","url":"https:\/\/dev6.erresse-shop.it\/","name":"Erresse Shop","description":"","publisher":{"@id":"https:\/\/dev6.erresse-shop.it\/#organization"},"potentialAction":[{"@type":"SearchAction","target":{"@type":"EntryPoint","urlTemplate":"https:\/\/dev6.erresse-shop.it\/?s={search_term_string}"},"query-input":{"@type":"PropertyValueSpecification","valueRequired":true,"valueName":"search_term_string"}}],"inLanguage":"es"},{"@type":"Organization","@id":"https:\/\/dev6.erresse-shop.it\/#organization","name":"Erresse Shop","url":"https:\/\/dev6.erresse-shop.it\/","logo":{"@type":"ImageObject","inLanguage":"es","@id":"https:\/\/dev6.erresse-shop.it\/#\/schema\/logo\/image\/","url":"https:\/\/dev6.erresse-shop.it\/wp-content\/uploads\/2025\/01\/LOGO-ERRESSE-CLASSICO.svg","contentUrl":"https:\/\/dev6.erresse-shop.it\/wp-content\/uploads\/2025\/01\/LOGO-ERRESSE-CLASSICO.svg","caption":"Erresse Shop"},"image":{"@id":"https:\/\/dev6.erresse-shop.it\/#\/schema\/logo\/image\/"}}]}},"df_price":64.95,"df_sale_price":64.95,"df_regular_price":79.9,"df_image_link":"https:\/\/i1.wp.com\/interpim.erresse-shop.it\/Import\/Prodotti\/guzzini-fusion-set-posate-24-pezzi-blu-mediterraneo.jpg?resize=300,300&ssl=1","fifu_image_url":"https:\/\/interpim.erresse-shop.it\/Import\/Prodotti\/guzzini-fusion-set-posate-24-pezzi-blu-mediterraneo.jpg","_links":{"self":[{"href":"https:\/\/dev6.erresse-shop.it\/es\/wp-json\/wp\/v2\/product\/1881893","targetHints":{"allow":["GET"]}}],"collection":[{"href":"https:\/\/dev6.erresse-shop.it\/es\/wp-json\/wp\/v2\/product"}],"about":[{"href":"https:\/\/dev6.erresse-shop.it\/es\/wp-json\/wp\/v2\/types\/product"}],"wp:featuredmedia":[{"embeddable":true,"href":"https:\/\/dev6.erresse-shop.it\/es\/wp-json\/wp\/v2\/media\/6285612"}],"wp:attachment":[{"href":"https:\/\/dev6.erresse-shop.it\/es\/wp-json\/wp\/v2\/media?parent=1881893"}],"wp:term":[{"taxonomy":"product_cat","embeddable":true,"href":"https:\/\/dev6.erresse-shop.it\/es\/wp-json\/wp\/v2\/product_cat?post=1881893"},{"taxonomy":"product_tag","embeddable":true,"href":"https:\/\/dev6.erresse-shop.it\/es\/wp-json\/wp\/v2\/product_tag?post=1881893"}],"curies":[{"name":"wp","href":"https:\/\/api.w.org\/{rel}","templated":true}]}}